{"id":3167,"date":"2024-12-23T10:13:50","date_gmt":"2024-12-23T10:13:50","guid":{"rendered":"https:\/\/alfequipment.com\/product\/fr900-horizontal-and-vertical-continuous-band-sealer-bag-sealing-machine-with-date-steel-printing-printer\/"},"modified":"2025-01-13T15:00:39","modified_gmt":"2025-01-13T15:00:39","slug":"fr900-horizontal-y-vertical-de-banda-continua-maquina-de-sellado-de-bolsas-con-la-fecha-de-acero-de-impresion-de-la-impresora","status":"publish","type":"product","link":"https:\/\/alfequipment.com\/es\/product\/fr900-horizontal-y-vertical-de-banda-continua-maquina-de-sellado-de-bolsas-con-la-fecha-de-acero-de-impresion-de-la-impresora\/","title":{"rendered":"FR900 Selladora de bolsas de banda continua horizontal y vertical con impresor de fecha en acero"},"content":{"rendered":"<div data-magic-global=\"%7B%22bizId%22%3A17179933680%2C%22pageId%22%3A21033971201%2C%22siteId%22%3A5005331025%7D\" id=\"detail_decorate_root\">\n<div module-id=\"27982150972\" module-title=\"detailProductNavigation\" render=\"true\" class=\"J_module\">\n<div id=\"ali-anchor-AliMagic-17r8ze\" data-section=\"AliMagic-17r8ze\" data-section-title=\"Product Description\" class=\"magic-0\">Las selladoras de film continuo de la serie FR terminan el transporte continuo, el sellado y la impresi\u00f3n en una sola operaci\u00f3n.&nbsp;<\/div>\n<\/div>\n<div module-id=\"27982150973\" module-title=\"detailTextWithTitle\" render=\"true\" class=\"J_module\">\n<div class=\"detail-decorate-json-renderer-container\">\n<div class=\"magic-1\">\n<div class=\"magic-4\">\n<div class=\"magic-5\">\n<div class=\"magic-6\">\n<p class=\"magic-7\">La m\u00e1quina puede fabricarse en posici\u00f3n horizontal, vertical o con pies de apoyo.<\/p>\n<p class=\"magic-7\">Adopta un mecanismo electr\u00f3nico de temperatura constante y un motor de transmisi\u00f3n de regulaci\u00f3n continua de la velocidad.&nbsp;<\/p>\n<p class=\"magic-7\">Puede sellar pel\u00edculas de pl\u00e1stico de varios tipos de materiales.<\/p>\n<\/p><\/div>\n<\/p><\/div>\n<\/p><\/div>\n<\/p><\/div>\n<\/p><\/div>\n<\/p><\/div>\n<div module-id=\"27982150974\" module-title=\"detailTextWithTitle\" render=\"true\" class=\"J_module\">\n<div class=\"detail-decorate-json-renderer-container\">\n<div class=\"magic-1\">\n<h3 class=\"magic-2\"><\/h3>\n<h3 class=\"magic-8\">Opciones (hay que pagarlas aparte):<\/h3>\n<div class=\"magic-4\">\n<div class=\"magic-5\">\n<div class=\"magic-6\">\n<p class=\"magic-7\">1. Cuerpo de acero inoxidable;<br \/>2. Tipo vertical;<br \/>3. Con soporte;<br \/>4. Controlador de temperatura inteligente.<\/p>\n<p class=\"magic-7\">5. Contador<\/p>\n<\/p><\/div>\n<\/p><\/div>\n<\/p><\/div>\n<\/p><\/div>\n<\/p><\/div>\n<\/p><\/div>\n<div module-id=\"27982150975\" module-title=\"detailTableHightLight\" render=\"true\" class=\"J_module\">\n<div class=\"ife-detail-decorate-table\">\n<table class=\"all magic-9\">\n<tbody>\n<tr>\n<td colspan=\"1\" rowspan=\"1\">\n<div class=\"magic-10\">\n        Modelo\n       <\/div>\n<\/td>\n<td colspan=\"3\" rowspan=\"1\">\n<div class=\"magic-11\">\n        FR900\n       <\/div>\n<\/td>\n<td rowspan=\"0\" class=\"magic-12\">\n<div class=\"magic-13\"><\/div>\n<\/td>\n<td rowspan=\"0\" class=\"magic-12\">\n<div class=\"magic-13\"><\/div>\n<\/td>\n<\/tr>\n<tr>\n<td colspan=\"1\" rowspan=\"1\">\n<div class=\"magic-10\">\n        tensi\u00f3n\n       <\/div>\n<\/td>\n<td colspan=\"3\" rowspan=\"1\">\n<div class=\"magic-14\">\n        220 V 50-60 Hz\n       <\/div>\n<\/td>\n<td rowspan=\"0\" class=\"magic-12\">\n<div class=\"magic-13\"><\/div>\n<\/td>\n<td rowspan=\"0\" class=\"magic-12\">\n<div class=\"magic-13\"><\/div>\n<\/td>\n<\/tr>\n<tr>\n<td colspan=\"1\" rowspan=\"1\">\n<div class=\"magic-10\">\n        potencia\n       <\/div>\n<\/td>\n<td colspan=\"3\" rowspan=\"1\">\n<div class=\"magic-14\">\n        650W\n       <\/div>\n<\/td>\n<td rowspan=\"0\" class=\"magic-12\">\n<div class=\"magic-13\"><\/div>\n<\/td>\n<td rowspan=\"0\" class=\"magic-12\">\n<div class=\"magic-13\"><\/div>\n<\/td>\n<\/tr>\n<tr>\n<td colspan=\"1\" rowspan=\"1\">\n<div class=\"magic-10\">\n        Velocidad de sellado\n       <\/div>\n<\/td>\n<td colspan=\"3\" rowspan=\"1\">\n<div class=\"magic-14\">\n        0-12 m\/min\n       <\/div>\n<\/td>\n<td rowspan=\"0\" class=\"magic-12\">\n<div class=\"magic-13\"><\/div>\n<\/td>\n<td rowspan=\"0\" class=\"magic-12\">\n<div class=\"magic-13\"><\/div>\n<\/td>\n<\/tr>\n<tr>\n<td colspan=\"1\" rowspan=\"1\">\n<div class=\"magic-10\">\n        Anchura de sellado\n       <\/div>\n<\/td>\n<td colspan=\"3\" rowspan=\"1\">\n<div class=\"magic-14\">\n        6-12 mm\n       <\/div>\n<\/td>\n<td rowspan=\"0\" class=\"magic-12\">\n<div class=\"magic-13\"><\/div>\n<\/td>\n<td rowspan=\"0\" class=\"magic-12\">\n<div class=\"magic-13\"><\/div>\n<\/td>\n<\/tr>\n<tr>\n<td colspan=\"1\" rowspan=\"1\">\n<div class=\"magic-10\">\n        Temperatura\n       <\/div>\n<\/td>\n<td colspan=\"3\" rowspan=\"1\">\n<div class=\"magic-14\">\n        0-300\u00e2\n       <\/div>\n<\/td>\n<td rowspan=\"0\" class=\"magic-12\">\n<div class=\"magic-13\"><\/div>\n<\/td>\n<td rowspan=\"0\" class=\"magic-12\">\n<div class=\"magic-13\"><\/div>\n<\/td>\n<\/tr>\n<tr>\n<td colspan=\"1\" rowspan=\"1\">\n<div class=\"magic-10\">\n        Carga m\u00e1xima del transportador\n       <\/div>\n<\/td>\n<td colspan=\"3\" rowspan=\"1\">\n<div class=\"magic-14\">\n        3kgs\n       <\/div>\n<\/td>\n<td rowspan=\"0\" class=\"magic-12\">\n<div class=\"magic-13\"><\/div>\n<\/td>\n<td rowspan=\"0\" class=\"magic-12\">\n<div class=\"magic-13\"><\/div>\n<\/td>\n<\/tr>\n<tr>\n<td colspan=\"1\" rowspan=\"1\">\n<div class=\"magic-10\">\n        Categor\u00eda de impresi\u00f3n\n       <\/div>\n<\/td>\n<td colspan=\"3\" rowspan=\"1\">\n<div class=\"magic-11\">\n        Impresi\u00f3n de llantas de acero\n       <\/div>\n<\/td>\n<td rowspan=\"0\" class=\"magic-12\">\n<div class=\"magic-13\"><\/div>\n<\/td>\n<td rowspan=\"0\" class=\"magic-12\">\n<div class=\"magic-13\"><\/div>\n<\/td>\n<\/tr>\n<tr>\n<td colspan=\"1\" rowspan=\"1\">\n<div class=\"magic-10\">\n        peso\n       <\/div>\n<\/td>\n<td colspan=\"3\" rowspan=\"1\">\n<div class=\"magic-11\">\n        Neto.23kg\n       <\/div>\n<\/td>\n<td rowspan=\"0\" class=\"magic-12\">\n<div class=\"magic-13\"><\/div>\n<\/td>\n<td rowspan=\"0\" class=\"magic-12\">\n<div class=\"magic-13\"><\/div>\n<\/td>\n<\/tr>\n<tr>\n<td colspan=\"1\" rowspan=\"1\">\n<div class=\"magic-10\">\n        Tama\u00f1o de la m\u00e1quina\n       <\/div>\n<\/td>\n<td colspan=\"3\" rowspan=\"1\">\n<div class=\"magic-14\">\n        850X400X305mm\n       <\/div>\n<\/td>\n<td rowspan=\"0\" class=\"magic-12\">\n<div class=\"magic-13\"><\/div>\n<\/td>\n<td rowspan=\"0\" class=\"magic-12\">\n<div class=\"magic-13\"><\/div>\n<\/td>\n<\/tr>\n<\/tbody>\n<\/table><\/div>\n<\/p><\/div>\n<div module-id=\"27982150976\" module-title=\"detailSingleImage\" render=\"true\" class=\"J_module\">\n<div class=\"icbu-pc-images magic-15\">\n<div>\n<div class=\"flex-layout-v\">\n<div class=\"flex-layout-h magic-15\">\n<div class=\"magic-16\">\n       <img decoding=\"async\" src=\"https:\/\/sc04.alicdn.com\/kf\/H1977ddba405e49a5834f2686e1777c39k\/64496\/H1977ddba405e49a5834f2686e1777c39k.jpg\" class=\"aligncenter\">\n      <\/div>\n<\/p><\/div>\n<\/p><\/div>\n<\/p><\/div>\n<\/p><\/div>\n<\/p><\/div>\n<div module-id=\"27975752186\" module-title=\"detailTwoImages\" render=\"true\" class=\"J_module\">\n<div class=\"icbu-pc-images magic-15\">\n<div>\n<div class=\"flex-layout-v\">\n<div class=\"flex-layout-h magic-15\">\n<div class=\"magic-18\">\n       <img decoding=\"async\" src=\"https:\/\/sc04.alicdn.com\/kf\/Hcac6d0fb5f8c4603a0a364eb62624c85M\/64496\/Hcac6d0fb5f8c4603a0a364eb62624c85M.jpg\" class=\"aligncenter\">\n      <\/div>\n<div class=\"magic-20\">\n       <img decoding=\"async\" src=\"https:\/\/sc04.alicdn.com\/kf\/H699f82c150d24aaa80c41ecf1d094330h\/64496\/H699f82c150d24aaa80c41ecf1d094330h.jpg\" class=\"aligncenter\">\n      <\/div>\n<\/p><\/div>\n<\/p><\/div>\n<\/p><\/div>\n<\/p><\/div>\n<\/p><\/div>\n<div module-id=\"27975752187\" module-title=\"detailTwoImages\" render=\"true\" class=\"J_module\">\n<div class=\"icbu-pc-images magic-15\">\n<div>\n<div class=\"flex-layout-v\">\n<div class=\"flex-layout-h magic-15\">\n<div class=\"magic-22\">\n       <img decoding=\"async\" src=\"https:\/\/sc04.alicdn.com\/kf\/H09f658d73b65405c975aefb183eb8eeeJ\/64496\/H09f658d73b65405c975aefb183eb8eeeJ.jpg\" class=\"aligncenter\">\n      <\/div>\n<div class=\"magic-24\">\n       <img decoding=\"async\" src=\"https:\/\/sc04.alicdn.com\/kf\/H2a9700c26bd348a6b88aaecef009d8995\/64496\/H2a9700c26bd348a6b88aaecef009d8995.jpg\" class=\"aligncenter\">\n      <\/div>\n<\/p><\/div>\n<\/p><\/div>\n<\/p><\/div>\n<\/p><\/div>\n<\/p><\/div>\n<div module-id=\"27982150977\" module-title=\"detailVerticalImages\" render=\"true\" class=\"J_module\">\n<div class=\"icbu-pc-images magic-15\">\n<div>\n<div class=\"flex-layout-v\">\n<div class=\"magic-25\">\n      <img decoding=\"async\" src=\"https:\/\/sc02.alicdn.com\/kf\/HTB1YOtrmaAoBKNjSZSyq6yHAVXa8\/64496\/HTB1YOtrmaAoBKNjSZSyq6yHAVXa8.jpg\" class=\"aligncenter\">\n     <\/div>\n<div class=\"flex-layout-h magic-15\">\n<div class=\"magic-27\">\n       <img decoding=\"async\" src=\"https:\/\/sc01.alicdn.com\/kf\/HTB1Iixpz8yWBuNkSmFPq6xguVXaD\/64496\/HTB1Iixpz8yWBuNkSmFPq6xguVXaD.jpg\" class=\"aligncenter\">\n      <\/div>\n<div class=\"magic-29\">\n       <img decoding=\"async\" src=\"https:\/\/sc02.alicdn.com\/kf\/HTB1SOlMIeSSBuNjy0Flq6zBpVXaK\/64496\/HTB1SOlMIeSSBuNjy0Flq6zBpVXaK.jpg\" class=\"aligncenter\">\n      <\/div>\n<\/p><\/div>\n<\/p><\/div>\n<\/p><\/div>\n<\/p><\/div>\n<\/p><\/div>\n<\/div>","protected":false},"excerpt":{"rendered":"<p>Selladora de banda con impresi\u00f3n de fecha en acero<\/p>","protected":false},"featured_media":3168,"comment_status":"closed","ping_status":"open","template":"","meta":[],"product_brand":[],"product_cat":[119,97],"product_tag":[],"class_list":{"0":"post-3167","1":"product","2":"type-product","3":"status-publish","4":"has-post-thumbnail","6":"product_cat-band-sealer","7":"product_cat-sealing-machines","9":"first","10":"instock","11":"sale","12":"purchasable","13":"product-type-simple"},"yoast_head":"<!-- This site is optimized with the Yoast SEO Premium plugin v20.9 (Yoast SEO v26.5) - https:\/\/yoast.com\/wordpress\/plugins\/seo\/ -->\n<title>FR900 Horizontal and vertical Continuous band sealer bag sealing machine with date steel printing printer - ALF PACK<\/title>\n<meta name=\"robots\" content=\"index, follow, max-snippet:-1, max-image-preview:large, max-video-preview:-1\" \/>\n<link rel=\"canonical\" href=\"https:\/\/alfequipment.com\/es\/product\/fr900-horizontal-y-vertical-de-banda-continua-maquina-de-sellado-de-bolsas-con-la-fecha-de-acero-de-impresion-de-la-impresora\/\" \/>\n<meta property=\"og:locale\" content=\"es_ES\" \/>\n<meta property=\"og:type\" content=\"article\" \/>\n<meta property=\"og:title\" content=\"FR900 Horizontal and vertical Continuous band sealer bag sealing machine with date steel printing printer\" \/>\n<meta property=\"og:description\" content=\"Band Sealer With Date Steel Printing\" \/>\n<meta property=\"og:url\" content=\"https:\/\/alfequipment.com\/es\/product\/fr900-horizontal-y-vertical-de-banda-continua-maquina-de-sellado-de-bolsas-con-la-fecha-de-acero-de-impresion-de-la-impresora\/\" \/>\n<meta property=\"og:site_name\" content=\"ALF PACK\" \/>\n<meta property=\"article:modified_time\" content=\"2025-01-13T15:00:39+00:00\" \/>\n<meta property=\"og:image\" content=\"https:\/\/alfequipment.com\/wp-content\/uploads\/2025\/01\/FR900-Horizontal-and-vertical-Continuous-band-sealer.jpg\" \/>\n\t<meta property=\"og:image:width\" content=\"2000\" \/>\n\t<meta property=\"og:image:height\" content=\"2000\" \/>\n\t<meta property=\"og:image:type\" content=\"image\/webp\" \/>\n<meta name=\"twitter:card\" content=\"summary_large_image\" \/>\n<meta name=\"twitter:label1\" content=\"Tiempo de lectura\" \/>\n\t<meta name=\"twitter:data1\" content=\"1 minuto\" \/>\n<script type=\"application\/ld+json\" class=\"yoast-schema-graph\">{\"@context\":\"https:\/\/schema.org\",\"@graph\":[{\"@type\":\"WebPage\",\"@id\":\"https:\/\/alfequipment.com\/product\/fr900-horizontal-and-vertical-continuous-band-sealer-bag-sealing-machine-with-date-steel-printing-printer\/\",\"url\":\"https:\/\/alfequipment.com\/product\/fr900-horizontal-and-vertical-continuous-band-sealer-bag-sealing-machine-with-date-steel-printing-printer\/\",\"name\":\"FR900 Horizontal and vertical Continuous band sealer bag sealing machine with date steel printing printer - ALF PACK\",\"isPartOf\":{\"@id\":\"https:\/\/alfequipment.com\/#website\"},\"primaryImageOfPage\":{\"@id\":\"https:\/\/alfequipment.com\/product\/fr900-horizontal-and-vertical-continuous-band-sealer-bag-sealing-machine-with-date-steel-printing-printer\/#primaryimage\"},\"image\":{\"@id\":\"https:\/\/alfequipment.com\/product\/fr900-horizontal-and-vertical-continuous-band-sealer-bag-sealing-machine-with-date-steel-printing-printer\/#primaryimage\"},\"thumbnailUrl\":\"https:\/\/alfequipment.com\/wp-content\/uploads\/2025\/01\/FR900-Horizontal-and-vertical-Continuous-band-sealer.jpg\",\"datePublished\":\"2024-12-23T10:13:50+00:00\",\"dateModified\":\"2025-01-13T15:00:39+00:00\",\"breadcrumb\":{\"@id\":\"https:\/\/alfequipment.com\/product\/fr900-horizontal-and-vertical-continuous-band-sealer-bag-sealing-machine-with-date-steel-printing-printer\/#breadcrumb\"},\"inLanguage\":\"es\",\"potentialAction\":[{\"@type\":\"ReadAction\",\"target\":[\"https:\/\/alfequipment.com\/product\/fr900-horizontal-and-vertical-continuous-band-sealer-bag-sealing-machine-with-date-steel-printing-printer\/\"]}]},{\"@type\":\"ImageObject\",\"inLanguage\":\"es\",\"@id\":\"https:\/\/alfequipment.com\/product\/fr900-horizontal-and-vertical-continuous-band-sealer-bag-sealing-machine-with-date-steel-printing-printer\/#primaryimage\",\"url\":\"https:\/\/alfequipment.com\/wp-content\/uploads\/2025\/01\/FR900-Horizontal-and-vertical-Continuous-band-sealer.jpg\",\"contentUrl\":\"https:\/\/alfequipment.com\/wp-content\/uploads\/2025\/01\/FR900-Horizontal-and-vertical-Continuous-band-sealer.jpg\",\"width\":2000,\"height\":2000},{\"@type\":\"BreadcrumbList\",\"@id\":\"https:\/\/alfequipment.com\/product\/fr900-horizontal-and-vertical-continuous-band-sealer-bag-sealing-machine-with-date-steel-printing-printer\/#breadcrumb\",\"itemListElement\":[{\"@type\":\"ListItem\",\"position\":1,\"name\":\"Home\",\"item\":\"https:\/\/alfequipment.com\/\"},{\"@type\":\"ListItem\",\"position\":2,\"name\":\"Shop\",\"item\":\"https:\/\/alfequipment.com\/shop\/\"},{\"@type\":\"ListItem\",\"position\":3,\"name\":\"FR900 Horizontal and vertical Continuous band sealer bag sealing machine with date steel printing printer\"}]},{\"@type\":\"WebSite\",\"@id\":\"https:\/\/alfequipment.com\/#website\",\"url\":\"https:\/\/alfequipment.com\/\",\"name\":\"ALF PACK\",\"description\":\"\",\"publisher\":{\"@id\":\"https:\/\/alfequipment.com\/#organization\"},\"potentialAction\":[{\"@type\":\"SearchAction\",\"target\":{\"@type\":\"EntryPoint\",\"urlTemplate\":\"https:\/\/alfequipment.com\/?s={search_term_string}\"},\"query-input\":{\"@type\":\"PropertyValueSpecification\",\"valueRequired\":true,\"valueName\":\"search_term_string\"}}],\"inLanguage\":\"es\"},{\"@type\":\"Organization\",\"@id\":\"https:\/\/alfequipment.com\/#organization\",\"name\":\"ALF PACK\",\"url\":\"https:\/\/alfequipment.com\/\",\"logo\":{\"@type\":\"ImageObject\",\"inLanguage\":\"es\",\"@id\":\"https:\/\/alfequipment.com\/#\/schema\/logo\/image\/\",\"url\":\"https:\/\/alfequipment.com\/wp-content\/uploads\/2024\/11\/ALFlogo-2.webp\",\"contentUrl\":\"https:\/\/alfequipment.com\/wp-content\/uploads\/2024\/11\/ALFlogo-2.webp\",\"width\":758,\"height\":750,\"caption\":\"ALF PACK\"},\"image\":{\"@id\":\"https:\/\/alfequipment.com\/#\/schema\/logo\/image\/\"}}]}<\/script>\n<!-- \/ Yoast SEO Premium plugin. -->","yoast_head_json":{"title":"FR900 Selladora de bolsas de banda continua horizontal y vertical con impresora de fecha de acero - ALF PACK","robots":{"index":"index","follow":"follow","max-snippet":"max-snippet:-1","max-image-preview":"max-image-preview:large","max-video-preview":"max-video-preview:-1"},"canonical":"https:\/\/alfequipment.com\/es\/product\/fr900-horizontal-y-vertical-de-banda-continua-maquina-de-sellado-de-bolsas-con-la-fecha-de-acero-de-impresion-de-la-impresora\/","og_locale":"es_ES","og_type":"article","og_title":"FR900 Horizontal and vertical Continuous band sealer bag sealing machine with date steel printing printer","og_description":"Band Sealer With Date Steel Printing","og_url":"https:\/\/alfequipment.com\/es\/product\/fr900-horizontal-y-vertical-de-banda-continua-maquina-de-sellado-de-bolsas-con-la-fecha-de-acero-de-impresion-de-la-impresora\/","og_site_name":"ALF PACK","article_modified_time":"2025-01-13T15:00:39+00:00","og_image":[{"width":2000,"height":2000,"url":"https:\/\/alfequipment.com\/wp-content\/uploads\/2025\/01\/FR900-Horizontal-and-vertical-Continuous-band-sealer.jpg","type":"image\/webp"}],"twitter_card":"summary_large_image","twitter_misc":{"Tiempo de lectura":"1 minuto"},"schema":{"@context":"https:\/\/schema.org","@graph":[{"@type":"WebPage","@id":"https:\/\/alfequipment.com\/product\/fr900-horizontal-and-vertical-continuous-band-sealer-bag-sealing-machine-with-date-steel-printing-printer\/","url":"https:\/\/alfequipment.com\/product\/fr900-horizontal-and-vertical-continuous-band-sealer-bag-sealing-machine-with-date-steel-printing-printer\/","name":"FR900 Selladora de bolsas de banda continua horizontal y vertical con impresora de fecha de acero - ALF PACK","isPartOf":{"@id":"https:\/\/alfequipment.com\/#website"},"primaryImageOfPage":{"@id":"https:\/\/alfequipment.com\/product\/fr900-horizontal-and-vertical-continuous-band-sealer-bag-sealing-machine-with-date-steel-printing-printer\/#primaryimage"},"image":{"@id":"https:\/\/alfequipment.com\/product\/fr900-horizontal-and-vertical-continuous-band-sealer-bag-sealing-machine-with-date-steel-printing-printer\/#primaryimage"},"thumbnailUrl":"https:\/\/alfequipment.com\/wp-content\/uploads\/2025\/01\/FR900-Horizontal-and-vertical-Continuous-band-sealer.jpg","datePublished":"2024-12-23T10:13:50+00:00","dateModified":"2025-01-13T15:00:39+00:00","breadcrumb":{"@id":"https:\/\/alfequipment.com\/product\/fr900-horizontal-and-vertical-continuous-band-sealer-bag-sealing-machine-with-date-steel-printing-printer\/#breadcrumb"},"inLanguage":"es","potentialAction":[{"@type":"ReadAction","target":["https:\/\/alfequipment.com\/product\/fr900-horizontal-and-vertical-continuous-band-sealer-bag-sealing-machine-with-date-steel-printing-printer\/"]}]},{"@type":"ImageObject","inLanguage":"es","@id":"https:\/\/alfequipment.com\/product\/fr900-horizontal-and-vertical-continuous-band-sealer-bag-sealing-machine-with-date-steel-printing-printer\/#primaryimage","url":"https:\/\/alfequipment.com\/wp-content\/uploads\/2025\/01\/FR900-Horizontal-and-vertical-Continuous-band-sealer.jpg","contentUrl":"https:\/\/alfequipment.com\/wp-content\/uploads\/2025\/01\/FR900-Horizontal-and-vertical-Continuous-band-sealer.jpg","width":2000,"height":2000},{"@type":"BreadcrumbList","@id":"https:\/\/alfequipment.com\/product\/fr900-horizontal-and-vertical-continuous-band-sealer-bag-sealing-machine-with-date-steel-printing-printer\/#breadcrumb","itemListElement":[{"@type":"ListItem","position":1,"name":"Home","item":"https:\/\/alfequipment.com\/"},{"@type":"ListItem","position":2,"name":"Shop","item":"https:\/\/alfequipment.com\/shop\/"},{"@type":"ListItem","position":3,"name":"FR900 Horizontal and vertical Continuous band sealer bag sealing machine with date steel printing printer"}]},{"@type":"WebSite","@id":"https:\/\/alfequipment.com\/#website","url":"https:\/\/alfequipment.com\/","name":"PAQUETE ALF","description":"","publisher":{"@id":"https:\/\/alfequipment.com\/#organization"},"potentialAction":[{"@type":"SearchAction","target":{"@type":"EntryPoint","urlTemplate":"https:\/\/alfequipment.com\/?s={search_term_string}"},"query-input":{"@type":"PropertyValueSpecification","valueRequired":true,"valueName":"search_term_string"}}],"inLanguage":"es"},{"@type":"Organization","@id":"https:\/\/alfequipment.com\/#organization","name":"PAQUETE ALF","url":"https:\/\/alfequipment.com\/","logo":{"@type":"ImageObject","inLanguage":"es","@id":"https:\/\/alfequipment.com\/#\/schema\/logo\/image\/","url":"https:\/\/alfequipment.com\/wp-content\/uploads\/2024\/11\/ALFlogo-2.webp","contentUrl":"https:\/\/alfequipment.com\/wp-content\/uploads\/2024\/11\/ALFlogo-2.webp","width":758,"height":750,"caption":"ALF PACK"},"image":{"@id":"https:\/\/alfequipment.com\/#\/schema\/logo\/image\/"}}]}},"_links":{"self":[{"href":"https:\/\/alfequipment.com\/es\/wp-json\/wp\/v2\/product\/3167","targetHints":{"allow":["GET"]}}],"collection":[{"href":"https:\/\/alfequipment.com\/es\/wp-json\/wp\/v2\/product"}],"about":[{"href":"https:\/\/alfequipment.com\/es\/wp-json\/wp\/v2\/types\/product"}],"replies":[{"embeddable":true,"href":"https:\/\/alfequipment.com\/es\/wp-json\/wp\/v2\/comments?post=3167"}],"version-history":[{"count":0,"href":"https:\/\/alfequipment.com\/es\/wp-json\/wp\/v2\/product\/3167\/revisions"}],"wp:featuredmedia":[{"embeddable":true,"href":"https:\/\/alfequipment.com\/es\/wp-json\/wp\/v2\/media\/3168"}],"wp:attachment":[{"href":"https:\/\/alfequipment.com\/es\/wp-json\/wp\/v2\/media?parent=3167"}],"wp:term":[{"taxonomy":"product_brand","embeddable":true,"href":"https:\/\/alfequipment.com\/es\/wp-json\/wp\/v2\/product_brand?post=3167"},{"taxonomy":"product_cat","embeddable":true,"href":"https:\/\/alfequipment.com\/es\/wp-json\/wp\/v2\/product_cat?post=3167"},{"taxonomy":"product_tag","embeddable":true,"href":"https:\/\/alfequipment.com\/es\/wp-json\/wp\/v2\/product_tag?post=3167"}],"curies":[{"name":"wp","href":"https:\/\/api.w.org\/{rel}","templated":true}]}}