{"id":3169,"date":"2025-01-12T03:32:33","date_gmt":"2025-01-12T03:32:33","guid":{"rendered":"https:\/\/alfequipment.com\/product\/dz500-2d-single-chamber-vacuum-packaging-machine\/"},"modified":"2025-12-21T12:11:30","modified_gmt":"2025-12-21T12:11:30","slug":"dz500-2d-envasadora-al-vacio-monocamara","status":"publish","type":"product","link":"https:\/\/alfequipment.com\/es\/product\/dz500-2d-envasadora-al-vacio-monocamara\/","title":{"rendered":"Envasadora al vac\u00edo de campana \u00fanica DZ500-2D"},"content":{"rendered":"<div id=\"detail_decorate_root\" data-magic-global=\"%7B%22bizId%22%3A17179933680%2C%22pageId%22%3A21031407331%2C%22siteId%22%3A5005331025%7D\">\n<div class=\"J_module\">\n<div id=\"ali-anchor-AliMagic-dyf57p\" class=\"magic-0\" data-section=\"AliMagic-dyf57p\" data-section-title=\"Product Description\">DZ500-2D se caracteriza por el procesamiento autom\u00e1tico de envasado al vac\u00edo, sellado, impresi\u00f3n, refrigeraci\u00f3n, que se utiliza en el envasado al vac\u00edo para la industria alimentaria, farmac\u00e9utica, acu\u00e1tica, qu\u00edmica y electr\u00f3nica. Puede prevenir los productos de la oxidaci\u00f3n y el moho, as\u00ed como la ascorrosi\u00f3n y la humedad, manteniendo la calidad y frescura del producto durante aprolonged tiempo de almacenamiento.<\/div>\n<\/div>\n<div class=\"J_module\">\n<div class=\"detail-decorate-json-renderer-container\">\n<div class=\"magic-1\">\n<div class=\"magic-4\">\n<div class=\"magic-5\">\n<div class=\"magic-6\">\n<p class=\"magic-7\">DZQ500-2D llena la bolsa de envasado con alg\u00fan tipo de gas, como el nitr\u00f3geno, despu\u00e9s de envasar al vac\u00edo la bolsa. Se caracteriza por el procesamiento autom\u00e1tico de envasado al vac\u00edo, llenado de gas, sellado, impresi\u00f3n, refrigeraci\u00f3n, que se utiliza en el envasado al vac\u00edo para las industrias alimentaria, farmac\u00e9utica, acu\u00e1tica, qu\u00edmica y electr\u00f3nica.<\/p>\n<\/div>\n<\/div>\n<\/div>\n<\/div>\n<\/div>\n<\/div>\n<div class=\"J_module\">\n<div class=\"ife-detail-decorate-table\">\n<table class=\"all magic-8\">\n<tbody>\n<tr>\n<td colspan=\"1\" rowspan=\"1\">\n<div class=\"magic-9\">Modelo<\/div>\n<\/td>\n<td colspan=\"1\" rowspan=\"1\">\n<div class=\"magic-10\">DZ500-2D\/DZQ500-2D<\/div>\n<\/td>\n<\/tr>\n<tr>\n<td colspan=\"1\" rowspan=\"1\">\n<div class=\"magic-9\">Fuente de energ\u00eda<\/div>\n<\/td>\n<td colspan=\"1\" rowspan=\"1\">\n<div class=\"magic-10\">220V\/50Hz<\/div>\n<\/td>\n<\/tr>\n<tr>\n<td colspan=\"1\" rowspan=\"1\">\n<div class=\"magic-9\">Potencia<\/div>\n<\/td>\n<td colspan=\"1\" rowspan=\"1\">\n<div class=\"magic-10\">1,6 KW<\/div>\n<\/td>\n<\/tr>\n<tr>\n<td colspan=\"1\" rowspan=\"1\">\n<div class=\"magic-9\">Velocidad de sellado<\/div>\n<\/td>\n<td colspan=\"1\" rowspan=\"1\">\n<div class=\"magic-10\">1-4 veces\/min<\/div>\n<\/td>\n<\/tr>\n<tr>\n<td colspan=\"1\" rowspan=\"1\">\n<div class=\"magic-9\">Tama\u00f1o de la sala de trabajo<\/div>\n<\/td>\n<td colspan=\"1\" rowspan=\"1\">\n<div class=\"magic-10\">L520\u00d7A540\u00d7Al80mm<\/div>\n<\/td>\n<\/tr>\n<tr>\n<td colspan=\"1\" rowspan=\"1\">\n<div class=\"magic-9\">Longitud de sellado<\/div>\n<\/td>\n<td colspan=\"1\" rowspan=\"1\">\n<div class=\"magic-10\">500*10mm<\/div>\n<\/td>\n<\/tr>\n<tr>\n<td colspan=\"1\" rowspan=\"1\">\n<div class=\"magic-9\">C\u00d3DIGO SA<\/div>\n<\/td>\n<td colspan=\"1\" rowspan=\"1\">\n<div class=\"magic-10\">8422400000<\/div>\n<\/td>\n<\/tr>\n<tr>\n<td colspan=\"1\" rowspan=\"1\">\n<div class=\"magic-9\">Peso<\/div>\n<\/td>\n<td colspan=\"1\" rowspan=\"1\">\n<div class=\"magic-10\">120kgs<\/div>\n<\/td>\n<\/tr>\n<tr>\n<td colspan=\"1\" rowspan=\"1\">\n<div class=\"magic-9\">Tama\u00f1o exterior<\/div>\n<\/td>\n<td colspan=\"1\" rowspan=\"1\">\n<div class=\"magic-10\">L760\u00d7A700\u00d7H1050mm<\/div>\n<\/td>\n<\/tr>\n<\/tbody>\n<\/table>\n<\/div>\n<\/div>\n<div class=\"J_module\">\n<div class=\"icbu-pc-images magic-11\">\n<div>\n<div class=\"flex-layout-v\">\n<div class=\"flex-layout-h magic-11\">\n<div class=\"magic-12\"><img decoding=\"async\" class=\"aligncenter\" src=\"https:\/\/sc02.alicdn.com\/kf\/HTB1qbuhaTHuK1RkSndVq6xVwpXa5\/64496\/HTB1qbuhaTHuK1RkSndVq6xVwpXa5.jpg\" \/><\/div>\n<\/div>\n<\/div>\n<\/div>\n<\/div>\n<\/div>\n<div class=\"J_module\">\n<div class=\"icbu-pc-images magic-11\">\n<div>\n<div class=\"flex-layout-v\">\n<div class=\"flex-layout-h magic-11\">\n<div class=\"magic-14\"><img decoding=\"async\" class=\"aligncenter\" src=\"https:\/\/sc01.alicdn.com\/kf\/HTB1uWekaUrrK1RkSne1q6ArVVXau\/64496\/HTB1uWekaUrrK1RkSne1q6ArVVXau.jpg\" \/><\/div>\n<div class=\"magic-16\"><img decoding=\"async\" class=\"aligncenter\" src=\"https:\/\/sc01.alicdn.com\/kf\/HTB1p6ifaIrrK1RjSspaq6AREXXaZ\/64496\/HTB1p6ifaIrrK1RjSspaq6AREXXaZ.jpg\" \/><\/div>\n<div class=\"magic-16\"><img decoding=\"async\" class=\"aligncenter\" src=\"https:\/\/sc01.alicdn.com\/kf\/HTB1VGikaUrrK1RkSne1q6ArVVXat\/64496\/HTB1VGikaUrrK1RkSne1q6ArVVXat.jpg\" \/><\/div>\n<\/div>\n<\/div>\n<\/div>\n<\/div>\n<\/div>\n<div class=\"J_module\">\n<div class=\"icbu-pc-images magic-11\">\n<div>\n<div class=\"flex-layout-v\">\n<div class=\"flex-layout-h magic-11\">\n<div class=\"magic-19\"><img decoding=\"async\" class=\"aligncenter\" src=\"https:\/\/sc02.alicdn.com\/kf\/HTB1a2adaOnrK1RjSsziq6xptpXaj\/64496\/HTB1a2adaOnrK1RjSsziq6xptpXaj.jpg\" \/><\/div>\n<\/div>\n<\/div>\n<\/div>\n<\/div>\n<\/div>\n<div class=\"J_module\">\n<div class=\"icbu-pc-images magic-11\">\n<div>\n<div class=\"flex-layout-v\">\n<div class=\"magic-21\"><img decoding=\"async\" class=\"aligncenter\" src=\"https:\/\/sc02.alicdn.com\/kf\/HTB1AHKqaPnuK1RkSmFPq6AuzFXaI\/64496\/HTB1AHKqaPnuK1RkSmFPq6AuzFXaI.jpg\" \/><\/div>\n<div class=\"flex-layout-h magic-11\">\n<div class=\"magic-23\"><img decoding=\"async\" class=\"aligncenter\" src=\"https:\/\/sc01.alicdn.com\/kf\/HTB1JyOfaIrrK1RjSspaq6AREXXa2\/64496\/HTB1JyOfaIrrK1RjSspaq6AREXXa2.jpg\" \/><\/div>\n<div class=\"magic-25\"><img decoding=\"async\" class=\"aligncenter\" src=\"https:\/\/sc01.alicdn.com\/kf\/HTB1qKOhaNrvK1RjSszeq6yObFXaj\/64496\/HTB1qKOhaNrvK1RjSszeq6yObFXaj.jpg\" \/><\/div>\n<\/div>\n<\/div>\n<\/div>\n<\/div>\n<\/div>\n<div class=\"J_module\">\n<div class=\"icbu-pc-images magic-11\">\n<div>\n<div class=\"flex-layout-v\">\n<div class=\"flex-layout-h magic-11\">\n<div class=\"magic-27\"><img decoding=\"async\" class=\"aligncenter\" src=\"https:\/\/sc02.alicdn.com\/kf\/HTB16hV9aUvrK1RjSspcq6zzSXXaM\/64496\/HTB16hV9aUvrK1RjSspcq6zzSXXaM.jpg\" \/><\/div>\n<\/div>\n<\/div>\n<\/div>\n<\/div>\n<\/div>\n<\/div>","protected":false},"excerpt":{"rendered":"<ul>\n<li class=\"magic-9\">Power source: 220V\/50Hz<\/li>\n<li class=\"magic-9\">Power: 1.6KW<\/li>\n<li class=\"magic-9\">Sealing speed: 1-4 times\/mins<\/li>\n<li class=\"magic-9\">Work room size: 1.71 \u00d7 1.77 \u00d7 0.26 ft<\/li>\n<li class=\"magic-9\">Sealing length: 1.64 \u00d7 0.03 ft<\/li>\n<\/ul>","protected":false},"featured_media":3170,"comment_status":"closed","ping_status":"closed","template":"","meta":[],"product_brand":[],"product_cat":[100],"product_tag":[],"class_list":{"0":"post-3169","1":"product","2":"type-product","3":"status-publish","4":"has-post-thumbnail","6":"product_cat-vacuum-packing-machines","8":"first","9":"instock","10":"sale","11":"purchasable","12":"product-type-simple"},"yoast_head":"<!-- This site is optimized with the Yoast SEO Premium plugin v20.9 (Yoast SEO v26.5) - https:\/\/yoast.com\/wordpress\/plugins\/seo\/ -->\n<title>DZ500-2D Single Chamber Vacuum Packaging Machine - ALF PACK<\/title>\n<meta name=\"robots\" content=\"index, follow, max-snippet:-1, max-image-preview:large, max-video-preview:-1\" \/>\n<link rel=\"canonical\" href=\"https:\/\/alfequipment.com\/es\/product\/dz500-2d-envasadora-al-vacio-monocamara\/\" \/>\n<meta property=\"og:locale\" content=\"es_ES\" \/>\n<meta property=\"og:type\" content=\"article\" \/>\n<meta property=\"og:title\" content=\"DZ500-2D Single Chamber Vacuum Packaging Machine\" \/>\n<meta property=\"og:description\" content=\"Power source: 220V\/50Hz  Power: 1.6KW  Sealing speed: 1-4 times\/mins  Work room size: 1.71 \u00d7 1.77 \u00d7 0.26 ft  Sealing length: 1.64 \u00d7 0.03 ft\" \/>\n<meta property=\"og:url\" content=\"https:\/\/alfequipment.com\/es\/product\/dz500-2d-envasadora-al-vacio-monocamara\/\" \/>\n<meta property=\"og:site_name\" content=\"ALF PACK\" \/>\n<meta property=\"article:modified_time\" content=\"2025-12-21T12:11:30+00:00\" \/>\n<meta property=\"og:image\" content=\"https:\/\/alfequipment.com\/wp-content\/uploads\/2025\/01\/H9286b8796d0b4f41a787f1bcae6cb85bi.jpg\" \/>\n\t<meta property=\"og:image:width\" content=\"800\" \/>\n\t<meta property=\"og:image:height\" content=\"800\" \/>\n\t<meta property=\"og:image:type\" content=\"image\/webp\" \/>\n<meta name=\"twitter:card\" content=\"summary_large_image\" \/>\n<meta name=\"twitter:label1\" content=\"Tiempo de lectura\" \/>\n\t<meta name=\"twitter:data1\" content=\"3 minutos\" \/>\n<script type=\"application\/ld+json\" class=\"yoast-schema-graph\">{\"@context\":\"https:\/\/schema.org\",\"@graph\":[{\"@type\":\"WebPage\",\"@id\":\"https:\/\/alfequipment.com\/product\/dz500-2d-single-chamber-vacuum-packaging-machine\/\",\"url\":\"https:\/\/alfequipment.com\/product\/dz500-2d-single-chamber-vacuum-packaging-machine\/\",\"name\":\"DZ500-2D Single Chamber Vacuum Packaging Machine - ALF PACK\",\"isPartOf\":{\"@id\":\"https:\/\/alfequipment.com\/#website\"},\"primaryImageOfPage\":{\"@id\":\"https:\/\/alfequipment.com\/product\/dz500-2d-single-chamber-vacuum-packaging-machine\/#primaryimage\"},\"image\":{\"@id\":\"https:\/\/alfequipment.com\/product\/dz500-2d-single-chamber-vacuum-packaging-machine\/#primaryimage\"},\"thumbnailUrl\":\"https:\/\/alfequipment.com\/wp-content\/uploads\/2025\/01\/H9286b8796d0b4f41a787f1bcae6cb85bi.jpg\",\"datePublished\":\"2025-01-12T03:32:33+00:00\",\"dateModified\":\"2025-12-21T12:11:30+00:00\",\"breadcrumb\":{\"@id\":\"https:\/\/alfequipment.com\/product\/dz500-2d-single-chamber-vacuum-packaging-machine\/#breadcrumb\"},\"inLanguage\":\"es\",\"potentialAction\":[{\"@type\":\"ReadAction\",\"target\":[\"https:\/\/alfequipment.com\/product\/dz500-2d-single-chamber-vacuum-packaging-machine\/\"]}]},{\"@type\":\"ImageObject\",\"inLanguage\":\"es\",\"@id\":\"https:\/\/alfequipment.com\/product\/dz500-2d-single-chamber-vacuum-packaging-machine\/#primaryimage\",\"url\":\"https:\/\/alfequipment.com\/wp-content\/uploads\/2025\/01\/H9286b8796d0b4f41a787f1bcae6cb85bi.jpg\",\"contentUrl\":\"https:\/\/alfequipment.com\/wp-content\/uploads\/2025\/01\/H9286b8796d0b4f41a787f1bcae6cb85bi.jpg\",\"width\":800,\"height\":800},{\"@type\":\"BreadcrumbList\",\"@id\":\"https:\/\/alfequipment.com\/product\/dz500-2d-single-chamber-vacuum-packaging-machine\/#breadcrumb\",\"itemListElement\":[{\"@type\":\"ListItem\",\"position\":1,\"name\":\"Home\",\"item\":\"https:\/\/alfequipment.com\/\"},{\"@type\":\"ListItem\",\"position\":2,\"name\":\"Shop\",\"item\":\"https:\/\/alfequipment.com\/shop\/\"},{\"@type\":\"ListItem\",\"position\":3,\"name\":\"DZ500-2D Single Chamber Vacuum Packaging Machine\"}]},{\"@type\":\"WebSite\",\"@id\":\"https:\/\/alfequipment.com\/#website\",\"url\":\"https:\/\/alfequipment.com\/\",\"name\":\"ALF PACK\",\"description\":\"\",\"publisher\":{\"@id\":\"https:\/\/alfequipment.com\/#organization\"},\"potentialAction\":[{\"@type\":\"SearchAction\",\"target\":{\"@type\":\"EntryPoint\",\"urlTemplate\":\"https:\/\/alfequipment.com\/?s={search_term_string}\"},\"query-input\":{\"@type\":\"PropertyValueSpecification\",\"valueRequired\":true,\"valueName\":\"search_term_string\"}}],\"inLanguage\":\"es\"},{\"@type\":\"Organization\",\"@id\":\"https:\/\/alfequipment.com\/#organization\",\"name\":\"ALF PACK\",\"url\":\"https:\/\/alfequipment.com\/\",\"logo\":{\"@type\":\"ImageObject\",\"inLanguage\":\"es\",\"@id\":\"https:\/\/alfequipment.com\/#\/schema\/logo\/image\/\",\"url\":\"https:\/\/alfequipment.com\/wp-content\/uploads\/2024\/11\/ALFlogo-2.webp\",\"contentUrl\":\"https:\/\/alfequipment.com\/wp-content\/uploads\/2024\/11\/ALFlogo-2.webp\",\"width\":758,\"height\":750,\"caption\":\"ALF PACK\"},\"image\":{\"@id\":\"https:\/\/alfequipment.com\/#\/schema\/logo\/image\/\"}}]}<\/script>\n<!-- \/ Yoast SEO Premium plugin. -->","yoast_head_json":{"title":"Envasadora al vac\u00edo de campana \u00fanica DZ500-2D - ALF PACK","robots":{"index":"index","follow":"follow","max-snippet":"max-snippet:-1","max-image-preview":"max-image-preview:large","max-video-preview":"max-video-preview:-1"},"canonical":"https:\/\/alfequipment.com\/es\/product\/dz500-2d-envasadora-al-vacio-monocamara\/","og_locale":"es_ES","og_type":"article","og_title":"DZ500-2D Single Chamber Vacuum Packaging Machine","og_description":"Power source: 220V\/50Hz  Power: 1.6KW  Sealing speed: 1-4 times\/mins  Work room size: 1.71 \u00d7 1.77 \u00d7 0.26 ft  Sealing length: 1.64 \u00d7 0.03 ft","og_url":"https:\/\/alfequipment.com\/es\/product\/dz500-2d-envasadora-al-vacio-monocamara\/","og_site_name":"ALF PACK","article_modified_time":"2025-12-21T12:11:30+00:00","og_image":[{"width":800,"height":800,"url":"https:\/\/alfequipment.com\/wp-content\/uploads\/2025\/01\/H9286b8796d0b4f41a787f1bcae6cb85bi.jpg","type":"image\/webp"}],"twitter_card":"summary_large_image","twitter_misc":{"Tiempo de lectura":"3 minutos"},"schema":{"@context":"https:\/\/schema.org","@graph":[{"@type":"WebPage","@id":"https:\/\/alfequipment.com\/product\/dz500-2d-single-chamber-vacuum-packaging-machine\/","url":"https:\/\/alfequipment.com\/product\/dz500-2d-single-chamber-vacuum-packaging-machine\/","name":"Envasadora al vac\u00edo de campana \u00fanica DZ500-2D - ALF PACK","isPartOf":{"@id":"https:\/\/alfequipment.com\/#website"},"primaryImageOfPage":{"@id":"https:\/\/alfequipment.com\/product\/dz500-2d-single-chamber-vacuum-packaging-machine\/#primaryimage"},"image":{"@id":"https:\/\/alfequipment.com\/product\/dz500-2d-single-chamber-vacuum-packaging-machine\/#primaryimage"},"thumbnailUrl":"https:\/\/alfequipment.com\/wp-content\/uploads\/2025\/01\/H9286b8796d0b4f41a787f1bcae6cb85bi.jpg","datePublished":"2025-01-12T03:32:33+00:00","dateModified":"2025-12-21T12:11:30+00:00","breadcrumb":{"@id":"https:\/\/alfequipment.com\/product\/dz500-2d-single-chamber-vacuum-packaging-machine\/#breadcrumb"},"inLanguage":"es","potentialAction":[{"@type":"ReadAction","target":["https:\/\/alfequipment.com\/product\/dz500-2d-single-chamber-vacuum-packaging-machine\/"]}]},{"@type":"ImageObject","inLanguage":"es","@id":"https:\/\/alfequipment.com\/product\/dz500-2d-single-chamber-vacuum-packaging-machine\/#primaryimage","url":"https:\/\/alfequipment.com\/wp-content\/uploads\/2025\/01\/H9286b8796d0b4f41a787f1bcae6cb85bi.jpg","contentUrl":"https:\/\/alfequipment.com\/wp-content\/uploads\/2025\/01\/H9286b8796d0b4f41a787f1bcae6cb85bi.jpg","width":800,"height":800},{"@type":"BreadcrumbList","@id":"https:\/\/alfequipment.com\/product\/dz500-2d-single-chamber-vacuum-packaging-machine\/#breadcrumb","itemListElement":[{"@type":"ListItem","position":1,"name":"Home","item":"https:\/\/alfequipment.com\/"},{"@type":"ListItem","position":2,"name":"Shop","item":"https:\/\/alfequipment.com\/shop\/"},{"@type":"ListItem","position":3,"name":"DZ500-2D Single Chamber Vacuum Packaging Machine"}]},{"@type":"WebSite","@id":"https:\/\/alfequipment.com\/#website","url":"https:\/\/alfequipment.com\/","name":"PAQUETE ALF","description":"","publisher":{"@id":"https:\/\/alfequipment.com\/#organization"},"potentialAction":[{"@type":"SearchAction","target":{"@type":"EntryPoint","urlTemplate":"https:\/\/alfequipment.com\/?s={search_term_string}"},"query-input":{"@type":"PropertyValueSpecification","valueRequired":true,"valueName":"search_term_string"}}],"inLanguage":"es"},{"@type":"Organization","@id":"https:\/\/alfequipment.com\/#organization","name":"PAQUETE ALF","url":"https:\/\/alfequipment.com\/","logo":{"@type":"ImageObject","inLanguage":"es","@id":"https:\/\/alfequipment.com\/#\/schema\/logo\/image\/","url":"https:\/\/alfequipment.com\/wp-content\/uploads\/2024\/11\/ALFlogo-2.webp","contentUrl":"https:\/\/alfequipment.com\/wp-content\/uploads\/2024\/11\/ALFlogo-2.webp","width":758,"height":750,"caption":"ALF PACK"},"image":{"@id":"https:\/\/alfequipment.com\/#\/schema\/logo\/image\/"}}]}},"_links":{"self":[{"href":"https:\/\/alfequipment.com\/es\/wp-json\/wp\/v2\/product\/3169","targetHints":{"allow":["GET"]}}],"collection":[{"href":"https:\/\/alfequipment.com\/es\/wp-json\/wp\/v2\/product"}],"about":[{"href":"https:\/\/alfequipment.com\/es\/wp-json\/wp\/v2\/types\/product"}],"replies":[{"embeddable":true,"href":"https:\/\/alfequipment.com\/es\/wp-json\/wp\/v2\/comments?post=3169"}],"version-history":[{"count":0,"href":"https:\/\/alfequipment.com\/es\/wp-json\/wp\/v2\/product\/3169\/revisions"}],"wp:featuredmedia":[{"embeddable":true,"href":"https:\/\/alfequipment.com\/es\/wp-json\/wp\/v2\/media\/3170"}],"wp:attachment":[{"href":"https:\/\/alfequipment.com\/es\/wp-json\/wp\/v2\/media?parent=3169"}],"wp:term":[{"taxonomy":"product_brand","embeddable":true,"href":"https:\/\/alfequipment.com\/es\/wp-json\/wp\/v2\/product_brand?post=3169"},{"taxonomy":"product_cat","embeddable":true,"href":"https:\/\/alfequipment.com\/es\/wp-json\/wp\/v2\/product_cat?post=3169"},{"taxonomy":"product_tag","embeddable":true,"href":"https:\/\/alfequipment.com\/es\/wp-json\/wp\/v2\/product_tag?post=3169"}],"curies":[{"name":"wp","href":"https:\/\/api.w.org\/{rel}","templated":true}]}}