{"id":3171,"date":"2025-01-09T10:54:48","date_gmt":"2025-01-09T10:54:48","guid":{"rendered":"https:\/\/alfequipment.com\/product\/dbf1000-automatic-inflating-film-bag-sealing-machine-gas-flushing-band-sealer\/"},"modified":"2025-01-13T15:00:35","modified_gmt":"2025-01-13T15:00:35","slug":"dbf1000-maquina-selladora-automatica-de-bolsas-de-film-inflado-selladora-de-banda-con-gas-de-barrido","status":"publish","type":"product","link":"https:\/\/alfequipment.com\/es\/product\/dbf1000-maquina-selladora-automatica-de-bolsas-de-film-inflado-selladora-de-banda-con-gas-de-barrido\/","title":{"rendered":"DBF1000 M\u00e1quina autom\u00e1tica de sellado de bolsas con film inflable selladora de banda con descarga de gas"},"content":{"rendered":"<div data-magic-global=\"%7B%22bizId%22%3A17179933680%2C%22pageId%22%3A5022109946%2C%22siteId%22%3A5005331025%7D\" id=\"detail_decorate_root\">\n<div module-id=\"5556464262\" module-title=\"detailProductNavigation\" render=\"true\" class=\"J_module\">\n<div id=\"ali-anchor-AliMagic-x2fccn\" data-section=\"AliMagic-x2fccn\" data-section-title=\"Product Description\" class=\"magic-0\">Esta serie de m\u00e1quinas de sellado continuo de film finaliza el transporte, sellado y llenado continuos en una sola operaci\u00f3n. Adopta un mecanismo electr\u00f3nico de temperatura constante y un motor de transmisi\u00f3n de regulaci\u00f3n de velocidad continua. Puede sellar pel\u00edculas de pl\u00e1stico de varios tipos de materiales.<\/div>\n<\/div>\n<div module-id=\"5556464264\" module-title=\"detailTableHorizontal\" render=\"true\" class=\"J_module\">\n<div class=\"ife-detail-decorate-table\">\n<table class=\"has-title all magic-8\">\n<tbody>\n<tr>\n<td>\n<div class=\"magic-9\">\n        Modelo\n       <\/div>\n<\/td>\n<td>\n<div class=\"magic-10\">\n        DBF-1000\n       <\/div>\n<\/td>\n<\/tr>\n<tr>\n<td>\n<div class=\"magic-9\">\n        Tensi\u00f3n\n       <\/div>\n<\/td>\n<td>\n<div class=\"magic-11\">\n        110\/220V 50-60Hz\n       <\/div>\n<\/td>\n<\/tr>\n<tr>\n<td>\n<div class=\"magic-9\">\n        Potencia\n       <\/div>\n<\/td>\n<td>\n<div class=\"magic-11\">\n        680W\n       <\/div>\n<\/td>\n<\/tr>\n<tr>\n<td>\n<div class=\"magic-9\">\n        Velocidad de sellado\n       <\/div>\n<\/td>\n<td>\n<div class=\"magic-11\">\n        0-12 m\/min\n       <\/div>\n<\/td>\n<\/tr>\n<tr>\n<td>\n<div class=\"magic-9\">\n        Anchura de sellado\n       <\/div>\n<\/td>\n<td>\n<div class=\"magic-11\">\n        12 mm\n       <\/div>\n<\/td>\n<\/tr>\n<tr>\n<td>\n<div class=\"magic-9\">\n        Temperatura\n       <\/div>\n<\/td>\n<td>\n<div class=\"magic-11\">\n        0-300\u00e2\n       <\/div>\n<\/td>\n<\/tr>\n<tr>\n<td>\n<div class=\"magic-9\">\n        Carga m\u00e1xima del transportador\n       <\/div>\n<\/td>\n<td>\n<div class=\"magic-11\">\n        3kgs\n       <\/div>\n<\/td>\n<\/tr>\n<tr>\n<td>\n<div class=\"magic-9\">\n        Categor\u00eda de impresi\u00f3n\n       <\/div>\n<\/td>\n<td>\n<div class=\"magic-11\">\n        Impresi\u00f3n de llantas de acero\n       <\/div>\n<\/td>\n<\/tr>\n<tr>\n<td>\n<div class=\"magic-9\">\n        Peso\n       <\/div>\n<\/td>\n<td>\n<div class=\"magic-11\">\n        39 kg\n       <\/div>\n<\/td>\n<\/tr>\n<tr>\n<td>\n<div class=\"magic-9\">\n        Tama\u00f1o de la m\u00e1quina\n       <\/div>\n<\/td>\n<td>\n<div class=\"magic-11\">\n        925*505*940mm\n       <\/div>\n<\/td>\n<\/tr>\n<\/tbody>\n<\/table><\/div>\n<\/p><\/div>\n<div module-id=\"5556464265\" module-title=\"detailSingleImage\" render=\"true\" class=\"J_module\">\n<div class=\"icbu-pc-images magic-12\">\n<div>\n<div class=\"flex-layout-v\">\n<div class=\"flex-layout-h magic-12\">\n<div class=\"magic-13\">\n       <img decoding=\"async\" src=\"https:\/\/sc02.alicdn.com\/kf\/HTB1CIujXiLrK1Rjy1zdq6ynnpXaq\/64496\/HTB1CIujXiLrK1Rjy1zdq6ynnpXaq.jpg\" class=\"aligncenter\">\n      <\/div>\n<\/p><\/div>\n<\/p><\/div>\n<\/p><\/div>\n<\/p><\/div>\n<\/p><\/div>\n<div module-id=\"5556464266\" module-title=\"detailVerticalImages\" render=\"true\" class=\"J_module\">\n<div class=\"icbu-pc-images magic-12\">\n<div>\n<div class=\"flex-layout-v\">\n<div class=\"magic-15\">\n      <img decoding=\"async\" src=\"https:\/\/sc02.alicdn.com\/kf\/HTB1fciAXovrK1RjSspcq6zzSXXag\/64496\/HTB1fciAXovrK1RjSspcq6zzSXXag.jpg\" class=\"aligncenter\">\n     <\/div>\n<div class=\"flex-layout-h magic-12\">\n<div class=\"magic-17\">\n       <img decoding=\"async\" src=\"https:\/\/sc01.alicdn.com\/kf\/HTB1p4CAXffsK1RjSszgq6yXzpXaH\/64496\/HTB1p4CAXffsK1RjSszgq6yXzpXaH.jpg\" class=\"aligncenter\">\n      <\/div>\n<div class=\"magic-19\">\n       <img decoding=\"async\" src=\"https:\/\/sc02.alicdn.com\/kf\/HTB1BeyAXc_vK1Rjy0Foq6xIxVXag\/64496\/HTB1BeyAXc_vK1Rjy0Foq6xIxVXag.jpg\" class=\"aligncenter\">\n      <\/div>\n<\/p><\/div>\n<\/p><\/div>\n<\/p><\/div>\n<\/p><\/div>\n<\/p><\/div>\n<\/div>","protected":false},"excerpt":{"rendered":"<p>M\u00e1quina selladora autom\u00e1tica de film inflado<\/p>","protected":false},"featured_media":3172,"comment_status":"closed","ping_status":"open","template":"","meta":[],"product_brand":[],"product_cat":[119,97],"product_tag":[],"class_list":{"0":"post-3171","1":"product","2":"type-product","3":"status-publish","4":"has-post-thumbnail","6":"product_cat-band-sealer","7":"product_cat-sealing-machines","9":"first","10":"instock","11":"sale","12":"purchasable","13":"product-type-simple"},"yoast_head":"<!-- This site is optimized with the Yoast SEO Premium plugin v20.9 (Yoast SEO v26.5) - https:\/\/yoast.com\/wordpress\/plugins\/seo\/ -->\n<title>DBF1000 Automatic inflating film bag sealing machine gas flushing band sealer - ALF PACK<\/title>\n<meta name=\"robots\" content=\"index, follow, max-snippet:-1, max-image-preview:large, max-video-preview:-1\" \/>\n<link rel=\"canonical\" href=\"https:\/\/alfequipment.com\/es\/product\/dbf1000-maquina-selladora-automatica-de-bolsas-de-film-inflado-selladora-de-banda-con-gas-de-barrido\/\" \/>\n<meta property=\"og:locale\" content=\"es_ES\" \/>\n<meta property=\"og:type\" content=\"article\" \/>\n<meta property=\"og:title\" content=\"DBF1000 Automatic inflating film bag sealing machine gas flushing band sealer\" \/>\n<meta property=\"og:description\" content=\"Automatic Inflating Film Sealing Machine\" \/>\n<meta property=\"og:url\" content=\"https:\/\/alfequipment.com\/es\/product\/dbf1000-maquina-selladora-automatica-de-bolsas-de-film-inflado-selladora-de-banda-con-gas-de-barrido\/\" \/>\n<meta property=\"og:site_name\" content=\"ALF PACK\" \/>\n<meta property=\"article:modified_time\" content=\"2025-01-13T15:00:35+00:00\" \/>\n<meta property=\"og:image\" content=\"https:\/\/alfequipment.com\/wp-content\/uploads\/2025\/01\/Hc0e0866c2c9c44e9a7e23222463ba404w.jpg\" \/>\n\t<meta property=\"og:image:width\" content=\"800\" \/>\n\t<meta property=\"og:image:height\" content=\"800\" \/>\n\t<meta property=\"og:image:type\" content=\"image\/webp\" \/>\n<meta name=\"twitter:card\" content=\"summary_large_image\" \/>\n<script type=\"application\/ld+json\" class=\"yoast-schema-graph\">{\"@context\":\"https:\/\/schema.org\",\"@graph\":[{\"@type\":\"WebPage\",\"@id\":\"https:\/\/alfequipment.com\/product\/dbf1000-automatic-inflating-film-bag-sealing-machine-gas-flushing-band-sealer\/\",\"url\":\"https:\/\/alfequipment.com\/product\/dbf1000-automatic-inflating-film-bag-sealing-machine-gas-flushing-band-sealer\/\",\"name\":\"DBF1000 Automatic inflating film bag sealing machine gas flushing band sealer - ALF PACK\",\"isPartOf\":{\"@id\":\"https:\/\/alfequipment.com\/#website\"},\"primaryImageOfPage\":{\"@id\":\"https:\/\/alfequipment.com\/product\/dbf1000-automatic-inflating-film-bag-sealing-machine-gas-flushing-band-sealer\/#primaryimage\"},\"image\":{\"@id\":\"https:\/\/alfequipment.com\/product\/dbf1000-automatic-inflating-film-bag-sealing-machine-gas-flushing-band-sealer\/#primaryimage\"},\"thumbnailUrl\":\"https:\/\/alfequipment.com\/wp-content\/uploads\/2025\/01\/Hc0e0866c2c9c44e9a7e23222463ba404w.jpg\",\"datePublished\":\"2025-01-09T10:54:48+00:00\",\"dateModified\":\"2025-01-13T15:00:35+00:00\",\"breadcrumb\":{\"@id\":\"https:\/\/alfequipment.com\/product\/dbf1000-automatic-inflating-film-bag-sealing-machine-gas-flushing-band-sealer\/#breadcrumb\"},\"inLanguage\":\"es\",\"potentialAction\":[{\"@type\":\"ReadAction\",\"target\":[\"https:\/\/alfequipment.com\/product\/dbf1000-automatic-inflating-film-bag-sealing-machine-gas-flushing-band-sealer\/\"]}]},{\"@type\":\"ImageObject\",\"inLanguage\":\"es\",\"@id\":\"https:\/\/alfequipment.com\/product\/dbf1000-automatic-inflating-film-bag-sealing-machine-gas-flushing-band-sealer\/#primaryimage\",\"url\":\"https:\/\/alfequipment.com\/wp-content\/uploads\/2025\/01\/Hc0e0866c2c9c44e9a7e23222463ba404w.jpg\",\"contentUrl\":\"https:\/\/alfequipment.com\/wp-content\/uploads\/2025\/01\/Hc0e0866c2c9c44e9a7e23222463ba404w.jpg\",\"width\":800,\"height\":800},{\"@type\":\"BreadcrumbList\",\"@id\":\"https:\/\/alfequipment.com\/product\/dbf1000-automatic-inflating-film-bag-sealing-machine-gas-flushing-band-sealer\/#breadcrumb\",\"itemListElement\":[{\"@type\":\"ListItem\",\"position\":1,\"name\":\"Home\",\"item\":\"https:\/\/alfequipment.com\/\"},{\"@type\":\"ListItem\",\"position\":2,\"name\":\"Shop\",\"item\":\"https:\/\/alfequipment.com\/shop\/\"},{\"@type\":\"ListItem\",\"position\":3,\"name\":\"DBF1000 Automatic inflating film bag sealing machine gas flushing band sealer\"}]},{\"@type\":\"WebSite\",\"@id\":\"https:\/\/alfequipment.com\/#website\",\"url\":\"https:\/\/alfequipment.com\/\",\"name\":\"ALF PACK\",\"description\":\"\",\"publisher\":{\"@id\":\"https:\/\/alfequipment.com\/#organization\"},\"potentialAction\":[{\"@type\":\"SearchAction\",\"target\":{\"@type\":\"EntryPoint\",\"urlTemplate\":\"https:\/\/alfequipment.com\/?s={search_term_string}\"},\"query-input\":{\"@type\":\"PropertyValueSpecification\",\"valueRequired\":true,\"valueName\":\"search_term_string\"}}],\"inLanguage\":\"es\"},{\"@type\":\"Organization\",\"@id\":\"https:\/\/alfequipment.com\/#organization\",\"name\":\"ALF PACK\",\"url\":\"https:\/\/alfequipment.com\/\",\"logo\":{\"@type\":\"ImageObject\",\"inLanguage\":\"es\",\"@id\":\"https:\/\/alfequipment.com\/#\/schema\/logo\/image\/\",\"url\":\"https:\/\/alfequipment.com\/wp-content\/uploads\/2024\/11\/ALFlogo-2.webp\",\"contentUrl\":\"https:\/\/alfequipment.com\/wp-content\/uploads\/2024\/11\/ALFlogo-2.webp\",\"width\":758,\"height\":750,\"caption\":\"ALF PACK\"},\"image\":{\"@id\":\"https:\/\/alfequipment.com\/#\/schema\/logo\/image\/\"}}]}<\/script>\n<!-- \/ Yoast SEO Premium plugin. -->","yoast_head_json":{"title":"DBF1000 Selladora autom\u00e1tica de bolsas con film inflable - ALF PACK","robots":{"index":"index","follow":"follow","max-snippet":"max-snippet:-1","max-image-preview":"max-image-preview:large","max-video-preview":"max-video-preview:-1"},"canonical":"https:\/\/alfequipment.com\/es\/product\/dbf1000-maquina-selladora-automatica-de-bolsas-de-film-inflado-selladora-de-banda-con-gas-de-barrido\/","og_locale":"es_ES","og_type":"article","og_title":"DBF1000 Automatic inflating film bag sealing machine gas flushing band sealer","og_description":"Automatic Inflating Film Sealing Machine","og_url":"https:\/\/alfequipment.com\/es\/product\/dbf1000-maquina-selladora-automatica-de-bolsas-de-film-inflado-selladora-de-banda-con-gas-de-barrido\/","og_site_name":"ALF PACK","article_modified_time":"2025-01-13T15:00:35+00:00","og_image":[{"width":800,"height":800,"url":"https:\/\/alfequipment.com\/wp-content\/uploads\/2025\/01\/Hc0e0866c2c9c44e9a7e23222463ba404w.jpg","type":"image\/webp"}],"twitter_card":"summary_large_image","schema":{"@context":"https:\/\/schema.org","@graph":[{"@type":"WebPage","@id":"https:\/\/alfequipment.com\/product\/dbf1000-automatic-inflating-film-bag-sealing-machine-gas-flushing-band-sealer\/","url":"https:\/\/alfequipment.com\/product\/dbf1000-automatic-inflating-film-bag-sealing-machine-gas-flushing-band-sealer\/","name":"DBF1000 Selladora autom\u00e1tica de bolsas con film inflable - ALF PACK","isPartOf":{"@id":"https:\/\/alfequipment.com\/#website"},"primaryImageOfPage":{"@id":"https:\/\/alfequipment.com\/product\/dbf1000-automatic-inflating-film-bag-sealing-machine-gas-flushing-band-sealer\/#primaryimage"},"image":{"@id":"https:\/\/alfequipment.com\/product\/dbf1000-automatic-inflating-film-bag-sealing-machine-gas-flushing-band-sealer\/#primaryimage"},"thumbnailUrl":"https:\/\/alfequipment.com\/wp-content\/uploads\/2025\/01\/Hc0e0866c2c9c44e9a7e23222463ba404w.jpg","datePublished":"2025-01-09T10:54:48+00:00","dateModified":"2025-01-13T15:00:35+00:00","breadcrumb":{"@id":"https:\/\/alfequipment.com\/product\/dbf1000-automatic-inflating-film-bag-sealing-machine-gas-flushing-band-sealer\/#breadcrumb"},"inLanguage":"es","potentialAction":[{"@type":"ReadAction","target":["https:\/\/alfequipment.com\/product\/dbf1000-automatic-inflating-film-bag-sealing-machine-gas-flushing-band-sealer\/"]}]},{"@type":"ImageObject","inLanguage":"es","@id":"https:\/\/alfequipment.com\/product\/dbf1000-automatic-inflating-film-bag-sealing-machine-gas-flushing-band-sealer\/#primaryimage","url":"https:\/\/alfequipment.com\/wp-content\/uploads\/2025\/01\/Hc0e0866c2c9c44e9a7e23222463ba404w.jpg","contentUrl":"https:\/\/alfequipment.com\/wp-content\/uploads\/2025\/01\/Hc0e0866c2c9c44e9a7e23222463ba404w.jpg","width":800,"height":800},{"@type":"BreadcrumbList","@id":"https:\/\/alfequipment.com\/product\/dbf1000-automatic-inflating-film-bag-sealing-machine-gas-flushing-band-sealer\/#breadcrumb","itemListElement":[{"@type":"ListItem","position":1,"name":"Home","item":"https:\/\/alfequipment.com\/"},{"@type":"ListItem","position":2,"name":"Shop","item":"https:\/\/alfequipment.com\/shop\/"},{"@type":"ListItem","position":3,"name":"DBF1000 Automatic inflating film bag sealing machine gas flushing band sealer"}]},{"@type":"WebSite","@id":"https:\/\/alfequipment.com\/#website","url":"https:\/\/alfequipment.com\/","name":"PAQUETE ALF","description":"","publisher":{"@id":"https:\/\/alfequipment.com\/#organization"},"potentialAction":[{"@type":"SearchAction","target":{"@type":"EntryPoint","urlTemplate":"https:\/\/alfequipment.com\/?s={search_term_string}"},"query-input":{"@type":"PropertyValueSpecification","valueRequired":true,"valueName":"search_term_string"}}],"inLanguage":"es"},{"@type":"Organization","@id":"https:\/\/alfequipment.com\/#organization","name":"PAQUETE ALF","url":"https:\/\/alfequipment.com\/","logo":{"@type":"ImageObject","inLanguage":"es","@id":"https:\/\/alfequipment.com\/#\/schema\/logo\/image\/","url":"https:\/\/alfequipment.com\/wp-content\/uploads\/2024\/11\/ALFlogo-2.webp","contentUrl":"https:\/\/alfequipment.com\/wp-content\/uploads\/2024\/11\/ALFlogo-2.webp","width":758,"height":750,"caption":"ALF PACK"},"image":{"@id":"https:\/\/alfequipment.com\/#\/schema\/logo\/image\/"}}]}},"_links":{"self":[{"href":"https:\/\/alfequipment.com\/es\/wp-json\/wp\/v2\/product\/3171","targetHints":{"allow":["GET"]}}],"collection":[{"href":"https:\/\/alfequipment.com\/es\/wp-json\/wp\/v2\/product"}],"about":[{"href":"https:\/\/alfequipment.com\/es\/wp-json\/wp\/v2\/types\/product"}],"replies":[{"embeddable":true,"href":"https:\/\/alfequipment.com\/es\/wp-json\/wp\/v2\/comments?post=3171"}],"version-history":[{"count":0,"href":"https:\/\/alfequipment.com\/es\/wp-json\/wp\/v2\/product\/3171\/revisions"}],"wp:featuredmedia":[{"embeddable":true,"href":"https:\/\/alfequipment.com\/es\/wp-json\/wp\/v2\/media\/3172"}],"wp:attachment":[{"href":"https:\/\/alfequipment.com\/es\/wp-json\/wp\/v2\/media?parent=3171"}],"wp:term":[{"taxonomy":"product_brand","embeddable":true,"href":"https:\/\/alfequipment.com\/es\/wp-json\/wp\/v2\/product_brand?post=3171"},{"taxonomy":"product_cat","embeddable":true,"href":"https:\/\/alfequipment.com\/es\/wp-json\/wp\/v2\/product_cat?post=3171"},{"taxonomy":"product_tag","embeddable":true,"href":"https:\/\/alfequipment.com\/es\/wp-json\/wp\/v2\/product_tag?post=3171"}],"curies":[{"name":"wp","href":"https:\/\/api.w.org\/{rel}","templated":true}]}}