{"id":3175,"date":"2024-12-23T02:58:08","date_gmt":"2024-12-23T02:58:08","guid":{"rendered":"https:\/\/alfequipment.com\/product\/dql4518s-automatic-side-sealer-sealing-machine-and-dsc4525l-shrink-tunnel-packager\/"},"modified":"2025-01-14T02:48:49","modified_gmt":"2025-01-14T02:48:49","slug":"dql4518s-selladora-lateral-automatica-y-dsc4525l-envasadora-de-tunel-de-retractilado","status":"publish","type":"product","link":"https:\/\/alfequipment.com\/es\/product\/dql4518s-selladora-lateral-automatica-y-dsc4525l-envasadora-de-tunel-de-retractilado\/","title":{"rendered":"DQL4518S Selladora lateral autom\u00e1tica y DSC4525L Envasadora de t\u00fanel de retractilado"},"content":{"rendered":"<div data-magic-global=\"%7B%22bizId%22%3A17179933680%2C%22pageId%22%3A21034659019%2C%22siteId%22%3A5005331025%7D\" id=\"detail_decorate_root\">\n<div module-id=\"28029401618\" module-title=\"detailProductNavigation\" render=\"true\" class=\"J_module\">\n<div id=\"ali-anchor-AliMagic-thk72z\" data-section=\"AliMagic-thk72z\" data-section-title=\"Product Description\" class=\"magic-0\"><\/div>\n<\/div>\n<div module-id=\"28029401619\" module-title=\"detailTextWithTitle\" render=\"true\" class=\"J_module\">\n<div class=\"detail-decorate-json-renderer-container\">\n<div class=\"magic-1\">\n<div class=\"magic-4\">\n<div class=\"magic-5\">\n<div class=\"magic-6\">\n<p class=\"magic-7\">La DQL-4518S funciona de forma similar a la DQL-5545G anterior. La diferencia es que en esta m\u00e1quina las cajas\/productos pueden ser de longitudes aleatorias. El mecanismo de sellado lateral es continuo mientras que la DQL-5545G tiene un sellado en L. Esta m\u00e1quina es ideal para embalar marcos de fotos, placas de aluminio, tuber\u00edas de pl\u00e1stico, corning, z\u00f3calos, productos de madera, etc. El t\u00fanel de retractilado ideal para la DQL-4518S es el DSC4525L que utiliza un avanzado sistema de circulaci\u00f3n de aire caliente para unos resultados de retractilado superiores y la velocidad del transportador puede ajustarse a la velocidad adecuada para la l\u00ednea.<\/p>\n<\/p><\/div>\n<\/p><\/div>\n<\/p><\/div>\n<\/p><\/div>\n<\/p><\/div>\n<\/p><\/div>\n<div module-id=\"28029401620\" module-title=\"detailTableHightLight\" render=\"true\" class=\"J_module\">\n<div class=\"ife-detail-decorate-table\">\n<table class=\"all magic-8\">\n<tbody>\n<tr>\n<td colspan=\"1\" rowspan=\"1\">\n<div class=\"magic-9\">\n        Modelo\n       <\/div>\n<\/td>\n<td colspan=\"1\" rowspan=\"1\">\n<div class=\"magic-10\">\n        DQL4518S\n       <\/div>\n<\/td>\n<td colspan=\"1\" rowspan=\"1\">\n<div class=\"magic-11\">\n        DSC4525L\n       <\/div>\n<\/td>\n<\/tr>\n<tr>\n<td colspan=\"1\" rowspan=\"1\">\n<div class=\"magic-9\">\n        Tama\u00f1o m\u00e1ximo de embalaje(\u00e3)\n       <\/div>\n<\/td>\n<td colspan=\"1\" rowspan=\"1\">\n<div class=\"magic-10\">\n        L \u221e, W\u2264380,H\u2264160\n       <\/div>\n<\/td>\n<td colspan=\"1\" rowspan=\"1\">\n<div class=\"magic-11\">\n        W450xH250\n       <\/div>\n<\/td>\n<\/tr>\n<tr>\n<td colspan=\"1\" rowspan=\"1\">\n<div class=\"magic-9\">\n        Tama\u00f1o m\u00e1ximo de sellado(\u00e3)\n       <\/div>\n<\/td>\n<td colspan=\"1\" rowspan=\"1\">\n<div class=\"magic-10\">\n        W450\n       <\/div>\n<\/td>\n<td colspan=\"1\" rowspan=\"1\">\n<div class=\"magic-11\">\n        \/\n       <\/div>\n<\/td>\n<\/tr>\n<tr>\n<td colspan=\"1\" rowspan=\"1\">\n<div class=\"magic-9\">\n        Potencia (KW)\n       <\/div>\n<\/td>\n<td colspan=\"1\" rowspan=\"1\">\n<div class=\"magic-10\">\n        2.5\n       <\/div>\n<\/td>\n<td colspan=\"1\" rowspan=\"1\">\n<div class=\"magic-11\">\n        11.7\n       <\/div>\n<\/td>\n<\/tr>\n<tr>\n<td colspan=\"1\" rowspan=\"1\">\n<div class=\"magic-9\">\n        Capacidad\n       <\/div>\n<\/td>\n<td colspan=\"1\" rowspan=\"1\">\n<div class=\"magic-10\">\n        0-35 piezas\/min\n       <\/div>\n<\/td>\n<td colspan=\"1\" rowspan=\"1\">\n<div class=\"magic-11\">\n        0-12 m\/min\n       <\/div>\n<\/td>\n<\/tr>\n<tr>\n<td colspan=\"1\" rowspan=\"1\">\n<div class=\"magic-9\">\n        Tensi\u00f3n\n       <\/div>\n<\/td>\n<td colspan=\"1\" rowspan=\"1\">\n<div class=\"magic-10\">\n        220V 50\/60HZ\n       <\/div>\n<\/td>\n<td colspan=\"1\" rowspan=\"1\">\n<div class=\"magic-11\">\n        380V 50HZ\/60HZ\n       <\/div>\n<\/td>\n<\/tr>\n<tr>\n<td colspan=\"1\" rowspan=\"1\">\n<div class=\"magic-9\">\n        Temperatura de sellado\n       <\/div>\n<\/td>\n<td colspan=\"2\" rowspan=\"1\">\n<div class=\"magic-12\">\n        180\u00e2-250\u00e2 depende del grosor de la pel\u00edcula y de la temperatura ambiente\n       <\/div>\n<\/td>\n<td rowspan=\"0\" class=\"magic-13\">\n<div class=\"magic-9\"><\/div>\n<\/td>\n<\/tr>\n<tr>\n<td colspan=\"1\" rowspan=\"1\">\n<div class=\"magic-9\">\n        Grosor de la pel\u00edcula (mm)\n       <\/div>\n<\/td>\n<td colspan=\"2\" rowspan=\"1\">\n<div class=\"magic-12\">\n        0.015-0.05\n       <\/div>\n<\/td>\n<td rowspan=\"0\" class=\"magic-13\">\n<div class=\"magic-9\"><\/div>\n<\/td>\n<\/tr>\n<tr>\n<td colspan=\"1\" rowspan=\"1\">\n<div class=\"magic-9\">\n        Presi\u00f3n atmosf\u00e9rica(Kg\/cm2) )\n       <\/div>\n<\/td>\n<td colspan=\"2\" rowspan=\"1\">\n<div class=\"magic-12\">\n        5-6\n       <\/div>\n<\/td>\n<td rowspan=\"0\" class=\"magic-13\">\n<div class=\"magic-9\"><\/div>\n<\/td>\n<\/tr>\n<tr>\n<td colspan=\"1\" rowspan=\"1\">\n<div class=\"magic-9\">\n        Material de embalaje\n       <\/div>\n<\/td>\n<td colspan=\"2\" rowspan=\"1\">\n<div class=\"magic-12\">\n        POF\n       <\/div>\n<\/td>\n<td rowspan=\"0\" class=\"magic-13\">\n<div class=\"magic-9\"><\/div>\n<\/td>\n<\/tr>\n<tr>\n<td colspan=\"1\" rowspan=\"1\">\n<div class=\"magic-9\">\n        Peso de la m\u00e1quina(\u00e3)\n       <\/div>\n<\/td>\n<td colspan=\"1\" rowspan=\"1\">\n<div class=\"magic-10\">\n        350\n       <\/div>\n<\/td>\n<td colspan=\"1\" rowspan=\"1\">\n<div class=\"magic-11\">\n        250\n       <\/div>\n<\/td>\n<\/tr>\n<tr>\n<td colspan=\"1\" rowspan=\"1\">\n<div class=\"magic-9\">\n        Tama\u00f1o de la m\u00e1quina(\u00e3)\n       <\/div>\n<\/td>\n<td colspan=\"1\" rowspan=\"1\">\n<div class=\"magic-10\">\n        L1800\u00d7W950\u00d7H1580\n       <\/div>\n<\/td>\n<td colspan=\"1\" rowspan=\"1\">\n<div class=\"magic-11\">\n        L1800\u00d7W705\u00d7H1260\n       <\/div>\n<\/td>\n<\/tr>\n<\/tbody>\n<\/table><\/div>\n<\/p><\/div>\n<div module-id=\"28029401622\" module-title=\"detailTextWithTitle\" render=\"true\" class=\"J_module\">\n<div class=\"detail-decorate-json-renderer-container\">\n<div class=\"magic-1\">\n<h3 class=\"magic-2\"><\/h3>\n<h3 class=\"magic-14\">Caracter\u00edsticas principales<\/h3>\n<div class=\"magic-4\">\n<div class=\"magic-5\">\n<div class=\"magic-6\">\n<p class=\"magic-7\">I.DQL4518S selladora lateral caracter\u00edstica:<br \/>1.DQL4518S es la m\u00e1quina de sellado lateral autom\u00e1tica que desarrollamos nosotros mismos, se utiliza para la l\u00ednea de producci\u00f3n de envasado de alta capacidad, alimentaci\u00f3n, transporte, entrada de bolsa, el sellado se puede terminar a la vez, tiene una alta eficiencia de trabajo.<\/p>\n<p>2.El sellado vertical adopta una estructura de soporte de alta calidad y una gu\u00eda lineal de dos lados para hacer que la presi\u00f3n de sellado sea equilibrada, el marco no se da\u00f1ar\u00e1 f\u00e1cilmente. El cuchillo del lacre adopta la aleaci\u00f3n de cobre rociada con el tefl\u00f3n, \u00e9l no pegar\u00e1 la pel\u00edcula, sellando firmeza, sin humo, no-contaminaci\u00f3n.<\/p>\n<p>3.El sellado lateral adopta un cuchillo de sellado de temperatura constante, la parte de sellado es recta y fuerte, no hay limitaci\u00f3n sobre la longitud del objeto de embalaje. La correa de alimentaci\u00f3n de la pel\u00edcula adopta la correa del ensanchamiento y del espesamiento, su vida que usa es larga y f\u00e1cilmente ser substituido.<\/p>\n<p>4.La m\u00e1quina adopta el controlador PLC \"Omrom\", <\/p>\n<p>5.it se equipa del sensor de la foto de \"Panasonic\" para alcanzar alta velocidad y el trabajo autom\u00e1tico.<\/p>\n<p>6. El controlador de temperatura \"Omron\" garantiza la precisi\u00f3n del error de temperatura de sellado y el control de retardo \"Omron\" del tiempo de sellado.<\/p>\n<p>7.El avanzado dise\u00f1o internacional del dispositivo de perforaci\u00f3n garantiza un funcionamiento estable<\/p>\n<p>8. Filtro de aire \"Airtach\" para garantizar una fuente de aire suficiente para la m\u00e1quina.<\/p>\n<p>9.It equipado con pantalla t\u00e1ctil es m\u00e1s f\u00e1cil cambiar el tama\u00f1o<\/p>\n<p>10.Tiene funci\u00f3n de protecci\u00f3n para evitar el sellado incorrecto del producto y garantizar la seguridad del operador.<\/p>\n<p>11.Nice dise\u00f1o del cilindro que se ajustar\u00e1 la distancia abierta de la barra de dos sellado.<\/p>\n<p>II. Caracter\u00edstica del t\u00fanel de retracci\u00f3n DSC4525L:<br \/>1. El rodillo s\u00f3lido gira con la cadena de transporte, al mismo tiempo el rodillo s\u00f3lido gira por s\u00ed mismo, el efecto de sellado del lado inferior del objeto no se ver\u00e1 afectado por el rodillo, el efecto de sellado de cada lado es firme.<\/p>\n<p>2.Adopta un motor de ventilador de alta potencia para asegurar suficiente viento fuerte para alcanzar un efecto de embalaje perfecto. <\/p>\n<p>3.Adopta un elemento calefactor de tipo espiral para garantizar un calentamiento suficiente y una larga vida \u00fatil.<\/p>\n<p>4.M\u00e1quina completa con cubierta resistente al calor<\/p>\n<p>5.Inspection ventana puede inspeccionar la situaci\u00f3n de contracci\u00f3n del producto y el ajuste m\u00e1s f\u00e1cil<\/p>\n<\/p><\/div>\n<\/p><\/div>\n<\/p><\/div>\n<\/p><\/div>\n<\/p><\/div>\n<\/p><\/div>\n<div module-id=\"28029401624\" module-title=\"detailSingleImage\" render=\"true\" class=\"J_module\">\n<div class=\"icbu-pc-images magic-15\">\n<div>\n<div class=\"flex-layout-v\">\n<div class=\"flex-layout-h magic-15\">\n<div class=\"magic-16\">\n       <img decoding=\"async\" src=\"https:\/\/sc01.alicdn.com\/kf\/HTB1sGeFaPDuK1Rjy1zjq6zraFXax\/64496\/HTB1sGeFaPDuK1Rjy1zjq6zraFXax.jpg\" class=\"aligncenter\">\n      <\/div>\n<\/p><\/div>\n<\/p><\/div>\n<\/p><\/div>\n<\/p><\/div>\n<\/p><\/div>\n<div module-id=\"28029401626\" module-title=\"detailTwoImages\" render=\"true\" class=\"J_module\">\n<div class=\"icbu-pc-images magic-15\">\n<div>\n<div class=\"flex-layout-v\">\n<div class=\"flex-layout-h magic-15\">\n<div class=\"magic-18\">\n       <img decoding=\"async\" src=\"https:\/\/sc01.alicdn.com\/kf\/HTB1CNuBaOYrK1Rjy0Fdq6ACvVXak\/64496\/HTB1CNuBaOYrK1Rjy0Fdq6ACvVXak.jpg\" class=\"aligncenter\">\n      <\/div>\n<div class=\"magic-20\">\n       <img decoding=\"async\" src=\"https:\/\/sc01.alicdn.com\/kf\/HTB1Bi7lazzuK1RjSspeq6ziHVXan\/64496\/HTB1Bi7lazzuK1RjSspeq6ziHVXan.jpg\" class=\"aligncenter\">\n      <\/div>\n<\/p><\/div>\n<\/p><\/div>\n<\/p><\/div>\n<\/p><\/div>\n<\/p><\/div>\n<div module-id=\"28029401627\" module-title=\"detailTwoImages\" render=\"true\" class=\"J_module\">\n<div class=\"icbu-pc-images magic-15\">\n<div>\n<div class=\"flex-layout-v\">\n<div class=\"flex-layout-h magic-15\">\n<div class=\"magic-18\">\n       <img decoding=\"async\" src=\"https:\/\/sc01.alicdn.com\/kf\/HTB1arMbaEzrK1RjSspmq6AOdFXay\/64496\/HTB1arMbaEzrK1RjSspmq6AOdFXay.jpg\" class=\"aligncenter\">\n      <\/div>\n<div class=\"magic-20\">\n       <img decoding=\"async\" src=\"https:\/\/sc01.alicdn.com\/kf\/HTB1VYZbasfrK1Rjy1Xdq6yemFXaQ\/64496\/HTB1VYZbasfrK1Rjy1Xdq6yemFXaQ.jpg\" class=\"aligncenter\">\n      <\/div>\n<\/p><\/div>\n<\/p><\/div>\n<\/p><\/div>\n<\/p><\/div>\n<\/p><\/div>\n<div module-id=\"28029401629\" module-title=\"detailTwoImages\" render=\"true\" class=\"J_module\">\n<div class=\"icbu-pc-images magic-15\">\n<div>\n<div class=\"flex-layout-v\">\n<div class=\"flex-layout-h magic-15\">\n<div class=\"magic-18\">\n       <img decoding=\"async\" src=\"https:\/\/sc01.alicdn.com\/kf\/HTB1EW83aLfsK1RjSszbq6AqBXXao\/64496\/HTB1EW83aLfsK1RjSszbq6AqBXXao.jpg\" class=\"aligncenter\">\n      <\/div>\n<div class=\"magic-20\">\n       <img decoding=\"async\" src=\"https:\/\/sc02.alicdn.com\/kf\/HTB1IIVWaOrxK1RkHFCcq6AQCVXaA\/64496\/HTB1IIVWaOrxK1RkHFCcq6AQCVXaA.jpg\" class=\"aligncenter\">\n      <\/div>\n<\/p><\/div>\n<\/p><\/div>\n<\/p><\/div>\n<\/p><\/div>\n<\/p><\/div>\n<div module-id=\"28029401631\" module-title=\"detailSingleImage\" render=\"true\" class=\"J_module\">\n<div class=\"icbu-pc-images magic-15\">\n<div>\n<div class=\"flex-layout-v\">\n<div class=\"flex-layout-h magic-15\">\n<div class=\"magic-25\">\n       <img decoding=\"async\" src=\"https:\/\/sc02.alicdn.com\/kf\/HTB1eQV7aI_vK1RkSmRyq6xwupXaI\/64496\/HTB1eQV7aI_vK1RkSmRyq6xwupXaI.jpg\" class=\"aligncenter\">\n      <\/div>\n<\/p><\/div>\n<\/p><\/div>\n<\/p><\/div>\n<\/p><\/div>\n<\/p><\/div>\n<\/div>","protected":false},"excerpt":{"rendered":"<p>Selladora lateral autom\u00e1tica y t\u00fanel de retractilado<\/p>","protected":false},"featured_media":3176,"comment_status":"closed","ping_status":"open","template":"","meta":[],"product_brand":[],"product_cat":[122,97],"product_tag":[],"class_list":{"0":"post-3175","1":"product","2":"type-product","3":"status-publish","4":"has-post-thumbnail","6":"product_cat-l-type-sealer","7":"product_cat-sealing-machines","9":"first","10":"instock","11":"sale","12":"purchasable","13":"product-type-simple"},"yoast_head":"<!-- This site is optimized with the Yoast SEO Premium plugin v20.9 (Yoast SEO v26.5) - https:\/\/yoast.com\/wordpress\/plugins\/seo\/ -->\n<title>DQL4518S Automatic side Sealer sealing machine and DSC4525L Shrink tunnel packager - ALF PACK<\/title>\n<meta name=\"robots\" content=\"index, follow, max-snippet:-1, max-image-preview:large, max-video-preview:-1\" \/>\n<link rel=\"canonical\" href=\"https:\/\/alfequipment.com\/es\/product\/dql4518s-selladora-lateral-automatica-y-dsc4525l-envasadora-de-tunel-de-retractilado\/\" \/>\n<meta property=\"og:locale\" content=\"es_ES\" \/>\n<meta property=\"og:type\" content=\"article\" \/>\n<meta property=\"og:title\" content=\"DQL4518S Automatic side Sealer sealing machine and DSC4525L Shrink tunnel packager\" \/>\n<meta property=\"og:description\" content=\"Automatic Side Sealer And Shrink Tunnel\" \/>\n<meta property=\"og:url\" content=\"https:\/\/alfequipment.com\/es\/product\/dql4518s-selladora-lateral-automatica-y-dsc4525l-envasadora-de-tunel-de-retractilado\/\" \/>\n<meta property=\"og:site_name\" content=\"ALF PACK\" \/>\n<meta property=\"article:modified_time\" content=\"2025-01-14T02:48:49+00:00\" \/>\n<meta property=\"og:image\" content=\"https:\/\/alfequipment.com\/wp-content\/uploads\/2025\/01\/H7c14bdd80a0440f8a9b7307d5cc04d51P.jpg\" \/>\n\t<meta property=\"og:image:width\" content=\"800\" \/>\n\t<meta property=\"og:image:height\" content=\"800\" \/>\n\t<meta property=\"og:image:type\" content=\"image\/webp\" \/>\n<meta name=\"twitter:card\" content=\"summary_large_image\" \/>\n<meta name=\"twitter:label1\" content=\"Tiempo de lectura\" \/>\n\t<meta name=\"twitter:data1\" content=\"2 minutos\" \/>\n<script type=\"application\/ld+json\" class=\"yoast-schema-graph\">{\"@context\":\"https:\/\/schema.org\",\"@graph\":[{\"@type\":\"WebPage\",\"@id\":\"https:\/\/alfequipment.com\/product\/dql4518s-automatic-side-sealer-sealing-machine-and-dsc4525l-shrink-tunnel-packager\/\",\"url\":\"https:\/\/alfequipment.com\/product\/dql4518s-automatic-side-sealer-sealing-machine-and-dsc4525l-shrink-tunnel-packager\/\",\"name\":\"DQL4518S Automatic side Sealer sealing machine and DSC4525L Shrink tunnel packager - ALF PACK\",\"isPartOf\":{\"@id\":\"https:\/\/alfequipment.com\/#website\"},\"primaryImageOfPage\":{\"@id\":\"https:\/\/alfequipment.com\/product\/dql4518s-automatic-side-sealer-sealing-machine-and-dsc4525l-shrink-tunnel-packager\/#primaryimage\"},\"image\":{\"@id\":\"https:\/\/alfequipment.com\/product\/dql4518s-automatic-side-sealer-sealing-machine-and-dsc4525l-shrink-tunnel-packager\/#primaryimage\"},\"thumbnailUrl\":\"https:\/\/alfequipment.com\/wp-content\/uploads\/2025\/01\/H7c14bdd80a0440f8a9b7307d5cc04d51P.jpg\",\"datePublished\":\"2024-12-23T02:58:08+00:00\",\"dateModified\":\"2025-01-14T02:48:49+00:00\",\"breadcrumb\":{\"@id\":\"https:\/\/alfequipment.com\/product\/dql4518s-automatic-side-sealer-sealing-machine-and-dsc4525l-shrink-tunnel-packager\/#breadcrumb\"},\"inLanguage\":\"es\",\"potentialAction\":[{\"@type\":\"ReadAction\",\"target\":[\"https:\/\/alfequipment.com\/product\/dql4518s-automatic-side-sealer-sealing-machine-and-dsc4525l-shrink-tunnel-packager\/\"]}]},{\"@type\":\"ImageObject\",\"inLanguage\":\"es\",\"@id\":\"https:\/\/alfequipment.com\/product\/dql4518s-automatic-side-sealer-sealing-machine-and-dsc4525l-shrink-tunnel-packager\/#primaryimage\",\"url\":\"https:\/\/alfequipment.com\/wp-content\/uploads\/2025\/01\/H7c14bdd80a0440f8a9b7307d5cc04d51P.jpg\",\"contentUrl\":\"https:\/\/alfequipment.com\/wp-content\/uploads\/2025\/01\/H7c14bdd80a0440f8a9b7307d5cc04d51P.jpg\",\"width\":800,\"height\":800},{\"@type\":\"BreadcrumbList\",\"@id\":\"https:\/\/alfequipment.com\/product\/dql4518s-automatic-side-sealer-sealing-machine-and-dsc4525l-shrink-tunnel-packager\/#breadcrumb\",\"itemListElement\":[{\"@type\":\"ListItem\",\"position\":1,\"name\":\"Home\",\"item\":\"https:\/\/alfequipment.com\/\"},{\"@type\":\"ListItem\",\"position\":2,\"name\":\"Shop\",\"item\":\"https:\/\/alfequipment.com\/shop\/\"},{\"@type\":\"ListItem\",\"position\":3,\"name\":\"DQL4518S Automatic side Sealer sealing machine and DSC4525L Shrink tunnel packager\"}]},{\"@type\":\"WebSite\",\"@id\":\"https:\/\/alfequipment.com\/#website\",\"url\":\"https:\/\/alfequipment.com\/\",\"name\":\"ALF PACK\",\"description\":\"\",\"publisher\":{\"@id\":\"https:\/\/alfequipment.com\/#organization\"},\"potentialAction\":[{\"@type\":\"SearchAction\",\"target\":{\"@type\":\"EntryPoint\",\"urlTemplate\":\"https:\/\/alfequipment.com\/?s={search_term_string}\"},\"query-input\":{\"@type\":\"PropertyValueSpecification\",\"valueRequired\":true,\"valueName\":\"search_term_string\"}}],\"inLanguage\":\"es\"},{\"@type\":\"Organization\",\"@id\":\"https:\/\/alfequipment.com\/#organization\",\"name\":\"ALF PACK\",\"url\":\"https:\/\/alfequipment.com\/\",\"logo\":{\"@type\":\"ImageObject\",\"inLanguage\":\"es\",\"@id\":\"https:\/\/alfequipment.com\/#\/schema\/logo\/image\/\",\"url\":\"https:\/\/alfequipment.com\/wp-content\/uploads\/2024\/11\/ALFlogo-2.webp\",\"contentUrl\":\"https:\/\/alfequipment.com\/wp-content\/uploads\/2024\/11\/ALFlogo-2.webp\",\"width\":758,\"height\":750,\"caption\":\"ALF PACK\"},\"image\":{\"@id\":\"https:\/\/alfequipment.com\/#\/schema\/logo\/image\/\"}}]}<\/script>\n<!-- \/ Yoast SEO Premium plugin. -->","yoast_head_json":{"title":"DQL4518S Selladora lateral autom\u00e1tica y DSC4525L Envasadora de t\u00fanel de retractilado - ALF PACK","robots":{"index":"index","follow":"follow","max-snippet":"max-snippet:-1","max-image-preview":"max-image-preview:large","max-video-preview":"max-video-preview:-1"},"canonical":"https:\/\/alfequipment.com\/es\/product\/dql4518s-selladora-lateral-automatica-y-dsc4525l-envasadora-de-tunel-de-retractilado\/","og_locale":"es_ES","og_type":"article","og_title":"DQL4518S Automatic side Sealer sealing machine and DSC4525L Shrink tunnel packager","og_description":"Automatic Side Sealer And Shrink Tunnel","og_url":"https:\/\/alfequipment.com\/es\/product\/dql4518s-selladora-lateral-automatica-y-dsc4525l-envasadora-de-tunel-de-retractilado\/","og_site_name":"ALF PACK","article_modified_time":"2025-01-14T02:48:49+00:00","og_image":[{"width":800,"height":800,"url":"https:\/\/alfequipment.com\/wp-content\/uploads\/2025\/01\/H7c14bdd80a0440f8a9b7307d5cc04d51P.jpg","type":"image\/webp"}],"twitter_card":"summary_large_image","twitter_misc":{"Tiempo de lectura":"2 minutos"},"schema":{"@context":"https:\/\/schema.org","@graph":[{"@type":"WebPage","@id":"https:\/\/alfequipment.com\/product\/dql4518s-automatic-side-sealer-sealing-machine-and-dsc4525l-shrink-tunnel-packager\/","url":"https:\/\/alfequipment.com\/product\/dql4518s-automatic-side-sealer-sealing-machine-and-dsc4525l-shrink-tunnel-packager\/","name":"DQL4518S Selladora lateral autom\u00e1tica y DSC4525L Envasadora de t\u00fanel de retractilado - ALF PACK","isPartOf":{"@id":"https:\/\/alfequipment.com\/#website"},"primaryImageOfPage":{"@id":"https:\/\/alfequipment.com\/product\/dql4518s-automatic-side-sealer-sealing-machine-and-dsc4525l-shrink-tunnel-packager\/#primaryimage"},"image":{"@id":"https:\/\/alfequipment.com\/product\/dql4518s-automatic-side-sealer-sealing-machine-and-dsc4525l-shrink-tunnel-packager\/#primaryimage"},"thumbnailUrl":"https:\/\/alfequipment.com\/wp-content\/uploads\/2025\/01\/H7c14bdd80a0440f8a9b7307d5cc04d51P.jpg","datePublished":"2024-12-23T02:58:08+00:00","dateModified":"2025-01-14T02:48:49+00:00","breadcrumb":{"@id":"https:\/\/alfequipment.com\/product\/dql4518s-automatic-side-sealer-sealing-machine-and-dsc4525l-shrink-tunnel-packager\/#breadcrumb"},"inLanguage":"es","potentialAction":[{"@type":"ReadAction","target":["https:\/\/alfequipment.com\/product\/dql4518s-automatic-side-sealer-sealing-machine-and-dsc4525l-shrink-tunnel-packager\/"]}]},{"@type":"ImageObject","inLanguage":"es","@id":"https:\/\/alfequipment.com\/product\/dql4518s-automatic-side-sealer-sealing-machine-and-dsc4525l-shrink-tunnel-packager\/#primaryimage","url":"https:\/\/alfequipment.com\/wp-content\/uploads\/2025\/01\/H7c14bdd80a0440f8a9b7307d5cc04d51P.jpg","contentUrl":"https:\/\/alfequipment.com\/wp-content\/uploads\/2025\/01\/H7c14bdd80a0440f8a9b7307d5cc04d51P.jpg","width":800,"height":800},{"@type":"BreadcrumbList","@id":"https:\/\/alfequipment.com\/product\/dql4518s-automatic-side-sealer-sealing-machine-and-dsc4525l-shrink-tunnel-packager\/#breadcrumb","itemListElement":[{"@type":"ListItem","position":1,"name":"Home","item":"https:\/\/alfequipment.com\/"},{"@type":"ListItem","position":2,"name":"Shop","item":"https:\/\/alfequipment.com\/shop\/"},{"@type":"ListItem","position":3,"name":"DQL4518S Automatic side Sealer sealing machine and DSC4525L Shrink tunnel packager"}]},{"@type":"WebSite","@id":"https:\/\/alfequipment.com\/#website","url":"https:\/\/alfequipment.com\/","name":"PAQUETE ALF","description":"","publisher":{"@id":"https:\/\/alfequipment.com\/#organization"},"potentialAction":[{"@type":"SearchAction","target":{"@type":"EntryPoint","urlTemplate":"https:\/\/alfequipment.com\/?s={search_term_string}"},"query-input":{"@type":"PropertyValueSpecification","valueRequired":true,"valueName":"search_term_string"}}],"inLanguage":"es"},{"@type":"Organization","@id":"https:\/\/alfequipment.com\/#organization","name":"PAQUETE ALF","url":"https:\/\/alfequipment.com\/","logo":{"@type":"ImageObject","inLanguage":"es","@id":"https:\/\/alfequipment.com\/#\/schema\/logo\/image\/","url":"https:\/\/alfequipment.com\/wp-content\/uploads\/2024\/11\/ALFlogo-2.webp","contentUrl":"https:\/\/alfequipment.com\/wp-content\/uploads\/2024\/11\/ALFlogo-2.webp","width":758,"height":750,"caption":"ALF PACK"},"image":{"@id":"https:\/\/alfequipment.com\/#\/schema\/logo\/image\/"}}]}},"_links":{"self":[{"href":"https:\/\/alfequipment.com\/es\/wp-json\/wp\/v2\/product\/3175","targetHints":{"allow":["GET"]}}],"collection":[{"href":"https:\/\/alfequipment.com\/es\/wp-json\/wp\/v2\/product"}],"about":[{"href":"https:\/\/alfequipment.com\/es\/wp-json\/wp\/v2\/types\/product"}],"replies":[{"embeddable":true,"href":"https:\/\/alfequipment.com\/es\/wp-json\/wp\/v2\/comments?post=3175"}],"version-history":[{"count":0,"href":"https:\/\/alfequipment.com\/es\/wp-json\/wp\/v2\/product\/3175\/revisions"}],"wp:featuredmedia":[{"embeddable":true,"href":"https:\/\/alfequipment.com\/es\/wp-json\/wp\/v2\/media\/3176"}],"wp:attachment":[{"href":"https:\/\/alfequipment.com\/es\/wp-json\/wp\/v2\/media?parent=3175"}],"wp:term":[{"taxonomy":"product_brand","embeddable":true,"href":"https:\/\/alfequipment.com\/es\/wp-json\/wp\/v2\/product_brand?post=3175"},{"taxonomy":"product_cat","embeddable":true,"href":"https:\/\/alfequipment.com\/es\/wp-json\/wp\/v2\/product_cat?post=3175"},{"taxonomy":"product_tag","embeddable":true,"href":"https:\/\/alfequipment.com\/es\/wp-json\/wp\/v2\/product_tag?post=3175"}],"curies":[{"name":"wp","href":"https:\/\/api.w.org\/{rel}","templated":true}]}}