{"id":3185,"date":"2024-12-30T15:36:07","date_gmt":"2024-12-30T15:36:07","guid":{"rendered":"https:\/\/alfequipment.com\/product\/frd1200v-vertical-solid-ink-coding-band-sealer-for-pe-bag-sealing-machine-with-solid-ink-code-printer\/"},"modified":"2025-01-13T15:00:38","modified_gmt":"2025-01-13T15:00:38","slug":"frd1200v-selladora-de-banda-vertical-de-codificacion-de-tinta-solida-para-bolsas-pe-maquina-selladora-con-impresora-de-codigo-de-tinta-solida","status":"publish","type":"product","link":"https:\/\/alfequipment.com\/es\/product\/frd1200v-selladora-de-banda-vertical-de-codificacion-de-tinta-solida-para-bolsas-pe-maquina-selladora-con-impresora-de-codigo-de-tinta-solida\/","title":{"rendered":"FRD1200V Selladora de banda vertical de codificaci\u00f3n de tinta s\u00f3lida para bolsas de PE con impresora de c\u00f3digo de tinta s\u00f3lida"},"content":{"rendered":"<div data-magic-global=\"%7B%22bizId%22%3A17179933680%2C%22pageId%22%3A5022081383%2C%22siteId%22%3A5005331025%7D\" id=\"detail_decorate_root\">\n<div module-id=\"5559149630\" module-title=\"detailProductNavigation\" render=\"true\" class=\"J_module\">\n<div id=\"ali-anchor-AliMagic-7cucb2\" data-section=\"AliMagic-7cucb2\" data-section-title=\"Product Description\" class=\"magic-0\">1.Las m\u00e1quinas de sellado de film continuo de la serie FRD terminan el transporte continuo, el sellado y la impresi\u00f3n en una sola operaci\u00f3n.<\/div>\n<\/div>\n<div module-id=\"5559149631\" module-title=\"detailTextWithTitle\" render=\"true\" class=\"J_module\">\n<div class=\"detail-decorate-json-renderer-container\">\n<div class=\"magic-1\">\n<div class=\"magic-4\">\n<div class=\"magic-5\">\n<div class=\"magic-6\">\n<p class=\"magic-7\">2.Adopta un mecanismo electr\u00f3nico de temperatura constante y un motor de transmisi\u00f3n de regulaci\u00f3n continua de la velocidad.<br \/>3.Puede sellar pel\u00edcula de pl\u00e1stico en varios tipos de materiales, especialmente para bolsas de PE.<br \/>4.Se puede ajustar la altura de sellado.<br \/>5.Bloque de calefacci\u00f3n y bloque de refrigeraci\u00f3n m\u00e1s largos.<\/p>\n<\/p><\/div>\n<\/p><\/div>\n<\/p><\/div>\n<\/p><\/div>\n<\/p><\/div>\n<\/p><\/div>\n<div module-id=\"5559149632\" module-title=\"detailTableHorizontal\" render=\"true\" class=\"J_module\">\n<div class=\"ife-detail-decorate-table\">\n<table class=\"has-title all magic-8\">\n<tbody>\n<tr>\n<td>\n<div class=\"magic-9\">\n        Modelo\n       <\/div>\n<\/td>\n<td>\n<div class=\"magic-10\">\n        FRD-1200V\n       <\/div>\n<\/td>\n<\/tr>\n<tr>\n<td>\n<div class=\"magic-9\">\n        tensi\u00f3n\n       <\/div>\n<\/td>\n<td>\n<div class=\"magic-11\">\n        110\/220V 50-60Hz\n       <\/div>\n<\/td>\n<\/tr>\n<tr>\n<td>\n<div class=\"magic-9\">\n        potencia\n       <\/div>\n<\/td>\n<td>\n<div class=\"magic-11\">\n        1355W\n       <\/div>\n<\/td>\n<\/tr>\n<tr>\n<td>\n<div class=\"magic-9\">\n        Velocidad de sellado\n       <\/div>\n<\/td>\n<td>\n<div class=\"magic-11\">\n        0-12 m\/min\n       <\/div>\n<\/td>\n<\/tr>\n<tr>\n<td>\n<div class=\"magic-9\">\n        Anchura de sellado\n       <\/div>\n<\/td>\n<td>\n<div class=\"magic-11\">\n        6-12 mm\n       <\/div>\n<\/td>\n<\/tr>\n<tr>\n<td>\n<div class=\"magic-9\">\n        Altura\n       <\/div>\n<\/td>\n<td>\n<div class=\"magic-11\">\n        80-600mm\n       <\/div>\n<\/td>\n<\/tr>\n<tr>\n<td>\n<div class=\"magic-9\">\n        Temperatura\n       <\/div>\n<\/td>\n<td>\n<div class=\"magic-11\">\n        0-300\u00e2\n       <\/div>\n<\/td>\n<\/tr>\n<tr>\n<td>\n<div class=\"magic-9\">\n        Carga m\u00e1xima del transportador\n       <\/div>\n<\/td>\n<td>\n<div class=\"magic-11\">\n        15KGS\n       <\/div>\n<\/td>\n<\/tr>\n<tr>\n<td>\n<div class=\"magic-9\">\n        Categor\u00eda de impresi\u00f3n\n       <\/div>\n<\/td>\n<td>\n<div class=\"magic-11\">\n        Impresi\u00f3n en tinta s\u00f3lida\n       <\/div>\n<\/td>\n<\/tr>\n<tr>\n<td>\n<div class=\"magic-9\">\n        Peso de la m\u00e1quina\n       <\/div>\n<\/td>\n<td>\n<div class=\"magic-11\">\n        45KGS\n       <\/div>\n<\/td>\n<\/tr>\n<tr>\n<td>\n<div class=\"magic-9\">\n        Tama\u00f1o de la m\u00e1quina\n       <\/div>\n<\/td>\n<td>\n<div class=\"magic-11\">\n        1371*580*1228mm\n       <\/div>\n<\/td>\n<\/tr>\n<\/tbody>\n<\/table><\/div>\n<\/p><\/div>\n<div module-id=\"5559149633\" module-title=\"detailSingleImage\" render=\"true\" class=\"J_module\">\n<div class=\"icbu-pc-images magic-12\">\n<div>\n<div class=\"flex-layout-v\">\n<div class=\"flex-layout-h magic-12\">\n<div class=\"magic-13\">\n       <img decoding=\"async\" src=\"https:\/\/sc01.alicdn.com\/kf\/HTB12wKAXjzuK1RjSspeq6ziHVXaL\/64496\/HTB12wKAXjzuK1RjSspeq6ziHVXaL.jpg\" class=\"aligncenter\">\n      <\/div>\n<\/p><\/div>\n<\/p><\/div>\n<\/p><\/div>\n<\/p><\/div>\n<\/p><\/div>\n<div module-id=\"5559149634\" module-title=\"detailVerticalImages\" render=\"true\" class=\"J_module\">\n<div class=\"icbu-pc-images magic-12\">\n<div>\n<div class=\"flex-layout-v\">\n<div class=\"magic-15\">\n      <img decoding=\"async\" src=\"https:\/\/sc02.alicdn.com\/kf\/HTB1PeTrXcnrK1RkHFrdq6xCoFXa9\/64496\/HTB1PeTrXcnrK1RkHFrdq6xCoFXa9.jpg\" class=\"aligncenter\">\n     <\/div>\n<div class=\"flex-layout-h magic-12\">\n<div class=\"magic-17\">\n       <img decoding=\"async\" src=\"https:\/\/sc01.alicdn.com\/kf\/HTB1D32qXovrK1RjSspcq6zzSXXaK\/64496\/HTB1D32qXovrK1RjSspcq6zzSXXaK.jpg\" class=\"aligncenter\">\n      <\/div>\n<div class=\"magic-19\">\n       <img decoding=\"async\" src=\"https:\/\/sc02.alicdn.com\/kf\/HTB1NxfrXcrrK1RjSspaq6AREXXaN\/64496\/HTB1NxfrXcrrK1RjSspaq6AREXXaN.jpg\" class=\"aligncenter\">\n      <\/div>\n<\/p><\/div>\n<\/p><\/div>\n<\/p><\/div>\n<\/p><\/div>\n<\/p><\/div>\n<\/div>","protected":false},"excerpt":{"rendered":"<p>Selladora de banda de impresi\u00f3n vertical de c\u00f3digos de tinta s\u00f3lida<\/p>","protected":false},"featured_media":3186,"comment_status":"closed","ping_status":"open","template":"","meta":[],"product_brand":[],"product_cat":[119,97],"product_tag":[],"class_list":{"0":"post-3185","1":"product","2":"type-product","3":"status-publish","4":"has-post-thumbnail","6":"product_cat-band-sealer","7":"product_cat-sealing-machines","9":"first","10":"instock","11":"sale","12":"purchasable","13":"product-type-simple"},"yoast_head":"<!-- This site is optimized with the Yoast SEO Premium plugin v20.9 (Yoast SEO v26.5) - https:\/\/yoast.com\/wordpress\/plugins\/seo\/ -->\n<title>FRD1200V Vertical solid ink coding band sealer for PE bag sealing machine with solid-ink code printer - ALF PACK<\/title>\n<meta name=\"robots\" content=\"index, follow, max-snippet:-1, max-image-preview:large, max-video-preview:-1\" \/>\n<link rel=\"canonical\" href=\"https:\/\/alfequipment.com\/es\/product\/frd1200v-selladora-de-banda-vertical-de-codificacion-de-tinta-solida-para-bolsas-pe-maquina-selladora-con-impresora-de-codigo-de-tinta-solida\/\" \/>\n<meta property=\"og:locale\" content=\"es_ES\" \/>\n<meta property=\"og:type\" content=\"article\" \/>\n<meta property=\"og:title\" content=\"FRD1200V Vertical solid ink coding band sealer for PE bag sealing machine with solid-ink code printer\" \/>\n<meta property=\"og:description\" content=\"Vertical Solid Ink Code Printing Band Sealer\" \/>\n<meta property=\"og:url\" content=\"https:\/\/alfequipment.com\/es\/product\/frd1200v-selladora-de-banda-vertical-de-codificacion-de-tinta-solida-para-bolsas-pe-maquina-selladora-con-impresora-de-codigo-de-tinta-solida\/\" \/>\n<meta property=\"og:site_name\" content=\"ALF PACK\" \/>\n<meta property=\"article:modified_time\" content=\"2025-01-13T15:00:38+00:00\" \/>\n<meta property=\"og:image\" content=\"https:\/\/alfequipment.com\/wp-content\/uploads\/2025\/01\/H59d893dbb96f4990b806fbd784ac9d0fv.jpg\" \/>\n\t<meta property=\"og:image:width\" content=\"800\" \/>\n\t<meta property=\"og:image:height\" content=\"800\" \/>\n\t<meta property=\"og:image:type\" content=\"image\/webp\" \/>\n<meta name=\"twitter:card\" content=\"summary_large_image\" \/>\n<script type=\"application\/ld+json\" class=\"yoast-schema-graph\">{\"@context\":\"https:\/\/schema.org\",\"@graph\":[{\"@type\":\"WebPage\",\"@id\":\"https:\/\/alfequipment.com\/product\/frd1200v-vertical-solid-ink-coding-band-sealer-for-pe-bag-sealing-machine-with-solid-ink-code-printer\/\",\"url\":\"https:\/\/alfequipment.com\/product\/frd1200v-vertical-solid-ink-coding-band-sealer-for-pe-bag-sealing-machine-with-solid-ink-code-printer\/\",\"name\":\"FRD1200V Vertical solid ink coding band sealer for PE bag sealing machine with solid-ink code printer - ALF PACK\",\"isPartOf\":{\"@id\":\"https:\/\/alfequipment.com\/#website\"},\"primaryImageOfPage\":{\"@id\":\"https:\/\/alfequipment.com\/product\/frd1200v-vertical-solid-ink-coding-band-sealer-for-pe-bag-sealing-machine-with-solid-ink-code-printer\/#primaryimage\"},\"image\":{\"@id\":\"https:\/\/alfequipment.com\/product\/frd1200v-vertical-solid-ink-coding-band-sealer-for-pe-bag-sealing-machine-with-solid-ink-code-printer\/#primaryimage\"},\"thumbnailUrl\":\"https:\/\/alfequipment.com\/wp-content\/uploads\/2025\/01\/H59d893dbb96f4990b806fbd784ac9d0fv.jpg\",\"datePublished\":\"2024-12-30T15:36:07+00:00\",\"dateModified\":\"2025-01-13T15:00:38+00:00\",\"breadcrumb\":{\"@id\":\"https:\/\/alfequipment.com\/product\/frd1200v-vertical-solid-ink-coding-band-sealer-for-pe-bag-sealing-machine-with-solid-ink-code-printer\/#breadcrumb\"},\"inLanguage\":\"es\",\"potentialAction\":[{\"@type\":\"ReadAction\",\"target\":[\"https:\/\/alfequipment.com\/product\/frd1200v-vertical-solid-ink-coding-band-sealer-for-pe-bag-sealing-machine-with-solid-ink-code-printer\/\"]}]},{\"@type\":\"ImageObject\",\"inLanguage\":\"es\",\"@id\":\"https:\/\/alfequipment.com\/product\/frd1200v-vertical-solid-ink-coding-band-sealer-for-pe-bag-sealing-machine-with-solid-ink-code-printer\/#primaryimage\",\"url\":\"https:\/\/alfequipment.com\/wp-content\/uploads\/2025\/01\/H59d893dbb96f4990b806fbd784ac9d0fv.jpg\",\"contentUrl\":\"https:\/\/alfequipment.com\/wp-content\/uploads\/2025\/01\/H59d893dbb96f4990b806fbd784ac9d0fv.jpg\",\"width\":800,\"height\":800},{\"@type\":\"BreadcrumbList\",\"@id\":\"https:\/\/alfequipment.com\/product\/frd1200v-vertical-solid-ink-coding-band-sealer-for-pe-bag-sealing-machine-with-solid-ink-code-printer\/#breadcrumb\",\"itemListElement\":[{\"@type\":\"ListItem\",\"position\":1,\"name\":\"Home\",\"item\":\"https:\/\/alfequipment.com\/\"},{\"@type\":\"ListItem\",\"position\":2,\"name\":\"Shop\",\"item\":\"https:\/\/alfequipment.com\/shop\/\"},{\"@type\":\"ListItem\",\"position\":3,\"name\":\"FRD1200V Vertical solid ink coding band sealer for PE bag sealing machine with solid-ink code printer\"}]},{\"@type\":\"WebSite\",\"@id\":\"https:\/\/alfequipment.com\/#website\",\"url\":\"https:\/\/alfequipment.com\/\",\"name\":\"ALF PACK\",\"description\":\"\",\"publisher\":{\"@id\":\"https:\/\/alfequipment.com\/#organization\"},\"potentialAction\":[{\"@type\":\"SearchAction\",\"target\":{\"@type\":\"EntryPoint\",\"urlTemplate\":\"https:\/\/alfequipment.com\/?s={search_term_string}\"},\"query-input\":{\"@type\":\"PropertyValueSpecification\",\"valueRequired\":true,\"valueName\":\"search_term_string\"}}],\"inLanguage\":\"es\"},{\"@type\":\"Organization\",\"@id\":\"https:\/\/alfequipment.com\/#organization\",\"name\":\"ALF PACK\",\"url\":\"https:\/\/alfequipment.com\/\",\"logo\":{\"@type\":\"ImageObject\",\"inLanguage\":\"es\",\"@id\":\"https:\/\/alfequipment.com\/#\/schema\/logo\/image\/\",\"url\":\"https:\/\/alfequipment.com\/wp-content\/uploads\/2024\/11\/ALFlogo-2.webp\",\"contentUrl\":\"https:\/\/alfequipment.com\/wp-content\/uploads\/2024\/11\/ALFlogo-2.webp\",\"width\":758,\"height\":750,\"caption\":\"ALF PACK\"},\"image\":{\"@id\":\"https:\/\/alfequipment.com\/#\/schema\/logo\/image\/\"}}]}<\/script>\n<!-- \/ Yoast SEO Premium plugin. -->","yoast_head_json":{"title":"FRD1200V Selladora vertical de banda con codificaci\u00f3n de tinta s\u00f3lida para bolsas de PE con impresora de c\u00f3digo de tinta s\u00f3lida - ALF PACK","robots":{"index":"index","follow":"follow","max-snippet":"max-snippet:-1","max-image-preview":"max-image-preview:large","max-video-preview":"max-video-preview:-1"},"canonical":"https:\/\/alfequipment.com\/es\/product\/frd1200v-selladora-de-banda-vertical-de-codificacion-de-tinta-solida-para-bolsas-pe-maquina-selladora-con-impresora-de-codigo-de-tinta-solida\/","og_locale":"es_ES","og_type":"article","og_title":"FRD1200V Vertical solid ink coding band sealer for PE bag sealing machine with solid-ink code printer","og_description":"Vertical Solid Ink Code Printing Band Sealer","og_url":"https:\/\/alfequipment.com\/es\/product\/frd1200v-selladora-de-banda-vertical-de-codificacion-de-tinta-solida-para-bolsas-pe-maquina-selladora-con-impresora-de-codigo-de-tinta-solida\/","og_site_name":"ALF PACK","article_modified_time":"2025-01-13T15:00:38+00:00","og_image":[{"width":800,"height":800,"url":"https:\/\/alfequipment.com\/wp-content\/uploads\/2025\/01\/H59d893dbb96f4990b806fbd784ac9d0fv.jpg","type":"image\/webp"}],"twitter_card":"summary_large_image","schema":{"@context":"https:\/\/schema.org","@graph":[{"@type":"WebPage","@id":"https:\/\/alfequipment.com\/product\/frd1200v-vertical-solid-ink-coding-band-sealer-for-pe-bag-sealing-machine-with-solid-ink-code-printer\/","url":"https:\/\/alfequipment.com\/product\/frd1200v-vertical-solid-ink-coding-band-sealer-for-pe-bag-sealing-machine-with-solid-ink-code-printer\/","name":"FRD1200V Selladora vertical de banda con codificaci\u00f3n de tinta s\u00f3lida para bolsas de PE con impresora de c\u00f3digo de tinta s\u00f3lida - ALF PACK","isPartOf":{"@id":"https:\/\/alfequipment.com\/#website"},"primaryImageOfPage":{"@id":"https:\/\/alfequipment.com\/product\/frd1200v-vertical-solid-ink-coding-band-sealer-for-pe-bag-sealing-machine-with-solid-ink-code-printer\/#primaryimage"},"image":{"@id":"https:\/\/alfequipment.com\/product\/frd1200v-vertical-solid-ink-coding-band-sealer-for-pe-bag-sealing-machine-with-solid-ink-code-printer\/#primaryimage"},"thumbnailUrl":"https:\/\/alfequipment.com\/wp-content\/uploads\/2025\/01\/H59d893dbb96f4990b806fbd784ac9d0fv.jpg","datePublished":"2024-12-30T15:36:07+00:00","dateModified":"2025-01-13T15:00:38+00:00","breadcrumb":{"@id":"https:\/\/alfequipment.com\/product\/frd1200v-vertical-solid-ink-coding-band-sealer-for-pe-bag-sealing-machine-with-solid-ink-code-printer\/#breadcrumb"},"inLanguage":"es","potentialAction":[{"@type":"ReadAction","target":["https:\/\/alfequipment.com\/product\/frd1200v-vertical-solid-ink-coding-band-sealer-for-pe-bag-sealing-machine-with-solid-ink-code-printer\/"]}]},{"@type":"ImageObject","inLanguage":"es","@id":"https:\/\/alfequipment.com\/product\/frd1200v-vertical-solid-ink-coding-band-sealer-for-pe-bag-sealing-machine-with-solid-ink-code-printer\/#primaryimage","url":"https:\/\/alfequipment.com\/wp-content\/uploads\/2025\/01\/H59d893dbb96f4990b806fbd784ac9d0fv.jpg","contentUrl":"https:\/\/alfequipment.com\/wp-content\/uploads\/2025\/01\/H59d893dbb96f4990b806fbd784ac9d0fv.jpg","width":800,"height":800},{"@type":"BreadcrumbList","@id":"https:\/\/alfequipment.com\/product\/frd1200v-vertical-solid-ink-coding-band-sealer-for-pe-bag-sealing-machine-with-solid-ink-code-printer\/#breadcrumb","itemListElement":[{"@type":"ListItem","position":1,"name":"Home","item":"https:\/\/alfequipment.com\/"},{"@type":"ListItem","position":2,"name":"Shop","item":"https:\/\/alfequipment.com\/shop\/"},{"@type":"ListItem","position":3,"name":"FRD1200V Vertical solid ink coding band sealer for PE bag sealing machine with solid-ink code printer"}]},{"@type":"WebSite","@id":"https:\/\/alfequipment.com\/#website","url":"https:\/\/alfequipment.com\/","name":"PAQUETE ALF","description":"","publisher":{"@id":"https:\/\/alfequipment.com\/#organization"},"potentialAction":[{"@type":"SearchAction","target":{"@type":"EntryPoint","urlTemplate":"https:\/\/alfequipment.com\/?s={search_term_string}"},"query-input":{"@type":"PropertyValueSpecification","valueRequired":true,"valueName":"search_term_string"}}],"inLanguage":"es"},{"@type":"Organization","@id":"https:\/\/alfequipment.com\/#organization","name":"PAQUETE ALF","url":"https:\/\/alfequipment.com\/","logo":{"@type":"ImageObject","inLanguage":"es","@id":"https:\/\/alfequipment.com\/#\/schema\/logo\/image\/","url":"https:\/\/alfequipment.com\/wp-content\/uploads\/2024\/11\/ALFlogo-2.webp","contentUrl":"https:\/\/alfequipment.com\/wp-content\/uploads\/2024\/11\/ALFlogo-2.webp","width":758,"height":750,"caption":"ALF PACK"},"image":{"@id":"https:\/\/alfequipment.com\/#\/schema\/logo\/image\/"}}]}},"_links":{"self":[{"href":"https:\/\/alfequipment.com\/es\/wp-json\/wp\/v2\/product\/3185","targetHints":{"allow":["GET"]}}],"collection":[{"href":"https:\/\/alfequipment.com\/es\/wp-json\/wp\/v2\/product"}],"about":[{"href":"https:\/\/alfequipment.com\/es\/wp-json\/wp\/v2\/types\/product"}],"replies":[{"embeddable":true,"href":"https:\/\/alfequipment.com\/es\/wp-json\/wp\/v2\/comments?post=3185"}],"version-history":[{"count":0,"href":"https:\/\/alfequipment.com\/es\/wp-json\/wp\/v2\/product\/3185\/revisions"}],"wp:featuredmedia":[{"embeddable":true,"href":"https:\/\/alfequipment.com\/es\/wp-json\/wp\/v2\/media\/3186"}],"wp:attachment":[{"href":"https:\/\/alfequipment.com\/es\/wp-json\/wp\/v2\/media?parent=3185"}],"wp:term":[{"taxonomy":"product_brand","embeddable":true,"href":"https:\/\/alfequipment.com\/es\/wp-json\/wp\/v2\/product_brand?post=3185"},{"taxonomy":"product_cat","embeddable":true,"href":"https:\/\/alfequipment.com\/es\/wp-json\/wp\/v2\/product_cat?post=3185"},{"taxonomy":"product_tag","embeddable":true,"href":"https:\/\/alfequipment.com\/es\/wp-json\/wp\/v2\/product_tag?post=3185"}],"curies":[{"name":"wp","href":"https:\/\/api.w.org\/{rel}","templated":true}]}}