{"id":3197,"date":"2025-01-12T12:00:02","date_gmt":"2025-01-12T12:00:02","guid":{"rendered":"https:\/\/alfequipment.com\/product\/qzd95-automatic-plastic-milk-tea-cup-sealing-machine-for-cup-diameter-95mm\/"},"modified":"2025-01-13T13:14:19","modified_gmt":"2025-01-13T13:14:19","slug":"qzd95-automatico-de-leche-de-plastico-taza-de-te-maquina-de-sellado-para-la-taza-de-diametro-95mm","status":"publish","type":"product","link":"https:\/\/alfequipment.com\/es\/product\/qzd95-automatico-de-leche-de-plastico-taza-de-te-maquina-de-sellado-para-la-taza-de-diametro-95mm\/","title":{"rendered":"QZD95 M\u00e1quina autom\u00e1tica de sellado de tazas de t\u00e9 con leche para tazas de 95 mm de di\u00e1metro"},"content":{"rendered":"<p><span style=\"font-size: 12pt;\">El sellado finaliza autom\u00e1ticamente tras colocar la caja o la taza. El cuerpo es de acero inoxidable, en l\u00ednea con el requisito sanitario.<\/span><\/p>\n<p>&nbsp;<\/p>\n<p><span style=\"font-size: 12pt;\">Coloque el vaso en la bandeja y emp\u00fajelo hacia dentro; a continuaci\u00f3n, corte y selle el vaso presionando hacia abajo el asa. La m\u00e1quina manual necesita girar la pel\u00edcula a mano despu\u00e9s del sellado. La m\u00e1quina semiautom\u00e1tica tiene la funci\u00f3n de alimentaci\u00f3n autom\u00e1tica de la pel\u00edcula.<\/span><\/p>\n<p><span style=\"font-size: 12pt;\">&nbsp;<\/span><\/p>\n<p><span style=\"font-size: 12pt;\">Especificaci\u00f3n<\/span><span style=\"font-size: 12pt;\">:<\/span><span style=\"line-height: 24px; font-size: 12pt; font-family: Verdana, Arial, Helvetica, sans-serif;\">&nbsp;<\/span><\/p>\n<table class=\"aliDataTable\" style=\"width: 80%;\" border=\"1\">\n<tbody>\n<tr>\n<td>Modelo<\/td>\n<td>QZD95<\/td>\n<\/tr>\n<tr>\n<td>Modo de funcionamiento<\/td>\n<td>Autom\u00e1tico<\/td>\n<\/tr>\n<tr>\n<td>Tensi\u00f3n<\/td>\n<td>110V 60HZ\/220V 50HZ<\/td>\n<\/tr>\n<tr>\n<td>Potencia<\/td>\n<td>530W<\/td>\n<\/tr>\n<tr>\n<td>Capacidad<\/td>\n<td>720 tazas\/hora<\/td>\n<\/tr>\n<tr>\n<td>Di\u00e1metro de copa disponible<\/td>\n<td>95 mm<\/td>\n<\/tr>\n<tr>\n<td>Peso<\/td>\n<td>40KGS<\/td>\n<\/tr>\n<tr>\n<td>Dimensi\u00f3n<\/td>\n<td>490*270*720mm<\/td>\n<\/tr>\n<\/tbody>\n<\/table>\n<p>&nbsp;<\/p>\n<p><img decoding=\"async\" src=\"https:\/\/sc01.alicdn.com\/kf\/HTB1ky_bFVXXXXafXpXXq6xXFXXXP\/64496\/HTB1ky_bFVXXXXafXpXXq6xXFXXXP.jpg\" data-alt=\"QZD95 Automatic plastic milk tea cup sealing machine for cup diameter 95mm\" style=\"width: 301px; height: 261px;\" ori-width=\"480\" ori-height=\"348\" class=\"aligncenter\"><img decoding=\"async\" src=\"https:\/\/sc01.alicdn.com\/kf\/HTB1UNu8FVXXXXbUXFXXq6xXFXXXr\/64496\/HTB1UNu8FVXXXXbUXFXXq6xXFXXXr.jpg\" data-alt=\"QZD95 Automatic plastic milk tea cup sealing machine for cup diameter 95mm\" style=\"width: 262px; height: 262px;\" ori-width=\"600\" ori-height=\"600\" class=\"aligncenter\"><\/p>\n<p data-section-blank=\"AliPostDhMb-tp2mv\">&nbsp;<\/p><\/p>","protected":false},"excerpt":{"rendered":"<p>Qzd95 m\u00e1quina autom\u00e1tica de sellado de tazas de t\u00e9 de leche de pl\u00e1stico para la taza de di\u00e1metro 95mm<\/p>","protected":false},"featured_media":3198,"comment_status":"closed","ping_status":"open","template":"","meta":[],"product_brand":[],"product_cat":[97],"product_tag":[],"class_list":{"0":"post-3197","1":"product","2":"type-product","3":"status-publish","4":"has-post-thumbnail","6":"product_cat-sealing-machines","8":"first","9":"instock","10":"sale","11":"purchasable","12":"product-type-simple"},"yoast_head":"<!-- This site is optimized with the Yoast SEO Premium plugin v20.9 (Yoast SEO v26.5) - https:\/\/yoast.com\/wordpress\/plugins\/seo\/ -->\n<title>QZD95 Automatic plastic milk tea cup sealing machine for cup diameter 95mm - ALF PACK<\/title>\n<meta name=\"robots\" content=\"index, follow, max-snippet:-1, max-image-preview:large, max-video-preview:-1\" \/>\n<link rel=\"canonical\" href=\"https:\/\/alfequipment.com\/es\/product\/qzd95-automatico-de-leche-de-plastico-taza-de-te-maquina-de-sellado-para-la-taza-de-diametro-95mm\/\" \/>\n<meta property=\"og:locale\" content=\"es_ES\" \/>\n<meta property=\"og:type\" content=\"article\" \/>\n<meta property=\"og:title\" content=\"QZD95 Automatic plastic milk tea cup sealing machine for cup diameter 95mm\" \/>\n<meta property=\"og:description\" content=\"Qzd95 Automatic Plastic Milk Tea Cup Sealing Machine For Cup Diameter 95mm\" \/>\n<meta property=\"og:url\" content=\"https:\/\/alfequipment.com\/es\/product\/qzd95-automatico-de-leche-de-plastico-taza-de-te-maquina-de-sellado-para-la-taza-de-diametro-95mm\/\" \/>\n<meta property=\"og:site_name\" content=\"ALF PACK\" \/>\n<meta property=\"article:modified_time\" content=\"2025-01-13T13:14:19+00:00\" \/>\n<meta property=\"og:image\" content=\"https:\/\/alfequipment.com\/wp-content\/uploads\/2025\/01\/H9b7192f43e634068a31e01c525872354m.jpg\" \/>\n\t<meta property=\"og:image:width\" content=\"800\" \/>\n\t<meta property=\"og:image:height\" content=\"800\" \/>\n\t<meta property=\"og:image:type\" content=\"image\/webp\" \/>\n<meta name=\"twitter:card\" content=\"summary_large_image\" \/>\n<script type=\"application\/ld+json\" class=\"yoast-schema-graph\">{\"@context\":\"https:\/\/schema.org\",\"@graph\":[{\"@type\":\"WebPage\",\"@id\":\"https:\/\/alfequipment.com\/product\/qzd95-automatic-plastic-milk-tea-cup-sealing-machine-for-cup-diameter-95mm\/\",\"url\":\"https:\/\/alfequipment.com\/product\/qzd95-automatic-plastic-milk-tea-cup-sealing-machine-for-cup-diameter-95mm\/\",\"name\":\"QZD95 Automatic plastic milk tea cup sealing machine for cup diameter 95mm - ALF PACK\",\"isPartOf\":{\"@id\":\"https:\/\/alfequipment.com\/#website\"},\"primaryImageOfPage\":{\"@id\":\"https:\/\/alfequipment.com\/product\/qzd95-automatic-plastic-milk-tea-cup-sealing-machine-for-cup-diameter-95mm\/#primaryimage\"},\"image\":{\"@id\":\"https:\/\/alfequipment.com\/product\/qzd95-automatic-plastic-milk-tea-cup-sealing-machine-for-cup-diameter-95mm\/#primaryimage\"},\"thumbnailUrl\":\"https:\/\/alfequipment.com\/wp-content\/uploads\/2025\/01\/H9b7192f43e634068a31e01c525872354m.jpg\",\"datePublished\":\"2025-01-12T12:00:02+00:00\",\"dateModified\":\"2025-01-13T13:14:19+00:00\",\"breadcrumb\":{\"@id\":\"https:\/\/alfequipment.com\/product\/qzd95-automatic-plastic-milk-tea-cup-sealing-machine-for-cup-diameter-95mm\/#breadcrumb\"},\"inLanguage\":\"es\",\"potentialAction\":[{\"@type\":\"ReadAction\",\"target\":[\"https:\/\/alfequipment.com\/product\/qzd95-automatic-plastic-milk-tea-cup-sealing-machine-for-cup-diameter-95mm\/\"]}]},{\"@type\":\"ImageObject\",\"inLanguage\":\"es\",\"@id\":\"https:\/\/alfequipment.com\/product\/qzd95-automatic-plastic-milk-tea-cup-sealing-machine-for-cup-diameter-95mm\/#primaryimage\",\"url\":\"https:\/\/alfequipment.com\/wp-content\/uploads\/2025\/01\/H9b7192f43e634068a31e01c525872354m.jpg\",\"contentUrl\":\"https:\/\/alfequipment.com\/wp-content\/uploads\/2025\/01\/H9b7192f43e634068a31e01c525872354m.jpg\",\"width\":800,\"height\":800},{\"@type\":\"BreadcrumbList\",\"@id\":\"https:\/\/alfequipment.com\/product\/qzd95-automatic-plastic-milk-tea-cup-sealing-machine-for-cup-diameter-95mm\/#breadcrumb\",\"itemListElement\":[{\"@type\":\"ListItem\",\"position\":1,\"name\":\"Home\",\"item\":\"https:\/\/alfequipment.com\/\"},{\"@type\":\"ListItem\",\"position\":2,\"name\":\"Shop\",\"item\":\"https:\/\/alfequipment.com\/shop\/\"},{\"@type\":\"ListItem\",\"position\":3,\"name\":\"QZD95 Automatic plastic milk tea cup sealing machine for cup diameter 95mm\"}]},{\"@type\":\"WebSite\",\"@id\":\"https:\/\/alfequipment.com\/#website\",\"url\":\"https:\/\/alfequipment.com\/\",\"name\":\"ALF PACK\",\"description\":\"\",\"publisher\":{\"@id\":\"https:\/\/alfequipment.com\/#organization\"},\"potentialAction\":[{\"@type\":\"SearchAction\",\"target\":{\"@type\":\"EntryPoint\",\"urlTemplate\":\"https:\/\/alfequipment.com\/?s={search_term_string}\"},\"query-input\":{\"@type\":\"PropertyValueSpecification\",\"valueRequired\":true,\"valueName\":\"search_term_string\"}}],\"inLanguage\":\"es\"},{\"@type\":\"Organization\",\"@id\":\"https:\/\/alfequipment.com\/#organization\",\"name\":\"ALF PACK\",\"url\":\"https:\/\/alfequipment.com\/\",\"logo\":{\"@type\":\"ImageObject\",\"inLanguage\":\"es\",\"@id\":\"https:\/\/alfequipment.com\/#\/schema\/logo\/image\/\",\"url\":\"https:\/\/alfequipment.com\/wp-content\/uploads\/2024\/11\/ALFlogo-2.webp\",\"contentUrl\":\"https:\/\/alfequipment.com\/wp-content\/uploads\/2024\/11\/ALFlogo-2.webp\",\"width\":758,\"height\":750,\"caption\":\"ALF PACK\"},\"image\":{\"@id\":\"https:\/\/alfequipment.com\/#\/schema\/logo\/image\/\"}}]}<\/script>\n<!-- \/ Yoast SEO Premium plugin. -->","yoast_head_json":{"title":"QZD95 Selladora autom\u00e1tica de tazas de t\u00e9 con leche para tazas de 95mm de di\u00e1metro - ALF PACK","robots":{"index":"index","follow":"follow","max-snippet":"max-snippet:-1","max-image-preview":"max-image-preview:large","max-video-preview":"max-video-preview:-1"},"canonical":"https:\/\/alfequipment.com\/es\/product\/qzd95-automatico-de-leche-de-plastico-taza-de-te-maquina-de-sellado-para-la-taza-de-diametro-95mm\/","og_locale":"es_ES","og_type":"article","og_title":"QZD95 Automatic plastic milk tea cup sealing machine for cup diameter 95mm","og_description":"Qzd95 Automatic Plastic Milk Tea Cup Sealing Machine For Cup Diameter 95mm","og_url":"https:\/\/alfequipment.com\/es\/product\/qzd95-automatico-de-leche-de-plastico-taza-de-te-maquina-de-sellado-para-la-taza-de-diametro-95mm\/","og_site_name":"ALF PACK","article_modified_time":"2025-01-13T13:14:19+00:00","og_image":[{"width":800,"height":800,"url":"https:\/\/alfequipment.com\/wp-content\/uploads\/2025\/01\/H9b7192f43e634068a31e01c525872354m.jpg","type":"image\/webp"}],"twitter_card":"summary_large_image","schema":{"@context":"https:\/\/schema.org","@graph":[{"@type":"WebPage","@id":"https:\/\/alfequipment.com\/product\/qzd95-automatic-plastic-milk-tea-cup-sealing-machine-for-cup-diameter-95mm\/","url":"https:\/\/alfequipment.com\/product\/qzd95-automatic-plastic-milk-tea-cup-sealing-machine-for-cup-diameter-95mm\/","name":"QZD95 Selladora autom\u00e1tica de tazas de t\u00e9 con leche para tazas de 95mm de di\u00e1metro - ALF PACK","isPartOf":{"@id":"https:\/\/alfequipment.com\/#website"},"primaryImageOfPage":{"@id":"https:\/\/alfequipment.com\/product\/qzd95-automatic-plastic-milk-tea-cup-sealing-machine-for-cup-diameter-95mm\/#primaryimage"},"image":{"@id":"https:\/\/alfequipment.com\/product\/qzd95-automatic-plastic-milk-tea-cup-sealing-machine-for-cup-diameter-95mm\/#primaryimage"},"thumbnailUrl":"https:\/\/alfequipment.com\/wp-content\/uploads\/2025\/01\/H9b7192f43e634068a31e01c525872354m.jpg","datePublished":"2025-01-12T12:00:02+00:00","dateModified":"2025-01-13T13:14:19+00:00","breadcrumb":{"@id":"https:\/\/alfequipment.com\/product\/qzd95-automatic-plastic-milk-tea-cup-sealing-machine-for-cup-diameter-95mm\/#breadcrumb"},"inLanguage":"es","potentialAction":[{"@type":"ReadAction","target":["https:\/\/alfequipment.com\/product\/qzd95-automatic-plastic-milk-tea-cup-sealing-machine-for-cup-diameter-95mm\/"]}]},{"@type":"ImageObject","inLanguage":"es","@id":"https:\/\/alfequipment.com\/product\/qzd95-automatic-plastic-milk-tea-cup-sealing-machine-for-cup-diameter-95mm\/#primaryimage","url":"https:\/\/alfequipment.com\/wp-content\/uploads\/2025\/01\/H9b7192f43e634068a31e01c525872354m.jpg","contentUrl":"https:\/\/alfequipment.com\/wp-content\/uploads\/2025\/01\/H9b7192f43e634068a31e01c525872354m.jpg","width":800,"height":800},{"@type":"BreadcrumbList","@id":"https:\/\/alfequipment.com\/product\/qzd95-automatic-plastic-milk-tea-cup-sealing-machine-for-cup-diameter-95mm\/#breadcrumb","itemListElement":[{"@type":"ListItem","position":1,"name":"Home","item":"https:\/\/alfequipment.com\/"},{"@type":"ListItem","position":2,"name":"Shop","item":"https:\/\/alfequipment.com\/shop\/"},{"@type":"ListItem","position":3,"name":"QZD95 Automatic plastic milk tea cup sealing machine for cup diameter 95mm"}]},{"@type":"WebSite","@id":"https:\/\/alfequipment.com\/#website","url":"https:\/\/alfequipment.com\/","name":"PAQUETE ALF","description":"","publisher":{"@id":"https:\/\/alfequipment.com\/#organization"},"potentialAction":[{"@type":"SearchAction","target":{"@type":"EntryPoint","urlTemplate":"https:\/\/alfequipment.com\/?s={search_term_string}"},"query-input":{"@type":"PropertyValueSpecification","valueRequired":true,"valueName":"search_term_string"}}],"inLanguage":"es"},{"@type":"Organization","@id":"https:\/\/alfequipment.com\/#organization","name":"PAQUETE ALF","url":"https:\/\/alfequipment.com\/","logo":{"@type":"ImageObject","inLanguage":"es","@id":"https:\/\/alfequipment.com\/#\/schema\/logo\/image\/","url":"https:\/\/alfequipment.com\/wp-content\/uploads\/2024\/11\/ALFlogo-2.webp","contentUrl":"https:\/\/alfequipment.com\/wp-content\/uploads\/2024\/11\/ALFlogo-2.webp","width":758,"height":750,"caption":"ALF PACK"},"image":{"@id":"https:\/\/alfequipment.com\/#\/schema\/logo\/image\/"}}]}},"_links":{"self":[{"href":"https:\/\/alfequipment.com\/es\/wp-json\/wp\/v2\/product\/3197","targetHints":{"allow":["GET"]}}],"collection":[{"href":"https:\/\/alfequipment.com\/es\/wp-json\/wp\/v2\/product"}],"about":[{"href":"https:\/\/alfequipment.com\/es\/wp-json\/wp\/v2\/types\/product"}],"replies":[{"embeddable":true,"href":"https:\/\/alfequipment.com\/es\/wp-json\/wp\/v2\/comments?post=3197"}],"version-history":[{"count":0,"href":"https:\/\/alfequipment.com\/es\/wp-json\/wp\/v2\/product\/3197\/revisions"}],"wp:featuredmedia":[{"embeddable":true,"href":"https:\/\/alfequipment.com\/es\/wp-json\/wp\/v2\/media\/3198"}],"wp:attachment":[{"href":"https:\/\/alfequipment.com\/es\/wp-json\/wp\/v2\/media?parent=3197"}],"wp:term":[{"taxonomy":"product_brand","embeddable":true,"href":"https:\/\/alfequipment.com\/es\/wp-json\/wp\/v2\/product_brand?post=3197"},{"taxonomy":"product_cat","embeddable":true,"href":"https:\/\/alfequipment.com\/es\/wp-json\/wp\/v2\/product_cat?post=3197"},{"taxonomy":"product_tag","embeddable":true,"href":"https:\/\/alfequipment.com\/es\/wp-json\/wp\/v2\/product_tag?post=3197"}],"curies":[{"name":"wp","href":"https:\/\/api.w.org\/{rel}","templated":true}]}}