{"id":3201,"date":"2025-01-09T16:42:54","date_gmt":"2025-01-09T16:42:54","guid":{"rendered":"https:\/\/alfequipment.com\/product\/dy75-bubble-tea-machine-manual-semi-auto-cup-sealing-machine-for-cup-diameter-75mm\/"},"modified":"2025-01-13T13:14:29","modified_gmt":"2025-01-13T13:14:29","slug":"dy75-maquina-de-te-de-burbujas-manual-semi-automatico-taza-maquina-de-sellado-para-la-taza-de-diametro-75mm","status":"publish","type":"product","link":"https:\/\/alfequipment.com\/es\/product\/dy75-maquina-de-te-de-burbujas-manual-semi-automatico-taza-maquina-de-sellado-para-la-taza-de-diametro-75mm\/","title":{"rendered":"M\u00e1quina de t\u00e9 de burbujas DY75 M\u00e1quina de sellado de tazas manual \/ semiautom\u00e1tica (para tazas de 75 mm de di\u00e1metro)"},"content":{"rendered":"<p data-section-blank=\"AliPostDhMb-qgcsu\"><span style=\"font-family: Verdana, Arial, Helvetica, sans-serif;\">La m\u00e1quina selladora de vasos serie DY es adecuada para tiendas para sellar fideos, alimentos de trigo, gelatina de fruta, pud\u00edn, leche de frijol, alimentos calientes y fr\u00edos, t\u00e9 suave, etc. El sellado se termina autom\u00e1ticamente despu\u00e9s de poner en el caso o taza. El cuerpo est\u00e1 hecho de acero inoxidable, en l\u00ednea con el requisito sanitario.<\/span><\/p>\n<p>&nbsp;<\/p>\n<p>Coloque el vaso en la bandeja y emp\u00fajelo hacia dentro; a continuaci\u00f3n, corte y selle el vaso presionando hacia abajo el asa. La m\u00e1quina manual necesita girar la pel\u00edcula a mano despu\u00e9s del sellado. La m\u00e1quina semiautom\u00e1tica tiene la funci\u00f3n de alimentaci\u00f3n autom\u00e1tica de la pel\u00edcula.<\/p>\n<p>&nbsp;<\/p>\n<p><span style=\"font-size: 16px;\">Especificaci\u00f3n:<\/span><\/p>\n<table class=\"aliDataTable\" style=\"width: 566px;\" border=\"1\" cellspacing=\"0\" cellpadding=\"0\">\n<tbody>\n<tr>\n<td>\n<p><strong>Modelo<\/strong><\/p>\n<\/td>\n<td>\n<p><span style=\"color: #000000;\">DY95\/DY95A<\/span><\/p>\n<\/td>\n<td>\n<p>DY170\/DY170A<\/p>\n<\/td>\n<td>\n<p><span style=\"color: #ff0000;\">DY75\/DY75A<\/span><\/p>\n<\/td>\n<\/tr>\n<tr>\n<td>\n<p><strong>Modo de funcionamiento <\/strong><\/p>\n<\/td>\n<td>\n<p><span style=\"color: #000000;\">Manual\/Semiautom\u00e1tico<\/span><\/p>\n<\/td>\n<td>\n<p>Manual\/Semiautom\u00e1tico<\/p>\n<\/td>\n<td>\n<p><span style=\"color: #ff0000;\">Manual\/Semiautom\u00e1tico<\/span><\/p>\n<\/td>\n<\/tr>\n<tr>\n<td>\n<p><strong>Fuente de energ\u00eda<\/strong><\/p>\n<\/td>\n<td colspan=\"3\">\n<p align=\"center\"><span style=\"color: #ff0000;\">110V 60HZ\/220V 50HZ<\/span><\/p>\n<\/td>\n<\/tr>\n<tr>\n<td>\n<p><strong>Potencia <\/strong><\/p>\n<\/td>\n<td>\n<p><span style=\"color: #000000;\">200W<\/span><\/p>\n<\/td>\n<td>\n<p>900W<\/p>\n<\/td>\n<td>\n<p><span style=\"color: #ff0000;\">450W<\/span><\/p>\n<\/td>\n<\/tr>\n<tr>\n<td>\n<p><strong>Capacidad<\/strong><\/p>\n<\/td>\n<td>\n<p><span style=\"color: #000000;\">700 tazas\/hora<\/span><\/p>\n<\/td>\n<td>\n<p>600 tazas\/hora<\/p>\n<\/td>\n<td>\n<p><span style=\"color: #ff0000;\">800 tazas\/hora<\/span><\/p>\n<\/td>\n<\/tr>\n<tr>\n<td>\n<p><strong>Di\u00e1metro de copa disponible<\/strong><\/p>\n<\/td>\n<td>\n<p><span style=\"color: #000000;\">95 mm<\/span><\/p>\n<\/td>\n<td>\n<p>170 mm<\/p>\n<\/td>\n<td>\n<p><span style=\"color: #ff0000;\">75 mm<\/span><\/p>\n<\/td>\n<\/tr>\n<tr>\n<td>\n<p><strong>Peso<\/strong><\/p>\n<\/td>\n<td>\n<p><span style=\"color: #000000;\">18Kgs<\/span><\/p>\n<\/td>\n<td>\n<p>48Kgs<\/p>\n<\/td>\n<td>\n<p><span style=\"color: #ff0000;\">26Kgs<\/span><\/p>\n<\/td>\n<\/tr>\n<tr>\n<td>\n<p><strong>Dimensi\u00f3n <\/strong><\/p>\n<\/td>\n<td>\n<p><span style=\"color: #000000;\">260\u00d7240\u00d7650mm<\/span><\/p>\n<\/td>\n<td>\n<p>540\u00d7270\u00d7720mm<\/p>\n<\/td>\n<td>\n<p><span style=\"color: #ff0000;\">300\u00d7260\u00d7650mm<\/span><\/p>\n<\/td>\n<\/tr>\n<\/tbody>\n<\/table>\n<p>&nbsp;<\/p>\n<p data-section-blank=\"AliPostDhMb-fziwy\">&nbsp;<\/p>\n<p data-section-blank=\"AliPostDhMb-fziwy\">&nbsp;<\/p>\n<p data-section-blank=\"AliPostDhMb-fziwy\"><img decoding=\"async\" src=\"https:\/\/sc01.alicdn.com\/kf\/HTB1r_zcFVXXXXaTXXXXq6xXFXXXa\/64496\/HTB1r_zcFVXXXXaTXXXXq6xXFXXXa.jpg\" data-alt=\"DY75 Bubble tea machine Manual \/ Semi-auto Cup Sealing Machine (for cup diameter 75mm)\" style=\"width: 245px; height: 326px;\" ori-width=\"450\" ori-height=\"600\" class=\"aligncenter\"><img decoding=\"async\" src=\"https:\/\/sc01.alicdn.com\/kf\/HTB1qTlZFVXXXXbRaXXXq6xXFXXXR\/64496\/HTB1qTlZFVXXXXbRaXXXq6xXFXXXR.jpg\" data-alt=\"DY75 Bubble tea machine Manual \/ Semi-auto Cup Sealing Machine (for cup diameter 75mm)\" style=\"width: 336px; height: 327px;\" ori-width=\"480\" ori-height=\"348\" class=\"aligncenter\"><\/p>\n<div id=\"ali-anchor-AliPostDhMb-fziwy\" style=\"padding-top: 8px;\" data-section=\"AliPostDhMb-fziwy\" data-section-title=\"Packaging &amp; Shipping\">\n<div id=\"ali-title-AliPostDhMb-fziwy\" style=\"padding: 8px 0; border-bottom: 1px solid #ddd;\"><\/div>\n<\/div>","protected":false},"excerpt":{"rendered":"<p>M\u00e1quina de t\u00e9 de burbujas Dy75 M\u00e1quina selladora de vasos manual \/ semiautom\u00e1tica (para vasos de 75mm de di\u00e1metro)<\/p>","protected":false},"featured_media":3202,"comment_status":"closed","ping_status":"open","template":"","meta":[],"product_brand":[],"product_cat":[97],"product_tag":[],"class_list":{"0":"post-3201","1":"product","2":"type-product","3":"status-publish","4":"has-post-thumbnail","6":"product_cat-sealing-machines","8":"first","9":"instock","10":"sale","11":"purchasable","12":"product-type-simple"},"yoast_head":"<!-- This site is optimized with the Yoast SEO Premium plugin v20.9 (Yoast SEO v26.5) - https:\/\/yoast.com\/wordpress\/plugins\/seo\/ -->\n<title>DY75 Bubble tea machine Manual \/ Semi-auto Cup Sealing Machine (for cup diameter 75mm) - ALF PACK<\/title>\n<meta name=\"robots\" content=\"index, follow, max-snippet:-1, max-image-preview:large, max-video-preview:-1\" \/>\n<link rel=\"canonical\" href=\"https:\/\/alfequipment.com\/es\/product\/dy75-maquina-de-te-de-burbujas-manual-semi-automatico-taza-maquina-de-sellado-para-la-taza-de-diametro-75mm\/\" \/>\n<meta property=\"og:locale\" content=\"es_ES\" \/>\n<meta property=\"og:type\" content=\"article\" \/>\n<meta property=\"og:title\" content=\"DY75 Bubble tea machine Manual \/ Semi-auto Cup Sealing Machine (for cup diameter 75mm)\" \/>\n<meta property=\"og:description\" content=\"Dy75 Bubble Tea Machine Manual \/ Semi-auto Cup Sealing Machine (for Cup Diameter 75mm)\" \/>\n<meta property=\"og:url\" content=\"https:\/\/alfequipment.com\/es\/product\/dy75-maquina-de-te-de-burbujas-manual-semi-automatico-taza-maquina-de-sellado-para-la-taza-de-diametro-75mm\/\" \/>\n<meta property=\"og:site_name\" content=\"ALF PACK\" \/>\n<meta property=\"article:modified_time\" content=\"2025-01-13T13:14:29+00:00\" \/>\n<meta property=\"og:image\" content=\"https:\/\/alfequipment.com\/wp-content\/uploads\/2025\/01\/Hbca2462f56ed4b7b8291a08f0d107818d.jpg\" \/>\n\t<meta property=\"og:image:width\" content=\"800\" \/>\n\t<meta property=\"og:image:height\" content=\"800\" \/>\n\t<meta property=\"og:image:type\" content=\"image\/webp\" \/>\n<meta name=\"twitter:card\" content=\"summary_large_image\" \/>\n<meta name=\"twitter:label1\" content=\"Tiempo de lectura\" \/>\n\t<meta name=\"twitter:data1\" content=\"1 minuto\" \/>\n<script type=\"application\/ld+json\" class=\"yoast-schema-graph\">{\"@context\":\"https:\/\/schema.org\",\"@graph\":[{\"@type\":\"WebPage\",\"@id\":\"https:\/\/alfequipment.com\/product\/dy75-bubble-tea-machine-manual-semi-auto-cup-sealing-machine-for-cup-diameter-75mm\/\",\"url\":\"https:\/\/alfequipment.com\/product\/dy75-bubble-tea-machine-manual-semi-auto-cup-sealing-machine-for-cup-diameter-75mm\/\",\"name\":\"DY75 Bubble tea machine Manual \/ Semi-auto Cup Sealing Machine (for cup diameter 75mm) - ALF PACK\",\"isPartOf\":{\"@id\":\"https:\/\/alfequipment.com\/#website\"},\"primaryImageOfPage\":{\"@id\":\"https:\/\/alfequipment.com\/product\/dy75-bubble-tea-machine-manual-semi-auto-cup-sealing-machine-for-cup-diameter-75mm\/#primaryimage\"},\"image\":{\"@id\":\"https:\/\/alfequipment.com\/product\/dy75-bubble-tea-machine-manual-semi-auto-cup-sealing-machine-for-cup-diameter-75mm\/#primaryimage\"},\"thumbnailUrl\":\"https:\/\/alfequipment.com\/wp-content\/uploads\/2025\/01\/Hbca2462f56ed4b7b8291a08f0d107818d.jpg\",\"datePublished\":\"2025-01-09T16:42:54+00:00\",\"dateModified\":\"2025-01-13T13:14:29+00:00\",\"breadcrumb\":{\"@id\":\"https:\/\/alfequipment.com\/product\/dy75-bubble-tea-machine-manual-semi-auto-cup-sealing-machine-for-cup-diameter-75mm\/#breadcrumb\"},\"inLanguage\":\"es\",\"potentialAction\":[{\"@type\":\"ReadAction\",\"target\":[\"https:\/\/alfequipment.com\/product\/dy75-bubble-tea-machine-manual-semi-auto-cup-sealing-machine-for-cup-diameter-75mm\/\"]}]},{\"@type\":\"ImageObject\",\"inLanguage\":\"es\",\"@id\":\"https:\/\/alfequipment.com\/product\/dy75-bubble-tea-machine-manual-semi-auto-cup-sealing-machine-for-cup-diameter-75mm\/#primaryimage\",\"url\":\"https:\/\/alfequipment.com\/wp-content\/uploads\/2025\/01\/Hbca2462f56ed4b7b8291a08f0d107818d.jpg\",\"contentUrl\":\"https:\/\/alfequipment.com\/wp-content\/uploads\/2025\/01\/Hbca2462f56ed4b7b8291a08f0d107818d.jpg\",\"width\":800,\"height\":800},{\"@type\":\"BreadcrumbList\",\"@id\":\"https:\/\/alfequipment.com\/product\/dy75-bubble-tea-machine-manual-semi-auto-cup-sealing-machine-for-cup-diameter-75mm\/#breadcrumb\",\"itemListElement\":[{\"@type\":\"ListItem\",\"position\":1,\"name\":\"Home\",\"item\":\"https:\/\/alfequipment.com\/\"},{\"@type\":\"ListItem\",\"position\":2,\"name\":\"Shop\",\"item\":\"https:\/\/alfequipment.com\/shop\/\"},{\"@type\":\"ListItem\",\"position\":3,\"name\":\"DY75 Bubble tea machine Manual \/ Semi-auto Cup Sealing Machine (for cup diameter 75mm)\"}]},{\"@type\":\"WebSite\",\"@id\":\"https:\/\/alfequipment.com\/#website\",\"url\":\"https:\/\/alfequipment.com\/\",\"name\":\"ALF PACK\",\"description\":\"\",\"publisher\":{\"@id\":\"https:\/\/alfequipment.com\/#organization\"},\"potentialAction\":[{\"@type\":\"SearchAction\",\"target\":{\"@type\":\"EntryPoint\",\"urlTemplate\":\"https:\/\/alfequipment.com\/?s={search_term_string}\"},\"query-input\":{\"@type\":\"PropertyValueSpecification\",\"valueRequired\":true,\"valueName\":\"search_term_string\"}}],\"inLanguage\":\"es\"},{\"@type\":\"Organization\",\"@id\":\"https:\/\/alfequipment.com\/#organization\",\"name\":\"ALF PACK\",\"url\":\"https:\/\/alfequipment.com\/\",\"logo\":{\"@type\":\"ImageObject\",\"inLanguage\":\"es\",\"@id\":\"https:\/\/alfequipment.com\/#\/schema\/logo\/image\/\",\"url\":\"https:\/\/alfequipment.com\/wp-content\/uploads\/2024\/11\/ALFlogo-2.webp\",\"contentUrl\":\"https:\/\/alfequipment.com\/wp-content\/uploads\/2024\/11\/ALFlogo-2.webp\",\"width\":758,\"height\":750,\"caption\":\"ALF PACK\"},\"image\":{\"@id\":\"https:\/\/alfequipment.com\/#\/schema\/logo\/image\/\"}}]}<\/script>\n<!-- \/ Yoast SEO Premium plugin. -->","yoast_head_json":{"title":"DY75 M\u00e1quina de t\u00e9 de burbujas Selladora de tazas manual \/ semiautom\u00e1tica (para tazas de 75 mm de di\u00e1metro) - ALF PACK","robots":{"index":"index","follow":"follow","max-snippet":"max-snippet:-1","max-image-preview":"max-image-preview:large","max-video-preview":"max-video-preview:-1"},"canonical":"https:\/\/alfequipment.com\/es\/product\/dy75-maquina-de-te-de-burbujas-manual-semi-automatico-taza-maquina-de-sellado-para-la-taza-de-diametro-75mm\/","og_locale":"es_ES","og_type":"article","og_title":"DY75 Bubble tea machine Manual \/ Semi-auto Cup Sealing Machine (for cup diameter 75mm)","og_description":"Dy75 Bubble Tea Machine Manual \/ Semi-auto Cup Sealing Machine (for Cup Diameter 75mm)","og_url":"https:\/\/alfequipment.com\/es\/product\/dy75-maquina-de-te-de-burbujas-manual-semi-automatico-taza-maquina-de-sellado-para-la-taza-de-diametro-75mm\/","og_site_name":"ALF PACK","article_modified_time":"2025-01-13T13:14:29+00:00","og_image":[{"width":800,"height":800,"url":"https:\/\/alfequipment.com\/wp-content\/uploads\/2025\/01\/Hbca2462f56ed4b7b8291a08f0d107818d.jpg","type":"image\/webp"}],"twitter_card":"summary_large_image","twitter_misc":{"Tiempo de lectura":"1 minuto"},"schema":{"@context":"https:\/\/schema.org","@graph":[{"@type":"WebPage","@id":"https:\/\/alfequipment.com\/product\/dy75-bubble-tea-machine-manual-semi-auto-cup-sealing-machine-for-cup-diameter-75mm\/","url":"https:\/\/alfequipment.com\/product\/dy75-bubble-tea-machine-manual-semi-auto-cup-sealing-machine-for-cup-diameter-75mm\/","name":"DY75 M\u00e1quina de t\u00e9 de burbujas Selladora de tazas manual \/ semiautom\u00e1tica (para tazas de 75 mm de di\u00e1metro) - ALF PACK","isPartOf":{"@id":"https:\/\/alfequipment.com\/#website"},"primaryImageOfPage":{"@id":"https:\/\/alfequipment.com\/product\/dy75-bubble-tea-machine-manual-semi-auto-cup-sealing-machine-for-cup-diameter-75mm\/#primaryimage"},"image":{"@id":"https:\/\/alfequipment.com\/product\/dy75-bubble-tea-machine-manual-semi-auto-cup-sealing-machine-for-cup-diameter-75mm\/#primaryimage"},"thumbnailUrl":"https:\/\/alfequipment.com\/wp-content\/uploads\/2025\/01\/Hbca2462f56ed4b7b8291a08f0d107818d.jpg","datePublished":"2025-01-09T16:42:54+00:00","dateModified":"2025-01-13T13:14:29+00:00","breadcrumb":{"@id":"https:\/\/alfequipment.com\/product\/dy75-bubble-tea-machine-manual-semi-auto-cup-sealing-machine-for-cup-diameter-75mm\/#breadcrumb"},"inLanguage":"es","potentialAction":[{"@type":"ReadAction","target":["https:\/\/alfequipment.com\/product\/dy75-bubble-tea-machine-manual-semi-auto-cup-sealing-machine-for-cup-diameter-75mm\/"]}]},{"@type":"ImageObject","inLanguage":"es","@id":"https:\/\/alfequipment.com\/product\/dy75-bubble-tea-machine-manual-semi-auto-cup-sealing-machine-for-cup-diameter-75mm\/#primaryimage","url":"https:\/\/alfequipment.com\/wp-content\/uploads\/2025\/01\/Hbca2462f56ed4b7b8291a08f0d107818d.jpg","contentUrl":"https:\/\/alfequipment.com\/wp-content\/uploads\/2025\/01\/Hbca2462f56ed4b7b8291a08f0d107818d.jpg","width":800,"height":800},{"@type":"BreadcrumbList","@id":"https:\/\/alfequipment.com\/product\/dy75-bubble-tea-machine-manual-semi-auto-cup-sealing-machine-for-cup-diameter-75mm\/#breadcrumb","itemListElement":[{"@type":"ListItem","position":1,"name":"Home","item":"https:\/\/alfequipment.com\/"},{"@type":"ListItem","position":2,"name":"Shop","item":"https:\/\/alfequipment.com\/shop\/"},{"@type":"ListItem","position":3,"name":"DY75 Bubble tea machine Manual \/ Semi-auto Cup Sealing Machine (for cup diameter 75mm)"}]},{"@type":"WebSite","@id":"https:\/\/alfequipment.com\/#website","url":"https:\/\/alfequipment.com\/","name":"PAQUETE ALF","description":"","publisher":{"@id":"https:\/\/alfequipment.com\/#organization"},"potentialAction":[{"@type":"SearchAction","target":{"@type":"EntryPoint","urlTemplate":"https:\/\/alfequipment.com\/?s={search_term_string}"},"query-input":{"@type":"PropertyValueSpecification","valueRequired":true,"valueName":"search_term_string"}}],"inLanguage":"es"},{"@type":"Organization","@id":"https:\/\/alfequipment.com\/#organization","name":"PAQUETE ALF","url":"https:\/\/alfequipment.com\/","logo":{"@type":"ImageObject","inLanguage":"es","@id":"https:\/\/alfequipment.com\/#\/schema\/logo\/image\/","url":"https:\/\/alfequipment.com\/wp-content\/uploads\/2024\/11\/ALFlogo-2.webp","contentUrl":"https:\/\/alfequipment.com\/wp-content\/uploads\/2024\/11\/ALFlogo-2.webp","width":758,"height":750,"caption":"ALF PACK"},"image":{"@id":"https:\/\/alfequipment.com\/#\/schema\/logo\/image\/"}}]}},"_links":{"self":[{"href":"https:\/\/alfequipment.com\/es\/wp-json\/wp\/v2\/product\/3201","targetHints":{"allow":["GET"]}}],"collection":[{"href":"https:\/\/alfequipment.com\/es\/wp-json\/wp\/v2\/product"}],"about":[{"href":"https:\/\/alfequipment.com\/es\/wp-json\/wp\/v2\/types\/product"}],"replies":[{"embeddable":true,"href":"https:\/\/alfequipment.com\/es\/wp-json\/wp\/v2\/comments?post=3201"}],"version-history":[{"count":0,"href":"https:\/\/alfequipment.com\/es\/wp-json\/wp\/v2\/product\/3201\/revisions"}],"wp:featuredmedia":[{"embeddable":true,"href":"https:\/\/alfequipment.com\/es\/wp-json\/wp\/v2\/media\/3202"}],"wp:attachment":[{"href":"https:\/\/alfequipment.com\/es\/wp-json\/wp\/v2\/media?parent=3201"}],"wp:term":[{"taxonomy":"product_brand","embeddable":true,"href":"https:\/\/alfequipment.com\/es\/wp-json\/wp\/v2\/product_brand?post=3201"},{"taxonomy":"product_cat","embeddable":true,"href":"https:\/\/alfequipment.com\/es\/wp-json\/wp\/v2\/product_cat?post=3201"},{"taxonomy":"product_tag","embeddable":true,"href":"https:\/\/alfequipment.com\/es\/wp-json\/wp\/v2\/product_tag?post=3201"}],"curies":[{"name":"wp","href":"https:\/\/api.w.org\/{rel}","templated":true}]}}