{"id":3205,"date":"2024-12-16T21:20:52","date_gmt":"2024-12-16T21:20:52","guid":{"rendered":"https:\/\/alfequipment.com\/product\/dz600vs-vertical-type-external-vacuum-packager-sealing-packaging-machine\/"},"modified":"2025-01-13T13:14:34","modified_gmt":"2025-01-13T13:14:34","slug":"dz600vs-envasadora-al-vacio-externa-de-tipo-vertical-maquina-de-envasado-y-sellado","status":"publish","type":"product","link":"https:\/\/alfequipment.com\/es\/product\/dz600vs-envasadora-al-vacio-externa-de-tipo-vertical-maquina-de-envasado-y-sellado\/","title":{"rendered":"M\u00e1quina envasadora al vac\u00edo externa tipo vertical DZ600VS"},"content":{"rendered":"<div data-host=\"111234190\" data-magic-global=\"%7B%22bizId%22%3A17179933680%2C%22pageId%22%3A5022580706%2C%22siteId%22%3A5005331025%7D\" data-id=\"detail_decorate_root\" id=\"detail_decorate_root\">\n<div id=\"ali-anchor-AliMagic-0qcs0j\" data-section=\"AliMagic-0qcs0j\" data-section-title=\"Product Description\" class=\"magic-0\"><span style=\"font-family: &quot;Times New Roman&quot;;\">La envasadora al vac\u00edo externa vertical puede finalizar autom\u00e1ticamente todos los programas de extracci\u00f3n al vac\u00edo, inyecci\u00f3n de gas, sellado, refrigeraci\u00f3n y escape. Una vez envasados, los productos no pueden oxidarse, enmohecerse, infectarse o humedecerse, por lo que pueden mantenerse frescos durante m\u00e1s tiempo. Se trata de un modelo externo eficiente y sostenible para obtener unos resultados de envasado al vac\u00edo excepcionales.<\/span><\/div>\n<div class=\"detail-decorate-json-renderer-container\">\n<div class=\"magic-1\">\n<div class=\"magic-2\">\n<div class=\"magic-3\">\n<div class=\"magic-4\">\n     <\/div>\n<\/p><\/div>\n<\/p><\/div>\n<\/p><\/div>\n<\/p><\/div>\n<div class=\"detail-decorate-json-renderer-container\">\n<div class=\"magic-1\">\n<div class=\"magic-8\">\n<div class=\"magic-3\">\n<div class=\"magic-9\">\n      <img decoding=\"async\" src=\"https:\/\/sc02.alicdn.com\/kf\/H179dc07b92424d1c9c277fd89c1167d27\/64496\/H179dc07b92424d1c9c277fd89c1167d27.jpg\" data-id=\"img0\" class=\"aligncenter\">\n     <\/div>\n<\/p><\/div>\n<\/p><\/div>\n<div class=\"magic-11\">\n<div class=\"magic-3\">\n<div class=\"ife-detail-decorate-table\">\n<table class=\"has-title all magic-12\" data-id=\"table0\">\n<tbody>\n<tr>\n<td colspan=\"1\" rowspan=\"1\">\n<div class=\"magic-13\">\n           Modelo\n          <\/div>\n<\/td>\n<td colspan=\"1\" rowspan=\"1\">\n<div class=\"magic-14\">\n           DZ-600VS\n          <\/div>\n<\/td>\n<\/tr>\n<tr>\n<td colspan=\"1\" rowspan=\"1\">\n<div class=\"magic-13\">\n           Alimentaci\u00f3n\n          <\/div>\n<\/td>\n<td colspan=\"1\" rowspan=\"1\">\n<div class=\"magic-14\">\n           220-240V 50-60HZ\n          <\/div>\n<\/td>\n<\/tr>\n<tr>\n<td colspan=\"1\" rowspan=\"1\">\n<div class=\"magic-13\">\n           Potencia calor\u00edfica\n          <\/div>\n<\/td>\n<td colspan=\"1\" rowspan=\"1\">\n<div class=\"magic-14\">\n           0,8 kW\n          <\/div>\n<\/td>\n<\/tr>\n<tr>\n<td colspan=\"1\" rowspan=\"1\">\n<div class=\"magic-13\">\n           Potencia de la bomba de vac\u00edo\n          <\/div>\n<\/td>\n<td colspan=\"1\" rowspan=\"1\">\n<div class=\"magic-14\">\n           0,75 kW\n          <\/div>\n<\/td>\n<\/tr>\n<tr>\n<td colspan=\"1\" rowspan=\"1\">\n<div class=\"magic-13\">\n           Tama\u00f1o de la barra de sellado\n          <\/div>\n<\/td>\n<td colspan=\"1\" rowspan=\"1\">\n<div class=\"magic-14\">\n           600*10mm\n          <\/div>\n<\/td>\n<\/tr>\n<tr>\n<td colspan=\"1\" rowspan=\"1\">\n<div class=\"magic-13\">\n           Capacidad de la bomba de vac\u00edo\n          <\/div>\n<\/td>\n<td colspan=\"1\" rowspan=\"1\">\n<div class=\"magic-14\">\n           20 m\u00b3\/h\n          <\/div>\n<\/td>\n<\/tr>\n<tr>\n<td colspan=\"1\" rowspan=\"1\">\n<div class=\"magic-15\">\n           Espesor de la pel\u00edcula\n          <\/div>\n<\/td>\n<td colspan=\"1\" rowspan=\"1\">\n<div class=\"magic-16\">\n           \u22640,18 mm\n          <\/div>\n<\/td>\n<\/tr>\n<tr>\n<td colspan=\"1\" rowspan=\"1\">\n<div class=\"magic-15\">\n           Tama\u00f1o de la m\u00e1quina\n          <\/div>\n<\/td>\n<td colspan=\"1\" rowspan=\"1\">\n<div class=\"magic-16\">\n           620*560*1360mm\n          <\/div>\n<\/td>\n<\/tr>\n<tr>\n<td colspan=\"1\" rowspan=\"1\">\n<div class=\"magic-15\">\n           Peso de la m\u00e1quina\n          <\/div>\n<\/td>\n<td colspan=\"1\" rowspan=\"1\">\n<div class=\"magic-16\">\n           85 kg\n          <\/div>\n<\/td>\n<\/tr>\n<\/tbody>\n<\/table><\/div>\n<\/p><\/div>\n<\/p><\/div>\n<\/p><\/div>\n<\/p><\/div>\n<div class=\"icbu-pc-detailManyImage magic-17\" data-module-name=\"icbu-pc-detailManyImage\">\n<div class=\"magic-18\">\n   <img decoding=\"async\" src=\"https:\/\/sc01.alicdn.com\/kf\/Hccdd59b570914717b501d25db2ff7018l\/64496\/Hccdd59b570914717b501d25db2ff7018l.jpg\" class=\"aligncenter\">\n  <\/div>\n<div class=\"magic-18\">\n   <img decoding=\"async\" src=\"https:\/\/sc02.alicdn.com\/kf\/H99c561ee4de641eb871c81e5f36c1c9bi\/64496\/H99c561ee4de641eb871c81e5f36c1c9bi.jpg\" class=\"aligncenter\">\n  <\/div>\n<div class=\"magic-18\">\n   <img decoding=\"async\" src=\"https:\/\/sc01.alicdn.com\/kf\/Hbadae767624d4073bbb1e95380ce4d080\/64496\/Hbadae767624d4073bbb1e95380ce4d080.jpg\" class=\"aligncenter\">\n  <\/div>\n<div class=\"magic-18\">\n   <img decoding=\"async\" src=\"https:\/\/sc02.alicdn.com\/kf\/H6c62dc33c02f4a34841ca4b923d6f940k\/64496\/H6c62dc33c02f4a34841ca4b923d6f940k.jpg\" class=\"aligncenter\">\n  <\/div>\n<\/p><\/div>\n<div class=\"icbu-pc-images magic-20\">\n<div>\n<div class=\"flex-layout-v\">\n<div class=\"flex-layout-h magic-20\">\n<div class=\"magic-21\">\n      <img decoding=\"async\" src=\"https:\/\/sc01.alicdn.com\/kf\/H3858c5879da24cfd9cec86f9885dce01z\/64496\/H3858c5879da24cfd9cec86f9885dce01z.jpg\" class=\"aligncenter\">\n     <\/div>\n<\/p><\/div>\n<\/p><\/div>\n<\/p><\/div>\n<\/p><\/div>\n<div class=\"icbu-pc-images magic-20\">\n<div>\n<div class=\"flex-layout-v\">\n<div class=\"flex-layout-h magic-20\">\n<div class=\"magic-23\">\n      <img decoding=\"async\" src=\"https:\/\/sc02.alicdn.com\/kf\/H68ff4d4d7dc2442ab90ded7932334b49d\/64496\/H68ff4d4d7dc2442ab90ded7932334b49d.jpg\" data-id=\"child-image-0\" class=\"aligncenter\">\n     <\/div>\n<div class=\"magic-25\">\n      <img decoding=\"async\" src=\"https:\/\/sc01.alicdn.com\/kf\/H6feed763a7ad4362b8ca201ade96f081V\/64496\/H6feed763a7ad4362b8ca201ade96f081V.jpg\" data-id=\"child-image-1\" class=\"aligncenter\">\n     <\/div>\n<\/p><\/div>\n<\/p><\/div>\n<\/p><\/div>\n<\/p><\/div>\n<div class=\"icbu-pc-images magic-20\">\n<div>\n<div class=\"flex-layout-v\">\n<div class=\"flex-layout-h magic-20\">\n<div class=\"magic-23\">\n      <img decoding=\"async\" src=\"https:\/\/sc02.alicdn.com\/kf\/H1fde625cdea5497aa8291fb75d32e657e\/64496\/H1fde625cdea5497aa8291fb75d32e657e.jpg\" data-id=\"child-image-0\" class=\"aligncenter\">\n     <\/div>\n<div class=\"magic-25\">\n      <img decoding=\"async\" src=\"https:\/\/sc01.alicdn.com\/kf\/Hd4a189ff02b3452cae79d31ed2f26d783\/64496\/Hd4a189ff02b3452cae79d31ed2f26d783.jpg\" data-id=\"child-image-1\" class=\"aligncenter\">\n     <\/div>\n<\/p><\/div>\n<\/p><\/div>\n<\/p><\/div>\n<\/p><\/div>\n<div id=\"ali-anchor-AliMagic-z4u6cc\" data-section=\"AliMagic-z4u6cc\" data-section-title=\"Related Products\" class=\"magic-0\">\n  Productos relacionados\n <\/div>\n<div data-magic=\"{&quot;mds&quot;:{&quot;assetsVersion&quot;:&quot;0.0.9&quot;,&quot;assetsPackageName&quot;:&quot;icbumod&quot;,&quot;moduleNameAlias&quot;:&quot;icbu-pc-detailSellerRecommend&quot;,&quot;moduleData&quot;:{&quot;config&quot;:{&quot;columnCount&quot;:4,&quot;titleKey&quot;:6,&quot;products&quot;:[1222125724,62292374579,1233067035,702918704]}}},&quot;version&quot;:1}\" class=\"icbu-pc-detailSellerRecommend magic-26\"><\/div>\n<div id=\"ali-anchor-AliMagic-54uy8r\" data-section=\"AliMagic-54uy8r\" data-section-title=\"Packing&amp;Shipping\" class=\"magic-0\">\n  Embalaje y env\u00edo\n <\/div>\n<div class=\"icbu-pc-images magic-20\">\n<div>\n<div class=\"flex-layout-v\">\n<div class=\"flex-layout-h magic-20\">\n<div class=\"magic-27\">\n      <img decoding=\"async\" src=\"https:\/\/sc02.alicdn.com\/kf\/HTB1I1WfdNjaK1RjSZFAq6zdLFXaU\/64496\/HTB1I1WfdNjaK1RjSZFAq6zdLFXaU.jpg\" class=\"aligncenter\">\n     <\/div>\n<\/p><\/div>\n<\/p><\/div>\n<\/p><\/div>\n<\/p><\/div>\n<div id=\"ali-anchor-AliMagic-gek7tr\" data-section=\"AliMagic-gek7tr\" data-section-title=\"After Sales Service\" class=\"magic-0\"><\/div>\n<div class=\"icbu-pc-images magic-20\">\n<div>\n<div class=\"flex-layout-v\">\n<div class=\"flex-layout-h magic-20\">\n    <\/div>\n<\/p><\/div>\n<\/p><\/div>\n<\/p><\/div>\n<\/div>","protected":false},"excerpt":{"rendered":"<p>Envasadora al vac\u00edo Dz-600vs<\/p>","protected":false},"featured_media":3206,"comment_status":"closed","ping_status":"open","template":"","meta":[],"product_brand":[],"product_cat":[100],"product_tag":[],"class_list":{"0":"post-3205","1":"product","2":"type-product","3":"status-publish","4":"has-post-thumbnail","6":"product_cat-vacuum-packing-machines","8":"first","9":"instock","10":"sale","11":"purchasable","12":"product-type-simple"},"yoast_head":"<!-- This site is optimized with the Yoast SEO Premium plugin v20.9 (Yoast SEO v26.5) - https:\/\/yoast.com\/wordpress\/plugins\/seo\/ -->\n<title>DZ600VS Vertical type External Vacuum Packager Sealing Packaging Machine - ALF PACK<\/title>\n<meta name=\"robots\" content=\"index, follow, max-snippet:-1, max-image-preview:large, max-video-preview:-1\" \/>\n<link rel=\"canonical\" href=\"https:\/\/alfequipment.com\/es\/product\/dz600vs-envasadora-al-vacio-externa-de-tipo-vertical-maquina-de-envasado-y-sellado\/\" \/>\n<meta property=\"og:locale\" content=\"es_ES\" \/>\n<meta property=\"og:type\" content=\"article\" \/>\n<meta property=\"og:title\" content=\"DZ600VS Vertical type External Vacuum Packager Sealing Packaging Machine\" \/>\n<meta property=\"og:description\" content=\"Dz-600vs Vacuum Sealing Packaging Machine\" \/>\n<meta property=\"og:url\" content=\"https:\/\/alfequipment.com\/es\/product\/dz600vs-envasadora-al-vacio-externa-de-tipo-vertical-maquina-de-envasado-y-sellado\/\" \/>\n<meta property=\"og:site_name\" content=\"ALF PACK\" \/>\n<meta property=\"article:modified_time\" content=\"2025-01-13T13:14:34+00:00\" \/>\n<meta property=\"og:image\" content=\"https:\/\/alfequipment.com\/wp-content\/uploads\/2025\/01\/H80e6ef7baead4bc1a3cd67390413f6a9w.jpg\" \/>\n\t<meta property=\"og:image:width\" content=\"800\" \/>\n\t<meta property=\"og:image:height\" content=\"800\" \/>\n\t<meta property=\"og:image:type\" content=\"image\/webp\" \/>\n<meta name=\"twitter:card\" content=\"summary_large_image\" \/>\n<script type=\"application\/ld+json\" class=\"yoast-schema-graph\">{\"@context\":\"https:\/\/schema.org\",\"@graph\":[{\"@type\":\"WebPage\",\"@id\":\"https:\/\/alfequipment.com\/product\/dz600vs-vertical-type-external-vacuum-packager-sealing-packaging-machine\/\",\"url\":\"https:\/\/alfequipment.com\/product\/dz600vs-vertical-type-external-vacuum-packager-sealing-packaging-machine\/\",\"name\":\"DZ600VS Vertical type External Vacuum Packager Sealing Packaging Machine - ALF PACK\",\"isPartOf\":{\"@id\":\"https:\/\/alfequipment.com\/#website\"},\"primaryImageOfPage\":{\"@id\":\"https:\/\/alfequipment.com\/product\/dz600vs-vertical-type-external-vacuum-packager-sealing-packaging-machine\/#primaryimage\"},\"image\":{\"@id\":\"https:\/\/alfequipment.com\/product\/dz600vs-vertical-type-external-vacuum-packager-sealing-packaging-machine\/#primaryimage\"},\"thumbnailUrl\":\"https:\/\/alfequipment.com\/wp-content\/uploads\/2025\/01\/H80e6ef7baead4bc1a3cd67390413f6a9w.jpg\",\"datePublished\":\"2024-12-16T21:20:52+00:00\",\"dateModified\":\"2025-01-13T13:14:34+00:00\",\"breadcrumb\":{\"@id\":\"https:\/\/alfequipment.com\/product\/dz600vs-vertical-type-external-vacuum-packager-sealing-packaging-machine\/#breadcrumb\"},\"inLanguage\":\"es\",\"potentialAction\":[{\"@type\":\"ReadAction\",\"target\":[\"https:\/\/alfequipment.com\/product\/dz600vs-vertical-type-external-vacuum-packager-sealing-packaging-machine\/\"]}]},{\"@type\":\"ImageObject\",\"inLanguage\":\"es\",\"@id\":\"https:\/\/alfequipment.com\/product\/dz600vs-vertical-type-external-vacuum-packager-sealing-packaging-machine\/#primaryimage\",\"url\":\"https:\/\/alfequipment.com\/wp-content\/uploads\/2025\/01\/H80e6ef7baead4bc1a3cd67390413f6a9w.jpg\",\"contentUrl\":\"https:\/\/alfequipment.com\/wp-content\/uploads\/2025\/01\/H80e6ef7baead4bc1a3cd67390413f6a9w.jpg\",\"width\":800,\"height\":800},{\"@type\":\"BreadcrumbList\",\"@id\":\"https:\/\/alfequipment.com\/product\/dz600vs-vertical-type-external-vacuum-packager-sealing-packaging-machine\/#breadcrumb\",\"itemListElement\":[{\"@type\":\"ListItem\",\"position\":1,\"name\":\"Home\",\"item\":\"https:\/\/alfequipment.com\/\"},{\"@type\":\"ListItem\",\"position\":2,\"name\":\"Shop\",\"item\":\"https:\/\/alfequipment.com\/shop\/\"},{\"@type\":\"ListItem\",\"position\":3,\"name\":\"DZ600VS Vertical type External Vacuum Packager Sealing Packaging Machine\"}]},{\"@type\":\"WebSite\",\"@id\":\"https:\/\/alfequipment.com\/#website\",\"url\":\"https:\/\/alfequipment.com\/\",\"name\":\"ALF PACK\",\"description\":\"\",\"publisher\":{\"@id\":\"https:\/\/alfequipment.com\/#organization\"},\"potentialAction\":[{\"@type\":\"SearchAction\",\"target\":{\"@type\":\"EntryPoint\",\"urlTemplate\":\"https:\/\/alfequipment.com\/?s={search_term_string}\"},\"query-input\":{\"@type\":\"PropertyValueSpecification\",\"valueRequired\":true,\"valueName\":\"search_term_string\"}}],\"inLanguage\":\"es\"},{\"@type\":\"Organization\",\"@id\":\"https:\/\/alfequipment.com\/#organization\",\"name\":\"ALF PACK\",\"url\":\"https:\/\/alfequipment.com\/\",\"logo\":{\"@type\":\"ImageObject\",\"inLanguage\":\"es\",\"@id\":\"https:\/\/alfequipment.com\/#\/schema\/logo\/image\/\",\"url\":\"https:\/\/alfequipment.com\/wp-content\/uploads\/2024\/11\/ALFlogo-2.webp\",\"contentUrl\":\"https:\/\/alfequipment.com\/wp-content\/uploads\/2024\/11\/ALFlogo-2.webp\",\"width\":758,\"height\":750,\"caption\":\"ALF PACK\"},\"image\":{\"@id\":\"https:\/\/alfequipment.com\/#\/schema\/logo\/image\/\"}}]}<\/script>\n<!-- \/ Yoast SEO Premium plugin. -->","yoast_head_json":{"title":"Envasadora al vac\u00edo externa tipo vertical DZ600VS - ALF PACK","robots":{"index":"index","follow":"follow","max-snippet":"max-snippet:-1","max-image-preview":"max-image-preview:large","max-video-preview":"max-video-preview:-1"},"canonical":"https:\/\/alfequipment.com\/es\/product\/dz600vs-envasadora-al-vacio-externa-de-tipo-vertical-maquina-de-envasado-y-sellado\/","og_locale":"es_ES","og_type":"article","og_title":"DZ600VS Vertical type External Vacuum Packager Sealing Packaging Machine","og_description":"Dz-600vs Vacuum Sealing Packaging Machine","og_url":"https:\/\/alfequipment.com\/es\/product\/dz600vs-envasadora-al-vacio-externa-de-tipo-vertical-maquina-de-envasado-y-sellado\/","og_site_name":"ALF PACK","article_modified_time":"2025-01-13T13:14:34+00:00","og_image":[{"width":800,"height":800,"url":"https:\/\/alfequipment.com\/wp-content\/uploads\/2025\/01\/H80e6ef7baead4bc1a3cd67390413f6a9w.jpg","type":"image\/webp"}],"twitter_card":"summary_large_image","schema":{"@context":"https:\/\/schema.org","@graph":[{"@type":"WebPage","@id":"https:\/\/alfequipment.com\/product\/dz600vs-vertical-type-external-vacuum-packager-sealing-packaging-machine\/","url":"https:\/\/alfequipment.com\/product\/dz600vs-vertical-type-external-vacuum-packager-sealing-packaging-machine\/","name":"Envasadora al vac\u00edo externa tipo vertical DZ600VS - ALF PACK","isPartOf":{"@id":"https:\/\/alfequipment.com\/#website"},"primaryImageOfPage":{"@id":"https:\/\/alfequipment.com\/product\/dz600vs-vertical-type-external-vacuum-packager-sealing-packaging-machine\/#primaryimage"},"image":{"@id":"https:\/\/alfequipment.com\/product\/dz600vs-vertical-type-external-vacuum-packager-sealing-packaging-machine\/#primaryimage"},"thumbnailUrl":"https:\/\/alfequipment.com\/wp-content\/uploads\/2025\/01\/H80e6ef7baead4bc1a3cd67390413f6a9w.jpg","datePublished":"2024-12-16T21:20:52+00:00","dateModified":"2025-01-13T13:14:34+00:00","breadcrumb":{"@id":"https:\/\/alfequipment.com\/product\/dz600vs-vertical-type-external-vacuum-packager-sealing-packaging-machine\/#breadcrumb"},"inLanguage":"es","potentialAction":[{"@type":"ReadAction","target":["https:\/\/alfequipment.com\/product\/dz600vs-vertical-type-external-vacuum-packager-sealing-packaging-machine\/"]}]},{"@type":"ImageObject","inLanguage":"es","@id":"https:\/\/alfequipment.com\/product\/dz600vs-vertical-type-external-vacuum-packager-sealing-packaging-machine\/#primaryimage","url":"https:\/\/alfequipment.com\/wp-content\/uploads\/2025\/01\/H80e6ef7baead4bc1a3cd67390413f6a9w.jpg","contentUrl":"https:\/\/alfequipment.com\/wp-content\/uploads\/2025\/01\/H80e6ef7baead4bc1a3cd67390413f6a9w.jpg","width":800,"height":800},{"@type":"BreadcrumbList","@id":"https:\/\/alfequipment.com\/product\/dz600vs-vertical-type-external-vacuum-packager-sealing-packaging-machine\/#breadcrumb","itemListElement":[{"@type":"ListItem","position":1,"name":"Home","item":"https:\/\/alfequipment.com\/"},{"@type":"ListItem","position":2,"name":"Shop","item":"https:\/\/alfequipment.com\/shop\/"},{"@type":"ListItem","position":3,"name":"DZ600VS Vertical type External Vacuum Packager Sealing Packaging Machine"}]},{"@type":"WebSite","@id":"https:\/\/alfequipment.com\/#website","url":"https:\/\/alfequipment.com\/","name":"PAQUETE ALF","description":"","publisher":{"@id":"https:\/\/alfequipment.com\/#organization"},"potentialAction":[{"@type":"SearchAction","target":{"@type":"EntryPoint","urlTemplate":"https:\/\/alfequipment.com\/?s={search_term_string}"},"query-input":{"@type":"PropertyValueSpecification","valueRequired":true,"valueName":"search_term_string"}}],"inLanguage":"es"},{"@type":"Organization","@id":"https:\/\/alfequipment.com\/#organization","name":"PAQUETE ALF","url":"https:\/\/alfequipment.com\/","logo":{"@type":"ImageObject","inLanguage":"es","@id":"https:\/\/alfequipment.com\/#\/schema\/logo\/image\/","url":"https:\/\/alfequipment.com\/wp-content\/uploads\/2024\/11\/ALFlogo-2.webp","contentUrl":"https:\/\/alfequipment.com\/wp-content\/uploads\/2024\/11\/ALFlogo-2.webp","width":758,"height":750,"caption":"ALF PACK"},"image":{"@id":"https:\/\/alfequipment.com\/#\/schema\/logo\/image\/"}}]}},"_links":{"self":[{"href":"https:\/\/alfequipment.com\/es\/wp-json\/wp\/v2\/product\/3205","targetHints":{"allow":["GET"]}}],"collection":[{"href":"https:\/\/alfequipment.com\/es\/wp-json\/wp\/v2\/product"}],"about":[{"href":"https:\/\/alfequipment.com\/es\/wp-json\/wp\/v2\/types\/product"}],"replies":[{"embeddable":true,"href":"https:\/\/alfequipment.com\/es\/wp-json\/wp\/v2\/comments?post=3205"}],"version-history":[{"count":0,"href":"https:\/\/alfequipment.com\/es\/wp-json\/wp\/v2\/product\/3205\/revisions"}],"wp:featuredmedia":[{"embeddable":true,"href":"https:\/\/alfequipment.com\/es\/wp-json\/wp\/v2\/media\/3206"}],"wp:attachment":[{"href":"https:\/\/alfequipment.com\/es\/wp-json\/wp\/v2\/media?parent=3205"}],"wp:term":[{"taxonomy":"product_brand","embeddable":true,"href":"https:\/\/alfequipment.com\/es\/wp-json\/wp\/v2\/product_brand?post=3205"},{"taxonomy":"product_cat","embeddable":true,"href":"https:\/\/alfequipment.com\/es\/wp-json\/wp\/v2\/product_cat?post=3205"},{"taxonomy":"product_tag","embeddable":true,"href":"https:\/\/alfequipment.com\/es\/wp-json\/wp\/v2\/product_tag?post=3205"}],"curies":[{"name":"wp","href":"https:\/\/api.w.org\/{rel}","templated":true}]}}