{"id":3207,"date":"2024-12-14T09:59:39","date_gmt":"2024-12-14T09:59:39","guid":{"rendered":"https:\/\/alfequipment.com\/product\/dz600-2sb-double-chamber-vacuum-packaging-machine-optionwith-gas-flushing-system\/"},"modified":"2025-01-13T13:14:37","modified_gmt":"2025-01-13T13:14:37","slug":"dz600-2sb-envasadora-al-vacio-de-doble-campana-opcionalcon-sistema-de-lavado-por-gas","status":"publish","type":"product","link":"https:\/\/alfequipment.com\/es\/product\/dz600-2sb-envasadora-al-vacio-de-doble-campana-opcionalcon-sistema-de-lavado-por-gas\/","title":{"rendered":"Envasadora al vac\u00edo de doble campana DZ600-2SB (Opci\u00f3n:con sistema de lavado por gas)"},"content":{"rendered":"<div data-maya=\"{&quot;theme&quot;:{&quot;face&quot;:&quot;yin&quot;,&quot;fontFace&quot;:&quot;Roboto&quot;,&quot;fontSize&quot;:22,&quot;colors&quot;:1},&quot;items&quot;:[{&quot;title&quot;:&quot;a7nl6&quot;,&quot;formats&quot;:[[[{&quot;ib6xb&quot;:&quot;H&quot;},{&quot;kt0zl&quot;:&quot;P&quot;}]],[{&quot;88sni&quot;:{&quot;name&quot;:&quot;Tc&quot;,&quot;theme&quot;:&quot;col-header&quot;,&quot;tableCfgs&quot;:{&quot;sizes&quot;:{&quot;colWidths&quot;:[267,436],&quot;rowHeights&quot;:[22,22,22,22,22,22,22,22,22]}}}}],[{&quot;81c3e&quot;:&quot;Ia&quot;}],[[{&quot;lg4ms&quot;:&quot;Ib&quot;},[{&quot;wkdpt&quot;:&quot;Id&quot;},{&quot;8ta0j&quot;:&quot;Id&quot;}]]],[{&quot;7dwdo&quot;:&quot;Ia&quot;}]]},{&quot;title&quot;:&quot;vfi21&quot;,&quot;formats&quot;:[[{&quot;msiug&quot;:&quot;Ii&quot;},{&quot;b0pa3&quot;:&quot;Ii&quot;},{&quot;qwnn2&quot;:&quot;Ii&quot;}]]},{&quot;title&quot;:&quot;jzz9u&quot;,&quot;formats&quot;:[[{&quot;oq62e&quot;:&quot;Ia&quot;}]]},{&quot;title&quot;:&quot;fwpg5&quot;,&quot;formats&quot;:[[{&quot;wbzx0&quot;:&quot;Ih&quot;},{&quot;fuzdf&quot;:{&quot;name&quot;:&quot;Te&quot;,&quot;theme&quot;:&quot;double-header&quot;,&quot;tableCfgs&quot;:{&quot;sizes&quot;:{&quot;colWidths&quot;:[72,252],&quot;rowHeights&quot;:[23,23,23,196]}}}}]]},{&quot;title&quot;:&quot;i32gh&quot;,&quot;formats&quot;:[[[[{&quot;vpajj&quot;:&quot;Im&quot;},{&quot;hcunl&quot;:&quot;Im&quot;},{&quot;34n9k&quot;:&quot;Im&quot;}],[[{&quot;qen3p&quot;:&quot;H&quot;},{&quot;d4rt7&quot;:&quot;P&quot;}],[{&quot;pc831&quot;:&quot;H&quot;},{&quot;kprsr&quot;:&quot;P&quot;}],[{&quot;420wl&quot;:&quot;H&quot;},{&quot;j2bx1&quot;:&quot;P&quot;}]]]]]},{&quot;title&quot;:&quot;x035m&quot;,&quot;formats&quot;:[]}]}\">\n<div>\n<div style=\"vertical-align: top;padding-top: 15px; padding-bottom: 15px;\">\n<div style=\"vertical-align: top;padding-top: 10px; padding-bottom: 10px; margin-right: -4px; margin-left: -4px;\">\n<div style=\"vertical-align: top; box-sizing: border-box; padding-right: 4px; padding-left: 4px;margin-top: -4px; margin-bottom: -4px;\">\n<div id=\"kt0zl\" style=\"vertical-align: top; box-sizing: border-box; padding-top: 4px; padding-bottom: 4px\">\n<p style=\"margin:0;padding:0;\">&nbsp;DZ600-2SB:<\/p>\n<p style=\"margin:0;padding:0;\">1.La envasadora al vac\u00edo de doble campana se caracteriza por el proceso autom\u00e1tico de envasado al vac\u00edo, sellado, impresi\u00f3n y refrigeraci\u00f3n en una sola operaci\u00f3n. <\/p>\n<p>2.Dispone de doble c\u00e1mara de vac\u00edo. El operador puede preparar bolsas para el siguiente envasado al vac\u00edo en otra c\u00e1mara cuando una c\u00e1mara est\u00e1 envasando.<\/p>\n<p>3.Por lo tanto, tiene mayor eficiencia que la m\u00e1quina de una sola c\u00e1mara.<\/p>\n<p>4.Se utiliza ampliamente en el envasado al vac\u00edo para las industrias alimentaria, farmac\u00e9utica, acu\u00e1tica, qu\u00edmica y electr\u00f3nica. <\/p>\n<p>5.El envasado al vac\u00edo puede evitar que los productos se oxiden y se enmohezcan, as\u00ed como la corrosi\u00f3n y la humedad. <\/p>\n<p>6.As\u00ed se prolonga la vida y la frescura de los productos durante un tiempo de almacenamiento prolongado.<\/p>\n<p>DZQ600-2SB:<br \/>La m\u00e1quina llena la bolsa con alg\u00fan tipo de gas, como nitr\u00f3geno, despu\u00e9s de envasarla al vac\u00edo. El gas nitr\u00f3geno ayuda a tener un tiempo de frescura m\u00e1s largo que el estado de vac\u00edo.<\/p>\n<\/p><\/div>\n<\/p><\/div>\n<\/p><\/div>\n<div style=\"vertical-align: top;padding-top: 10px; padding-bottom: 10px; margin-right: -4px; margin-left: -4px;\">\n<div id=\"88sni\" style=\"vertical-align: top; box-sizing: border-box; padding-right: 4px; padding-left: 4px\">\n<table style=\"width: auto; border-collapse: collapse; word-wrap: break-word;\" class=\"aliDataTable\">\n<tbody>\n<tr>\n<td style=\"background-color: rgb(218, 226, 237);\">\n<div style=\"width: 267px; height: 22px; padding: 5px 10px; overflow: hidden;\">\n          Modelo\n         <\/div>\n<\/td>\n<td>\n<div style=\"width: 436px; height: auto; padding: 5px 10px; overflow: hidden;\">\n          DZ600-2SB \/ DZQ600-2SB(con llenado de gas)\n         <\/div>\n<\/td>\n<\/tr>\n<tr>\n<td style=\"background-color: rgb(218, 226, 237);\">\n<div style=\"width: 267px; height: 22px; padding: 5px 10px; overflow: hidden;\">\n          Fuente de energ\u00eda\n         <\/div>\n<\/td>\n<td>\n<div style=\"width: 436px; height: 22px; padding: 5px 10px; overflow: hidden;\">\n          220V\/50Hz\n         <\/div>\n<\/td>\n<\/tr>\n<tr>\n<td style=\"background-color: rgb(218, 226, 237);\">\n<div style=\"width: 267px; height: 22px; padding: 5px 10px; overflow: hidden;\">\n          Potencia\n         <\/div>\n<\/td>\n<td>\n<div style=\"width: 436px; height: 22px; padding: 5px 10px; overflow: hidden;\">\n          3,1 KW\n         <\/div>\n<\/td>\n<\/tr>\n<tr>\n<td style=\"background-color: rgb(218, 226, 237);\">\n<div style=\"width: 267px; height: 22px; padding: 5px 10px; overflow: hidden;\">\n          Velocidad de sellado\n         <\/div>\n<\/td>\n<td>\n<div style=\"width: 436px; height: 22px; padding: 5px 10px; overflow: hidden;\">\n          1-4 veces\/min\n         <\/div>\n<\/td>\n<\/tr>\n<tr>\n<td style=\"background-color: rgb(218, 226, 237);\">\n<div style=\"width: 267px; height: 22px; padding: 5px 10px; overflow: hidden;\">\n          Tama\u00f1o de la sala de trabajo\n         <\/div>\n<\/td>\n<td>\n<div style=\"width: 436px; height: 22px; padding: 5px 10px; overflow: hidden;\">\n          L670\u00d7An540\u00d7Al110mm\n         <\/div>\n<\/td>\n<\/tr>\n<tr>\n<td style=\"background-color: rgb(218, 226, 237);\">\n<div style=\"width: 267px; height: 22px; padding: 5px 10px; overflow: hidden;\">\n          Longitud de sellado\n         <\/div>\n<\/td>\n<td>\n<div style=\"width: 436px; height: 22px; padding: 5px 10px; overflow: hidden;\">\n          600*10mm\n         <\/div>\n<\/td>\n<\/tr>\n<tr>\n<td style=\"background-color: rgb(218, 226, 237);\">\n<div style=\"width: 267px; height: 22px; padding: 5px 10px; overflow: hidden;\">\n          C\u00d3DIGO SA\n         <\/div>\n<\/td>\n<td>\n<div style=\"width: 436px; height: 22px; padding: 5px 10px; overflow: hidden;\">\n          8422400000\n         <\/div>\n<\/td>\n<\/tr>\n<tr>\n<td style=\"background-color: rgb(218, 226, 237);\">\n<div style=\"width: 267px; height: 22px; padding: 5px 10px; overflow: hidden;\">\n          Peso\n         <\/div>\n<\/td>\n<td>\n<div style=\"width: 436px; height: 22px; padding: 5px 10px; overflow: hidden;\">\n          320kgs\n         <\/div>\n<\/td>\n<\/tr>\n<tr>\n<td style=\"background-color: rgb(218, 226, 237);\">\n<div style=\"width: 267px; height: 22px; padding: 5px 10px; overflow: hidden;\">\n          Tama\u00f1o exterior\n         <\/div>\n<\/td>\n<td>\n<div style=\"width: 436px; height: 22px; padding: 5px 10px; overflow: hidden;\">\n          L1550\u00d7A850\u00d7H1020mm\n         <\/div>\n<\/td>\n<\/tr>\n<\/tbody>\n<\/table><\/div>\n<\/p><\/div>\n<div style=\"vertical-align: top;padding-top: 10px; padding-bottom: 10px; margin-right: -4px; margin-left: -4px;\">\n<div id=\"81c3e\" style=\"vertical-align: top; box-sizing: border-box; padding-right: 4px; padding-left: 4px\">\n<div style=\"overflow: hidden; width: 750px; height: 750px;\">\n      <img decoding=\"async\" src=\"https:\/\/sc02.alicdn.com\/kf\/HTB1GHyoaPDuK1Rjy1zjq6zraFXaL\/64496\/HTB1GHyoaPDuK1Rjy1zjq6zraFXaL.jpg\" style=\"width: 750px; height: 750px; margin-left: 0px; margin-top: 0px;\" class=\"aligncenter\">\n     <\/div>\n<\/p><\/div>\n<\/p><\/div>\n<div style=\"vertical-align: top;padding-top: 10px; padding-bottom: 10px; margin-right: -4px; margin-left: -4px;\">\n<div style=\"vertical-align: top; box-sizing: border-box; padding-right: 4px; padding-left: 4px;margin-top: -4px; margin-bottom: -4px;\">\n<div id=\"lg4ms\" style=\"vertical-align: top; box-sizing: border-box; padding-top: 4px; padding-bottom: 4px\">\n<div style=\"overflow: hidden; width: 750px; height: 320px;\">\n       <img decoding=\"async\" src=\"https:\/\/sc01.alicdn.com\/kf\/HTB1wrCkaTjxK1Rjy0Fnq6yBaFXau\/64496\/HTB1wrCkaTjxK1Rjy0Fnq6yBaFXau.jpg\" style=\"width: 750px; height: 500.25px; margin-left: 0px; margin-top: -105px;\" class=\"aligncenter\">\n      <\/div>\n<\/p><\/div>\n<div style=\"vertical-align: top; box-sizing: border-box; padding-top: 4px; padding-bottom: 4px;margin-right: -4px; margin-left: -4px;\">\n<div id=\"wkdpt\" style=\"vertical-align: top; width: 50%; display: inline-block; box-sizing: border-box; padding-right: 4px; padding-left: 4px\">\n<div style=\"overflow: hidden; width: 371px; height: 200px;\">\n        <img decoding=\"async\" src=\"https:\/\/sc01.alicdn.com\/kf\/HTB1B0egaODxK1RjSsphq6zHrpXaa\/64496\/HTB1B0egaODxK1RjSsphq6zHrpXaa.jpg\" style=\"width: 371px; height: 247.457px; margin-left: 0px; margin-top: -23px;\" class=\"aligncenter\">\n       <\/div>\n<\/p><\/div>\n<div id=\"8ta0j\" style=\"vertical-align: top; width: 50%; display: inline-block; box-sizing: border-box; padding-right: 4px; padding-left: 4px\">\n<div style=\"overflow: hidden; width: 371px; height: 200px;\">\n        <img decoding=\"async\" src=\"https:\/\/sc01.alicdn.com\/kf\/HTB1DKGeaUjrK1RkHFNRq6ySvpXaa\/64496\/HTB1DKGeaUjrK1RkHFNRq6ySvpXaa.jpg\" style=\"width: 371px; height: 247.457px; margin-left: 0px; margin-top: -7px;\" class=\"aligncenter\">\n       <\/div>\n<\/p><\/div>\n<\/p><\/div>\n<\/p><\/div>\n<\/p><\/div>\n<div style=\"vertical-align: top;padding-top: 10px; padding-bottom: 10px; margin-right: -4px; margin-left: -4px;\">\n<div id=\"7dwdo\" style=\"vertical-align: top; box-sizing: border-box; padding-right: 4px; padding-left: 4px\">\n<div style=\"overflow: hidden; width: 750px; height: 990.19px;\">\n      <img decoding=\"async\" src=\"https:\/\/sc02.alicdn.com\/kf\/HTB16hV9aUvrK1RjSspcq6zzSXXaM\/64496\/HTB16hV9aUvrK1RjSspcq6zzSXXaM.jpg\" style=\"width: 750px; height: 990.19px; margin-left: 0px; margin-top: 0px;\" class=\"aligncenter\"><\/div>\n<\/div>\n<\/div>\n<\/div><\/div>\n<\/div>","protected":false},"excerpt":{"rendered":"<p>Envasadora al vac\u00edo de doble campana con sistema de llenado de gas<\/p>","protected":false},"featured_media":3208,"comment_status":"closed","ping_status":"open","template":"","meta":[],"product_brand":[],"product_cat":[100],"product_tag":[],"class_list":{"0":"post-3207","1":"product","2":"type-product","3":"status-publish","4":"has-post-thumbnail","6":"product_cat-vacuum-packing-machines","8":"first","9":"instock","10":"sale","11":"purchasable","12":"product-type-simple"},"yoast_head":"<!-- This site is optimized with the Yoast SEO Premium plugin v20.9 (Yoast SEO v26.5) - https:\/\/yoast.com\/wordpress\/plugins\/seo\/ -->\n<title>DZ600-2SB Double chamber Vacuum Packaging Machine (Option:with gas flushing system) - ALF PACK<\/title>\n<meta name=\"robots\" content=\"index, follow, max-snippet:-1, max-image-preview:large, max-video-preview:-1\" \/>\n<link rel=\"canonical\" href=\"https:\/\/alfequipment.com\/es\/product\/dz600-2sb-envasadora-al-vacio-de-doble-campana-opcionalcon-sistema-de-lavado-por-gas\/\" \/>\n<meta property=\"og:locale\" content=\"es_ES\" \/>\n<meta property=\"og:type\" content=\"article\" \/>\n<meta property=\"og:title\" content=\"DZ600-2SB Double chamber Vacuum Packaging Machine (Option:with gas flushing system)\" \/>\n<meta property=\"og:description\" content=\"Double Chamber Vacuum Packaging Machine With Gas Filling System\" \/>\n<meta property=\"og:url\" content=\"https:\/\/alfequipment.com\/es\/product\/dz600-2sb-envasadora-al-vacio-de-doble-campana-opcionalcon-sistema-de-lavado-por-gas\/\" \/>\n<meta property=\"og:site_name\" content=\"ALF PACK\" \/>\n<meta property=\"article:modified_time\" content=\"2025-01-13T13:14:37+00:00\" \/>\n<meta property=\"og:image\" content=\"https:\/\/alfequipment.com\/wp-content\/uploads\/2025\/01\/HTB1jK5XaUvrK1RjSspcq6zzSXXaF.jpg\" \/>\n\t<meta property=\"og:image:width\" content=\"800\" \/>\n\t<meta property=\"og:image:height\" content=\"800\" \/>\n\t<meta property=\"og:image:type\" content=\"image\/webp\" \/>\n<meta name=\"twitter:card\" content=\"summary_large_image\" \/>\n<meta name=\"twitter:label1\" content=\"Tiempo de lectura\" \/>\n\t<meta name=\"twitter:data1\" content=\"1 minuto\" \/>\n<script type=\"application\/ld+json\" class=\"yoast-schema-graph\">{\"@context\":\"https:\/\/schema.org\",\"@graph\":[{\"@type\":\"WebPage\",\"@id\":\"https:\/\/alfequipment.com\/product\/dz600-2sb-double-chamber-vacuum-packaging-machine-optionwith-gas-flushing-system\/\",\"url\":\"https:\/\/alfequipment.com\/product\/dz600-2sb-double-chamber-vacuum-packaging-machine-optionwith-gas-flushing-system\/\",\"name\":\"DZ600-2SB Double chamber Vacuum Packaging Machine (Option:with gas flushing system) - ALF PACK\",\"isPartOf\":{\"@id\":\"https:\/\/alfequipment.com\/#website\"},\"primaryImageOfPage\":{\"@id\":\"https:\/\/alfequipment.com\/product\/dz600-2sb-double-chamber-vacuum-packaging-machine-optionwith-gas-flushing-system\/#primaryimage\"},\"image\":{\"@id\":\"https:\/\/alfequipment.com\/product\/dz600-2sb-double-chamber-vacuum-packaging-machine-optionwith-gas-flushing-system\/#primaryimage\"},\"thumbnailUrl\":\"https:\/\/alfequipment.com\/wp-content\/uploads\/2025\/01\/HTB1jK5XaUvrK1RjSspcq6zzSXXaF.jpg\",\"datePublished\":\"2024-12-14T09:59:39+00:00\",\"dateModified\":\"2025-01-13T13:14:37+00:00\",\"breadcrumb\":{\"@id\":\"https:\/\/alfequipment.com\/product\/dz600-2sb-double-chamber-vacuum-packaging-machine-optionwith-gas-flushing-system\/#breadcrumb\"},\"inLanguage\":\"es\",\"potentialAction\":[{\"@type\":\"ReadAction\",\"target\":[\"https:\/\/alfequipment.com\/product\/dz600-2sb-double-chamber-vacuum-packaging-machine-optionwith-gas-flushing-system\/\"]}]},{\"@type\":\"ImageObject\",\"inLanguage\":\"es\",\"@id\":\"https:\/\/alfequipment.com\/product\/dz600-2sb-double-chamber-vacuum-packaging-machine-optionwith-gas-flushing-system\/#primaryimage\",\"url\":\"https:\/\/alfequipment.com\/wp-content\/uploads\/2025\/01\/HTB1jK5XaUvrK1RjSspcq6zzSXXaF.jpg\",\"contentUrl\":\"https:\/\/alfequipment.com\/wp-content\/uploads\/2025\/01\/HTB1jK5XaUvrK1RjSspcq6zzSXXaF.jpg\",\"width\":800,\"height\":800},{\"@type\":\"BreadcrumbList\",\"@id\":\"https:\/\/alfequipment.com\/product\/dz600-2sb-double-chamber-vacuum-packaging-machine-optionwith-gas-flushing-system\/#breadcrumb\",\"itemListElement\":[{\"@type\":\"ListItem\",\"position\":1,\"name\":\"Home\",\"item\":\"https:\/\/alfequipment.com\/\"},{\"@type\":\"ListItem\",\"position\":2,\"name\":\"Shop\",\"item\":\"https:\/\/alfequipment.com\/shop\/\"},{\"@type\":\"ListItem\",\"position\":3,\"name\":\"DZ600-2SB Double chamber Vacuum Packaging Machine (Option:with gas flushing system)\"}]},{\"@type\":\"WebSite\",\"@id\":\"https:\/\/alfequipment.com\/#website\",\"url\":\"https:\/\/alfequipment.com\/\",\"name\":\"ALF PACK\",\"description\":\"\",\"publisher\":{\"@id\":\"https:\/\/alfequipment.com\/#organization\"},\"potentialAction\":[{\"@type\":\"SearchAction\",\"target\":{\"@type\":\"EntryPoint\",\"urlTemplate\":\"https:\/\/alfequipment.com\/?s={search_term_string}\"},\"query-input\":{\"@type\":\"PropertyValueSpecification\",\"valueRequired\":true,\"valueName\":\"search_term_string\"}}],\"inLanguage\":\"es\"},{\"@type\":\"Organization\",\"@id\":\"https:\/\/alfequipment.com\/#organization\",\"name\":\"ALF PACK\",\"url\":\"https:\/\/alfequipment.com\/\",\"logo\":{\"@type\":\"ImageObject\",\"inLanguage\":\"es\",\"@id\":\"https:\/\/alfequipment.com\/#\/schema\/logo\/image\/\",\"url\":\"https:\/\/alfequipment.com\/wp-content\/uploads\/2024\/11\/ALFlogo-2.webp\",\"contentUrl\":\"https:\/\/alfequipment.com\/wp-content\/uploads\/2024\/11\/ALFlogo-2.webp\",\"width\":758,\"height\":750,\"caption\":\"ALF PACK\"},\"image\":{\"@id\":\"https:\/\/alfequipment.com\/#\/schema\/logo\/image\/\"}}]}<\/script>\n<!-- \/ Yoast SEO Premium plugin. -->","yoast_head_json":{"title":"Envasadora al vac\u00edo de doble campana DZ600-2SB (Opci\u00f3n:con sistema de lavado por gas) - ALF PACK","robots":{"index":"index","follow":"follow","max-snippet":"max-snippet:-1","max-image-preview":"max-image-preview:large","max-video-preview":"max-video-preview:-1"},"canonical":"https:\/\/alfequipment.com\/es\/product\/dz600-2sb-envasadora-al-vacio-de-doble-campana-opcionalcon-sistema-de-lavado-por-gas\/","og_locale":"es_ES","og_type":"article","og_title":"DZ600-2SB Double chamber Vacuum Packaging Machine (Option:with gas flushing system)","og_description":"Double Chamber Vacuum Packaging Machine With Gas Filling System","og_url":"https:\/\/alfequipment.com\/es\/product\/dz600-2sb-envasadora-al-vacio-de-doble-campana-opcionalcon-sistema-de-lavado-por-gas\/","og_site_name":"ALF PACK","article_modified_time":"2025-01-13T13:14:37+00:00","og_image":[{"width":800,"height":800,"url":"https:\/\/alfequipment.com\/wp-content\/uploads\/2025\/01\/HTB1jK5XaUvrK1RjSspcq6zzSXXaF.jpg","type":"image\/webp"}],"twitter_card":"summary_large_image","twitter_misc":{"Tiempo de lectura":"1 minuto"},"schema":{"@context":"https:\/\/schema.org","@graph":[{"@type":"WebPage","@id":"https:\/\/alfequipment.com\/product\/dz600-2sb-double-chamber-vacuum-packaging-machine-optionwith-gas-flushing-system\/","url":"https:\/\/alfequipment.com\/product\/dz600-2sb-double-chamber-vacuum-packaging-machine-optionwith-gas-flushing-system\/","name":"Envasadora al vac\u00edo de doble campana DZ600-2SB (Opci\u00f3n:con sistema de lavado por gas) - ALF PACK","isPartOf":{"@id":"https:\/\/alfequipment.com\/#website"},"primaryImageOfPage":{"@id":"https:\/\/alfequipment.com\/product\/dz600-2sb-double-chamber-vacuum-packaging-machine-optionwith-gas-flushing-system\/#primaryimage"},"image":{"@id":"https:\/\/alfequipment.com\/product\/dz600-2sb-double-chamber-vacuum-packaging-machine-optionwith-gas-flushing-system\/#primaryimage"},"thumbnailUrl":"https:\/\/alfequipment.com\/wp-content\/uploads\/2025\/01\/HTB1jK5XaUvrK1RjSspcq6zzSXXaF.jpg","datePublished":"2024-12-14T09:59:39+00:00","dateModified":"2025-01-13T13:14:37+00:00","breadcrumb":{"@id":"https:\/\/alfequipment.com\/product\/dz600-2sb-double-chamber-vacuum-packaging-machine-optionwith-gas-flushing-system\/#breadcrumb"},"inLanguage":"es","potentialAction":[{"@type":"ReadAction","target":["https:\/\/alfequipment.com\/product\/dz600-2sb-double-chamber-vacuum-packaging-machine-optionwith-gas-flushing-system\/"]}]},{"@type":"ImageObject","inLanguage":"es","@id":"https:\/\/alfequipment.com\/product\/dz600-2sb-double-chamber-vacuum-packaging-machine-optionwith-gas-flushing-system\/#primaryimage","url":"https:\/\/alfequipment.com\/wp-content\/uploads\/2025\/01\/HTB1jK5XaUvrK1RjSspcq6zzSXXaF.jpg","contentUrl":"https:\/\/alfequipment.com\/wp-content\/uploads\/2025\/01\/HTB1jK5XaUvrK1RjSspcq6zzSXXaF.jpg","width":800,"height":800},{"@type":"BreadcrumbList","@id":"https:\/\/alfequipment.com\/product\/dz600-2sb-double-chamber-vacuum-packaging-machine-optionwith-gas-flushing-system\/#breadcrumb","itemListElement":[{"@type":"ListItem","position":1,"name":"Home","item":"https:\/\/alfequipment.com\/"},{"@type":"ListItem","position":2,"name":"Shop","item":"https:\/\/alfequipment.com\/shop\/"},{"@type":"ListItem","position":3,"name":"DZ600-2SB Double chamber Vacuum Packaging Machine (Option:with gas flushing system)"}]},{"@type":"WebSite","@id":"https:\/\/alfequipment.com\/#website","url":"https:\/\/alfequipment.com\/","name":"PAQUETE ALF","description":"","publisher":{"@id":"https:\/\/alfequipment.com\/#organization"},"potentialAction":[{"@type":"SearchAction","target":{"@type":"EntryPoint","urlTemplate":"https:\/\/alfequipment.com\/?s={search_term_string}"},"query-input":{"@type":"PropertyValueSpecification","valueRequired":true,"valueName":"search_term_string"}}],"inLanguage":"es"},{"@type":"Organization","@id":"https:\/\/alfequipment.com\/#organization","name":"PAQUETE ALF","url":"https:\/\/alfequipment.com\/","logo":{"@type":"ImageObject","inLanguage":"es","@id":"https:\/\/alfequipment.com\/#\/schema\/logo\/image\/","url":"https:\/\/alfequipment.com\/wp-content\/uploads\/2024\/11\/ALFlogo-2.webp","contentUrl":"https:\/\/alfequipment.com\/wp-content\/uploads\/2024\/11\/ALFlogo-2.webp","width":758,"height":750,"caption":"ALF PACK"},"image":{"@id":"https:\/\/alfequipment.com\/#\/schema\/logo\/image\/"}}]}},"_links":{"self":[{"href":"https:\/\/alfequipment.com\/es\/wp-json\/wp\/v2\/product\/3207","targetHints":{"allow":["GET"]}}],"collection":[{"href":"https:\/\/alfequipment.com\/es\/wp-json\/wp\/v2\/product"}],"about":[{"href":"https:\/\/alfequipment.com\/es\/wp-json\/wp\/v2\/types\/product"}],"replies":[{"embeddable":true,"href":"https:\/\/alfequipment.com\/es\/wp-json\/wp\/v2\/comments?post=3207"}],"version-history":[{"count":0,"href":"https:\/\/alfequipment.com\/es\/wp-json\/wp\/v2\/product\/3207\/revisions"}],"wp:featuredmedia":[{"embeddable":true,"href":"https:\/\/alfequipment.com\/es\/wp-json\/wp\/v2\/media\/3208"}],"wp:attachment":[{"href":"https:\/\/alfequipment.com\/es\/wp-json\/wp\/v2\/media?parent=3207"}],"wp:term":[{"taxonomy":"product_brand","embeddable":true,"href":"https:\/\/alfequipment.com\/es\/wp-json\/wp\/v2\/product_brand?post=3207"},{"taxonomy":"product_cat","embeddable":true,"href":"https:\/\/alfequipment.com\/es\/wp-json\/wp\/v2\/product_cat?post=3207"},{"taxonomy":"product_tag","embeddable":true,"href":"https:\/\/alfequipment.com\/es\/wp-json\/wp\/v2\/product_tag?post=3207"}],"curies":[{"name":"wp","href":"https:\/\/api.w.org\/{rel}","templated":true}]}}