{"id":3215,"date":"2024-12-15T15:01:33","date_gmt":"2024-12-15T15:01:33","guid":{"rendered":"https:\/\/alfequipment.com\/product\/dqfxc5045x-automatic-carton-sealer-pneumatic-box-sealing-packaging-machine-with-side-belt-conveyor\/"},"modified":"2025-01-13T14:43:52","modified_gmt":"2025-01-13T14:43:52","slug":"dqfxc5045x-selladora-automatica-de-cajas-de-carton-sellado-neumatico-maquina-de-embalaje-con-cinta-transportadora-lateral","status":"publish","type":"product","link":"https:\/\/alfequipment.com\/es\/product\/dqfxc5045x-selladora-automatica-de-cajas-de-carton-sellado-neumatico-maquina-de-embalaje-con-cinta-transportadora-lateral\/","title":{"rendered":"DQFXC5045X Selladora neum\u00e1tica autom\u00e1tica de cajas de cart\u00f3n con cinta transportadora lateral"},"content":{"rendered":"<div data-maya=\"{&quot;theme&quot;:{&quot;face&quot;:&quot;yin&quot;,&quot;fontFace&quot;:&quot;Roboto&quot;,&quot;fontSize&quot;:22,&quot;colors&quot;:1},&quot;items&quot;:[{&quot;title&quot;:&quot;4x203&quot;,&quot;formats&quot;:[[[{&quot;vjqwl&quot;:&quot;H&quot;},{&quot;2bms4&quot;:&quot;P&quot;}]],[{&quot;sf4i2&quot;:{&quot;name&quot;:&quot;Tc&quot;,&quot;theme&quot;:&quot;col-header&quot;,&quot;tableCfgs&quot;:{&quot;sizes&quot;:{&quot;colWidths&quot;:[247,81,164,166],&quot;rowHeights&quot;:[23,22,22,23,22,23,24,23]}}}}],[{&quot;fezev&quot;:&quot;Ia&quot;}],[[{&quot;lwwfj&quot;:&quot;Ib&quot;},[{&quot;3uhk0&quot;:&quot;Id&quot;},{&quot;12rdk&quot;:&quot;Id&quot;}]]],[{&quot;sivo1&quot;:&quot;Ia&quot;}],[[{&quot;soxmh&quot;:&quot;H&quot;},{&quot;a8x8d&quot;:&quot;P&quot;}]]]},{&quot;title&quot;:&quot;qact6&quot;,&quot;formats&quot;:[[{&quot;mx5al&quot;:&quot;Ig&quot;},{&quot;pos95&quot;:&quot;Ig&quot;},{&quot;jesfq&quot;:&quot;Ig&quot;},{&quot;kewvw&quot;:&quot;Ig&quot;}]]},{&quot;title&quot;:&quot;w5dbs&quot;,&quot;formats&quot;:[[{&quot;jdp6w&quot;:&quot;Ih&quot;},{&quot;7sbk2&quot;:{&quot;name&quot;:&quot;Te&quot;,&quot;theme&quot;:&quot;double-header&quot;,&quot;tableCfgs&quot;:{&quot;sizes&quot;:{&quot;colWidths&quot;:[72,252],&quot;rowHeights&quot;:[23,23,23,196]}}}}]]},{&quot;title&quot;:&quot;ne1yu&quot;,&quot;formats&quot;:[[{&quot;w036b&quot;:&quot;Ih&quot;},{&quot;2k1d7&quot;:&quot;Ih&quot;}]]}]}\">\n<div>\n<div style=\"vertical-align: top;padding-top: 15px; padding-bottom: 15px;\">\n<div style=\"vertical-align: top;padding-top: 10px; padding-bottom: 10px; margin-right: -4px; margin-left: -4px;\">\n<div style=\"vertical-align: top; box-sizing: border-box; padding-right: 4px; padding-left: 4px;margin-top: -4px; margin-bottom: -4px;\">\n<div id=\"vjqwl\" style=\"vertical-align: top; box-sizing: border-box; padding-top: 4px; padding-bottom: 4px\">1.DQFXC5045 m\u00e1quina autom\u00e1tica de sellado de cart\u00f3n se utiliza principalmente en el sellado y embalaje de cajas de cart\u00f3n, que puede ser utilizado en forma dependiente o como una parte necesaria de una l\u00ednea de producci\u00f3n.<\/div>\n<div id=\"2bms4\" style=\"vertical-align: top; box-sizing: border-box; padding-top: 4px; padding-bottom: 4px\">\n<p style=\"margin:0;padding:0;\">2.La m\u00e1quina se utiliza ampliamente en el campo de la industria el\u00e9ctrica, dom\u00e9stica, textil, alimentaria, mercanc\u00eda general, medicina y qu\u00edmica.<\/p>\n<p>3.La m\u00e1quina puede ajustarse a diferentes tama\u00f1os de cajas de cart\u00f3n.<\/p>\n<p>4.Esta m\u00e1quina adopta el m\u00e9todo neum\u00e1tico para envasar autom\u00e1ticamente, supera algunas desventajas cuando adopta los manuales o semiautom\u00e1ticos, como la velocidad lenta y la calidad inestable.<\/p>\n<p>5.Esta m\u00e1quina no da\u00f1ar\u00e1 la superficie de los objetos embalados.<\/p>\n<p>6.El air-jar con cada punto de acci\u00f3n adopta productos AirTAC, la capacidad es muy estable.<\/p>\n<\/p><\/div>\n<\/p><\/div>\n<\/p><\/div>\n<div style=\"vertical-align: top;padding-top: 10px; padding-bottom: 10px; margin-right: -4px; margin-left: -4px;\">\n<div id=\"sf4i2\" style=\"vertical-align: top; box-sizing: border-box; padding-right: 4px; padding-left: 4px\">\n<table style=\"width: auto; border-collapse: collapse; word-wrap: break-word;\" class=\"aliDataTable\">\n<tbody>\n<tr>\n<td style=\"background-color: rgb(218, 226, 237);\">\n<div style=\"width: 247px; height: 23px; padding: 5px 10px; overflow: hidden;\">\n          Modelo\n         <\/div>\n<\/td>\n<td colspan=\"3\">\n<div style=\"width: 456px; height: auto; padding: 5px 10px; overflow: hidden;\">\n          DQFXC5045\n         <\/div>\n<\/td>\n<\/tr>\n<tr>\n<td style=\"background-color: rgb(218, 226, 237);\">\n<div style=\"width: 247px; height: 22px; padding: 5px 10px; overflow: hidden;\">\n          Capacidad de sellado\n         <\/div>\n<\/td>\n<td colspan=\"3\">\n<div style=\"width: 456px; height: 21px; padding: 5px 10px; overflow: hidden;\">\n          unas 1.000 cajas est\u00e1ndar por hora\n         <\/div>\n<\/td>\n<\/tr>\n<tr>\n<td style=\"background-color: rgb(218, 226, 237);\">\n<div style=\"width: 247px; height: 22px; padding: 5px 10px; overflow: hidden;\">\n          Cinta adhesiva utilizada\n         <\/div>\n<\/td>\n<td colspan=\"3\">\n<div style=\"width: 456px; height: 21px; padding: 5px 10px; overflow: hidden;\">\n          BOPP, cinta adhesiva sin agua, cinta adhesiva de PVC\n         <\/div>\n<\/td>\n<\/tr>\n<tr>\n<td style=\"background-color: rgb(218, 226, 237);\">\n<div style=\"width: 247px; height: 23px; padding: 5px 10px; overflow: hidden;\">\n          Anchura de la cinta adhesiva\n         <\/div>\n<\/td>\n<td colspan=\"3\">\n<div style=\"width: 455px; height: auto; padding: 5px 10px; overflow: hidden;\">\n          36, 48 mm\n         <\/div>\n<\/td>\n<\/tr>\n<tr>\n<td style=\"background-color: rgb(218, 226, 237);\">\n<div style=\"width: 247px; height: 22px; padding: 5px 10px; overflow: hidden;\">\n          Fuentes de energ\u00eda\n         <\/div>\n<\/td>\n<td colspan=\"3\">\n<div style=\"width: 455px; height: 21px; padding: 5px 10px; overflow: hidden;\">\n          220 V, 50 Hz, 240 W\n         <\/div>\n<\/td>\n<\/tr>\n<tr>\n<td style=\"background-color: rgb(218, 226, 237);\">\n<div style=\"width: 247px; height: 23px; padding: 5px 10px; overflow: hidden;\">\n          Dimensiones m\u00e1x. de sellado (An*Al)\n         <\/div>\n<\/td>\n<td colspan=\"3\">\n<div style=\"width: 455px; height: auto; padding: 5px 10px; overflow: hidden;\">\n          450* 560 mm\n         <\/div>\n<\/td>\n<\/tr>\n<tr>\n<td style=\"background-color: rgb(218, 226, 237);\">\n<div style=\"width: 247px; height: 24px; padding: 5px 10px; overflow: hidden;\">\n          Dimensiones m\u00edn. de sellado (An*Al)\n         <\/div>\n<\/td>\n<td colspan=\"3\">\n<div style=\"width: 455px; height: 23px; padding: 5px 10px; overflow: hidden;\">\n<div>\n           80*90 mm<br \/>\n           \n          <\/div>\n<\/p><\/div>\n<\/td>\n<\/tr>\n<tr>\n<td style=\"background-color: rgb(218, 226, 237);\">\n<div style=\"width: 247px; height: 23px; padding: 5px 10px; overflow: hidden;\">\n          Tama\u00f1o de la m\u00e1quina\n         <\/div>\n<\/td>\n<td colspan=\"3\">\n<div style=\"width: 455px; height: 22px; padding: 5px 10px; overflow: hidden;\">\n          1990*890*1300~1530mm\n         <\/div>\n<\/td>\n<\/tr>\n<\/tbody>\n<\/table><\/div>\n<\/p><\/div>\n<div style=\"vertical-align: top;padding-top: 10px; padding-bottom: 10px; margin-right: -4px; margin-left: -4px;\">\n<div id=\"fezev\" style=\"vertical-align: top; box-sizing: border-box; padding-right: 4px; padding-left: 4px\">\n<div style=\"overflow: hidden; width: 750px; height: 750px;\">\n      <img decoding=\"async\" src=\"https:\/\/sc02.alicdn.com\/kf\/HTB1rOv_afjsK1Rjy1Xaq6zispXac\/64496\/HTB1rOv_afjsK1Rjy1Xaq6zispXac.jpg\" style=\"width: 750px; height: 750px; margin-left: 0px; margin-top: 0px;\" class=\"aligncenter\">\n     <\/div>\n<\/p><\/div>\n<\/p><\/div>\n<div style=\"vertical-align: top;padding-top: 10px; padding-bottom: 10px; margin-right: -4px; margin-left: -4px;\">\n<div style=\"vertical-align: top; box-sizing: border-box; padding-right: 4px; padding-left: 4px;margin-top: -4px; margin-bottom: -4px;\">\n<div id=\"lwwfj\" style=\"vertical-align: top; box-sizing: border-box; padding-top: 4px; padding-bottom: 4px\">\n<div style=\"overflow: hidden; width: 750px; height: 320px;\">\n       <img decoding=\"async\" src=\"https:\/\/sc01.alicdn.com\/kf\/HTB1gQb5acrrK1Rjy1zeq6xalFXa2\/64496\/HTB1gQb5acrrK1Rjy1zeq6xalFXa2.jpg\" style=\"width: 750px; height: 750px; margin-left: 0px; margin-top: -166px;\" class=\"aligncenter\">\n      <\/div>\n<\/p><\/div>\n<div style=\"vertical-align: top; box-sizing: border-box; padding-top: 4px; padding-bottom: 4px;margin-right: -4px; margin-left: -4px;\">\n<div id=\"3uhk0\" style=\"vertical-align: top; width: 50%; display: inline-block; box-sizing: border-box; padding-right: 4px; padding-left: 4px\">\n<div style=\"overflow: hidden; width: 371px; height: 200px;\">\n        <img decoding=\"async\" src=\"https:\/\/sc01.alicdn.com\/kf\/HTB1316YafvsK1RjSspdq6AZepXa9\/64496\/HTB1316YafvsK1RjSspdq6AZepXa9.jpg\" style=\"width: 371px; height: 371px; margin-left: 0px; margin-top: -128px;\" class=\"aligncenter\">\n       <\/div>\n<\/p><\/div>\n<div id=\"12rdk\" style=\"vertical-align: top; width: 50%; display: inline-block; box-sizing: border-box; padding-right: 4px; padding-left: 4px\">\n<div style=\"overflow: hidden; width: 371px; height: 200px;\">\n        <img decoding=\"async\" src=\"https:\/\/sc01.alicdn.com\/kf\/HTB1zXT4acnrK1RjSspkq6yuvXXah\/64496\/HTB1zXT4acnrK1RjSspkq6yuvXXah.jpg\" style=\"width: 371px; height: 371px; margin-left: 0px; margin-top: -89px;\" class=\"aligncenter\">\n       <\/div>\n<\/p><\/div>\n<\/p><\/div>\n<\/p><\/div>\n<\/p><\/div>\n<div style=\"vertical-align: top;padding-top: 10px; padding-bottom: 10px; margin-right: -4px; margin-left: -4px;\">\n<div id=\"sivo1\" style=\"vertical-align: top; box-sizing: border-box; padding-right: 4px; padding-left: 4px\">\n<div style=\"overflow: hidden; width: 750px; height: 453.797px;\">\n      <img decoding=\"async\" src=\"https:\/\/sc02.alicdn.com\/kf\/HTB1ZyP1aizxK1RjSspjq6AS.pXak\/64496\/HTB1ZyP1aizxK1RjSspjq6AS.pXak.jpg\" style=\"width: 750px; height: 453.797px; margin-left: 0px; margin-top: 0px;\" class=\"aligncenter\">\n     <\/div>\n<\/p><\/div>\n<\/p><\/div>\n<div style=\"vertical-align: top;padding-top: 10px; padding-bottom: 10px; margin-right: -4px; margin-left: -4px;\">\n<div style=\"vertical-align: top; box-sizing: border-box; padding-right: 4px; padding-left: 4px;margin-top: -4px; margin-bottom: -4px;\">\n<div id=\"soxmh\" style=\"vertical-align: top; box-sizing: border-box; padding-top: 4px; padding-bottom: 4px\">\n<h3 style=\"padding: 0px; font-size: 16px; line-height: 20px; font-weight: bold; margin: 0px;\"><font color=\"#3f6fff\">Caracter\u00edsticas principales<\/font><\/h3>\n<\/p><\/div>\n<div id=\"a8x8d\" style=\"vertical-align: top; box-sizing: border-box; padding-top: 4px; padding-bottom: 4px\">\n<p style=\"margin:0;padding:0;\">1. Sellado de diferentes tama\u00f1os de cajas de cart\u00f3n sin ajuste por el ser humano, se ajustar\u00e1 autom\u00e1ticamente;<\/p>\n<p>2. La presi\u00f3n de sellado es ajustable, de acuerdo con los diferentes materiales de los cartones;<\/p>\n<p>3. La fuerza de empuje de los brazos de movimiento de los dos lados puede regularse en funci\u00f3n del peso de las cajas;<\/p>\n<p>4. Los brazos de movimiento de dos lados ajustan los objetos empaquetados a la posici\u00f3n correcta autom\u00e1ticamente;<\/p>\n<p>5. El marco del movimiento es conducido por el aire-jar doble, elegante y suavemente, usando tiempo largo;<\/p>\n<p>6. El cart\u00f3n de 20 kg puede ser transportado de manera constante por el motor de transporte de gran potencia;<\/p>\n<p>7. Las partes neum\u00e1ticas y el\u00e9ctricas se combinan perfectamente, con un funcionamiento c\u00f3modo y sencillo;<\/p>\n<p>8. La fina estructura y el armonioso color proporcionan placer tanto a la vista como a la mente.<\/p>\n<\/div>\n<\/div>\n<\/div>\n<\/div>\n<div style=\"vertical-align: top;padding-top: 15px; padding-bottom: 15px;\">\n<div style=\"vertical-align: top;padding-top: 10px; padding-bottom: 10px; margin-right: -4px; margin-left: -4px;\">\n<div id=\"2k1d7\" style=\"vertical-align: top; width: 50%; display: inline-block; box-sizing: border-box; padding-right: 4px; padding-left: 4px\">\n    <\/div>\n<\/p><\/div>\n<\/p><\/div>\n<\/p><\/div>\n<\/div>","protected":false},"excerpt":{"rendered":"<p>Certificaci\u00f3n Ce Dqfxc5045x Selladora Autom\u00e1tica de Cajas de Cart\u00f3n<\/p>","protected":false},"featured_media":3216,"comment_status":"closed","ping_status":"open","template":"","meta":[],"product_brand":[],"product_cat":[116,97],"product_tag":[],"class_list":{"0":"post-3215","1":"product","2":"type-product","3":"status-publish","4":"has-post-thumbnail","6":"product_cat-carton-sealing-machine","7":"product_cat-sealing-machines","9":"first","10":"instock","11":"sale","12":"purchasable","13":"product-type-simple"},"yoast_head":"<!-- This site is optimized with the Yoast SEO Premium plugin v20.9 (Yoast SEO v26.5) - https:\/\/yoast.com\/wordpress\/plugins\/seo\/ -->\n<title>DQFXC5045X Automatic Carton sealer pneumatic box sealing packaging machine with side belt conveyor - ALF PACK<\/title>\n<meta name=\"robots\" content=\"index, follow, max-snippet:-1, max-image-preview:large, max-video-preview:-1\" \/>\n<link rel=\"canonical\" href=\"https:\/\/alfequipment.com\/es\/product\/dqfxc5045x-selladora-automatica-de-cajas-de-carton-sellado-neumatico-maquina-de-embalaje-con-cinta-transportadora-lateral\/\" \/>\n<meta property=\"og:locale\" content=\"es_ES\" \/>\n<meta property=\"og:type\" content=\"article\" \/>\n<meta property=\"og:title\" content=\"DQFXC5045X Automatic Carton sealer pneumatic box sealing packaging machine with side belt conveyor\" \/>\n<meta property=\"og:description\" content=\"Ce Certification Dqfxc5045x Automatic Carton Box Sealer\" \/>\n<meta property=\"og:url\" content=\"https:\/\/alfequipment.com\/es\/product\/dqfxc5045x-selladora-automatica-de-cajas-de-carton-sellado-neumatico-maquina-de-embalaje-con-cinta-transportadora-lateral\/\" \/>\n<meta property=\"og:site_name\" content=\"ALF PACK\" \/>\n<meta property=\"article:modified_time\" content=\"2025-01-13T14:43:52+00:00\" \/>\n<meta property=\"og:image\" content=\"https:\/\/alfequipment.com\/wp-content\/uploads\/2025\/01\/DQFXC5045X-Automatic-Carton-sealer-pneumatic-box-sealing.jpg\" \/>\n\t<meta property=\"og:image:width\" content=\"800\" \/>\n\t<meta property=\"og:image:height\" content=\"800\" \/>\n\t<meta property=\"og:image:type\" content=\"image\/webp\" \/>\n<meta name=\"twitter:card\" content=\"summary_large_image\" \/>\n<meta name=\"twitter:label1\" content=\"Tiempo de lectura\" \/>\n\t<meta name=\"twitter:data1\" content=\"1 minuto\" \/>\n<script type=\"application\/ld+json\" class=\"yoast-schema-graph\">{\"@context\":\"https:\/\/schema.org\",\"@graph\":[{\"@type\":\"WebPage\",\"@id\":\"https:\/\/alfequipment.com\/product\/dqfxc5045x-automatic-carton-sealer-pneumatic-box-sealing-packaging-machine-with-side-belt-conveyor\/\",\"url\":\"https:\/\/alfequipment.com\/product\/dqfxc5045x-automatic-carton-sealer-pneumatic-box-sealing-packaging-machine-with-side-belt-conveyor\/\",\"name\":\"DQFXC5045X Automatic Carton sealer pneumatic box sealing packaging machine with side belt conveyor - ALF PACK\",\"isPartOf\":{\"@id\":\"https:\/\/alfequipment.com\/#website\"},\"primaryImageOfPage\":{\"@id\":\"https:\/\/alfequipment.com\/product\/dqfxc5045x-automatic-carton-sealer-pneumatic-box-sealing-packaging-machine-with-side-belt-conveyor\/#primaryimage\"},\"image\":{\"@id\":\"https:\/\/alfequipment.com\/product\/dqfxc5045x-automatic-carton-sealer-pneumatic-box-sealing-packaging-machine-with-side-belt-conveyor\/#primaryimage\"},\"thumbnailUrl\":\"https:\/\/alfequipment.com\/wp-content\/uploads\/2025\/01\/DQFXC5045X-Automatic-Carton-sealer-pneumatic-box-sealing.jpg\",\"datePublished\":\"2024-12-15T15:01:33+00:00\",\"dateModified\":\"2025-01-13T14:43:52+00:00\",\"breadcrumb\":{\"@id\":\"https:\/\/alfequipment.com\/product\/dqfxc5045x-automatic-carton-sealer-pneumatic-box-sealing-packaging-machine-with-side-belt-conveyor\/#breadcrumb\"},\"inLanguage\":\"es\",\"potentialAction\":[{\"@type\":\"ReadAction\",\"target\":[\"https:\/\/alfequipment.com\/product\/dqfxc5045x-automatic-carton-sealer-pneumatic-box-sealing-packaging-machine-with-side-belt-conveyor\/\"]}]},{\"@type\":\"ImageObject\",\"inLanguage\":\"es\",\"@id\":\"https:\/\/alfequipment.com\/product\/dqfxc5045x-automatic-carton-sealer-pneumatic-box-sealing-packaging-machine-with-side-belt-conveyor\/#primaryimage\",\"url\":\"https:\/\/alfequipment.com\/wp-content\/uploads\/2025\/01\/DQFXC5045X-Automatic-Carton-sealer-pneumatic-box-sealing.jpg\",\"contentUrl\":\"https:\/\/alfequipment.com\/wp-content\/uploads\/2025\/01\/DQFXC5045X-Automatic-Carton-sealer-pneumatic-box-sealing.jpg\",\"width\":800,\"height\":800},{\"@type\":\"BreadcrumbList\",\"@id\":\"https:\/\/alfequipment.com\/product\/dqfxc5045x-automatic-carton-sealer-pneumatic-box-sealing-packaging-machine-with-side-belt-conveyor\/#breadcrumb\",\"itemListElement\":[{\"@type\":\"ListItem\",\"position\":1,\"name\":\"Home\",\"item\":\"https:\/\/alfequipment.com\/\"},{\"@type\":\"ListItem\",\"position\":2,\"name\":\"Shop\",\"item\":\"https:\/\/alfequipment.com\/shop\/\"},{\"@type\":\"ListItem\",\"position\":3,\"name\":\"DQFXC5045X Automatic Carton sealer pneumatic box sealing packaging machine with side belt conveyor\"}]},{\"@type\":\"WebSite\",\"@id\":\"https:\/\/alfequipment.com\/#website\",\"url\":\"https:\/\/alfequipment.com\/\",\"name\":\"ALF PACK\",\"description\":\"\",\"publisher\":{\"@id\":\"https:\/\/alfequipment.com\/#organization\"},\"potentialAction\":[{\"@type\":\"SearchAction\",\"target\":{\"@type\":\"EntryPoint\",\"urlTemplate\":\"https:\/\/alfequipment.com\/?s={search_term_string}\"},\"query-input\":{\"@type\":\"PropertyValueSpecification\",\"valueRequired\":true,\"valueName\":\"search_term_string\"}}],\"inLanguage\":\"es\"},{\"@type\":\"Organization\",\"@id\":\"https:\/\/alfequipment.com\/#organization\",\"name\":\"ALF PACK\",\"url\":\"https:\/\/alfequipment.com\/\",\"logo\":{\"@type\":\"ImageObject\",\"inLanguage\":\"es\",\"@id\":\"https:\/\/alfequipment.com\/#\/schema\/logo\/image\/\",\"url\":\"https:\/\/alfequipment.com\/wp-content\/uploads\/2024\/11\/ALFlogo-2.webp\",\"contentUrl\":\"https:\/\/alfequipment.com\/wp-content\/uploads\/2024\/11\/ALFlogo-2.webp\",\"width\":758,\"height\":750,\"caption\":\"ALF PACK\"},\"image\":{\"@id\":\"https:\/\/alfequipment.com\/#\/schema\/logo\/image\/\"}}]}<\/script>\n<!-- \/ Yoast SEO Premium plugin. -->","yoast_head_json":{"title":"DQFXC5045X Selladora autom\u00e1tica neum\u00e1tica de cajas de cart\u00f3n con cinta transportadora lateral - ALF PACK","robots":{"index":"index","follow":"follow","max-snippet":"max-snippet:-1","max-image-preview":"max-image-preview:large","max-video-preview":"max-video-preview:-1"},"canonical":"https:\/\/alfequipment.com\/es\/product\/dqfxc5045x-selladora-automatica-de-cajas-de-carton-sellado-neumatico-maquina-de-embalaje-con-cinta-transportadora-lateral\/","og_locale":"es_ES","og_type":"article","og_title":"DQFXC5045X Automatic Carton sealer pneumatic box sealing packaging machine with side belt conveyor","og_description":"Ce Certification Dqfxc5045x Automatic Carton Box Sealer","og_url":"https:\/\/alfequipment.com\/es\/product\/dqfxc5045x-selladora-automatica-de-cajas-de-carton-sellado-neumatico-maquina-de-embalaje-con-cinta-transportadora-lateral\/","og_site_name":"ALF PACK","article_modified_time":"2025-01-13T14:43:52+00:00","og_image":[{"width":800,"height":800,"url":"https:\/\/alfequipment.com\/wp-content\/uploads\/2025\/01\/DQFXC5045X-Automatic-Carton-sealer-pneumatic-box-sealing.jpg","type":"image\/webp"}],"twitter_card":"summary_large_image","twitter_misc":{"Tiempo de lectura":"1 minuto"},"schema":{"@context":"https:\/\/schema.org","@graph":[{"@type":"WebPage","@id":"https:\/\/alfequipment.com\/product\/dqfxc5045x-automatic-carton-sealer-pneumatic-box-sealing-packaging-machine-with-side-belt-conveyor\/","url":"https:\/\/alfequipment.com\/product\/dqfxc5045x-automatic-carton-sealer-pneumatic-box-sealing-packaging-machine-with-side-belt-conveyor\/","name":"DQFXC5045X Selladora autom\u00e1tica neum\u00e1tica de cajas de cart\u00f3n con cinta transportadora lateral - ALF PACK","isPartOf":{"@id":"https:\/\/alfequipment.com\/#website"},"primaryImageOfPage":{"@id":"https:\/\/alfequipment.com\/product\/dqfxc5045x-automatic-carton-sealer-pneumatic-box-sealing-packaging-machine-with-side-belt-conveyor\/#primaryimage"},"image":{"@id":"https:\/\/alfequipment.com\/product\/dqfxc5045x-automatic-carton-sealer-pneumatic-box-sealing-packaging-machine-with-side-belt-conveyor\/#primaryimage"},"thumbnailUrl":"https:\/\/alfequipment.com\/wp-content\/uploads\/2025\/01\/DQFXC5045X-Automatic-Carton-sealer-pneumatic-box-sealing.jpg","datePublished":"2024-12-15T15:01:33+00:00","dateModified":"2025-01-13T14:43:52+00:00","breadcrumb":{"@id":"https:\/\/alfequipment.com\/product\/dqfxc5045x-automatic-carton-sealer-pneumatic-box-sealing-packaging-machine-with-side-belt-conveyor\/#breadcrumb"},"inLanguage":"es","potentialAction":[{"@type":"ReadAction","target":["https:\/\/alfequipment.com\/product\/dqfxc5045x-automatic-carton-sealer-pneumatic-box-sealing-packaging-machine-with-side-belt-conveyor\/"]}]},{"@type":"ImageObject","inLanguage":"es","@id":"https:\/\/alfequipment.com\/product\/dqfxc5045x-automatic-carton-sealer-pneumatic-box-sealing-packaging-machine-with-side-belt-conveyor\/#primaryimage","url":"https:\/\/alfequipment.com\/wp-content\/uploads\/2025\/01\/DQFXC5045X-Automatic-Carton-sealer-pneumatic-box-sealing.jpg","contentUrl":"https:\/\/alfequipment.com\/wp-content\/uploads\/2025\/01\/DQFXC5045X-Automatic-Carton-sealer-pneumatic-box-sealing.jpg","width":800,"height":800},{"@type":"BreadcrumbList","@id":"https:\/\/alfequipment.com\/product\/dqfxc5045x-automatic-carton-sealer-pneumatic-box-sealing-packaging-machine-with-side-belt-conveyor\/#breadcrumb","itemListElement":[{"@type":"ListItem","position":1,"name":"Home","item":"https:\/\/alfequipment.com\/"},{"@type":"ListItem","position":2,"name":"Shop","item":"https:\/\/alfequipment.com\/shop\/"},{"@type":"ListItem","position":3,"name":"DQFXC5045X Automatic Carton sealer pneumatic box sealing packaging machine with side belt conveyor"}]},{"@type":"WebSite","@id":"https:\/\/alfequipment.com\/#website","url":"https:\/\/alfequipment.com\/","name":"PAQUETE ALF","description":"","publisher":{"@id":"https:\/\/alfequipment.com\/#organization"},"potentialAction":[{"@type":"SearchAction","target":{"@type":"EntryPoint","urlTemplate":"https:\/\/alfequipment.com\/?s={search_term_string}"},"query-input":{"@type":"PropertyValueSpecification","valueRequired":true,"valueName":"search_term_string"}}],"inLanguage":"es"},{"@type":"Organization","@id":"https:\/\/alfequipment.com\/#organization","name":"PAQUETE ALF","url":"https:\/\/alfequipment.com\/","logo":{"@type":"ImageObject","inLanguage":"es","@id":"https:\/\/alfequipment.com\/#\/schema\/logo\/image\/","url":"https:\/\/alfequipment.com\/wp-content\/uploads\/2024\/11\/ALFlogo-2.webp","contentUrl":"https:\/\/alfequipment.com\/wp-content\/uploads\/2024\/11\/ALFlogo-2.webp","width":758,"height":750,"caption":"ALF PACK"},"image":{"@id":"https:\/\/alfequipment.com\/#\/schema\/logo\/image\/"}}]}},"_links":{"self":[{"href":"https:\/\/alfequipment.com\/es\/wp-json\/wp\/v2\/product\/3215","targetHints":{"allow":["GET"]}}],"collection":[{"href":"https:\/\/alfequipment.com\/es\/wp-json\/wp\/v2\/product"}],"about":[{"href":"https:\/\/alfequipment.com\/es\/wp-json\/wp\/v2\/types\/product"}],"replies":[{"embeddable":true,"href":"https:\/\/alfequipment.com\/es\/wp-json\/wp\/v2\/comments?post=3215"}],"version-history":[{"count":0,"href":"https:\/\/alfequipment.com\/es\/wp-json\/wp\/v2\/product\/3215\/revisions"}],"wp:featuredmedia":[{"embeddable":true,"href":"https:\/\/alfequipment.com\/es\/wp-json\/wp\/v2\/media\/3216"}],"wp:attachment":[{"href":"https:\/\/alfequipment.com\/es\/wp-json\/wp\/v2\/media?parent=3215"}],"wp:term":[{"taxonomy":"product_brand","embeddable":true,"href":"https:\/\/alfequipment.com\/es\/wp-json\/wp\/v2\/product_brand?post=3215"},{"taxonomy":"product_cat","embeddable":true,"href":"https:\/\/alfequipment.com\/es\/wp-json\/wp\/v2\/product_cat?post=3215"},{"taxonomy":"product_tag","embeddable":true,"href":"https:\/\/alfequipment.com\/es\/wp-json\/wp\/v2\/product_tag?post=3215"}],"curies":[{"name":"wp","href":"https:\/\/api.w.org\/{rel}","templated":true}]}}