{"id":3227,"date":"2025-01-07T23:36:12","date_gmt":"2025-01-07T23:36:12","guid":{"rendered":"https:\/\/alfequipment.com\/product\/fql450b-hot-sale-manual-l-sealer-sealing-packaging-machine\/"},"modified":"2025-01-14T02:47:58","modified_gmt":"2025-01-14T02:47:58","slug":"fql450b-venta-caliente-manual-l-sellador-sellado-maquina-de-embalaje","status":"publish","type":"product","link":"https:\/\/alfequipment.com\/es\/product\/fql450b-venta-caliente-manual-l-sellador-sellado-maquina-de-embalaje\/","title":{"rendered":"FQL450B Venta caliente Manual L sellador de sellado de la m\u00e1quina de envasado"},"content":{"rendered":"<div data-maya=\"{&quot;theme&quot;:{&quot;face&quot;:&quot;yin&quot;,&quot;fontFace&quot;:&quot;Roboto&quot;,&quot;fontSize&quot;:22,&quot;colors&quot;:1},&quot;items&quot;:[{&quot;title&quot;:&quot;cb56j&quot;,&quot;formats&quot;:[[[{&quot;nf529&quot;:&quot;H&quot;},{&quot;1j6vw&quot;:&quot;P&quot;}]],[{&quot;8je3o&quot;:{&quot;name&quot;:&quot;Tc&quot;,&quot;theme&quot;:&quot;col-header&quot;,&quot;tableCfgs&quot;:{&quot;sizes&quot;:{&quot;colWidths&quot;:[260,443],&quot;rowHeights&quot;:[22,22,22,22,22,22,22,22,22]}}}}],[{&quot;myj4h&quot;:&quot;Ia&quot;}],[{&quot;zir5w&quot;:&quot;Ia&quot;}],[{&quot;p1yue&quot;:&quot;Ia&quot;}],[{&quot;p8hxu&quot;:&quot;Ia&quot;}]]},{&quot;title&quot;:&quot;g71jh&quot;,&quot;formats&quot;:[[{&quot;7bmwb&quot;:&quot;Ig&quot;},{&quot;d9l91&quot;:&quot;Ig&quot;},{&quot;fpboi&quot;:&quot;Ig&quot;},{&quot;flw52&quot;:&quot;Ig&quot;}]]},{&quot;title&quot;:&quot;fg83s&quot;,&quot;formats&quot;:[[{&quot;30smq&quot;:&quot;Ia&quot;}]]},{&quot;title&quot;:&quot;08yh3&quot;,&quot;formats&quot;:[[{&quot;r4s3b&quot;:&quot;Ih&quot;},{&quot;443zi&quot;:{&quot;name&quot;:&quot;Te&quot;,&quot;theme&quot;:&quot;double-header&quot;,&quot;tableCfgs&quot;:{&quot;sizes&quot;:{&quot;colWidths&quot;:[72,252],&quot;rowHeights&quot;:[23,23,23,196]}}}}]]}]}\">\n<div>\n<div style=\"vertical-align: top;padding-top: 15px; padding-bottom: 15px;\">\n<div style=\"vertical-align: top;padding-top: 10px; padding-bottom: 10px; margin-right: -4px; margin-left: -4px;\">\n<div style=\"vertical-align: top; box-sizing: border-box; padding-right: 4px; padding-left: 4px;margin-top: -4px; margin-bottom: -4px;\">\n<div id=\"nf529\" style=\"vertical-align: top; box-sizing: border-box; padding-top: 4px; padding-bottom: 4px\">La retracci\u00f3n t\u00e9rmica despu\u00e9s del sellado es uno de los m\u00e9todos de embalaje m\u00e1s avanzados del mercado actual. Adopta la envoltura de la pel\u00edcula fuera de las mercanc\u00edas, y luego despu\u00e9s de la calefacci\u00f3n, la pel\u00edcula ser\u00e1 fuertemente encogido en las mercanc\u00edas, que muestran plenamente la apariencia, mejorar la exposici\u00f3n de mercanc\u00edas vender y aumentar el valor de las mercanc\u00edas. Mientras tanto, las mercanc\u00edas embaladas se pueden sellar bien, a prueba de humedad y anti-suciedad. Puede proteger las mercanc\u00edas de los choques externos con un amortiguador, especialmente para los algunos fr\u00e1giles. Puede evitar que los fr\u00e1giles salpiquen cuando se aplastan. Adem\u00e1s, puede disminuir la posibilidad de ser demolido o robado. Para ser simples, las m\u00e1quinas embalan los productos con una capa de pel\u00edcula de pl\u00e1stico, lo que hace que el embalaje sea m\u00e1s bonito y firme.&nbsp;<\/div>\n<\/p><\/div>\n<\/p><\/div>\n<div style=\"vertical-align: top;padding-top: 10px; padding-bottom: 10px; margin-right: -4px; margin-left: -4px;\">\n<div id=\"8je3o\" style=\"vertical-align: top; box-sizing: border-box; padding-right: 4px; padding-left: 4px\">\n<table style=\"width: auto; border-collapse: collapse; word-wrap: break-word;\" class=\"aliDataTable\">\n<tbody>\n<tr>\n<td style=\"background-color: rgb(218, 226, 237);\">\n<div style=\"width: 260px; height: 22px; padding: 5px 10px; overflow: hidden;\">\n          Modelo\n         <\/div>\n<\/td>\n<td>\n<div style=\"width: 443px; height: 22px; padding: 5px 10px; overflow: hidden;\">\n          FQL-450B\n         <\/div>\n<\/td>\n<\/tr>\n<tr>\n<td style=\"background-color: rgb(218, 226, 237);\">\n<div style=\"width: 260px; height: 22px; padding: 5px 10px; overflow: hidden;\">\n          Tensi\u00f3n\n         <\/div>\n<\/td>\n<td>\n<div style=\"width: 443px; height: 22px; padding: 5px 10px; overflow: hidden;\">\n          AC220-240V\/50-60Hz\n         <\/div>\n<\/td>\n<\/tr>\n<tr>\n<td style=\"background-color: rgb(218, 226, 237);\">\n<div style=\"width: 260px; height: 22px; padding: 5px 10px; overflow: hidden;\">\n          Potencia\n         <\/div>\n<\/td>\n<td>\n<div style=\"width: 443px; height: 22px; padding: 5px 10px; overflow: hidden;\">\n          0,9 kW\n         <\/div>\n<\/td>\n<\/tr>\n<tr>\n<td style=\"background-color: rgb(218, 226, 237);\">\n<div style=\"width: 260px; height: 22px; padding: 5px 10px; overflow: hidden;\">\n          Tiempo de sellado\n         <\/div>\n<\/td>\n<td>\n<div style=\"width: 443px; height: 22px; padding: 5px 10px; overflow: hidden;\">\n          0-3 segundos\n         <\/div>\n<\/td>\n<\/tr>\n<tr>\n<td style=\"background-color: rgb(218, 226, 237);\">\n<div style=\"width: 260px; height: 22px; padding: 5px 10px; overflow: hidden;\">\n          Velocidad de embalaje\n         <\/div>\n<\/td>\n<td>\n<div style=\"width: 443px; height: 22px; padding: 5px 10px; overflow: hidden;\">\n          0-800 piezas\/h\n         <\/div>\n<\/td>\n<\/tr>\n<tr>\n<td style=\"background-color: rgb(218, 226, 237);\">\n<div style=\"width: 260px; height: 22px; padding: 5px 10px; overflow: hidden;\">\n          Espesor de la pel\u00edcula\n         <\/div>\n<\/td>\n<td>\n<div style=\"width: 443px; height: 22px; padding: 5px 10px; overflow: hidden;\">\n          0,015-0,08 mm\n         <\/div>\n<\/td>\n<\/tr>\n<tr>\n<td style=\"background-color: rgb(218, 226, 237);\">\n<div style=\"width: 260px; height: 22px; padding: 5px 10px; overflow: hidden;\">\n          Tama\u00f1o m\u00e1ximo del paquete\n         <\/div>\n<\/td>\n<td>\n<div style=\"width: 443px; height: 22px; padding: 5px 10px; overflow: hidden;\">\n          500mm\u00d7450mm\n         <\/div>\n<\/td>\n<\/tr>\n<tr>\n<td style=\"background-color: rgb(218, 226, 237);\">\n<div style=\"width: 260px; height: 22px; padding: 5px 10px; overflow: hidden;\">\n          Tama\u00f1o de la m\u00e1quina\n         <\/div>\n<\/td>\n<td>\n<div style=\"width: 443px; height: 22px; padding: 5px 10px; overflow: hidden;\">\n          1042mmx 700mm x915mm\n         <\/div>\n<\/td>\n<\/tr>\n<tr>\n<td style=\"background-color: rgb(218, 226, 237);\">\n<div style=\"width: 260px; height: 22px; padding: 5px 10px; overflow: hidden;\">\n          peso\n         <\/div>\n<\/td>\n<td>\n<div style=\"width: 443px; height: 22px; padding: 5px 10px; overflow: hidden;\">\n          55Kg\n         <\/div>\n<\/td>\n<\/tr>\n<\/tbody>\n<\/table><\/div>\n<\/p><\/div>\n<div style=\"vertical-align: top;padding-top: 10px; padding-bottom: 10px; margin-right: -4px; margin-left: -4px;\">\n<div id=\"myj4h\" style=\"vertical-align: top; box-sizing: border-box; padding-right: 4px; padding-left: 4px\">\n<div style=\"overflow: hidden; width: 750px; height: 750px;\">\n      <img decoding=\"async\" src=\"https:\/\/sc02.alicdn.com\/kf\/HTB1aOf_atjvK1RjSspiq6AEqXXaF\/64496\/HTB1aOf_atjvK1RjSspiq6AEqXXaF.jpg\" style=\"width: 750px; height: 750px; margin-left: 0px; margin-top: 0px;\" class=\"aligncenter\">\n     <\/div>\n<\/p><\/div>\n<\/p><\/div>\n<div style=\"vertical-align: top;padding-top: 10px; padding-bottom: 10px; margin-right: -4px; margin-left: -4px;\">\n<div id=\"zir5w\" style=\"vertical-align: top; box-sizing: border-box; padding-right: 4px; padding-left: 4px\">\n<div style=\"overflow: hidden; width: 750px; height: 855.38px;\">\n      <img decoding=\"async\" src=\"https:\/\/sc02.alicdn.com\/kf\/HTB1XEFmazLuK1Rjy0Fhq6xpdFXa3\/64496\/HTB1XEFmazLuK1Rjy0Fhq6xpdFXa3.jpg\" style=\"width: 750px; height: 855.38px; margin-left: 0px; margin-top: 0px;\" class=\"aligncenter\">\n     <\/div>\n<\/p><\/div>\n<\/p><\/div>\n<div style=\"vertical-align: top;padding-top: 10px; padding-bottom: 10px; margin-right: -4px; margin-left: -4px;\">\n<div id=\"p1yue\" style=\"vertical-align: top; box-sizing: border-box; padding-right: 4px; padding-left: 4px\">\n<div style=\"overflow: hidden; width: 750px; height: 803.165px;\">\n      <img decoding=\"async\" src=\"https:\/\/sc02.alicdn.com\/kf\/HTB1RM.baELrK1Rjy0Fjq6zYXFXaE\/64496\/HTB1RM.baELrK1Rjy0Fjq6zYXFXaE.jpg\" style=\"width: 750px; height: 803.165px; margin-left: 0px; margin-top: 0px;\" class=\"aligncenter\">\n     <\/div>\n<\/p><\/div>\n<\/p><\/div>\n<div style=\"vertical-align: top;padding-top: 10px; padding-bottom: 10px; margin-right: -4px; margin-left: -4px;\">\n<div id=\"p8hxu\" style=\"vertical-align: top; box-sizing: border-box; padding-right: 4px; padding-left: 4px\">\n<div style=\"overflow: hidden; width: 750px; height: 277.814px;\">\n      <img decoding=\"async\" src=\"https:\/\/sc01.alicdn.com\/kf\/HTB1nZ.aavvsK1Rjy0Fiq6zwtXXav\/64496\/HTB1nZ.aavvsK1Rjy0Fiq6zwtXXav.jpg\" style=\"width: 750px; height: 277.814px; margin-left: 0px; margin-top: 0px;\" class=\"aligncenter\"><\/div>\n<\/div>\n<\/div>\n<\/div>\n<div style=\"vertical-align: top;padding-top: 15px; padding-bottom: 15px;\">\n  <\/div>\n<\/p><\/div>\n<\/div>","protected":false},"excerpt":{"rendered":"<p>Venta Caliente Selladora Manual L<\/p>","protected":false},"featured_media":3228,"comment_status":"closed","ping_status":"open","template":"","meta":[],"product_brand":[],"product_cat":[122,97],"product_tag":[],"class_list":{"0":"post-3227","1":"product","2":"type-product","3":"status-publish","4":"has-post-thumbnail","6":"product_cat-l-type-sealer","7":"product_cat-sealing-machines","9":"first","10":"instock","11":"sale","12":"purchasable","13":"product-type-simple"},"yoast_head":"<!-- This site is optimized with the Yoast SEO Premium plugin v20.9 (Yoast SEO v26.5) - https:\/\/yoast.com\/wordpress\/plugins\/seo\/ -->\n<title>FQL450B Hot sale Manual L Sealer sealing packaging machine - ALF PACK<\/title>\n<meta name=\"robots\" content=\"index, follow, max-snippet:-1, max-image-preview:large, max-video-preview:-1\" \/>\n<link rel=\"canonical\" href=\"https:\/\/alfequipment.com\/es\/product\/fql450b-venta-caliente-manual-l-sellador-sellado-maquina-de-embalaje\/\" \/>\n<meta property=\"og:locale\" content=\"es_ES\" \/>\n<meta property=\"og:type\" content=\"article\" \/>\n<meta property=\"og:title\" content=\"FQL450B Hot sale Manual L Sealer sealing packaging machine\" \/>\n<meta property=\"og:description\" content=\"Hot Sale Manual L Sealer\" \/>\n<meta property=\"og:url\" content=\"https:\/\/alfequipment.com\/es\/product\/fql450b-venta-caliente-manual-l-sellador-sellado-maquina-de-embalaje\/\" \/>\n<meta property=\"og:site_name\" content=\"ALF PACK\" \/>\n<meta property=\"article:modified_time\" content=\"2025-01-14T02:47:58+00:00\" \/>\n<meta property=\"og:image\" content=\"https:\/\/alfequipment.com\/wp-content\/uploads\/2025\/01\/HTB1pFqpcAKWBuNjy1zjq6AOypXaf.jpg\" \/>\n\t<meta property=\"og:image:width\" content=\"800\" \/>\n\t<meta property=\"og:image:height\" content=\"800\" \/>\n\t<meta property=\"og:image:type\" content=\"image\/webp\" \/>\n<meta name=\"twitter:card\" content=\"summary_large_image\" \/>\n<meta name=\"twitter:label1\" content=\"Tiempo de lectura\" \/>\n\t<meta name=\"twitter:data1\" content=\"1 minuto\" \/>\n<script type=\"application\/ld+json\" class=\"yoast-schema-graph\">{\"@context\":\"https:\/\/schema.org\",\"@graph\":[{\"@type\":\"WebPage\",\"@id\":\"https:\/\/alfequipment.com\/product\/fql450b-hot-sale-manual-l-sealer-sealing-packaging-machine\/\",\"url\":\"https:\/\/alfequipment.com\/product\/fql450b-hot-sale-manual-l-sealer-sealing-packaging-machine\/\",\"name\":\"FQL450B Hot sale Manual L Sealer sealing packaging machine - ALF PACK\",\"isPartOf\":{\"@id\":\"https:\/\/alfequipment.com\/#website\"},\"primaryImageOfPage\":{\"@id\":\"https:\/\/alfequipment.com\/product\/fql450b-hot-sale-manual-l-sealer-sealing-packaging-machine\/#primaryimage\"},\"image\":{\"@id\":\"https:\/\/alfequipment.com\/product\/fql450b-hot-sale-manual-l-sealer-sealing-packaging-machine\/#primaryimage\"},\"thumbnailUrl\":\"https:\/\/alfequipment.com\/wp-content\/uploads\/2025\/01\/HTB1pFqpcAKWBuNjy1zjq6AOypXaf.jpg\",\"datePublished\":\"2025-01-07T23:36:12+00:00\",\"dateModified\":\"2025-01-14T02:47:58+00:00\",\"breadcrumb\":{\"@id\":\"https:\/\/alfequipment.com\/product\/fql450b-hot-sale-manual-l-sealer-sealing-packaging-machine\/#breadcrumb\"},\"inLanguage\":\"es\",\"potentialAction\":[{\"@type\":\"ReadAction\",\"target\":[\"https:\/\/alfequipment.com\/product\/fql450b-hot-sale-manual-l-sealer-sealing-packaging-machine\/\"]}]},{\"@type\":\"ImageObject\",\"inLanguage\":\"es\",\"@id\":\"https:\/\/alfequipment.com\/product\/fql450b-hot-sale-manual-l-sealer-sealing-packaging-machine\/#primaryimage\",\"url\":\"https:\/\/alfequipment.com\/wp-content\/uploads\/2025\/01\/HTB1pFqpcAKWBuNjy1zjq6AOypXaf.jpg\",\"contentUrl\":\"https:\/\/alfequipment.com\/wp-content\/uploads\/2025\/01\/HTB1pFqpcAKWBuNjy1zjq6AOypXaf.jpg\",\"width\":800,\"height\":800},{\"@type\":\"BreadcrumbList\",\"@id\":\"https:\/\/alfequipment.com\/product\/fql450b-hot-sale-manual-l-sealer-sealing-packaging-machine\/#breadcrumb\",\"itemListElement\":[{\"@type\":\"ListItem\",\"position\":1,\"name\":\"Home\",\"item\":\"https:\/\/alfequipment.com\/\"},{\"@type\":\"ListItem\",\"position\":2,\"name\":\"Shop\",\"item\":\"https:\/\/alfequipment.com\/shop\/\"},{\"@type\":\"ListItem\",\"position\":3,\"name\":\"FQL450B Hot sale Manual L Sealer sealing packaging machine\"}]},{\"@type\":\"WebSite\",\"@id\":\"https:\/\/alfequipment.com\/#website\",\"url\":\"https:\/\/alfequipment.com\/\",\"name\":\"ALF PACK\",\"description\":\"\",\"publisher\":{\"@id\":\"https:\/\/alfequipment.com\/#organization\"},\"potentialAction\":[{\"@type\":\"SearchAction\",\"target\":{\"@type\":\"EntryPoint\",\"urlTemplate\":\"https:\/\/alfequipment.com\/?s={search_term_string}\"},\"query-input\":{\"@type\":\"PropertyValueSpecification\",\"valueRequired\":true,\"valueName\":\"search_term_string\"}}],\"inLanguage\":\"es\"},{\"@type\":\"Organization\",\"@id\":\"https:\/\/alfequipment.com\/#organization\",\"name\":\"ALF PACK\",\"url\":\"https:\/\/alfequipment.com\/\",\"logo\":{\"@type\":\"ImageObject\",\"inLanguage\":\"es\",\"@id\":\"https:\/\/alfequipment.com\/#\/schema\/logo\/image\/\",\"url\":\"https:\/\/alfequipment.com\/wp-content\/uploads\/2024\/11\/ALFlogo-2.webp\",\"contentUrl\":\"https:\/\/alfequipment.com\/wp-content\/uploads\/2024\/11\/ALFlogo-2.webp\",\"width\":758,\"height\":750,\"caption\":\"ALF PACK\"},\"image\":{\"@id\":\"https:\/\/alfequipment.com\/#\/schema\/logo\/image\/\"}}]}<\/script>\n<!-- \/ Yoast SEO Premium plugin. -->","yoast_head_json":{"title":"FQL450B Venta caliente Manual L sellador de sellado de la m\u00e1quina de envasado - ALF PACK","robots":{"index":"index","follow":"follow","max-snippet":"max-snippet:-1","max-image-preview":"max-image-preview:large","max-video-preview":"max-video-preview:-1"},"canonical":"https:\/\/alfequipment.com\/es\/product\/fql450b-venta-caliente-manual-l-sellador-sellado-maquina-de-embalaje\/","og_locale":"es_ES","og_type":"article","og_title":"FQL450B Hot sale Manual L Sealer sealing packaging machine","og_description":"Hot Sale Manual L Sealer","og_url":"https:\/\/alfequipment.com\/es\/product\/fql450b-venta-caliente-manual-l-sellador-sellado-maquina-de-embalaje\/","og_site_name":"ALF PACK","article_modified_time":"2025-01-14T02:47:58+00:00","og_image":[{"width":800,"height":800,"url":"https:\/\/alfequipment.com\/wp-content\/uploads\/2025\/01\/HTB1pFqpcAKWBuNjy1zjq6AOypXaf.jpg","type":"image\/webp"}],"twitter_card":"summary_large_image","twitter_misc":{"Tiempo de lectura":"1 minuto"},"schema":{"@context":"https:\/\/schema.org","@graph":[{"@type":"WebPage","@id":"https:\/\/alfequipment.com\/product\/fql450b-hot-sale-manual-l-sealer-sealing-packaging-machine\/","url":"https:\/\/alfequipment.com\/product\/fql450b-hot-sale-manual-l-sealer-sealing-packaging-machine\/","name":"FQL450B Venta caliente Manual L sellador de sellado de la m\u00e1quina de envasado - ALF PACK","isPartOf":{"@id":"https:\/\/alfequipment.com\/#website"},"primaryImageOfPage":{"@id":"https:\/\/alfequipment.com\/product\/fql450b-hot-sale-manual-l-sealer-sealing-packaging-machine\/#primaryimage"},"image":{"@id":"https:\/\/alfequipment.com\/product\/fql450b-hot-sale-manual-l-sealer-sealing-packaging-machine\/#primaryimage"},"thumbnailUrl":"https:\/\/alfequipment.com\/wp-content\/uploads\/2025\/01\/HTB1pFqpcAKWBuNjy1zjq6AOypXaf.jpg","datePublished":"2025-01-07T23:36:12+00:00","dateModified":"2025-01-14T02:47:58+00:00","breadcrumb":{"@id":"https:\/\/alfequipment.com\/product\/fql450b-hot-sale-manual-l-sealer-sealing-packaging-machine\/#breadcrumb"},"inLanguage":"es","potentialAction":[{"@type":"ReadAction","target":["https:\/\/alfequipment.com\/product\/fql450b-hot-sale-manual-l-sealer-sealing-packaging-machine\/"]}]},{"@type":"ImageObject","inLanguage":"es","@id":"https:\/\/alfequipment.com\/product\/fql450b-hot-sale-manual-l-sealer-sealing-packaging-machine\/#primaryimage","url":"https:\/\/alfequipment.com\/wp-content\/uploads\/2025\/01\/HTB1pFqpcAKWBuNjy1zjq6AOypXaf.jpg","contentUrl":"https:\/\/alfequipment.com\/wp-content\/uploads\/2025\/01\/HTB1pFqpcAKWBuNjy1zjq6AOypXaf.jpg","width":800,"height":800},{"@type":"BreadcrumbList","@id":"https:\/\/alfequipment.com\/product\/fql450b-hot-sale-manual-l-sealer-sealing-packaging-machine\/#breadcrumb","itemListElement":[{"@type":"ListItem","position":1,"name":"Home","item":"https:\/\/alfequipment.com\/"},{"@type":"ListItem","position":2,"name":"Shop","item":"https:\/\/alfequipment.com\/shop\/"},{"@type":"ListItem","position":3,"name":"FQL450B Hot sale Manual L Sealer sealing packaging machine"}]},{"@type":"WebSite","@id":"https:\/\/alfequipment.com\/#website","url":"https:\/\/alfequipment.com\/","name":"PAQUETE ALF","description":"","publisher":{"@id":"https:\/\/alfequipment.com\/#organization"},"potentialAction":[{"@type":"SearchAction","target":{"@type":"EntryPoint","urlTemplate":"https:\/\/alfequipment.com\/?s={search_term_string}"},"query-input":{"@type":"PropertyValueSpecification","valueRequired":true,"valueName":"search_term_string"}}],"inLanguage":"es"},{"@type":"Organization","@id":"https:\/\/alfequipment.com\/#organization","name":"PAQUETE ALF","url":"https:\/\/alfequipment.com\/","logo":{"@type":"ImageObject","inLanguage":"es","@id":"https:\/\/alfequipment.com\/#\/schema\/logo\/image\/","url":"https:\/\/alfequipment.com\/wp-content\/uploads\/2024\/11\/ALFlogo-2.webp","contentUrl":"https:\/\/alfequipment.com\/wp-content\/uploads\/2024\/11\/ALFlogo-2.webp","width":758,"height":750,"caption":"ALF PACK"},"image":{"@id":"https:\/\/alfequipment.com\/#\/schema\/logo\/image\/"}}]}},"_links":{"self":[{"href":"https:\/\/alfequipment.com\/es\/wp-json\/wp\/v2\/product\/3227","targetHints":{"allow":["GET"]}}],"collection":[{"href":"https:\/\/alfequipment.com\/es\/wp-json\/wp\/v2\/product"}],"about":[{"href":"https:\/\/alfequipment.com\/es\/wp-json\/wp\/v2\/types\/product"}],"replies":[{"embeddable":true,"href":"https:\/\/alfequipment.com\/es\/wp-json\/wp\/v2\/comments?post=3227"}],"version-history":[{"count":0,"href":"https:\/\/alfequipment.com\/es\/wp-json\/wp\/v2\/product\/3227\/revisions"}],"wp:featuredmedia":[{"embeddable":true,"href":"https:\/\/alfequipment.com\/es\/wp-json\/wp\/v2\/media\/3228"}],"wp:attachment":[{"href":"https:\/\/alfequipment.com\/es\/wp-json\/wp\/v2\/media?parent=3227"}],"wp:term":[{"taxonomy":"product_brand","embeddable":true,"href":"https:\/\/alfequipment.com\/es\/wp-json\/wp\/v2\/product_brand?post=3227"},{"taxonomy":"product_cat","embeddable":true,"href":"https:\/\/alfequipment.com\/es\/wp-json\/wp\/v2\/product_cat?post=3227"},{"taxonomy":"product_tag","embeddable":true,"href":"https:\/\/alfequipment.com\/es\/wp-json\/wp\/v2\/product_tag?post=3227"}],"curies":[{"name":"wp","href":"https:\/\/api.w.org\/{rel}","templated":true}]}}