{"id":3229,"date":"2024-12-06T17:16:37","date_gmt":"2024-12-06T17:16:37","guid":{"rendered":"https:\/\/alfequipment.com\/product\/fm400-2-in-1-l-bar-type-sealing-sealer-and-shrink-tunnel-packaging-machine\/"},"modified":"2025-01-14T03:13:12","modified_gmt":"2025-01-14T03:13:12","slug":"fm400-2-en-1-l-selladora-de-barra-y-empaquetadora-de-tunel-de-retraccion","status":"publish","type":"product","link":"https:\/\/alfequipment.com\/es\/product\/fm400-2-en-1-l-selladora-de-barra-y-empaquetadora-de-tunel-de-retraccion\/","title":{"rendered":"FM400 2 en 1 L selladora de barra y empaquetadora de t\u00fanel de retracci\u00f3n"},"content":{"rendered":"<div data-maya=\"{&quot;theme&quot;:{&quot;face&quot;:&quot;yin&quot;,&quot;fontFace&quot;:&quot;Roboto&quot;,&quot;fontSize&quot;:22,&quot;colors&quot;:1},&quot;items&quot;:[{&quot;title&quot;:&quot;voqpu&quot;,&quot;formats&quot;:[[[{&quot;tuks4&quot;:&quot;H&quot;},{&quot;oayjp&quot;:&quot;P&quot;}]],[{&quot;uajty&quot;:{&quot;name&quot;:&quot;Tc&quot;,&quot;theme&quot;:&quot;col-header&quot;,&quot;tableCfgs&quot;:{&quot;sizes&quot;:{&quot;colWidths&quot;:[255,445],&quot;rowHeights&quot;:[22,22,22,22,22,22,22,22,22,22]}}}}],[{&quot;phzip&quot;:&quot;Ia&quot;}],[[{&quot;gth0y&quot;:&quot;Ib&quot;},[{&quot;bn7k2&quot;:&quot;Id&quot;},{&quot;6sik0&quot;:&quot;Id&quot;}]]],[[{&quot;re5bb&quot;:&quot;H&quot;},{&quot;fwcbf&quot;:&quot;P&quot;}]]]},{&quot;title&quot;:&quot;lpeg9&quot;,&quot;formats&quot;:[[{&quot;l0oce&quot;:&quot;Ig&quot;},{&quot;lurip&quot;:&quot;Ig&quot;},{&quot;8zgke&quot;:&quot;Ig&quot;},{&quot;unjr5&quot;:&quot;Ig&quot;}]]},{&quot;title&quot;:&quot;dqlcm&quot;,&quot;formats&quot;:[[{&quot;y4ey8&quot;:&quot;Ia&quot;}]]},{&quot;title&quot;:&quot;2st3g&quot;,&quot;formats&quot;:[[{&quot;fss0p&quot;:&quot;Ih&quot;},{&quot;bpfau&quot;:{&quot;name&quot;:&quot;Te&quot;,&quot;theme&quot;:&quot;double-header&quot;,&quot;tableCfgs&quot;:{&quot;sizes&quot;:{&quot;colWidths&quot;:[72,252],&quot;rowHeights&quot;:[23,23,23,196]}}}}]]},{&quot;title&quot;:&quot;chsx7&quot;,&quot;formats&quot;:[[[[{&quot;xok6b&quot;:&quot;Im&quot;},{&quot;w6ine&quot;:&quot;Im&quot;},{&quot;8grq2&quot;:&quot;Im&quot;}],[[{&quot;m3gcs&quot;:&quot;H&quot;},{&quot;mzvzh&quot;:&quot;P&quot;}],[{&quot;5ol5t&quot;:&quot;H&quot;},{&quot;mfnhd&quot;:&quot;P&quot;}],[{&quot;s7sni&quot;:&quot;H&quot;},{&quot;ht1mc&quot;:&quot;P&quot;}]]]]]}]}\">\n<div>\n<div style=\"vertical-align: top;padding-top: 15px; padding-bottom: 15px;\">\n<div style=\"vertical-align: top;padding-top: 10px; padding-bottom: 10px; margin-right: -4px; margin-left: -4px;\">\n<div style=\"vertical-align: top; box-sizing: border-box; padding-right: 4px; padding-left: 4px;margin-top: -4px; margin-bottom: -4px;\">\n<div id=\"tuks4\" style=\"vertical-align: top; box-sizing: border-box; padding-top: 4px; padding-bottom: 4px\">La retracci\u00f3n t\u00e9rmica despu\u00e9s del sellado es uno de los m\u00e9todos de embalaje m\u00e1s avanzados del mercado actual. Adopta la envoltura de la pel\u00edcula fuera de las mercanc\u00edas, y luego despu\u00e9s de la calefacci\u00f3n, la pel\u00edcula ser\u00e1 fuertemente encogido en las mercanc\u00edas, que muestran plenamente la apariencia, mejorar la exposici\u00f3n de mercanc\u00edas vender y aumentar el valor de las mercanc\u00edas. Mientras tanto, las mercanc\u00edas embaladas se pueden sellar bien, a prueba de humedad y anti-suciedad. Puede proteger las mercanc\u00edas de los choques externos con un amortiguador, especialmente para los algunos fr\u00e1giles. Puede evitar que los fr\u00e1giles salpiquen cuando se aplastan. Adem\u00e1s, puede disminuir la posibilidad de ser demolido o robado. Para ser simples, las m\u00e1quinas embalan los productos con una capa de pel\u00edcula de pl\u00e1stico, que hace que el embalaje sea m\u00e1s bonito y firme. Se utiliza mucho para embalar cajas, juguetes, ladrillos electr\u00f3nicos, libros, revistas, etc.<\/div>\n<\/p><\/div>\n<\/p><\/div>\n<div style=\"vertical-align: top;padding-top: 10px; padding-bottom: 10px; margin-right: -4px; margin-left: -4px;\">\n<div id=\"uajty\" style=\"vertical-align: top; box-sizing: border-box; padding-right: 4px; padding-left: 4px\">\n<table style=\"width: auto; border-collapse: collapse; word-wrap: break-word;\" class=\"aliDataTable\">\n<tbody>\n<tr>\n<td style=\"background-color: rgb(218, 226, 237);\">\n<div style=\"width: 255px; height: 22px; padding: 5px 10px; overflow: hidden;\">\n          Modelo\n         <\/div>\n<\/td>\n<td>\n<div style=\"width: 445px; height: 22px; padding: 5px 10px; overflow: hidden;\">\n          FM400\n         <\/div>\n<\/td>\n<\/tr>\n<tr>\n<td style=\"background-color: rgb(218, 226, 237);\">\n<div style=\"width: 255px; height: 22px; padding: 5px 10px; overflow: hidden;\">\n          Alimentaci\u00f3n\n         <\/div>\n<\/td>\n<td>\n<div style=\"width: 445px; height: auto; padding: 5px 10px; overflow: hidden;\">\n          AC220-240V\/50-60Hz\n         <\/div>\n<\/td>\n<\/tr>\n<tr>\n<td style=\"background-color: rgb(218, 226, 237);\">\n<div style=\"width: 255px; height: 22px; padding: 5px 10px; overflow: hidden;\">\n          Tiempo de corte\n         <\/div>\n<\/td>\n<td>\n<div style=\"width: 445px; height: 22px; padding: 5px 10px; overflow: hidden;\">\n          0-3 segundos\n         <\/div>\n<\/td>\n<\/tr>\n<tr>\n<td style=\"background-color: rgb(218, 226, 237);\">\n<div style=\"width: 255px; height: 22px; padding: 5px 10px; overflow: hidden;\">\n          Reducci\u00f3n del tiempo\n         <\/div>\n<\/td>\n<td>\n<div style=\"width: 445px; height: 22px; padding: 5px 10px; overflow: hidden;\">\n          0-30 segundos\n         <\/div>\n<\/td>\n<\/tr>\n<tr>\n<td style=\"background-color: rgb(218, 226, 237);\">\n<div style=\"width: 255px; height: 22px; padding: 5px 10px; overflow: hidden;\">\n           Capacidad\n         <\/div>\n<\/td>\n<td>\n<div style=\"width: 445px; height: 22px; padding: 5px 10px; overflow: hidden;\">\n          300-600tiempo\/h\n         <\/div>\n<\/td>\n<\/tr>\n<tr>\n<td style=\"background-color: rgb(218, 226, 237);\">\n<div style=\"width: 255px; height: 22px; padding: 5px 10px; overflow: hidden;\">\n          Grosor de la aleta\n         <\/div>\n<\/td>\n<td>\n<div style=\"width: 445px; height: 22px; padding: 5px 10px; overflow: hidden;\">\n          0,015-0,08 mm\n         <\/div>\n<\/td>\n<\/tr>\n<tr>\n<td style=\"background-color: rgb(218, 226, 237);\">\n<div style=\"width: 255px; height: 22px; padding: 5px 10px; overflow: hidden;\">\n          Potencia\n         <\/div>\n<\/td>\n<td>\n<div style=\"width: 445px; height: 22px; padding: 5px 10px; overflow: hidden;\">\n          4,5 KW\n         <\/div>\n<\/td>\n<\/tr>\n<tr>\n<td style=\"background-color: rgb(218, 226, 237);\">\n<div style=\"width: 255px; height: 22px; padding: 5px 10px; overflow: hidden;\">\n          Tama\u00f1o m\u00e1x. de embalaje\n         <\/div>\n<\/td>\n<td>\n<div style=\"width: 445px; height: 22px; padding: 5px 10px; overflow: hidden;\">\n          L:400*A400\n         <\/div>\n<\/td>\n<\/tr>\n<tr>\n<td style=\"background-color: rgb(218, 226, 237);\">\n<div style=\"width: 255px; height: 22px; padding: 5px 10px; overflow: hidden;\">\n          Tama\u00f1o de la m\u00e1quina\n         <\/div>\n<\/td>\n<td>\n<div style=\"width: 445px; height: 22px; padding: 5px 10px; overflow: hidden;\">\n          L850mm xAn740mmxAl1080~1330mm\n         <\/div>\n<\/td>\n<\/tr>\n<tr>\n<td style=\"background-color: rgb(218, 226, 237);\">\n<div style=\"width: 255px; height: 22px; padding: 5px 10px; overflow: hidden;\">\n          Peso de la m\u00e1quina\n         <\/div>\n<\/td>\n<td>\n<div style=\"width: 445px; height: 22px; padding: 5px 10px; overflow: hidden;\">\n          168kgs\n         <\/div>\n<\/td>\n<\/tr>\n<\/tbody>\n<\/table><\/div>\n<\/p><\/div>\n<div style=\"vertical-align: top;padding-top: 10px; padding-bottom: 10px; margin-right: -4px; margin-left: -4px;\">\n<div id=\"phzip\" style=\"vertical-align: top; box-sizing: border-box; padding-right: 4px; padding-left: 4px\">\n<div style=\"overflow: hidden; width: 750px; height: 750px;\">\n      <img decoding=\"async\" src=\"https:\/\/sc01.alicdn.com\/kf\/HTB1L8z5asfrK1Rjy0Fmq6xhEXXan\/64496\/HTB1L8z5asfrK1Rjy0Fmq6xhEXXan.jpg\" style=\"width: 750px; height: 750px; margin-left: 0px; margin-top: 0px;\" class=\"aligncenter\">\n     <\/div>\n<\/p><\/div>\n<\/p><\/div>\n<div style=\"vertical-align: top;padding-top: 10px; padding-bottom: 10px; margin-right: -4px; margin-left: -4px;\">\n<div style=\"vertical-align: top; box-sizing: border-box; padding-right: 4px; padding-left: 4px;margin-top: -4px; margin-bottom: -4px;\">\n<div id=\"gth0y\" style=\"vertical-align: top; box-sizing: border-box; padding-top: 4px; padding-bottom: 4px\">\n<div style=\"overflow: hidden; width: 750px; height: 320px;\">\n       <img decoding=\"async\" src=\"https:\/\/sc01.alicdn.com\/kf\/HTB1Y0BmazLuK1Rjy0Fhq6xpdFXas\/64496\/HTB1Y0BmazLuK1Rjy0Fhq6xpdFXas.jpg\" style=\"width: 750px; height: 750px; margin-left: 0px; margin-top: -168px;\" class=\"aligncenter\">\n      <\/div>\n<\/p><\/div>\n<div style=\"vertical-align: top; box-sizing: border-box; padding-top: 4px; padding-bottom: 4px;margin-right: -4px; margin-left: -4px;\">\n<div id=\"bn7k2\" style=\"vertical-align: top; width: 50%; display: inline-block; box-sizing: border-box; padding-right: 4px; padding-left: 4px\">\n<div style=\"overflow: hidden; width: 371px; height: 200px;\">\n        <img decoding=\"async\" src=\"https:\/\/sc01.alicdn.com\/kf\/HTB1g1gbasrrK1Rjy1zeq6xalFXaw\/64496\/HTB1g1gbasrrK1Rjy1zeq6xalFXaw.jpg\" style=\"width: 371px; height: 371px; margin-left: 0px; margin-top: -115px;\" class=\"aligncenter\">\n       <\/div>\n<\/p><\/div>\n<div id=\"6sik0\" style=\"vertical-align: top; width: 50%; display: inline-block; box-sizing: border-box; padding-right: 4px; padding-left: 4px\">\n<div style=\"overflow: hidden; width: 371px; height: 200px;\">\n        <img decoding=\"async\" src=\"https:\/\/sc02.alicdn.com\/kf\/HTB1nZD9azzuK1RjSspeq6ziHVXau\/64496\/HTB1nZD9azzuK1RjSspeq6ziHVXau.jpg\" style=\"width: 371px; height: 371px; margin-left: 0px; margin-top: -86px;\" class=\"aligncenter\">\n       <\/div>\n<\/p><\/div>\n<\/p><\/div>\n<\/p><\/div>\n<\/p><\/div>\n<div style=\"vertical-align: top;padding-top: 10px; padding-bottom: 10px; margin-right: -4px; margin-left: -4px;\">\n<div style=\"vertical-align: top; box-sizing: border-box; padding-right: 4px; padding-left: 4px;margin-top: -4px; margin-bottom: -4px;\">\n<div id=\"re5bb\" style=\"vertical-align: top; box-sizing: border-box; padding-top: 4px; padding-bottom: 4px\">\n<h3 style=\"padding: 0px; font-size: 16px; line-height: 20px; font-weight: bold; margin: 0px;\"><font color=\"#3f6fff\">Caracter\u00edsticas principales<\/font><\/h3>\n<\/p><\/div>\n<div id=\"fwcbf\" style=\"vertical-align: top; box-sizing: border-box; padding-top: 4px; padding-bottom: 4px\">\n<p style=\"margin:0;padding:0;\">1.Esta m\u00e1quina es una empaquetadora retr\u00e1ctil 2 en 1 desarrollada recientemente por nuestra empresa, que consigue sellar, cortar y retractilar en la misma m\u00e1quina. Tiene un dise\u00f1o exquisito, f\u00e1cil de operar.<\/p>\n<p>2.El marco de la pel\u00edcula se puede ajustar hacia arriba y hacia abajo. Y la gu\u00eda del transportador se puede plegar. 3.It tiene estructura compacta, peque\u00f1o volumen, que es conveniente para el transporte. <\/p>\n<p>3.Tiene componentes separados para la funci\u00f3n de sellado-corte y retracci\u00f3n, que tambi\u00e9n se puede utilizar solo. La eficacia del trabajo es mucho altamente mejorada que FM5540 2 en 1 shrink packager. <\/p>\n<p>4.Bajo consumo de energ\u00eda, que es adecuado para aplicar en la familia. <\/p>\n<p>5.La c\u00e1mara de encogimiento adopta un ciclo de calentamiento interno, que garantiza un calentamiento uniforme para lograr un encogimiento excelente y perfecto.<\/p>\n<\/div>\n<\/div>\n<\/div>\n<\/div>\n<div style=\"vertical-align: top;padding-top: 15px; padding-bottom: 15px;\">\n<div style=\"vertical-align: top;padding-top: 10px; padding-bottom: 10px; margin-right: -4px; margin-left: -4px;\">\n<div style=\"vertical-align: top; box-sizing: border-box; padding-right: 4px; padding-left: 4px;margin-top: -4px; margin-bottom: -4px;\">\n<div style=\"vertical-align: top; box-sizing: border-box; padding-top: 4px; padding-bottom: 4px;margin-right: -4px; margin-left: -4px;\">\n<div style=\"vertical-align: top; width: 33.3333%; display: inline-block; box-sizing: border-box; padding-right: 4px; padding-left: 4px;margin-top: -4px; margin-bottom: -4px;\">\n<div id=\"ht1mc\" style=\"vertical-align: top; box-sizing: border-box; padding-top: 4px; padding-bottom: 4px\">\n       <\/div>\n<\/p><\/div>\n<\/p><\/div>\n<\/p><\/div>\n<\/p><\/div>\n<\/p><\/div>\n<\/p><\/div>\n<\/div>","protected":false},"excerpt":{"rendered":"<p>Selladora y retractiladora 2 en 1 L<\/p>","protected":false},"featured_media":3230,"comment_status":"closed","ping_status":"closed","template":"","meta":[],"product_brand":[],"product_cat":[122,97],"product_tag":[],"class_list":{"0":"post-3229","1":"product","2":"type-product","3":"status-publish","4":"has-post-thumbnail","6":"product_cat-l-type-sealer","7":"product_cat-sealing-machines","9":"first","10":"instock","11":"sale","12":"purchasable","13":"product-type-simple"},"yoast_head":"<!-- This site is optimized with the Yoast SEO Premium plugin v20.9 (Yoast SEO v26.5) - https:\/\/yoast.com\/wordpress\/plugins\/seo\/ -->\n<title>FM400 2 In 1 L bar type sealing sealer and shrink tunnel packaging machine - ALF PACK<\/title>\n<meta name=\"robots\" content=\"index, follow, max-snippet:-1, max-image-preview:large, max-video-preview:-1\" \/>\n<link rel=\"canonical\" href=\"https:\/\/alfequipment.com\/es\/product\/fm400-2-en-1-l-selladora-de-barra-y-empaquetadora-de-tunel-de-retraccion\/\" \/>\n<meta property=\"og:locale\" content=\"es_ES\" \/>\n<meta property=\"og:type\" content=\"article\" \/>\n<meta property=\"og:title\" content=\"FM400 2 In 1 L bar type sealing sealer and shrink tunnel packaging machine\" \/>\n<meta property=\"og:description\" content=\"2 In 1 L Sealer And Shrink Packager\" \/>\n<meta property=\"og:url\" content=\"https:\/\/alfequipment.com\/es\/product\/fm400-2-en-1-l-selladora-de-barra-y-empaquetadora-de-tunel-de-retraccion\/\" \/>\n<meta property=\"og:site_name\" content=\"ALF PACK\" \/>\n<meta property=\"article:modified_time\" content=\"2025-01-14T03:13:12+00:00\" \/>\n<meta property=\"og:image\" content=\"https:\/\/alfequipment.com\/wp-content\/uploads\/2025\/01\/HTB1KwNXcmFRMKJjy0Fhq6x.xpXaY_.jpg\" \/>\n\t<meta property=\"og:image:width\" content=\"800\" \/>\n\t<meta property=\"og:image:height\" content=\"800\" \/>\n\t<meta property=\"og:image:type\" content=\"image\/webp\" \/>\n<meta name=\"twitter:card\" content=\"summary_large_image\" \/>\n<meta name=\"twitter:label1\" content=\"Tiempo de lectura\" \/>\n\t<meta name=\"twitter:data1\" content=\"1 minuto\" \/>\n<script type=\"application\/ld+json\" class=\"yoast-schema-graph\">{\"@context\":\"https:\/\/schema.org\",\"@graph\":[{\"@type\":\"WebPage\",\"@id\":\"https:\/\/alfequipment.com\/product\/fm400-2-in-1-l-bar-type-sealing-sealer-and-shrink-tunnel-packaging-machine\/\",\"url\":\"https:\/\/alfequipment.com\/product\/fm400-2-in-1-l-bar-type-sealing-sealer-and-shrink-tunnel-packaging-machine\/\",\"name\":\"FM400 2 In 1 L bar type sealing sealer and shrink tunnel packaging machine - ALF PACK\",\"isPartOf\":{\"@id\":\"https:\/\/alfequipment.com\/#website\"},\"primaryImageOfPage\":{\"@id\":\"https:\/\/alfequipment.com\/product\/fm400-2-in-1-l-bar-type-sealing-sealer-and-shrink-tunnel-packaging-machine\/#primaryimage\"},\"image\":{\"@id\":\"https:\/\/alfequipment.com\/product\/fm400-2-in-1-l-bar-type-sealing-sealer-and-shrink-tunnel-packaging-machine\/#primaryimage\"},\"thumbnailUrl\":\"https:\/\/alfequipment.com\/wp-content\/uploads\/2025\/01\/HTB1KwNXcmFRMKJjy0Fhq6x.xpXaY_.jpg\",\"datePublished\":\"2024-12-06T17:16:37+00:00\",\"dateModified\":\"2025-01-14T03:13:12+00:00\",\"breadcrumb\":{\"@id\":\"https:\/\/alfequipment.com\/product\/fm400-2-in-1-l-bar-type-sealing-sealer-and-shrink-tunnel-packaging-machine\/#breadcrumb\"},\"inLanguage\":\"es\",\"potentialAction\":[{\"@type\":\"ReadAction\",\"target\":[\"https:\/\/alfequipment.com\/product\/fm400-2-in-1-l-bar-type-sealing-sealer-and-shrink-tunnel-packaging-machine\/\"]}]},{\"@type\":\"ImageObject\",\"inLanguage\":\"es\",\"@id\":\"https:\/\/alfequipment.com\/product\/fm400-2-in-1-l-bar-type-sealing-sealer-and-shrink-tunnel-packaging-machine\/#primaryimage\",\"url\":\"https:\/\/alfequipment.com\/wp-content\/uploads\/2025\/01\/HTB1KwNXcmFRMKJjy0Fhq6x.xpXaY_.jpg\",\"contentUrl\":\"https:\/\/alfequipment.com\/wp-content\/uploads\/2025\/01\/HTB1KwNXcmFRMKJjy0Fhq6x.xpXaY_.jpg\",\"width\":800,\"height\":800},{\"@type\":\"BreadcrumbList\",\"@id\":\"https:\/\/alfequipment.com\/product\/fm400-2-in-1-l-bar-type-sealing-sealer-and-shrink-tunnel-packaging-machine\/#breadcrumb\",\"itemListElement\":[{\"@type\":\"ListItem\",\"position\":1,\"name\":\"Home\",\"item\":\"https:\/\/alfequipment.com\/\"},{\"@type\":\"ListItem\",\"position\":2,\"name\":\"Shop\",\"item\":\"https:\/\/alfequipment.com\/shop\/\"},{\"@type\":\"ListItem\",\"position\":3,\"name\":\"FM400 2 In 1 L bar type sealing sealer and shrink tunnel packaging machine\"}]},{\"@type\":\"WebSite\",\"@id\":\"https:\/\/alfequipment.com\/#website\",\"url\":\"https:\/\/alfequipment.com\/\",\"name\":\"ALF PACK\",\"description\":\"\",\"publisher\":{\"@id\":\"https:\/\/alfequipment.com\/#organization\"},\"potentialAction\":[{\"@type\":\"SearchAction\",\"target\":{\"@type\":\"EntryPoint\",\"urlTemplate\":\"https:\/\/alfequipment.com\/?s={search_term_string}\"},\"query-input\":{\"@type\":\"PropertyValueSpecification\",\"valueRequired\":true,\"valueName\":\"search_term_string\"}}],\"inLanguage\":\"es\"},{\"@type\":\"Organization\",\"@id\":\"https:\/\/alfequipment.com\/#organization\",\"name\":\"ALF PACK\",\"url\":\"https:\/\/alfequipment.com\/\",\"logo\":{\"@type\":\"ImageObject\",\"inLanguage\":\"es\",\"@id\":\"https:\/\/alfequipment.com\/#\/schema\/logo\/image\/\",\"url\":\"https:\/\/alfequipment.com\/wp-content\/uploads\/2024\/11\/ALFlogo-2.webp\",\"contentUrl\":\"https:\/\/alfequipment.com\/wp-content\/uploads\/2024\/11\/ALFlogo-2.webp\",\"width\":758,\"height\":750,\"caption\":\"ALF PACK\"},\"image\":{\"@id\":\"https:\/\/alfequipment.com\/#\/schema\/logo\/image\/\"}}]}<\/script>\n<!-- \/ Yoast SEO Premium plugin. -->","yoast_head_json":{"title":"FM400 2 en 1 L selladora de barra y t\u00fanel de retracci\u00f3n - ALF PACK","robots":{"index":"index","follow":"follow","max-snippet":"max-snippet:-1","max-image-preview":"max-image-preview:large","max-video-preview":"max-video-preview:-1"},"canonical":"https:\/\/alfequipment.com\/es\/product\/fm400-2-en-1-l-selladora-de-barra-y-empaquetadora-de-tunel-de-retraccion\/","og_locale":"es_ES","og_type":"article","og_title":"FM400 2 In 1 L bar type sealing sealer and shrink tunnel packaging machine","og_description":"2 In 1 L Sealer And Shrink Packager","og_url":"https:\/\/alfequipment.com\/es\/product\/fm400-2-en-1-l-selladora-de-barra-y-empaquetadora-de-tunel-de-retraccion\/","og_site_name":"ALF PACK","article_modified_time":"2025-01-14T03:13:12+00:00","og_image":[{"width":800,"height":800,"url":"https:\/\/alfequipment.com\/wp-content\/uploads\/2025\/01\/HTB1KwNXcmFRMKJjy0Fhq6x.xpXaY_.jpg","type":"image\/webp"}],"twitter_card":"summary_large_image","twitter_misc":{"Tiempo de lectura":"1 minuto"},"schema":{"@context":"https:\/\/schema.org","@graph":[{"@type":"WebPage","@id":"https:\/\/alfequipment.com\/product\/fm400-2-in-1-l-bar-type-sealing-sealer-and-shrink-tunnel-packaging-machine\/","url":"https:\/\/alfequipment.com\/product\/fm400-2-in-1-l-bar-type-sealing-sealer-and-shrink-tunnel-packaging-machine\/","name":"FM400 2 en 1 L selladora de barra y t\u00fanel de retracci\u00f3n - ALF PACK","isPartOf":{"@id":"https:\/\/alfequipment.com\/#website"},"primaryImageOfPage":{"@id":"https:\/\/alfequipment.com\/product\/fm400-2-in-1-l-bar-type-sealing-sealer-and-shrink-tunnel-packaging-machine\/#primaryimage"},"image":{"@id":"https:\/\/alfequipment.com\/product\/fm400-2-in-1-l-bar-type-sealing-sealer-and-shrink-tunnel-packaging-machine\/#primaryimage"},"thumbnailUrl":"https:\/\/alfequipment.com\/wp-content\/uploads\/2025\/01\/HTB1KwNXcmFRMKJjy0Fhq6x.xpXaY_.jpg","datePublished":"2024-12-06T17:16:37+00:00","dateModified":"2025-01-14T03:13:12+00:00","breadcrumb":{"@id":"https:\/\/alfequipment.com\/product\/fm400-2-in-1-l-bar-type-sealing-sealer-and-shrink-tunnel-packaging-machine\/#breadcrumb"},"inLanguage":"es","potentialAction":[{"@type":"ReadAction","target":["https:\/\/alfequipment.com\/product\/fm400-2-in-1-l-bar-type-sealing-sealer-and-shrink-tunnel-packaging-machine\/"]}]},{"@type":"ImageObject","inLanguage":"es","@id":"https:\/\/alfequipment.com\/product\/fm400-2-in-1-l-bar-type-sealing-sealer-and-shrink-tunnel-packaging-machine\/#primaryimage","url":"https:\/\/alfequipment.com\/wp-content\/uploads\/2025\/01\/HTB1KwNXcmFRMKJjy0Fhq6x.xpXaY_.jpg","contentUrl":"https:\/\/alfequipment.com\/wp-content\/uploads\/2025\/01\/HTB1KwNXcmFRMKJjy0Fhq6x.xpXaY_.jpg","width":800,"height":800},{"@type":"BreadcrumbList","@id":"https:\/\/alfequipment.com\/product\/fm400-2-in-1-l-bar-type-sealing-sealer-and-shrink-tunnel-packaging-machine\/#breadcrumb","itemListElement":[{"@type":"ListItem","position":1,"name":"Home","item":"https:\/\/alfequipment.com\/"},{"@type":"ListItem","position":2,"name":"Shop","item":"https:\/\/alfequipment.com\/shop\/"},{"@type":"ListItem","position":3,"name":"FM400 2 In 1 L bar type sealing sealer and shrink tunnel packaging machine"}]},{"@type":"WebSite","@id":"https:\/\/alfequipment.com\/#website","url":"https:\/\/alfequipment.com\/","name":"PAQUETE ALF","description":"","publisher":{"@id":"https:\/\/alfequipment.com\/#organization"},"potentialAction":[{"@type":"SearchAction","target":{"@type":"EntryPoint","urlTemplate":"https:\/\/alfequipment.com\/?s={search_term_string}"},"query-input":{"@type":"PropertyValueSpecification","valueRequired":true,"valueName":"search_term_string"}}],"inLanguage":"es"},{"@type":"Organization","@id":"https:\/\/alfequipment.com\/#organization","name":"PAQUETE ALF","url":"https:\/\/alfequipment.com\/","logo":{"@type":"ImageObject","inLanguage":"es","@id":"https:\/\/alfequipment.com\/#\/schema\/logo\/image\/","url":"https:\/\/alfequipment.com\/wp-content\/uploads\/2024\/11\/ALFlogo-2.webp","contentUrl":"https:\/\/alfequipment.com\/wp-content\/uploads\/2024\/11\/ALFlogo-2.webp","width":758,"height":750,"caption":"ALF PACK"},"image":{"@id":"https:\/\/alfequipment.com\/#\/schema\/logo\/image\/"}}]}},"_links":{"self":[{"href":"https:\/\/alfequipment.com\/es\/wp-json\/wp\/v2\/product\/3229","targetHints":{"allow":["GET"]}}],"collection":[{"href":"https:\/\/alfequipment.com\/es\/wp-json\/wp\/v2\/product"}],"about":[{"href":"https:\/\/alfequipment.com\/es\/wp-json\/wp\/v2\/types\/product"}],"replies":[{"embeddable":true,"href":"https:\/\/alfequipment.com\/es\/wp-json\/wp\/v2\/comments?post=3229"}],"version-history":[{"count":0,"href":"https:\/\/alfequipment.com\/es\/wp-json\/wp\/v2\/product\/3229\/revisions"}],"wp:featuredmedia":[{"embeddable":true,"href":"https:\/\/alfequipment.com\/es\/wp-json\/wp\/v2\/media\/3230"}],"wp:attachment":[{"href":"https:\/\/alfequipment.com\/es\/wp-json\/wp\/v2\/media?parent=3229"}],"wp:term":[{"taxonomy":"product_brand","embeddable":true,"href":"https:\/\/alfequipment.com\/es\/wp-json\/wp\/v2\/product_brand?post=3229"},{"taxonomy":"product_cat","embeddable":true,"href":"https:\/\/alfequipment.com\/es\/wp-json\/wp\/v2\/product_cat?post=3229"},{"taxonomy":"product_tag","embeddable":true,"href":"https:\/\/alfequipment.com\/es\/wp-json\/wp\/v2\/product_tag?post=3229"}],"curies":[{"name":"wp","href":"https:\/\/api.w.org\/{rel}","templated":true}]}}