{"id":3251,"date":"2024-12-30T23:32:37","date_gmt":"2024-12-30T23:32:37","guid":{"rendered":"https:\/\/alfequipment.com\/product\/jm120-vertical-colloid-grinder-and-industrial-colloidal-nut-almond-grinding-machine\/"},"modified":"2025-01-13T13:15:44","modified_gmt":"2025-01-13T13:15:44","slug":"jm120-trituradora-coloidal-vertical-y-coloidal-industrial-de-almendras-de-nuez","status":"publish","type":"product","link":"https:\/\/alfequipment.com\/es\/product\/jm120-trituradora-coloidal-vertical-y-coloidal-industrial-de-almendras-de-nuez\/","title":{"rendered":"JM120 Trituradora coloidal vertical y m\u00e1quina industrial de trituraci\u00f3n coloidal de almendras de frutos secos"},"content":{"rendered":"<p data-section-blank=\"AliPostDhMb-wy1d9\"><span style=\"font-size: 14px;\">El principio de funcionamiento del molino coloidal es el siguiente: Bajo el efecto de la fuerza centr\u00edfuga y siendo funcionado por relativamente highspeed entre el engranaje giratorio y el engranaje fijo, el l\u00edquido y los materiales del thesemi-l\u00edquido se emulsionan, se homogeneizan, se dispersan andmixed eficientemente durante el curso de ser cortado, molido y sacudido con alta frecuencia.<\/span><\/p>\n<p>&nbsp;<\/p>\n<p><span style=\"font-size: 14px;\">Despu\u00e9s de que usted puede conseguir el material satisfecho y procesado. El millis coloidal se aplica extensamente en clases de productos de muchos campos por su industria de los productos alimenticios del asftuffs de la ventaja, industria de la medicina, industria qu\u00edmica e industria qu\u00edmica cotidiana etc; los productos incluyendo la leche de la soja, el atasco de la fruta, el peanutbutter, la leche artificial del ma\u00edz, la crema, el compuesto de la perfumer\u00eda, el pigmento, engrasando el aceite, el colorante, el pantal\u00f3n, el aceite vivo de los pescados, la miel del polen, la pasta de dientes y as\u00ed sucesivamente.<\/span><\/p>\n<p>&nbsp;<\/p>\n<p><span style=\"font-size: 14px;\">Cuando se procesa material de alta consistencia, como el man\u00ed y el s\u00e9samo, etc, debe fijar el ariete de accionamiento helicoidal que es producido por nuestra empresa a la parte superior del rotor.<\/span><\/p>\n<p>&nbsp;<\/p>\n<p><span style=\"font-size: 18px;\">Especificaci\u00f3n:<\/span><\/p>\n<table class=\"aliDataTable\" style=\"width: 484px;\" border=\"0\" cellspacing=\"0\" cellpadding=\"0\">\n<tbody>\n<tr>\n<td>\n<p>Modelo<\/p>\n<\/td>\n<td>\n<p><span style=\"color: #000000;\">JM-60<\/span><\/p>\n<\/td>\n<td>\n<p>JM-80<\/p>\n<\/td>\n<td>\n<p><span style=\"color: #ff0000;\">JM-120<\/span><\/p>\n<\/td>\n<\/tr>\n<tr>\n<td>\n<p>Tensi\u00f3n<\/p>\n<\/td>\n<td colspan=\"3\">\n<p style=\"text-align: center;\"><span style=\"color: #ff0000;\">Trif\u00e1sico 220\/380V 50-60HZ<\/span><\/p>\n<\/td>\n<\/tr>\n<tr>\n<td>\n<p>Potencia<\/p>\n<\/td>\n<td>\n<p><span style=\"color: #000000;\">1,5 KW<\/span><\/p>\n<\/td>\n<td>\n<p>4KW<\/p>\n<\/td>\n<td>\n<p><span style=\"color: #ff0000;\">7,5 KW<\/span><\/p>\n<\/td>\n<\/tr>\n<tr>\n<td>\n<p>Precisi\u00f3n de los gr\u00e1nulos<\/p>\n<\/td>\n<td>\n<p><span style=\"color: #000000;\">2-50\u03bcm<\/span><\/p>\n<\/td>\n<td>\n<p>2-50\u03bcm<\/p>\n<\/td>\n<td>\n<p><span style=\"color: #ff0000;\">2-50\u03bcm<\/span><\/p>\n<\/td>\n<\/tr>\n<tr>\n<td>\n<p>Salida<\/p>\n<\/td>\n<td>\n<p><span style=\"color: #000000;\">0,05-0,5T\/hora<\/span><\/p>\n<\/td>\n<td>\n<p>0,2-1,5T\/hora<\/p>\n<\/td>\n<td>\n<p><span style=\"color: #ff0000;\">0,5-2T\/hora<\/span><\/p>\n<\/td>\n<\/tr>\n<tr>\n<td>\n<p>Peso<\/p>\n<\/td>\n<td>\n<p><span style=\"color: #000000;\">45 kg<\/span><\/p>\n<\/td>\n<td>\n<p>100 kg<\/p>\n<\/td>\n<td>\n<p><span style=\"color: #ff0000;\">150 kg<\/span><\/p>\n<\/td>\n<\/tr>\n<tr>\n<td>\n<p>Tama\u00f1o de la m\u00e1quina<\/p>\n<\/td>\n<td>\n<p><span style=\"color: #000000;\">300*300*650mm<\/span><\/p>\n<\/td>\n<td>\n<p>450*450*800mm<\/p>\n<\/td>\n<td>\n<p><span style=\"color: #ff0000;\">550*550*1300mm<\/span><\/p>\n<\/td>\n<\/tr>\n<\/tbody>\n<\/table>\n<p>&nbsp;<img decoding=\"async\" src=\"https:\/\/sc01.alicdn.com\/kf\/Hcaef5c8057914f8399719d3fb26752de7\/64496\/Hcaef5c8057914f8399719d3fb26752de7.jpg\" data-alt=\"JM120 Vertical colloid grinder and Industrial colloidal nut almond grinding machine\" data-width=\"600\" data-height=\"600\" ori-width=\"800\" ori-height=\"800\" class=\"aligncenter\"><\/p>\n<p data-section-blank=\"AliPostDhMb-aagi6\">&nbsp;<\/p><\/p>","protected":false},"excerpt":{"rendered":"<p>Trituradora coloidal vertical Jm-120 (f\u00e1cil manejo)<\/p>","protected":false},"featured_media":3252,"comment_status":"closed","ping_status":"open","template":"","meta":[],"product_brand":[],"product_cat":[109],"product_tag":[],"class_list":{"0":"post-3251","1":"product","2":"type-product","3":"status-publish","4":"has-post-thumbnail","6":"product_cat-nuts-processing-machines","8":"first","9":"instock","10":"sale","11":"purchasable","12":"product-type-simple"},"yoast_head":"<!-- This site is optimized with the Yoast SEO Premium plugin v20.9 (Yoast SEO v26.5) - https:\/\/yoast.com\/wordpress\/plugins\/seo\/ -->\n<title>JM120 Vertical colloid grinder and Industrial colloidal nut almond grinding machine - ALF PACK<\/title>\n<meta name=\"robots\" content=\"index, follow, max-snippet:-1, max-image-preview:large, max-video-preview:-1\" \/>\n<link rel=\"canonical\" href=\"https:\/\/alfequipment.com\/es\/product\/jm120-trituradora-coloidal-vertical-y-coloidal-industrial-de-almendras-de-nuez\/\" \/>\n<meta property=\"og:locale\" content=\"es_ES\" \/>\n<meta property=\"og:type\" content=\"article\" \/>\n<meta property=\"og:title\" content=\"JM120 Vertical colloid grinder and Industrial colloidal nut almond grinding machine\" \/>\n<meta property=\"og:description\" content=\"Jm-120 Vertical Colloid Grinder (easy Operation)\" \/>\n<meta property=\"og:url\" content=\"https:\/\/alfequipment.com\/es\/product\/jm120-trituradora-coloidal-vertical-y-coloidal-industrial-de-almendras-de-nuez\/\" \/>\n<meta property=\"og:site_name\" content=\"ALF PACK\" \/>\n<meta property=\"article:modified_time\" content=\"2025-01-13T13:15:44+00:00\" \/>\n<meta property=\"og:image\" content=\"https:\/\/alfequipment.com\/wp-content\/uploads\/2025\/01\/Ha4b15037c67d496b822177c2348bbdb9s.jpg\" \/>\n\t<meta property=\"og:image:width\" content=\"800\" \/>\n\t<meta property=\"og:image:height\" content=\"800\" \/>\n\t<meta property=\"og:image:type\" content=\"image\/webp\" \/>\n<meta name=\"twitter:card\" content=\"summary_large_image\" \/>\n<meta name=\"twitter:label1\" content=\"Tiempo de lectura\" \/>\n\t<meta name=\"twitter:data1\" content=\"1 minuto\" \/>\n<script type=\"application\/ld+json\" class=\"yoast-schema-graph\">{\"@context\":\"https:\/\/schema.org\",\"@graph\":[{\"@type\":\"WebPage\",\"@id\":\"https:\/\/alfequipment.com\/product\/jm120-vertical-colloid-grinder-and-industrial-colloidal-nut-almond-grinding-machine\/\",\"url\":\"https:\/\/alfequipment.com\/product\/jm120-vertical-colloid-grinder-and-industrial-colloidal-nut-almond-grinding-machine\/\",\"name\":\"JM120 Vertical colloid grinder and Industrial colloidal nut almond grinding machine - ALF PACK\",\"isPartOf\":{\"@id\":\"https:\/\/alfequipment.com\/#website\"},\"primaryImageOfPage\":{\"@id\":\"https:\/\/alfequipment.com\/product\/jm120-vertical-colloid-grinder-and-industrial-colloidal-nut-almond-grinding-machine\/#primaryimage\"},\"image\":{\"@id\":\"https:\/\/alfequipment.com\/product\/jm120-vertical-colloid-grinder-and-industrial-colloidal-nut-almond-grinding-machine\/#primaryimage\"},\"thumbnailUrl\":\"https:\/\/alfequipment.com\/wp-content\/uploads\/2025\/01\/Ha4b15037c67d496b822177c2348bbdb9s.jpg\",\"datePublished\":\"2024-12-30T23:32:37+00:00\",\"dateModified\":\"2025-01-13T13:15:44+00:00\",\"breadcrumb\":{\"@id\":\"https:\/\/alfequipment.com\/product\/jm120-vertical-colloid-grinder-and-industrial-colloidal-nut-almond-grinding-machine\/#breadcrumb\"},\"inLanguage\":\"es\",\"potentialAction\":[{\"@type\":\"ReadAction\",\"target\":[\"https:\/\/alfequipment.com\/product\/jm120-vertical-colloid-grinder-and-industrial-colloidal-nut-almond-grinding-machine\/\"]}]},{\"@type\":\"ImageObject\",\"inLanguage\":\"es\",\"@id\":\"https:\/\/alfequipment.com\/product\/jm120-vertical-colloid-grinder-and-industrial-colloidal-nut-almond-grinding-machine\/#primaryimage\",\"url\":\"https:\/\/alfequipment.com\/wp-content\/uploads\/2025\/01\/Ha4b15037c67d496b822177c2348bbdb9s.jpg\",\"contentUrl\":\"https:\/\/alfequipment.com\/wp-content\/uploads\/2025\/01\/Ha4b15037c67d496b822177c2348bbdb9s.jpg\",\"width\":800,\"height\":800},{\"@type\":\"BreadcrumbList\",\"@id\":\"https:\/\/alfequipment.com\/product\/jm120-vertical-colloid-grinder-and-industrial-colloidal-nut-almond-grinding-machine\/#breadcrumb\",\"itemListElement\":[{\"@type\":\"ListItem\",\"position\":1,\"name\":\"Home\",\"item\":\"https:\/\/alfequipment.com\/\"},{\"@type\":\"ListItem\",\"position\":2,\"name\":\"Shop\",\"item\":\"https:\/\/alfequipment.com\/shop\/\"},{\"@type\":\"ListItem\",\"position\":3,\"name\":\"JM120 Vertical colloid grinder and Industrial colloidal nut almond grinding machine\"}]},{\"@type\":\"WebSite\",\"@id\":\"https:\/\/alfequipment.com\/#website\",\"url\":\"https:\/\/alfequipment.com\/\",\"name\":\"ALF PACK\",\"description\":\"\",\"publisher\":{\"@id\":\"https:\/\/alfequipment.com\/#organization\"},\"potentialAction\":[{\"@type\":\"SearchAction\",\"target\":{\"@type\":\"EntryPoint\",\"urlTemplate\":\"https:\/\/alfequipment.com\/?s={search_term_string}\"},\"query-input\":{\"@type\":\"PropertyValueSpecification\",\"valueRequired\":true,\"valueName\":\"search_term_string\"}}],\"inLanguage\":\"es\"},{\"@type\":\"Organization\",\"@id\":\"https:\/\/alfequipment.com\/#organization\",\"name\":\"ALF PACK\",\"url\":\"https:\/\/alfequipment.com\/\",\"logo\":{\"@type\":\"ImageObject\",\"inLanguage\":\"es\",\"@id\":\"https:\/\/alfequipment.com\/#\/schema\/logo\/image\/\",\"url\":\"https:\/\/alfequipment.com\/wp-content\/uploads\/2024\/11\/ALFlogo-2.webp\",\"contentUrl\":\"https:\/\/alfequipment.com\/wp-content\/uploads\/2024\/11\/ALFlogo-2.webp\",\"width\":758,\"height\":750,\"caption\":\"ALF PACK\"},\"image\":{\"@id\":\"https:\/\/alfequipment.com\/#\/schema\/logo\/image\/\"}}]}<\/script>\n<!-- \/ Yoast SEO Premium plugin. -->","yoast_head_json":{"title":"JM120 Trituradora coloidal vertical e Industrial de almendras - ALF PACK","robots":{"index":"index","follow":"follow","max-snippet":"max-snippet:-1","max-image-preview":"max-image-preview:large","max-video-preview":"max-video-preview:-1"},"canonical":"https:\/\/alfequipment.com\/es\/product\/jm120-trituradora-coloidal-vertical-y-coloidal-industrial-de-almendras-de-nuez\/","og_locale":"es_ES","og_type":"article","og_title":"JM120 Vertical colloid grinder and Industrial colloidal nut almond grinding machine","og_description":"Jm-120 Vertical Colloid Grinder (easy Operation)","og_url":"https:\/\/alfequipment.com\/es\/product\/jm120-trituradora-coloidal-vertical-y-coloidal-industrial-de-almendras-de-nuez\/","og_site_name":"ALF PACK","article_modified_time":"2025-01-13T13:15:44+00:00","og_image":[{"width":800,"height":800,"url":"https:\/\/alfequipment.com\/wp-content\/uploads\/2025\/01\/Ha4b15037c67d496b822177c2348bbdb9s.jpg","type":"image\/webp"}],"twitter_card":"summary_large_image","twitter_misc":{"Tiempo de lectura":"1 minuto"},"schema":{"@context":"https:\/\/schema.org","@graph":[{"@type":"WebPage","@id":"https:\/\/alfequipment.com\/product\/jm120-vertical-colloid-grinder-and-industrial-colloidal-nut-almond-grinding-machine\/","url":"https:\/\/alfequipment.com\/product\/jm120-vertical-colloid-grinder-and-industrial-colloidal-nut-almond-grinding-machine\/","name":"JM120 Trituradora coloidal vertical e Industrial de almendras - ALF PACK","isPartOf":{"@id":"https:\/\/alfequipment.com\/#website"},"primaryImageOfPage":{"@id":"https:\/\/alfequipment.com\/product\/jm120-vertical-colloid-grinder-and-industrial-colloidal-nut-almond-grinding-machine\/#primaryimage"},"image":{"@id":"https:\/\/alfequipment.com\/product\/jm120-vertical-colloid-grinder-and-industrial-colloidal-nut-almond-grinding-machine\/#primaryimage"},"thumbnailUrl":"https:\/\/alfequipment.com\/wp-content\/uploads\/2025\/01\/Ha4b15037c67d496b822177c2348bbdb9s.jpg","datePublished":"2024-12-30T23:32:37+00:00","dateModified":"2025-01-13T13:15:44+00:00","breadcrumb":{"@id":"https:\/\/alfequipment.com\/product\/jm120-vertical-colloid-grinder-and-industrial-colloidal-nut-almond-grinding-machine\/#breadcrumb"},"inLanguage":"es","potentialAction":[{"@type":"ReadAction","target":["https:\/\/alfequipment.com\/product\/jm120-vertical-colloid-grinder-and-industrial-colloidal-nut-almond-grinding-machine\/"]}]},{"@type":"ImageObject","inLanguage":"es","@id":"https:\/\/alfequipment.com\/product\/jm120-vertical-colloid-grinder-and-industrial-colloidal-nut-almond-grinding-machine\/#primaryimage","url":"https:\/\/alfequipment.com\/wp-content\/uploads\/2025\/01\/Ha4b15037c67d496b822177c2348bbdb9s.jpg","contentUrl":"https:\/\/alfequipment.com\/wp-content\/uploads\/2025\/01\/Ha4b15037c67d496b822177c2348bbdb9s.jpg","width":800,"height":800},{"@type":"BreadcrumbList","@id":"https:\/\/alfequipment.com\/product\/jm120-vertical-colloid-grinder-and-industrial-colloidal-nut-almond-grinding-machine\/#breadcrumb","itemListElement":[{"@type":"ListItem","position":1,"name":"Home","item":"https:\/\/alfequipment.com\/"},{"@type":"ListItem","position":2,"name":"Shop","item":"https:\/\/alfequipment.com\/shop\/"},{"@type":"ListItem","position":3,"name":"JM120 Vertical colloid grinder and Industrial colloidal nut almond grinding machine"}]},{"@type":"WebSite","@id":"https:\/\/alfequipment.com\/#website","url":"https:\/\/alfequipment.com\/","name":"PAQUETE ALF","description":"","publisher":{"@id":"https:\/\/alfequipment.com\/#organization"},"potentialAction":[{"@type":"SearchAction","target":{"@type":"EntryPoint","urlTemplate":"https:\/\/alfequipment.com\/?s={search_term_string}"},"query-input":{"@type":"PropertyValueSpecification","valueRequired":true,"valueName":"search_term_string"}}],"inLanguage":"es"},{"@type":"Organization","@id":"https:\/\/alfequipment.com\/#organization","name":"PAQUETE ALF","url":"https:\/\/alfequipment.com\/","logo":{"@type":"ImageObject","inLanguage":"es","@id":"https:\/\/alfequipment.com\/#\/schema\/logo\/image\/","url":"https:\/\/alfequipment.com\/wp-content\/uploads\/2024\/11\/ALFlogo-2.webp","contentUrl":"https:\/\/alfequipment.com\/wp-content\/uploads\/2024\/11\/ALFlogo-2.webp","width":758,"height":750,"caption":"ALF PACK"},"image":{"@id":"https:\/\/alfequipment.com\/#\/schema\/logo\/image\/"}}]}},"_links":{"self":[{"href":"https:\/\/alfequipment.com\/es\/wp-json\/wp\/v2\/product\/3251","targetHints":{"allow":["GET"]}}],"collection":[{"href":"https:\/\/alfequipment.com\/es\/wp-json\/wp\/v2\/product"}],"about":[{"href":"https:\/\/alfequipment.com\/es\/wp-json\/wp\/v2\/types\/product"}],"replies":[{"embeddable":true,"href":"https:\/\/alfequipment.com\/es\/wp-json\/wp\/v2\/comments?post=3251"}],"version-history":[{"count":0,"href":"https:\/\/alfequipment.com\/es\/wp-json\/wp\/v2\/product\/3251\/revisions"}],"wp:featuredmedia":[{"embeddable":true,"href":"https:\/\/alfequipment.com\/es\/wp-json\/wp\/v2\/media\/3252"}],"wp:attachment":[{"href":"https:\/\/alfequipment.com\/es\/wp-json\/wp\/v2\/media?parent=3251"}],"wp:term":[{"taxonomy":"product_brand","embeddable":true,"href":"https:\/\/alfequipment.com\/es\/wp-json\/wp\/v2\/product_brand?post=3251"},{"taxonomy":"product_cat","embeddable":true,"href":"https:\/\/alfequipment.com\/es\/wp-json\/wp\/v2\/product_cat?post=3251"},{"taxonomy":"product_tag","embeddable":true,"href":"https:\/\/alfequipment.com\/es\/wp-json\/wp\/v2\/product_tag?post=3251"}],"curies":[{"name":"wp","href":"https:\/\/api.w.org\/{rel}","templated":true}]}}