{"id":2896,"date":"2024-12-17T12:25:43","date_gmt":"2024-12-17T12:25:43","guid":{"rendered":"https:\/\/alfequipment.com\/product\/psf-650-800-1000-vertical-aluminium-foot-pedal-sealer-heat-plastic-bag-impulse-sealing-machine\/"},"modified":"2025-01-13T13:08:39","modified_gmt":"2025-01-13T13:08:39","slug":"psf-650-800-1000-scelleuse-verticale-a-pedale-en-aluminium-scelle-les-sacs-plastiques-par-impulsion","status":"publish","type":"product","link":"https:\/\/alfequipment.com\/fr\/product\/psf-650-800-1000-scelleuse-verticale-a-pedale-en-aluminium-scelle-les-sacs-plastiques-par-impulsion\/","title":{"rendered":"PSF-650\/800\/1000 Scelleuse verticale \u00e0 p\u00e9dale en aluminium Scelleuse de sacs plastiques \u00e0 chaud par impulsion"},"content":{"rendered":"<div id=\"ali-anchor-AliPostDhMb-pyn3o\" class=\"mceSectionContainer\" style=\"padding-top: 8px;\" data-section=\"AliPostDhMb-pyn3o\" data-section-title=\"Product Description\">\n<div style=\"padding: 10px;\">\n<p><span style=\"line-height: 18px; font-family: Verdana, Arial, Helvetica, sans-serif;\">La soudeuse verticale \u00e0 p\u00e9dale en aluminium PSF poss\u00e8de toutes les fonctions des autres soudeuses \u00e0 p\u00e9dale simples. Elle peut souder le poly\u00e9thyl\u00e8ne, le polypropyl\u00e8ne et les plastiques compos\u00e9s multicouches. Elle peut sceller le poly\u00e9thyl\u00e8ne, le polypropyl\u00e8ne et les plastiques compos\u00e9s multicouches. Elle peut \u00eatre utilis\u00e9e pour sceller les sacs en papier lorsqu'elle est chauff\u00e9e de haut en bas, en gagnant une grande efficacit\u00e9, et est irrempla\u00e7able par d'autres machines \u00e0 sceller.<\/span><\/p>\n<\/p><\/div>\n<\/div>\n<p>&nbsp;<\/p>\n<p><span style=\"font-size: 16px;\">Sp\u00e9cification :<\/span><\/p>\n<p>&nbsp;<\/p>\n<table class=\"aliDataTable\" style=\"width: 587.297px; height: 150px;\" border=\"0\" cellspacing=\"0\" cellpadding=\"0\">\n<tbody>\n<tr>\n<td style=\"width: 197px;\">\n<p>Mod\u00e8le<\/p>\n<\/td>\n<td style=\"width: 108px;\">\n<p><span style=\"color: #000000;\">PSF-350<\/span><\/p>\n<\/td>\n<td style=\"width: 108px;\">\n<p>PSF-450<\/p>\n<\/td>\n<td style=\"width: 69px;\">\n<p><span style=\"color: #ff0000;\">PSF-650<\/span><\/p>\n<\/td>\n<td style=\"width: 71px;\">\n<p><span style=\"color: #000000;\">PSF-800<\/span><\/p>\n<\/td>\n<td style=\"width: 76.2969px;\">PSF-1000<\/td>\n<\/tr>\n<tr>\n<td style=\"width: 197px;\">\n<p>tension<\/p>\n<\/td>\n<td style=\"width: 108px;\">\n<p><span style=\"color: #000000;\">1200W<\/span><\/p>\n<\/td>\n<td style=\"width: 108px;\">\n<p>1700W<\/p>\n<\/td>\n<td style=\"width: 69px;\">\n<p><span style=\"color: #ff0000;\">2100W<\/span><\/p>\n<\/td>\n<td style=\"width: 71px;\">\n<p><span style=\"color: #000000;\">2600W<\/span><\/p>\n<\/td>\n<td style=\"width: 76.2969px;\">3000W<\/td>\n<\/tr>\n<tr>\n<td style=\"width: 197px;\">\n<p>Longueur d'\u00e9tanch\u00e9it\u00e9<\/p>\n<\/td>\n<td style=\"width: 108px;\">\n<p><span style=\"color: #000000;\">350 mm<\/span><\/p>\n<\/td>\n<td style=\"width: 108px;\">\n<p>450mm<\/p>\n<\/td>\n<td style=\"width: 69px;\">\n<p><span style=\"color: #ff0000;\">650mm<\/span><\/p>\n<\/td>\n<td style=\"width: 71px;\">\n<p><span style=\"color: #000000;\">800mm<\/span><\/p>\n<\/td>\n<td style=\"width: 76.2969px;\">1000mm<\/td>\n<\/tr>\n<tr>\n<td style=\"width: 197px;\">\n<p>Largeur de scellement<\/p>\n<\/td>\n<td style=\"width: 432.297px;\" colspan=\"5\">\n<p style=\"text-align: center;\"><span style=\"color: #ff0000;\">8mm<\/span><\/p>\n<\/td>\n<\/tr>\n<tr>\n<td style=\"width: 197px;\">\n<p>Temps de chauffe<\/p>\n<\/td>\n<td style=\"width: 432.297px;\" colspan=\"5\">\n<p style=\"text-align: center;\"><span style=\"color: #ff0000;\">0.2-2s<\/span><\/p>\n<\/td>\n<\/tr>\n<tr>\n<td style=\"width: 197px;\">\n<p>Taille de l'emballage<\/p>\n<\/td>\n<td style=\"width: 432.297px;\" colspan=\"5\">\n<p style=\"text-align: center;\"><span style=\"color: #ff0000;\">800*530*250mm<\/span><\/p>\n<\/td>\n<\/tr>\n<tr>\n<td style=\"width: 197px;\">\n<p>Poids de la machine<\/p>\n<\/td>\n<td style=\"width: 108px;\">\n<p><span style=\"color: #000000;\">18kg<\/span><\/p>\n<\/td>\n<td style=\"width: 108px;\">\n<p>21 kg<\/p>\n<\/td>\n<td style=\"width: 69px;\">\n<p><span style=\"color: #ff0000;\">23 kg<\/span><\/p>\n<\/td>\n<td style=\"width: 71px;\">\n<p><span style=\"color: #000000;\">38 kg<\/span><\/p>\n<\/td>\n<td style=\"width: 76.2969px;\">32 kg<\/td>\n<\/tr>\n<\/tbody>\n<\/table>\n<p>&nbsp;<\/p>\n<p><img decoding=\"async\" src=\"https:\/\/sc04.alicdn.com\/kf\/Hcc2deb2e323546b0803da4fd50be1352m\/64496\/Hcc2deb2e323546b0803da4fd50be1352m.png\" data-alt=\"PSF-650\/800\/1000 Vertical Aluminium Foot Pedal Sealer Heat Plastic Bag Impulse Sealing Machine\" ori-width=\"376\" ori-height=\"351\" class=\"aligncenter\">&nbsp;<\/p>\n<p><img decoding=\"async\" src=\"https:\/\/sc04.alicdn.com\/kf\/Hf13815fdbbb341b88a527c87cdb4b4d1r\/64496\/Hf13815fdbbb341b88a527c87cdb4b4d1r.jpg\" data-alt=\"PSF-650\/800\/1000 Vertical Aluminium Foot Pedal Sealer Heat Plastic Bag Impulse Sealing Machine\" ori-width=\"456\" ori-height=\"436\" class=\"aligncenter\"><\/p>\n<p>&nbsp;<\/p>\n<p><img decoding=\"async\" src=\"https:\/\/sc04.alicdn.com\/kf\/Hb1b8ad1b199a46e797f9e7d843ee656fu\/64496\/Hb1b8ad1b199a46e797f9e7d843ee656fu.png\" data-alt=\"PSF-650\/800\/1000 Vertical Aluminium Foot Pedal Sealer Heat Plastic Bag Impulse Sealing Machine\" ori-width=\"1036\" ori-height=\"170\" class=\"aligncenter\"><\/p>\n<div id=\"ali-anchor-AliPostDhMb-1drew\" class=\"mceSectionContainer\" style=\"padding-top: 8px;\" data-section=\"AliPostDhMb-1drew\" data-section-title=\"Packaging &amp; Shipping\">\n<div id=\"ali-title-AliPostDhMb-1drew\" style=\"padding: 8px 0; border-bottom: 1px solid #ddd;\"><\/div>\n<\/div>","protected":false},"excerpt":{"rendered":"<p>Psf-650 Machine \u00e0 sceller verticale \u00e0 impulsion en aluminium Machine \u00e0 sceller thermique verticale \u00e0 p\u00e9dale en aluminium pour film plastique<\/p>","protected":false},"featured_media":2626,"comment_status":"closed","ping_status":"open","template":"","meta":[],"product_brand":[],"product_cat":[97],"product_tag":[],"class_list":{"0":"post-2896","1":"product","2":"type-product","3":"status-publish","4":"has-post-thumbnail","6":"product_cat-sealing-machines","8":"first","9":"instock","10":"sale","11":"purchasable","12":"product-type-simple"},"yoast_head":"<!-- This site is optimized with the Yoast SEO Premium plugin v20.9 (Yoast SEO v26.5) - https:\/\/yoast.com\/wordpress\/plugins\/seo\/ -->\n<title>PSF-650\/800\/1000 Vertical Aluminium Foot Pedal Sealer Heat Plastic Bag Impulse Sealing Machine - ALF PACK<\/title>\n<meta name=\"robots\" content=\"index, follow, max-snippet:-1, max-image-preview:large, max-video-preview:-1\" \/>\n<link rel=\"canonical\" href=\"https:\/\/alfequipment.com\/fr\/product\/psf-650-800-1000-scelleuse-verticale-a-pedale-en-aluminium-scelle-les-sacs-plastiques-par-impulsion\/\" \/>\n<meta property=\"og:locale\" content=\"fr_FR\" \/>\n<meta property=\"og:type\" content=\"article\" \/>\n<meta property=\"og:title\" content=\"PSF-650\/800\/1000 Vertical Aluminium Foot Pedal Sealer Heat Plastic Bag Impulse Sealing Machine\" \/>\n<meta property=\"og:description\" content=\"Psf-650 Vertical Aluminium Body Impulse Sealing Machine Vertical Aluminium Foot Pedal Thermal Sealing Machine For Plastic Film\" \/>\n<meta property=\"og:url\" content=\"https:\/\/alfequipment.com\/fr\/product\/psf-650-800-1000-scelleuse-verticale-a-pedale-en-aluminium-scelle-les-sacs-plastiques-par-impulsion\/\" \/>\n<meta property=\"og:site_name\" content=\"ALF PACK\" \/>\n<meta property=\"article:modified_time\" content=\"2025-01-13T13:08:39+00:00\" \/>\n<meta property=\"og:image\" content=\"https:\/\/alfequipment.com\/wp-content\/uploads\/2025\/01\/H2cd3163d47ae4cc79bff9cc6e78b8ca6A-scaled.jpg\" \/>\n\t<meta property=\"og:image:width\" content=\"2560\" \/>\n\t<meta property=\"og:image:height\" content=\"2560\" \/>\n\t<meta property=\"og:image:type\" content=\"image\/webp\" \/>\n<meta name=\"twitter:card\" content=\"summary_large_image\" \/>\n<script type=\"application\/ld+json\" class=\"yoast-schema-graph\">{\"@context\":\"https:\/\/schema.org\",\"@graph\":[{\"@type\":\"WebPage\",\"@id\":\"https:\/\/alfequipment.com\/product\/psf-650-800-1000-vertical-aluminium-foot-pedal-sealer-heat-plastic-bag-impulse-sealing-machine\/\",\"url\":\"https:\/\/alfequipment.com\/product\/psf-650-800-1000-vertical-aluminium-foot-pedal-sealer-heat-plastic-bag-impulse-sealing-machine\/\",\"name\":\"PSF-650\/800\/1000 Vertical Aluminium Foot Pedal Sealer Heat Plastic Bag Impulse Sealing Machine - ALF PACK\",\"isPartOf\":{\"@id\":\"https:\/\/alfequipment.com\/#website\"},\"primaryImageOfPage\":{\"@id\":\"https:\/\/alfequipment.com\/product\/psf-650-800-1000-vertical-aluminium-foot-pedal-sealer-heat-plastic-bag-impulse-sealing-machine\/#primaryimage\"},\"image\":{\"@id\":\"https:\/\/alfequipment.com\/product\/psf-650-800-1000-vertical-aluminium-foot-pedal-sealer-heat-plastic-bag-impulse-sealing-machine\/#primaryimage\"},\"thumbnailUrl\":\"https:\/\/alfequipment.com\/wp-content\/uploads\/2025\/01\/H2cd3163d47ae4cc79bff9cc6e78b8ca6A-scaled.jpg\",\"datePublished\":\"2024-12-17T12:25:43+00:00\",\"dateModified\":\"2025-01-13T13:08:39+00:00\",\"breadcrumb\":{\"@id\":\"https:\/\/alfequipment.com\/product\/psf-650-800-1000-vertical-aluminium-foot-pedal-sealer-heat-plastic-bag-impulse-sealing-machine\/#breadcrumb\"},\"inLanguage\":\"fr-FR\",\"potentialAction\":[{\"@type\":\"ReadAction\",\"target\":[\"https:\/\/alfequipment.com\/product\/psf-650-800-1000-vertical-aluminium-foot-pedal-sealer-heat-plastic-bag-impulse-sealing-machine\/\"]}]},{\"@type\":\"ImageObject\",\"inLanguage\":\"fr-FR\",\"@id\":\"https:\/\/alfequipment.com\/product\/psf-650-800-1000-vertical-aluminium-foot-pedal-sealer-heat-plastic-bag-impulse-sealing-machine\/#primaryimage\",\"url\":\"https:\/\/alfequipment.com\/wp-content\/uploads\/2025\/01\/H2cd3163d47ae4cc79bff9cc6e78b8ca6A-scaled.jpg\",\"contentUrl\":\"https:\/\/alfequipment.com\/wp-content\/uploads\/2025\/01\/H2cd3163d47ae4cc79bff9cc6e78b8ca6A-scaled.jpg\",\"width\":2560,\"height\":2560},{\"@type\":\"BreadcrumbList\",\"@id\":\"https:\/\/alfequipment.com\/product\/psf-650-800-1000-vertical-aluminium-foot-pedal-sealer-heat-plastic-bag-impulse-sealing-machine\/#breadcrumb\",\"itemListElement\":[{\"@type\":\"ListItem\",\"position\":1,\"name\":\"Home\",\"item\":\"https:\/\/alfequipment.com\/\"},{\"@type\":\"ListItem\",\"position\":2,\"name\":\"Shop\",\"item\":\"https:\/\/alfequipment.com\/shop\/\"},{\"@type\":\"ListItem\",\"position\":3,\"name\":\"PSF-650\/800\/1000 Vertical Aluminium Foot Pedal Sealer Heat Plastic Bag Impulse Sealing Machine\"}]},{\"@type\":\"WebSite\",\"@id\":\"https:\/\/alfequipment.com\/#website\",\"url\":\"https:\/\/alfequipment.com\/\",\"name\":\"ALF PACK\",\"description\":\"\",\"publisher\":{\"@id\":\"https:\/\/alfequipment.com\/#organization\"},\"potentialAction\":[{\"@type\":\"SearchAction\",\"target\":{\"@type\":\"EntryPoint\",\"urlTemplate\":\"https:\/\/alfequipment.com\/?s={search_term_string}\"},\"query-input\":{\"@type\":\"PropertyValueSpecification\",\"valueRequired\":true,\"valueName\":\"search_term_string\"}}],\"inLanguage\":\"fr-FR\"},{\"@type\":\"Organization\",\"@id\":\"https:\/\/alfequipment.com\/#organization\",\"name\":\"ALF PACK\",\"url\":\"https:\/\/alfequipment.com\/\",\"logo\":{\"@type\":\"ImageObject\",\"inLanguage\":\"fr-FR\",\"@id\":\"https:\/\/alfequipment.com\/#\/schema\/logo\/image\/\",\"url\":\"https:\/\/alfequipment.com\/wp-content\/uploads\/2024\/11\/ALFlogo-2.webp\",\"contentUrl\":\"https:\/\/alfequipment.com\/wp-content\/uploads\/2024\/11\/ALFlogo-2.webp\",\"width\":758,\"height\":750,\"caption\":\"ALF PACK\"},\"image\":{\"@id\":\"https:\/\/alfequipment.com\/#\/schema\/logo\/image\/\"}}]}<\/script>\n<!-- \/ Yoast SEO Premium plugin. -->","yoast_head_json":{"title":"PSF-650\/800\/1000 Scelleuse verticale \u00e0 p\u00e9dale en aluminium pour sacs plastiques - ALF PACK","robots":{"index":"index","follow":"follow","max-snippet":"max-snippet:-1","max-image-preview":"max-image-preview:large","max-video-preview":"max-video-preview:-1"},"canonical":"https:\/\/alfequipment.com\/fr\/product\/psf-650-800-1000-scelleuse-verticale-a-pedale-en-aluminium-scelle-les-sacs-plastiques-par-impulsion\/","og_locale":"fr_FR","og_type":"article","og_title":"PSF-650\/800\/1000 Vertical Aluminium Foot Pedal Sealer Heat Plastic Bag Impulse Sealing Machine","og_description":"Psf-650 Vertical Aluminium Body Impulse Sealing Machine Vertical Aluminium Foot Pedal Thermal Sealing Machine For Plastic Film","og_url":"https:\/\/alfequipment.com\/fr\/product\/psf-650-800-1000-scelleuse-verticale-a-pedale-en-aluminium-scelle-les-sacs-plastiques-par-impulsion\/","og_site_name":"ALF PACK","article_modified_time":"2025-01-13T13:08:39+00:00","og_image":[{"width":2560,"height":2560,"url":"https:\/\/alfequipment.com\/wp-content\/uploads\/2025\/01\/H2cd3163d47ae4cc79bff9cc6e78b8ca6A-scaled.jpg","type":"image\/webp"}],"twitter_card":"summary_large_image","schema":{"@context":"https:\/\/schema.org","@graph":[{"@type":"WebPage","@id":"https:\/\/alfequipment.com\/product\/psf-650-800-1000-vertical-aluminium-foot-pedal-sealer-heat-plastic-bag-impulse-sealing-machine\/","url":"https:\/\/alfequipment.com\/product\/psf-650-800-1000-vertical-aluminium-foot-pedal-sealer-heat-plastic-bag-impulse-sealing-machine\/","name":"PSF-650\/800\/1000 Scelleuse verticale \u00e0 p\u00e9dale en aluminium pour sacs plastiques - ALF PACK","isPartOf":{"@id":"https:\/\/alfequipment.com\/#website"},"primaryImageOfPage":{"@id":"https:\/\/alfequipment.com\/product\/psf-650-800-1000-vertical-aluminium-foot-pedal-sealer-heat-plastic-bag-impulse-sealing-machine\/#primaryimage"},"image":{"@id":"https:\/\/alfequipment.com\/product\/psf-650-800-1000-vertical-aluminium-foot-pedal-sealer-heat-plastic-bag-impulse-sealing-machine\/#primaryimage"},"thumbnailUrl":"https:\/\/alfequipment.com\/wp-content\/uploads\/2025\/01\/H2cd3163d47ae4cc79bff9cc6e78b8ca6A-scaled.jpg","datePublished":"2024-12-17T12:25:43+00:00","dateModified":"2025-01-13T13:08:39+00:00","breadcrumb":{"@id":"https:\/\/alfequipment.com\/product\/psf-650-800-1000-vertical-aluminium-foot-pedal-sealer-heat-plastic-bag-impulse-sealing-machine\/#breadcrumb"},"inLanguage":"fr-FR","potentialAction":[{"@type":"ReadAction","target":["https:\/\/alfequipment.com\/product\/psf-650-800-1000-vertical-aluminium-foot-pedal-sealer-heat-plastic-bag-impulse-sealing-machine\/"]}]},{"@type":"ImageObject","inLanguage":"fr-FR","@id":"https:\/\/alfequipment.com\/product\/psf-650-800-1000-vertical-aluminium-foot-pedal-sealer-heat-plastic-bag-impulse-sealing-machine\/#primaryimage","url":"https:\/\/alfequipment.com\/wp-content\/uploads\/2025\/01\/H2cd3163d47ae4cc79bff9cc6e78b8ca6A-scaled.jpg","contentUrl":"https:\/\/alfequipment.com\/wp-content\/uploads\/2025\/01\/H2cd3163d47ae4cc79bff9cc6e78b8ca6A-scaled.jpg","width":2560,"height":2560},{"@type":"BreadcrumbList","@id":"https:\/\/alfequipment.com\/product\/psf-650-800-1000-vertical-aluminium-foot-pedal-sealer-heat-plastic-bag-impulse-sealing-machine\/#breadcrumb","itemListElement":[{"@type":"ListItem","position":1,"name":"Home","item":"https:\/\/alfequipment.com\/"},{"@type":"ListItem","position":2,"name":"Shop","item":"https:\/\/alfequipment.com\/shop\/"},{"@type":"ListItem","position":3,"name":"PSF-650\/800\/1000 Vertical Aluminium Foot Pedal Sealer Heat Plastic Bag Impulse Sealing Machine"}]},{"@type":"WebSite","@id":"https:\/\/alfequipment.com\/#website","url":"https:\/\/alfequipment.com\/","name":"PACK ALF","description":"","publisher":{"@id":"https:\/\/alfequipment.com\/#organization"},"potentialAction":[{"@type":"SearchAction","target":{"@type":"EntryPoint","urlTemplate":"https:\/\/alfequipment.com\/?s={search_term_string}"},"query-input":{"@type":"PropertyValueSpecification","valueRequired":true,"valueName":"search_term_string"}}],"inLanguage":"fr-FR"},{"@type":"Organization","@id":"https:\/\/alfequipment.com\/#organization","name":"PACK ALF","url":"https:\/\/alfequipment.com\/","logo":{"@type":"ImageObject","inLanguage":"fr-FR","@id":"https:\/\/alfequipment.com\/#\/schema\/logo\/image\/","url":"https:\/\/alfequipment.com\/wp-content\/uploads\/2024\/11\/ALFlogo-2.webp","contentUrl":"https:\/\/alfequipment.com\/wp-content\/uploads\/2024\/11\/ALFlogo-2.webp","width":758,"height":750,"caption":"ALF PACK"},"image":{"@id":"https:\/\/alfequipment.com\/#\/schema\/logo\/image\/"}}]}},"_links":{"self":[{"href":"https:\/\/alfequipment.com\/fr\/wp-json\/wp\/v2\/product\/2896","targetHints":{"allow":["GET"]}}],"collection":[{"href":"https:\/\/alfequipment.com\/fr\/wp-json\/wp\/v2\/product"}],"about":[{"href":"https:\/\/alfequipment.com\/fr\/wp-json\/wp\/v2\/types\/product"}],"replies":[{"embeddable":true,"href":"https:\/\/alfequipment.com\/fr\/wp-json\/wp\/v2\/comments?post=2896"}],"version-history":[{"count":0,"href":"https:\/\/alfequipment.com\/fr\/wp-json\/wp\/v2\/product\/2896\/revisions"}],"wp:featuredmedia":[{"embeddable":true,"href":"https:\/\/alfequipment.com\/fr\/wp-json\/wp\/v2\/media\/2626"}],"wp:attachment":[{"href":"https:\/\/alfequipment.com\/fr\/wp-json\/wp\/v2\/media?parent=2896"}],"wp:term":[{"taxonomy":"product_brand","embeddable":true,"href":"https:\/\/alfequipment.com\/fr\/wp-json\/wp\/v2\/product_brand?post=2896"},{"taxonomy":"product_cat","embeddable":true,"href":"https:\/\/alfequipment.com\/fr\/wp-json\/wp\/v2\/product_cat?post=2896"},{"taxonomy":"product_tag","embeddable":true,"href":"https:\/\/alfequipment.com\/fr\/wp-json\/wp\/v2\/product_tag?post=2896"}],"curies":[{"name":"wp","href":"https:\/\/api.w.org\/{rel}","templated":true}]}}