{"id":2898,"date":"2024-12-19T08:44:41","date_gmt":"2024-12-19T08:44:41","guid":{"rendered":"https:\/\/alfequipment.com\/product\/fxc4030x-automatic-small-box-carton-taping-sealing-packing-machine-carton-case-sealer\/"},"modified":"2025-01-13T14:43:05","modified_gmt":"2025-01-13T14:43:05","slug":"fxc4030x-machine-automatique-a-sceller-les-boites-en-carton","status":"publish","type":"product","link":"https:\/\/alfequipment.com\/fr\/product\/fxc4030x-machine-automatique-a-sceller-les-boites-en-carton\/","title":{"rendered":"FXC4030X Machine automatique \u00e0 sceller les bo\u00eetes en carton"},"content":{"rendered":"<div data-magic-global=\"%7B%22bizId%22%3A17179933680%2C%22pageId%22%3A5021785821%2C%22siteId%22%3A5005331025%7D\" id=\"detail_decorate_root\">\n<div module-id=\"5549194006\" module-title=\"detailProductNavigation\" render=\"true\" class=\"J_module\">\n<div id=\"ali-anchor-AliMagic-3nxyrm\" data-section=\"AliMagic-3nxyrm\" data-section-title=\"Product Description\" class=\"magic-0\">\n   Description du produit\n  <\/div>\n<\/p><\/div>\n<div module-id=\"5549194007\" module-title=\"detailTextWithTitle\" render=\"true\" class=\"J_module\">\n<div class=\"detail-decorate-json-renderer-container\">\n<div class=\"magic-1\">\n<h3 class=\"magic-2\"><\/h3>\n<h3 class=\"magic-3\">R\u00e9sum\u00e9 :<br \/><\/h3>\n<div class=\"magic-4\">\n<div class=\"magic-5\">\n<div class=\"magic-6\">\n<p class=\"magic-7\">1. la machine \u00e0 sceller les bo\u00eetes en carton FXC4030X est principalement utilis\u00e9e pour sceller et emballer les bo\u00eetes, et peut \u00eatre utilis\u00e9e de mani\u00e8re ind\u00e9pendante ou comme partie int\u00e9grante d'une ligne de production.<\/p>\n<p class=\"magic-7\">2. la bande transporteuse est mont\u00e9e \u00e0 gauche et \u00e0 droite.<\/p>\n<p class=\"magic-7\"><\/p>\n<p class=\"magic-7\">3. le carton est transmis par les deux c\u00f4t\u00e9s des bandes transporteuses.<\/p>\n<p class=\"magic-7\">4. r\u00e9gler manuellement la hauteur et la largeur de scellage en fonction de la taille du carton, puis placer le carton sur la table de travail, et le carton sera transmis et scell\u00e9 avec du ruban adh\u00e9sif automatiquement en m\u00eame temps.<\/p>\n<p class=\"magic-7\"><\/p>\n<p class=\"magic-7\">5. Il est disponible pour les bo\u00eetes en carton de petite taille.<\/p>\n<\/p><\/div>\n<\/p><\/div>\n<\/p><\/div>\n<\/p><\/div>\n<\/p><\/div>\n<\/p><\/div>\n<div module-id=\"5549194008\" module-title=\"detailTableHightLight\" render=\"true\" class=\"J_module\">\n<div class=\"ife-detail-decorate-table\">\n<table class=\"all magic-8\">\n<tbody>\n<tr>\n<td>\n<div class=\"magic-9\">\n        Mod\u00e8le\n       <\/div>\n<\/td>\n<td>\n<div class=\"magic-10\">\n        FXC4030X\n       <\/div>\n<\/td>\n<\/tr>\n<tr>\n<td>\n<div class=\"magic-9\">\n        Source d'alimentation\n       <\/div>\n<\/td>\n<td>\n<div class=\"magic-10\">\n        220\/110V 50\/60HZ 240W\n       <\/div>\n<\/td>\n<\/tr>\n<tr>\n<td>\n<div class=\"magic-9\">\n        Capacit\u00e9 d'\u00e9tanch\u00e9it\u00e9\n       <\/div>\n<\/td>\n<td>\n<div class=\"magic-10\">\n        1000pcs (taille standard) par heure\n       <\/div>\n<\/td>\n<\/tr>\n<tr>\n<td>\n<div class=\"magic-9\">\n        Largeur de la bande\n       <\/div>\n<\/td>\n<td>\n<div class=\"magic-10\">\n        30, 45, 48mm (recommand\u00e9 45mm)\n       <\/div>\n<\/td>\n<\/tr>\n<tr>\n<td>\n<div class=\"magic-9\">\n        Mode de transmission\n       <\/div>\n<\/td>\n<td>\n<div class=\"magic-10\">\n        M\u00e9canisme de transmission gauche-droite\n       <\/div>\n<\/td>\n<\/tr>\n<tr>\n<td>\n<div class=\"magic-9\">\n        Taille maximale de la caisse\n       <\/div>\n<\/td>\n<td>\n<div class=\"magic-10\">\n        300\u00d7400 mm (L\u00d7H)\n       <\/div>\n<\/td>\n<\/tr>\n<tr>\n<td>\n<div class=\"magic-9\">\n        Taille minimale de l'\u00e9tui\n       <\/div>\n<\/td>\n<td>\n<div class=\"magic-10\">\n        80\u00d790 mm (L\u00d7H)\n       <\/div>\n<\/td>\n<\/tr>\n<tr>\n<td>\n<div class=\"magic-9\">\n        Taille totale\n       <\/div>\n<\/td>\n<td>\n<div class=\"magic-10\">\n        1569*643*1662 mm (L\u00d7L\u00d7H)\n       <\/div>\n<\/td>\n<\/tr>\n<tr>\n<td>\n<div class=\"magic-9\">\n        Poids\n       <\/div>\n<\/td>\n<td>\n<div class=\"magic-10\">\n        100 Kg\n       <\/div>\n<\/td>\n<\/tr>\n<\/tbody>\n<\/table><\/div>\n<\/p><\/div>\n<div module-id=\"5549194009\" module-title=\"detailSingleImage\" render=\"true\" class=\"J_module\">\n<div class=\"icbu-pc-images magic-11\">\n<div>\n<div class=\"flex-layout-v\">\n<div class=\"flex-layout-h magic-11\">\n<div class=\"magic-12\">\n       <img decoding=\"async\" src=\"https:\/\/sc02.alicdn.com\/kf\/HTB11yjnacfrK1RjSszcq6xGGFXaP\/64496\/HTB11yjnacfrK1RjSszcq6xGGFXaP.jpg\" class=\"aligncenter\">\n      <\/div>\n<\/p><\/div>\n<\/p><\/div>\n<\/p><\/div>\n<\/p><\/div>\n<\/p><\/div>\n<div module-id=\"5549194010\" module-title=\"detailVerticalImages\" render=\"true\" class=\"J_module\">\n<div class=\"icbu-pc-images magic-11\">\n<div>\n<div class=\"flex-layout-v\">\n<div class=\"magic-14\">\n      <img decoding=\"async\" src=\"https:\/\/sc01.alicdn.com\/kf\/HTB1QhLracfrK1RkSnb4q6xHRFXaK\/64496\/HTB1QhLracfrK1RkSnb4q6xHRFXaK.jpg\" class=\"aligncenter\">\n     <\/div>\n<div class=\"flex-layout-h magic-11\">\n<div class=\"magic-16\">\n       <img decoding=\"async\" src=\"https:\/\/sc01.alicdn.com\/kf\/HTB1nS_maXzsK1Rjy1Xbq6xOaFXa6\/64496\/HTB1nS_maXzsK1Rjy1Xbq6xOaFXa6.jpg\" class=\"aligncenter\">\n      <\/div>\n<div class=\"magic-18\">\n       <img decoding=\"async\" src=\"https:\/\/sc02.alicdn.com\/kf\/HTB1zE2raizxK1RjSspjq6AS.pXay\/64496\/HTB1zE2raizxK1RjSspjq6AS.pXay.jpg\" class=\"aligncenter\">\n      <\/div>\n<\/p><\/div>\n<\/p><\/div>\n<\/p><\/div>\n<\/p><\/div>\n<\/p><\/div>\n<div module-id=\"5549194011\" module-title=\"detailSingleImage\" render=\"true\" class=\"J_module\">\n<div class=\"icbu-pc-images magic-11\">\n<div>\n<div class=\"flex-layout-v\">\n<div class=\"flex-layout-h magic-11\">\n<div class=\"magic-20\">\n       <img decoding=\"async\" src=\"https:\/\/sc01.alicdn.com\/kf\/HTB1fKYsadzvK1RkSnfoq6zMwVXaj\/64496\/HTB1fKYsadzvK1RkSnfoq6zMwVXaj.jpg\" class=\"aligncenter\">\n      <\/div>\n<\/p><\/div>\n<\/p><\/div>\n<\/p><\/div>\n<\/p><\/div>\n<\/p><\/div>\n<\/div>","protected":false},"excerpt":{"rendered":"<p>Machine \u00e0 sceller les bo\u00eetes en carton avec convoyeur \u00e0 bande lat\u00e9ral<\/p>","protected":false},"featured_media":2630,"comment_status":"closed","ping_status":"open","template":"","meta":[],"product_brand":[],"product_cat":[116,97],"product_tag":[],"class_list":{"0":"post-2898","1":"product","2":"type-product","3":"status-publish","4":"has-post-thumbnail","6":"product_cat-carton-sealing-machine","7":"product_cat-sealing-machines","9":"first","10":"instock","11":"sale","12":"purchasable","13":"product-type-simple"},"yoast_head":"<!-- This site is optimized with the Yoast SEO Premium plugin v20.9 (Yoast SEO v26.5) - https:\/\/yoast.com\/wordpress\/plugins\/seo\/ -->\n<title>FXC4030X Automatic Small Box Carton Taping Sealing Packing Machine Carton Case Sealer - ALF PACK<\/title>\n<meta name=\"robots\" content=\"index, follow, max-snippet:-1, max-image-preview:large, max-video-preview:-1\" \/>\n<link rel=\"canonical\" href=\"https:\/\/alfequipment.com\/fr\/product\/fxc4030x-machine-automatique-a-sceller-les-boites-en-carton\/\" \/>\n<meta property=\"og:locale\" content=\"fr_FR\" \/>\n<meta property=\"og:type\" content=\"article\" \/>\n<meta property=\"og:title\" content=\"FXC4030X Automatic Small Box Carton Taping Sealing Packing Machine Carton Case Sealer\" \/>\n<meta property=\"og:description\" content=\"Small Box Carton Box Sealing Machine With Side Belt Conveyor\" \/>\n<meta property=\"og:url\" content=\"https:\/\/alfequipment.com\/fr\/product\/fxc4030x-machine-automatique-a-sceller-les-boites-en-carton\/\" \/>\n<meta property=\"og:site_name\" content=\"ALF PACK\" \/>\n<meta property=\"article:modified_time\" content=\"2025-01-13T14:43:05+00:00\" \/>\n<meta property=\"og:image\" content=\"https:\/\/alfequipment.com\/wp-content\/uploads\/2025\/01\/FXC4030X-Automatic-Small-Box-Carton-Taping-Sealing.jpg\" \/>\n\t<meta property=\"og:image:width\" content=\"800\" \/>\n\t<meta property=\"og:image:height\" content=\"800\" \/>\n\t<meta property=\"og:image:type\" content=\"image\/webp\" \/>\n<meta name=\"twitter:card\" content=\"summary_large_image\" \/>\n<meta name=\"twitter:label1\" content=\"Dur\u00e9e de lecture estim\u00e9e\" \/>\n\t<meta name=\"twitter:data1\" content=\"1 minute\" \/>\n<script type=\"application\/ld+json\" class=\"yoast-schema-graph\">{\"@context\":\"https:\/\/schema.org\",\"@graph\":[{\"@type\":\"WebPage\",\"@id\":\"https:\/\/alfequipment.com\/product\/fxc4030x-automatic-small-box-carton-taping-sealing-packing-machine-carton-case-sealer\/\",\"url\":\"https:\/\/alfequipment.com\/product\/fxc4030x-automatic-small-box-carton-taping-sealing-packing-machine-carton-case-sealer\/\",\"name\":\"FXC4030X Automatic Small Box Carton Taping Sealing Packing Machine Carton Case Sealer - ALF PACK\",\"isPartOf\":{\"@id\":\"https:\/\/alfequipment.com\/#website\"},\"primaryImageOfPage\":{\"@id\":\"https:\/\/alfequipment.com\/product\/fxc4030x-automatic-small-box-carton-taping-sealing-packing-machine-carton-case-sealer\/#primaryimage\"},\"image\":{\"@id\":\"https:\/\/alfequipment.com\/product\/fxc4030x-automatic-small-box-carton-taping-sealing-packing-machine-carton-case-sealer\/#primaryimage\"},\"thumbnailUrl\":\"https:\/\/alfequipment.com\/wp-content\/uploads\/2025\/01\/FXC4030X-Automatic-Small-Box-Carton-Taping-Sealing.jpg\",\"datePublished\":\"2024-12-19T08:44:41+00:00\",\"dateModified\":\"2025-01-13T14:43:05+00:00\",\"breadcrumb\":{\"@id\":\"https:\/\/alfequipment.com\/product\/fxc4030x-automatic-small-box-carton-taping-sealing-packing-machine-carton-case-sealer\/#breadcrumb\"},\"inLanguage\":\"fr-FR\",\"potentialAction\":[{\"@type\":\"ReadAction\",\"target\":[\"https:\/\/alfequipment.com\/product\/fxc4030x-automatic-small-box-carton-taping-sealing-packing-machine-carton-case-sealer\/\"]}]},{\"@type\":\"ImageObject\",\"inLanguage\":\"fr-FR\",\"@id\":\"https:\/\/alfequipment.com\/product\/fxc4030x-automatic-small-box-carton-taping-sealing-packing-machine-carton-case-sealer\/#primaryimage\",\"url\":\"https:\/\/alfequipment.com\/wp-content\/uploads\/2025\/01\/FXC4030X-Automatic-Small-Box-Carton-Taping-Sealing.jpg\",\"contentUrl\":\"https:\/\/alfequipment.com\/wp-content\/uploads\/2025\/01\/FXC4030X-Automatic-Small-Box-Carton-Taping-Sealing.jpg\",\"width\":800,\"height\":800},{\"@type\":\"BreadcrumbList\",\"@id\":\"https:\/\/alfequipment.com\/product\/fxc4030x-automatic-small-box-carton-taping-sealing-packing-machine-carton-case-sealer\/#breadcrumb\",\"itemListElement\":[{\"@type\":\"ListItem\",\"position\":1,\"name\":\"Home\",\"item\":\"https:\/\/alfequipment.com\/\"},{\"@type\":\"ListItem\",\"position\":2,\"name\":\"Shop\",\"item\":\"https:\/\/alfequipment.com\/shop\/\"},{\"@type\":\"ListItem\",\"position\":3,\"name\":\"FXC4030X Automatic Small Box Carton Taping Sealing Packing Machine Carton Case Sealer\"}]},{\"@type\":\"WebSite\",\"@id\":\"https:\/\/alfequipment.com\/#website\",\"url\":\"https:\/\/alfequipment.com\/\",\"name\":\"ALF PACK\",\"description\":\"\",\"publisher\":{\"@id\":\"https:\/\/alfequipment.com\/#organization\"},\"potentialAction\":[{\"@type\":\"SearchAction\",\"target\":{\"@type\":\"EntryPoint\",\"urlTemplate\":\"https:\/\/alfequipment.com\/?s={search_term_string}\"},\"query-input\":{\"@type\":\"PropertyValueSpecification\",\"valueRequired\":true,\"valueName\":\"search_term_string\"}}],\"inLanguage\":\"fr-FR\"},{\"@type\":\"Organization\",\"@id\":\"https:\/\/alfequipment.com\/#organization\",\"name\":\"ALF PACK\",\"url\":\"https:\/\/alfequipment.com\/\",\"logo\":{\"@type\":\"ImageObject\",\"inLanguage\":\"fr-FR\",\"@id\":\"https:\/\/alfequipment.com\/#\/schema\/logo\/image\/\",\"url\":\"https:\/\/alfequipment.com\/wp-content\/uploads\/2024\/11\/ALFlogo-2.webp\",\"contentUrl\":\"https:\/\/alfequipment.com\/wp-content\/uploads\/2024\/11\/ALFlogo-2.webp\",\"width\":758,\"height\":750,\"caption\":\"ALF PACK\"},\"image\":{\"@id\":\"https:\/\/alfequipment.com\/#\/schema\/logo\/image\/\"}}]}<\/script>\n<!-- \/ Yoast SEO Premium plugin. -->","yoast_head_json":{"title":"FXC4030X Machine automatique \u00e0 fermer les bo\u00eetes en carton - ALF PACK","robots":{"index":"index","follow":"follow","max-snippet":"max-snippet:-1","max-image-preview":"max-image-preview:large","max-video-preview":"max-video-preview:-1"},"canonical":"https:\/\/alfequipment.com\/fr\/product\/fxc4030x-machine-automatique-a-sceller-les-boites-en-carton\/","og_locale":"fr_FR","og_type":"article","og_title":"FXC4030X Automatic Small Box Carton Taping Sealing Packing Machine Carton Case Sealer","og_description":"Small Box Carton Box Sealing Machine With Side Belt Conveyor","og_url":"https:\/\/alfequipment.com\/fr\/product\/fxc4030x-machine-automatique-a-sceller-les-boites-en-carton\/","og_site_name":"ALF PACK","article_modified_time":"2025-01-13T14:43:05+00:00","og_image":[{"width":800,"height":800,"url":"https:\/\/alfequipment.com\/wp-content\/uploads\/2025\/01\/FXC4030X-Automatic-Small-Box-Carton-Taping-Sealing.jpg","type":"image\/webp"}],"twitter_card":"summary_large_image","twitter_misc":{"Dur\u00e9e de lecture estim\u00e9e":"1 minute"},"schema":{"@context":"https:\/\/schema.org","@graph":[{"@type":"WebPage","@id":"https:\/\/alfequipment.com\/product\/fxc4030x-automatic-small-box-carton-taping-sealing-packing-machine-carton-case-sealer\/","url":"https:\/\/alfequipment.com\/product\/fxc4030x-automatic-small-box-carton-taping-sealing-packing-machine-carton-case-sealer\/","name":"FXC4030X Machine automatique \u00e0 fermer les bo\u00eetes en carton - ALF PACK","isPartOf":{"@id":"https:\/\/alfequipment.com\/#website"},"primaryImageOfPage":{"@id":"https:\/\/alfequipment.com\/product\/fxc4030x-automatic-small-box-carton-taping-sealing-packing-machine-carton-case-sealer\/#primaryimage"},"image":{"@id":"https:\/\/alfequipment.com\/product\/fxc4030x-automatic-small-box-carton-taping-sealing-packing-machine-carton-case-sealer\/#primaryimage"},"thumbnailUrl":"https:\/\/alfequipment.com\/wp-content\/uploads\/2025\/01\/FXC4030X-Automatic-Small-Box-Carton-Taping-Sealing.jpg","datePublished":"2024-12-19T08:44:41+00:00","dateModified":"2025-01-13T14:43:05+00:00","breadcrumb":{"@id":"https:\/\/alfequipment.com\/product\/fxc4030x-automatic-small-box-carton-taping-sealing-packing-machine-carton-case-sealer\/#breadcrumb"},"inLanguage":"fr-FR","potentialAction":[{"@type":"ReadAction","target":["https:\/\/alfequipment.com\/product\/fxc4030x-automatic-small-box-carton-taping-sealing-packing-machine-carton-case-sealer\/"]}]},{"@type":"ImageObject","inLanguage":"fr-FR","@id":"https:\/\/alfequipment.com\/product\/fxc4030x-automatic-small-box-carton-taping-sealing-packing-machine-carton-case-sealer\/#primaryimage","url":"https:\/\/alfequipment.com\/wp-content\/uploads\/2025\/01\/FXC4030X-Automatic-Small-Box-Carton-Taping-Sealing.jpg","contentUrl":"https:\/\/alfequipment.com\/wp-content\/uploads\/2025\/01\/FXC4030X-Automatic-Small-Box-Carton-Taping-Sealing.jpg","width":800,"height":800},{"@type":"BreadcrumbList","@id":"https:\/\/alfequipment.com\/product\/fxc4030x-automatic-small-box-carton-taping-sealing-packing-machine-carton-case-sealer\/#breadcrumb","itemListElement":[{"@type":"ListItem","position":1,"name":"Home","item":"https:\/\/alfequipment.com\/"},{"@type":"ListItem","position":2,"name":"Shop","item":"https:\/\/alfequipment.com\/shop\/"},{"@type":"ListItem","position":3,"name":"FXC4030X Automatic Small Box Carton Taping Sealing Packing Machine Carton Case Sealer"}]},{"@type":"WebSite","@id":"https:\/\/alfequipment.com\/#website","url":"https:\/\/alfequipment.com\/","name":"PACK ALF","description":"","publisher":{"@id":"https:\/\/alfequipment.com\/#organization"},"potentialAction":[{"@type":"SearchAction","target":{"@type":"EntryPoint","urlTemplate":"https:\/\/alfequipment.com\/?s={search_term_string}"},"query-input":{"@type":"PropertyValueSpecification","valueRequired":true,"valueName":"search_term_string"}}],"inLanguage":"fr-FR"},{"@type":"Organization","@id":"https:\/\/alfequipment.com\/#organization","name":"PACK ALF","url":"https:\/\/alfequipment.com\/","logo":{"@type":"ImageObject","inLanguage":"fr-FR","@id":"https:\/\/alfequipment.com\/#\/schema\/logo\/image\/","url":"https:\/\/alfequipment.com\/wp-content\/uploads\/2024\/11\/ALFlogo-2.webp","contentUrl":"https:\/\/alfequipment.com\/wp-content\/uploads\/2024\/11\/ALFlogo-2.webp","width":758,"height":750,"caption":"ALF PACK"},"image":{"@id":"https:\/\/alfequipment.com\/#\/schema\/logo\/image\/"}}]}},"_links":{"self":[{"href":"https:\/\/alfequipment.com\/fr\/wp-json\/wp\/v2\/product\/2898","targetHints":{"allow":["GET"]}}],"collection":[{"href":"https:\/\/alfequipment.com\/fr\/wp-json\/wp\/v2\/product"}],"about":[{"href":"https:\/\/alfequipment.com\/fr\/wp-json\/wp\/v2\/types\/product"}],"replies":[{"embeddable":true,"href":"https:\/\/alfequipment.com\/fr\/wp-json\/wp\/v2\/comments?post=2898"}],"version-history":[{"count":0,"href":"https:\/\/alfequipment.com\/fr\/wp-json\/wp\/v2\/product\/2898\/revisions"}],"wp:featuredmedia":[{"embeddable":true,"href":"https:\/\/alfequipment.com\/fr\/wp-json\/wp\/v2\/media\/2630"}],"wp:attachment":[{"href":"https:\/\/alfequipment.com\/fr\/wp-json\/wp\/v2\/media?parent=2898"}],"wp:term":[{"taxonomy":"product_brand","embeddable":true,"href":"https:\/\/alfequipment.com\/fr\/wp-json\/wp\/v2\/product_brand?post=2898"},{"taxonomy":"product_cat","embeddable":true,"href":"https:\/\/alfequipment.com\/fr\/wp-json\/wp\/v2\/product_cat?post=2898"},{"taxonomy":"product_tag","embeddable":true,"href":"https:\/\/alfequipment.com\/fr\/wp-json\/wp\/v2\/product_tag?post=2898"}],"curies":[{"name":"wp","href":"https:\/\/api.w.org\/{rel}","templated":true}]}}