{"id":2909,"date":"2024-12-25T15:34:04","date_gmt":"2024-12-25T15:34:04","guid":{"rendered":"https:\/\/alfequipment.com\/product\/dql6560peg-automatic-wrapping-machine-vertical-type-l-bar-sealing-and-cutting-machine\/"},"modified":"2025-01-13T13:08:46","modified_gmt":"2025-01-13T13:08:46","slug":"dql6560peg-machine-demballage-automatique-scelleuse-et-coupeuse-de-barres-en-l-de-type-vertical","status":"publish","type":"product","link":"https:\/\/alfequipment.com\/fr\/product\/dql6560peg-machine-demballage-automatique-scelleuse-et-coupeuse-de-barres-en-l-de-type-vertical\/","title":{"rendered":"DQL6560PEG Machine d'emballage automatique Machine \u00e0 sceller et \u00e0 couper les barres verticales en L"},"content":{"rendered":"<div data-magic-global=\"%7B%22bizId%22%3A17179933680%2C%22pageId%22%3A21272320457%2C%22siteId%22%3A5005331025%7D\" id=\"detail_decorate_root\">\n<div module-id=\"35052554831\" module-title=\"detailProductNavigation\" render=\"true\" class=\"J_module\">\n<div id=\"ali-anchor-AliMagic-g61xh6\" data-section=\"AliMagic-g61xh6\" data-section-title=\"Product Description\" class=\"magic-0\">1. Le couteau de scellage adopte un alliage de cuivre pulv\u00e9ris\u00e9 avec du T\u00e9flon, il ne colle pas au film, le scelle rapidement, sans fum\u00e9e, sans pollution. Les couteaux de scellage horizontaux et verticaux adoptent une connexion compl\u00e8te sans espace, le film ne se casse pas. Le cadre de scellage adopte un alliage d'acier de haute qualit\u00e9, la qualit\u00e9 de scellage est stable, le cadre est difficile \u00e0 endommager.<\/div>\n<\/div>\n<div module-id=\"35052554832\" module-title=\"detailTextWithTitle\" render=\"true\" class=\"J_module\">\n<div class=\"detail-decorate-json-renderer-container\">\n<div class=\"magic-1\">\n<div class=\"magic-4\">\n<div class=\"magic-5\">\n<div class=\"magic-6\">\n<p class=\"magic-7\">2. La banderoleuse est dot\u00e9e d'un syst\u00e8me enti\u00e8rement automatique, elle est \u00e9quip\u00e9e de capteurs et peut fonctionner automatiquement \u00e0 grande vitesse.<\/p>\n<p>3. Cette machine \u00e0 sceller et \u00e0 d\u00e9couper est facile \u00e0 ajuster en fonction de la taille des produits, il suffit d'ajuster la roue de la poign\u00e9e pour l'atteindre, l'op\u00e9ration est facile.<\/p>\n<p>4. Il peut \u00eatre connect\u00e9 \u00e0 la ligne de production.<\/p>\n<p>5. Il est dot\u00e9 d'une fonction de protection qui permet d'\u00e9viter une mauvaise fermeture du produit et d'assurer la s\u00e9curit\u00e9 de l'op\u00e9rateur.<\/p>\n<p>Application :<br \/>Cette machine est largement utilis\u00e9e dans les secteurs de l'alimentation, des boissons, de l'imprimerie, de la pharmacie, des sols et de la quincaillerie, <span>bo\u00eete \u00e0 chaussures et autres <span>Produits \u00e9lectriques pour entreprises<\/span><\/span>. Il convient aux mat\u00e9riaux d'emballage en PE.<\/p>\n<\/p><\/div>\n<\/p><\/div>\n<\/p><\/div>\n<\/p><\/div>\n<\/p><\/div>\n<\/p><\/div>\n<div module-id=\"35052554833\" module-title=\"detailTableHightLight\" render=\"true\" class=\"J_module\">\n<div class=\"ife-detail-decorate-table\">\n<table class=\"all magic-8\">\n<tbody>\n<tr>\n<td colspan=\"1\" rowspan=\"1\">\n<div class=\"magic-9\">\n        Mod\u00e8le\n       <\/div>\n<\/td>\n<td colspan=\"1\" rowspan=\"1\">\n<div class=\"magic-10\">\n        DQL6560PEG\n       <\/div>\n<\/td>\n<\/tr>\n<tr>\n<td colspan=\"1\" rowspan=\"1\">\n<div class=\"magic-9\">\n        Taille maximale de l'emballage (\u00e3)\n       <\/div>\n<\/td>\n<td colspan=\"1\" rowspan=\"1\">\n<div class=\"magic-10\">\n        L+2H\u2264650, W+2H\u2264550, H\u2264220\n       <\/div>\n<\/td>\n<\/tr>\n<tr>\n<td colspan=\"1\" rowspan=\"1\">\n<div class=\"magic-9\">\n        Taille maximale d'\u00e9tanch\u00e9it\u00e9 (\u00e3)\n       <\/div>\n<\/td>\n<td colspan=\"1\" rowspan=\"1\">\n<div class=\"magic-10\">\n        L650\u00d7W600\n       <\/div>\n<\/td>\n<\/tr>\n<tr>\n<td colspan=\"1\" rowspan=\"1\">\n<div class=\"magic-9\">\n        Puissance (KW)\n       <\/div>\n<\/td>\n<td colspan=\"1\" rowspan=\"1\">\n<div class=\"magic-10\">\n        2.2\n       <\/div>\n<\/td>\n<\/tr>\n<tr>\n<td colspan=\"1\" rowspan=\"1\">\n<div class=\"magic-9\">\n        Capacit\u00e9\n       <\/div>\n<\/td>\n<td colspan=\"1\" rowspan=\"1\">\n<div class=\"magic-10\">\n        0-30 pcs\/min\n       <\/div>\n<\/td>\n<\/tr>\n<tr>\n<td colspan=\"1\" rowspan=\"1\">\n<div class=\"magic-9\">\n        Tension\n       <\/div>\n<\/td>\n<td colspan=\"1\" rowspan=\"1\">\n<div class=\"magic-10\">\n        220V 50\/60HZ\n       <\/div>\n<\/td>\n<\/tr>\n<tr>\n<td colspan=\"1\" rowspan=\"1\">\n<div class=\"magic-9\">\n        Temp\u00e9rature de scellement\n       <\/div>\n<\/td>\n<td colspan=\"1\" rowspan=\"1\">\n<div class=\"magic-10\">\n        115\u00e2-150\u00e2 en fonction de l'\u00e9paisseur du film et de la temp\u00e9rature ambiante\n       <\/div>\n<\/td>\n<\/tr>\n<tr>\n<td colspan=\"1\" rowspan=\"1\">\n<div class=\"magic-9\">\n        Pression atmosph\u00e9rique (Kg\/cm2) )\n       <\/div>\n<\/td>\n<td colspan=\"1\" rowspan=\"1\">\n<div class=\"magic-10\">\n        5-6\n       <\/div>\n<\/td>\n<\/tr>\n<tr>\n<td colspan=\"1\" rowspan=\"1\">\n<div class=\"magic-9\">\n        Mat\u00e9riau d'emballage\n       <\/div>\n<\/td>\n<td colspan=\"1\" rowspan=\"1\">\n<div class=\"magic-10\">\n        PE\n       <\/div>\n<\/td>\n<\/tr>\n<tr>\n<td colspan=\"1\" rowspan=\"1\">\n<div class=\"magic-9\">\n        Poids de la machine (\u00e3)\n       <\/div>\n<\/td>\n<td colspan=\"1\" rowspan=\"1\">\n<div class=\"magic-10\">\n        840\n       <\/div>\n<\/td>\n<\/tr>\n<tr>\n<td colspan=\"1\" rowspan=\"1\">\n<div class=\"magic-9\">\n        Taille de la machine (\u00e3)\n       <\/div>\n<\/td>\n<td colspan=\"1\" rowspan=\"1\">\n<div class=\"magic-10\">\n        L2064\u00d7W1650\u00d7H1330\n       <\/div>\n<\/td>\n<\/tr>\n<\/tbody>\n<\/table><\/div>\n<\/p><\/div>\n<div module-id=\"35052554834\" module-title=\"detailSingleImage\" render=\"true\" class=\"J_module\">\n<div class=\"icbu-pc-images magic-11\">\n<div>\n<div class=\"flex-layout-v\">\n<div class=\"flex-layout-h magic-11\">\n<div class=\"magic-12\">\n       <img decoding=\"async\" src=\"https:\/\/sc04.alicdn.com\/kf\/Hddbe60917f3c4ec0a834f24c84604c66h\/64496\/Hddbe60917f3c4ec0a834f24c84604c66h.jpg\" class=\"aligncenter\">\n      <\/div>\n<\/p><\/div>\n<\/p><\/div>\n<\/p><\/div>\n<\/p><\/div>\n<\/p><\/div>\n<div module-id=\"35052554835\" module-title=\"detailVerticalImages\" render=\"true\" class=\"J_module\">\n<div class=\"icbu-pc-images magic-11\">\n<div>\n<div class=\"flex-layout-v\">\n<div class=\"magic-14\">\n      <img decoding=\"async\" src=\"https:\/\/sc04.alicdn.com\/kf\/H44778733727c4439aa2431f75c23f19bw\/64496\/H44778733727c4439aa2431f75c23f19bw.jpg\" class=\"aligncenter\">\n     <\/div>\n<div class=\"flex-layout-h magic-11\">\n<div class=\"magic-15\">\n       <img decoding=\"async\" src=\"https:\/\/sc04.alicdn.com\/kf\/H043d8b733a6840ceb94ad8c68a654a7ai\/64496\/H043d8b733a6840ceb94ad8c68a654a7ai.jpg\" class=\"aligncenter\">\n      <\/div>\n<div class=\"magic-17\">\n       <img decoding=\"async\" src=\"https:\/\/sc04.alicdn.com\/kf\/He0a897e2cb9b49808d21837a90570141g\/64496\/He0a897e2cb9b49808d21837a90570141g.jpg\" class=\"aligncenter\">\n      <\/div>\n<\/p><\/div>\n<\/p><\/div>\n<\/p><\/div>\n<\/p><\/div>\n<\/p><\/div>\n<\/div>","protected":false},"excerpt":{"rendered":"<p>Machine verticale \u00e0 sceller et \u00e0 d\u00e9couper les emballages<\/p>","protected":false},"featured_media":2652,"comment_status":"closed","ping_status":"open","template":"","meta":[],"product_brand":[],"product_cat":[97],"product_tag":[],"class_list":{"0":"post-2909","1":"product","2":"type-product","3":"status-publish","4":"has-post-thumbnail","6":"product_cat-sealing-machines","8":"first","9":"instock","10":"sale","11":"purchasable","12":"product-type-simple"},"yoast_head":"<!-- This site is optimized with the Yoast SEO Premium plugin v20.9 (Yoast SEO v26.5) - https:\/\/yoast.com\/wordpress\/plugins\/seo\/ -->\n<title>DQL6560PEG Automatic Wrapping Machine Vertical Type L bar Sealing and Cutting Machine - ALF PACK<\/title>\n<meta name=\"robots\" content=\"index, follow, max-snippet:-1, max-image-preview:large, max-video-preview:-1\" \/>\n<link rel=\"canonical\" href=\"https:\/\/alfequipment.com\/fr\/product\/dql6560peg-machine-demballage-automatique-scelleuse-et-coupeuse-de-barres-en-l-de-type-vertical\/\" \/>\n<meta property=\"og:locale\" content=\"fr_FR\" \/>\n<meta property=\"og:type\" content=\"article\" \/>\n<meta property=\"og:title\" content=\"DQL6560PEG Automatic Wrapping Machine Vertical Type L bar Sealing and Cutting Machine\" \/>\n<meta property=\"og:description\" content=\"Vertical Sealing And Cutting Wrapping Machine\" \/>\n<meta property=\"og:url\" content=\"https:\/\/alfequipment.com\/fr\/product\/dql6560peg-machine-demballage-automatique-scelleuse-et-coupeuse-de-barres-en-l-de-type-vertical\/\" \/>\n<meta property=\"og:site_name\" content=\"ALF PACK\" \/>\n<meta property=\"article:modified_time\" content=\"2025-01-13T13:08:46+00:00\" \/>\n<meta property=\"og:image\" content=\"https:\/\/alfequipment.com\/wp-content\/uploads\/2025\/01\/DQL6560PEG-Automatic-Wrapping-Machine-Vertical-Type-L.jpg\" \/>\n\t<meta property=\"og:image:width\" content=\"640\" \/>\n\t<meta property=\"og:image:height\" content=\"640\" \/>\n\t<meta property=\"og:image:type\" content=\"image\/webp\" \/>\n<meta name=\"twitter:card\" content=\"summary_large_image\" \/>\n<meta name=\"twitter:label1\" content=\"Dur\u00e9e de lecture estim\u00e9e\" \/>\n\t<meta name=\"twitter:data1\" content=\"1 minute\" \/>\n<script type=\"application\/ld+json\" class=\"yoast-schema-graph\">{\"@context\":\"https:\/\/schema.org\",\"@graph\":[{\"@type\":\"WebPage\",\"@id\":\"https:\/\/alfequipment.com\/product\/dql6560peg-automatic-wrapping-machine-vertical-type-l-bar-sealing-and-cutting-machine\/\",\"url\":\"https:\/\/alfequipment.com\/product\/dql6560peg-automatic-wrapping-machine-vertical-type-l-bar-sealing-and-cutting-machine\/\",\"name\":\"DQL6560PEG Automatic Wrapping Machine Vertical Type L bar Sealing and Cutting Machine - ALF PACK\",\"isPartOf\":{\"@id\":\"https:\/\/alfequipment.com\/#website\"},\"primaryImageOfPage\":{\"@id\":\"https:\/\/alfequipment.com\/product\/dql6560peg-automatic-wrapping-machine-vertical-type-l-bar-sealing-and-cutting-machine\/#primaryimage\"},\"image\":{\"@id\":\"https:\/\/alfequipment.com\/product\/dql6560peg-automatic-wrapping-machine-vertical-type-l-bar-sealing-and-cutting-machine\/#primaryimage\"},\"thumbnailUrl\":\"https:\/\/alfequipment.com\/wp-content\/uploads\/2025\/01\/DQL6560PEG-Automatic-Wrapping-Machine-Vertical-Type-L.jpg\",\"datePublished\":\"2024-12-25T15:34:04+00:00\",\"dateModified\":\"2025-01-13T13:08:46+00:00\",\"breadcrumb\":{\"@id\":\"https:\/\/alfequipment.com\/product\/dql6560peg-automatic-wrapping-machine-vertical-type-l-bar-sealing-and-cutting-machine\/#breadcrumb\"},\"inLanguage\":\"fr-FR\",\"potentialAction\":[{\"@type\":\"ReadAction\",\"target\":[\"https:\/\/alfequipment.com\/product\/dql6560peg-automatic-wrapping-machine-vertical-type-l-bar-sealing-and-cutting-machine\/\"]}]},{\"@type\":\"ImageObject\",\"inLanguage\":\"fr-FR\",\"@id\":\"https:\/\/alfequipment.com\/product\/dql6560peg-automatic-wrapping-machine-vertical-type-l-bar-sealing-and-cutting-machine\/#primaryimage\",\"url\":\"https:\/\/alfequipment.com\/wp-content\/uploads\/2025\/01\/DQL6560PEG-Automatic-Wrapping-Machine-Vertical-Type-L.jpg\",\"contentUrl\":\"https:\/\/alfequipment.com\/wp-content\/uploads\/2025\/01\/DQL6560PEG-Automatic-Wrapping-Machine-Vertical-Type-L.jpg\",\"width\":640,\"height\":640},{\"@type\":\"BreadcrumbList\",\"@id\":\"https:\/\/alfequipment.com\/product\/dql6560peg-automatic-wrapping-machine-vertical-type-l-bar-sealing-and-cutting-machine\/#breadcrumb\",\"itemListElement\":[{\"@type\":\"ListItem\",\"position\":1,\"name\":\"Home\",\"item\":\"https:\/\/alfequipment.com\/\"},{\"@type\":\"ListItem\",\"position\":2,\"name\":\"Shop\",\"item\":\"https:\/\/alfequipment.com\/shop\/\"},{\"@type\":\"ListItem\",\"position\":3,\"name\":\"DQL6560PEG Automatic Wrapping Machine Vertical Type L bar Sealing and Cutting Machine\"}]},{\"@type\":\"WebSite\",\"@id\":\"https:\/\/alfequipment.com\/#website\",\"url\":\"https:\/\/alfequipment.com\/\",\"name\":\"ALF PACK\",\"description\":\"\",\"publisher\":{\"@id\":\"https:\/\/alfequipment.com\/#organization\"},\"potentialAction\":[{\"@type\":\"SearchAction\",\"target\":{\"@type\":\"EntryPoint\",\"urlTemplate\":\"https:\/\/alfequipment.com\/?s={search_term_string}\"},\"query-input\":{\"@type\":\"PropertyValueSpecification\",\"valueRequired\":true,\"valueName\":\"search_term_string\"}}],\"inLanguage\":\"fr-FR\"},{\"@type\":\"Organization\",\"@id\":\"https:\/\/alfequipment.com\/#organization\",\"name\":\"ALF PACK\",\"url\":\"https:\/\/alfequipment.com\/\",\"logo\":{\"@type\":\"ImageObject\",\"inLanguage\":\"fr-FR\",\"@id\":\"https:\/\/alfequipment.com\/#\/schema\/logo\/image\/\",\"url\":\"https:\/\/alfequipment.com\/wp-content\/uploads\/2024\/11\/ALFlogo-2.webp\",\"contentUrl\":\"https:\/\/alfequipment.com\/wp-content\/uploads\/2024\/11\/ALFlogo-2.webp\",\"width\":758,\"height\":750,\"caption\":\"ALF PACK\"},\"image\":{\"@id\":\"https:\/\/alfequipment.com\/#\/schema\/logo\/image\/\"}}]}<\/script>\n<!-- \/ Yoast SEO Premium plugin. -->","yoast_head_json":{"title":"DQL6560PEG Machine automatique \u00e0 emballer, sceller et couper les barres verticales en L - ALF PACK","robots":{"index":"index","follow":"follow","max-snippet":"max-snippet:-1","max-image-preview":"max-image-preview:large","max-video-preview":"max-video-preview:-1"},"canonical":"https:\/\/alfequipment.com\/fr\/product\/dql6560peg-machine-demballage-automatique-scelleuse-et-coupeuse-de-barres-en-l-de-type-vertical\/","og_locale":"fr_FR","og_type":"article","og_title":"DQL6560PEG Automatic Wrapping Machine Vertical Type L bar Sealing and Cutting Machine","og_description":"Vertical Sealing And Cutting Wrapping Machine","og_url":"https:\/\/alfequipment.com\/fr\/product\/dql6560peg-machine-demballage-automatique-scelleuse-et-coupeuse-de-barres-en-l-de-type-vertical\/","og_site_name":"ALF PACK","article_modified_time":"2025-01-13T13:08:46+00:00","og_image":[{"width":640,"height":640,"url":"https:\/\/alfequipment.com\/wp-content\/uploads\/2025\/01\/DQL6560PEG-Automatic-Wrapping-Machine-Vertical-Type-L.jpg","type":"image\/webp"}],"twitter_card":"summary_large_image","twitter_misc":{"Dur\u00e9e de lecture estim\u00e9e":"1 minute"},"schema":{"@context":"https:\/\/schema.org","@graph":[{"@type":"WebPage","@id":"https:\/\/alfequipment.com\/product\/dql6560peg-automatic-wrapping-machine-vertical-type-l-bar-sealing-and-cutting-machine\/","url":"https:\/\/alfequipment.com\/product\/dql6560peg-automatic-wrapping-machine-vertical-type-l-bar-sealing-and-cutting-machine\/","name":"DQL6560PEG Machine automatique \u00e0 emballer, sceller et couper les barres verticales en L - ALF PACK","isPartOf":{"@id":"https:\/\/alfequipment.com\/#website"},"primaryImageOfPage":{"@id":"https:\/\/alfequipment.com\/product\/dql6560peg-automatic-wrapping-machine-vertical-type-l-bar-sealing-and-cutting-machine\/#primaryimage"},"image":{"@id":"https:\/\/alfequipment.com\/product\/dql6560peg-automatic-wrapping-machine-vertical-type-l-bar-sealing-and-cutting-machine\/#primaryimage"},"thumbnailUrl":"https:\/\/alfequipment.com\/wp-content\/uploads\/2025\/01\/DQL6560PEG-Automatic-Wrapping-Machine-Vertical-Type-L.jpg","datePublished":"2024-12-25T15:34:04+00:00","dateModified":"2025-01-13T13:08:46+00:00","breadcrumb":{"@id":"https:\/\/alfequipment.com\/product\/dql6560peg-automatic-wrapping-machine-vertical-type-l-bar-sealing-and-cutting-machine\/#breadcrumb"},"inLanguage":"fr-FR","potentialAction":[{"@type":"ReadAction","target":["https:\/\/alfequipment.com\/product\/dql6560peg-automatic-wrapping-machine-vertical-type-l-bar-sealing-and-cutting-machine\/"]}]},{"@type":"ImageObject","inLanguage":"fr-FR","@id":"https:\/\/alfequipment.com\/product\/dql6560peg-automatic-wrapping-machine-vertical-type-l-bar-sealing-and-cutting-machine\/#primaryimage","url":"https:\/\/alfequipment.com\/wp-content\/uploads\/2025\/01\/DQL6560PEG-Automatic-Wrapping-Machine-Vertical-Type-L.jpg","contentUrl":"https:\/\/alfequipment.com\/wp-content\/uploads\/2025\/01\/DQL6560PEG-Automatic-Wrapping-Machine-Vertical-Type-L.jpg","width":640,"height":640},{"@type":"BreadcrumbList","@id":"https:\/\/alfequipment.com\/product\/dql6560peg-automatic-wrapping-machine-vertical-type-l-bar-sealing-and-cutting-machine\/#breadcrumb","itemListElement":[{"@type":"ListItem","position":1,"name":"Home","item":"https:\/\/alfequipment.com\/"},{"@type":"ListItem","position":2,"name":"Shop","item":"https:\/\/alfequipment.com\/shop\/"},{"@type":"ListItem","position":3,"name":"DQL6560PEG Automatic Wrapping Machine Vertical Type L bar Sealing and Cutting Machine"}]},{"@type":"WebSite","@id":"https:\/\/alfequipment.com\/#website","url":"https:\/\/alfequipment.com\/","name":"PACK ALF","description":"","publisher":{"@id":"https:\/\/alfequipment.com\/#organization"},"potentialAction":[{"@type":"SearchAction","target":{"@type":"EntryPoint","urlTemplate":"https:\/\/alfequipment.com\/?s={search_term_string}"},"query-input":{"@type":"PropertyValueSpecification","valueRequired":true,"valueName":"search_term_string"}}],"inLanguage":"fr-FR"},{"@type":"Organization","@id":"https:\/\/alfequipment.com\/#organization","name":"PACK ALF","url":"https:\/\/alfequipment.com\/","logo":{"@type":"ImageObject","inLanguage":"fr-FR","@id":"https:\/\/alfequipment.com\/#\/schema\/logo\/image\/","url":"https:\/\/alfequipment.com\/wp-content\/uploads\/2024\/11\/ALFlogo-2.webp","contentUrl":"https:\/\/alfequipment.com\/wp-content\/uploads\/2024\/11\/ALFlogo-2.webp","width":758,"height":750,"caption":"ALF PACK"},"image":{"@id":"https:\/\/alfequipment.com\/#\/schema\/logo\/image\/"}}]}},"_links":{"self":[{"href":"https:\/\/alfequipment.com\/fr\/wp-json\/wp\/v2\/product\/2909","targetHints":{"allow":["GET"]}}],"collection":[{"href":"https:\/\/alfequipment.com\/fr\/wp-json\/wp\/v2\/product"}],"about":[{"href":"https:\/\/alfequipment.com\/fr\/wp-json\/wp\/v2\/types\/product"}],"replies":[{"embeddable":true,"href":"https:\/\/alfequipment.com\/fr\/wp-json\/wp\/v2\/comments?post=2909"}],"version-history":[{"count":0,"href":"https:\/\/alfequipment.com\/fr\/wp-json\/wp\/v2\/product\/2909\/revisions"}],"wp:featuredmedia":[{"embeddable":true,"href":"https:\/\/alfequipment.com\/fr\/wp-json\/wp\/v2\/media\/2652"}],"wp:attachment":[{"href":"https:\/\/alfequipment.com\/fr\/wp-json\/wp\/v2\/media?parent=2909"}],"wp:term":[{"taxonomy":"product_brand","embeddable":true,"href":"https:\/\/alfequipment.com\/fr\/wp-json\/wp\/v2\/product_brand?post=2909"},{"taxonomy":"product_cat","embeddable":true,"href":"https:\/\/alfequipment.com\/fr\/wp-json\/wp\/v2\/product_cat?post=2909"},{"taxonomy":"product_tag","embeddable":true,"href":"https:\/\/alfequipment.com\/fr\/wp-json\/wp\/v2\/product_tag?post=2909"}],"curies":[{"name":"wp","href":"https:\/\/api.w.org\/{rel}","templated":true}]}}