{"id":2913,"date":"2024-12-26T17:01:54","date_gmt":"2024-12-26T17:01:54","guid":{"rendered":"https:\/\/alfequipment.com\/product\/lf1080b-continuous-air-suction-and-gas-flushing-band-sealer-vacuum-inflating-bag-sealing-machine-with-solid-ink-code-printer\/"},"modified":"2025-01-13T15:00:38","modified_gmt":"2025-01-13T15:00:38","slug":"lf1080b-machine-a-sceller-les-sacs-sous-vide-par-aspiration-dair-et-rincage-de-gaz-en-continu-avec-imprimante-de-code-a-encre-solide","status":"publish","type":"product","link":"https:\/\/alfequipment.com\/fr\/product\/lf1080b-machine-a-sceller-les-sacs-sous-vide-par-aspiration-dair-et-rincage-de-gaz-en-continu-avec-imprimante-de-code-a-encre-solide\/","title":{"rendered":"LF1080B Machine \u00e0 sceller les sacs sous vide par aspiration d'air et rin\u00e7age de gaz en continu avec imprimante de code \u00e0 encre solide"},"content":{"rendered":"<div data-magic-global=\"%7B%22bizId%22%3A17179933680%2C%22pageId%22%3A5022214848%2C%22siteId%22%3A5005331025%7D\" id=\"detail_decorate_root\">\n<div module-id=\"5577365169\" module-title=\"detailProductNavigation\" render=\"true\" class=\"J_module\">\n<div id=\"ali-anchor-AliMagic-si9ox1\" data-section=\"AliMagic-si9ox1\" data-section-title=\"Product Description\" class=\"magic-0\">Cette machine est bas\u00e9e sur l'essence largement absorb\u00e9e de produits \u00e9trangers similaires et de machines \u00e0 vide. Selon les derni\u00e8res exigences du march\u00e9, un nouveau mod\u00e8le a \u00e9t\u00e9 con\u00e7u avec l'envoi, le vide, le gonflage (tel que l'azote ou d'autres gaz), le scellage, le code, en un seul ensemble, une machine de scellage et d'emballage en continu.<\/div>\n<\/div>\n<div module-id=\"5577365170\" module-title=\"detailTextWithTitle\" render=\"true\" class=\"J_module\">\n<div class=\"detail-decorate-json-renderer-container\">\n<div class=\"magic-1\">\n<div class=\"magic-4\">\n<div class=\"magic-5\">\n<div class=\"magic-6\">\n<p class=\"magic-7\">Cette machine est dot\u00e9e d'une structure simple et novatrice, d'une belle apparence, d'une fonction compl\u00e8te et d'un degr\u00e9 \u00e9lev\u00e9 d'automatisation, ce qui permet de r\u00e9duire consid\u00e9rablement l'intensit\u00e9 du travail de l'op\u00e9rateur.<\/p>\n<\/p><\/div>\n<\/p><\/div>\n<\/p><\/div>\n<\/p><\/div>\n<\/p><\/div>\n<\/p><\/div>\n<div module-id=\"5577365171\" module-title=\"detailTableHorizontal\" render=\"true\" class=\"J_module\">\n<div class=\"ife-detail-decorate-table\">\n<table class=\"has-title all magic-8\">\n<tbody>\n<tr>\n<td colspan=\"1\" rowspan=\"1\">\n<div class=\"magic-9\">\n        <b>Mod\u00e8le<\/b>\n       <\/div>\n<\/td>\n<td colspan=\"1\" rowspan=\"1\">\n<div class=\"magic-10\">\n        <b>LF1080B<\/b>\n       <\/div>\n<\/td>\n<\/tr>\n<tr>\n<td colspan=\"1\" rowspan=\"1\">\n<div class=\"magic-9\">\n        Tension\n       <\/div>\n<\/td>\n<td colspan=\"1\" rowspan=\"1\">\n<div class=\"magic-10\">\n        110\/220V 50~60Hz\n       <\/div>\n<\/td>\n<\/tr>\n<tr>\n<td colspan=\"1\" rowspan=\"1\">\n<div class=\"magic-9\">\n        Fonction\n       <\/div>\n<\/td>\n<td colspan=\"1\" rowspan=\"1\">\n<div class=\"magic-10\">\n        Aspiration d'air, rin\u00e7age au gaz, scellage de sacs, impression de codes\n       <\/div>\n<\/td>\n<\/tr>\n<tr>\n<td colspan=\"1\" rowspan=\"1\">\n<div class=\"magic-9\">\n        Puissance\n       <\/div>\n<\/td>\n<td colspan=\"1\" rowspan=\"1\">\n<div class=\"magic-10\">\n        1400W\n       <\/div>\n<\/td>\n<\/tr>\n<tr>\n<td colspan=\"1\" rowspan=\"1\">\n<div class=\"magic-9\">\n        Vitesse d'\u00e9tanch\u00e9it\u00e9 (m\/min)\n       <\/div>\n<\/td>\n<td colspan=\"1\" rowspan=\"1\">\n<div class=\"magic-10\">\n        0~12\n       <\/div>\n<\/td>\n<\/tr>\n<tr>\n<td colspan=\"1\" rowspan=\"1\">\n<div class=\"magic-9\">\n        Largeur de scellement (mm)\n       <\/div>\n<\/td>\n<td colspan=\"1\" rowspan=\"1\">\n<div class=\"magic-10\">\n        6~12\n       <\/div>\n<\/td>\n<\/tr>\n<tr>\n<td colspan=\"1\" rowspan=\"1\">\n<div class=\"magic-9\">\n        Plage de temp\u00e9rature\n       <\/div>\n<\/td>\n<td colspan=\"1\" rowspan=\"1\">\n<div class=\"magic-10\">\n        0~300\n       <\/div>\n<\/td>\n<\/tr>\n<tr>\n<td colspan=\"1\" rowspan=\"1\">\n<div class=\"magic-9\">\n        \u00c9paisseur maximale du film \u00e0 couche unique (mm)\n       <\/div>\n<\/td>\n<td colspan=\"1\" rowspan=\"1\">\n<div class=\"magic-10\">\n        \u22640.08\n       <\/div>\n<\/td>\n<\/tr>\n<tr>\n<td colspan=\"1\" rowspan=\"1\">\n<div class=\"magic-9\">\n        Chargement maximum du convoyeur (Kg)\n       <\/div>\n<\/td>\n<td colspan=\"1\" rowspan=\"1\">\n<div class=\"magic-10\">\n        \u22643\n       <\/div>\n<\/td>\n<\/tr>\n<tr>\n<td colspan=\"1\" rowspan=\"1\">\n<div class=\"magic-9\">\n        Taille de la machine (L*L*H)mm\n       <\/div>\n<\/td>\n<td colspan=\"1\" rowspan=\"1\">\n<div class=\"magic-10\">\n        1020*480*(925+140 r\u00e9glable)\n       <\/div>\n<\/td>\n<\/tr>\n<tr>\n<td colspan=\"1\" rowspan=\"1\">\n<div class=\"magic-9\">\n        Poids (Kg)\n       <\/div>\n<\/td>\n<td colspan=\"1\" rowspan=\"1\">\n<div class=\"magic-10\">\n        84Kg\n       <\/div>\n<\/td>\n<\/tr>\n<\/tbody>\n<\/table><\/div>\n<\/p><\/div>\n<div module-id=\"5577365172\" module-title=\"detailSingleImage\" render=\"true\" class=\"J_module\">\n<div class=\"icbu-pc-images magic-11\">\n<div>\n<div class=\"flex-layout-v\">\n<div class=\"flex-layout-h magic-11\">\n<div class=\"magic-12\">\n       <img decoding=\"async\" src=\"https:\/\/sc01.alicdn.com\/kf\/HTB1OBaiXoLrK1Rjy1zbq6AenFXaV\/64496\/HTB1OBaiXoLrK1Rjy1zbq6AenFXaV.jpg\" class=\"aligncenter\">\n      <\/div>\n<\/p><\/div>\n<\/p><\/div>\n<\/p><\/div>\n<\/p><\/div>\n<\/p><\/div>\n<div module-id=\"5577365173\" module-title=\"detailVerticalImages\" render=\"true\" class=\"J_module\">\n<div class=\"icbu-pc-images magic-11\">\n<div>\n<div class=\"flex-layout-v\">\n<div class=\"magic-14\">\n      <img decoding=\"async\" src=\"https:\/\/sc02.alicdn.com\/kf\/HTB17y9iXifrK1RjSspbq6A4pFXaa\/64496\/HTB17y9iXifrK1RjSspbq6A4pFXaa.jpg\" class=\"aligncenter\">\n     <\/div>\n<div class=\"flex-layout-h magic-11\">\n<div class=\"magic-16\">\n       <img decoding=\"async\" src=\"https:\/\/sc01.alicdn.com\/kf\/HTB1btuiXiDxK1RjSsD4q6z1DFXak\/64496\/HTB1btuiXiDxK1RjSsD4q6z1DFXak.jpg\" class=\"aligncenter\">\n      <\/div>\n<div class=\"magic-18\">\n       <img decoding=\"async\" src=\"https:\/\/sc01.alicdn.com\/kf\/HTB1nvt0bxTpK1RjSZFKq6y2wXXag\/64496\/HTB1nvt0bxTpK1RjSZFKq6y2wXXag.jpg\" class=\"aligncenter\">\n      <\/div>\n<\/p><\/div>\n<\/p><\/div>\n<\/p><\/div>\n<\/p><\/div>\n<\/p><\/div>\n<div module-id=\"28150823476\" module-title=\"detailSingleImage\" render=\"true\" class=\"J_module\">\n<div class=\"icbu-pc-images magic-11\">\n<div>\n<div class=\"flex-layout-v\">\n<div class=\"flex-layout-h magic-11\">\n<div class=\"magic-20\">\n       <img decoding=\"async\" src=\"https:\/\/sc04.alicdn.com\/kf\/H3dcf40882e4f4f779056d9261aa9267fS\/64496\/H3dcf40882e4f4f779056d9261aa9267fS.jpg\" class=\"aligncenter\">\n      <\/div>\n<\/p><\/div>\n<\/p><\/div>\n<\/p><\/div>\n<\/p><\/div>\n<\/p><\/div>\n<div module-id=\"5577365174\" module-title=\"detailTextWithTitle\" render=\"true\" class=\"J_module\">\n<div class=\"detail-decorate-json-renderer-container\">\n<div class=\"magic-1\">\n<h3 class=\"magic-2\"><\/h3>\n<h3 class=\"magic-3\"><font color=\"#3f6fff\">Caract\u00e9ristiques principales<\/font><\/h3>\n<div class=\"magic-4\">\n<div class=\"magic-5\">\n<div class=\"magic-6\">\n<p class=\"magic-7\">1. bloc chauffant et bloc r\u00e9frig\u00e9rant plus \u00e9pais et plus large pour assurer une \u00e9tanch\u00e9it\u00e9 rapide et parfaite<br \/>2. roue d'entra\u00eenement de haute pr\u00e9cision, tr\u00e8s esth\u00e9tique <br \/>3. bouton de tension en caoutchouc solide de haute qualit\u00e9, r\u00e9sistant \u00e0 l'usure<\/p>\n<p class=\"magic-7\">4. bo\u00eete de vitesses unibody, flanc fixe, plus stable<br \/>5. engrenage en polyformald\u00e9hyde de haute qualit\u00e9 avec moulage par injection \u00e0 haute r\u00e9sistance, fonctionnement plus souple et faible bruit<br \/>6.le remplacement de la courroie d'\u00e9tanch\u00e9it\u00e9 est facile et pratique.<br \/>7. le blindage de la machine pour assurer la s\u00e9curit\u00e9 de l'op\u00e9rateur<br \/>8. le convoyeur peut \u00eatre facilement ajust\u00e9 vers le haut, vers le bas, vers l'avant ou vers l'arri\u00e8re en fonction de la taille des produits.<br \/>9. panneau \u00e9l\u00e9gant, fonctionnement facile, convoyeur \u00e0 vitesse variable<br \/>10. peut \u00eatre remplie de gaz, le temps de remplissage est r\u00e9glable<br \/>11. le nouveau choix de la pompe \u00e0 vide pour assurer un haut degr\u00e9 de vide <br \/>12. Le filtre \"AirTac\" peut emp\u00eacher les produits (tels que les petits granul\u00e9s, les liquides) de p\u00e9n\u00e9trer dans la pompe \u00e0 vide.<br \/><b>13. la hauteur est r\u00e9glable, l'inclinaison maximale est de 15 degr\u00e9s<\/b><\/p>\n<\/p><\/div>\n<\/p><\/div>\n<\/p><\/div>\n<\/p><\/div>\n<\/p><\/div>\n<\/p><\/div>\n<\/div>","protected":false},"excerpt":{"rendered":"<p>Scelleuse de bande \u00e0 aspiration d'air en continu avec impression<\/p>","protected":false},"featured_media":2660,"comment_status":"closed","ping_status":"open","template":"","meta":[],"product_brand":[],"product_cat":[119,97],"product_tag":[],"class_list":{"0":"post-2913","1":"product","2":"type-product","3":"status-publish","4":"has-post-thumbnail","6":"product_cat-band-sealer","7":"product_cat-sealing-machines","9":"first","10":"instock","11":"sale","12":"purchasable","13":"product-type-simple"},"yoast_head":"<!-- This site is optimized with the Yoast SEO Premium plugin v20.9 (Yoast SEO v26.5) - https:\/\/yoast.com\/wordpress\/plugins\/seo\/ -->\n<title>LF1080B Continuous air suction and gas flushing band sealer vacuum inflating bag sealing machine with solid ink code printer - ALF PACK<\/title>\n<meta name=\"robots\" content=\"index, follow, max-snippet:-1, max-image-preview:large, max-video-preview:-1\" \/>\n<link rel=\"canonical\" href=\"https:\/\/alfequipment.com\/fr\/product\/lf1080b-machine-a-sceller-les-sacs-sous-vide-par-aspiration-dair-et-rincage-de-gaz-en-continu-avec-imprimante-de-code-a-encre-solide\/\" \/>\n<meta property=\"og:locale\" content=\"fr_FR\" \/>\n<meta property=\"og:type\" content=\"article\" \/>\n<meta property=\"og:title\" content=\"LF1080B Continuous air suction and gas flushing band sealer vacuum inflating bag sealing machine with solid ink code printer\" \/>\n<meta property=\"og:description\" content=\"Continuous Air Suction Band Sealer With Printing\" \/>\n<meta property=\"og:url\" content=\"https:\/\/alfequipment.com\/fr\/product\/lf1080b-machine-a-sceller-les-sacs-sous-vide-par-aspiration-dair-et-rincage-de-gaz-en-continu-avec-imprimante-de-code-a-encre-solide\/\" \/>\n<meta property=\"og:site_name\" content=\"ALF PACK\" \/>\n<meta property=\"article:modified_time\" content=\"2025-01-13T15:00:38+00:00\" \/>\n<meta property=\"og:image\" content=\"https:\/\/alfequipment.com\/wp-content\/uploads\/2025\/01\/LF1080B-Continuous-air-suction-and-gas-flushing.jpg\" \/>\n\t<meta property=\"og:image:width\" content=\"800\" \/>\n\t<meta property=\"og:image:height\" content=\"800\" \/>\n\t<meta property=\"og:image:type\" content=\"image\/webp\" \/>\n<meta name=\"twitter:card\" content=\"summary_large_image\" \/>\n<meta name=\"twitter:label1\" content=\"Dur\u00e9e de lecture estim\u00e9e\" \/>\n\t<meta name=\"twitter:data1\" content=\"1 minute\" \/>\n<script type=\"application\/ld+json\" class=\"yoast-schema-graph\">{\"@context\":\"https:\/\/schema.org\",\"@graph\":[{\"@type\":\"WebPage\",\"@id\":\"https:\/\/alfequipment.com\/product\/lf1080b-continuous-air-suction-and-gas-flushing-band-sealer-vacuum-inflating-bag-sealing-machine-with-solid-ink-code-printer\/\",\"url\":\"https:\/\/alfequipment.com\/product\/lf1080b-continuous-air-suction-and-gas-flushing-band-sealer-vacuum-inflating-bag-sealing-machine-with-solid-ink-code-printer\/\",\"name\":\"LF1080B Continuous air suction and gas flushing band sealer vacuum inflating bag sealing machine with solid ink code printer - ALF PACK\",\"isPartOf\":{\"@id\":\"https:\/\/alfequipment.com\/#website\"},\"primaryImageOfPage\":{\"@id\":\"https:\/\/alfequipment.com\/product\/lf1080b-continuous-air-suction-and-gas-flushing-band-sealer-vacuum-inflating-bag-sealing-machine-with-solid-ink-code-printer\/#primaryimage\"},\"image\":{\"@id\":\"https:\/\/alfequipment.com\/product\/lf1080b-continuous-air-suction-and-gas-flushing-band-sealer-vacuum-inflating-bag-sealing-machine-with-solid-ink-code-printer\/#primaryimage\"},\"thumbnailUrl\":\"https:\/\/alfequipment.com\/wp-content\/uploads\/2025\/01\/LF1080B-Continuous-air-suction-and-gas-flushing.jpg\",\"datePublished\":\"2024-12-26T17:01:54+00:00\",\"dateModified\":\"2025-01-13T15:00:38+00:00\",\"breadcrumb\":{\"@id\":\"https:\/\/alfequipment.com\/product\/lf1080b-continuous-air-suction-and-gas-flushing-band-sealer-vacuum-inflating-bag-sealing-machine-with-solid-ink-code-printer\/#breadcrumb\"},\"inLanguage\":\"fr-FR\",\"potentialAction\":[{\"@type\":\"ReadAction\",\"target\":[\"https:\/\/alfequipment.com\/product\/lf1080b-continuous-air-suction-and-gas-flushing-band-sealer-vacuum-inflating-bag-sealing-machine-with-solid-ink-code-printer\/\"]}]},{\"@type\":\"ImageObject\",\"inLanguage\":\"fr-FR\",\"@id\":\"https:\/\/alfequipment.com\/product\/lf1080b-continuous-air-suction-and-gas-flushing-band-sealer-vacuum-inflating-bag-sealing-machine-with-solid-ink-code-printer\/#primaryimage\",\"url\":\"https:\/\/alfequipment.com\/wp-content\/uploads\/2025\/01\/LF1080B-Continuous-air-suction-and-gas-flushing.jpg\",\"contentUrl\":\"https:\/\/alfequipment.com\/wp-content\/uploads\/2025\/01\/LF1080B-Continuous-air-suction-and-gas-flushing.jpg\",\"width\":800,\"height\":800},{\"@type\":\"BreadcrumbList\",\"@id\":\"https:\/\/alfequipment.com\/product\/lf1080b-continuous-air-suction-and-gas-flushing-band-sealer-vacuum-inflating-bag-sealing-machine-with-solid-ink-code-printer\/#breadcrumb\",\"itemListElement\":[{\"@type\":\"ListItem\",\"position\":1,\"name\":\"Home\",\"item\":\"https:\/\/alfequipment.com\/\"},{\"@type\":\"ListItem\",\"position\":2,\"name\":\"Shop\",\"item\":\"https:\/\/alfequipment.com\/shop\/\"},{\"@type\":\"ListItem\",\"position\":3,\"name\":\"LF1080B Continuous air suction and gas flushing band sealer vacuum inflating bag sealing machine with solid ink code printer\"}]},{\"@type\":\"WebSite\",\"@id\":\"https:\/\/alfequipment.com\/#website\",\"url\":\"https:\/\/alfequipment.com\/\",\"name\":\"ALF PACK\",\"description\":\"\",\"publisher\":{\"@id\":\"https:\/\/alfequipment.com\/#organization\"},\"potentialAction\":[{\"@type\":\"SearchAction\",\"target\":{\"@type\":\"EntryPoint\",\"urlTemplate\":\"https:\/\/alfequipment.com\/?s={search_term_string}\"},\"query-input\":{\"@type\":\"PropertyValueSpecification\",\"valueRequired\":true,\"valueName\":\"search_term_string\"}}],\"inLanguage\":\"fr-FR\"},{\"@type\":\"Organization\",\"@id\":\"https:\/\/alfequipment.com\/#organization\",\"name\":\"ALF PACK\",\"url\":\"https:\/\/alfequipment.com\/\",\"logo\":{\"@type\":\"ImageObject\",\"inLanguage\":\"fr-FR\",\"@id\":\"https:\/\/alfequipment.com\/#\/schema\/logo\/image\/\",\"url\":\"https:\/\/alfequipment.com\/wp-content\/uploads\/2024\/11\/ALFlogo-2.webp\",\"contentUrl\":\"https:\/\/alfequipment.com\/wp-content\/uploads\/2024\/11\/ALFlogo-2.webp\",\"width\":758,\"height\":750,\"caption\":\"ALF PACK\"},\"image\":{\"@id\":\"https:\/\/alfequipment.com\/#\/schema\/logo\/image\/\"}}]}<\/script>\n<!-- \/ Yoast SEO Premium plugin. -->","yoast_head_json":{"title":"LF1080B Scelleuse de sachets sous vide \u00e0 aspiration d'air et rin\u00e7age de gaz en continu avec imprimante de code \u00e0 encre solide - ALF PACK","robots":{"index":"index","follow":"follow","max-snippet":"max-snippet:-1","max-image-preview":"max-image-preview:large","max-video-preview":"max-video-preview:-1"},"canonical":"https:\/\/alfequipment.com\/fr\/product\/lf1080b-machine-a-sceller-les-sacs-sous-vide-par-aspiration-dair-et-rincage-de-gaz-en-continu-avec-imprimante-de-code-a-encre-solide\/","og_locale":"fr_FR","og_type":"article","og_title":"LF1080B Continuous air suction and gas flushing band sealer vacuum inflating bag sealing machine with solid ink code printer","og_description":"Continuous Air Suction Band Sealer With Printing","og_url":"https:\/\/alfequipment.com\/fr\/product\/lf1080b-machine-a-sceller-les-sacs-sous-vide-par-aspiration-dair-et-rincage-de-gaz-en-continu-avec-imprimante-de-code-a-encre-solide\/","og_site_name":"ALF PACK","article_modified_time":"2025-01-13T15:00:38+00:00","og_image":[{"width":800,"height":800,"url":"https:\/\/alfequipment.com\/wp-content\/uploads\/2025\/01\/LF1080B-Continuous-air-suction-and-gas-flushing.jpg","type":"image\/webp"}],"twitter_card":"summary_large_image","twitter_misc":{"Dur\u00e9e de lecture estim\u00e9e":"1 minute"},"schema":{"@context":"https:\/\/schema.org","@graph":[{"@type":"WebPage","@id":"https:\/\/alfequipment.com\/product\/lf1080b-continuous-air-suction-and-gas-flushing-band-sealer-vacuum-inflating-bag-sealing-machine-with-solid-ink-code-printer\/","url":"https:\/\/alfequipment.com\/product\/lf1080b-continuous-air-suction-and-gas-flushing-band-sealer-vacuum-inflating-bag-sealing-machine-with-solid-ink-code-printer\/","name":"LF1080B Scelleuse de sachets sous vide \u00e0 aspiration d'air et rin\u00e7age de gaz en continu avec imprimante de code \u00e0 encre solide - ALF PACK","isPartOf":{"@id":"https:\/\/alfequipment.com\/#website"},"primaryImageOfPage":{"@id":"https:\/\/alfequipment.com\/product\/lf1080b-continuous-air-suction-and-gas-flushing-band-sealer-vacuum-inflating-bag-sealing-machine-with-solid-ink-code-printer\/#primaryimage"},"image":{"@id":"https:\/\/alfequipment.com\/product\/lf1080b-continuous-air-suction-and-gas-flushing-band-sealer-vacuum-inflating-bag-sealing-machine-with-solid-ink-code-printer\/#primaryimage"},"thumbnailUrl":"https:\/\/alfequipment.com\/wp-content\/uploads\/2025\/01\/LF1080B-Continuous-air-suction-and-gas-flushing.jpg","datePublished":"2024-12-26T17:01:54+00:00","dateModified":"2025-01-13T15:00:38+00:00","breadcrumb":{"@id":"https:\/\/alfequipment.com\/product\/lf1080b-continuous-air-suction-and-gas-flushing-band-sealer-vacuum-inflating-bag-sealing-machine-with-solid-ink-code-printer\/#breadcrumb"},"inLanguage":"fr-FR","potentialAction":[{"@type":"ReadAction","target":["https:\/\/alfequipment.com\/product\/lf1080b-continuous-air-suction-and-gas-flushing-band-sealer-vacuum-inflating-bag-sealing-machine-with-solid-ink-code-printer\/"]}]},{"@type":"ImageObject","inLanguage":"fr-FR","@id":"https:\/\/alfequipment.com\/product\/lf1080b-continuous-air-suction-and-gas-flushing-band-sealer-vacuum-inflating-bag-sealing-machine-with-solid-ink-code-printer\/#primaryimage","url":"https:\/\/alfequipment.com\/wp-content\/uploads\/2025\/01\/LF1080B-Continuous-air-suction-and-gas-flushing.jpg","contentUrl":"https:\/\/alfequipment.com\/wp-content\/uploads\/2025\/01\/LF1080B-Continuous-air-suction-and-gas-flushing.jpg","width":800,"height":800},{"@type":"BreadcrumbList","@id":"https:\/\/alfequipment.com\/product\/lf1080b-continuous-air-suction-and-gas-flushing-band-sealer-vacuum-inflating-bag-sealing-machine-with-solid-ink-code-printer\/#breadcrumb","itemListElement":[{"@type":"ListItem","position":1,"name":"Home","item":"https:\/\/alfequipment.com\/"},{"@type":"ListItem","position":2,"name":"Shop","item":"https:\/\/alfequipment.com\/shop\/"},{"@type":"ListItem","position":3,"name":"LF1080B Continuous air suction and gas flushing band sealer vacuum inflating bag sealing machine with solid ink code printer"}]},{"@type":"WebSite","@id":"https:\/\/alfequipment.com\/#website","url":"https:\/\/alfequipment.com\/","name":"PACK ALF","description":"","publisher":{"@id":"https:\/\/alfequipment.com\/#organization"},"potentialAction":[{"@type":"SearchAction","target":{"@type":"EntryPoint","urlTemplate":"https:\/\/alfequipment.com\/?s={search_term_string}"},"query-input":{"@type":"PropertyValueSpecification","valueRequired":true,"valueName":"search_term_string"}}],"inLanguage":"fr-FR"},{"@type":"Organization","@id":"https:\/\/alfequipment.com\/#organization","name":"PACK ALF","url":"https:\/\/alfequipment.com\/","logo":{"@type":"ImageObject","inLanguage":"fr-FR","@id":"https:\/\/alfequipment.com\/#\/schema\/logo\/image\/","url":"https:\/\/alfequipment.com\/wp-content\/uploads\/2024\/11\/ALFlogo-2.webp","contentUrl":"https:\/\/alfequipment.com\/wp-content\/uploads\/2024\/11\/ALFlogo-2.webp","width":758,"height":750,"caption":"ALF PACK"},"image":{"@id":"https:\/\/alfequipment.com\/#\/schema\/logo\/image\/"}}]}},"_links":{"self":[{"href":"https:\/\/alfequipment.com\/fr\/wp-json\/wp\/v2\/product\/2913","targetHints":{"allow":["GET"]}}],"collection":[{"href":"https:\/\/alfequipment.com\/fr\/wp-json\/wp\/v2\/product"}],"about":[{"href":"https:\/\/alfequipment.com\/fr\/wp-json\/wp\/v2\/types\/product"}],"replies":[{"embeddable":true,"href":"https:\/\/alfequipment.com\/fr\/wp-json\/wp\/v2\/comments?post=2913"}],"version-history":[{"count":0,"href":"https:\/\/alfequipment.com\/fr\/wp-json\/wp\/v2\/product\/2913\/revisions"}],"wp:featuredmedia":[{"embeddable":true,"href":"https:\/\/alfequipment.com\/fr\/wp-json\/wp\/v2\/media\/2660"}],"wp:attachment":[{"href":"https:\/\/alfequipment.com\/fr\/wp-json\/wp\/v2\/media?parent=2913"}],"wp:term":[{"taxonomy":"product_brand","embeddable":true,"href":"https:\/\/alfequipment.com\/fr\/wp-json\/wp\/v2\/product_brand?post=2913"},{"taxonomy":"product_cat","embeddable":true,"href":"https:\/\/alfequipment.com\/fr\/wp-json\/wp\/v2\/product_cat?post=2913"},{"taxonomy":"product_tag","embeddable":true,"href":"https:\/\/alfequipment.com\/fr\/wp-json\/wp\/v2\/product_tag?post=2913"}],"curies":[{"name":"wp","href":"https:\/\/api.w.org\/{rel}","templated":true}]}}