{"id":2921,"date":"2024-12-04T14:38:08","date_gmt":"2024-12-04T14:38:08","guid":{"rendered":"https:\/\/alfequipment.com\/product\/bzj5038b-bottle-packing-semi-automatic-sleeve-wrapper\/"},"modified":"2025-01-13T13:08:54","modified_gmt":"2025-01-13T13:08:54","slug":"bzj5038b-emballage-de-bouteilles-fardeleuse-semi-automatique","status":"publish","type":"product","link":"https:\/\/alfequipment.com\/fr\/product\/bzj5038b-emballage-de-bouteilles-fardeleuse-semi-automatique\/","title":{"rendered":"BZJ5038B Emballage de bouteilles Fardeleuse de manchons semi-automatique"},"content":{"rendered":"<div>\n<div style=\"vertical-align: top;padding-top: 15px; padding-bottom: 15px;\">\n<div id=\"ox0qe\" style=\"vertical-align: top;padding-top: 10px; padding-bottom: 10px\">\n<div id=\"ali-anchor-AliMaya-zu98u\" style=\"padding:8px 0 4px 8px;border-bottom:2px solid #C5CCDE;border-radius:3px 3px 0 0;line-height:1;color:#4D6599;background-color:#C5CCDE;font-size:22px;\" data-section=\"AliMaya-zu98u\" data-section-title=\"Product Description\"><span style=\"background-color: rgb(255, 255, 255); color: rgb(0, 0, 0); font-size: 13px;\">La banderoleuse semi-automatique BZJ5038B convient \u00e0 l'emballage de canettes de boissons gazeuses, de bouteilles, etc., avec plateau inf\u00e9rieur ou sans plateau inf\u00e9rieur, fonctionnant avec le tunnel de r\u00e9traction de film PE \u00e0 jet BSE-5040A ou un autre tunnel de r\u00e9traction PE BSE-5038. \u00c9largissement de la gamme d'emballage ou machine sur mesure selon les besoins du client.<\/span><\/div>\n<\/div>\n<div style=\"vertical-align: top;padding-top: 10px; padding-bottom: 10px; margin-right: -4px; margin-left: -4px;\">\n<div style=\"vertical-align: top; box-sizing: border-box; padding-right: 4px; padding-left: 4px;margin-top: -4px; margin-bottom: -4px;\">\n<div id=\"6qd3w\" style=\"vertical-align: top; box-sizing: border-box; padding-top: 4px; padding-bottom: 4px\">\n<p style=\"margin:0;padding:0;\"> Caract\u00e9ristique :<br \/>1. l'interrupteur \u00e9lectromagn\u00e9tique sup\u00e9rieur et inf\u00e9rieur emp\u00eache les erreurs de scellage et prot\u00e8ge l'op\u00e9rateur.<\/p>\n<p>2. chaque machine est simple et facile \u00e0 r\u00e9gler pour s'adapter \u00e0 diff\u00e9rentes tailles d'emballage.<\/p>\n<p>3. simplicit\u00e9 d'utilisation et d'entretien avec une grande efficacit\u00e9 d'emballage.<\/p>\n<p>4. l'entrepreneur CA \"Schneider\" et le r\u00e9gulateur de temp\u00e9rature intelligent sont stables.<\/p>\n<p>5. le syst\u00e8me d'alarme automatique prot\u00e8ge la machine et l'op\u00e9rateur.<\/p>\n<p>6. moteur de convoyeur de grande puissance, avec r\u00e9glage progressif de la vitesse, assurant une alimentation r\u00e9guli\u00e8re.<\/p>\n<p>7. deux grands ventilateurs assurent une temp\u00e9rature homog\u00e8ne et stable dans le tunnel de r\u00e9traction, ce qui garantit un excellent effet de r\u00e9traction en une seule fois.<\/p>\n<p style=\"margin:0;padding:0;\">8. le super syst\u00e8me de refroidissement refroidit l'emballage et permet une figuration parfaite.<\/p>\n<\/p><\/div>\n<\/p><\/div>\n<\/p><\/div>\n<div style=\"vertical-align: top;padding-top: 10px; padding-bottom: 10px; margin-right: -4px; margin-left: -4px;\">\n<div id=\"5jafn\" style=\"vertical-align: top; box-sizing: border-box; padding-right: 4px; padding-left: 4px\">\n<table style=\"width: auto; border-collapse: collapse; word-wrap: break-word;\" class=\"aliDataTable\">\n<tbody>\n<tr>\n<td style=\"background-color: rgb(218, 226, 237);\">\n<div style=\"width: 239px; height: 22px; padding: 5px 10px; overflow: hidden;\">\n          Mod\u00e8le\n         <\/div>\n<\/td>\n<td>\n<div style=\"width: 464px; height: 22px; padding: 5px 10px; overflow: hidden;\">\n          BZJ-5038B(Pneumatique)\n         <\/div>\n<\/td>\n<\/tr>\n<tr>\n<td style=\"background-color: rgb(218, 226, 237);\">\n<div style=\"width: 239px; height: 22px; padding: 5px 10px; overflow: hidden;\">\n          Alimentation \u00e9lectrique\n         <\/div>\n<\/td>\n<td>\n<div style=\"width: 464px; height: 22px; padding: 5px 10px; overflow: hidden;\">\n          220-240V, 50-60Hz;1,8KW\n         <\/div>\n<\/td>\n<\/tr>\n<tr>\n<td style=\"background-color: rgb(218, 226, 237);\">\n<div style=\"width: 239px; height: 22px; padding: 5px 10px; overflow: hidden;\">\n          Capacit\u00e9\n         <\/div>\n<\/td>\n<td>\n<div style=\"width: 464px; height: 22px; padding: 5px 10px; overflow: hidden;\">\n          2-6pcs\/minute\n         <\/div>\n<\/td>\n<\/tr>\n<tr>\n<td style=\"background-color: rgb(218, 226, 237);\">\n<div style=\"width: 239px; height: 22px; padding: 5px 10px; overflow: hidden;\">\n          Temps de scellement\/r\u00e9tr\u00e9cissement\n         <\/div>\n<\/td>\n<td>\n<div style=\"width: 464px; height: 22px; padding: 5px 10px; overflow: hidden;\">\n          0,5-1,5 s ; 0-0,6 s\n         <\/div>\n<\/td>\n<\/tr>\n<tr>\n<td style=\"background-color: rgb(218, 226, 237);\">\n<div style=\"width: 239px; height: 22px; padding: 5px 10px; overflow: hidden;\">\n          Alimentation en air\n         <\/div>\n<\/td>\n<td>\n<div style=\"width: 464px; height: 22px; padding: 5px 10px; overflow: hidden;\">\n          170L\/min 0.3-0.5Mpa\n         <\/div>\n<\/td>\n<\/tr>\n<tr>\n<td style=\"background-color: rgb(218, 226, 237);\">\n<div style=\"width: 239px; height: 22px; padding: 5px 10px; overflow: hidden;\">\n          Diam\u00e8tre maximal du rouleau de film\n         <\/div>\n<\/td>\n<td>\n<div style=\"width: 464px; height: 22px; padding: 5px 10px; overflow: hidden;\">\n          \u03c630mm\n         <\/div>\n<\/td>\n<\/tr>\n<tr>\n<td style=\"background-color: rgb(218, 226, 237);\">\n<div style=\"width: 239px; height: 22px; padding: 5px 10px; overflow: hidden;\">\n          Largeur du film\n         <\/div>\n<\/td>\n<td>\n<div style=\"width: 464px; height: 22px; padding: 5px 10px; overflow: hidden;\">\n          Max. 550mm\n         <\/div>\n<\/td>\n<\/tr>\n<tr>\n<td style=\"background-color: rgb(218, 226, 237);\">\n<div style=\"width: 239px; height: 22px; padding: 5px 10px; overflow: hidden;\">\n          \u00c9paisseur du film\n         <\/div>\n<\/td>\n<td>\n<div style=\"width: 464px; height: 22px; padding: 5px 10px; overflow: hidden;\">\n          0,03-0,25 mm\n         <\/div>\n<\/td>\n<\/tr>\n<tr>\n<td style=\"background-color: rgb(218, 226, 237);\">\n<div style=\"width: 239px; height: 22px; padding: 5px 10px; overflow: hidden;\">\n          Dimensions maximales de l'emballage (L*L*H)\n         <\/div>\n<\/td>\n<td>\n<div style=\"width: 464px; height: 22px; padding: 5px 10px; overflow: hidden;\">\n          450 x 270 x 350mm\n         <\/div>\n<\/td>\n<\/tr>\n<tr>\n<td style=\"background-color: rgb(218, 226, 237);\">\n<div style=\"width: 239px; height: 22px; padding: 5px 10px; overflow: hidden;\">\n          Dimensions minimales de l'emballage (L*L*H)\n         <\/div>\n<\/td>\n<td>\n<div style=\"width: 464px; height: 22px; padding: 5px 10px; overflow: hidden;\">\n          250 x 60 x 60mm\n         <\/div>\n<\/td>\n<\/tr>\n<tr>\n<td style=\"background-color: rgb(218, 226, 237);\">\n<div style=\"width: 239px; height: 22px; padding: 5px 10px; overflow: hidden;\">\n          Poids de la machine\n         <\/div>\n<\/td>\n<td>\n<div style=\"width: 464px; height: 22px; padding: 5px 10px; overflow: hidden;\">\n          225KGS\n         <\/div>\n<\/td>\n<\/tr>\n<tr>\n<td style=\"background-color: rgb(218, 226, 237);\">\n<div style=\"width: 239px; height: 22px; padding: 5px 10px; overflow: hidden;\">\n          Taille de la machine (L*L*H)\n         <\/div>\n<\/td>\n<td>\n<div style=\"width: 464px; height: 22px; padding: 5px 10px; overflow: hidden;\">\n          1020 x 830 x 1980mm\n         <\/div>\n<\/td>\n<\/tr>\n<tr>\n<td style=\"background-color: rgb(218, 226, 237);\">\n<div style=\"width: 239px; height: 22px; padding: 5px 10px; overflow: hidden;\">\n          Film r\u00e9tractable\n         <\/div>\n<\/td>\n<td>\n<div style=\"width: 464px; height: 22px; padding: 5px 10px; overflow: hidden;\">\n          PE\n         <\/div>\n<\/td>\n<\/tr>\n<\/tbody>\n<\/table><\/div>\n<\/p><\/div>\n<div style=\"vertical-align: top;padding-top: 10px; padding-bottom: 10px; margin-right: -4px; margin-left: -4px;\">\n<div id=\"kq03d\" style=\"vertical-align: top; box-sizing: border-box; padding-right: 4px; padding-left: 4px\">\n<div style=\"overflow: hidden; width: 750px; height: 750px;\">\n      <img decoding=\"async\" src=\"https:\/\/sc02.alicdn.com\/kf\/HTB1Hc91aPvuK1Rjy0Faq6x2aVXag\/64496\/HTB1Hc91aPvuK1Rjy0Faq6x2aVXag.jpg\" style=\"width: 750px; height: 750px; margin-left: 0px; margin-top: 0px;\" class=\"aligncenter\">\n     <\/div>\n<\/p><\/div>\n<\/p><\/div>\n<div style=\"vertical-align: top;padding-top: 10px; padding-bottom: 10px; margin-right: -4px; margin-left: -4px;\">\n<div id=\"xv0ze\" style=\"vertical-align: top; box-sizing: border-box; padding-right: 4px; padding-left: 4px\">\n<div style=\"overflow: hidden; width: 750px; height: 750px;\">\n      <img decoding=\"async\" src=\"https:\/\/sc02.alicdn.com\/kf\/HTB1mcyZaPDuK1RjSszdq6xGLpXav\/64496\/HTB1mcyZaPDuK1RjSszdq6xGLpXav.jpg\" style=\"width: 750px; height: 750px; margin-left: 0px; margin-top: 0px;\" class=\"aligncenter\">\n     <\/div>\n<\/p><\/div>\n<\/p><\/div>\n<div style=\"vertical-align: top;padding-top: 10px; padding-bottom: 10px; margin-right: -4px; margin-left: -4px;\">\n<div id=\"ko2h3\" style=\"vertical-align: top; box-sizing: border-box; padding-right: 4px; padding-left: 4px\">\n<div style=\"overflow: hidden; width: 750px; height: 750px;\">\n      <img decoding=\"async\" src=\"https:\/\/sc02.alicdn.com\/kf\/HTB1Xh1ZaOHrK1Rjy0Flq6AsaFXac\/64496\/HTB1Xh1ZaOHrK1Rjy0Flq6AsaFXac.jpg\" style=\"width: 750px; height: 750px; margin-left: 0px; margin-top: 0px;\" class=\"aligncenter\">\n     <\/div>\n<\/p><\/div>\n<\/p><\/div>\n<div style=\"vertical-align: top;padding-top: 10px; padding-bottom: 10px; margin-right: -4px; margin-left: -4px;\">\n<div id=\"twug9\" style=\"vertical-align: top; box-sizing: border-box; padding-right: 4px; padding-left: 4px\">\n<div style=\"overflow: hidden; width: 750px; height: 632.129px;\">\n      <img decoding=\"async\" src=\"https:\/\/sc02.alicdn.com\/kf\/HTB1mM9VaPzuK1Rjy0Fpq6yEpFXar\/64496\/HTB1mM9VaPzuK1Rjy0Fpq6yEpFXar.jpg\" style=\"width: 750px; height: 632.129px; margin-left: 0px; margin-top: 0px;\" class=\"aligncenter\">\n     <\/div>\n<\/p><\/div>\n<\/p><\/div>\n<\/p><\/div>\n<div style=\"vertical-align: top;padding-top: 15px; padding-bottom: 15px;\">\n<div id=\"v4tg9\" style=\"vertical-align: top;padding-top: 10px; padding-bottom: 10px\">\n<div id=\"ali-anchor-AliMaya-8fwg5\" style=\"padding:8px 0 4px 8px;border-bottom:2px solid #C5CCDE;border-radius:3px 3px 0 0;line-height:1;color:#4D6599;background-color:#C5CCDE;font-size:22px;\" data-section=\"AliMaya-8fwg5\" data-section-title=\"Certifications\"><\/div>\n<\/div>\n<\/div>\n<div style=\"vertical-align: top;padding-top: 15px; padding-bottom: 15px;\">\n<div style=\"vertical-align: top;padding-top: 10px; padding-bottom: 10px; margin-right: -4px; margin-left: -4px;\">\n   <\/div>\n<\/p><\/div>\n<\/p><\/div>","protected":false},"excerpt":{"rendered":"<p>Emballage de bouteilles Emballage de bouteilles Emballage de bouteilles Emballage de bouteilles Emballage de bouteilles Emballage de bouteilles Emballage de bouteilles Emballage de bouteilles Emballage de bouteilles<\/p>","protected":false},"featured_media":2676,"comment_status":"closed","ping_status":"open","template":"","meta":[],"product_brand":[],"product_cat":[98],"product_tag":[],"class_list":{"0":"post-2921","1":"product","2":"type-product","3":"status-publish","4":"has-post-thumbnail","6":"product_cat-wrapping-machines","8":"first","9":"instock","10":"sale","11":"purchasable","12":"product-type-simple"},"yoast_head":"<!-- This site is optimized with the Yoast SEO Premium plugin v20.9 (Yoast SEO v26.5) - https:\/\/yoast.com\/wordpress\/plugins\/seo\/ -->\n<title>BZJ5038B Bottle packing Semi Automatic Sleeve Wrapper - ALF PACK<\/title>\n<meta name=\"robots\" content=\"index, follow, max-snippet:-1, max-image-preview:large, max-video-preview:-1\" \/>\n<link rel=\"canonical\" href=\"https:\/\/alfequipment.com\/fr\/product\/bzj5038b-emballage-de-bouteilles-fardeleuse-semi-automatique\/\" \/>\n<meta property=\"og:locale\" content=\"fr_FR\" \/>\n<meta property=\"og:type\" content=\"article\" \/>\n<meta property=\"og:title\" content=\"BZJ5038B Bottle packing Semi Automatic Sleeve Wrapper\" \/>\n<meta property=\"og:description\" content=\"Bottle Packing Semi Automatic Sleeve Wrapper\" \/>\n<meta property=\"og:url\" content=\"https:\/\/alfequipment.com\/fr\/product\/bzj5038b-emballage-de-bouteilles-fardeleuse-semi-automatique\/\" \/>\n<meta property=\"og:site_name\" content=\"ALF PACK\" \/>\n<meta property=\"article:modified_time\" content=\"2025-01-13T13:08:54+00:00\" \/>\n<meta property=\"og:image\" content=\"https:\/\/alfequipment.com\/wp-content\/uploads\/2025\/01\/BZJ5038B-Bottle-packing-Semi-Automatic-Sleeve-Wrapper.jpg\" \/>\n\t<meta property=\"og:image:width\" content=\"800\" \/>\n\t<meta property=\"og:image:height\" content=\"800\" \/>\n\t<meta property=\"og:image:type\" content=\"image\/webp\" \/>\n<meta name=\"twitter:card\" content=\"summary_large_image\" \/>\n<meta name=\"twitter:label1\" content=\"Dur\u00e9e de lecture estim\u00e9e\" \/>\n\t<meta name=\"twitter:data1\" content=\"1 minute\" \/>\n<script type=\"application\/ld+json\" class=\"yoast-schema-graph\">{\"@context\":\"https:\/\/schema.org\",\"@graph\":[{\"@type\":\"WebPage\",\"@id\":\"https:\/\/alfequipment.com\/product\/bzj5038b-bottle-packing-semi-automatic-sleeve-wrapper\/\",\"url\":\"https:\/\/alfequipment.com\/product\/bzj5038b-bottle-packing-semi-automatic-sleeve-wrapper\/\",\"name\":\"BZJ5038B Bottle packing Semi Automatic Sleeve Wrapper - ALF PACK\",\"isPartOf\":{\"@id\":\"https:\/\/alfequipment.com\/#website\"},\"primaryImageOfPage\":{\"@id\":\"https:\/\/alfequipment.com\/product\/bzj5038b-bottle-packing-semi-automatic-sleeve-wrapper\/#primaryimage\"},\"image\":{\"@id\":\"https:\/\/alfequipment.com\/product\/bzj5038b-bottle-packing-semi-automatic-sleeve-wrapper\/#primaryimage\"},\"thumbnailUrl\":\"https:\/\/alfequipment.com\/wp-content\/uploads\/2025\/01\/BZJ5038B-Bottle-packing-Semi-Automatic-Sleeve-Wrapper.jpg\",\"datePublished\":\"2024-12-04T14:38:08+00:00\",\"dateModified\":\"2025-01-13T13:08:54+00:00\",\"breadcrumb\":{\"@id\":\"https:\/\/alfequipment.com\/product\/bzj5038b-bottle-packing-semi-automatic-sleeve-wrapper\/#breadcrumb\"},\"inLanguage\":\"fr-FR\",\"potentialAction\":[{\"@type\":\"ReadAction\",\"target\":[\"https:\/\/alfequipment.com\/product\/bzj5038b-bottle-packing-semi-automatic-sleeve-wrapper\/\"]}]},{\"@type\":\"ImageObject\",\"inLanguage\":\"fr-FR\",\"@id\":\"https:\/\/alfequipment.com\/product\/bzj5038b-bottle-packing-semi-automatic-sleeve-wrapper\/#primaryimage\",\"url\":\"https:\/\/alfequipment.com\/wp-content\/uploads\/2025\/01\/BZJ5038B-Bottle-packing-Semi-Automatic-Sleeve-Wrapper.jpg\",\"contentUrl\":\"https:\/\/alfequipment.com\/wp-content\/uploads\/2025\/01\/BZJ5038B-Bottle-packing-Semi-Automatic-Sleeve-Wrapper.jpg\",\"width\":800,\"height\":800},{\"@type\":\"BreadcrumbList\",\"@id\":\"https:\/\/alfequipment.com\/product\/bzj5038b-bottle-packing-semi-automatic-sleeve-wrapper\/#breadcrumb\",\"itemListElement\":[{\"@type\":\"ListItem\",\"position\":1,\"name\":\"Home\",\"item\":\"https:\/\/alfequipment.com\/\"},{\"@type\":\"ListItem\",\"position\":2,\"name\":\"Shop\",\"item\":\"https:\/\/alfequipment.com\/shop\/\"},{\"@type\":\"ListItem\",\"position\":3,\"name\":\"BZJ5038B Bottle packing Semi Automatic Sleeve Wrapper\"}]},{\"@type\":\"WebSite\",\"@id\":\"https:\/\/alfequipment.com\/#website\",\"url\":\"https:\/\/alfequipment.com\/\",\"name\":\"ALF PACK\",\"description\":\"\",\"publisher\":{\"@id\":\"https:\/\/alfequipment.com\/#organization\"},\"potentialAction\":[{\"@type\":\"SearchAction\",\"target\":{\"@type\":\"EntryPoint\",\"urlTemplate\":\"https:\/\/alfequipment.com\/?s={search_term_string}\"},\"query-input\":{\"@type\":\"PropertyValueSpecification\",\"valueRequired\":true,\"valueName\":\"search_term_string\"}}],\"inLanguage\":\"fr-FR\"},{\"@type\":\"Organization\",\"@id\":\"https:\/\/alfequipment.com\/#organization\",\"name\":\"ALF PACK\",\"url\":\"https:\/\/alfequipment.com\/\",\"logo\":{\"@type\":\"ImageObject\",\"inLanguage\":\"fr-FR\",\"@id\":\"https:\/\/alfequipment.com\/#\/schema\/logo\/image\/\",\"url\":\"https:\/\/alfequipment.com\/wp-content\/uploads\/2024\/11\/ALFlogo-2.webp\",\"contentUrl\":\"https:\/\/alfequipment.com\/wp-content\/uploads\/2024\/11\/ALFlogo-2.webp\",\"width\":758,\"height\":750,\"caption\":\"ALF PACK\"},\"image\":{\"@id\":\"https:\/\/alfequipment.com\/#\/schema\/logo\/image\/\"}}]}<\/script>\n<!-- \/ Yoast SEO Premium plugin. -->","yoast_head_json":{"title":"BZJ5038B Emballage de bouteilles Fardeleuse semi-automatique - ALF PACK","robots":{"index":"index","follow":"follow","max-snippet":"max-snippet:-1","max-image-preview":"max-image-preview:large","max-video-preview":"max-video-preview:-1"},"canonical":"https:\/\/alfequipment.com\/fr\/product\/bzj5038b-emballage-de-bouteilles-fardeleuse-semi-automatique\/","og_locale":"fr_FR","og_type":"article","og_title":"BZJ5038B Bottle packing Semi Automatic Sleeve Wrapper","og_description":"Bottle Packing Semi Automatic Sleeve Wrapper","og_url":"https:\/\/alfequipment.com\/fr\/product\/bzj5038b-emballage-de-bouteilles-fardeleuse-semi-automatique\/","og_site_name":"ALF PACK","article_modified_time":"2025-01-13T13:08:54+00:00","og_image":[{"width":800,"height":800,"url":"https:\/\/alfequipment.com\/wp-content\/uploads\/2025\/01\/BZJ5038B-Bottle-packing-Semi-Automatic-Sleeve-Wrapper.jpg","type":"image\/webp"}],"twitter_card":"summary_large_image","twitter_misc":{"Dur\u00e9e de lecture estim\u00e9e":"1 minute"},"schema":{"@context":"https:\/\/schema.org","@graph":[{"@type":"WebPage","@id":"https:\/\/alfequipment.com\/product\/bzj5038b-bottle-packing-semi-automatic-sleeve-wrapper\/","url":"https:\/\/alfequipment.com\/product\/bzj5038b-bottle-packing-semi-automatic-sleeve-wrapper\/","name":"BZJ5038B Emballage de bouteilles Fardeleuse semi-automatique - ALF PACK","isPartOf":{"@id":"https:\/\/alfequipment.com\/#website"},"primaryImageOfPage":{"@id":"https:\/\/alfequipment.com\/product\/bzj5038b-bottle-packing-semi-automatic-sleeve-wrapper\/#primaryimage"},"image":{"@id":"https:\/\/alfequipment.com\/product\/bzj5038b-bottle-packing-semi-automatic-sleeve-wrapper\/#primaryimage"},"thumbnailUrl":"https:\/\/alfequipment.com\/wp-content\/uploads\/2025\/01\/BZJ5038B-Bottle-packing-Semi-Automatic-Sleeve-Wrapper.jpg","datePublished":"2024-12-04T14:38:08+00:00","dateModified":"2025-01-13T13:08:54+00:00","breadcrumb":{"@id":"https:\/\/alfequipment.com\/product\/bzj5038b-bottle-packing-semi-automatic-sleeve-wrapper\/#breadcrumb"},"inLanguage":"fr-FR","potentialAction":[{"@type":"ReadAction","target":["https:\/\/alfequipment.com\/product\/bzj5038b-bottle-packing-semi-automatic-sleeve-wrapper\/"]}]},{"@type":"ImageObject","inLanguage":"fr-FR","@id":"https:\/\/alfequipment.com\/product\/bzj5038b-bottle-packing-semi-automatic-sleeve-wrapper\/#primaryimage","url":"https:\/\/alfequipment.com\/wp-content\/uploads\/2025\/01\/BZJ5038B-Bottle-packing-Semi-Automatic-Sleeve-Wrapper.jpg","contentUrl":"https:\/\/alfequipment.com\/wp-content\/uploads\/2025\/01\/BZJ5038B-Bottle-packing-Semi-Automatic-Sleeve-Wrapper.jpg","width":800,"height":800},{"@type":"BreadcrumbList","@id":"https:\/\/alfequipment.com\/product\/bzj5038b-bottle-packing-semi-automatic-sleeve-wrapper\/#breadcrumb","itemListElement":[{"@type":"ListItem","position":1,"name":"Home","item":"https:\/\/alfequipment.com\/"},{"@type":"ListItem","position":2,"name":"Shop","item":"https:\/\/alfequipment.com\/shop\/"},{"@type":"ListItem","position":3,"name":"BZJ5038B Bottle packing Semi Automatic Sleeve Wrapper"}]},{"@type":"WebSite","@id":"https:\/\/alfequipment.com\/#website","url":"https:\/\/alfequipment.com\/","name":"PACK ALF","description":"","publisher":{"@id":"https:\/\/alfequipment.com\/#organization"},"potentialAction":[{"@type":"SearchAction","target":{"@type":"EntryPoint","urlTemplate":"https:\/\/alfequipment.com\/?s={search_term_string}"},"query-input":{"@type":"PropertyValueSpecification","valueRequired":true,"valueName":"search_term_string"}}],"inLanguage":"fr-FR"},{"@type":"Organization","@id":"https:\/\/alfequipment.com\/#organization","name":"PACK ALF","url":"https:\/\/alfequipment.com\/","logo":{"@type":"ImageObject","inLanguage":"fr-FR","@id":"https:\/\/alfequipment.com\/#\/schema\/logo\/image\/","url":"https:\/\/alfequipment.com\/wp-content\/uploads\/2024\/11\/ALFlogo-2.webp","contentUrl":"https:\/\/alfequipment.com\/wp-content\/uploads\/2024\/11\/ALFlogo-2.webp","width":758,"height":750,"caption":"ALF PACK"},"image":{"@id":"https:\/\/alfequipment.com\/#\/schema\/logo\/image\/"}}]}},"_links":{"self":[{"href":"https:\/\/alfequipment.com\/fr\/wp-json\/wp\/v2\/product\/2921","targetHints":{"allow":["GET"]}}],"collection":[{"href":"https:\/\/alfequipment.com\/fr\/wp-json\/wp\/v2\/product"}],"about":[{"href":"https:\/\/alfequipment.com\/fr\/wp-json\/wp\/v2\/types\/product"}],"replies":[{"embeddable":true,"href":"https:\/\/alfequipment.com\/fr\/wp-json\/wp\/v2\/comments?post=2921"}],"version-history":[{"count":0,"href":"https:\/\/alfequipment.com\/fr\/wp-json\/wp\/v2\/product\/2921\/revisions"}],"wp:featuredmedia":[{"embeddable":true,"href":"https:\/\/alfequipment.com\/fr\/wp-json\/wp\/v2\/media\/2676"}],"wp:attachment":[{"href":"https:\/\/alfequipment.com\/fr\/wp-json\/wp\/v2\/media?parent=2921"}],"wp:term":[{"taxonomy":"product_brand","embeddable":true,"href":"https:\/\/alfequipment.com\/fr\/wp-json\/wp\/v2\/product_brand?post=2921"},{"taxonomy":"product_cat","embeddable":true,"href":"https:\/\/alfequipment.com\/fr\/wp-json\/wp\/v2\/product_cat?post=2921"},{"taxonomy":"product_tag","embeddable":true,"href":"https:\/\/alfequipment.com\/fr\/wp-json\/wp\/v2\/product_tag?post=2921"}],"curies":[{"name":"wp","href":"https:\/\/api.w.org\/{rel}","templated":true}]}}