{"id":2923,"date":"2025-01-02T00:00:34","date_gmt":"2025-01-02T00:00:34","guid":{"rendered":"https:\/\/alfequipment.com\/product\/zbs83a-steam-label-shrink-machine-with-steam-generator\/"},"modified":"2025-01-13T15:06:56","modified_gmt":"2025-01-13T15:06:56","slug":"zbs83a-machine-a-retracter-les-etiquettes-a-vapeur-avec-generateur-de-vapeur","status":"publish","type":"product","link":"https:\/\/alfequipment.com\/fr\/product\/zbs83a-machine-a-retracter-les-etiquettes-a-vapeur-avec-generateur-de-vapeur\/","title":{"rendered":"ZBS83A Machine \u00e0 r\u00e9tracter les \u00e9tiquettes \u00e0 vapeur avec g\u00e9n\u00e9rateur de vapeur"},"content":{"rendered":"<div>\n<div style=\"vertical-align: top;padding-top: 15px; padding-bottom: 15px;\">\n<div id=\"8c9bx\" style=\"vertical-align: top;padding-top: 10px; padding-bottom: 10px\">\n<div id=\"ali-anchor-AliMaya-kt3p7\" style=\"padding:8px 0 4px 8px;border-bottom:2px solid #C5CCDE;border-radius:3px 3px 0 0;line-height:1;color:#4D6599;background-color:#C5CCDE;font-size:22px;\" data-section=\"AliMaya-kt3p7\" data-section-title=\"Product Description\"><span style=\"background-color: rgb(255, 255, 255); color: rgb(0, 0, 0); font-size: 13px;\">r\u00e9glage facile. Obtenir un effet de r\u00e9traction parfait tout en consommant le moins d'\u00e9nergie possible. Tunnel de r\u00e9traction \u00e0 5 sections, contr\u00f4le ind\u00e9pendant de la temp\u00e9rature dans chaque section, r\u00e9glage de la hauteur et de la distance entre les objets. Toutes les formes de bouteilles peuvent obtenir un bel effet de r\u00e9traction apr\u00e8s un simple r\u00e9glage.<\/span><\/div>\n<\/div>\n<div style=\"vertical-align: top;padding-top: 10px; padding-bottom: 10px; margin-right: -4px; margin-left: -4px;\">\n<div id=\"trtss\" style=\"vertical-align: top; box-sizing: border-box; padding-right: 4px; padding-left: 4px\">\n<table style=\"width: auto; border-collapse: collapse; word-wrap: break-word;\" class=\"aliDataTable\">\n<tbody>\n<tr>\n<td style=\"background-color: rgb(218, 226, 237);\">\n<div style=\"width: 164px; height: 22px; padding: 5px 10px; overflow: hidden;\">\n          Mod\u00e8le\n         <\/div>\n<\/td>\n<td style=\"background-color: rgb(218, 226, 237);\">\n<div style=\"width: 164px; height: 22px; padding: 5px 10px; overflow: hidden;\">\n          ZBS-83A\n         <\/div>\n<\/td>\n<td style=\"background-color: rgb(218, 226, 237);\">\n<div style=\"width: 164px; height: 22px; padding: 5px 10px; overflow: hidden;\">\n          Mod\u00e8le\n         <\/div>\n<\/td>\n<td style=\"background-color: rgb(218, 226, 237);\">\n<div style=\"width: 165px; height: auto; padding: 5px 10px; overflow: hidden;\">\n          LDR24-0.4-Z\n         <\/div>\n<\/td>\n<\/tr>\n<tr>\n<td>\n<div style=\"width: 164px; height: 22px; padding: 5px 10px; overflow: hidden;\">\n          Puissance\n         <\/div>\n<\/td>\n<td>\n<div style=\"width: 164px; height: auto; padding: 5px 10px; overflow: hidden;\">\n          150W\n         <\/div>\n<\/td>\n<td>\n<div style=\"width: 164px; height: 22px; padding: 5px 10px; overflow: hidden;\">\n          Puissance\n         <\/div>\n<\/td>\n<td>\n<div style=\"width: 165px; height: auto; padding: 5px 10px; overflow: hidden;\">\n          12\/24 kw\n         <\/div>\n<\/td>\n<\/tr>\n<tr>\n<td>\n<div style=\"width: 164px; height: 22px; padding: 5px 10px; overflow: hidden;\">\n          Taille maximale de l'emballage (mm)\n         <\/div>\n<\/td>\n<td>\n<div style=\"width: 164px; height: 22px; padding: 5px 10px; overflow: hidden;\">\n          \u03a6120*350H\n         <\/div>\n<\/td>\n<td>\n<div style=\"width: 164px; height: 22px; padding: 5px 10px; overflow: hidden;\">\n          Tension\n         <\/div>\n<\/td>\n<td>\n<div style=\"width: 165px; height: 22px; padding: 5px 10px; overflow: hidden;\">\n          380V, 3 phases\n         <\/div>\n<\/td>\n<\/tr>\n<tr>\n<td>\n<div style=\"width: 164px; height: 22px; padding: 5px 10px; overflow: hidden;\">\n          Taille du tunnel de r\u00e9traction (mm)\n         <\/div>\n<\/td>\n<td>\n<div style=\"width: 164px; height: 22px; padding: 5px 10px; overflow: hidden;\">\n          1350*180*380\n         <\/div>\n<\/td>\n<td>\n<div style=\"width: 164px; height: 22px; padding: 5px 10px; overflow: hidden;\">\n          Pression\n         <\/div>\n<\/td>\n<td>\n<div style=\"width: 165px; height: 22px; padding: 5px 10px; overflow: hidden;\">\n          0,4Mpa\n         <\/div>\n<\/td>\n<\/tr>\n<tr>\n<td>\n<div style=\"width: 164px; height: 22px; padding: 5px 10px; overflow: hidden;\">\n          Capacit\u00e9\n         <\/div>\n<\/td>\n<td>\n<div style=\"width: 164px; height: 22px; padding: 5px 10px; overflow: hidden;\">\n          5000~15000B\/H\n         <\/div>\n<\/td>\n<td>\n<div style=\"width: 164px; height: 22px; padding: 5px 10px; overflow: hidden;\">\n          Volume\n         <\/div>\n<\/td>\n<td>\n<div style=\"width: 165px; height: 22px; padding: 5px 10px; overflow: hidden;\">\n          27L\n         <\/div>\n<\/td>\n<\/tr>\n<tr>\n<td>\n<div style=\"width: 164px; height: 22px; padding: 5px 10px; overflow: hidden;\">\n          Moteur du convoyeur\n         <\/div>\n<\/td>\n<td>\n<div style=\"width: 164px; height: 22px; padding: 5px 10px; overflow: hidden;\">\n          AC120W\/220V\n         <\/div>\n<\/td>\n<td>\n<div style=\"width: 164px; height: 22px; padding: 5px 10px; overflow: hidden;\">\n          Quantit\u00e9 de vapeur\n         <\/div>\n<\/td>\n<td>\n<div style=\"width: 165px; height: 22px; padding: 5px 10px; overflow: hidden;\">\n          24kg\/h\n         <\/div>\n<\/td>\n<\/tr>\n<tr>\n<td>\n<div style=\"width: 164px; height: 22px; padding: 5px 10px; overflow: hidden;\">\n          Vitesse du convoyeur\n         <\/div>\n<\/td>\n<td>\n<div style=\"width: 164px; height: 22px; padding: 5px 10px; overflow: hidden;\">\n          0-10m\/min\n         <\/div>\n<\/td>\n<td>\n<div style=\"width: 164px; height: 22px; padding: 5px 10px; overflow: hidden;\">\n          Poids\n         <\/div>\n<\/td>\n<td>\n<div style=\"width: 165px; height: 22px; padding: 5px 10px; overflow: hidden;\">\n          76 kg\n         <\/div>\n<\/td>\n<\/tr>\n<tr>\n<td>\n<div style=\"width: 164px; height: 22px; padding: 5px 10px; overflow: hidden;\">\n          Poids de chargement\n         <\/div>\n<\/td>\n<td>\n<div style=\"width: 164px; height: 22px; padding: 5px 10px; overflow: hidden;\">\n          15 kg\n         <\/div>\n<\/td>\n<td>\n<div style=\"width: 164px; height: 22px; padding: 5px 10px; overflow: hidden;\"><\/div>\n<\/td>\n<td>\n<div style=\"width: 165px; height: 22px; padding: 5px 10px; overflow: hidden;\"><\/div>\n<\/td>\n<\/tr>\n<tr>\n<td>\n<div style=\"width: 164px; height: 22px; padding: 5px 10px; overflow: hidden;\">\n          Poids\n         <\/div>\n<\/td>\n<td>\n<div style=\"width: 164px; height: 22px; padding: 5px 10px; overflow: hidden;\">\n          150 kg\n         <\/div>\n<\/td>\n<td>\n<div style=\"width: 164px; height: 22px; padding: 5px 10px; overflow: hidden;\"><\/div>\n<\/td>\n<td>\n<div style=\"width: 165px; height: 22px; padding: 5px 10px; overflow: hidden;\"><\/div>\n<\/td>\n<\/tr>\n<tr>\n<td>\n<div style=\"width: 164px; height: auto; padding: 5px 10px; overflow: hidden;\">\n          Taille de la machine (mm)\n         <\/div>\n<\/td>\n<td>\n<div style=\"width: 164px; height: 22px; padding: 5px 10px; overflow: hidden;\">\n          2400*430*1350\n         <\/div>\n<\/td>\n<td>\n<div style=\"width: 164px; height: 22px; padding: 5px 10px; overflow: hidden;\"><\/div>\n<\/td>\n<td>\n<div style=\"width: 165px; height: 22px; padding: 5px 10px; overflow: hidden;\"><\/div>\n<\/td>\n<\/tr>\n<tr>\n<td>\n<div style=\"width: 164px; height: 22px; padding: 5px 10px; overflow: hidden;\">\n          Film r\u00e9tractable\n         <\/div>\n<\/td>\n<td>\n<div style=\"width: 164px; height: 22px; padding: 5px 10px; overflow: hidden;\">\n          POF PP PVC\n         <\/div>\n<\/td>\n<td>\n<div style=\"width: 164px; height: 22px; padding: 5px 10px; overflow: hidden;\"><\/div>\n<\/td>\n<td>\n<div style=\"width: 165px; height: 22px; padding: 5px 10px; overflow: hidden;\"><\/div>\n<\/td>\n<\/tr>\n<\/tbody>\n<\/table><\/div>\n<\/p><\/div>\n<div style=\"vertical-align: top;padding-top: 10px; padding-bottom: 10px; margin-right: -4px; margin-left: -4px;\">\n<div id=\"jvlt6\" style=\"vertical-align: top; box-sizing: border-box; padding-right: 4px; padding-left: 4px\">\n<div style=\"overflow: hidden; width: 750px; height: 750px;\">\n      <img decoding=\"async\" src=\"https:\/\/sc01.alicdn.com\/kf\/HTB1brP_aOzxK1RjSspjq6AS.pXao\/64496\/HTB1brP_aOzxK1RjSspjq6AS.pXao.jpg\" style=\"width: 750px; height: 750px; margin-left: 0px; margin-top: 0px;\" class=\"aligncenter\">\n     <\/div>\n<\/p><\/div>\n<\/p><\/div>\n<div style=\"vertical-align: top; display: block;padding-top: 10px; padding-bottom: 10px; margin-right: -4px; margin-left: -4px;\">\n<div id=\"4l7pv\" style=\"vertical-align: top; box-sizing: border-box; padding-right: 4px; padding-left: 4px\">\n<div style=\"overflow: hidden; width: 750px; height: 1001.11px;\">\n      <img decoding=\"async\" src=\"https:\/\/sc02.alicdn.com\/kf\/HTB1XltoaPLuK1Rjy0Fhq6xpdFXaL\/64496\/HTB1XltoaPLuK1Rjy0Fhq6xpdFXaL.jpg\" style=\"width: 750px; height: 1001.11px; margin-left: 0px; margin-top: 0px;\" class=\"aligncenter\">\n     <\/div>\n<\/p><\/div>\n<\/p><\/div>\n<div style=\"vertical-align: top;padding-top: 10px; padding-bottom: 10px; margin-right: -4px; margin-left: -4px;\">\n<div style=\"vertical-align: top; box-sizing: border-box; padding-right: 4px; padding-left: 4px;margin-top: -4px; margin-bottom: -4px;\">\n<div id=\"e4mfe\" style=\"vertical-align: top; box-sizing: border-box; padding-top: 4px; padding-bottom: 4px\">\n<div style=\"overflow: hidden; width: 750px; height: 320px;\">\n       <img decoding=\"async\" src=\"https:\/\/sc02.alicdn.com\/kf\/HTB16Un5aIfrK1RkSmLyq6xGApXaI\/64496\/HTB16Un5aIfrK1RkSmLyq6xGApXaI.jpg\" style=\"width: 750px; height: 562.5px; margin-left: 0px; margin-top: -131px;\" class=\"aligncenter\">\n      <\/div>\n<\/p><\/div>\n<div style=\"vertical-align: top; box-sizing: border-box; padding-top: 4px; padding-bottom: 4px;margin-right: -4px; margin-left: -4px;\">\n<div id=\"o54qp\" style=\"vertical-align: top; width: 50%; display: inline-block; box-sizing: border-box; padding-right: 4px; padding-left: 4px\">\n<div style=\"overflow: hidden; width: 371px; height: 200px;\">\n        <img decoding=\"async\" src=\"https:\/\/sc01.alicdn.com\/kf\/HTB1UKEaaOYrK1Rjy0Fdq6ACvVXai\/64496\/HTB1UKEaaOYrK1Rjy0Fdq6ACvVXai.jpg\" style=\"width: 371px; height: 278.25px; margin-left: 0px; margin-top: 0px;\" class=\"aligncenter\">\n       <\/div>\n<\/p><\/div>\n<div id=\"349kn\" style=\"vertical-align: top; width: 50%; display: inline-block; box-sizing: border-box; padding-right: 4px; padding-left: 4px\">\n<div style=\"overflow: hidden; width: 371px; height: 200px;\">\n        <img decoding=\"async\" src=\"https:\/\/sc01.alicdn.com\/kf\/HTB1JxY7aLvsK1RjSspdq6AZepXaz\/64496\/HTB1JxY7aLvsK1RjSspdq6AZepXaz.jpg\" style=\"width: 371px; height: 278.25px; margin-left: 0px; margin-top: -36px;\" class=\"aligncenter\">\n       <\/div>\n<\/p><\/div>\n<\/p><\/div>\n<\/p><\/div>\n<\/p><\/div>\n<div style=\"vertical-align: top;padding-top: 10px; padding-bottom: 10px; margin-right: -4px; margin-left: -4px;\">\n<div id=\"9nxju\" style=\"vertical-align: top; width: 50%; display: inline-block; box-sizing: border-box; padding-right: 4px; padding-left: 4px\">\n<div style=\"overflow: hidden; width: 371px; height: 320px;\">\n      <img decoding=\"async\" src=\"https:\/\/sc01.alicdn.com\/kf\/HTB1ljkdaIrrK1Rjy1zeq6xalFXa0\/64496\/HTB1ljkdaIrrK1Rjy1zeq6xalFXa0.jpg\" style=\"width: 270.9px; height: 360.9px; margin-left: 0px; margin-top: -24px;\" class=\"aligncenter\">\n     <\/div>\n<\/p><\/div>\n<div id=\"qjg23\" style=\"vertical-align: top; width: 50%; display: inline-block; box-sizing: border-box; padding-right: 4px; padding-left: 4px\">\n<div style=\"overflow: hidden; width: 371px; height: 320px;\">\n      <img decoding=\"async\" src=\"https:\/\/sc01.alicdn.com\/kf\/HTB1VZ61aK6sK1RjSsrbq6xbDXXap\/64496\/HTB1VZ61aK6sK1RjSsrbq6xbDXXap.jpg\" style=\"width: 268.4px; height: 357.5px; margin-left: 0px; margin-top: -38px;\" class=\"aligncenter\">\n     <\/div>\n<\/p><\/div>\n<\/p><\/div>\n<\/p><\/div>\n<div style=\"vertical-align: top;padding-top: 15px; padding-bottom: 15px;\">\n<div id=\"oipq2\" style=\"vertical-align: top;padding-top: 10px; padding-bottom: 10px\">\n<div id=\"ali-anchor-AliMaya-jxumm\" style=\"padding:8px 0 4px 8px;border-bottom:2px solid #C5CCDE;border-radius:3px 3px 0 0;line-height:1;color:#4D6599;background-color:#C5CCDE;font-size:22px;\" data-section=\"AliMaya-jxumm\" data-section-title=\"Certifications\"><\/div>\n<\/div>\n<\/div>\n<div style=\"vertical-align: top;padding-top: 15px; padding-bottom: 15px;\">\n<div style=\"vertical-align: top;padding-top: 10px; padding-bottom: 10px; margin-right: -4px; margin-left: -4px;\">\n<div id=\"ntuj2\" style=\"vertical-align: top; width: 50%; display: inline-block; box-sizing: border-box; padding-right: 4px; padding-left: 4px\">\n    <\/div>\n<\/p><\/div>\n<\/p><\/div>\n<\/p><\/div>","protected":false},"excerpt":{"rendered":"<p>Machine \u00e0 r\u00e9tracter les \u00e9tiquettes \u00e0 vapeur<\/p>","protected":false},"featured_media":2680,"comment_status":"closed","ping_status":"open","template":"","meta":[],"product_brand":[],"product_cat":[121,99],"product_tag":[],"class_list":{"0":"post-2923","1":"product","2":"type-product","3":"status-publish","4":"has-post-thumbnail","6":"product_cat-label-shrink-machine","7":"product_cat-labeling-machines","9":"first","10":"instock","11":"sale","12":"purchasable","13":"product-type-simple"},"yoast_head":"<!-- This site is optimized with the Yoast SEO Premium plugin v20.9 (Yoast SEO v26.5) - https:\/\/yoast.com\/wordpress\/plugins\/seo\/ -->\n<title>ZBS83A Steam Label shrink machine with steam generator - ALF PACK<\/title>\n<meta name=\"robots\" content=\"index, follow, max-snippet:-1, max-image-preview:large, max-video-preview:-1\" \/>\n<link rel=\"canonical\" href=\"https:\/\/alfequipment.com\/fr\/product\/zbs83a-machine-a-retracter-les-etiquettes-a-vapeur-avec-generateur-de-vapeur\/\" \/>\n<meta property=\"og:locale\" content=\"fr_FR\" \/>\n<meta property=\"og:type\" content=\"article\" \/>\n<meta property=\"og:title\" content=\"ZBS83A Steam Label shrink machine with steam generator\" \/>\n<meta property=\"og:description\" content=\"Steam Label Shrink Machine\" \/>\n<meta property=\"og:url\" content=\"https:\/\/alfequipment.com\/fr\/product\/zbs83a-machine-a-retracter-les-etiquettes-a-vapeur-avec-generateur-de-vapeur\/\" \/>\n<meta property=\"og:site_name\" content=\"ALF PACK\" \/>\n<meta property=\"article:modified_time\" content=\"2025-01-13T15:06:56+00:00\" \/>\n<meta property=\"og:image\" content=\"https:\/\/alfequipment.com\/wp-content\/uploads\/2025\/01\/ZBS83A-Steam-Label-shrink-machine-with-steam.jpg\" \/>\n\t<meta property=\"og:image:width\" content=\"800\" \/>\n\t<meta property=\"og:image:height\" content=\"800\" \/>\n\t<meta property=\"og:image:type\" content=\"image\/webp\" \/>\n<meta name=\"twitter:card\" content=\"summary_large_image\" \/>\n<meta name=\"twitter:label1\" content=\"Dur\u00e9e de lecture estim\u00e9e\" \/>\n\t<meta name=\"twitter:data1\" content=\"1 minute\" \/>\n<script type=\"application\/ld+json\" class=\"yoast-schema-graph\">{\"@context\":\"https:\/\/schema.org\",\"@graph\":[{\"@type\":\"WebPage\",\"@id\":\"https:\/\/alfequipment.com\/product\/zbs83a-steam-label-shrink-machine-with-steam-generator\/\",\"url\":\"https:\/\/alfequipment.com\/product\/zbs83a-steam-label-shrink-machine-with-steam-generator\/\",\"name\":\"ZBS83A Steam Label shrink machine with steam generator - ALF PACK\",\"isPartOf\":{\"@id\":\"https:\/\/alfequipment.com\/#website\"},\"primaryImageOfPage\":{\"@id\":\"https:\/\/alfequipment.com\/product\/zbs83a-steam-label-shrink-machine-with-steam-generator\/#primaryimage\"},\"image\":{\"@id\":\"https:\/\/alfequipment.com\/product\/zbs83a-steam-label-shrink-machine-with-steam-generator\/#primaryimage\"},\"thumbnailUrl\":\"https:\/\/alfequipment.com\/wp-content\/uploads\/2025\/01\/ZBS83A-Steam-Label-shrink-machine-with-steam.jpg\",\"datePublished\":\"2025-01-02T00:00:34+00:00\",\"dateModified\":\"2025-01-13T15:06:56+00:00\",\"breadcrumb\":{\"@id\":\"https:\/\/alfequipment.com\/product\/zbs83a-steam-label-shrink-machine-with-steam-generator\/#breadcrumb\"},\"inLanguage\":\"fr-FR\",\"potentialAction\":[{\"@type\":\"ReadAction\",\"target\":[\"https:\/\/alfequipment.com\/product\/zbs83a-steam-label-shrink-machine-with-steam-generator\/\"]}]},{\"@type\":\"ImageObject\",\"inLanguage\":\"fr-FR\",\"@id\":\"https:\/\/alfequipment.com\/product\/zbs83a-steam-label-shrink-machine-with-steam-generator\/#primaryimage\",\"url\":\"https:\/\/alfequipment.com\/wp-content\/uploads\/2025\/01\/ZBS83A-Steam-Label-shrink-machine-with-steam.jpg\",\"contentUrl\":\"https:\/\/alfequipment.com\/wp-content\/uploads\/2025\/01\/ZBS83A-Steam-Label-shrink-machine-with-steam.jpg\",\"width\":800,\"height\":800},{\"@type\":\"BreadcrumbList\",\"@id\":\"https:\/\/alfequipment.com\/product\/zbs83a-steam-label-shrink-machine-with-steam-generator\/#breadcrumb\",\"itemListElement\":[{\"@type\":\"ListItem\",\"position\":1,\"name\":\"Home\",\"item\":\"https:\/\/alfequipment.com\/\"},{\"@type\":\"ListItem\",\"position\":2,\"name\":\"Shop\",\"item\":\"https:\/\/alfequipment.com\/shop\/\"},{\"@type\":\"ListItem\",\"position\":3,\"name\":\"ZBS83A Steam Label shrink machine with steam generator\"}]},{\"@type\":\"WebSite\",\"@id\":\"https:\/\/alfequipment.com\/#website\",\"url\":\"https:\/\/alfequipment.com\/\",\"name\":\"ALF PACK\",\"description\":\"\",\"publisher\":{\"@id\":\"https:\/\/alfequipment.com\/#organization\"},\"potentialAction\":[{\"@type\":\"SearchAction\",\"target\":{\"@type\":\"EntryPoint\",\"urlTemplate\":\"https:\/\/alfequipment.com\/?s={search_term_string}\"},\"query-input\":{\"@type\":\"PropertyValueSpecification\",\"valueRequired\":true,\"valueName\":\"search_term_string\"}}],\"inLanguage\":\"fr-FR\"},{\"@type\":\"Organization\",\"@id\":\"https:\/\/alfequipment.com\/#organization\",\"name\":\"ALF PACK\",\"url\":\"https:\/\/alfequipment.com\/\",\"logo\":{\"@type\":\"ImageObject\",\"inLanguage\":\"fr-FR\",\"@id\":\"https:\/\/alfequipment.com\/#\/schema\/logo\/image\/\",\"url\":\"https:\/\/alfequipment.com\/wp-content\/uploads\/2024\/11\/ALFlogo-2.webp\",\"contentUrl\":\"https:\/\/alfequipment.com\/wp-content\/uploads\/2024\/11\/ALFlogo-2.webp\",\"width\":758,\"height\":750,\"caption\":\"ALF PACK\"},\"image\":{\"@id\":\"https:\/\/alfequipment.com\/#\/schema\/logo\/image\/\"}}]}<\/script>\n<!-- \/ Yoast SEO Premium plugin. -->","yoast_head_json":{"title":"ZBS83A Machine \u00e0 r\u00e9tracter les \u00e9tiquettes \u00e0 vapeur avec g\u00e9n\u00e9rateur de vapeur - ALF PACK","robots":{"index":"index","follow":"follow","max-snippet":"max-snippet:-1","max-image-preview":"max-image-preview:large","max-video-preview":"max-video-preview:-1"},"canonical":"https:\/\/alfequipment.com\/fr\/product\/zbs83a-machine-a-retracter-les-etiquettes-a-vapeur-avec-generateur-de-vapeur\/","og_locale":"fr_FR","og_type":"article","og_title":"ZBS83A Steam Label shrink machine with steam generator","og_description":"Steam Label Shrink Machine","og_url":"https:\/\/alfequipment.com\/fr\/product\/zbs83a-machine-a-retracter-les-etiquettes-a-vapeur-avec-generateur-de-vapeur\/","og_site_name":"ALF PACK","article_modified_time":"2025-01-13T15:06:56+00:00","og_image":[{"width":800,"height":800,"url":"https:\/\/alfequipment.com\/wp-content\/uploads\/2025\/01\/ZBS83A-Steam-Label-shrink-machine-with-steam.jpg","type":"image\/webp"}],"twitter_card":"summary_large_image","twitter_misc":{"Dur\u00e9e de lecture estim\u00e9e":"1 minute"},"schema":{"@context":"https:\/\/schema.org","@graph":[{"@type":"WebPage","@id":"https:\/\/alfequipment.com\/product\/zbs83a-steam-label-shrink-machine-with-steam-generator\/","url":"https:\/\/alfequipment.com\/product\/zbs83a-steam-label-shrink-machine-with-steam-generator\/","name":"ZBS83A Machine \u00e0 r\u00e9tracter les \u00e9tiquettes \u00e0 vapeur avec g\u00e9n\u00e9rateur de vapeur - ALF PACK","isPartOf":{"@id":"https:\/\/alfequipment.com\/#website"},"primaryImageOfPage":{"@id":"https:\/\/alfequipment.com\/product\/zbs83a-steam-label-shrink-machine-with-steam-generator\/#primaryimage"},"image":{"@id":"https:\/\/alfequipment.com\/product\/zbs83a-steam-label-shrink-machine-with-steam-generator\/#primaryimage"},"thumbnailUrl":"https:\/\/alfequipment.com\/wp-content\/uploads\/2025\/01\/ZBS83A-Steam-Label-shrink-machine-with-steam.jpg","datePublished":"2025-01-02T00:00:34+00:00","dateModified":"2025-01-13T15:06:56+00:00","breadcrumb":{"@id":"https:\/\/alfequipment.com\/product\/zbs83a-steam-label-shrink-machine-with-steam-generator\/#breadcrumb"},"inLanguage":"fr-FR","potentialAction":[{"@type":"ReadAction","target":["https:\/\/alfequipment.com\/product\/zbs83a-steam-label-shrink-machine-with-steam-generator\/"]}]},{"@type":"ImageObject","inLanguage":"fr-FR","@id":"https:\/\/alfequipment.com\/product\/zbs83a-steam-label-shrink-machine-with-steam-generator\/#primaryimage","url":"https:\/\/alfequipment.com\/wp-content\/uploads\/2025\/01\/ZBS83A-Steam-Label-shrink-machine-with-steam.jpg","contentUrl":"https:\/\/alfequipment.com\/wp-content\/uploads\/2025\/01\/ZBS83A-Steam-Label-shrink-machine-with-steam.jpg","width":800,"height":800},{"@type":"BreadcrumbList","@id":"https:\/\/alfequipment.com\/product\/zbs83a-steam-label-shrink-machine-with-steam-generator\/#breadcrumb","itemListElement":[{"@type":"ListItem","position":1,"name":"Home","item":"https:\/\/alfequipment.com\/"},{"@type":"ListItem","position":2,"name":"Shop","item":"https:\/\/alfequipment.com\/shop\/"},{"@type":"ListItem","position":3,"name":"ZBS83A Steam Label shrink machine with steam generator"}]},{"@type":"WebSite","@id":"https:\/\/alfequipment.com\/#website","url":"https:\/\/alfequipment.com\/","name":"PACK ALF","description":"","publisher":{"@id":"https:\/\/alfequipment.com\/#organization"},"potentialAction":[{"@type":"SearchAction","target":{"@type":"EntryPoint","urlTemplate":"https:\/\/alfequipment.com\/?s={search_term_string}"},"query-input":{"@type":"PropertyValueSpecification","valueRequired":true,"valueName":"search_term_string"}}],"inLanguage":"fr-FR"},{"@type":"Organization","@id":"https:\/\/alfequipment.com\/#organization","name":"PACK ALF","url":"https:\/\/alfequipment.com\/","logo":{"@type":"ImageObject","inLanguage":"fr-FR","@id":"https:\/\/alfequipment.com\/#\/schema\/logo\/image\/","url":"https:\/\/alfequipment.com\/wp-content\/uploads\/2024\/11\/ALFlogo-2.webp","contentUrl":"https:\/\/alfequipment.com\/wp-content\/uploads\/2024\/11\/ALFlogo-2.webp","width":758,"height":750,"caption":"ALF PACK"},"image":{"@id":"https:\/\/alfequipment.com\/#\/schema\/logo\/image\/"}}]}},"_links":{"self":[{"href":"https:\/\/alfequipment.com\/fr\/wp-json\/wp\/v2\/product\/2923","targetHints":{"allow":["GET"]}}],"collection":[{"href":"https:\/\/alfequipment.com\/fr\/wp-json\/wp\/v2\/product"}],"about":[{"href":"https:\/\/alfequipment.com\/fr\/wp-json\/wp\/v2\/types\/product"}],"replies":[{"embeddable":true,"href":"https:\/\/alfequipment.com\/fr\/wp-json\/wp\/v2\/comments?post=2923"}],"version-history":[{"count":0,"href":"https:\/\/alfequipment.com\/fr\/wp-json\/wp\/v2\/product\/2923\/revisions"}],"wp:featuredmedia":[{"embeddable":true,"href":"https:\/\/alfequipment.com\/fr\/wp-json\/wp\/v2\/media\/2680"}],"wp:attachment":[{"href":"https:\/\/alfequipment.com\/fr\/wp-json\/wp\/v2\/media?parent=2923"}],"wp:term":[{"taxonomy":"product_brand","embeddable":true,"href":"https:\/\/alfequipment.com\/fr\/wp-json\/wp\/v2\/product_brand?post=2923"},{"taxonomy":"product_cat","embeddable":true,"href":"https:\/\/alfequipment.com\/fr\/wp-json\/wp\/v2\/product_cat?post=2923"},{"taxonomy":"product_tag","embeddable":true,"href":"https:\/\/alfequipment.com\/fr\/wp-json\/wp\/v2\/product_tag?post=2923"}],"curies":[{"name":"wp","href":"https:\/\/api.w.org\/{rel}","templated":true}]}}