{"id":2924,"date":"2024-12-08T12:40:47","date_gmt":"2024-12-08T12:40:47","guid":{"rendered":"https:\/\/alfequipment.com\/product\/dql5545s-automatic-l-bar-type-sealer-sealing-packaging-machine-and-dsd4520-shrink-tunnel-packager\/"},"modified":"2025-01-13T13:08:55","modified_gmt":"2025-01-13T13:08:55","slug":"dql5545s-scelleuse-automatique-de-barres-en-l-et-dsd4520-tunnel-demballage-par-retraction","status":"publish","type":"product","link":"https:\/\/alfequipment.com\/fr\/product\/dql5545s-scelleuse-automatique-de-barres-en-l-et-dsd4520-tunnel-demballage-par-retraction\/","title":{"rendered":"DQL5545S Scelleuse automatique de barres en L et DSD4520 Tunnel de r\u00e9traction"},"content":{"rendered":"<p><\/p>\n<div style=\"vertical-align: top; padding-top: 10px; padding-bottom: 10px; margin-right: -4px; margin-left: -4px;\">\n<div style=\"vertical-align: top; box-sizing: border-box; padding-right: 4px; padding-left: 4px; margin-top: -4px; margin-bottom: -4px;\">\n<div id=\"szl4k\" style=\"vertical-align: top; box-sizing: border-box; padding-top: 4px; padding-bottom: 4px;\">\n   <\/div>\n<div id=\"cfys7\" style=\"vertical-align: top; box-sizing: border-box; padding-top: 4px; padding-bottom: 4px;\">\n<p style=\"margin: 0; padding: 0;\">Caract\u00e9ristiques de la soudeuse automatique en L DQL5545 :<\/p>\n<p>1. Le couteau de scellage adopte un alliage de cuivre pulv\u00e9ris\u00e9 avec du T\u00e9flon, il ne colle pas au film, le scelle rapidement, sans fum\u00e9e, sans pollution. Les couteaux de scellage horizontaux et verticaux adoptent une connexion compl\u00e8te sans espace, le film ne se casse pas. Le cadre de scellage adopte un alliage d'acier de haute qualit\u00e9, la qualit\u00e9 de scellage est stable, le cadre est difficile \u00e0 endommager.<\/p>\n<p>2. La machine dispose d'un syst\u00e8me enti\u00e8rement automatique, elle est \u00e9quip\u00e9e de capteurs et peut fonctionner \u00e0 grande vitesse.<\/p>\n<p>3. Il est pratique de l'ajuster en fonction des diff\u00e9rentes tailles de produits, il suffit d'ajuster la roue de la poign\u00e9e pour l'atteindre, l'op\u00e9ration est facile.<\/p>\n<p>4. Il peut \u00eatre reli\u00e9 \u00e0 la production<\/p>\n<p>5. Il est dot\u00e9 d'une fonction de protection qui permet d'\u00e9viter une mauvaise fermeture du produit et d'assurer la s\u00e9curit\u00e9 de l'op\u00e9rateur.<\/p>\n<p>Caract\u00e9ristiques du tunnel de r\u00e9traction DSD4520 :<\/p>\n<p>1. Il adopte un contacteur CA Schneider, un amplificateur \u00e0 semi-conducteurs de haute puissance et un r\u00e9gulateur de temp\u00e9rature intelligent pour rendre le syst\u00e8me plus performant.<br \/> Le syst\u00e8me de temp\u00e9rature est plus pr\u00e9cis, ce qui prolonge la dur\u00e9e de vie de l'appareil.<\/p>\n<p>2. Il adopte un convoyeur \u00e0 rouleaux solides, les rouleaux \u00e9tant envelopp\u00e9s d'un tube de gel de silice \u00e0 haute temp\u00e9rature. Il peut supporter des produits lourds et difficiles \u00e0 abraser (vous pouvez choisir un convoyeur de type filet).<\/p>\n<p>3. Il adopte un moteur de ventilateur \u00e0 haute puissance pour assurer un vent suffisamment fort afin d'obtenir un effet d'emballage parfait.<\/p>\n<p>4. La paroi int\u00e9rieure est en acier inoxydable, ce qui permet un transfert rapide de la temp\u00e9rature, un chauffage uniforme, une faible consommation d'\u00e9nergie et une longue dur\u00e9e de vie.<\/p>\n<p style=\"margin: 0; padding: 0;\">&nbsp;<\/p>\n<p style=\"margin: 0; padding: 0;\">5. Il est dot\u00e9 d'une fen\u00eatre visuelle, ce qui est pratique pour l'observation.<\/p>\n<p>Application :<br \/>Cette machine est largement utilis\u00e9e dans l'emballage r\u00e9tractable des produits alimentaires, des boissons, de l'imprimerie, des produits pharmaceutiques, des sols, de la quincaillerie et d'autres industries. Elle convient aux mat\u00e9riaux d'emballage POF.<\/p>\n<\/p><\/div>\n<\/p><\/div>\n<\/p><\/div>\n<div style=\"vertical-align: top; padding-top: 10px; padding-bottom: 10px; margin-right: -4px; margin-left: -4px;\">\n<div id=\"jznfi\" style=\"vertical-align: top; box-sizing: border-box; padding-right: 4px; padding-left: 4px;\">\n<table class=\"aliDataTable\" style=\"width: auto; border-collapse: collapse; word-wrap: break-word;\">\n<tbody>\n<tr>\n<td style=\"background-color: #dae2ed;\">\n<div style=\"width: 164px; height: auto; padding: 5px 10px; overflow: hidden;\">\n        Mod\u00e8le\n       <\/div>\n<\/td>\n<td style=\"background-color: #dae2ed;\">\n<div style=\"width: 269px; height: auto; padding: 5px 10px; overflow: hidden;\">\n        DQL5545S\n       <\/div>\n<\/td>\n<td style=\"background-color: #dae2ed;\">\n<div style=\"width: 246px; height: auto; padding: 5px 10px; overflow: hidden;\">\n        DSD4520\n       <\/div>\n<\/td>\n<\/tr>\n<tr>\n<td>\n<div style=\"width: 164px; height: auto; padding: 5px 10px; overflow: hidden;\">\n        Puissance\n       <\/div>\n<\/td>\n<td>\n<div style=\"width: 269px; height: auto; padding: 5px 10px; overflow: hidden;\">\n        2.1KW\n       <\/div>\n<\/td>\n<td>\n<div style=\"width: 246px; height: auto; padding: 5px 10px; overflow: hidden;\">\n        12,8 kW\n       <\/div>\n<\/td>\n<\/tr>\n<tr>\n<td>\n<div style=\"width: 164px; height: auto; padding: 5px 10px; overflow: hidden;\">\n        Tension\n       <\/div>\n<\/td>\n<td>\n<div style=\"width: 269px; height: auto; padding: 5px 10px; overflow: hidden;\">\n        220V 50\/60HZ\n       <\/div>\n<\/td>\n<td>\n<div style=\"width: 246px; height: auto; padding: 5px 10px; overflow: hidden;\">\n        380V 50HZ\/60HZ\n       <\/div>\n<\/td>\n<\/tr>\n<tr>\n<td>\n<div style=\"width: 164px; height: auto; padding: 5px 10px; overflow: hidden;\">\n        Dur\u00e9e d'\u00e9tanch\u00e9it\u00e9\n       <\/div>\n<\/td>\n<td>\n<div style=\"width: 269px; height: auto; padding: 5px 10px; overflow: hidden;\">\n        0.2-1.0s\n       <\/div>\n<\/td>\n<td>&nbsp;<\/td>\n<\/tr>\n<tr>\n<td>\n<div style=\"width: 164px; height: auto; padding: 5px 10px; overflow: hidden;\">\n        \u00c9paisseur du film\n       <\/div>\n<\/td>\n<td>\n<div style=\"width: 269px; height: auto; padding: 5px 10px; overflow: hidden;\">\n        0,012-0,06mm\n       <\/div>\n<\/td>\n<td>&nbsp;<\/td>\n<\/tr>\n<tr>\n<td>\n<div style=\"width: 164px; height: auto; padding: 5px 10px; overflow: hidden;\">\n        Compresseur de travail\n       <\/div>\n<\/td>\n<td>\n<div style=\"width: 269px; height: auto; padding: 5px 10px; overflow: hidden;\">\n        5-6mpa\n       <\/div>\n<\/td>\n<td>\n<div style=\"width: 246px; height: auto; padding: 5px 10px; overflow: hidden;\">\n        \/\n       <\/div>\n<\/td>\n<\/tr>\n<tr>\n<td>\n<div style=\"width: 164px; height: auto; padding: 5px 10px; overflow: hidden;\">\n        Taille maximale de l'emballage\n       <\/div>\n<\/td>\n<td>\n<div style=\"width: 269px; height: auto; padding: 5px 10px; overflow: hidden;\">\n        L+2H\u2264550mm;L+2H\u2264450mm;H \u2264140mm\n       <\/div>\n<\/td>\n<td>\n<div style=\"width: 246px; height: auto; padding: 5px 10px; overflow: hidden;\">\n        L450\u00d7H200\n       <\/div>\n<\/td>\n<\/tr>\n<tr>\n<td>\n<div style=\"width: 164px; height: auto; padding: 5px 10px; overflow: hidden;\">\n        Taille maximale d'\u00e9tanch\u00e9it\u00e9\n       <\/div>\n<\/td>\n<td>\n<div style=\"width: 269px; height: auto; padding: 5px 10px; overflow: hidden;\">\n        L550\u00d7L450\n       <\/div>\n<\/td>\n<td>\n<div style=\"width: 246px; height: auto; padding: 5px 10px; overflow: hidden;\">\n        Poids de chargement : 10 kg\n       <\/div>\n<\/td>\n<\/tr>\n<tr>\n<td>\n<div style=\"width: 164px; height: auto; padding: 5px 10px; overflow: hidden;\">\n        Capacit\u00e9\n       <\/div>\n<\/td>\n<td>\n<div style=\"width: 269px; height: auto; padding: 5px 10px; overflow: hidden;\">\n        0-25 pcs\/min\n       <\/div>\n<\/td>\n<td>\n<div style=\"width: 246px; height: auto; padding: 5px 10px; overflow: hidden;\">\n        0-10 m\/min\n       <\/div>\n<\/td>\n<\/tr>\n<tr>\n<td>\n<div style=\"width: 164px; height: 23px; padding: 5px 10px; overflow: hidden;\">\n        Temp\u00e9rature de scellement\n       <\/div>\n<\/td>\n<td colspan=\"2\">\n<div style=\"width: 537px; height: auto; padding: 5px 10px; overflow: hidden;\">\n        180\u00e2-250\u00e2 en fonction de l'\u00e9paisseur du film et de la temp\u00e9rature ambiante\n       <\/div>\n<\/td>\n<\/tr>\n<tr>\n<td>\n<div style=\"width: 164px; height: 21px; padding: 5px 10px; overflow: hidden;\">\n        Mat\u00e9riau d'emballage\n       <\/div>\n<\/td>\n<td colspan=\"2\">\n<div style=\"width: 537px; height: 20px; padding: 5px 10px; overflow: hidden;\">\n        POF PVC\n       <\/div>\n<\/td>\n<\/tr>\n<tr>\n<td>\n<div style=\"width: 164px; height: auto; padding: 5px 10px; overflow: hidden;\">\n        Poids de la machine (kg)\n       <\/div>\n<\/td>\n<td>\n<div style=\"width: 269px; height: auto; padding: 5px 10px; overflow: hidden;\">\n        320\n       <\/div>\n<\/td>\n<td>\n<div style=\"width: 246px; height: auto; padding: 5px 10px; overflow: hidden;\">\n        180\n       <\/div>\n<\/td>\n<\/tr>\n<tr>\n<td>\n<div style=\"width: 164px; height: auto; padding: 5px 10px; overflow: hidden;\">\n        Taille de la machine (mm)\n       <\/div>\n<\/td>\n<td>\n<div style=\"width: 269px; height: auto; padding: 5px 10px; overflow: hidden;\">\n        1760*940*1580\n       <\/div>\n<\/td>\n<td>\n<div style=\"width: 246px; height: auto; padding: 5px 10px; overflow: hidden;\">\n        L1600\u00d7W720\u00d7H1445\n       <\/div>\n<\/td>\n<\/tr>\n<\/tbody>\n<\/table><\/div>\n<\/p><\/div>\n<div style=\"vertical-align: top; padding-top: 10px; padding-bottom: 10px; margin-right: -4px; margin-left: -4px;\">\n<div id=\"y7hy5\" style=\"vertical-align: top; box-sizing: border-box; padding-right: 4px; padding-left: 4px;\">\n<div style=\"overflow: hidden; width: 750px; height: 750px;\">\n    <img decoding=\"async\" src=\"https:\/\/sc02.alicdn.com\/kf\/HTB1CjgeaE_rK1Rjy0Fcq6zEvVXa2\/64496\/HTB1CjgeaE_rK1Rjy0Fcq6zEvVXa2.jpg\" style=\"width: 750px; height: 750px; margin-left: 0px; margin-top: 0px;\" class=\"aligncenter\">\n   <\/div>\n<\/p><\/div>\n<\/p><\/div>\n<div style=\"vertical-align: top; padding-top: 10px; padding-bottom: 10px; margin-right: -4px; margin-left: -4px;\">\n<div id=\"q4lea\" style=\"vertical-align: top; width: 50%; display: inline-block; box-sizing: border-box; padding-right: 4px; padding-left: 4px;\">\n<div style=\"overflow: hidden; width: 371px; height: 320px;\">\n    <img decoding=\"async\" src=\"https:\/\/sc02.alicdn.com\/kf\/HTB1d2QnatzvK1RkSnfoq6zMwVXaY\/64496\/HTB1d2QnatzvK1RkSnfoq6zMwVXaY.jpg\" style=\"width: 371px; height: 371px; margin-left: 0px; margin-top: -28px;\" class=\"aligncenter\">\n   <\/div>\n<\/p><\/div>\n<div id=\"isqsb\" style=\"vertical-align: top; width: 50%; display: inline-block; box-sizing: border-box; padding-right: 4px; padding-left: 4px;\">\n<div style=\"overflow: hidden; width: 371px; height: 320px;\">\n    <img decoding=\"async\" src=\"https:\/\/sc01.alicdn.com\/kf\/HTB170ZnatfvK1RjSspfq6zzXFXaQ\/64496\/HTB170ZnatfvK1RjSspfq6zzXFXaQ.jpg\" style=\"width: 371px; height: 371px; margin-left: 0px; margin-top: -35px;\" class=\"aligncenter\">\n   <\/div>\n<\/p><\/div>\n<\/p><\/div>\n<div style=\"vertical-align: top; padding-top: 10px; padding-bottom: 10px; margin-right: -4px; margin-left: -4px;\">\n<div style=\"vertical-align: top; box-sizing: border-box; padding-right: 4px; padding-left: 4px; margin-top: -4px; margin-bottom: -4px;\">\n<div id=\"szw6w\" style=\"vertical-align: top; box-sizing: border-box; padding-top: 4px; padding-bottom: 4px;\">\n<div style=\"overflow: hidden; width: 750px; height: 320px;\">\n     <img decoding=\"async\" src=\"https:\/\/sc02.alicdn.com\/kf\/HTB1v_MXayjrK1RjSsplq6xHmVXaE\/64496\/HTB1v_MXayjrK1RjSsplq6xHmVXaE.jpg\" style=\"width: 750px; height: 750px; margin-left: 0px; margin-top: -238px;\" class=\"aligncenter\">\n    <\/div>\n<\/p><\/div>\n<div style=\"vertical-align: top; box-sizing: border-box; padding-top: 4px; padding-bottom: 4px; margin-right: -4px; margin-left: -4px;\">\n<div id=\"iqrag\" style=\"vertical-align: top; width: 50%; display: inline-block; box-sizing: border-box; padding-right: 4px; padding-left: 4px;\">\n<div style=\"overflow: hidden; width: 371px; height: 200px;\">\n      <img decoding=\"async\" src=\"https:\/\/sc01.alicdn.com\/kf\/HTB1VYZbasfrK1Rjy1Xdq6yemFXaQ\/64496\/HTB1VYZbasfrK1Rjy1Xdq6yemFXaQ.jpg\" style=\"width: 371px; height: 371px; margin-left: 0px; margin-top: -103px;\" class=\"aligncenter\">\n     <\/div>\n<\/p><\/div>\n<div id=\"fdnu5\" style=\"vertical-align: top; width: 50%; display: inline-block; box-sizing: border-box; padding-right: 4px; padding-left: 4px;\">\n<div style=\"overflow: hidden; width: 371px; height: 200px;\">\n      <img decoding=\"async\" src=\"https:\/\/sc01.alicdn.com\/kf\/HTB1wCcXatjvK1RjSspiq6AEqXXaF\/64496\/HTB1wCcXatjvK1RjSspiq6AEqXXaF.jpg\" style=\"width: 371px; height: 371px; margin-left: 0px; margin-top: -101px;\" class=\"aligncenter\">\n     <\/div>\n<\/p><\/div>\n<\/p><\/div>\n<\/p><\/div>\n<\/p><\/div>\n<div style=\"vertical-align: top; padding-top: 15px; padding-bottom: 15px;\">&nbsp; &nbsp;&nbsp;<\/div>\n<div style=\"vertical-align: top; padding-top: 10px; padding-bottom: 10px; margin-right: -4px; margin-left: -4px;\">\n<div id=\"sw3bs\" style=\"vertical-align: top; width: 50%; display: inline-block; box-sizing: border-box; padding-right: 4px; padding-left: 4px;\">\n  <\/div>\n<\/p><\/div>","protected":false},"excerpt":{"rendered":"<p>Tunnel de r\u00e9traction en L automatique<\/p>","protected":false},"featured_media":2682,"comment_status":"closed","ping_status":"open","template":"","meta":[],"product_brand":[],"product_cat":[97],"product_tag":[],"class_list":{"0":"post-2924","1":"product","2":"type-product","3":"status-publish","4":"has-post-thumbnail","6":"product_cat-sealing-machines","8":"first","9":"instock","10":"sale","11":"purchasable","12":"product-type-simple"},"yoast_head":"<!-- This site is optimized with the Yoast SEO Premium plugin v20.9 (Yoast SEO v26.5) - https:\/\/yoast.com\/wordpress\/plugins\/seo\/ -->\n<title>DQL5545S Automatic L bar type Sealer sealing packaging machine and DSD4520 Shrink Tunnel Packager - ALF PACK<\/title>\n<meta name=\"robots\" content=\"index, follow, max-snippet:-1, max-image-preview:large, max-video-preview:-1\" \/>\n<link rel=\"canonical\" href=\"https:\/\/alfequipment.com\/fr\/product\/dql5545s-scelleuse-automatique-de-barres-en-l-et-dsd4520-tunnel-demballage-par-retraction\/\" \/>\n<meta property=\"og:locale\" content=\"fr_FR\" \/>\n<meta property=\"og:type\" content=\"article\" \/>\n<meta property=\"og:title\" content=\"DQL5545S Automatic L bar type Sealer sealing packaging machine and DSD4520 Shrink Tunnel Packager\" \/>\n<meta property=\"og:description\" content=\"Automatic L Sealer Shrink Tunnel\" \/>\n<meta property=\"og:url\" content=\"https:\/\/alfequipment.com\/fr\/product\/dql5545s-scelleuse-automatique-de-barres-en-l-et-dsd4520-tunnel-demballage-par-retraction\/\" \/>\n<meta property=\"og:site_name\" content=\"ALF PACK\" \/>\n<meta property=\"article:modified_time\" content=\"2025-01-13T13:08:55+00:00\" \/>\n<meta property=\"og:image\" content=\"https:\/\/alfequipment.com\/wp-content\/uploads\/2025\/01\/DQL5545S-Automatic-L-bar-type-Sealer-sealing.jpg\" \/>\n\t<meta property=\"og:image:width\" content=\"800\" \/>\n\t<meta property=\"og:image:height\" content=\"800\" \/>\n\t<meta property=\"og:image:type\" content=\"image\/webp\" \/>\n<meta name=\"twitter:card\" content=\"summary_large_image\" \/>\n<meta name=\"twitter:label1\" content=\"Dur\u00e9e de lecture estim\u00e9e\" \/>\n\t<meta name=\"twitter:data1\" content=\"2 minutes\" \/>\n<script type=\"application\/ld+json\" class=\"yoast-schema-graph\">{\"@context\":\"https:\/\/schema.org\",\"@graph\":[{\"@type\":\"WebPage\",\"@id\":\"https:\/\/alfequipment.com\/product\/dql5545s-automatic-l-bar-type-sealer-sealing-packaging-machine-and-dsd4520-shrink-tunnel-packager\/\",\"url\":\"https:\/\/alfequipment.com\/product\/dql5545s-automatic-l-bar-type-sealer-sealing-packaging-machine-and-dsd4520-shrink-tunnel-packager\/\",\"name\":\"DQL5545S Automatic L bar type Sealer sealing packaging machine and DSD4520 Shrink Tunnel Packager - ALF PACK\",\"isPartOf\":{\"@id\":\"https:\/\/alfequipment.com\/#website\"},\"primaryImageOfPage\":{\"@id\":\"https:\/\/alfequipment.com\/product\/dql5545s-automatic-l-bar-type-sealer-sealing-packaging-machine-and-dsd4520-shrink-tunnel-packager\/#primaryimage\"},\"image\":{\"@id\":\"https:\/\/alfequipment.com\/product\/dql5545s-automatic-l-bar-type-sealer-sealing-packaging-machine-and-dsd4520-shrink-tunnel-packager\/#primaryimage\"},\"thumbnailUrl\":\"https:\/\/alfequipment.com\/wp-content\/uploads\/2025\/01\/DQL5545S-Automatic-L-bar-type-Sealer-sealing.jpg\",\"datePublished\":\"2024-12-08T12:40:47+00:00\",\"dateModified\":\"2025-01-13T13:08:55+00:00\",\"breadcrumb\":{\"@id\":\"https:\/\/alfequipment.com\/product\/dql5545s-automatic-l-bar-type-sealer-sealing-packaging-machine-and-dsd4520-shrink-tunnel-packager\/#breadcrumb\"},\"inLanguage\":\"fr-FR\",\"potentialAction\":[{\"@type\":\"ReadAction\",\"target\":[\"https:\/\/alfequipment.com\/product\/dql5545s-automatic-l-bar-type-sealer-sealing-packaging-machine-and-dsd4520-shrink-tunnel-packager\/\"]}]},{\"@type\":\"ImageObject\",\"inLanguage\":\"fr-FR\",\"@id\":\"https:\/\/alfequipment.com\/product\/dql5545s-automatic-l-bar-type-sealer-sealing-packaging-machine-and-dsd4520-shrink-tunnel-packager\/#primaryimage\",\"url\":\"https:\/\/alfequipment.com\/wp-content\/uploads\/2025\/01\/DQL5545S-Automatic-L-bar-type-Sealer-sealing.jpg\",\"contentUrl\":\"https:\/\/alfequipment.com\/wp-content\/uploads\/2025\/01\/DQL5545S-Automatic-L-bar-type-Sealer-sealing.jpg\",\"width\":800,\"height\":800},{\"@type\":\"BreadcrumbList\",\"@id\":\"https:\/\/alfequipment.com\/product\/dql5545s-automatic-l-bar-type-sealer-sealing-packaging-machine-and-dsd4520-shrink-tunnel-packager\/#breadcrumb\",\"itemListElement\":[{\"@type\":\"ListItem\",\"position\":1,\"name\":\"Home\",\"item\":\"https:\/\/alfequipment.com\/\"},{\"@type\":\"ListItem\",\"position\":2,\"name\":\"Shop\",\"item\":\"https:\/\/alfequipment.com\/shop\/\"},{\"@type\":\"ListItem\",\"position\":3,\"name\":\"DQL5545S Automatic L bar type Sealer sealing packaging machine and DSD4520 Shrink Tunnel Packager\"}]},{\"@type\":\"WebSite\",\"@id\":\"https:\/\/alfequipment.com\/#website\",\"url\":\"https:\/\/alfequipment.com\/\",\"name\":\"ALF PACK\",\"description\":\"\",\"publisher\":{\"@id\":\"https:\/\/alfequipment.com\/#organization\"},\"potentialAction\":[{\"@type\":\"SearchAction\",\"target\":{\"@type\":\"EntryPoint\",\"urlTemplate\":\"https:\/\/alfequipment.com\/?s={search_term_string}\"},\"query-input\":{\"@type\":\"PropertyValueSpecification\",\"valueRequired\":true,\"valueName\":\"search_term_string\"}}],\"inLanguage\":\"fr-FR\"},{\"@type\":\"Organization\",\"@id\":\"https:\/\/alfequipment.com\/#organization\",\"name\":\"ALF PACK\",\"url\":\"https:\/\/alfequipment.com\/\",\"logo\":{\"@type\":\"ImageObject\",\"inLanguage\":\"fr-FR\",\"@id\":\"https:\/\/alfequipment.com\/#\/schema\/logo\/image\/\",\"url\":\"https:\/\/alfequipment.com\/wp-content\/uploads\/2024\/11\/ALFlogo-2.webp\",\"contentUrl\":\"https:\/\/alfequipment.com\/wp-content\/uploads\/2024\/11\/ALFlogo-2.webp\",\"width\":758,\"height\":750,\"caption\":\"ALF PACK\"},\"image\":{\"@id\":\"https:\/\/alfequipment.com\/#\/schema\/logo\/image\/\"}}]}<\/script>\n<!-- \/ Yoast SEO Premium plugin. -->","yoast_head_json":{"title":"DQL5545S Scelleuse automatique de barres en L et DSD4520 Tunnel de r\u00e9traction - ALF PACK","robots":{"index":"index","follow":"follow","max-snippet":"max-snippet:-1","max-image-preview":"max-image-preview:large","max-video-preview":"max-video-preview:-1"},"canonical":"https:\/\/alfequipment.com\/fr\/product\/dql5545s-scelleuse-automatique-de-barres-en-l-et-dsd4520-tunnel-demballage-par-retraction\/","og_locale":"fr_FR","og_type":"article","og_title":"DQL5545S Automatic L bar type Sealer sealing packaging machine and DSD4520 Shrink Tunnel Packager","og_description":"Automatic L Sealer Shrink Tunnel","og_url":"https:\/\/alfequipment.com\/fr\/product\/dql5545s-scelleuse-automatique-de-barres-en-l-et-dsd4520-tunnel-demballage-par-retraction\/","og_site_name":"ALF PACK","article_modified_time":"2025-01-13T13:08:55+00:00","og_image":[{"width":800,"height":800,"url":"https:\/\/alfequipment.com\/wp-content\/uploads\/2025\/01\/DQL5545S-Automatic-L-bar-type-Sealer-sealing.jpg","type":"image\/webp"}],"twitter_card":"summary_large_image","twitter_misc":{"Dur\u00e9e de lecture estim\u00e9e":"2 minutes"},"schema":{"@context":"https:\/\/schema.org","@graph":[{"@type":"WebPage","@id":"https:\/\/alfequipment.com\/product\/dql5545s-automatic-l-bar-type-sealer-sealing-packaging-machine-and-dsd4520-shrink-tunnel-packager\/","url":"https:\/\/alfequipment.com\/product\/dql5545s-automatic-l-bar-type-sealer-sealing-packaging-machine-and-dsd4520-shrink-tunnel-packager\/","name":"DQL5545S Scelleuse automatique de barres en L et DSD4520 Tunnel de r\u00e9traction - ALF PACK","isPartOf":{"@id":"https:\/\/alfequipment.com\/#website"},"primaryImageOfPage":{"@id":"https:\/\/alfequipment.com\/product\/dql5545s-automatic-l-bar-type-sealer-sealing-packaging-machine-and-dsd4520-shrink-tunnel-packager\/#primaryimage"},"image":{"@id":"https:\/\/alfequipment.com\/product\/dql5545s-automatic-l-bar-type-sealer-sealing-packaging-machine-and-dsd4520-shrink-tunnel-packager\/#primaryimage"},"thumbnailUrl":"https:\/\/alfequipment.com\/wp-content\/uploads\/2025\/01\/DQL5545S-Automatic-L-bar-type-Sealer-sealing.jpg","datePublished":"2024-12-08T12:40:47+00:00","dateModified":"2025-01-13T13:08:55+00:00","breadcrumb":{"@id":"https:\/\/alfequipment.com\/product\/dql5545s-automatic-l-bar-type-sealer-sealing-packaging-machine-and-dsd4520-shrink-tunnel-packager\/#breadcrumb"},"inLanguage":"fr-FR","potentialAction":[{"@type":"ReadAction","target":["https:\/\/alfequipment.com\/product\/dql5545s-automatic-l-bar-type-sealer-sealing-packaging-machine-and-dsd4520-shrink-tunnel-packager\/"]}]},{"@type":"ImageObject","inLanguage":"fr-FR","@id":"https:\/\/alfequipment.com\/product\/dql5545s-automatic-l-bar-type-sealer-sealing-packaging-machine-and-dsd4520-shrink-tunnel-packager\/#primaryimage","url":"https:\/\/alfequipment.com\/wp-content\/uploads\/2025\/01\/DQL5545S-Automatic-L-bar-type-Sealer-sealing.jpg","contentUrl":"https:\/\/alfequipment.com\/wp-content\/uploads\/2025\/01\/DQL5545S-Automatic-L-bar-type-Sealer-sealing.jpg","width":800,"height":800},{"@type":"BreadcrumbList","@id":"https:\/\/alfequipment.com\/product\/dql5545s-automatic-l-bar-type-sealer-sealing-packaging-machine-and-dsd4520-shrink-tunnel-packager\/#breadcrumb","itemListElement":[{"@type":"ListItem","position":1,"name":"Home","item":"https:\/\/alfequipment.com\/"},{"@type":"ListItem","position":2,"name":"Shop","item":"https:\/\/alfequipment.com\/shop\/"},{"@type":"ListItem","position":3,"name":"DQL5545S Automatic L bar type Sealer sealing packaging machine and DSD4520 Shrink Tunnel Packager"}]},{"@type":"WebSite","@id":"https:\/\/alfequipment.com\/#website","url":"https:\/\/alfequipment.com\/","name":"PACK ALF","description":"","publisher":{"@id":"https:\/\/alfequipment.com\/#organization"},"potentialAction":[{"@type":"SearchAction","target":{"@type":"EntryPoint","urlTemplate":"https:\/\/alfequipment.com\/?s={search_term_string}"},"query-input":{"@type":"PropertyValueSpecification","valueRequired":true,"valueName":"search_term_string"}}],"inLanguage":"fr-FR"},{"@type":"Organization","@id":"https:\/\/alfequipment.com\/#organization","name":"PACK ALF","url":"https:\/\/alfequipment.com\/","logo":{"@type":"ImageObject","inLanguage":"fr-FR","@id":"https:\/\/alfequipment.com\/#\/schema\/logo\/image\/","url":"https:\/\/alfequipment.com\/wp-content\/uploads\/2024\/11\/ALFlogo-2.webp","contentUrl":"https:\/\/alfequipment.com\/wp-content\/uploads\/2024\/11\/ALFlogo-2.webp","width":758,"height":750,"caption":"ALF PACK"},"image":{"@id":"https:\/\/alfequipment.com\/#\/schema\/logo\/image\/"}}]}},"_links":{"self":[{"href":"https:\/\/alfequipment.com\/fr\/wp-json\/wp\/v2\/product\/2924","targetHints":{"allow":["GET"]}}],"collection":[{"href":"https:\/\/alfequipment.com\/fr\/wp-json\/wp\/v2\/product"}],"about":[{"href":"https:\/\/alfequipment.com\/fr\/wp-json\/wp\/v2\/types\/product"}],"replies":[{"embeddable":true,"href":"https:\/\/alfequipment.com\/fr\/wp-json\/wp\/v2\/comments?post=2924"}],"version-history":[{"count":0,"href":"https:\/\/alfequipment.com\/fr\/wp-json\/wp\/v2\/product\/2924\/revisions"}],"wp:featuredmedia":[{"embeddable":true,"href":"https:\/\/alfequipment.com\/fr\/wp-json\/wp\/v2\/media\/2682"}],"wp:attachment":[{"href":"https:\/\/alfequipment.com\/fr\/wp-json\/wp\/v2\/media?parent=2924"}],"wp:term":[{"taxonomy":"product_brand","embeddable":true,"href":"https:\/\/alfequipment.com\/fr\/wp-json\/wp\/v2\/product_brand?post=2924"},{"taxonomy":"product_cat","embeddable":true,"href":"https:\/\/alfequipment.com\/fr\/wp-json\/wp\/v2\/product_cat?post=2924"},{"taxonomy":"product_tag","embeddable":true,"href":"https:\/\/alfequipment.com\/fr\/wp-json\/wp\/v2\/product_tag?post=2924"}],"curies":[{"name":"wp","href":"https:\/\/api.w.org\/{rel}","templated":true}]}}