{"id":2927,"date":"2024-12-03T11:45:27","date_gmt":"2024-12-03T11:45:27","guid":{"rendered":"https:\/\/alfequipment.com\/product\/bzj5038b-bottle-packing-semi-automatic-sleeve-wrapper-and-bse5040a-pe-film-shrink-packaging-machine\/"},"modified":"2025-01-13T13:08:57","modified_gmt":"2025-01-13T13:08:57","slug":"bzj5038b-emballeuse-de-bouteilles-semi-automatique-et-bse5040a-machine-demballage-sous-film-retractable-pe","status":"publish","type":"product","link":"https:\/\/alfequipment.com\/fr\/product\/bzj5038b-emballeuse-de-bouteilles-semi-automatique-et-bse5040a-machine-demballage-sous-film-retractable-pe\/","title":{"rendered":"BZJ5038B Emballeuse de bouteilles semi-automatique et BSE5040A Machine d'emballage sous film r\u00e9tractable PE"},"content":{"rendered":"<div>\n<div style=\"vertical-align: top;padding-top: 15px; padding-bottom: 15px;\">\n<div id=\"fhu0y\" style=\"vertical-align: top;padding-top: 10px; padding-bottom: 10px\">\n<div id=\"ali-anchor-AliMaya-2kxb8\" style=\"padding:8px 0 4px 8px;border-bottom:2px solid #C5CCDE;border-radius:3px 3px 0 0;line-height:1;color:#4D6599;background-color:#C5CCDE;font-size:22px;\" data-section=\"AliMaya-2kxb8\" data-section-title=\"Product Description\"><\/div>\n<\/div>\n<div style=\"vertical-align: top;padding-top: 10px; padding-bottom: 10px; margin-right: -4px; margin-left: -4px;\">\n<div style=\"vertical-align: top; box-sizing: border-box; padding-right: 4px; padding-left: 4px;margin-top: -4px; margin-bottom: -4px;\">\n<div id=\"irxlz\" style=\"vertical-align: top; box-sizing: border-box; padding-top: 4px; padding-bottom: 4px\">\n<p style=\"margin:0;padding:0;\">La fardeleuse de la s\u00e9rie BZJ5038 convient \u00e0 l'emballage de canettes de boissons gazeuses, de bouteilles, etc., avec ou sans plateau inf\u00e9rieur, fonctionnant avec le BSE-5038 ou d'autres tunnels de r\u00e9traction en PE.<br \/>La machine adopte la technologie de pointe allemande et des marques internationales r\u00e9put\u00e9es, ce qui rend la capacit\u00e9 stable et l'utilisation de longue dur\u00e9e. \u00c9largissement de la gamme d'emballage ou machine sur mesure selon les besoins du client.<\/p>\n<p style=\"margin:0;padding:0;\">Caract\u00e9ristique : <br \/>1. L'interrupteur \u00e9lectromagn\u00e9tique sup\u00e9rieur et inf\u00e9rieur emp\u00eache les erreurs de scellage et prot\u00e8ge l'op\u00e9rateur.<\/p>\n<p>2. Toutes les machines sont simples et faciles \u00e0 r\u00e9gler pour s'adapter aux diff\u00e9rentes tailles d'emballage.<\/p>\n<p>3. Simplicit\u00e9 d'utilisation et d'entretien avec une grande efficacit\u00e9 d'emballage.<\/p>\n<p>4. Entrepreneur en courant alternatif 'Schneider', et le r\u00e9gulateur de temp\u00e9rature intelligent fonctionne de mani\u00e8re stable.<\/p>\n<p>5. Le syst\u00e8me d'alarme automatique prot\u00e8ge la machine et l'op\u00e9rateur.<\/p>\n<p>6. Le moteur du convoyeur, de grande puissance, avec r\u00e9glage progressif de la vitesse, assure une alimentation en douceur.<\/p>\n<p>7. Deux grands ventilateurs assurent une temp\u00e9rature homog\u00e8ne et stable dans le tunnel de r\u00e9traction, ce qui garantit un excellent effet de r\u00e9traction en une seule fois.<\/p>\n<p>8. Le super syst\u00e8me de refroidissement refroidit l'emballage et permet une figuration parfaite.<\/p>\n<\/p><\/div>\n<\/p><\/div>\n<\/p><\/div>\n<div style=\"vertical-align: top;padding-top: 10px; padding-bottom: 10px; margin-right: -4px; margin-left: -4px;\">\n<div id=\"7ljo1\" style=\"vertical-align: top; box-sizing: border-box; padding-right: 4px; padding-left: 4px\">\n<table style=\"width: auto; border-collapse: collapse; word-wrap: break-word;\" class=\"aliDataTable\">\n<tbody>\n<tr>\n<td style=\"background-color: rgb(218, 226, 237);\">\n<div style=\"width: 164px; height: 22px; padding: 5px 10px; overflow: hidden;\">\n          Mod\u00e8le\n         <\/div>\n<\/td>\n<td style=\"background-color: rgb(218, 226, 237);\">\n<div style=\"width: 164px; height: 22px; padding: 5px 10px; overflow: hidden;\">\n          BZJ-5038B(Pneumatique)\n         <\/div>\n<\/td>\n<td style=\"background-color: rgb(218, 226, 237);\">\n<div style=\"width: 164px; height: 22px; padding: 5px 10px; overflow: hidden;\">\n          Mod\u00e8le\n         <\/div>\n<\/td>\n<td style=\"background-color: rgb(218, 226, 237);\">\n<div style=\"width: 165px; height: 22px; padding: 5px 10px; overflow: hidden;\">\n          BSE5040A\n         <\/div>\n<\/td>\n<\/tr>\n<tr>\n<td>\n<div style=\"width: 164px; height: 22px; padding: 5px 10px; overflow: hidden;\">\n          Alimentation \u00e9lectrique\n         <\/div>\n<\/td>\n<td>\n<div style=\"width: 164px; height: 22px; padding: 5px 10px; overflow: hidden;\">\n          220-240V, 50-60Hz;1,8KW\n         <\/div>\n<\/td>\n<td>\n<div style=\"width: 164px; height: 22px; padding: 5px 10px; overflow: hidden;\">\n          Alimentation \u00e9lectrique\n         <\/div>\n<\/td>\n<td>\n<div style=\"width: 165px; height: 22px; padding: 5px 10px; overflow: hidden;\">\n          3 phases 220V\/380V 50-60HZ\n         <\/div>\n<\/td>\n<\/tr>\n<tr>\n<td>\n<div style=\"width: 164px; height: 22px; padding: 5px 10px; overflow: hidden;\">\n          Capacit\u00e9\n         <\/div>\n<\/td>\n<td>\n<div style=\"width: 164px; height: 22px; padding: 5px 10px; overflow: hidden;\">\n          2-6pcs\/minute\n         <\/div>\n<\/td>\n<td>\n<div style=\"width: 164px; height: 22px; padding: 5px 10px; overflow: hidden;\">\n          Puissance du chauffage\n         <\/div>\n<\/td>\n<td>\n<div style=\"width: 165px; height: 22px; padding: 5px 10px; overflow: hidden;\">\n          20KW Ajusteur\n         <\/div>\n<\/td>\n<\/tr>\n<tr>\n<td>\n<div style=\"width: 164px; height: 22px; padding: 5px 10px; overflow: hidden;\">\n          Temps de scellement\/r\u00e9tr\u00e9cissement\n         <\/div>\n<\/td>\n<td>\n<div style=\"width: 164px; height: 22px; padding: 5px 10px; overflow: hidden;\">\n          0,5-1,5s, 0-0,6s\n         <\/div>\n<\/td>\n<td>\n<div style=\"width: 164px; height: 22px; padding: 5px 10px; overflow: hidden;\">\n          Vitesse du convoyeur\n         <\/div>\n<\/td>\n<td>\n<div style=\"width: 165px; height: 22px; padding: 5px 10px; overflow: hidden;\">\n          0-10m\/minute\n         <\/div>\n<\/td>\n<\/tr>\n<tr>\n<td>\n<div style=\"width: 164px; height: auto; padding: 5px 10px; overflow: hidden;\">\n          Alimentation en air\n         <\/div>\n<\/td>\n<td>\n<div style=\"width: 164px; height: auto; padding: 5px 10px; overflow: hidden;\">\n          170L\/min 0.3-0.5Mpa\n         <\/div>\n<\/td>\n<td>\n<div style=\"width: 164px; height: 22px; padding: 5px 10px; overflow: hidden;\">\n          Taille du tunnel (L*L*H)\n         <\/div>\n<\/td>\n<td>\n<div style=\"width: 165px; height: 22px; padding: 5px 10px; overflow: hidden;\">\n          1500*500*460MM\n         <\/div>\n<\/td>\n<\/tr>\n<tr>\n<td>\n<div style=\"width: 164px; height: 22px; padding: 5px 10px; overflow: hidden;\">\n          Largeur du film\n         <\/div>\n<\/td>\n<td>\n<div style=\"width: 164px; height: 22px; padding: 5px 10px; overflow: hidden;\">\n          Max. 550mm\n         <\/div>\n<\/td>\n<td>\n<div style=\"width: 164px; height: 22px; padding: 5px 10px; overflow: hidden;\">\n          Chargement du convoyeur\n         <\/div>\n<\/td>\n<td>\n<div style=\"width: 165px; height: 22px; padding: 5px 10px; overflow: hidden;\">\n          30KGS MAX.\n         <\/div>\n<\/td>\n<\/tr>\n<tr>\n<td>\n<div style=\"width: 164px; height: 22px; padding: 5px 10px; overflow: hidden;\">\n          \u00c9paisseur du film\n         <\/div>\n<\/td>\n<td>\n<div style=\"width: 164px; height: 22px; padding: 5px 10px; overflow: hidden;\">\n          0,04-0,12 mm\n         <\/div>\n<\/td>\n<td>\n<div style=\"width: 164px; height: 22px; padding: 5px 10px; overflow: hidden;\">\n          Film r\u00e9tractable\n         <\/div>\n<\/td>\n<td>\n<div style=\"width: 165px; height: 22px; padding: 5px 10px; overflow: hidden;\">\n          PE, POF, PVC, PP\n         <\/div>\n<\/td>\n<\/tr>\n<tr>\n<td>\n<div style=\"width: 164px; height: 22px; padding: 5px 10px; overflow: hidden;\">\n          Dimensions maximales de l'emballage (L*L*H)\n         <\/div>\n<\/td>\n<td>\n<div style=\"width: 164px; height: 22px; padding: 5px 10px; overflow: hidden;\">\n          450 x 270 x 350mm\n         <\/div>\n<\/td>\n<td>\n<div style=\"width: 164px; height: 22px; padding: 5px 10px; overflow: hidden;\">\n          Poids de la machine\n         <\/div>\n<\/td>\n<td>\n<div style=\"width: 165px; height: 22px; padding: 5px 10px; overflow: hidden;\">\n          470KG\n         <\/div>\n<\/td>\n<\/tr>\n<tr>\n<td>\n<div style=\"width: 164px; height: 22px; padding: 5px 10px; overflow: hidden;\">\n          Dimensions minimales de l'emballage (L*L*H)\n         <\/div>\n<\/td>\n<td>\n<div style=\"width: 164px; height: 22px; padding: 5px 10px; overflow: hidden;\">\n          250 x 60 x 60mm\n         <\/div>\n<\/td>\n<td>\n<div style=\"width: 164px; height: 22px; padding: 5px 10px; overflow: hidden;\">\n          Taille de la machine\n         <\/div>\n<\/td>\n<td>\n<div style=\"width: 165px; height: 22px; padding: 5px 10px; overflow: hidden;\">\n          2500*820*1680MM\n         <\/div>\n<\/td>\n<\/tr>\n<tr>\n<td>\n<div style=\"width: 164px; height: 22px; padding: 5px 10px; overflow: hidden;\">\n          Taille de la machine (L*L*H)\n         <\/div>\n<\/td>\n<td>\n<div style=\"width: 164px; height: 22px; padding: 5px 10px; overflow: hidden;\">\n          1020 x 830 x 1980mm\n         <\/div>\n<\/td>\n<td>\n<div style=\"width: 164px; height: 22px; padding: 5px 10px; overflow: hidden;\"><\/div>\n<\/td>\n<td>\n<div style=\"width: 165px; height: 22px; padding: 5px 10px; overflow: hidden;\"><\/div>\n<\/td>\n<\/tr>\n<tr>\n<td>\n<div style=\"width: 164px; height: 22px; padding: 5px 10px; overflow: hidden;\">\n          Taille de l'emballage\n         <\/div>\n<\/td>\n<td>\n<div style=\"width: 164px; height: 22px; padding: 5px 10px; overflow: hidden;\">\n          1120*940*2000mm\n         <\/div>\n<\/td>\n<td>\n<div style=\"width: 164px; height: 22px; padding: 5px 10px; overflow: hidden;\"><\/div>\n<\/td>\n<td>\n<div style=\"width: 165px; height: 22px; padding: 5px 10px; overflow: hidden;\"><\/div>\n<\/td>\n<\/tr>\n<\/tbody>\n<\/table><\/div>\n<\/p><\/div>\n<div style=\"vertical-align: top;padding-top: 10px; padding-bottom: 10px; margin-right: -4px; margin-left: -4px;\">\n<div id=\"kam2a\" style=\"vertical-align: top; box-sizing: border-box; padding-right: 4px; padding-left: 4px\">\n<div style=\"overflow: hidden; width: 750px; height: 750px;\">\n      <img decoding=\"async\" src=\"https:\/\/sc01.alicdn.com\/kf\/HTB1ouaWaITxK1Rjy0Fgq6yovpXap\/64496\/HTB1ouaWaITxK1Rjy0Fgq6yovpXap.jpg\" style=\"width: 750px; height: 750px; margin-left: 0px; margin-top: 0px;\" class=\"aligncenter\">\n     <\/div>\n<\/p><\/div>\n<\/p><\/div>\n<div style=\"vertical-align: top;padding-top: 10px; padding-bottom: 10px; margin-right: -4px; margin-left: -4px;\">\n<div id=\"rsux9\" style=\"vertical-align: top; width: 50%; display: inline-block; box-sizing: border-box; padding-right: 4px; padding-left: 4px\">\n<div style=\"overflow: hidden; width: 371px; height: 320px;\">\n      <img decoding=\"async\" src=\"https:\/\/sc02.alicdn.com\/kf\/HTB1Hc91aPvuK1Rjy0Faq6x2aVXag\/64496\/HTB1Hc91aPvuK1Rjy0Faq6x2aVXag.jpg\" style=\"width: 371px; height: 371px; margin-left: 0px; margin-top: -51px;\" class=\"aligncenter\">\n     <\/div>\n<\/p><\/div>\n<div id=\"z7ks7\" style=\"vertical-align: top; width: 50%; display: inline-block; box-sizing: border-box; padding-right: 4px; padding-left: 4px\">\n<div style=\"overflow: hidden; width: 371px; height: 320px;\">\n      <img decoding=\"async\" src=\"https:\/\/sc02.alicdn.com\/kf\/HTB1JNZ.ayjrK1RjSsplq6xHmVXas\/64496\/HTB1JNZ.ayjrK1RjSsplq6xHmVXas.jpg\" style=\"width: 371px; height: 371px; margin-left: 0px; margin-top: -51px;\" class=\"aligncenter\">\n     <\/div>\n<\/p><\/div>\n<\/p><\/div>\n<div style=\"vertical-align: top;padding-top: 10px; padding-bottom: 10px; margin-right: -4px; margin-left: -4px;\">\n<div id=\"uj4cw\" style=\"vertical-align: top; width: 50%; display: inline-block; box-sizing: border-box; padding-right: 4px; padding-left: 4px\">\n<div style=\"overflow: hidden; width: 371px; height: 320px;\">\n      <img decoding=\"async\" src=\"https:\/\/sc02.alicdn.com\/kf\/HTB1mcyZaPDuK1RjSszdq6xGLpXav\/64496\/HTB1mcyZaPDuK1RjSszdq6xGLpXav.jpg\" style=\"width: 371px; height: 371px; margin-left: 0px; margin-top: -51px;\" class=\"aligncenter\">\n     <\/div>\n<\/p><\/div>\n<div id=\"yofoh\" style=\"vertical-align: top; width: 50%; display: inline-block; box-sizing: border-box; padding-right: 4px; padding-left: 4px\">\n<div style=\"overflow: hidden; width: 371px; height: 320px;\">\n      <img decoding=\"async\" src=\"https:\/\/sc02.alicdn.com\/kf\/HTB1Xh1ZaOHrK1Rjy0Flq6AsaFXac\/64496\/HTB1Xh1ZaOHrK1Rjy0Flq6AsaFXac.jpg\" style=\"width: 371px; height: 371px; margin-left: 0px; margin-top: -51px;\" class=\"aligncenter\">\n     <\/div>\n<\/p><\/div>\n<\/p><\/div>\n<div style=\"vertical-align: top;padding-top: 10px; padding-bottom: 10px; margin-right: -4px; margin-left: -4px;\">\n<div id=\"7xszj\" style=\"vertical-align: top; box-sizing: border-box; padding-right: 4px; padding-left: 4px\">\n<div style=\"overflow: hidden; width: 750px; height: 632.129px;\">\n      <img decoding=\"async\" src=\"https:\/\/sc02.alicdn.com\/kf\/HTB1mM9VaPzuK1Rjy0Fpq6yEpFXar\/64496\/HTB1mM9VaPzuK1Rjy0Fpq6yEpFXar.jpg\" style=\"width: 750px; height: 632.129px; margin-left: 0px; margin-top: 0px;\" class=\"aligncenter\">\n     <\/div>\n<\/p><\/div>\n<\/p><\/div>\n<\/p><\/div>\n<div style=\"vertical-align: top;padding-top: 15px; padding-bottom: 15px;\">\n<div id=\"l50kt\" style=\"vertical-align: top;padding-top: 10px; padding-bottom: 10px\">\n<div id=\"ali-anchor-AliMaya-q6141\" style=\"padding:8px 0 4px 8px;border-bottom:2px solid #C5CCDE;border-radius:3px 3px 0 0;line-height:1;color:#4D6599;background-color:#C5CCDE;font-size:22px;\" data-section=\"AliMaya-q6141\" data-section-title=\"Certifications\"><\/div>\n<\/div>\n<\/div>\n<div style=\"vertical-align: top;padding-top: 15px; padding-bottom: 15px;\">\n<div style=\"vertical-align: top;padding-top: 10px; padding-bottom: 10px; margin-right: -4px; margin-left: -4px;\">\n<div id=\"a4d85\" style=\"vertical-align: top; width: 50%; display: inline-block; box-sizing: border-box; padding-right: 4px; padding-left: 4px\">\n    <\/div>\n<\/p><\/div>\n<\/p><\/div>\n<\/p><\/div>","protected":false},"excerpt":{"rendered":"<p>Machine \u00e0 r\u00e9tracter les manchons de bouteilles<\/p>","protected":false},"featured_media":2688,"comment_status":"closed","ping_status":"open","template":"","meta":[],"product_brand":[],"product_cat":[98],"product_tag":[],"class_list":{"0":"post-2927","1":"product","2":"type-product","3":"status-publish","4":"has-post-thumbnail","6":"product_cat-wrapping-machines","8":"first","9":"instock","10":"sale","11":"purchasable","12":"product-type-simple"},"yoast_head":"<!-- This site is optimized with the Yoast SEO Premium plugin v20.9 (Yoast SEO v26.5) - https:\/\/yoast.com\/wordpress\/plugins\/seo\/ -->\n<title>BZJ5038B Bottle packing Semi-Automatic Sleeve Wrapper and BSE5040A PE Film shrink packaging machine - ALF PACK<\/title>\n<meta name=\"robots\" content=\"index, follow, max-snippet:-1, max-image-preview:large, max-video-preview:-1\" \/>\n<link rel=\"canonical\" href=\"https:\/\/alfequipment.com\/fr\/product\/bzj5038b-emballeuse-de-bouteilles-semi-automatique-et-bse5040a-machine-demballage-sous-film-retractable-pe\/\" \/>\n<meta property=\"og:locale\" content=\"fr_FR\" \/>\n<meta property=\"og:type\" content=\"article\" \/>\n<meta property=\"og:title\" content=\"BZJ5038B Bottle packing Semi-Automatic Sleeve Wrapper and BSE5040A PE Film shrink packaging machine\" \/>\n<meta property=\"og:description\" content=\"Bottle Sleeve Wrap Shrink Machine\" \/>\n<meta property=\"og:url\" content=\"https:\/\/alfequipment.com\/fr\/product\/bzj5038b-emballeuse-de-bouteilles-semi-automatique-et-bse5040a-machine-demballage-sous-film-retractable-pe\/\" \/>\n<meta property=\"og:site_name\" content=\"ALF PACK\" \/>\n<meta property=\"article:modified_time\" content=\"2025-01-13T13:08:57+00:00\" \/>\n<meta property=\"og:image\" content=\"https:\/\/alfequipment.com\/wp-content\/uploads\/2025\/01\/BZJ5038B-Bottle-packing-Semi-Automatic-Sleeve-Wrapper-1.jpg\" \/>\n\t<meta property=\"og:image:width\" content=\"800\" \/>\n\t<meta property=\"og:image:height\" content=\"800\" \/>\n\t<meta property=\"og:image:type\" content=\"image\/webp\" \/>\n<meta name=\"twitter:card\" content=\"summary_large_image\" \/>\n<meta name=\"twitter:label1\" content=\"Dur\u00e9e de lecture estim\u00e9e\" \/>\n\t<meta name=\"twitter:data1\" content=\"1 minute\" \/>\n<script type=\"application\/ld+json\" class=\"yoast-schema-graph\">{\"@context\":\"https:\/\/schema.org\",\"@graph\":[{\"@type\":\"WebPage\",\"@id\":\"https:\/\/alfequipment.com\/product\/bzj5038b-bottle-packing-semi-automatic-sleeve-wrapper-and-bse5040a-pe-film-shrink-packaging-machine\/\",\"url\":\"https:\/\/alfequipment.com\/product\/bzj5038b-bottle-packing-semi-automatic-sleeve-wrapper-and-bse5040a-pe-film-shrink-packaging-machine\/\",\"name\":\"BZJ5038B Bottle packing Semi-Automatic Sleeve Wrapper and BSE5040A PE Film shrink packaging machine - ALF PACK\",\"isPartOf\":{\"@id\":\"https:\/\/alfequipment.com\/#website\"},\"primaryImageOfPage\":{\"@id\":\"https:\/\/alfequipment.com\/product\/bzj5038b-bottle-packing-semi-automatic-sleeve-wrapper-and-bse5040a-pe-film-shrink-packaging-machine\/#primaryimage\"},\"image\":{\"@id\":\"https:\/\/alfequipment.com\/product\/bzj5038b-bottle-packing-semi-automatic-sleeve-wrapper-and-bse5040a-pe-film-shrink-packaging-machine\/#primaryimage\"},\"thumbnailUrl\":\"https:\/\/alfequipment.com\/wp-content\/uploads\/2025\/01\/BZJ5038B-Bottle-packing-Semi-Automatic-Sleeve-Wrapper-1.jpg\",\"datePublished\":\"2024-12-03T11:45:27+00:00\",\"dateModified\":\"2025-01-13T13:08:57+00:00\",\"breadcrumb\":{\"@id\":\"https:\/\/alfequipment.com\/product\/bzj5038b-bottle-packing-semi-automatic-sleeve-wrapper-and-bse5040a-pe-film-shrink-packaging-machine\/#breadcrumb\"},\"inLanguage\":\"fr-FR\",\"potentialAction\":[{\"@type\":\"ReadAction\",\"target\":[\"https:\/\/alfequipment.com\/product\/bzj5038b-bottle-packing-semi-automatic-sleeve-wrapper-and-bse5040a-pe-film-shrink-packaging-machine\/\"]}]},{\"@type\":\"ImageObject\",\"inLanguage\":\"fr-FR\",\"@id\":\"https:\/\/alfequipment.com\/product\/bzj5038b-bottle-packing-semi-automatic-sleeve-wrapper-and-bse5040a-pe-film-shrink-packaging-machine\/#primaryimage\",\"url\":\"https:\/\/alfequipment.com\/wp-content\/uploads\/2025\/01\/BZJ5038B-Bottle-packing-Semi-Automatic-Sleeve-Wrapper-1.jpg\",\"contentUrl\":\"https:\/\/alfequipment.com\/wp-content\/uploads\/2025\/01\/BZJ5038B-Bottle-packing-Semi-Automatic-Sleeve-Wrapper-1.jpg\",\"width\":800,\"height\":800},{\"@type\":\"BreadcrumbList\",\"@id\":\"https:\/\/alfequipment.com\/product\/bzj5038b-bottle-packing-semi-automatic-sleeve-wrapper-and-bse5040a-pe-film-shrink-packaging-machine\/#breadcrumb\",\"itemListElement\":[{\"@type\":\"ListItem\",\"position\":1,\"name\":\"Home\",\"item\":\"https:\/\/alfequipment.com\/\"},{\"@type\":\"ListItem\",\"position\":2,\"name\":\"Shop\",\"item\":\"https:\/\/alfequipment.com\/shop\/\"},{\"@type\":\"ListItem\",\"position\":3,\"name\":\"BZJ5038B Bottle packing Semi-Automatic Sleeve Wrapper and BSE5040A PE Film shrink packaging machine\"}]},{\"@type\":\"WebSite\",\"@id\":\"https:\/\/alfequipment.com\/#website\",\"url\":\"https:\/\/alfequipment.com\/\",\"name\":\"ALF PACK\",\"description\":\"\",\"publisher\":{\"@id\":\"https:\/\/alfequipment.com\/#organization\"},\"potentialAction\":[{\"@type\":\"SearchAction\",\"target\":{\"@type\":\"EntryPoint\",\"urlTemplate\":\"https:\/\/alfequipment.com\/?s={search_term_string}\"},\"query-input\":{\"@type\":\"PropertyValueSpecification\",\"valueRequired\":true,\"valueName\":\"search_term_string\"}}],\"inLanguage\":\"fr-FR\"},{\"@type\":\"Organization\",\"@id\":\"https:\/\/alfequipment.com\/#organization\",\"name\":\"ALF PACK\",\"url\":\"https:\/\/alfequipment.com\/\",\"logo\":{\"@type\":\"ImageObject\",\"inLanguage\":\"fr-FR\",\"@id\":\"https:\/\/alfequipment.com\/#\/schema\/logo\/image\/\",\"url\":\"https:\/\/alfequipment.com\/wp-content\/uploads\/2024\/11\/ALFlogo-2.webp\",\"contentUrl\":\"https:\/\/alfequipment.com\/wp-content\/uploads\/2024\/11\/ALFlogo-2.webp\",\"width\":758,\"height\":750,\"caption\":\"ALF PACK\"},\"image\":{\"@id\":\"https:\/\/alfequipment.com\/#\/schema\/logo\/image\/\"}}]}<\/script>\n<!-- \/ Yoast SEO Premium plugin. -->","yoast_head_json":{"title":"BZJ5038B Emballeuse de bouteilles semi-automatique et BSE5040A Machine \u00e0 emballer sous film r\u00e9tractable PE - ALF PACK","robots":{"index":"index","follow":"follow","max-snippet":"max-snippet:-1","max-image-preview":"max-image-preview:large","max-video-preview":"max-video-preview:-1"},"canonical":"https:\/\/alfequipment.com\/fr\/product\/bzj5038b-emballeuse-de-bouteilles-semi-automatique-et-bse5040a-machine-demballage-sous-film-retractable-pe\/","og_locale":"fr_FR","og_type":"article","og_title":"BZJ5038B Bottle packing Semi-Automatic Sleeve Wrapper and BSE5040A PE Film shrink packaging machine","og_description":"Bottle Sleeve Wrap Shrink Machine","og_url":"https:\/\/alfequipment.com\/fr\/product\/bzj5038b-emballeuse-de-bouteilles-semi-automatique-et-bse5040a-machine-demballage-sous-film-retractable-pe\/","og_site_name":"ALF PACK","article_modified_time":"2025-01-13T13:08:57+00:00","og_image":[{"width":800,"height":800,"url":"https:\/\/alfequipment.com\/wp-content\/uploads\/2025\/01\/BZJ5038B-Bottle-packing-Semi-Automatic-Sleeve-Wrapper-1.jpg","type":"image\/webp"}],"twitter_card":"summary_large_image","twitter_misc":{"Dur\u00e9e de lecture estim\u00e9e":"1 minute"},"schema":{"@context":"https:\/\/schema.org","@graph":[{"@type":"WebPage","@id":"https:\/\/alfequipment.com\/product\/bzj5038b-bottle-packing-semi-automatic-sleeve-wrapper-and-bse5040a-pe-film-shrink-packaging-machine\/","url":"https:\/\/alfequipment.com\/product\/bzj5038b-bottle-packing-semi-automatic-sleeve-wrapper-and-bse5040a-pe-film-shrink-packaging-machine\/","name":"BZJ5038B Emballeuse de bouteilles semi-automatique et BSE5040A Machine \u00e0 emballer sous film r\u00e9tractable PE - ALF PACK","isPartOf":{"@id":"https:\/\/alfequipment.com\/#website"},"primaryImageOfPage":{"@id":"https:\/\/alfequipment.com\/product\/bzj5038b-bottle-packing-semi-automatic-sleeve-wrapper-and-bse5040a-pe-film-shrink-packaging-machine\/#primaryimage"},"image":{"@id":"https:\/\/alfequipment.com\/product\/bzj5038b-bottle-packing-semi-automatic-sleeve-wrapper-and-bse5040a-pe-film-shrink-packaging-machine\/#primaryimage"},"thumbnailUrl":"https:\/\/alfequipment.com\/wp-content\/uploads\/2025\/01\/BZJ5038B-Bottle-packing-Semi-Automatic-Sleeve-Wrapper-1.jpg","datePublished":"2024-12-03T11:45:27+00:00","dateModified":"2025-01-13T13:08:57+00:00","breadcrumb":{"@id":"https:\/\/alfequipment.com\/product\/bzj5038b-bottle-packing-semi-automatic-sleeve-wrapper-and-bse5040a-pe-film-shrink-packaging-machine\/#breadcrumb"},"inLanguage":"fr-FR","potentialAction":[{"@type":"ReadAction","target":["https:\/\/alfequipment.com\/product\/bzj5038b-bottle-packing-semi-automatic-sleeve-wrapper-and-bse5040a-pe-film-shrink-packaging-machine\/"]}]},{"@type":"ImageObject","inLanguage":"fr-FR","@id":"https:\/\/alfequipment.com\/product\/bzj5038b-bottle-packing-semi-automatic-sleeve-wrapper-and-bse5040a-pe-film-shrink-packaging-machine\/#primaryimage","url":"https:\/\/alfequipment.com\/wp-content\/uploads\/2025\/01\/BZJ5038B-Bottle-packing-Semi-Automatic-Sleeve-Wrapper-1.jpg","contentUrl":"https:\/\/alfequipment.com\/wp-content\/uploads\/2025\/01\/BZJ5038B-Bottle-packing-Semi-Automatic-Sleeve-Wrapper-1.jpg","width":800,"height":800},{"@type":"BreadcrumbList","@id":"https:\/\/alfequipment.com\/product\/bzj5038b-bottle-packing-semi-automatic-sleeve-wrapper-and-bse5040a-pe-film-shrink-packaging-machine\/#breadcrumb","itemListElement":[{"@type":"ListItem","position":1,"name":"Home","item":"https:\/\/alfequipment.com\/"},{"@type":"ListItem","position":2,"name":"Shop","item":"https:\/\/alfequipment.com\/shop\/"},{"@type":"ListItem","position":3,"name":"BZJ5038B Bottle packing Semi-Automatic Sleeve Wrapper and BSE5040A PE Film shrink packaging machine"}]},{"@type":"WebSite","@id":"https:\/\/alfequipment.com\/#website","url":"https:\/\/alfequipment.com\/","name":"PACK ALF","description":"","publisher":{"@id":"https:\/\/alfequipment.com\/#organization"},"potentialAction":[{"@type":"SearchAction","target":{"@type":"EntryPoint","urlTemplate":"https:\/\/alfequipment.com\/?s={search_term_string}"},"query-input":{"@type":"PropertyValueSpecification","valueRequired":true,"valueName":"search_term_string"}}],"inLanguage":"fr-FR"},{"@type":"Organization","@id":"https:\/\/alfequipment.com\/#organization","name":"PACK ALF","url":"https:\/\/alfequipment.com\/","logo":{"@type":"ImageObject","inLanguage":"fr-FR","@id":"https:\/\/alfequipment.com\/#\/schema\/logo\/image\/","url":"https:\/\/alfequipment.com\/wp-content\/uploads\/2024\/11\/ALFlogo-2.webp","contentUrl":"https:\/\/alfequipment.com\/wp-content\/uploads\/2024\/11\/ALFlogo-2.webp","width":758,"height":750,"caption":"ALF PACK"},"image":{"@id":"https:\/\/alfequipment.com\/#\/schema\/logo\/image\/"}}]}},"_links":{"self":[{"href":"https:\/\/alfequipment.com\/fr\/wp-json\/wp\/v2\/product\/2927","targetHints":{"allow":["GET"]}}],"collection":[{"href":"https:\/\/alfequipment.com\/fr\/wp-json\/wp\/v2\/product"}],"about":[{"href":"https:\/\/alfequipment.com\/fr\/wp-json\/wp\/v2\/types\/product"}],"replies":[{"embeddable":true,"href":"https:\/\/alfequipment.com\/fr\/wp-json\/wp\/v2\/comments?post=2927"}],"version-history":[{"count":0,"href":"https:\/\/alfequipment.com\/fr\/wp-json\/wp\/v2\/product\/2927\/revisions"}],"wp:featuredmedia":[{"embeddable":true,"href":"https:\/\/alfequipment.com\/fr\/wp-json\/wp\/v2\/media\/2688"}],"wp:attachment":[{"href":"https:\/\/alfequipment.com\/fr\/wp-json\/wp\/v2\/media?parent=2927"}],"wp:term":[{"taxonomy":"product_brand","embeddable":true,"href":"https:\/\/alfequipment.com\/fr\/wp-json\/wp\/v2\/product_brand?post=2927"},{"taxonomy":"product_cat","embeddable":true,"href":"https:\/\/alfequipment.com\/fr\/wp-json\/wp\/v2\/product_cat?post=2927"},{"taxonomy":"product_tag","embeddable":true,"href":"https:\/\/alfequipment.com\/fr\/wp-json\/wp\/v2\/product_tag?post=2927"}],"curies":[{"name":"wp","href":"https:\/\/api.w.org\/{rel}","templated":true}]}}