{"id":2931,"date":"2025-01-09T06:40:14","date_gmt":"2025-01-09T06:40:14","guid":{"rendered":"https:\/\/alfequipment.com\/product\/as2000s-hot-sale-automatic-double-tube-liquid-packaging-machine-two-nozzles\/"},"modified":"2025-01-13T13:08:58","modified_gmt":"2025-01-13T13:08:58","slug":"as2000s-hot-sale-automatic-double-tube-liquid-packaging-machine-two-nozzles","status":"publish","type":"product","link":"https:\/\/alfequipment.com\/fr\/product\/as2000s-hot-sale-automatic-double-tube-liquid-packaging-machine-two-nozzles\/","title":{"rendered":"AS2000S Vente \u00e0 chaud Conditionneuse automatique de liquides \u00e0 double tube (deux buses)"},"content":{"rendered":"<p><span style=\"font-size: 16px;\">1.<\/span><span style=\"font-size: 12pt; font-family: Verdana, Arial, Helvetica, sans-serif;\">La machine automatique d'emballage de liquides AS2000S peut \u00eatre largement utilis\u00e9e pour l'emballage de divers types de liquides, en particulier pour l'emballage en sachets de jus de fruits, de bandes glac\u00e9es et d'autres produits \u00e0 base de boissons.<\/span><\/p>\n<p><span style=\"font-size: 12pt; font-family: Verdana, Arial, Helvetica, sans-serif;\">2. la machine dispose d'un double syst\u00e8me de remplissage, de formation de sachets et de scellage, de sorte que la capacit\u00e9 est deux fois sup\u00e9rieure \u00e0 celle d'un type similaire de machine automatique d'emballage de liquides. <\/span><\/p>\n<p><span style=\"font-size: 12pt; font-family: Verdana, Arial, Helvetica, sans-serif;\">3. deux pistons de remplissage s\u00e9par\u00e9s permettent \u00e0 la machine de produire deux types de boissons en m\u00eame temps.<\/span><\/p>\n<p><span style=\"font-size: 12pt;\">&nbsp;<\/span><\/p>\n<p><span style=\"font-size: 12pt;\">Sp\u00e9cification :<\/span><\/p>\n<table class=\"aliDataTable\" border=\"1\" cellspacing=\"0\" cellpadding=\"0\">\n<tbody>\n<tr align=\"left\">\n<td style=\"width: 183.7pt;\" valign=\"top\">\n<p><span style=\"font-size: 12pt;\">Mod\u00e8le<\/span><\/p>\n<\/td>\n<td style=\"width: 158.3pt;\" valign=\"top\">\n<p><span style=\"font-size: 12pt;\">AS2000S<\/span><\/p>\n<\/td>\n<\/tr>\n<tr align=\"left\">\n<td valign=\"top\">\n<p><span style=\"font-size: 12pt;\">Capacit\u00e9<\/span><\/p>\n<\/td>\n<td valign=\"top\">\n<p><span style=\"font-size: 12pt;\">2500-3000 sacs\/heure<\/span><\/p>\n<\/td>\n<\/tr>\n<tr align=\"left\">\n<td valign=\"top\">\n<p><span style=\"font-size: 12pt;\">Volume d'emballage<\/span><\/p>\n<\/td>\n<td valign=\"top\">\n<p><span style=\"font-size: 12pt;\">100ml-250ml X 2<\/span><\/p>\n<\/td>\n<\/tr>\n<tr align=\"left\">\n<td valign=\"top\">\n<p><span style=\"font-size: 12pt;\">Puissance<\/span><\/p>\n<\/td>\n<td valign=\"top\">\n<p><span style=\"font-size: 12pt;\">220V\/380V 1.8KW<\/span><\/p>\n<\/td>\n<\/tr>\n<tr align=\"left\">\n<td valign=\"top\">\n<p><span style=\"font-size: 12pt;\">Largeur du film<\/span><\/p>\n<\/td>\n<td valign=\"top\">\n<p><span style=\"font-size: 12pt;\">90mm-150mm<\/span><\/p>\n<\/td>\n<\/tr>\n<tr align=\"left\">\n<td valign=\"top\">\n<p><span style=\"font-size: 12pt;\">Poids<\/span><\/p>\n<\/td>\n<td valign=\"top\">\n<p><span style=\"font-size: 12pt;\">450KGS<\/span><\/p>\n<\/td>\n<\/tr>\n<tr align=\"left\">\n<td valign=\"top\">\n<p><span style=\"font-size: 12pt;\">Taille<\/span><\/p>\n<\/td>\n<td valign=\"top\">\n<p><span style=\"font-size: 12pt;\">1050*870*2100mm<\/span><\/p>\n<\/td>\n<\/tr>\n<\/tbody>\n<\/table>\n<p>&nbsp;&nbsp;<\/p>\n<p><img decoding=\"async\" src=\"https:\/\/sc01.alicdn.com\/kf\/Heee260d2d70049389e46e7323df4f6516.jpg\" data-alt=\"AS2000S Hot sale Automatic Double tube Liquid Packaging Machine (two nozzles)\" style=\"width: 691px; height: 225px;\" ori-width=\"700\" ori-height=\"500\" class=\"aligncenter\"><\/p>\n<p>&nbsp;<\/p>\n<p><span style=\"line-height: 27px; font-family: Arial; font-size: 18px;\">Nous pouvons personnaliser les machines non standard en fonction des exigences des clients.<\/span><\/p>\n<p>&nbsp;<\/p>\n<p><span style=\"line-height: 27px; font-family: Arial; font-size: 18px;\">En savoir plus sur la s\u00e9rie de machines \u00e0 emballer les liquides AS :<\/span><\/p>\n<p><span style=\"line-height: 27px; font-family: Arial; font-size: 18px;\">1.AS1000&nbsp;&nbsp;<\/span><\/p>\n<p><span style=\"line-height: 27px; font-family: Arial; font-size: 18px;\">2.AS2000<\/span><\/p>\n<p><span style=\"line-height: 27px; font-family: Arial; font-size: 18px;\">3.AS2000P<\/span><\/p>\n<p><span style=\"line-height: 27px; font-family: Arial; font-size: 18px;\">cliquez sur le mod\u00e8le et une nouvelle page web s'affichera pour vous pr\u00e9senter la machine.<\/span><\/p>\n<p><\/p><\/p>","protected":false},"excerpt":{"rendered":"<p>As2000s Conditionneuse automatique de liquides \u00e0 double tube<\/p>","protected":false},"featured_media":2696,"comment_status":"closed","ping_status":"open","template":"","meta":[],"product_brand":[],"product_cat":[101],"product_tag":[],"class_list":{"0":"post-2931","1":"product","2":"type-product","3":"status-publish","4":"has-post-thumbnail","6":"product_cat-filling-machines","8":"first","9":"instock","10":"sale","11":"purchasable","12":"product-type-simple"},"yoast_head":"<!-- This site is optimized with the Yoast SEO Premium plugin v20.9 (Yoast SEO v26.5) - https:\/\/yoast.com\/wordpress\/plugins\/seo\/ -->\n<title>AS2000S Hot sale Automatic Double tube Liquid Packaging Machine (two nozzles) - ALF PACK<\/title>\n<meta name=\"robots\" content=\"index, follow, max-snippet:-1, max-image-preview:large, max-video-preview:-1\" \/>\n<link rel=\"canonical\" href=\"https:\/\/alfequipment.com\/fr\/product\/as2000s-hot-sale-automatic-double-tube-liquid-packaging-machine-two-nozzles\/\" \/>\n<meta property=\"og:locale\" content=\"fr_FR\" \/>\n<meta property=\"og:type\" content=\"article\" \/>\n<meta property=\"og:title\" content=\"AS2000S Hot sale Automatic Double tube Liquid Packaging Machine (two nozzles)\" \/>\n<meta property=\"og:description\" content=\"As2000s Automatic Double Tube Liquid Packager\" \/>\n<meta property=\"og:url\" content=\"https:\/\/alfequipment.com\/fr\/product\/as2000s-hot-sale-automatic-double-tube-liquid-packaging-machine-two-nozzles\/\" \/>\n<meta property=\"og:site_name\" content=\"ALF PACK\" \/>\n<meta property=\"article:modified_time\" content=\"2025-01-13T13:08:58+00:00\" \/>\n<meta property=\"og:image\" content=\"https:\/\/alfequipment.com\/wp-content\/uploads\/2025\/01\/AS2000S-Hot-sale-Automatic-Double-tube-Liquid.jpg\" \/>\n\t<meta property=\"og:image:width\" content=\"800\" \/>\n\t<meta property=\"og:image:height\" content=\"800\" \/>\n\t<meta property=\"og:image:type\" content=\"image\/webp\" \/>\n<meta name=\"twitter:card\" content=\"summary_large_image\" \/>\n<meta name=\"twitter:label1\" content=\"Dur\u00e9e de lecture estim\u00e9e\" \/>\n\t<meta name=\"twitter:data1\" content=\"1 minute\" \/>\n<script type=\"application\/ld+json\" class=\"yoast-schema-graph\">{\"@context\":\"https:\/\/schema.org\",\"@graph\":[{\"@type\":\"WebPage\",\"@id\":\"https:\/\/alfequipment.com\/product\/as2000s-hot-sale-automatic-double-tube-liquid-packaging-machine-two-nozzles\/\",\"url\":\"https:\/\/alfequipment.com\/product\/as2000s-hot-sale-automatic-double-tube-liquid-packaging-machine-two-nozzles\/\",\"name\":\"AS2000S Hot sale Automatic Double tube Liquid Packaging Machine (two nozzles) - ALF PACK\",\"isPartOf\":{\"@id\":\"https:\/\/alfequipment.com\/#website\"},\"primaryImageOfPage\":{\"@id\":\"https:\/\/alfequipment.com\/product\/as2000s-hot-sale-automatic-double-tube-liquid-packaging-machine-two-nozzles\/#primaryimage\"},\"image\":{\"@id\":\"https:\/\/alfequipment.com\/product\/as2000s-hot-sale-automatic-double-tube-liquid-packaging-machine-two-nozzles\/#primaryimage\"},\"thumbnailUrl\":\"https:\/\/alfequipment.com\/wp-content\/uploads\/2025\/01\/AS2000S-Hot-sale-Automatic-Double-tube-Liquid.jpg\",\"datePublished\":\"2025-01-09T06:40:14+00:00\",\"dateModified\":\"2025-01-13T13:08:58+00:00\",\"breadcrumb\":{\"@id\":\"https:\/\/alfequipment.com\/product\/as2000s-hot-sale-automatic-double-tube-liquid-packaging-machine-two-nozzles\/#breadcrumb\"},\"inLanguage\":\"fr-FR\",\"potentialAction\":[{\"@type\":\"ReadAction\",\"target\":[\"https:\/\/alfequipment.com\/product\/as2000s-hot-sale-automatic-double-tube-liquid-packaging-machine-two-nozzles\/\"]}]},{\"@type\":\"ImageObject\",\"inLanguage\":\"fr-FR\",\"@id\":\"https:\/\/alfequipment.com\/product\/as2000s-hot-sale-automatic-double-tube-liquid-packaging-machine-two-nozzles\/#primaryimage\",\"url\":\"https:\/\/alfequipment.com\/wp-content\/uploads\/2025\/01\/AS2000S-Hot-sale-Automatic-Double-tube-Liquid.jpg\",\"contentUrl\":\"https:\/\/alfequipment.com\/wp-content\/uploads\/2025\/01\/AS2000S-Hot-sale-Automatic-Double-tube-Liquid.jpg\",\"width\":800,\"height\":800},{\"@type\":\"BreadcrumbList\",\"@id\":\"https:\/\/alfequipment.com\/product\/as2000s-hot-sale-automatic-double-tube-liquid-packaging-machine-two-nozzles\/#breadcrumb\",\"itemListElement\":[{\"@type\":\"ListItem\",\"position\":1,\"name\":\"Home\",\"item\":\"https:\/\/alfequipment.com\/\"},{\"@type\":\"ListItem\",\"position\":2,\"name\":\"Shop\",\"item\":\"https:\/\/alfequipment.com\/shop\/\"},{\"@type\":\"ListItem\",\"position\":3,\"name\":\"AS2000S Hot sale Automatic Double tube Liquid Packaging Machine (two nozzles)\"}]},{\"@type\":\"WebSite\",\"@id\":\"https:\/\/alfequipment.com\/#website\",\"url\":\"https:\/\/alfequipment.com\/\",\"name\":\"ALF PACK\",\"description\":\"\",\"publisher\":{\"@id\":\"https:\/\/alfequipment.com\/#organization\"},\"potentialAction\":[{\"@type\":\"SearchAction\",\"target\":{\"@type\":\"EntryPoint\",\"urlTemplate\":\"https:\/\/alfequipment.com\/?s={search_term_string}\"},\"query-input\":{\"@type\":\"PropertyValueSpecification\",\"valueRequired\":true,\"valueName\":\"search_term_string\"}}],\"inLanguage\":\"fr-FR\"},{\"@type\":\"Organization\",\"@id\":\"https:\/\/alfequipment.com\/#organization\",\"name\":\"ALF PACK\",\"url\":\"https:\/\/alfequipment.com\/\",\"logo\":{\"@type\":\"ImageObject\",\"inLanguage\":\"fr-FR\",\"@id\":\"https:\/\/alfequipment.com\/#\/schema\/logo\/image\/\",\"url\":\"https:\/\/alfequipment.com\/wp-content\/uploads\/2024\/11\/ALFlogo-2.webp\",\"contentUrl\":\"https:\/\/alfequipment.com\/wp-content\/uploads\/2024\/11\/ALFlogo-2.webp\",\"width\":758,\"height\":750,\"caption\":\"ALF PACK\"},\"image\":{\"@id\":\"https:\/\/alfequipment.com\/#\/schema\/logo\/image\/\"}}]}<\/script>\n<!-- \/ Yoast SEO Premium plugin. -->","yoast_head_json":{"title":"AS2000S Vente \u00e0 chaud Conditionneuse automatique de liquides \u00e0 double tube (deux becs) - ALF PACK","robots":{"index":"index","follow":"follow","max-snippet":"max-snippet:-1","max-image-preview":"max-image-preview:large","max-video-preview":"max-video-preview:-1"},"canonical":"https:\/\/alfequipment.com\/fr\/product\/as2000s-hot-sale-automatic-double-tube-liquid-packaging-machine-two-nozzles\/","og_locale":"fr_FR","og_type":"article","og_title":"AS2000S Hot sale Automatic Double tube Liquid Packaging Machine (two nozzles)","og_description":"As2000s Automatic Double Tube Liquid Packager","og_url":"https:\/\/alfequipment.com\/fr\/product\/as2000s-hot-sale-automatic-double-tube-liquid-packaging-machine-two-nozzles\/","og_site_name":"ALF PACK","article_modified_time":"2025-01-13T13:08:58+00:00","og_image":[{"width":800,"height":800,"url":"https:\/\/alfequipment.com\/wp-content\/uploads\/2025\/01\/AS2000S-Hot-sale-Automatic-Double-tube-Liquid.jpg","type":"image\/webp"}],"twitter_card":"summary_large_image","twitter_misc":{"Dur\u00e9e de lecture estim\u00e9e":"1 minute"},"schema":{"@context":"https:\/\/schema.org","@graph":[{"@type":"WebPage","@id":"https:\/\/alfequipment.com\/product\/as2000s-hot-sale-automatic-double-tube-liquid-packaging-machine-two-nozzles\/","url":"https:\/\/alfequipment.com\/product\/as2000s-hot-sale-automatic-double-tube-liquid-packaging-machine-two-nozzles\/","name":"AS2000S Vente \u00e0 chaud Conditionneuse automatique de liquides \u00e0 double tube (deux becs) - ALF PACK","isPartOf":{"@id":"https:\/\/alfequipment.com\/#website"},"primaryImageOfPage":{"@id":"https:\/\/alfequipment.com\/product\/as2000s-hot-sale-automatic-double-tube-liquid-packaging-machine-two-nozzles\/#primaryimage"},"image":{"@id":"https:\/\/alfequipment.com\/product\/as2000s-hot-sale-automatic-double-tube-liquid-packaging-machine-two-nozzles\/#primaryimage"},"thumbnailUrl":"https:\/\/alfequipment.com\/wp-content\/uploads\/2025\/01\/AS2000S-Hot-sale-Automatic-Double-tube-Liquid.jpg","datePublished":"2025-01-09T06:40:14+00:00","dateModified":"2025-01-13T13:08:58+00:00","breadcrumb":{"@id":"https:\/\/alfequipment.com\/product\/as2000s-hot-sale-automatic-double-tube-liquid-packaging-machine-two-nozzles\/#breadcrumb"},"inLanguage":"fr-FR","potentialAction":[{"@type":"ReadAction","target":["https:\/\/alfequipment.com\/product\/as2000s-hot-sale-automatic-double-tube-liquid-packaging-machine-two-nozzles\/"]}]},{"@type":"ImageObject","inLanguage":"fr-FR","@id":"https:\/\/alfequipment.com\/product\/as2000s-hot-sale-automatic-double-tube-liquid-packaging-machine-two-nozzles\/#primaryimage","url":"https:\/\/alfequipment.com\/wp-content\/uploads\/2025\/01\/AS2000S-Hot-sale-Automatic-Double-tube-Liquid.jpg","contentUrl":"https:\/\/alfequipment.com\/wp-content\/uploads\/2025\/01\/AS2000S-Hot-sale-Automatic-Double-tube-Liquid.jpg","width":800,"height":800},{"@type":"BreadcrumbList","@id":"https:\/\/alfequipment.com\/product\/as2000s-hot-sale-automatic-double-tube-liquid-packaging-machine-two-nozzles\/#breadcrumb","itemListElement":[{"@type":"ListItem","position":1,"name":"Home","item":"https:\/\/alfequipment.com\/"},{"@type":"ListItem","position":2,"name":"Shop","item":"https:\/\/alfequipment.com\/shop\/"},{"@type":"ListItem","position":3,"name":"AS2000S Hot sale Automatic Double tube Liquid Packaging Machine (two nozzles)"}]},{"@type":"WebSite","@id":"https:\/\/alfequipment.com\/#website","url":"https:\/\/alfequipment.com\/","name":"PACK ALF","description":"","publisher":{"@id":"https:\/\/alfequipment.com\/#organization"},"potentialAction":[{"@type":"SearchAction","target":{"@type":"EntryPoint","urlTemplate":"https:\/\/alfequipment.com\/?s={search_term_string}"},"query-input":{"@type":"PropertyValueSpecification","valueRequired":true,"valueName":"search_term_string"}}],"inLanguage":"fr-FR"},{"@type":"Organization","@id":"https:\/\/alfequipment.com\/#organization","name":"PACK ALF","url":"https:\/\/alfequipment.com\/","logo":{"@type":"ImageObject","inLanguage":"fr-FR","@id":"https:\/\/alfequipment.com\/#\/schema\/logo\/image\/","url":"https:\/\/alfequipment.com\/wp-content\/uploads\/2024\/11\/ALFlogo-2.webp","contentUrl":"https:\/\/alfequipment.com\/wp-content\/uploads\/2024\/11\/ALFlogo-2.webp","width":758,"height":750,"caption":"ALF PACK"},"image":{"@id":"https:\/\/alfequipment.com\/#\/schema\/logo\/image\/"}}]}},"_links":{"self":[{"href":"https:\/\/alfequipment.com\/fr\/wp-json\/wp\/v2\/product\/2931","targetHints":{"allow":["GET"]}}],"collection":[{"href":"https:\/\/alfequipment.com\/fr\/wp-json\/wp\/v2\/product"}],"about":[{"href":"https:\/\/alfequipment.com\/fr\/wp-json\/wp\/v2\/types\/product"}],"replies":[{"embeddable":true,"href":"https:\/\/alfequipment.com\/fr\/wp-json\/wp\/v2\/comments?post=2931"}],"version-history":[{"count":0,"href":"https:\/\/alfequipment.com\/fr\/wp-json\/wp\/v2\/product\/2931\/revisions"}],"wp:featuredmedia":[{"embeddable":true,"href":"https:\/\/alfequipment.com\/fr\/wp-json\/wp\/v2\/media\/2696"}],"wp:attachment":[{"href":"https:\/\/alfequipment.com\/fr\/wp-json\/wp\/v2\/media?parent=2931"}],"wp:term":[{"taxonomy":"product_brand","embeddable":true,"href":"https:\/\/alfequipment.com\/fr\/wp-json\/wp\/v2\/product_brand?post=2931"},{"taxonomy":"product_cat","embeddable":true,"href":"https:\/\/alfequipment.com\/fr\/wp-json\/wp\/v2\/product_cat?post=2931"},{"taxonomy":"product_tag","embeddable":true,"href":"https:\/\/alfequipment.com\/fr\/wp-json\/wp\/v2\/product_tag?post=2931"}],"curies":[{"name":"wp","href":"https:\/\/api.w.org\/{rel}","templated":true}]}}