{"id":2932,"date":"2025-01-03T05:20:05","date_gmt":"2025-01-03T05:20:05","guid":{"rendered":"https:\/\/alfequipment.com\/product\/kz900l-low-desk-semi-automatic-carton-strapping-machine\/"},"modified":"2025-01-13T13:08:59","modified_gmt":"2025-01-13T13:08:59","slug":"kz900l-low-desk-semi-automatic-carton-strapping-machine","status":"publish","type":"product","link":"https:\/\/alfequipment.com\/fr\/product\/kz900l-low-desk-semi-automatic-carton-strapping-machine\/","title":{"rendered":"KZ900L Cercleuse de carton semi-automatique \u00e0 bureau bas"},"content":{"rendered":"<p><span style=\"font-size: 12px;\">La laveuse, remplisseuse et capsuleuse 3-en-1 est principalement utilis\u00e9e dans les op\u00e9rations de remplissage de boissons. Les trois fonctions de lavage, de remplissage et de bouchage sont les suivantes&nbsp;<\/span><\/p>\n<p style=\"font-size: 12px;\">La machine est compos\u00e9e d'un seul corps. La machine est utilis\u00e9e pour remplir des bouteilles d'eau en PET. Le fonctionnement de la&nbsp;<br \/>La machine peut \u00eatre tourn\u00e9e librement et commod\u00e9ment pour s'adapter au remplissage de diff\u00e9rents types de bouteilles. L'op\u00e9ration de remplissage&nbsp;<br \/>est plus rapide et plus stable.&nbsp;<\/p>\n<p style=\"font-size: 12px;\">Cette machine convient \u00e0 l'eau pure, \u00e0 l'eau min\u00e9rale et \u00e0 d'autres liquides \u00e0 temp\u00e9rature normale. Elle ne convient pas aux jus de fruits,&nbsp;<br \/>les boissons \u00e0 base de th\u00e9 dans des conditions de remplissage \u00e0 haute temp\u00e9rature.<\/p>\n<p style=\"font-size: 12px;\"><span style=\"font-size: 18px;\">Sp\u00e9cification :<\/span><\/p>\n<table class=\"aliDataTable\" style=\"width: 95.9828%;\" border=\"1\">\n<tbody>\n<tr>\n<td style=\"width: 33%;\">Mod\u00e8le<\/td>\n<td style=\"width: 12%;\">CGF14-12-5<\/td>\n<td style=\"width: 12%;\"><span style=\"font-family: Verdana, Arial, Helvetica, sans-serif; line-height: normal;\">CGF18-18-6<\/span>&nbsp;<\/td>\n<td style=\"width: 11%;\"><span style=\"font-family: Verdana, Arial, Helvetica, sans-serif; line-height: normal;\">CGF24-24-8<\/span><\/td>\n<td style=\"width: 12.5509%;\"><span style=\"font-family: Verdana, Arial, Helvetica, sans-serif; line-height: normal;\">CGF32-32-10<\/span>&nbsp;<\/td>\n<td style=\"width: 12.4491%;\"><span style=\"font-family: Verdana, Arial, Helvetica, sans-serif; line-height: normal;\">CGF40-40-12<\/span><\/td>\n<\/tr>\n<tr>\n<td style=\"width: 33%;\">T\u00eates de lavage<\/td>\n<td style=\"width: 12%;\">14<\/td>\n<td style=\"width: 12%;\">18<\/td>\n<td style=\"width: 11%;\">24<\/td>\n<td style=\"width: 12.5509%;\">32<\/td>\n<td style=\"width: 12.4491%;\">40<\/td>\n<\/tr>\n<tr>\n<td style=\"width: 33%;\">T\u00eates de remplissage<\/td>\n<td style=\"width: 12%;\">12<\/td>\n<td style=\"width: 12%;\">18<\/td>\n<td style=\"width: 11%;\">24<\/td>\n<td style=\"width: 12.5509%;\">32<\/td>\n<td style=\"width: 12.4491%;\">40<\/td>\n<\/tr>\n<tr>\n<td style=\"width: 33%;\">T\u00eates de bouchage<\/td>\n<td style=\"width: 12%;\">5<\/td>\n<td style=\"width: 12%;\">6<\/td>\n<td style=\"width: 11%;\">8<\/td>\n<td style=\"width: 12.5509%;\">10<\/td>\n<td style=\"width: 12.4491%;\">12<\/td>\n<\/tr>\n<tr>\n<td style=\"width: 33%;\">Capacit\u00e9 de production (bouteilles\/heure)<\/td>\n<td style=\"width: 12%;\">4000<\/td>\n<td style=\"width: 12%;\">7000<\/td>\n<td style=\"width: 11%;\">10000<\/td>\n<td style=\"width: 12.5509%;\">14000<\/td>\n<td style=\"width: 12.4491%;\">18000<\/td>\n<\/tr>\n<tr>\n<td style=\"width: 33%;\">Puissance du moteur (KW)<\/td>\n<td style=\"width: 12%;\">3.2<\/td>\n<td style=\"width: 12%;\">3.8<\/td>\n<td style=\"width: 11%;\">4.2<\/td>\n<td style=\"width: 12.5509%;\">5.6<\/td>\n<td style=\"width: 12.4491%;\">7.5<\/td>\n<\/tr>\n<\/tbody>\n<\/table>\n<p style=\"font-size: 12px;\">&nbsp;<\/p>\n<p style=\"font-size: 12px;\"><img decoding=\"async\" src=\"https:\/\/sc01.alicdn.com\/kf\/HTB10RmwFVXXXXb_XFXXq6xXFXXXe\/64496\/HTB10RmwFVXXXXb_XFXXq6xXFXXXe.jpg\" data-alt=\"CGF Series PET Bottle of  3 in 1 washing filling and capping machine for liquid\" ori-width=\"540\" ori-height=\"335\" class=\"aligncenter\"><img decoding=\"async\" src=\"https:\/\/sc01.alicdn.com\/kf\/HTB1PUdHFVXXXXbPXVXXq6xXFXXX7\/64496\/HTB1PUdHFVXXXXbPXVXXq6xXFXXX7.jpg\" data-alt=\"CGF Series PET Bottle of  3 in 1 washing filling and capping machine for liquid\" style=\"width: 540px; height: 383px;\" ori-width=\"552\" ori-height=\"393\" class=\"aligncenter\"><img decoding=\"async\" src=\"https:\/\/sc01.alicdn.com\/kf\/HTB1mZGDFVXXXXb0XXXXq6xXFXXXl\/64496\/HTB1mZGDFVXXXXb0XXXXq6xXFXXXl.jpg\" data-alt=\"CGF Series PET Bottle of  3 in 1 washing filling and capping machine for liquid\" style=\"width: 540px; height: 311px;\" ori-width=\"590\" ori-height=\"339\" class=\"aligncenter\"><\/p>\n<p>&nbsp;<\/p>","protected":false},"excerpt":{"rendered":"<p>Cercleuse de carton semi-automatique \u00e0 bureau bas<\/p>","protected":false},"featured_media":2698,"comment_status":"closed","ping_status":"open","template":"","meta":[],"product_brand":[],"product_cat":[102],"product_tag":[],"class_list":{"0":"post-2932","1":"product","2":"type-product","3":"status-publish","4":"has-post-thumbnail","6":"product_cat-packaging-machines","8":"first","9":"instock","10":"sale","11":"purchasable","12":"product-type-simple"},"yoast_head":"<!-- This site is optimized with the Yoast SEO Premium plugin v20.9 (Yoast SEO v26.5) - https:\/\/yoast.com\/wordpress\/plugins\/seo\/ -->\n<title>KZ900L Low Desk semi automatic carton Strapping Machine - ALF PACK<\/title>\n<meta name=\"robots\" content=\"index, follow, max-snippet:-1, max-image-preview:large, max-video-preview:-1\" \/>\n<link rel=\"canonical\" href=\"https:\/\/alfequipment.com\/fr\/product\/kz900l-low-desk-semi-automatic-carton-strapping-machine\/\" \/>\n<meta property=\"og:locale\" content=\"fr_FR\" \/>\n<meta property=\"og:type\" content=\"article\" \/>\n<meta property=\"og:title\" content=\"KZ900L Low Desk semi automatic carton Strapping Machine\" \/>\n<meta property=\"og:description\" content=\"Low Desk Semi Automatic Carton Strapping Machine\" \/>\n<meta property=\"og:url\" content=\"https:\/\/alfequipment.com\/fr\/product\/kz900l-low-desk-semi-automatic-carton-strapping-machine\/\" \/>\n<meta property=\"og:site_name\" content=\"ALF PACK\" \/>\n<meta property=\"article:modified_time\" content=\"2025-01-13T13:08:59+00:00\" \/>\n<meta property=\"og:image\" content=\"https:\/\/alfequipment.com\/wp-content\/uploads\/2025\/01\/KZ900L-Low-Desk-semi-automatic-carton-Strapping.jpg\" \/>\n\t<meta property=\"og:image:width\" content=\"800\" \/>\n\t<meta property=\"og:image:height\" content=\"800\" \/>\n\t<meta property=\"og:image:type\" content=\"image\/webp\" \/>\n<meta name=\"twitter:card\" content=\"summary_large_image\" \/>\n<meta name=\"twitter:label1\" content=\"Dur\u00e9e de lecture estim\u00e9e\" \/>\n\t<meta name=\"twitter:data1\" content=\"1 minute\" \/>\n<script type=\"application\/ld+json\" class=\"yoast-schema-graph\">{\"@context\":\"https:\/\/schema.org\",\"@graph\":[{\"@type\":\"WebPage\",\"@id\":\"https:\/\/alfequipment.com\/product\/kz900l-low-desk-semi-automatic-carton-strapping-machine\/\",\"url\":\"https:\/\/alfequipment.com\/product\/kz900l-low-desk-semi-automatic-carton-strapping-machine\/\",\"name\":\"KZ900L Low Desk semi automatic carton Strapping Machine - ALF PACK\",\"isPartOf\":{\"@id\":\"https:\/\/alfequipment.com\/#website\"},\"primaryImageOfPage\":{\"@id\":\"https:\/\/alfequipment.com\/product\/kz900l-low-desk-semi-automatic-carton-strapping-machine\/#primaryimage\"},\"image\":{\"@id\":\"https:\/\/alfequipment.com\/product\/kz900l-low-desk-semi-automatic-carton-strapping-machine\/#primaryimage\"},\"thumbnailUrl\":\"https:\/\/alfequipment.com\/wp-content\/uploads\/2025\/01\/KZ900L-Low-Desk-semi-automatic-carton-Strapping.jpg\",\"datePublished\":\"2025-01-03T05:20:05+00:00\",\"dateModified\":\"2025-01-13T13:08:59+00:00\",\"breadcrumb\":{\"@id\":\"https:\/\/alfequipment.com\/product\/kz900l-low-desk-semi-automatic-carton-strapping-machine\/#breadcrumb\"},\"inLanguage\":\"fr-FR\",\"potentialAction\":[{\"@type\":\"ReadAction\",\"target\":[\"https:\/\/alfequipment.com\/product\/kz900l-low-desk-semi-automatic-carton-strapping-machine\/\"]}]},{\"@type\":\"ImageObject\",\"inLanguage\":\"fr-FR\",\"@id\":\"https:\/\/alfequipment.com\/product\/kz900l-low-desk-semi-automatic-carton-strapping-machine\/#primaryimage\",\"url\":\"https:\/\/alfequipment.com\/wp-content\/uploads\/2025\/01\/KZ900L-Low-Desk-semi-automatic-carton-Strapping.jpg\",\"contentUrl\":\"https:\/\/alfequipment.com\/wp-content\/uploads\/2025\/01\/KZ900L-Low-Desk-semi-automatic-carton-Strapping.jpg\",\"width\":800,\"height\":800},{\"@type\":\"BreadcrumbList\",\"@id\":\"https:\/\/alfequipment.com\/product\/kz900l-low-desk-semi-automatic-carton-strapping-machine\/#breadcrumb\",\"itemListElement\":[{\"@type\":\"ListItem\",\"position\":1,\"name\":\"Home\",\"item\":\"https:\/\/alfequipment.com\/\"},{\"@type\":\"ListItem\",\"position\":2,\"name\":\"Shop\",\"item\":\"https:\/\/alfequipment.com\/shop\/\"},{\"@type\":\"ListItem\",\"position\":3,\"name\":\"KZ900L Low Desk semi automatic carton Strapping Machine\"}]},{\"@type\":\"WebSite\",\"@id\":\"https:\/\/alfequipment.com\/#website\",\"url\":\"https:\/\/alfequipment.com\/\",\"name\":\"ALF PACK\",\"description\":\"\",\"publisher\":{\"@id\":\"https:\/\/alfequipment.com\/#organization\"},\"potentialAction\":[{\"@type\":\"SearchAction\",\"target\":{\"@type\":\"EntryPoint\",\"urlTemplate\":\"https:\/\/alfequipment.com\/?s={search_term_string}\"},\"query-input\":{\"@type\":\"PropertyValueSpecification\",\"valueRequired\":true,\"valueName\":\"search_term_string\"}}],\"inLanguage\":\"fr-FR\"},{\"@type\":\"Organization\",\"@id\":\"https:\/\/alfequipment.com\/#organization\",\"name\":\"ALF PACK\",\"url\":\"https:\/\/alfequipment.com\/\",\"logo\":{\"@type\":\"ImageObject\",\"inLanguage\":\"fr-FR\",\"@id\":\"https:\/\/alfequipment.com\/#\/schema\/logo\/image\/\",\"url\":\"https:\/\/alfequipment.com\/wp-content\/uploads\/2024\/11\/ALFlogo-2.webp\",\"contentUrl\":\"https:\/\/alfequipment.com\/wp-content\/uploads\/2024\/11\/ALFlogo-2.webp\",\"width\":758,\"height\":750,\"caption\":\"ALF PACK\"},\"image\":{\"@id\":\"https:\/\/alfequipment.com\/#\/schema\/logo\/image\/\"}}]}<\/script>\n<!-- \/ Yoast SEO Premium plugin. -->","yoast_head_json":{"title":"KZ900L Cercleuse de carton semi-automatique \u00e0 bureau bas - ALF PACK","robots":{"index":"index","follow":"follow","max-snippet":"max-snippet:-1","max-image-preview":"max-image-preview:large","max-video-preview":"max-video-preview:-1"},"canonical":"https:\/\/alfequipment.com\/fr\/product\/kz900l-low-desk-semi-automatic-carton-strapping-machine\/","og_locale":"fr_FR","og_type":"article","og_title":"KZ900L Low Desk semi automatic carton Strapping Machine","og_description":"Low Desk Semi Automatic Carton Strapping Machine","og_url":"https:\/\/alfequipment.com\/fr\/product\/kz900l-low-desk-semi-automatic-carton-strapping-machine\/","og_site_name":"ALF PACK","article_modified_time":"2025-01-13T13:08:59+00:00","og_image":[{"width":800,"height":800,"url":"https:\/\/alfequipment.com\/wp-content\/uploads\/2025\/01\/KZ900L-Low-Desk-semi-automatic-carton-Strapping.jpg","type":"image\/webp"}],"twitter_card":"summary_large_image","twitter_misc":{"Dur\u00e9e de lecture estim\u00e9e":"1 minute"},"schema":{"@context":"https:\/\/schema.org","@graph":[{"@type":"WebPage","@id":"https:\/\/alfequipment.com\/product\/kz900l-low-desk-semi-automatic-carton-strapping-machine\/","url":"https:\/\/alfequipment.com\/product\/kz900l-low-desk-semi-automatic-carton-strapping-machine\/","name":"KZ900L Cercleuse de carton semi-automatique \u00e0 bureau bas - ALF PACK","isPartOf":{"@id":"https:\/\/alfequipment.com\/#website"},"primaryImageOfPage":{"@id":"https:\/\/alfequipment.com\/product\/kz900l-low-desk-semi-automatic-carton-strapping-machine\/#primaryimage"},"image":{"@id":"https:\/\/alfequipment.com\/product\/kz900l-low-desk-semi-automatic-carton-strapping-machine\/#primaryimage"},"thumbnailUrl":"https:\/\/alfequipment.com\/wp-content\/uploads\/2025\/01\/KZ900L-Low-Desk-semi-automatic-carton-Strapping.jpg","datePublished":"2025-01-03T05:20:05+00:00","dateModified":"2025-01-13T13:08:59+00:00","breadcrumb":{"@id":"https:\/\/alfequipment.com\/product\/kz900l-low-desk-semi-automatic-carton-strapping-machine\/#breadcrumb"},"inLanguage":"fr-FR","potentialAction":[{"@type":"ReadAction","target":["https:\/\/alfequipment.com\/product\/kz900l-low-desk-semi-automatic-carton-strapping-machine\/"]}]},{"@type":"ImageObject","inLanguage":"fr-FR","@id":"https:\/\/alfequipment.com\/product\/kz900l-low-desk-semi-automatic-carton-strapping-machine\/#primaryimage","url":"https:\/\/alfequipment.com\/wp-content\/uploads\/2025\/01\/KZ900L-Low-Desk-semi-automatic-carton-Strapping.jpg","contentUrl":"https:\/\/alfequipment.com\/wp-content\/uploads\/2025\/01\/KZ900L-Low-Desk-semi-automatic-carton-Strapping.jpg","width":800,"height":800},{"@type":"BreadcrumbList","@id":"https:\/\/alfequipment.com\/product\/kz900l-low-desk-semi-automatic-carton-strapping-machine\/#breadcrumb","itemListElement":[{"@type":"ListItem","position":1,"name":"Home","item":"https:\/\/alfequipment.com\/"},{"@type":"ListItem","position":2,"name":"Shop","item":"https:\/\/alfequipment.com\/shop\/"},{"@type":"ListItem","position":3,"name":"KZ900L Low Desk semi automatic carton Strapping Machine"}]},{"@type":"WebSite","@id":"https:\/\/alfequipment.com\/#website","url":"https:\/\/alfequipment.com\/","name":"PACK ALF","description":"","publisher":{"@id":"https:\/\/alfequipment.com\/#organization"},"potentialAction":[{"@type":"SearchAction","target":{"@type":"EntryPoint","urlTemplate":"https:\/\/alfequipment.com\/?s={search_term_string}"},"query-input":{"@type":"PropertyValueSpecification","valueRequired":true,"valueName":"search_term_string"}}],"inLanguage":"fr-FR"},{"@type":"Organization","@id":"https:\/\/alfequipment.com\/#organization","name":"PACK ALF","url":"https:\/\/alfequipment.com\/","logo":{"@type":"ImageObject","inLanguage":"fr-FR","@id":"https:\/\/alfequipment.com\/#\/schema\/logo\/image\/","url":"https:\/\/alfequipment.com\/wp-content\/uploads\/2024\/11\/ALFlogo-2.webp","contentUrl":"https:\/\/alfequipment.com\/wp-content\/uploads\/2024\/11\/ALFlogo-2.webp","width":758,"height":750,"caption":"ALF PACK"},"image":{"@id":"https:\/\/alfequipment.com\/#\/schema\/logo\/image\/"}}]}},"_links":{"self":[{"href":"https:\/\/alfequipment.com\/fr\/wp-json\/wp\/v2\/product\/2932","targetHints":{"allow":["GET"]}}],"collection":[{"href":"https:\/\/alfequipment.com\/fr\/wp-json\/wp\/v2\/product"}],"about":[{"href":"https:\/\/alfequipment.com\/fr\/wp-json\/wp\/v2\/types\/product"}],"replies":[{"embeddable":true,"href":"https:\/\/alfequipment.com\/fr\/wp-json\/wp\/v2\/comments?post=2932"}],"version-history":[{"count":0,"href":"https:\/\/alfequipment.com\/fr\/wp-json\/wp\/v2\/product\/2932\/revisions"}],"wp:featuredmedia":[{"embeddable":true,"href":"https:\/\/alfequipment.com\/fr\/wp-json\/wp\/v2\/media\/2698"}],"wp:attachment":[{"href":"https:\/\/alfequipment.com\/fr\/wp-json\/wp\/v2\/media?parent=2932"}],"wp:term":[{"taxonomy":"product_brand","embeddable":true,"href":"https:\/\/alfequipment.com\/fr\/wp-json\/wp\/v2\/product_brand?post=2932"},{"taxonomy":"product_cat","embeddable":true,"href":"https:\/\/alfequipment.com\/fr\/wp-json\/wp\/v2\/product_cat?post=2932"},{"taxonomy":"product_tag","embeddable":true,"href":"https:\/\/alfequipment.com\/fr\/wp-json\/wp\/v2\/product_tag?post=2932"}],"curies":[{"name":"wp","href":"https:\/\/api.w.org\/{rel}","templated":true}]}}