{"id":2933,"date":"2024-12-19T16:38:39","date_gmt":"2024-12-19T16:38:39","guid":{"rendered":"https:\/\/alfequipment.com\/product\/cgf-series-pet-bottle-of-3-in-1-washing-filling-and-capping-machine-for-liquid\/"},"modified":"2025-01-13T13:08:59","modified_gmt":"2025-01-13T13:08:59","slug":"bouteille-pour-animaux-de-compagnie-de-la-serie-cgf-machine-de-lavage-remplissage-et-bouchage-3-en-1-pour-les-liquides","status":"publish","type":"product","link":"https:\/\/alfequipment.com\/fr\/product\/bouteille-pour-animaux-de-compagnie-de-la-serie-cgf-machine-de-lavage-remplissage-et-bouchage-3-en-1-pour-les-liquides\/","title":{"rendered":"S\u00e9rie CGF Bouteille PET 3 en 1 machine de lavage, remplissage et bouchage pour liquide"},"content":{"rendered":"<div id=\"ali-anchor-AliPostDhMb-1ki84\" style=\"padding-top: 8px;\" data-section=\"AliPostDhMb-1ki84\" data-section-title=\"Product Description\">\n<div style=\"padding: 10px;\"><span style=\"font-size: 12pt;\">1. la machine KZ900L utilise la bande plastique en poly\u00e9thyl\u00e8ne comme mat\u00e9riau de reliure. Elle est principalement utilis\u00e9e pour l'emballage et la reliure de cartons en papier, de caisses en bois et de colis en papier dans les secteurs des affaires, des services postaux, des chemins de fer et des banques, de l'alimentation, de la pharmacie, de l'\u00e9dition et ainsi de suite.<\/span><\/div>\n<\/div>\n<p><span style=\"font-size: 12pt;\">2. efficace et \u00e9conome en \u00e9nergie dans le traitement d'un emballage rapide et de qualit\u00e9, la machine peut automatiquement collecter les sangles, les sceller thermiquement, les couper et s'arr\u00eater de mani\u00e8re enti\u00e8rement automatique.<\/span><\/p>\n<p>&nbsp;<\/p>\n<p>&nbsp;<\/p>\n<p><span style=\"font-size: 12pt;\">Sp\u00e9cification :<\/span><\/p>\n<p>&nbsp;<\/p>\n<p>&nbsp;<\/p>\n<table class=\"aliDataTable\" border=\"0\" cellspacing=\"0\" cellpadding=\"0\">\n<tbody>\n<tr style=\"height: 14.25pt;\" align=\"center\">\n<td style=\"background-color: white; width: 220.8pt;\" valign=\"top\">\n<p><strong><span style=\"font-size: 12pt;\">Mod\u00e8le<\/span><\/strong><\/p>\n<\/td>\n<td style=\"background-color: white; width: 193.9pt;\" valign=\"top\">\n<p><span style=\"font-size: 12pt;\">KZ900L<\/span><\/p>\n<\/td>\n<\/tr>\n<tr style=\"height: 14.25pt;\" align=\"center\">\n<td style=\"background-color: white;\" valign=\"top\">\n<p><strong><span style=\"font-size: 12pt;\">Tension<\/span><\/strong><\/p>\n<\/td>\n<td style=\"background-color: white;\" valign=\"top\">\n<p><span style=\"font-size: 12pt;\">220V 250W<\/span><\/p>\n<\/td>\n<\/tr>\n<tr style=\"height: 14.25pt;\" align=\"center\">\n<td style=\"background-color: white;\" valign=\"top\">\n<p><strong><span style=\"font-size: 12pt;\">Vitesse de cerclage<\/span><\/strong><\/p>\n<\/td>\n<td style=\"background-color: white;\" valign=\"top\">\n<p><span style=\"font-size: 12pt;\">1,6sec\/sangle<\/span><\/p>\n<\/td>\n<\/tr>\n<tr style=\"height: 14.25pt;\" align=\"center\">\n<td style=\"background-color: white;\" valign=\"top\">\n<p><strong><span style=\"font-size: 12pt;\">Largeur de cerclage<\/span><\/strong><\/p>\n<\/td>\n<td style=\"background-color: white;\" valign=\"top\">\n<p><span style=\"font-size: 12pt;\">9-15mm<\/span><\/p>\n<\/td>\n<\/tr>\n<tr style=\"height: 14.25pt;\" align=\"center\">\n<td style=\"background-color: white;\" valign=\"top\">\n<p><strong><span style=\"font-size: 12pt;\">\u00c9paisseur de la bande de cerclage<\/span><\/strong><\/p>\n<\/td>\n<td style=\"background-color: white;\" valign=\"top\">\n<p><span style=\"font-size: 12pt;\">0,7-1,1 mm<\/span><\/p>\n<\/td>\n<\/tr>\n<tr style=\"height: 14.25pt;\" align=\"center\">\n<td style=\"background-color: white;\" valign=\"top\">\n<p><strong><span style=\"font-size: 12pt;\">Poids de la machine<\/span><\/strong><\/p>\n<\/td>\n<td style=\"background-color: white;\" valign=\"top\">\n<p><span style=\"font-size: 12pt;\">90KGS<\/span><\/p>\n<\/td>\n<\/tr>\n<tr style=\"height: 14.25pt;\" align=\"center\">\n<td style=\"background-color: white;\" valign=\"top\">\n<p><strong><span style=\"font-size: 12pt;\">Taille de la machine (L*L*H)<\/span><\/strong><\/p>\n<\/td>\n<td style=\"background-color: white;\" valign=\"top\">\n<p><span style=\"font-size: 12pt;\">895*565*580mm<\/span><\/p>\n<\/td>\n<\/tr>\n<\/tbody>\n<\/table>\n<div id=\"ali-anchor-AliPostDhMb-bpj0k\" style=\"padding-top: 8px;\" data-section=\"AliPostDhMb-bpj0k\" data-section-title=\"Packaging &amp; Shipping\">\n<div id=\"ali-title-AliPostDhMb-bpj0k\" style=\"padding: 8px 0; border-bottom: 1px solid #ddd;\"><\/div>\n<\/div>","protected":false},"excerpt":{"rendered":"<p>Cgf8-8-4 Machine 3 en 1 pour le lavage, le remplissage et le bouchage de bouteilles pour animaux de compagnie<\/p>","protected":false},"featured_media":2700,"comment_status":"closed","ping_status":"open","template":"","meta":[],"product_brand":[],"product_cat":[101],"product_tag":[],"class_list":{"0":"post-2933","1":"product","2":"type-product","3":"status-publish","4":"has-post-thumbnail","6":"product_cat-filling-machines","8":"first","9":"instock","10":"sale","11":"purchasable","12":"product-type-simple"},"yoast_head":"<!-- This site is optimized with the Yoast SEO Premium plugin v20.9 (Yoast SEO v26.5) - https:\/\/yoast.com\/wordpress\/plugins\/seo\/ -->\n<title>CGF Series PET Bottle of 3 in 1 washing filling and capping machine for liquid - ALF PACK<\/title>\n<meta name=\"robots\" content=\"index, follow, max-snippet:-1, max-image-preview:large, max-video-preview:-1\" \/>\n<link rel=\"canonical\" href=\"https:\/\/alfequipment.com\/fr\/product\/bouteille-pour-animaux-de-compagnie-de-la-serie-cgf-machine-de-lavage-remplissage-et-bouchage-3-en-1-pour-les-liquides\/\" \/>\n<meta property=\"og:locale\" content=\"fr_FR\" \/>\n<meta property=\"og:type\" content=\"article\" \/>\n<meta property=\"og:title\" content=\"CGF Series PET Bottle of 3 in 1 washing filling and capping machine for liquid\" \/>\n<meta property=\"og:description\" content=\"Cgf8-8-4 Pet Bottle Washing Filling Capping 3 In 1 Machine\" \/>\n<meta property=\"og:url\" content=\"https:\/\/alfequipment.com\/fr\/product\/bouteille-pour-animaux-de-compagnie-de-la-serie-cgf-machine-de-lavage-remplissage-et-bouchage-3-en-1-pour-les-liquides\/\" \/>\n<meta property=\"og:site_name\" content=\"ALF PACK\" \/>\n<meta property=\"article:modified_time\" content=\"2025-01-13T13:08:59+00:00\" \/>\n<meta property=\"og:image\" content=\"https:\/\/alfequipment.com\/wp-content\/uploads\/2025\/01\/CGF-Series-PET-Bottle-of-3-in.jpg\" \/>\n\t<meta property=\"og:image:width\" content=\"800\" \/>\n\t<meta property=\"og:image:height\" content=\"800\" \/>\n\t<meta property=\"og:image:type\" content=\"image\/webp\" \/>\n<meta name=\"twitter:card\" content=\"summary_large_image\" \/>\n<meta name=\"twitter:label1\" content=\"Dur\u00e9e de lecture estim\u00e9e\" \/>\n\t<meta name=\"twitter:data1\" content=\"1 minute\" \/>\n<script type=\"application\/ld+json\" class=\"yoast-schema-graph\">{\"@context\":\"https:\/\/schema.org\",\"@graph\":[{\"@type\":\"WebPage\",\"@id\":\"https:\/\/alfequipment.com\/product\/cgf-series-pet-bottle-of-3-in-1-washing-filling-and-capping-machine-for-liquid\/\",\"url\":\"https:\/\/alfequipment.com\/product\/cgf-series-pet-bottle-of-3-in-1-washing-filling-and-capping-machine-for-liquid\/\",\"name\":\"CGF Series PET Bottle of 3 in 1 washing filling and capping machine for liquid - ALF PACK\",\"isPartOf\":{\"@id\":\"https:\/\/alfequipment.com\/#website\"},\"primaryImageOfPage\":{\"@id\":\"https:\/\/alfequipment.com\/product\/cgf-series-pet-bottle-of-3-in-1-washing-filling-and-capping-machine-for-liquid\/#primaryimage\"},\"image\":{\"@id\":\"https:\/\/alfequipment.com\/product\/cgf-series-pet-bottle-of-3-in-1-washing-filling-and-capping-machine-for-liquid\/#primaryimage\"},\"thumbnailUrl\":\"https:\/\/alfequipment.com\/wp-content\/uploads\/2025\/01\/CGF-Series-PET-Bottle-of-3-in.jpg\",\"datePublished\":\"2024-12-19T16:38:39+00:00\",\"dateModified\":\"2025-01-13T13:08:59+00:00\",\"breadcrumb\":{\"@id\":\"https:\/\/alfequipment.com\/product\/cgf-series-pet-bottle-of-3-in-1-washing-filling-and-capping-machine-for-liquid\/#breadcrumb\"},\"inLanguage\":\"fr-FR\",\"potentialAction\":[{\"@type\":\"ReadAction\",\"target\":[\"https:\/\/alfequipment.com\/product\/cgf-series-pet-bottle-of-3-in-1-washing-filling-and-capping-machine-for-liquid\/\"]}]},{\"@type\":\"ImageObject\",\"inLanguage\":\"fr-FR\",\"@id\":\"https:\/\/alfequipment.com\/product\/cgf-series-pet-bottle-of-3-in-1-washing-filling-and-capping-machine-for-liquid\/#primaryimage\",\"url\":\"https:\/\/alfequipment.com\/wp-content\/uploads\/2025\/01\/CGF-Series-PET-Bottle-of-3-in.jpg\",\"contentUrl\":\"https:\/\/alfequipment.com\/wp-content\/uploads\/2025\/01\/CGF-Series-PET-Bottle-of-3-in.jpg\",\"width\":800,\"height\":800},{\"@type\":\"BreadcrumbList\",\"@id\":\"https:\/\/alfequipment.com\/product\/cgf-series-pet-bottle-of-3-in-1-washing-filling-and-capping-machine-for-liquid\/#breadcrumb\",\"itemListElement\":[{\"@type\":\"ListItem\",\"position\":1,\"name\":\"Home\",\"item\":\"https:\/\/alfequipment.com\/\"},{\"@type\":\"ListItem\",\"position\":2,\"name\":\"Shop\",\"item\":\"https:\/\/alfequipment.com\/shop\/\"},{\"@type\":\"ListItem\",\"position\":3,\"name\":\"CGF Series PET Bottle of 3 in 1 washing filling and capping machine for liquid\"}]},{\"@type\":\"WebSite\",\"@id\":\"https:\/\/alfequipment.com\/#website\",\"url\":\"https:\/\/alfequipment.com\/\",\"name\":\"ALF PACK\",\"description\":\"\",\"publisher\":{\"@id\":\"https:\/\/alfequipment.com\/#organization\"},\"potentialAction\":[{\"@type\":\"SearchAction\",\"target\":{\"@type\":\"EntryPoint\",\"urlTemplate\":\"https:\/\/alfequipment.com\/?s={search_term_string}\"},\"query-input\":{\"@type\":\"PropertyValueSpecification\",\"valueRequired\":true,\"valueName\":\"search_term_string\"}}],\"inLanguage\":\"fr-FR\"},{\"@type\":\"Organization\",\"@id\":\"https:\/\/alfequipment.com\/#organization\",\"name\":\"ALF PACK\",\"url\":\"https:\/\/alfequipment.com\/\",\"logo\":{\"@type\":\"ImageObject\",\"inLanguage\":\"fr-FR\",\"@id\":\"https:\/\/alfequipment.com\/#\/schema\/logo\/image\/\",\"url\":\"https:\/\/alfequipment.com\/wp-content\/uploads\/2024\/11\/ALFlogo-2.webp\",\"contentUrl\":\"https:\/\/alfequipment.com\/wp-content\/uploads\/2024\/11\/ALFlogo-2.webp\",\"width\":758,\"height\":750,\"caption\":\"ALF PACK\"},\"image\":{\"@id\":\"https:\/\/alfequipment.com\/#\/schema\/logo\/image\/\"}}]}<\/script>\n<!-- \/ Yoast SEO Premium plugin. -->","yoast_head_json":{"title":"S\u00e9rie CGF Bouteille PET 3 en 1 machine de lavage, remplissage et bouchage pour liquide - ALF PACK","robots":{"index":"index","follow":"follow","max-snippet":"max-snippet:-1","max-image-preview":"max-image-preview:large","max-video-preview":"max-video-preview:-1"},"canonical":"https:\/\/alfequipment.com\/fr\/product\/bouteille-pour-animaux-de-compagnie-de-la-serie-cgf-machine-de-lavage-remplissage-et-bouchage-3-en-1-pour-les-liquides\/","og_locale":"fr_FR","og_type":"article","og_title":"CGF Series PET Bottle of 3 in 1 washing filling and capping machine for liquid","og_description":"Cgf8-8-4 Pet Bottle Washing Filling Capping 3 In 1 Machine","og_url":"https:\/\/alfequipment.com\/fr\/product\/bouteille-pour-animaux-de-compagnie-de-la-serie-cgf-machine-de-lavage-remplissage-et-bouchage-3-en-1-pour-les-liquides\/","og_site_name":"ALF PACK","article_modified_time":"2025-01-13T13:08:59+00:00","og_image":[{"width":800,"height":800,"url":"https:\/\/alfequipment.com\/wp-content\/uploads\/2025\/01\/CGF-Series-PET-Bottle-of-3-in.jpg","type":"image\/webp"}],"twitter_card":"summary_large_image","twitter_misc":{"Dur\u00e9e de lecture estim\u00e9e":"1 minute"},"schema":{"@context":"https:\/\/schema.org","@graph":[{"@type":"WebPage","@id":"https:\/\/alfequipment.com\/product\/cgf-series-pet-bottle-of-3-in-1-washing-filling-and-capping-machine-for-liquid\/","url":"https:\/\/alfequipment.com\/product\/cgf-series-pet-bottle-of-3-in-1-washing-filling-and-capping-machine-for-liquid\/","name":"S\u00e9rie CGF Bouteille PET 3 en 1 machine de lavage, remplissage et bouchage pour liquide - ALF PACK","isPartOf":{"@id":"https:\/\/alfequipment.com\/#website"},"primaryImageOfPage":{"@id":"https:\/\/alfequipment.com\/product\/cgf-series-pet-bottle-of-3-in-1-washing-filling-and-capping-machine-for-liquid\/#primaryimage"},"image":{"@id":"https:\/\/alfequipment.com\/product\/cgf-series-pet-bottle-of-3-in-1-washing-filling-and-capping-machine-for-liquid\/#primaryimage"},"thumbnailUrl":"https:\/\/alfequipment.com\/wp-content\/uploads\/2025\/01\/CGF-Series-PET-Bottle-of-3-in.jpg","datePublished":"2024-12-19T16:38:39+00:00","dateModified":"2025-01-13T13:08:59+00:00","breadcrumb":{"@id":"https:\/\/alfequipment.com\/product\/cgf-series-pet-bottle-of-3-in-1-washing-filling-and-capping-machine-for-liquid\/#breadcrumb"},"inLanguage":"fr-FR","potentialAction":[{"@type":"ReadAction","target":["https:\/\/alfequipment.com\/product\/cgf-series-pet-bottle-of-3-in-1-washing-filling-and-capping-machine-for-liquid\/"]}]},{"@type":"ImageObject","inLanguage":"fr-FR","@id":"https:\/\/alfequipment.com\/product\/cgf-series-pet-bottle-of-3-in-1-washing-filling-and-capping-machine-for-liquid\/#primaryimage","url":"https:\/\/alfequipment.com\/wp-content\/uploads\/2025\/01\/CGF-Series-PET-Bottle-of-3-in.jpg","contentUrl":"https:\/\/alfequipment.com\/wp-content\/uploads\/2025\/01\/CGF-Series-PET-Bottle-of-3-in.jpg","width":800,"height":800},{"@type":"BreadcrumbList","@id":"https:\/\/alfequipment.com\/product\/cgf-series-pet-bottle-of-3-in-1-washing-filling-and-capping-machine-for-liquid\/#breadcrumb","itemListElement":[{"@type":"ListItem","position":1,"name":"Home","item":"https:\/\/alfequipment.com\/"},{"@type":"ListItem","position":2,"name":"Shop","item":"https:\/\/alfequipment.com\/shop\/"},{"@type":"ListItem","position":3,"name":"CGF Series PET Bottle of 3 in 1 washing filling and capping machine for liquid"}]},{"@type":"WebSite","@id":"https:\/\/alfequipment.com\/#website","url":"https:\/\/alfequipment.com\/","name":"PACK ALF","description":"","publisher":{"@id":"https:\/\/alfequipment.com\/#organization"},"potentialAction":[{"@type":"SearchAction","target":{"@type":"EntryPoint","urlTemplate":"https:\/\/alfequipment.com\/?s={search_term_string}"},"query-input":{"@type":"PropertyValueSpecification","valueRequired":true,"valueName":"search_term_string"}}],"inLanguage":"fr-FR"},{"@type":"Organization","@id":"https:\/\/alfequipment.com\/#organization","name":"PACK ALF","url":"https:\/\/alfequipment.com\/","logo":{"@type":"ImageObject","inLanguage":"fr-FR","@id":"https:\/\/alfequipment.com\/#\/schema\/logo\/image\/","url":"https:\/\/alfequipment.com\/wp-content\/uploads\/2024\/11\/ALFlogo-2.webp","contentUrl":"https:\/\/alfequipment.com\/wp-content\/uploads\/2024\/11\/ALFlogo-2.webp","width":758,"height":750,"caption":"ALF PACK"},"image":{"@id":"https:\/\/alfequipment.com\/#\/schema\/logo\/image\/"}}]}},"_links":{"self":[{"href":"https:\/\/alfequipment.com\/fr\/wp-json\/wp\/v2\/product\/2933","targetHints":{"allow":["GET"]}}],"collection":[{"href":"https:\/\/alfequipment.com\/fr\/wp-json\/wp\/v2\/product"}],"about":[{"href":"https:\/\/alfequipment.com\/fr\/wp-json\/wp\/v2\/types\/product"}],"replies":[{"embeddable":true,"href":"https:\/\/alfequipment.com\/fr\/wp-json\/wp\/v2\/comments?post=2933"}],"version-history":[{"count":0,"href":"https:\/\/alfequipment.com\/fr\/wp-json\/wp\/v2\/product\/2933\/revisions"}],"wp:featuredmedia":[{"embeddable":true,"href":"https:\/\/alfequipment.com\/fr\/wp-json\/wp\/v2\/media\/2700"}],"wp:attachment":[{"href":"https:\/\/alfequipment.com\/fr\/wp-json\/wp\/v2\/media?parent=2933"}],"wp:term":[{"taxonomy":"product_brand","embeddable":true,"href":"https:\/\/alfequipment.com\/fr\/wp-json\/wp\/v2\/product_brand?post=2933"},{"taxonomy":"product_cat","embeddable":true,"href":"https:\/\/alfequipment.com\/fr\/wp-json\/wp\/v2\/product_cat?post=2933"},{"taxonomy":"product_tag","embeddable":true,"href":"https:\/\/alfequipment.com\/fr\/wp-json\/wp\/v2\/product_tag?post=2933"}],"curies":[{"name":"wp","href":"https:\/\/api.w.org\/{rel}","templated":true}]}}