{"id":2941,"date":"2024-12-24T02:58:30","date_gmt":"2024-12-24T02:58:30","guid":{"rendered":"https:\/\/alfequipment.com\/product\/frd1000v-vertical-solid-ink-coding-plastic-bag-band-sealer-with-code-printing\/"},"modified":"2025-01-13T15:00:39","modified_gmt":"2025-01-13T15:00:39","slug":"frd1000v-scelleuse-verticale-de-sacs-plastiques-a-code-solide-avec-impression-de-code","status":"publish","type":"product","link":"https:\/\/alfequipment.com\/fr\/product\/frd1000v-scelleuse-verticale-de-sacs-plastiques-a-code-solide-avec-impression-de-code\/","title":{"rendered":"FRD1000V Scelleuse verticale de sacs plastiques \u00e0 code solide avec impression de code"},"content":{"rendered":"<div data-magic-global=\"%7B%22bizId%22%3A17179933680%2C%22pageId%22%3A21041017437%2C%22siteId%22%3A5005331025%7D\" id=\"detail_decorate_root\">\n<div module-id=\"28160797437\" module-title=\"detailProductNavigation\" render=\"true\" class=\"J_module\">\n<div id=\"ali-anchor-AliMagic-hmuiqr\" data-section=\"AliMagic-hmuiqr\" data-section-title=\"Product Description\" class=\"magic-0\">La scelleuse \u00e0 encre polyvalente FRD1000 est un nouveau mod\u00e8le de scelleuse automatique de films plastiques, qui int\u00e8gre l'impression couleur, la scelleuse et la transmission continue de produits, avec un motif propre et brillant sur la partie scell\u00e9e, une couleur s\u00e9lectionnable, une impression et un s\u00e9chage instantan\u00e9s, et la possibilit\u00e9 de changer les caract\u00e8res.<\/div>\n<\/div>\n<div module-id=\"28160797438\" module-title=\"detailTextWithTitle\" render=\"true\" class=\"J_module\">\n<div class=\"detail-decorate-json-renderer-container\">\n<div class=\"magic-1\">\n<div class=\"magic-4\">\n<div class=\"magic-5\">\n<div class=\"magic-6\">\n<p class=\"magic-7\">Le FRD1000V est de type vertical, il peut \u00eatre r\u00e9gl\u00e9 en hauteur.<\/p>\n<\/p><\/div>\n<\/p><\/div>\n<\/p><\/div>\n<\/p><\/div>\n<\/p><\/div>\n<\/p><\/div>\n<div module-id=\"28160797439\" module-title=\"detailTableHorizontal\" render=\"true\" class=\"J_module\">\n<div class=\"ife-detail-decorate-table\">\n<table class=\"has-title all magic-8\">\n<tbody>\n<tr>\n<td colspan=\"1\" rowspan=\"1\">\n<div class=\"magic-9\">\n        Mod\u00e8le\n       <\/div>\n<\/td>\n<td colspan=\"3\" rowspan=\"1\">\n<div class=\"magic-10\">\n        FRD1000V\n       <\/div>\n<\/td>\n<td rowspan=\"0\" class=\"magic-11\">\n<div class=\"magic-12\"><\/div>\n<\/td>\n<td rowspan=\"0\" class=\"magic-11\">\n<div class=\"magic-12\"><\/div>\n<\/td>\n<\/tr>\n<tr>\n<td colspan=\"1\" rowspan=\"1\">\n<div class=\"magic-9\">\n        tension\n       <\/div>\n<\/td>\n<td colspan=\"3\" rowspan=\"1\">\n<div class=\"magic-10\">\n        110\/220V 50-60Hz\n       <\/div>\n<\/td>\n<td rowspan=\"0\" class=\"magic-11\">\n<div class=\"magic-12\"><\/div>\n<\/td>\n<td rowspan=\"0\" class=\"magic-11\">\n<div class=\"magic-12\"><\/div>\n<\/td>\n<\/tr>\n<tr>\n<td colspan=\"1\" rowspan=\"1\">\n<div class=\"magic-9\">\n        pouvoir\n       <\/div>\n<\/td>\n<td colspan=\"3\" rowspan=\"1\">\n<div class=\"magic-10\">\n        770W\n       <\/div>\n<\/td>\n<td rowspan=\"0\" class=\"magic-11\">\n<div class=\"magic-12\"><\/div>\n<\/td>\n<td rowspan=\"0\" class=\"magic-11\">\n<div class=\"magic-12\"><\/div>\n<\/td>\n<\/tr>\n<tr>\n<td colspan=\"1\" rowspan=\"1\">\n<div class=\"magic-9\">\n        Vitesse d'\u00e9tanch\u00e9it\u00e9\n       <\/div>\n<\/td>\n<td colspan=\"3\" rowspan=\"1\">\n<div class=\"magic-13\">\n        0-12m\/min\n       <\/div>\n<\/td>\n<td rowspan=\"0\" class=\"magic-11\">\n<div class=\"magic-12\"><\/div>\n<\/td>\n<td rowspan=\"0\" class=\"magic-11\">\n<div class=\"magic-12\"><\/div>\n<\/td>\n<\/tr>\n<tr>\n<td colspan=\"1\" rowspan=\"1\">\n<div class=\"magic-9\">\n        Largeur de scellement\n       <\/div>\n<\/td>\n<td colspan=\"3\" rowspan=\"1\">\n<div class=\"magic-13\">\n        6-12mm\n       <\/div>\n<\/td>\n<td rowspan=\"0\" class=\"magic-11\">\n<div class=\"magic-12\"><\/div>\n<\/td>\n<td rowspan=\"0\" class=\"magic-11\">\n<div class=\"magic-12\"><\/div>\n<\/td>\n<\/tr>\n<tr>\n<td colspan=\"1\" rowspan=\"1\">\n<div class=\"magic-9\">\n        Plage de temp\u00e9rature\n       <\/div>\n<\/td>\n<td colspan=\"3\" rowspan=\"1\">\n<div class=\"magic-13\">\n        0-300\u00e2\n       <\/div>\n<\/td>\n<td rowspan=\"0\" class=\"magic-11\">\n<div class=\"magic-12\"><\/div>\n<\/td>\n<td rowspan=\"0\" class=\"magic-11\">\n<div class=\"magic-12\"><\/div>\n<\/td>\n<\/tr>\n<tr>\n<td colspan=\"1\" rowspan=\"1\">\n<div class=\"magic-9\">\n        Chargement maximal du convoyeur\n       <\/div>\n<\/td>\n<td colspan=\"3\" rowspan=\"1\">\n<div class=\"magic-13\">\n        3kgs\n       <\/div>\n<\/td>\n<td rowspan=\"0\" class=\"magic-11\">\n<div class=\"magic-12\"><\/div>\n<\/td>\n<td rowspan=\"0\" class=\"magic-11\">\n<div class=\"magic-12\"><\/div>\n<\/td>\n<\/tr>\n<tr>\n<td colspan=\"1\" rowspan=\"1\">\n<div class=\"magic-9\">\n        Cat\u00e9gorie d'impression\n       <\/div>\n<\/td>\n<td colspan=\"3\" rowspan=\"1\">\n<div class=\"magic-13\">\n        Impression d'encre solide\n       <\/div>\n<\/td>\n<td rowspan=\"0\" class=\"magic-11\">\n<div class=\"magic-12\"><\/div>\n<\/td>\n<td rowspan=\"0\" class=\"magic-11\">\n<div class=\"magic-12\"><\/div>\n<\/td>\n<\/tr>\n<tr>\n<td colspan=\"1\" rowspan=\"1\">\n<div class=\"magic-9\">\n        Poids de la machine\n       <\/div>\n<\/td>\n<td colspan=\"3\" rowspan=\"1\">\n<div class=\"magic-13\">\n        28kg\n       <\/div>\n<\/td>\n<td rowspan=\"0\" class=\"magic-11\">\n<div class=\"magic-12\"><\/div>\n<\/td>\n<td rowspan=\"0\" class=\"magic-11\">\n<div class=\"magic-12\"><\/div>\n<\/td>\n<\/tr>\n<tr>\n<td colspan=\"1\" rowspan=\"1\">\n<div class=\"magic-9\">\n        Taille de la machine\n       <\/div>\n<\/td>\n<td colspan=\"3\" rowspan=\"1\">\n<div class=\"magic-13\">\n        920*392*505mm\n       <\/div>\n<\/td>\n<td rowspan=\"0\" class=\"magic-11\">\n<div class=\"magic-12\"><\/div>\n<\/td>\n<td rowspan=\"0\" class=\"magic-11\">\n<div class=\"magic-12\"><\/div>\n<\/td>\n<\/tr>\n<tr>\n<td colspan=\"1\" rowspan=\"1\">\n<div class=\"magic-9\">\n        Taille de l'emballage\n       <\/div>\n<\/td>\n<td colspan=\"3\" rowspan=\"1\">\n<div class=\"magic-13\">\n        1010*440*360mm\n       <\/div>\n<\/td>\n<td rowspan=\"0\" class=\"magic-11\">\n<div class=\"magic-12\"><\/div>\n<\/td>\n<td rowspan=\"0\" class=\"magic-11\">\n<div class=\"magic-12\"><\/div>\n<\/td>\n<\/tr>\n<\/tbody>\n<\/table><\/div>\n<\/p><\/div>\n<div module-id=\"28160797440\" module-title=\"detailSingleImage\" render=\"true\" class=\"J_module\">\n<div class=\"icbu-pc-images magic-14\">\n<div>\n<div class=\"flex-layout-v\">\n<div class=\"flex-layout-h magic-14\">\n<div class=\"magic-15\">\n       <img decoding=\"async\" src=\"https:\/\/sc04.alicdn.com\/kf\/H5720a8032ae44e6eb899ffc39daa951cD\/64496\/H5720a8032ae44e6eb899ffc39daa951cD.jpg\" class=\"aligncenter\">\n      <\/div>\n<\/p><\/div>\n<\/p><\/div>\n<\/p><\/div>\n<\/p><\/div>\n<\/p><\/div>\n<div module-id=\"28160797441\" module-title=\"detailTwoImages\" render=\"true\" class=\"J_module\">\n<div class=\"icbu-pc-images magic-14\">\n<div>\n<div class=\"flex-layout-v\">\n<div class=\"flex-layout-h magic-14\">\n<div class=\"magic-17\">\n       <img decoding=\"async\" src=\"https:\/\/sc04.alicdn.com\/kf\/H73dde8e8ed0541a4b443230cb719dd54F\/64496\/H73dde8e8ed0541a4b443230cb719dd54F.jpg\" class=\"aligncenter\">\n      <\/div>\n<div class=\"magic-19\">\n       <img decoding=\"async\" src=\"https:\/\/sc04.alicdn.com\/kf\/H1df9c90b1cdd47a0b9d27a79d2052e7cV\/64496\/H1df9c90b1cdd47a0b9d27a79d2052e7cV.jpg\" class=\"aligncenter\">\n      <\/div>\n<\/p><\/div>\n<\/p><\/div>\n<\/p><\/div>\n<\/p><\/div>\n<\/p><\/div>\n<div module-id=\"28160797442\" module-title=\"detailVerticalImages\" render=\"true\" class=\"J_module\">\n<div class=\"icbu-pc-images magic-14\">\n<div>\n<div class=\"flex-layout-v\">\n<div class=\"magic-20\">\n      <img decoding=\"async\" src=\"https:\/\/sc04.alicdn.com\/kf\/H4d876499eb2b485db92d58e3f933837ae\/64496\/H4d876499eb2b485db92d58e3f933837ae.jpg\" class=\"aligncenter\">\n     <\/div>\n<div class=\"flex-layout-h magic-14\">\n<div class=\"magic-22\">\n       <img decoding=\"async\" src=\"https:\/\/sc02.alicdn.com\/kf\/HTB1xMigXjzuK1Rjy0Fpq6yEpFXaG\/64496\/HTB1xMigXjzuK1Rjy0Fpq6yEpFXaG.jpg\" class=\"aligncenter\">\n      <\/div>\n<div class=\"magic-24\">\n       <img decoding=\"async\" src=\"https:\/\/sc01.alicdn.com\/kf\/HTB1PoigXizxK1RjSspjq6AS.pXa4\/64496\/HTB1PoigXizxK1RjSspjq6AS.pXa4.jpg\" class=\"aligncenter\">\n      <\/div>\n<\/p><\/div>\n<\/p><\/div>\n<\/p><\/div>\n<\/p><\/div>\n<\/p><\/div>\n<div module-id=\"28160797443\" module-title=\"detailTextWithTitle\" render=\"true\" class=\"J_module\">\n<div class=\"detail-decorate-json-renderer-container\">\n<div class=\"magic-1\">\n<h3 class=\"magic-2\"><\/h3>\n<h3 class=\"magic-3\">Am\u00e9liorations :<br \/><\/h3>\n<div class=\"magic-4\">\n<div class=\"magic-5\">\n<div class=\"magic-6\">\n<p class=\"magic-7\">1) Corps en acier inoxydable am\u00e9lior\u00e9, anti-traces de doigts, plus \u00e9pais avec des coins polis.<\/p>\n<p class=\"magic-7\">2) Bouton de tension en caoutchouc solide de haute qualit\u00e9, r\u00e9sistant \u00e0 l'usure.<\/p>\n<p class=\"magic-7\">3) Roue d'entra\u00eenement de haute pr\u00e9cision et courroie d'\u00e9tanch\u00e9it\u00e9 facilement rempla\u00e7able.&nbsp;<\/p>\n<p class=\"magic-7\">4) Bloc de chauffage et bloc de refroidissement plus \u00e9pais et plus large.<\/p>\n<p class=\"magic-7\">5) Roue d'entra\u00eenement de haute pr\u00e9cision, tr\u00e8s belle.<\/p>\n<p class=\"magic-7\">6) Interrupteur de haute qualit\u00e9, plus de s\u00e9curit\u00e9, plus de soin.<\/p>\n<p class=\"magic-7\">7) Rouleau transporteur en polyformald\u00e9hyde am\u00e9lior\u00e9 et bande transporteuse plus \u00e9paisse, plus durable.<\/p>\n<p class=\"magic-7\">8) Bo\u00eete de vitesses unibody, flanc fixe, plus stable<\/p>\n<p class=\"magic-7\">9) Engrenage en polyformald\u00e9hyde de haute qualit\u00e9 avec moulage par injection \u00e0 haute r\u00e9sistance, fonctionnement plus souple et faible bruit.<\/p>\n<\/p><\/div>\n<\/p><\/div>\n<\/p><\/div>\n<\/p><\/div>\n<\/p><\/div>\n<\/p><\/div>\n<\/div>","protected":false},"excerpt":{"rendered":"<p>Scelleuse \u00e0 bande verticale avec imprimante<\/p>","protected":false},"featured_media":2716,"comment_status":"closed","ping_status":"open","template":"","meta":[],"product_brand":[],"product_cat":[119,97],"product_tag":[],"class_list":{"0":"post-2941","1":"product","2":"type-product","3":"status-publish","4":"has-post-thumbnail","6":"product_cat-band-sealer","7":"product_cat-sealing-machines","9":"first","10":"instock","11":"sale","12":"purchasable","13":"product-type-simple"},"yoast_head":"<!-- This site is optimized with the Yoast SEO Premium plugin v20.9 (Yoast SEO v26.5) - https:\/\/yoast.com\/wordpress\/plugins\/seo\/ -->\n<title>FRD1000V Vertical Solid ink coding plastic bag band sealer with code printing - ALF PACK<\/title>\n<meta name=\"robots\" content=\"index, follow, max-snippet:-1, max-image-preview:large, max-video-preview:-1\" \/>\n<link rel=\"canonical\" href=\"https:\/\/alfequipment.com\/fr\/product\/frd1000v-scelleuse-verticale-de-sacs-plastiques-a-code-solide-avec-impression-de-code\/\" \/>\n<meta property=\"og:locale\" content=\"fr_FR\" \/>\n<meta property=\"og:type\" content=\"article\" \/>\n<meta property=\"og:title\" content=\"FRD1000V Vertical Solid ink coding plastic bag band sealer with code printing\" \/>\n<meta property=\"og:description\" content=\"Vertical Band Sealer With Printer\" \/>\n<meta property=\"og:url\" content=\"https:\/\/alfequipment.com\/fr\/product\/frd1000v-scelleuse-verticale-de-sacs-plastiques-a-code-solide-avec-impression-de-code\/\" \/>\n<meta property=\"og:site_name\" content=\"ALF PACK\" \/>\n<meta property=\"article:modified_time\" content=\"2025-01-13T15:00:39+00:00\" \/>\n<meta property=\"og:image\" content=\"https:\/\/alfequipment.com\/wp-content\/uploads\/2025\/01\/FRD1000V-Vertical-Solid-ink-coding-plastic-bag.jpg\" \/>\n\t<meta property=\"og:image:width\" content=\"800\" \/>\n\t<meta property=\"og:image:height\" content=\"800\" \/>\n\t<meta property=\"og:image:type\" content=\"image\/webp\" \/>\n<meta name=\"twitter:card\" content=\"summary_large_image\" \/>\n<meta name=\"twitter:label1\" content=\"Dur\u00e9e de lecture estim\u00e9e\" \/>\n\t<meta name=\"twitter:data1\" content=\"1 minute\" \/>\n<script type=\"application\/ld+json\" class=\"yoast-schema-graph\">{\"@context\":\"https:\/\/schema.org\",\"@graph\":[{\"@type\":\"WebPage\",\"@id\":\"https:\/\/alfequipment.com\/product\/frd1000v-vertical-solid-ink-coding-plastic-bag-band-sealer-with-code-printing\/\",\"url\":\"https:\/\/alfequipment.com\/product\/frd1000v-vertical-solid-ink-coding-plastic-bag-band-sealer-with-code-printing\/\",\"name\":\"FRD1000V Vertical Solid ink coding plastic bag band sealer with code printing - ALF PACK\",\"isPartOf\":{\"@id\":\"https:\/\/alfequipment.com\/#website\"},\"primaryImageOfPage\":{\"@id\":\"https:\/\/alfequipment.com\/product\/frd1000v-vertical-solid-ink-coding-plastic-bag-band-sealer-with-code-printing\/#primaryimage\"},\"image\":{\"@id\":\"https:\/\/alfequipment.com\/product\/frd1000v-vertical-solid-ink-coding-plastic-bag-band-sealer-with-code-printing\/#primaryimage\"},\"thumbnailUrl\":\"https:\/\/alfequipment.com\/wp-content\/uploads\/2025\/01\/FRD1000V-Vertical-Solid-ink-coding-plastic-bag.jpg\",\"datePublished\":\"2024-12-24T02:58:30+00:00\",\"dateModified\":\"2025-01-13T15:00:39+00:00\",\"breadcrumb\":{\"@id\":\"https:\/\/alfequipment.com\/product\/frd1000v-vertical-solid-ink-coding-plastic-bag-band-sealer-with-code-printing\/#breadcrumb\"},\"inLanguage\":\"fr-FR\",\"potentialAction\":[{\"@type\":\"ReadAction\",\"target\":[\"https:\/\/alfequipment.com\/product\/frd1000v-vertical-solid-ink-coding-plastic-bag-band-sealer-with-code-printing\/\"]}]},{\"@type\":\"ImageObject\",\"inLanguage\":\"fr-FR\",\"@id\":\"https:\/\/alfequipment.com\/product\/frd1000v-vertical-solid-ink-coding-plastic-bag-band-sealer-with-code-printing\/#primaryimage\",\"url\":\"https:\/\/alfequipment.com\/wp-content\/uploads\/2025\/01\/FRD1000V-Vertical-Solid-ink-coding-plastic-bag.jpg\",\"contentUrl\":\"https:\/\/alfequipment.com\/wp-content\/uploads\/2025\/01\/FRD1000V-Vertical-Solid-ink-coding-plastic-bag.jpg\",\"width\":800,\"height\":800},{\"@type\":\"BreadcrumbList\",\"@id\":\"https:\/\/alfequipment.com\/product\/frd1000v-vertical-solid-ink-coding-plastic-bag-band-sealer-with-code-printing\/#breadcrumb\",\"itemListElement\":[{\"@type\":\"ListItem\",\"position\":1,\"name\":\"Home\",\"item\":\"https:\/\/alfequipment.com\/\"},{\"@type\":\"ListItem\",\"position\":2,\"name\":\"Shop\",\"item\":\"https:\/\/alfequipment.com\/shop\/\"},{\"@type\":\"ListItem\",\"position\":3,\"name\":\"FRD1000V Vertical Solid ink coding plastic bag band sealer with code printing\"}]},{\"@type\":\"WebSite\",\"@id\":\"https:\/\/alfequipment.com\/#website\",\"url\":\"https:\/\/alfequipment.com\/\",\"name\":\"ALF PACK\",\"description\":\"\",\"publisher\":{\"@id\":\"https:\/\/alfequipment.com\/#organization\"},\"potentialAction\":[{\"@type\":\"SearchAction\",\"target\":{\"@type\":\"EntryPoint\",\"urlTemplate\":\"https:\/\/alfequipment.com\/?s={search_term_string}\"},\"query-input\":{\"@type\":\"PropertyValueSpecification\",\"valueRequired\":true,\"valueName\":\"search_term_string\"}}],\"inLanguage\":\"fr-FR\"},{\"@type\":\"Organization\",\"@id\":\"https:\/\/alfequipment.com\/#organization\",\"name\":\"ALF PACK\",\"url\":\"https:\/\/alfequipment.com\/\",\"logo\":{\"@type\":\"ImageObject\",\"inLanguage\":\"fr-FR\",\"@id\":\"https:\/\/alfequipment.com\/#\/schema\/logo\/image\/\",\"url\":\"https:\/\/alfequipment.com\/wp-content\/uploads\/2024\/11\/ALFlogo-2.webp\",\"contentUrl\":\"https:\/\/alfequipment.com\/wp-content\/uploads\/2024\/11\/ALFlogo-2.webp\",\"width\":758,\"height\":750,\"caption\":\"ALF PACK\"},\"image\":{\"@id\":\"https:\/\/alfequipment.com\/#\/schema\/logo\/image\/\"}}]}<\/script>\n<!-- \/ Yoast SEO Premium plugin. -->","yoast_head_json":{"title":"FRD1000V Scelleuse verticale de sacs plastiques \u00e0 code solide avec impression de code - ALF PACK","robots":{"index":"index","follow":"follow","max-snippet":"max-snippet:-1","max-image-preview":"max-image-preview:large","max-video-preview":"max-video-preview:-1"},"canonical":"https:\/\/alfequipment.com\/fr\/product\/frd1000v-scelleuse-verticale-de-sacs-plastiques-a-code-solide-avec-impression-de-code\/","og_locale":"fr_FR","og_type":"article","og_title":"FRD1000V Vertical Solid ink coding plastic bag band sealer with code printing","og_description":"Vertical Band Sealer With Printer","og_url":"https:\/\/alfequipment.com\/fr\/product\/frd1000v-scelleuse-verticale-de-sacs-plastiques-a-code-solide-avec-impression-de-code\/","og_site_name":"ALF PACK","article_modified_time":"2025-01-13T15:00:39+00:00","og_image":[{"width":800,"height":800,"url":"https:\/\/alfequipment.com\/wp-content\/uploads\/2025\/01\/FRD1000V-Vertical-Solid-ink-coding-plastic-bag.jpg","type":"image\/webp"}],"twitter_card":"summary_large_image","twitter_misc":{"Dur\u00e9e de lecture estim\u00e9e":"1 minute"},"schema":{"@context":"https:\/\/schema.org","@graph":[{"@type":"WebPage","@id":"https:\/\/alfequipment.com\/product\/frd1000v-vertical-solid-ink-coding-plastic-bag-band-sealer-with-code-printing\/","url":"https:\/\/alfequipment.com\/product\/frd1000v-vertical-solid-ink-coding-plastic-bag-band-sealer-with-code-printing\/","name":"FRD1000V Scelleuse verticale de sacs plastiques \u00e0 code solide avec impression de code - ALF PACK","isPartOf":{"@id":"https:\/\/alfequipment.com\/#website"},"primaryImageOfPage":{"@id":"https:\/\/alfequipment.com\/product\/frd1000v-vertical-solid-ink-coding-plastic-bag-band-sealer-with-code-printing\/#primaryimage"},"image":{"@id":"https:\/\/alfequipment.com\/product\/frd1000v-vertical-solid-ink-coding-plastic-bag-band-sealer-with-code-printing\/#primaryimage"},"thumbnailUrl":"https:\/\/alfequipment.com\/wp-content\/uploads\/2025\/01\/FRD1000V-Vertical-Solid-ink-coding-plastic-bag.jpg","datePublished":"2024-12-24T02:58:30+00:00","dateModified":"2025-01-13T15:00:39+00:00","breadcrumb":{"@id":"https:\/\/alfequipment.com\/product\/frd1000v-vertical-solid-ink-coding-plastic-bag-band-sealer-with-code-printing\/#breadcrumb"},"inLanguage":"fr-FR","potentialAction":[{"@type":"ReadAction","target":["https:\/\/alfequipment.com\/product\/frd1000v-vertical-solid-ink-coding-plastic-bag-band-sealer-with-code-printing\/"]}]},{"@type":"ImageObject","inLanguage":"fr-FR","@id":"https:\/\/alfequipment.com\/product\/frd1000v-vertical-solid-ink-coding-plastic-bag-band-sealer-with-code-printing\/#primaryimage","url":"https:\/\/alfequipment.com\/wp-content\/uploads\/2025\/01\/FRD1000V-Vertical-Solid-ink-coding-plastic-bag.jpg","contentUrl":"https:\/\/alfequipment.com\/wp-content\/uploads\/2025\/01\/FRD1000V-Vertical-Solid-ink-coding-plastic-bag.jpg","width":800,"height":800},{"@type":"BreadcrumbList","@id":"https:\/\/alfequipment.com\/product\/frd1000v-vertical-solid-ink-coding-plastic-bag-band-sealer-with-code-printing\/#breadcrumb","itemListElement":[{"@type":"ListItem","position":1,"name":"Home","item":"https:\/\/alfequipment.com\/"},{"@type":"ListItem","position":2,"name":"Shop","item":"https:\/\/alfequipment.com\/shop\/"},{"@type":"ListItem","position":3,"name":"FRD1000V Vertical Solid ink coding plastic bag band sealer with code printing"}]},{"@type":"WebSite","@id":"https:\/\/alfequipment.com\/#website","url":"https:\/\/alfequipment.com\/","name":"PACK ALF","description":"","publisher":{"@id":"https:\/\/alfequipment.com\/#organization"},"potentialAction":[{"@type":"SearchAction","target":{"@type":"EntryPoint","urlTemplate":"https:\/\/alfequipment.com\/?s={search_term_string}"},"query-input":{"@type":"PropertyValueSpecification","valueRequired":true,"valueName":"search_term_string"}}],"inLanguage":"fr-FR"},{"@type":"Organization","@id":"https:\/\/alfequipment.com\/#organization","name":"PACK ALF","url":"https:\/\/alfequipment.com\/","logo":{"@type":"ImageObject","inLanguage":"fr-FR","@id":"https:\/\/alfequipment.com\/#\/schema\/logo\/image\/","url":"https:\/\/alfequipment.com\/wp-content\/uploads\/2024\/11\/ALFlogo-2.webp","contentUrl":"https:\/\/alfequipment.com\/wp-content\/uploads\/2024\/11\/ALFlogo-2.webp","width":758,"height":750,"caption":"ALF PACK"},"image":{"@id":"https:\/\/alfequipment.com\/#\/schema\/logo\/image\/"}}]}},"_links":{"self":[{"href":"https:\/\/alfequipment.com\/fr\/wp-json\/wp\/v2\/product\/2941","targetHints":{"allow":["GET"]}}],"collection":[{"href":"https:\/\/alfequipment.com\/fr\/wp-json\/wp\/v2\/product"}],"about":[{"href":"https:\/\/alfequipment.com\/fr\/wp-json\/wp\/v2\/types\/product"}],"replies":[{"embeddable":true,"href":"https:\/\/alfequipment.com\/fr\/wp-json\/wp\/v2\/comments?post=2941"}],"version-history":[{"count":0,"href":"https:\/\/alfequipment.com\/fr\/wp-json\/wp\/v2\/product\/2941\/revisions"}],"wp:featuredmedia":[{"embeddable":true,"href":"https:\/\/alfequipment.com\/fr\/wp-json\/wp\/v2\/media\/2716"}],"wp:attachment":[{"href":"https:\/\/alfequipment.com\/fr\/wp-json\/wp\/v2\/media?parent=2941"}],"wp:term":[{"taxonomy":"product_brand","embeddable":true,"href":"https:\/\/alfequipment.com\/fr\/wp-json\/wp\/v2\/product_brand?post=2941"},{"taxonomy":"product_cat","embeddable":true,"href":"https:\/\/alfequipment.com\/fr\/wp-json\/wp\/v2\/product_cat?post=2941"},{"taxonomy":"product_tag","embeddable":true,"href":"https:\/\/alfequipment.com\/fr\/wp-json\/wp\/v2\/product_tag?post=2941"}],"curies":[{"name":"wp","href":"https:\/\/api.w.org\/{rel}","templated":true}]}}