{"id":2944,"date":"2024-12-03T12:11:59","date_gmt":"2024-12-03T12:11:59","guid":{"rendered":"https:\/\/alfequipment.com\/product\/sop810-ink-jet-printer\/"},"modified":"2025-01-13T13:09:08","modified_gmt":"2025-01-13T13:09:08","slug":"imprimante-a-jet-dencre-sop810","status":"publish","type":"product","link":"https:\/\/alfequipment.com\/fr\/product\/imprimante-a-jet-dencre-sop810\/","title":{"rendered":"IMPRIMANTE \u00c0 JET D'ENCRE SOP810"},"content":{"rendered":"<p><span style=\"font-size: 12.0pt;\">L'imprimante \u00e0 jet d'encre SOP810 adopte une pompe \u00e0 septum int\u00e9gr\u00e9e quatre pompes un organe <\/span><span style=\"font-size: 12.0pt;\">La buse est dot\u00e9e d'une technique anti-blocage ternaire. Le mode unique de contr\u00f4le de la viscosit\u00e9 de l'encre et l'innovation compl\u00e8te du syst\u00e8me de canaux d'encre permettent \u00e0 l'imprimante d'obtenir des r\u00e9sultats de renomm\u00e9e mondiale dans la technique de base de haute stabilit\u00e9, de haute cr\u00e9dibilit\u00e9 et de faible co\u00fbt, ce qui r\u00e9pond grandement aux attentes des clients. L'interface homme-machine flexible, la technique logicielle multifonctionnelle puissante, la conception durable de la buse garantissent un fonctionnement plus cr\u00e9dible de la pompe int\u00e9gr\u00e9e SOP 600, des lettres plus belles et une maintenance plus pratique. En outre, les produits sont largement utilis\u00e9s pour l'impression sans contact dans les secteurs des boissons, de l'alimentation, de la m\u00e9decine, de l'industrie chimique, des mat\u00e9riaux architecturaux et de l'\u00e9lectronique. <\/span><\/p>\n<p align=\"left\" style=\"margin-left: 36.0pt; text-align: left;\"><strong><span style=\"font-size: 14.0pt;\">II.&nbsp;&nbsp;&nbsp;&nbsp;&nbsp;&nbsp;&nbsp;&nbsp;&nbsp;&nbsp;&nbsp;&nbsp;&nbsp;&nbsp; <\/span><\/strong><strong><span style=\"font-size: 14.0pt;\">Fonction d'impression : &nbsp;<\/span><\/strong><\/p>\n<p align=\"left\" style=\"margin-left: 21.25pt; text-align: left;\"><span style=\"font-size: 12.0pt;\">1.&nbsp;&nbsp;&nbsp;&nbsp;&nbsp;&nbsp;&nbsp; <\/span><span style=\"font-size: 12.0pt;\">Lignes d'impression : 1-4 lignes (r\u00e9glable)<\/span><\/p>\n<p align=\"left\" style=\"margin-left: 21.3pt; text-align: left;\"><span style=\"font-size: 12.0pt;\">2.&nbsp;&nbsp;&nbsp;&nbsp;&nbsp;&nbsp;&nbsp; <\/span><span style=\"font-size: 12.0pt;\">Treillis de formes de lettres : 5X5, 5X7, 7X9, 6X12, 8X16, 12X16, 11X24, 16X32 pr\u00e9parer soi-m\u00eame les informations de la matrice de points lorsqu'il y a moins de 32 matrices de points. <\/span><\/p>\n<p align=\"left\" style=\"margin-left: 36.0pt; text-align: left;\"><span style=\"font-size: 12.0pt;\">3.&nbsp;&nbsp;&nbsp;&nbsp;&nbsp;&nbsp;&nbsp; <\/span><span style=\"font-size: 12.0pt;\">Stockage d'informations : stockage illimit\u00e9 d'informations d'impression<\/span><\/p>\n<p align=\"left\" style=\"margin-left: 36.0pt; text-align: left;\"><span style=\"font-size: 12.0pt;\">4.&nbsp;&nbsp;&nbsp;&nbsp;&nbsp;&nbsp;&nbsp; <\/span><span style=\"font-size: 12.0pt;\">Interface d'utilisation : \u00e9cran tactile couleur, menu en chinois-anglais<\/span><\/p>\n<p align=\"left\" style=\"margin-left: 36.0pt; text-align: left;\"><span style=\"font-size: 12.0pt;\">5.&nbsp;&nbsp;&nbsp;&nbsp;&nbsp;&nbsp;&nbsp; <\/span><span style=\"font-size: 12.0pt;\">Vitesse d'impression : 3m\/s (ligne simple 5X7) <\/span><\/p>\n<p align=\"left\" style=\"margin-left: 36.0pt; text-align: left;\"><span style=\"font-size: 12.0pt;\">6.&nbsp;&nbsp;&nbsp;&nbsp;&nbsp;&nbsp;&nbsp; <\/span><span style=\"font-size: 12.0pt;\">Longueur d'impression : 1024 caract\u00e8res<\/span><\/p>\n<p align=\"left\" style=\"margin-left: 36.0pt; text-align: left;\"><span style=\"font-size: 12.0pt;\">7.&nbsp;&nbsp;&nbsp;&nbsp;&nbsp;&nbsp;&nbsp; <\/span><span style=\"font-size: 12.0pt;\">Saisie du chinois : m\u00e9thode de saisie du pinyin, m\u00e9thode de saisie du code binaire de zone<\/span><\/p>\n<p align=\"left\" style=\"margin-left: 21.3pt; text-align: left;\"><span style=\"font-size: 12.0pt;\">8.&nbsp;&nbsp;&nbsp;&nbsp;&nbsp;&nbsp;&nbsp; <\/span><span style=\"font-size: 12.0pt;\">Contenu de l'impression : date, heure, p\u00e9riode de validit\u00e9 automatique, num\u00e9ro de classe, num\u00e9ro de lot, num\u00e9ro de s\u00e9rie, quatre groupes de compteurs, comptage de compteurs, motifs pr\u00e9par\u00e9s par l'utilisateur, code \u00e0 barres variable, code anti-contrefa\u00e7on, plusieurs langues, plusieurs polices (signature personnelle possible).<\/span><\/p>\n<p align=\"left\" style=\"margin-left: 36.0pt; text-align: left;\"><span style=\"font-size: 12.0pt;\">9.&nbsp;&nbsp;&nbsp;&nbsp;&nbsp;&nbsp;&nbsp; <\/span><span style=\"font-size: 12.0pt;\">Encre d'imprimerie : noir, bleu, rouge et autres couleurs d'encre<\/span><\/p>\n<p align=\"left\" style=\"margin-left: 36.0pt; text-align: left;\"><span style=\"font-size: 12.0pt;\">10.&nbsp;&nbsp;&nbsp; <\/span><span style=\"font-size: 12.0pt;\">Longueur d'impression des caract\u00e8res : 1-15mm (r\u00e9glable)<\/span><\/p>\n<p align=\"left\" style=\"margin-left: 36.0pt; text-align: left;\"><span style=\"font-size: 12.0pt;\">11.&nbsp;&nbsp;&nbsp; <\/span><span style=\"font-size: 12.0pt;\">Distance d'impression : 0-30mm (r\u00e9glable)<\/span><\/p>\n<p align=\"left\" style=\"margin-right: -17.0pt; margin-left: 21.3pt; text-align: left;\"><span style=\"font-size: 12.0pt;\">12.&nbsp;&nbsp;&nbsp; <\/span><span style=\"font-size: 12.0pt;\">Sens des caract\u00e8res : caract\u00e8re normal, caract\u00e8re invers\u00e9, caract\u00e8re invers\u00e9 invers\u00e9, le sens d'impression peut \u00eatre d\u00e9fini ind\u00e9pendamment pour un seul caract\u00e8re.<\/span><\/p>\n<p align=\"left\" style=\"margin-left: 36.0pt; text-align: left;\"><span style=\"font-size: 12.0pt;\">13.&nbsp;&nbsp;&nbsp; <\/span><span style=\"font-size: 12.0pt;\">Distance entre les caract\u00e8res : 1 \u00e0 8 fois, \u00e9dition libre point par point possible<\/span><\/p>\n<p>&nbsp;<\/p>\n<p><span style=\"font-size: 16px;\">&nbsp;<span style=\"color: #ff0000;\"><strong>Mark : Le convoyeur et le stand sont des options, il faut les payer en plus.<\/strong><\/span><\/span><\/p>\n<p>&nbsp;<\/p>\n<p>&nbsp;<\/p>\n<p><\/p>","protected":false},"excerpt":{"rendered":"<p>Sop810 Imprimante industrielle automatique \u00e0 jet d'encre Machine \u00e0 coder les dates<\/p>","protected":false},"featured_media":2722,"comment_status":"closed","ping_status":"open","template":"","meta":[],"product_brand":[],"product_cat":[104],"product_tag":[],"class_list":{"0":"post-2944","1":"product","2":"type-product","3":"status-publish","4":"has-post-thumbnail","6":"product_cat-inkjet-printers","8":"first","9":"instock","10":"sale","11":"purchasable","12":"product-type-simple"},"yoast_head":"<!-- This site is optimized with the Yoast SEO Premium plugin v20.9 (Yoast SEO v26.5) - https:\/\/yoast.com\/wordpress\/plugins\/seo\/ -->\n<title>SOP810 INK JET PRINTER - ALF PACK<\/title>\n<meta name=\"robots\" content=\"index, follow, max-snippet:-1, max-image-preview:large, max-video-preview:-1\" \/>\n<link rel=\"canonical\" href=\"https:\/\/alfequipment.com\/fr\/product\/imprimante-a-jet-dencre-sop810\/\" \/>\n<meta property=\"og:locale\" content=\"fr_FR\" \/>\n<meta property=\"og:type\" content=\"article\" \/>\n<meta property=\"og:title\" content=\"SOP810 INK JET PRINTER\" \/>\n<meta property=\"og:description\" content=\"Sop810 Automatic Industrial Ink Jet Printer Date Coding Machine\" \/>\n<meta property=\"og:url\" content=\"https:\/\/alfequipment.com\/fr\/product\/imprimante-a-jet-dencre-sop810\/\" \/>\n<meta property=\"og:site_name\" content=\"ALF PACK\" \/>\n<meta property=\"article:modified_time\" content=\"2025-01-13T13:09:08+00:00\" \/>\n<meta property=\"og:image\" content=\"https:\/\/alfequipment.com\/wp-content\/uploads\/2025\/01\/H9099159c63d94e258a50c96bc52aa0fcm.jpg\" \/>\n\t<meta property=\"og:image:width\" content=\"839\" \/>\n\t<meta property=\"og:image:height\" content=\"741\" \/>\n\t<meta property=\"og:image:type\" content=\"image\/webp\" \/>\n<meta name=\"twitter:card\" content=\"summary_large_image\" \/>\n<meta name=\"twitter:label1\" content=\"Dur\u00e9e de lecture estim\u00e9e\" \/>\n\t<meta name=\"twitter:data1\" content=\"2 minutes\" \/>\n<script type=\"application\/ld+json\" class=\"yoast-schema-graph\">{\"@context\":\"https:\/\/schema.org\",\"@graph\":[{\"@type\":\"WebPage\",\"@id\":\"https:\/\/alfequipment.com\/product\/sop810-ink-jet-printer\/\",\"url\":\"https:\/\/alfequipment.com\/product\/sop810-ink-jet-printer\/\",\"name\":\"SOP810 INK JET PRINTER - ALF PACK\",\"isPartOf\":{\"@id\":\"https:\/\/alfequipment.com\/#website\"},\"primaryImageOfPage\":{\"@id\":\"https:\/\/alfequipment.com\/product\/sop810-ink-jet-printer\/#primaryimage\"},\"image\":{\"@id\":\"https:\/\/alfequipment.com\/product\/sop810-ink-jet-printer\/#primaryimage\"},\"thumbnailUrl\":\"https:\/\/alfequipment.com\/wp-content\/uploads\/2025\/01\/H9099159c63d94e258a50c96bc52aa0fcm.jpg\",\"datePublished\":\"2024-12-03T12:11:59+00:00\",\"dateModified\":\"2025-01-13T13:09:08+00:00\",\"breadcrumb\":{\"@id\":\"https:\/\/alfequipment.com\/product\/sop810-ink-jet-printer\/#breadcrumb\"},\"inLanguage\":\"fr-FR\",\"potentialAction\":[{\"@type\":\"ReadAction\",\"target\":[\"https:\/\/alfequipment.com\/product\/sop810-ink-jet-printer\/\"]}]},{\"@type\":\"ImageObject\",\"inLanguage\":\"fr-FR\",\"@id\":\"https:\/\/alfequipment.com\/product\/sop810-ink-jet-printer\/#primaryimage\",\"url\":\"https:\/\/alfequipment.com\/wp-content\/uploads\/2025\/01\/H9099159c63d94e258a50c96bc52aa0fcm.jpg\",\"contentUrl\":\"https:\/\/alfequipment.com\/wp-content\/uploads\/2025\/01\/H9099159c63d94e258a50c96bc52aa0fcm.jpg\",\"width\":839,\"height\":741},{\"@type\":\"BreadcrumbList\",\"@id\":\"https:\/\/alfequipment.com\/product\/sop810-ink-jet-printer\/#breadcrumb\",\"itemListElement\":[{\"@type\":\"ListItem\",\"position\":1,\"name\":\"Home\",\"item\":\"https:\/\/alfequipment.com\/\"},{\"@type\":\"ListItem\",\"position\":2,\"name\":\"Shop\",\"item\":\"https:\/\/alfequipment.com\/shop\/\"},{\"@type\":\"ListItem\",\"position\":3,\"name\":\"SOP810 INK JET PRINTER\"}]},{\"@type\":\"WebSite\",\"@id\":\"https:\/\/alfequipment.com\/#website\",\"url\":\"https:\/\/alfequipment.com\/\",\"name\":\"ALF PACK\",\"description\":\"\",\"publisher\":{\"@id\":\"https:\/\/alfequipment.com\/#organization\"},\"potentialAction\":[{\"@type\":\"SearchAction\",\"target\":{\"@type\":\"EntryPoint\",\"urlTemplate\":\"https:\/\/alfequipment.com\/?s={search_term_string}\"},\"query-input\":{\"@type\":\"PropertyValueSpecification\",\"valueRequired\":true,\"valueName\":\"search_term_string\"}}],\"inLanguage\":\"fr-FR\"},{\"@type\":\"Organization\",\"@id\":\"https:\/\/alfequipment.com\/#organization\",\"name\":\"ALF PACK\",\"url\":\"https:\/\/alfequipment.com\/\",\"logo\":{\"@type\":\"ImageObject\",\"inLanguage\":\"fr-FR\",\"@id\":\"https:\/\/alfequipment.com\/#\/schema\/logo\/image\/\",\"url\":\"https:\/\/alfequipment.com\/wp-content\/uploads\/2024\/11\/ALFlogo-2.webp\",\"contentUrl\":\"https:\/\/alfequipment.com\/wp-content\/uploads\/2024\/11\/ALFlogo-2.webp\",\"width\":758,\"height\":750,\"caption\":\"ALF PACK\"},\"image\":{\"@id\":\"https:\/\/alfequipment.com\/#\/schema\/logo\/image\/\"}}]}<\/script>\n<!-- \/ Yoast SEO Premium plugin. -->","yoast_head_json":{"title":"IMPRIMANTE \u00c0 JET D'ENCRE SOP810 - PACK ALF","robots":{"index":"index","follow":"follow","max-snippet":"max-snippet:-1","max-image-preview":"max-image-preview:large","max-video-preview":"max-video-preview:-1"},"canonical":"https:\/\/alfequipment.com\/fr\/product\/imprimante-a-jet-dencre-sop810\/","og_locale":"fr_FR","og_type":"article","og_title":"SOP810 INK JET PRINTER","og_description":"Sop810 Automatic Industrial Ink Jet Printer Date Coding Machine","og_url":"https:\/\/alfequipment.com\/fr\/product\/imprimante-a-jet-dencre-sop810\/","og_site_name":"ALF PACK","article_modified_time":"2025-01-13T13:09:08+00:00","og_image":[{"width":839,"height":741,"url":"https:\/\/alfequipment.com\/wp-content\/uploads\/2025\/01\/H9099159c63d94e258a50c96bc52aa0fcm.jpg","type":"image\/webp"}],"twitter_card":"summary_large_image","twitter_misc":{"Dur\u00e9e de lecture estim\u00e9e":"2 minutes"},"schema":{"@context":"https:\/\/schema.org","@graph":[{"@type":"WebPage","@id":"https:\/\/alfequipment.com\/product\/sop810-ink-jet-printer\/","url":"https:\/\/alfequipment.com\/product\/sop810-ink-jet-printer\/","name":"IMPRIMANTE \u00c0 JET D'ENCRE SOP810 - PACK ALF","isPartOf":{"@id":"https:\/\/alfequipment.com\/#website"},"primaryImageOfPage":{"@id":"https:\/\/alfequipment.com\/product\/sop810-ink-jet-printer\/#primaryimage"},"image":{"@id":"https:\/\/alfequipment.com\/product\/sop810-ink-jet-printer\/#primaryimage"},"thumbnailUrl":"https:\/\/alfequipment.com\/wp-content\/uploads\/2025\/01\/H9099159c63d94e258a50c96bc52aa0fcm.jpg","datePublished":"2024-12-03T12:11:59+00:00","dateModified":"2025-01-13T13:09:08+00:00","breadcrumb":{"@id":"https:\/\/alfequipment.com\/product\/sop810-ink-jet-printer\/#breadcrumb"},"inLanguage":"fr-FR","potentialAction":[{"@type":"ReadAction","target":["https:\/\/alfequipment.com\/product\/sop810-ink-jet-printer\/"]}]},{"@type":"ImageObject","inLanguage":"fr-FR","@id":"https:\/\/alfequipment.com\/product\/sop810-ink-jet-printer\/#primaryimage","url":"https:\/\/alfequipment.com\/wp-content\/uploads\/2025\/01\/H9099159c63d94e258a50c96bc52aa0fcm.jpg","contentUrl":"https:\/\/alfequipment.com\/wp-content\/uploads\/2025\/01\/H9099159c63d94e258a50c96bc52aa0fcm.jpg","width":839,"height":741},{"@type":"BreadcrumbList","@id":"https:\/\/alfequipment.com\/product\/sop810-ink-jet-printer\/#breadcrumb","itemListElement":[{"@type":"ListItem","position":1,"name":"Home","item":"https:\/\/alfequipment.com\/"},{"@type":"ListItem","position":2,"name":"Shop","item":"https:\/\/alfequipment.com\/shop\/"},{"@type":"ListItem","position":3,"name":"SOP810 INK JET PRINTER"}]},{"@type":"WebSite","@id":"https:\/\/alfequipment.com\/#website","url":"https:\/\/alfequipment.com\/","name":"PACK ALF","description":"","publisher":{"@id":"https:\/\/alfequipment.com\/#organization"},"potentialAction":[{"@type":"SearchAction","target":{"@type":"EntryPoint","urlTemplate":"https:\/\/alfequipment.com\/?s={search_term_string}"},"query-input":{"@type":"PropertyValueSpecification","valueRequired":true,"valueName":"search_term_string"}}],"inLanguage":"fr-FR"},{"@type":"Organization","@id":"https:\/\/alfequipment.com\/#organization","name":"PACK ALF","url":"https:\/\/alfequipment.com\/","logo":{"@type":"ImageObject","inLanguage":"fr-FR","@id":"https:\/\/alfequipment.com\/#\/schema\/logo\/image\/","url":"https:\/\/alfequipment.com\/wp-content\/uploads\/2024\/11\/ALFlogo-2.webp","contentUrl":"https:\/\/alfequipment.com\/wp-content\/uploads\/2024\/11\/ALFlogo-2.webp","width":758,"height":750,"caption":"ALF PACK"},"image":{"@id":"https:\/\/alfequipment.com\/#\/schema\/logo\/image\/"}}]}},"_links":{"self":[{"href":"https:\/\/alfequipment.com\/fr\/wp-json\/wp\/v2\/product\/2944","targetHints":{"allow":["GET"]}}],"collection":[{"href":"https:\/\/alfequipment.com\/fr\/wp-json\/wp\/v2\/product"}],"about":[{"href":"https:\/\/alfequipment.com\/fr\/wp-json\/wp\/v2\/types\/product"}],"replies":[{"embeddable":true,"href":"https:\/\/alfequipment.com\/fr\/wp-json\/wp\/v2\/comments?post=2944"}],"version-history":[{"count":0,"href":"https:\/\/alfequipment.com\/fr\/wp-json\/wp\/v2\/product\/2944\/revisions"}],"wp:featuredmedia":[{"embeddable":true,"href":"https:\/\/alfequipment.com\/fr\/wp-json\/wp\/v2\/media\/2722"}],"wp:attachment":[{"href":"https:\/\/alfequipment.com\/fr\/wp-json\/wp\/v2\/media?parent=2944"}],"wp:term":[{"taxonomy":"product_brand","embeddable":true,"href":"https:\/\/alfequipment.com\/fr\/wp-json\/wp\/v2\/product_brand?post=2944"},{"taxonomy":"product_cat","embeddable":true,"href":"https:\/\/alfequipment.com\/fr\/wp-json\/wp\/v2\/product_cat?post=2944"},{"taxonomy":"product_tag","embeddable":true,"href":"https:\/\/alfequipment.com\/fr\/wp-json\/wp\/v2\/product_tag?post=2944"}],"curies":[{"name":"wp","href":"https:\/\/api.w.org\/{rel}","templated":true}]}}