{"id":2945,"date":"2024-12-01T07:07:55","date_gmt":"2024-12-01T07:07:55","guid":{"rendered":"https:\/\/alfequipment.com\/product\/air-mat-am320-air-cushion-machine\/"},"modified":"2025-01-13T13:09:08","modified_gmt":"2025-01-13T13:09:08","slug":"matelas-dair-am320-machine-a-coussin-dair","status":"publish","type":"product","link":"https:\/\/alfequipment.com\/fr\/product\/matelas-dair-am320-machine-a-coussin-dair\/","title":{"rendered":"Machine \u00e0 coussin d'air Air Mat Am320"},"content":{"rendered":"<h1 style=\"margin-top: 0px; margin-bottom: 0px; padding: 0px; font-size: 20px; overflow: hidden; color: #222222; font-family: Arial, sans-serif; line-height: 30px;\">\n<p><span style=\"font-size: 16px;\">Cette machine est con\u00e7ue pour produire des coussins d'air, qui sont utilis\u00e9s pour envelopper des produits d\u00e9licats afin de les prot\u00e9ger, tels que des jouets, des produits informatiques, des produits \u00e9lectroniques, etc. La machine adopte un film HDPE en rouleau. La machine est facile \u00e0 utiliser et compacte. Le film HDPE est disponible en diff\u00e9rents types pour l'emballage de diff\u00e9rents produits.<\/p>\n<p>Compar\u00e9 \u00e0 d'autres mat\u00e9riaux de rembourrage, le coussin d'air pr\u00e9sente l'avantage de co\u00fbter moins cher et d'\u00eatre plus l\u00e9ger. En outre, le coussin d'air peut \u00eatre fabriqu\u00e9 sur place, ce qui r\u00e9duit l'espace de stockage. Le coussin d'air a une forte fonction d'absorption des chocs, de remplissage et de rembourrage. Il peut \u00eatre r\u00e9utilis\u00e9 et recycl\u00e9.<\/span><\/p>\n<div style=\"overflow: auto; clear: both;\">\n<table style=\"border-collapse: collapse; width: 541px; border: 1px solid #cccccc;\">\n<tbody>\n<tr style=\"height: 30px;\">\n<td style=\"margin: 0px; padding: 2px 5px; border: 1px solid #cccccc; width: 82px;\"><span style=\"font-size: 16px;\"><span style=\"font-family: Arial, Helvetica, sans-serif;\">Demensions<\/span><\/span><\/td>\n<td style=\"margin: 0px; padding: 2px 5px; border: 1px solid #cccccc; width: 174px;\"><span style=\"font-size: 16px;\"><span style=\"font-family: 'Times New Roman', Times, serif;\">420<\/span><\/span><span style=\"font-size: 16px;\"><span style=\"font-family: Arial, Helvetica, sans-serif;\">(<\/span><\/span><span style=\"font-size: 16px;\"><span style=\"font-family: Arial, Helvetica, sans-serif;\">L<\/span><\/span><span style=\"font-size: 16px;\"><span style=\"font-family: Arial, Helvetica, sans-serif;\">)\u00d7<\/span><\/span><span style=\"font-size: 16px;\"><span style=\"font-family: 'Times New Roman', Times, serif;\">300<\/span><\/span><span style=\"font-size: 16px;\"><span style=\"font-family: Arial, Helvetica, sans-serif;\">(<\/span><\/span><span style=\"font-size: 16px;\"><span style=\"font-family: Arial, Helvetica, sans-serif;\">W<\/span><\/span><span style=\"font-size: 16px;\"><span style=\"font-family: Arial, Helvetica, sans-serif;\">)\u00d7<\/span><\/span><span style=\"font-size: 16px;\"><span style=\"font-family: 'Times New Roman', Times, serif;\">332<\/span><\/span><span style=\"font-size: 16px;\"><span style=\"font-family: Arial, Helvetica, sans-serif;\">(H)mm<\/span><\/span><\/td>\n<td style=\"margin: 0px; padding: 2px 5px; border: 1px solid #cccccc; width: 19px;\">&nbsp;<\/td>\n<td style=\"margin: 0px; padding: 2px 5px; border: 1px solid #cccccc; width: 86px;\"><span style=\"font-size: 16px;\"><span style=\"font-family: Arial, Helvetica, sans-serif;\">S<\/span><\/span><span style=\"font-size: 16px;\"><span style=\"font-family: Arial, Helvetica, sans-serif;\">Taille de la bulle<\/span><\/span><\/td>\n<td style=\"margin: 0px; padding: 2px 5px; border: 1px solid #cccccc; width: 24px;\">&nbsp;<\/td>\n<td style=\"margin: 0px; padding: 2px 5px; border: 1px solid #cccccc; width: 156px;\"><span style=\"font-size: 16px;\"><span style=\"font-family: 'Times New Roman', Times, serif;\">200<\/span><\/span><span style=\"font-size: 16px;\"><span style=\"font-family: Arial, Helvetica, sans-serif;\">\u00d7<\/span><\/span><span style=\"font-size: 16px;\"><span style=\"font-family: 'Times New Roman', Times, serif;\">120<\/span><\/span><span style=\"font-size: 16px;\"><span style=\"font-family: Arial, Helvetica, sans-serif;\">mm<\/span><\/span><\/td>\n<\/tr>\n<tr style=\"height: 35px;\">\n<td style=\"margin: 0px; padding: 2px 5px; border: 1px solid #cccccc; width: 82px;\"><span style=\"font-size: 16px;\"><span style=\"font-family: Arial, Helvetica, sans-serif;\">W<\/span><\/span><span style=\"font-size: 16px;\"><span style=\"font-family: Arial, Helvetica, sans-serif;\">huit<\/span><\/span><\/td>\n<td style=\"margin: 0px; padding: 2px 5px; border: 1px solid #cccccc; width: 174px;\"><span style=\"font-size: 16px;\"><span style=\"font-family: 'Times New Roman', Times, serif;\">13.65<\/span><\/span><span style=\"font-size: 16px;\"><span style=\"font-family: Arial, Helvetica, sans-serif;\">Kg<\/span><\/span><\/td>\n<td style=\"margin: 0px; padding: 2px 5px; border: 1px solid #cccccc; width: 19px;\">&nbsp;<\/td>\n<td style=\"margin: 0px; padding: 2px 5px; border: 1px solid #cccccc; width: 86px;\">&nbsp;<\/td>\n<td style=\"margin: 0px; padding: 2px 5px; border: 1px solid #cccccc; width: 24px;\">&nbsp;<\/td>\n<td style=\"margin: 0px; padding: 2px 5px; border: 1px solid #cccccc; width: 156px;\"><span style=\"font-size: 16px;\"><span style=\"font-family: 'Times New Roman', Times, serif;\">200<\/span><\/span><span style=\"font-size: 16px;\"><span style=\"font-family: Arial, Helvetica, sans-serif;\">\u00d7<\/span><\/span><span style=\"font-size: 16px;\"><span style=\"font-family: 'Times New Roman', Times, serif;\">200<\/span><\/span><span style=\"font-size: 16px;\"><span style=\"font-family: Arial, Helvetica, sans-serif;\">mm<\/span><\/span><\/td>\n<\/tr>\n<tr style=\"height: 28px;\">\n<td style=\"margin: 0px; padding: 2px 5px; border: 1px solid #cccccc; width: 82px;\"><span style=\"font-size: 16px;\"><span style=\"font-family: Arial, Helvetica, sans-serif;\">Puissance<\/span><\/span><\/td>\n<td style=\"margin: 0px; padding: 2px 5px; border: 1px solid #cccccc; width: 174px;\"><span style=\"font-size: 16px;\"><span style=\"font-family: 'Times New Roman', Times, serif;\">0.3<\/span><\/span><span style=\"font-size: 16px;\"><span style=\"font-family: Arial, Helvetica, sans-serif;\">KW<\/span><\/span><\/td>\n<td style=\"margin: 0px; padding: 2px 5px; border: 1px solid #cccccc; width: 19px;\">&nbsp;<\/td>\n<td style=\"margin: 0px; padding: 2px 5px; border: 1px solid #cccccc; width: 86px;\">&nbsp;<\/td>\n<td style=\"margin: 0px; padding: 2px 5px; border: 1px solid #cccccc; width: 24px;\">&nbsp;<\/td>\n<td style=\"margin: 0px; padding: 2px 5px; border: 1px solid #cccccc; width: 156px;\"><span style=\"font-size: 16px;\"><span style=\"font-family: 'Times New Roman', Times, serif;\">200<\/span><\/span><span style=\"font-size: 16px;\"><span style=\"font-family: Arial, Helvetica, sans-serif;\">\u00d7<\/span><\/span><span style=\"font-size: 16px;\"><span style=\"font-family: 'Times New Roman', Times, serif;\">300<\/span><\/span><span style=\"font-size: 16px;\"><span style=\"font-family: Arial, Helvetica, sans-serif;\">mm<\/span><\/span><\/td>\n<\/tr>\n<tr style=\"height: 30px;\">\n<td style=\"margin: 0px; padding: 2px 5px; border: 1px solid #cccccc; width: 82px;\">&nbsp;<br \/><span style=\"font-size: 16px;\"><span style=\"font-family: Arial, Helvetica, sans-serif;\">Vitesse<\/span><\/span><\/td>\n<td style=\"margin: 0px; padding: 2px 5px; border: 1px solid #cccccc; width: 174px;\"><span style=\"font-size: 16px;\"><span style=\"font-family: 'Times New Roman', Times, serif;\">12<\/span><\/span><span style=\"font-size: 16px;\"><span style=\"font-family: Arial, Helvetica, sans-serif;\">~16<\/span><\/span><span style=\"font-size: 16px;\"><span style=\"font-family: Arial, Helvetica, sans-serif;\">m\/min<\/span><\/span><\/td>\n<td style=\"margin: 0px; padding: 2px 5px; border: 1px solid #cccccc; width: 19px;\">&nbsp;<\/td>\n<td style=\"margin: 0px; padding: 2px 5px; border: 1px solid #cccccc; width: 86px;\"><span style=\"font-size: 16px;\"><span style=\"font-family: Arial, Helvetica, sans-serif;\">F<\/span><\/span><span style=\"font-size: 16px;\"><span style=\"font-family: Arial, Helvetica, sans-serif;\">sp\u00e9cification de l'ilm<\/span><\/span><\/td>\n<td style=\"margin: 0px; padding: 2px 5px; border: 1px solid #cccccc; width: 24px;\">&nbsp;<\/td>\n<td style=\"margin: 0px; padding: 2px 5px; border: 1px solid #cccccc; width: 156px;\"><span style=\"font-size: 16px;\"><span style=\"font-family: 'Times New Roman', Times, serif;\">200<\/span><\/span><span style=\"font-size: 16px;\"><span style=\"font-family: Arial, Helvetica, sans-serif;\">(<\/span><\/span><span style=\"font-size: 16px;\"><span style=\"font-family: Arial, Helvetica, sans-serif;\">W<\/span><\/span><span style=\"font-size: 16px;\"><span style=\"font-family: Arial, Helvetica, sans-serif;\">)\u00d7<\/span><\/span><span style=\"font-size: 16px;\"><span style=\"font-family: 'Times New Roman', Times, serif;\">450<\/span><\/span><span style=\"font-size: 16px;\"><span style=\"font-family: Arial, Helvetica, sans-serif;\">m<\/span><\/span><span style=\"font-size: 16px;\"><span style=\"font-family: Arial, Helvetica, sans-serif;\">\u00d7<\/span><\/span><span style=\"font-size: 16px;\"><span style=\"font-family: 'Times New Roman', Times, serif;\">30<\/span><\/span><span style=\"font-size: 16px;\"><span style=\"font-family: Arial, Helvetica, sans-serif;\">\u03bcm(T)<\/span><\/span><\/td>\n<\/tr>\n<tr style=\"height: 35px;\">\n<td style=\"margin: 0px; padding: 2px 5px; border: 1px solid #cccccc; width: 82px;\"><span style=\"font-size: 16px;\"><span style=\"font-family: Arial, Helvetica, sans-serif;\">F<\/span><\/span><span style=\"font-size: 16px;\"><span style=\"font-family: Arial, Helvetica, sans-serif;\">mat\u00e9riel de l'ilm<\/span><\/span><\/td>\n<td style=\"margin: 0px; padding: 2px 5px; border: 1px solid #cccccc; width: 174px;\"><span style=\"font-size: 16px;\"><span style=\"font-family: Arial, Helvetica, sans-serif;\">PE<\/span><\/span><\/td>\n<td style=\"margin: 0px; padding: 2px 5px; border: 1px solid #cccccc; width: 19px;\">&nbsp;<\/td>\n<td style=\"margin: 0px; padding: 2px 5px; border: 1px solid #cccccc; width: 86px;\">&nbsp;<\/td>\n<td style=\"margin: 0px; padding: 2px 5px; border: 1px solid #cccccc; width: 24px;\">&nbsp;<\/td>\n<td style=\"margin: 0px; padding: 2px 5px; border: 1px solid #cccccc; width: 156px;\"><span style=\"font-size: 16px;\"><span style=\"font-family: 'Times New Roman', Times, serif;\">200<\/span><\/span><span style=\"font-size: 16px;\"><span style=\"font-family: Arial, Helvetica, sans-serif;\">(<\/span><\/span><span style=\"font-size: 16px;\"><span style=\"font-family: Arial, Helvetica, sans-serif;\">W<\/span><\/span><span style=\"font-size: 16px;\"><span style=\"font-family: Arial, Helvetica, sans-serif;\">)\u00d7<\/span><\/span><span style=\"font-size: 16px;\"><span style=\"font-family: 'Times New Roman', Times, serif;\">700<\/span><\/span><span style=\"font-size: 16px;\"><span style=\"font-family: Arial, Helvetica, sans-serif;\">m<\/span><\/span><span style=\"font-size: 16px;\"><span style=\"font-family: Arial, Helvetica, sans-serif;\">\u00d7<\/span><\/span><span style=\"font-size: 16px;\"><span style=\"font-family: 'Times New Roman', Times, serif;\">20<\/span><\/span><span style=\"font-size: 16px;\"><span style=\"font-family: Arial, Helvetica, sans-serif;\">\u03bcm(T)<\/span><\/span><\/td>\n<\/tr>\n<tr style=\"height: 47px;\">\n<td style=\"margin: 0px; padding: 2px 5px; border: 1px solid #cccccc; width: 82px;\"><span style=\"font-size: 16px;\"><span style=\"font-family: Arial, Helvetica, sans-serif;\">P<\/span><\/span><span style=\"font-size: 16px;\"><span style=\"font-family: Arial, Helvetica, sans-serif;\">approvisionnement en eau<\/span><\/span><\/td>\n<td style=\"margin: 0px; padding: 2px 5px; border: 1px solid #cccccc; width: 174px;\"><span style=\"font-size: 16px;\"><span style=\"font-family: Arial, Helvetica, sans-serif;\">110<\/span><\/span><span style=\"font-size: 16px;\"><span style=\"font-family: Arial, Helvetica, sans-serif;\">V<\/span><\/span><span style=\"font-size: 16px;\"><span style=\"font-family: Arial, Helvetica, sans-serif;\">,<\/span><\/span><span style=\"font-size: 16px;\"><span style=\"font-family: Arial, Helvetica, sans-serif;\">6<\/span><\/span><span style=\"font-size: 16px;\"><span style=\"font-family: 'Times New Roman', Times, serif;\">0<\/span><\/span><span style=\"font-size: 16px;\"><span style=\"font-family: Arial, Helvetica, sans-serif;\">Hz<\/span><\/span><br \/><span style=\"font-size: 16px;\"><span style=\"font-family: Arial, Helvetica, sans-serif;\">220V, 50Hz<\/span><\/span><\/td>\n<td style=\"margin: 0px; padding: 2px 5px; border: 1px solid #cccccc; width: 19px;\">&nbsp;<\/td>\n<td style=\"margin: 0px; padding: 2px 5px; border: 1px solid #cccccc; width: 86px;\"><span style=\"font-size: 16px;\"><span style=\"font-family: Arial, Helvetica, sans-serif;\">Couleur<\/span><\/span><\/td>\n<td style=\"margin: 0px; padding: 2px 5px; border: 1px solid #cccccc; width: 24px;\">&nbsp;<\/td>\n<td style=\"margin: 0px; padding: 2px 5px; border: 1px solid #cccccc; width: 156px;\"><span style=\"font-size: 16px;\"><span style=\"font-family: Arial, Helvetica, sans-serif;\">G<\/span><\/span><span style=\"font-size: 16px;\"><span style=\"font-family: Arial, Helvetica, sans-serif;\">vert ou incolore<\/span><\/span><br \/><span style=\"font-size: 16px;\"><span style=\"font-family: Arial, Helvetica, sans-serif;\">(sur mesure)&nbsp;<\/span><\/span><span style=\"font-size: 16px;\"><span style=\"font-family: Arial, Helvetica, sans-serif;\">logo<\/span><\/span><span style=\"font-size: 16px;\"><span style=\"font-family: Arial, Helvetica, sans-serif;\">)<\/span><\/span><\/td>\n<\/tr>\n<\/tbody>\n<\/table><\/div>\n<p><\/p>\n<\/h1>","protected":false},"excerpt":{"rendered":"<p>Machine \u00e0 emballer les coussins d'air<\/p>","protected":false},"featured_media":2724,"comment_status":"closed","ping_status":"open","template":"","meta":[],"product_brand":[],"product_cat":[102],"product_tag":[],"class_list":{"0":"post-2945","1":"product","2":"type-product","3":"status-publish","4":"has-post-thumbnail","6":"product_cat-packaging-machines","8":"first","9":"instock","10":"sale","11":"purchasable","12":"product-type-simple"},"yoast_head":"<!-- This site is optimized with the Yoast SEO Premium plugin v20.9 (Yoast SEO v26.5) - https:\/\/yoast.com\/wordpress\/plugins\/seo\/ -->\n<title>Air Mat Am320 Air Cushion Machine - ALF PACK<\/title>\n<meta name=\"robots\" content=\"index, follow, max-snippet:-1, max-image-preview:large, max-video-preview:-1\" \/>\n<link rel=\"canonical\" href=\"https:\/\/alfequipment.com\/fr\/product\/matelas-dair-am320-machine-a-coussin-dair\/\" \/>\n<meta property=\"og:locale\" content=\"fr_FR\" \/>\n<meta property=\"og:type\" content=\"article\" \/>\n<meta property=\"og:title\" content=\"Air Mat Am320 Air Cushion Machine\" \/>\n<meta property=\"og:description\" content=\"Air Cushion Packaging Machine\" \/>\n<meta property=\"og:url\" content=\"https:\/\/alfequipment.com\/fr\/product\/matelas-dair-am320-machine-a-coussin-dair\/\" \/>\n<meta property=\"og:site_name\" content=\"ALF PACK\" \/>\n<meta property=\"article:modified_time\" content=\"2025-01-13T13:09:08+00:00\" \/>\n<meta property=\"og:image\" content=\"https:\/\/alfequipment.com\/wp-content\/uploads\/2025\/01\/Air-Mat-Am320-Air-Cushion-Machine.jpg\" \/>\n\t<meta property=\"og:image:width\" content=\"800\" \/>\n\t<meta property=\"og:image:height\" content=\"800\" \/>\n\t<meta property=\"og:image:type\" content=\"image\/webp\" \/>\n<meta name=\"twitter:card\" content=\"summary_large_image\" \/>\n<meta name=\"twitter:label1\" content=\"Dur\u00e9e de lecture estim\u00e9e\" \/>\n\t<meta name=\"twitter:data1\" content=\"1 minute\" \/>\n<script type=\"application\/ld+json\" class=\"yoast-schema-graph\">{\"@context\":\"https:\/\/schema.org\",\"@graph\":[{\"@type\":\"WebPage\",\"@id\":\"https:\/\/alfequipment.com\/product\/air-mat-am320-air-cushion-machine\/\",\"url\":\"https:\/\/alfequipment.com\/product\/air-mat-am320-air-cushion-machine\/\",\"name\":\"Air Mat Am320 Air Cushion Machine - ALF PACK\",\"isPartOf\":{\"@id\":\"https:\/\/alfequipment.com\/#website\"},\"primaryImageOfPage\":{\"@id\":\"https:\/\/alfequipment.com\/product\/air-mat-am320-air-cushion-machine\/#primaryimage\"},\"image\":{\"@id\":\"https:\/\/alfequipment.com\/product\/air-mat-am320-air-cushion-machine\/#primaryimage\"},\"thumbnailUrl\":\"https:\/\/alfequipment.com\/wp-content\/uploads\/2025\/01\/Air-Mat-Am320-Air-Cushion-Machine.jpg\",\"datePublished\":\"2024-12-01T07:07:55+00:00\",\"dateModified\":\"2025-01-13T13:09:08+00:00\",\"breadcrumb\":{\"@id\":\"https:\/\/alfequipment.com\/product\/air-mat-am320-air-cushion-machine\/#breadcrumb\"},\"inLanguage\":\"fr-FR\",\"potentialAction\":[{\"@type\":\"ReadAction\",\"target\":[\"https:\/\/alfequipment.com\/product\/air-mat-am320-air-cushion-machine\/\"]}]},{\"@type\":\"ImageObject\",\"inLanguage\":\"fr-FR\",\"@id\":\"https:\/\/alfequipment.com\/product\/air-mat-am320-air-cushion-machine\/#primaryimage\",\"url\":\"https:\/\/alfequipment.com\/wp-content\/uploads\/2025\/01\/Air-Mat-Am320-Air-Cushion-Machine.jpg\",\"contentUrl\":\"https:\/\/alfequipment.com\/wp-content\/uploads\/2025\/01\/Air-Mat-Am320-Air-Cushion-Machine.jpg\",\"width\":800,\"height\":800},{\"@type\":\"BreadcrumbList\",\"@id\":\"https:\/\/alfequipment.com\/product\/air-mat-am320-air-cushion-machine\/#breadcrumb\",\"itemListElement\":[{\"@type\":\"ListItem\",\"position\":1,\"name\":\"Home\",\"item\":\"https:\/\/alfequipment.com\/\"},{\"@type\":\"ListItem\",\"position\":2,\"name\":\"Shop\",\"item\":\"https:\/\/alfequipment.com\/shop\/\"},{\"@type\":\"ListItem\",\"position\":3,\"name\":\"Air Mat Am320 Air Cushion Machine\"}]},{\"@type\":\"WebSite\",\"@id\":\"https:\/\/alfequipment.com\/#website\",\"url\":\"https:\/\/alfequipment.com\/\",\"name\":\"ALF PACK\",\"description\":\"\",\"publisher\":{\"@id\":\"https:\/\/alfequipment.com\/#organization\"},\"potentialAction\":[{\"@type\":\"SearchAction\",\"target\":{\"@type\":\"EntryPoint\",\"urlTemplate\":\"https:\/\/alfequipment.com\/?s={search_term_string}\"},\"query-input\":{\"@type\":\"PropertyValueSpecification\",\"valueRequired\":true,\"valueName\":\"search_term_string\"}}],\"inLanguage\":\"fr-FR\"},{\"@type\":\"Organization\",\"@id\":\"https:\/\/alfequipment.com\/#organization\",\"name\":\"ALF PACK\",\"url\":\"https:\/\/alfequipment.com\/\",\"logo\":{\"@type\":\"ImageObject\",\"inLanguage\":\"fr-FR\",\"@id\":\"https:\/\/alfequipment.com\/#\/schema\/logo\/image\/\",\"url\":\"https:\/\/alfequipment.com\/wp-content\/uploads\/2024\/11\/ALFlogo-2.webp\",\"contentUrl\":\"https:\/\/alfequipment.com\/wp-content\/uploads\/2024\/11\/ALFlogo-2.webp\",\"width\":758,\"height\":750,\"caption\":\"ALF PACK\"},\"image\":{\"@id\":\"https:\/\/alfequipment.com\/#\/schema\/logo\/image\/\"}}]}<\/script>\n<!-- \/ Yoast SEO Premium plugin. -->","yoast_head_json":{"title":"Machine \u00e0 coussin d'air Air Mat Am320 - ALF PACK","robots":{"index":"index","follow":"follow","max-snippet":"max-snippet:-1","max-image-preview":"max-image-preview:large","max-video-preview":"max-video-preview:-1"},"canonical":"https:\/\/alfequipment.com\/fr\/product\/matelas-dair-am320-machine-a-coussin-dair\/","og_locale":"fr_FR","og_type":"article","og_title":"Air Mat Am320 Air Cushion Machine","og_description":"Air Cushion Packaging Machine","og_url":"https:\/\/alfequipment.com\/fr\/product\/matelas-dair-am320-machine-a-coussin-dair\/","og_site_name":"ALF PACK","article_modified_time":"2025-01-13T13:09:08+00:00","og_image":[{"width":800,"height":800,"url":"https:\/\/alfequipment.com\/wp-content\/uploads\/2025\/01\/Air-Mat-Am320-Air-Cushion-Machine.jpg","type":"image\/webp"}],"twitter_card":"summary_large_image","twitter_misc":{"Dur\u00e9e de lecture estim\u00e9e":"1 minute"},"schema":{"@context":"https:\/\/schema.org","@graph":[{"@type":"WebPage","@id":"https:\/\/alfequipment.com\/product\/air-mat-am320-air-cushion-machine\/","url":"https:\/\/alfequipment.com\/product\/air-mat-am320-air-cushion-machine\/","name":"Machine \u00e0 coussin d'air Air Mat Am320 - ALF PACK","isPartOf":{"@id":"https:\/\/alfequipment.com\/#website"},"primaryImageOfPage":{"@id":"https:\/\/alfequipment.com\/product\/air-mat-am320-air-cushion-machine\/#primaryimage"},"image":{"@id":"https:\/\/alfequipment.com\/product\/air-mat-am320-air-cushion-machine\/#primaryimage"},"thumbnailUrl":"https:\/\/alfequipment.com\/wp-content\/uploads\/2025\/01\/Air-Mat-Am320-Air-Cushion-Machine.jpg","datePublished":"2024-12-01T07:07:55+00:00","dateModified":"2025-01-13T13:09:08+00:00","breadcrumb":{"@id":"https:\/\/alfequipment.com\/product\/air-mat-am320-air-cushion-machine\/#breadcrumb"},"inLanguage":"fr-FR","potentialAction":[{"@type":"ReadAction","target":["https:\/\/alfequipment.com\/product\/air-mat-am320-air-cushion-machine\/"]}]},{"@type":"ImageObject","inLanguage":"fr-FR","@id":"https:\/\/alfequipment.com\/product\/air-mat-am320-air-cushion-machine\/#primaryimage","url":"https:\/\/alfequipment.com\/wp-content\/uploads\/2025\/01\/Air-Mat-Am320-Air-Cushion-Machine.jpg","contentUrl":"https:\/\/alfequipment.com\/wp-content\/uploads\/2025\/01\/Air-Mat-Am320-Air-Cushion-Machine.jpg","width":800,"height":800},{"@type":"BreadcrumbList","@id":"https:\/\/alfequipment.com\/product\/air-mat-am320-air-cushion-machine\/#breadcrumb","itemListElement":[{"@type":"ListItem","position":1,"name":"Home","item":"https:\/\/alfequipment.com\/"},{"@type":"ListItem","position":2,"name":"Shop","item":"https:\/\/alfequipment.com\/shop\/"},{"@type":"ListItem","position":3,"name":"Air Mat Am320 Air Cushion Machine"}]},{"@type":"WebSite","@id":"https:\/\/alfequipment.com\/#website","url":"https:\/\/alfequipment.com\/","name":"PACK ALF","description":"","publisher":{"@id":"https:\/\/alfequipment.com\/#organization"},"potentialAction":[{"@type":"SearchAction","target":{"@type":"EntryPoint","urlTemplate":"https:\/\/alfequipment.com\/?s={search_term_string}"},"query-input":{"@type":"PropertyValueSpecification","valueRequired":true,"valueName":"search_term_string"}}],"inLanguage":"fr-FR"},{"@type":"Organization","@id":"https:\/\/alfequipment.com\/#organization","name":"PACK ALF","url":"https:\/\/alfequipment.com\/","logo":{"@type":"ImageObject","inLanguage":"fr-FR","@id":"https:\/\/alfequipment.com\/#\/schema\/logo\/image\/","url":"https:\/\/alfequipment.com\/wp-content\/uploads\/2024\/11\/ALFlogo-2.webp","contentUrl":"https:\/\/alfequipment.com\/wp-content\/uploads\/2024\/11\/ALFlogo-2.webp","width":758,"height":750,"caption":"ALF PACK"},"image":{"@id":"https:\/\/alfequipment.com\/#\/schema\/logo\/image\/"}}]}},"_links":{"self":[{"href":"https:\/\/alfequipment.com\/fr\/wp-json\/wp\/v2\/product\/2945","targetHints":{"allow":["GET"]}}],"collection":[{"href":"https:\/\/alfequipment.com\/fr\/wp-json\/wp\/v2\/product"}],"about":[{"href":"https:\/\/alfequipment.com\/fr\/wp-json\/wp\/v2\/types\/product"}],"replies":[{"embeddable":true,"href":"https:\/\/alfequipment.com\/fr\/wp-json\/wp\/v2\/comments?post=2945"}],"version-history":[{"count":0,"href":"https:\/\/alfequipment.com\/fr\/wp-json\/wp\/v2\/product\/2945\/revisions"}],"wp:featuredmedia":[{"embeddable":true,"href":"https:\/\/alfequipment.com\/fr\/wp-json\/wp\/v2\/media\/2724"}],"wp:attachment":[{"href":"https:\/\/alfequipment.com\/fr\/wp-json\/wp\/v2\/media?parent=2945"}],"wp:term":[{"taxonomy":"product_brand","embeddable":true,"href":"https:\/\/alfequipment.com\/fr\/wp-json\/wp\/v2\/product_brand?post=2945"},{"taxonomy":"product_cat","embeddable":true,"href":"https:\/\/alfequipment.com\/fr\/wp-json\/wp\/v2\/product_cat?post=2945"},{"taxonomy":"product_tag","embeddable":true,"href":"https:\/\/alfequipment.com\/fr\/wp-json\/wp\/v2\/product_tag?post=2945"}],"curies":[{"name":"wp","href":"https:\/\/api.w.org\/{rel}","templated":true}]}}