{"id":2946,"date":"2024-12-24T02:31:50","date_gmt":"2024-12-24T02:31:50","guid":{"rendered":"https:\/\/alfequipment.com\/product\/tdfj-260-double-head-glass-jar-tin-can-capping-sealing-machine-dingye\/"},"modified":"2025-01-13T13:09:09","modified_gmt":"2025-01-13T13:09:09","slug":"tdfj-260-machine-a-sceller-les-pots-de-verre-et-les-boites-de-conserve-a-double-tete-dingye","status":"publish","type":"product","link":"https:\/\/alfequipment.com\/fr\/product\/tdfj-260-machine-a-sceller-les-pots-de-verre-et-les-boites-de-conserve-a-double-tete-dingye\/","title":{"rendered":"TDFJ-260 Machine \u00e0 sceller les pots de verre et les bo\u00eetes de conserve \u00e0 double t\u00eate dingye"},"content":{"rendered":"<div data-magic-global=\"%7B%22bizId%22%3A17179933680%2C%22pageId%22%3A21153002683%2C%22siteId%22%3A5005331025%7D\" id=\"detail_decorate_root\">\n<div module-id=\"31322470992\" module-title=\"detailProductNavigation\" render=\"true\" class=\"J_module\">\n<div id=\"ali-anchor-AliMagic-stfqmp\" data-section=\"AliMagic-stfqmp\" data-section-title=\"Product Overview\" class=\"magic-0\">Ce produit est \u00e9galement applicable \u00e0 une vari\u00e9t\u00e9 de couvercles circulaires en m\u00e9tal, verre, plastique, papier, bo\u00eetes de conserve et autres couvercles scell\u00e9s.<\/div>\n<\/div>\n<div module-id=\"31322470993\" module-title=\"detailTextWithTitle\" render=\"true\" class=\"J_module\">\n<div class=\"detail-decorate-json-renderer-container\">\n<div class=\"magic-1\">\n<div class=\"magic-4\">\n<div class=\"magic-5\">\n<div class=\"magic-6\"><span><span>moulage, afin de r\u00e9pondre aux exigences d'\u00e9tanch\u00e9it\u00e9 et d'absence de plis. Interrupteur \u00e0 p\u00e9dale et fonction de chargement automatique et continu, qualit\u00e9,<br \/>fiable, l\u00e9ger et facile \u00e0 utiliser, c'est l'\u00e9quipement id\u00e9al pour les industries de l'alimentation, des boissons et des soins de sant\u00e9.<\/span><\/span>\n      <\/div>\n<\/p><\/div>\n<\/p><\/div>\n<\/p><\/div>\n<\/p><\/div>\n<\/p><\/div>\n<\/div>","protected":false},"excerpt":{"rendered":"<p>Machine \u00e0 sceller les bo\u00eetes de conserve<\/p>","protected":false},"featured_media":2726,"comment_status":"closed","ping_status":"open","template":"","meta":[],"product_brand":[],"product_cat":[97],"product_tag":[],"class_list":{"0":"post-2946","1":"product","2":"type-product","3":"status-publish","4":"has-post-thumbnail","6":"product_cat-sealing-machines","8":"first","9":"instock","10":"sale","11":"purchasable","12":"product-type-simple"},"yoast_head":"<!-- This site is optimized with the Yoast SEO Premium plugin v20.9 (Yoast SEO v26.5) - https:\/\/yoast.com\/wordpress\/plugins\/seo\/ -->\n<title>TDFJ-260 double head Glass Jar Tin Can Capping Sealing Machine dingye - ALF PACK<\/title>\n<meta name=\"robots\" content=\"index, follow, max-snippet:-1, max-image-preview:large, max-video-preview:-1\" \/>\n<link rel=\"canonical\" href=\"https:\/\/alfequipment.com\/fr\/product\/tdfj-260-machine-a-sceller-les-pots-de-verre-et-les-boites-de-conserve-a-double-tete-dingye\/\" \/>\n<meta property=\"og:locale\" content=\"fr_FR\" \/>\n<meta property=\"og:type\" content=\"article\" \/>\n<meta property=\"og:title\" content=\"TDFJ-260 double head Glass Jar Tin Can Capping Sealing Machine dingye\" \/>\n<meta property=\"og:description\" content=\"Can Sealing Machine\" \/>\n<meta property=\"og:url\" content=\"https:\/\/alfequipment.com\/fr\/product\/tdfj-260-machine-a-sceller-les-pots-de-verre-et-les-boites-de-conserve-a-double-tete-dingye\/\" \/>\n<meta property=\"og:site_name\" content=\"ALF PACK\" \/>\n<meta property=\"article:modified_time\" content=\"2025-01-13T13:09:09+00:00\" \/>\n<meta property=\"og:image\" content=\"https:\/\/alfequipment.com\/wp-content\/uploads\/2025\/01\/TDFJ-260-double-head-Glass-Jar-Tin.jpg\" \/>\n\t<meta property=\"og:image:width\" content=\"800\" \/>\n\t<meta property=\"og:image:height\" content=\"800\" \/>\n\t<meta property=\"og:image:type\" content=\"image\/webp\" \/>\n<meta name=\"twitter:card\" content=\"summary_large_image\" \/>\n<script type=\"application\/ld+json\" class=\"yoast-schema-graph\">{\"@context\":\"https:\/\/schema.org\",\"@graph\":[{\"@type\":\"WebPage\",\"@id\":\"https:\/\/alfequipment.com\/product\/tdfj-260-double-head-glass-jar-tin-can-capping-sealing-machine-dingye\/\",\"url\":\"https:\/\/alfequipment.com\/product\/tdfj-260-double-head-glass-jar-tin-can-capping-sealing-machine-dingye\/\",\"name\":\"TDFJ-260 double head Glass Jar Tin Can Capping Sealing Machine dingye - ALF PACK\",\"isPartOf\":{\"@id\":\"https:\/\/alfequipment.com\/#website\"},\"primaryImageOfPage\":{\"@id\":\"https:\/\/alfequipment.com\/product\/tdfj-260-double-head-glass-jar-tin-can-capping-sealing-machine-dingye\/#primaryimage\"},\"image\":{\"@id\":\"https:\/\/alfequipment.com\/product\/tdfj-260-double-head-glass-jar-tin-can-capping-sealing-machine-dingye\/#primaryimage\"},\"thumbnailUrl\":\"https:\/\/alfequipment.com\/wp-content\/uploads\/2025\/01\/TDFJ-260-double-head-Glass-Jar-Tin.jpg\",\"datePublished\":\"2024-12-24T02:31:50+00:00\",\"dateModified\":\"2025-01-13T13:09:09+00:00\",\"breadcrumb\":{\"@id\":\"https:\/\/alfequipment.com\/product\/tdfj-260-double-head-glass-jar-tin-can-capping-sealing-machine-dingye\/#breadcrumb\"},\"inLanguage\":\"fr-FR\",\"potentialAction\":[{\"@type\":\"ReadAction\",\"target\":[\"https:\/\/alfequipment.com\/product\/tdfj-260-double-head-glass-jar-tin-can-capping-sealing-machine-dingye\/\"]}]},{\"@type\":\"ImageObject\",\"inLanguage\":\"fr-FR\",\"@id\":\"https:\/\/alfequipment.com\/product\/tdfj-260-double-head-glass-jar-tin-can-capping-sealing-machine-dingye\/#primaryimage\",\"url\":\"https:\/\/alfequipment.com\/wp-content\/uploads\/2025\/01\/TDFJ-260-double-head-Glass-Jar-Tin.jpg\",\"contentUrl\":\"https:\/\/alfequipment.com\/wp-content\/uploads\/2025\/01\/TDFJ-260-double-head-Glass-Jar-Tin.jpg\",\"width\":800,\"height\":800},{\"@type\":\"BreadcrumbList\",\"@id\":\"https:\/\/alfequipment.com\/product\/tdfj-260-double-head-glass-jar-tin-can-capping-sealing-machine-dingye\/#breadcrumb\",\"itemListElement\":[{\"@type\":\"ListItem\",\"position\":1,\"name\":\"Home\",\"item\":\"https:\/\/alfequipment.com\/\"},{\"@type\":\"ListItem\",\"position\":2,\"name\":\"Shop\",\"item\":\"https:\/\/alfequipment.com\/shop\/\"},{\"@type\":\"ListItem\",\"position\":3,\"name\":\"TDFJ-260 double head Glass Jar Tin Can Capping Sealing Machine dingye\"}]},{\"@type\":\"WebSite\",\"@id\":\"https:\/\/alfequipment.com\/#website\",\"url\":\"https:\/\/alfequipment.com\/\",\"name\":\"ALF PACK\",\"description\":\"\",\"publisher\":{\"@id\":\"https:\/\/alfequipment.com\/#organization\"},\"potentialAction\":[{\"@type\":\"SearchAction\",\"target\":{\"@type\":\"EntryPoint\",\"urlTemplate\":\"https:\/\/alfequipment.com\/?s={search_term_string}\"},\"query-input\":{\"@type\":\"PropertyValueSpecification\",\"valueRequired\":true,\"valueName\":\"search_term_string\"}}],\"inLanguage\":\"fr-FR\"},{\"@type\":\"Organization\",\"@id\":\"https:\/\/alfequipment.com\/#organization\",\"name\":\"ALF PACK\",\"url\":\"https:\/\/alfequipment.com\/\",\"logo\":{\"@type\":\"ImageObject\",\"inLanguage\":\"fr-FR\",\"@id\":\"https:\/\/alfequipment.com\/#\/schema\/logo\/image\/\",\"url\":\"https:\/\/alfequipment.com\/wp-content\/uploads\/2024\/11\/ALFlogo-2.webp\",\"contentUrl\":\"https:\/\/alfequipment.com\/wp-content\/uploads\/2024\/11\/ALFlogo-2.webp\",\"width\":758,\"height\":750,\"caption\":\"ALF PACK\"},\"image\":{\"@id\":\"https:\/\/alfequipment.com\/#\/schema\/logo\/image\/\"}}]}<\/script>\n<!-- \/ Yoast SEO Premium plugin. -->","yoast_head_json":{"title":"TDFJ-260 machine \u00e0 sceller les bocaux en verre et les bo\u00eetes en fer-blanc \u00e0 double t\u00eate - ALF PACK","robots":{"index":"index","follow":"follow","max-snippet":"max-snippet:-1","max-image-preview":"max-image-preview:large","max-video-preview":"max-video-preview:-1"},"canonical":"https:\/\/alfequipment.com\/fr\/product\/tdfj-260-machine-a-sceller-les-pots-de-verre-et-les-boites-de-conserve-a-double-tete-dingye\/","og_locale":"fr_FR","og_type":"article","og_title":"TDFJ-260 double head Glass Jar Tin Can Capping Sealing Machine dingye","og_description":"Can Sealing Machine","og_url":"https:\/\/alfequipment.com\/fr\/product\/tdfj-260-machine-a-sceller-les-pots-de-verre-et-les-boites-de-conserve-a-double-tete-dingye\/","og_site_name":"ALF PACK","article_modified_time":"2025-01-13T13:09:09+00:00","og_image":[{"width":800,"height":800,"url":"https:\/\/alfequipment.com\/wp-content\/uploads\/2025\/01\/TDFJ-260-double-head-Glass-Jar-Tin.jpg","type":"image\/webp"}],"twitter_card":"summary_large_image","schema":{"@context":"https:\/\/schema.org","@graph":[{"@type":"WebPage","@id":"https:\/\/alfequipment.com\/product\/tdfj-260-double-head-glass-jar-tin-can-capping-sealing-machine-dingye\/","url":"https:\/\/alfequipment.com\/product\/tdfj-260-double-head-glass-jar-tin-can-capping-sealing-machine-dingye\/","name":"TDFJ-260 machine \u00e0 sceller les bocaux en verre et les bo\u00eetes en fer-blanc \u00e0 double t\u00eate - ALF PACK","isPartOf":{"@id":"https:\/\/alfequipment.com\/#website"},"primaryImageOfPage":{"@id":"https:\/\/alfequipment.com\/product\/tdfj-260-double-head-glass-jar-tin-can-capping-sealing-machine-dingye\/#primaryimage"},"image":{"@id":"https:\/\/alfequipment.com\/product\/tdfj-260-double-head-glass-jar-tin-can-capping-sealing-machine-dingye\/#primaryimage"},"thumbnailUrl":"https:\/\/alfequipment.com\/wp-content\/uploads\/2025\/01\/TDFJ-260-double-head-Glass-Jar-Tin.jpg","datePublished":"2024-12-24T02:31:50+00:00","dateModified":"2025-01-13T13:09:09+00:00","breadcrumb":{"@id":"https:\/\/alfequipment.com\/product\/tdfj-260-double-head-glass-jar-tin-can-capping-sealing-machine-dingye\/#breadcrumb"},"inLanguage":"fr-FR","potentialAction":[{"@type":"ReadAction","target":["https:\/\/alfequipment.com\/product\/tdfj-260-double-head-glass-jar-tin-can-capping-sealing-machine-dingye\/"]}]},{"@type":"ImageObject","inLanguage":"fr-FR","@id":"https:\/\/alfequipment.com\/product\/tdfj-260-double-head-glass-jar-tin-can-capping-sealing-machine-dingye\/#primaryimage","url":"https:\/\/alfequipment.com\/wp-content\/uploads\/2025\/01\/TDFJ-260-double-head-Glass-Jar-Tin.jpg","contentUrl":"https:\/\/alfequipment.com\/wp-content\/uploads\/2025\/01\/TDFJ-260-double-head-Glass-Jar-Tin.jpg","width":800,"height":800},{"@type":"BreadcrumbList","@id":"https:\/\/alfequipment.com\/product\/tdfj-260-double-head-glass-jar-tin-can-capping-sealing-machine-dingye\/#breadcrumb","itemListElement":[{"@type":"ListItem","position":1,"name":"Home","item":"https:\/\/alfequipment.com\/"},{"@type":"ListItem","position":2,"name":"Shop","item":"https:\/\/alfequipment.com\/shop\/"},{"@type":"ListItem","position":3,"name":"TDFJ-260 double head Glass Jar Tin Can Capping Sealing Machine dingye"}]},{"@type":"WebSite","@id":"https:\/\/alfequipment.com\/#website","url":"https:\/\/alfequipment.com\/","name":"PACK ALF","description":"","publisher":{"@id":"https:\/\/alfequipment.com\/#organization"},"potentialAction":[{"@type":"SearchAction","target":{"@type":"EntryPoint","urlTemplate":"https:\/\/alfequipment.com\/?s={search_term_string}"},"query-input":{"@type":"PropertyValueSpecification","valueRequired":true,"valueName":"search_term_string"}}],"inLanguage":"fr-FR"},{"@type":"Organization","@id":"https:\/\/alfequipment.com\/#organization","name":"PACK ALF","url":"https:\/\/alfequipment.com\/","logo":{"@type":"ImageObject","inLanguage":"fr-FR","@id":"https:\/\/alfequipment.com\/#\/schema\/logo\/image\/","url":"https:\/\/alfequipment.com\/wp-content\/uploads\/2024\/11\/ALFlogo-2.webp","contentUrl":"https:\/\/alfequipment.com\/wp-content\/uploads\/2024\/11\/ALFlogo-2.webp","width":758,"height":750,"caption":"ALF PACK"},"image":{"@id":"https:\/\/alfequipment.com\/#\/schema\/logo\/image\/"}}]}},"_links":{"self":[{"href":"https:\/\/alfequipment.com\/fr\/wp-json\/wp\/v2\/product\/2946","targetHints":{"allow":["GET"]}}],"collection":[{"href":"https:\/\/alfequipment.com\/fr\/wp-json\/wp\/v2\/product"}],"about":[{"href":"https:\/\/alfequipment.com\/fr\/wp-json\/wp\/v2\/types\/product"}],"replies":[{"embeddable":true,"href":"https:\/\/alfequipment.com\/fr\/wp-json\/wp\/v2\/comments?post=2946"}],"version-history":[{"count":0,"href":"https:\/\/alfequipment.com\/fr\/wp-json\/wp\/v2\/product\/2946\/revisions"}],"wp:featuredmedia":[{"embeddable":true,"href":"https:\/\/alfequipment.com\/fr\/wp-json\/wp\/v2\/media\/2726"}],"wp:attachment":[{"href":"https:\/\/alfequipment.com\/fr\/wp-json\/wp\/v2\/media?parent=2946"}],"wp:term":[{"taxonomy":"product_brand","embeddable":true,"href":"https:\/\/alfequipment.com\/fr\/wp-json\/wp\/v2\/product_brand?post=2946"},{"taxonomy":"product_cat","embeddable":true,"href":"https:\/\/alfequipment.com\/fr\/wp-json\/wp\/v2\/product_cat?post=2946"},{"taxonomy":"product_tag","embeddable":true,"href":"https:\/\/alfequipment.com\/fr\/wp-json\/wp\/v2\/product_tag?post=2946"}],"curies":[{"name":"wp","href":"https:\/\/api.w.org\/{rel}","templated":true}]}}