{"id":2953,"date":"2025-01-04T02:49:42","date_gmt":"2025-01-04T02:49:42","guid":{"rendered":"https:\/\/alfequipment.com\/product\/tw-hc2015-on-line-co2-laser-printer\/"},"modified":"2025-01-13T13:09:12","modified_gmt":"2025-01-13T13:09:12","slug":"tw-hc2015-imprimante-laser-co2-en-ligne","status":"publish","type":"product","link":"https:\/\/alfequipment.com\/fr\/product\/tw-hc2015-imprimante-laser-co2-en-ligne\/","title":{"rendered":"TW-HC2015 Imprimante laser CO2 en ligne"},"content":{"rendered":"<div data-magic-global=\"%7B%22bizId%22%3A17179933680%2C%22pageId%22%3A21107395039%2C%22siteId%22%3A5005331025%7D\" id=\"detail_decorate_root\">\n<div module-id=\"30177401993\" module-title=\"detailProductNavigation\" render=\"true\" class=\"J_module\">\n<div id=\"ali-anchor-AliMagic-1cq4nv\" data-section=\"AliMagic-1cq4nv\" data-section-title=\"Product Overview\" class=\"magic-0\">* \u00c9tui \u00e0 main, beau et pratique. Utilis\u00e9 dans diff\u00e9rents environnements de travail.<\/div>\n<\/div>\n<div module-id=\"30177401994\" module-title=\"detailTextWithTitle\" render=\"true\" class=\"J_module\">\n<div class=\"detail-decorate-json-renderer-container\">\n<div class=\"magic-1\">\n<div class=\"magic-4\">\n<div class=\"magic-5\">\n<div class=\"magic-6\"><span><span> * Source laser CO2, Raycus. (Source laser de haute qualit\u00e9 fabriqu\u00e9e en Chine. Stabilit\u00e9 60% plus \u00e9lev\u00e9e que les autres lasers de marque. Dur\u00e9e de vie 30%-80% plus longue que les autres lasers de marque).<br \/> * Carte de contr\u00f4le, EZCAD original (version simple) de BJJCZ, prix 3 fois plus \u00e9lev\u00e9 qu'une carte de marquage copi\u00e9e.<br \/> * Le c\u00e2blage est r\u00e9gulier, facile \u00e0 d\u00e9panner.<br \/> * Consommation d'\u00e9nergie r\u00e9duite, inf\u00e9rieure \u00e0 700 W.<br \/> * Refroidissement par air, facile \u00e0 transporter et \u00e0 utiliser <span>transport.<\/span><br \/> * Taux de conversion \u00e9lectro-optique \u00e9lev\u00e9, sans entretien.<\/span><\/span><\/p>\n<div>\n        <span><span> * Grande stabilit\u00e9, facilit\u00e9 d'utilisation.<\/span><\/span>\n       <\/div>\n<\/p><\/div>\n<\/p><\/div>\n<\/p><\/div>\n<\/p><\/div>\n<\/p><\/div>\n<\/p><\/div>\n<div module-id=\"30177401995\" module-title=\"detailSingleImage\" render=\"true\" class=\"J_module\">\n<div class=\"icbu-pc-images magic-7\">\n<div>\n<div class=\"flex-layout-v\">\n<div class=\"flex-layout-h magic-7\">\n<div class=\"magic-8\">\n       <img decoding=\"async\" src=\"https:\/\/sc04.alicdn.com\/kf\/H3c88a33b59fd4cc19c819e9b17755d6dX\/64496\/H3c88a33b59fd4cc19c819e9b17755d6dX.jpg\" class=\"aligncenter\">\n      <\/div>\n<\/p><\/div>\n<\/p><\/div>\n<\/p><\/div>\n<\/p><\/div>\n<\/p><\/div>\n<\/div>","protected":false},"excerpt":{"rendered":"<p>Imprimante laser Co2<\/p>","protected":false},"featured_media":2740,"comment_status":"closed","ping_status":"open","template":"","meta":[],"product_brand":[],"product_cat":[106],"product_tag":[],"class_list":{"0":"post-2953","1":"product","2":"type-product","3":"status-publish","4":"has-post-thumbnail","6":"product_cat-laser-printers","8":"first","9":"instock","10":"sale","11":"purchasable","12":"product-type-simple"},"yoast_head":"<!-- This site is optimized with the Yoast SEO Premium plugin v20.9 (Yoast SEO v26.5) - https:\/\/yoast.com\/wordpress\/plugins\/seo\/ -->\n<title>TW-HC2015 On-line CO2 laser printer - ALF PACK<\/title>\n<meta name=\"robots\" content=\"index, follow, max-snippet:-1, max-image-preview:large, max-video-preview:-1\" \/>\n<link rel=\"canonical\" href=\"https:\/\/alfequipment.com\/fr\/product\/tw-hc2015-imprimante-laser-co2-en-ligne\/\" \/>\n<meta property=\"og:locale\" content=\"fr_FR\" \/>\n<meta property=\"og:type\" content=\"article\" \/>\n<meta property=\"og:title\" content=\"TW-HC2015 On-line CO2 laser printer\" \/>\n<meta property=\"og:description\" content=\"Co2 Laser Printer\" \/>\n<meta property=\"og:url\" content=\"https:\/\/alfequipment.com\/fr\/product\/tw-hc2015-imprimante-laser-co2-en-ligne\/\" \/>\n<meta property=\"og:site_name\" content=\"ALF PACK\" \/>\n<meta property=\"article:modified_time\" content=\"2025-01-13T13:09:12+00:00\" \/>\n<meta property=\"og:image\" content=\"https:\/\/alfequipment.com\/wp-content\/uploads\/2025\/01\/TW-HC2015-On-line-CO2-laser-printer.jpg\" \/>\n\t<meta property=\"og:image:width\" content=\"800\" \/>\n\t<meta property=\"og:image:height\" content=\"800\" \/>\n\t<meta property=\"og:image:type\" content=\"image\/webp\" \/>\n<meta name=\"twitter:card\" content=\"summary_large_image\" \/>\n<script type=\"application\/ld+json\" class=\"yoast-schema-graph\">{\"@context\":\"https:\/\/schema.org\",\"@graph\":[{\"@type\":\"WebPage\",\"@id\":\"https:\/\/alfequipment.com\/product\/tw-hc2015-on-line-co2-laser-printer\/\",\"url\":\"https:\/\/alfequipment.com\/product\/tw-hc2015-on-line-co2-laser-printer\/\",\"name\":\"TW-HC2015 On-line CO2 laser printer - ALF PACK\",\"isPartOf\":{\"@id\":\"https:\/\/alfequipment.com\/#website\"},\"primaryImageOfPage\":{\"@id\":\"https:\/\/alfequipment.com\/product\/tw-hc2015-on-line-co2-laser-printer\/#primaryimage\"},\"image\":{\"@id\":\"https:\/\/alfequipment.com\/product\/tw-hc2015-on-line-co2-laser-printer\/#primaryimage\"},\"thumbnailUrl\":\"https:\/\/alfequipment.com\/wp-content\/uploads\/2025\/01\/TW-HC2015-On-line-CO2-laser-printer.jpg\",\"datePublished\":\"2025-01-04T02:49:42+00:00\",\"dateModified\":\"2025-01-13T13:09:12+00:00\",\"breadcrumb\":{\"@id\":\"https:\/\/alfequipment.com\/product\/tw-hc2015-on-line-co2-laser-printer\/#breadcrumb\"},\"inLanguage\":\"fr-FR\",\"potentialAction\":[{\"@type\":\"ReadAction\",\"target\":[\"https:\/\/alfequipment.com\/product\/tw-hc2015-on-line-co2-laser-printer\/\"]}]},{\"@type\":\"ImageObject\",\"inLanguage\":\"fr-FR\",\"@id\":\"https:\/\/alfequipment.com\/product\/tw-hc2015-on-line-co2-laser-printer\/#primaryimage\",\"url\":\"https:\/\/alfequipment.com\/wp-content\/uploads\/2025\/01\/TW-HC2015-On-line-CO2-laser-printer.jpg\",\"contentUrl\":\"https:\/\/alfequipment.com\/wp-content\/uploads\/2025\/01\/TW-HC2015-On-line-CO2-laser-printer.jpg\",\"width\":800,\"height\":800},{\"@type\":\"BreadcrumbList\",\"@id\":\"https:\/\/alfequipment.com\/product\/tw-hc2015-on-line-co2-laser-printer\/#breadcrumb\",\"itemListElement\":[{\"@type\":\"ListItem\",\"position\":1,\"name\":\"Home\",\"item\":\"https:\/\/alfequipment.com\/\"},{\"@type\":\"ListItem\",\"position\":2,\"name\":\"Shop\",\"item\":\"https:\/\/alfequipment.com\/shop\/\"},{\"@type\":\"ListItem\",\"position\":3,\"name\":\"TW-HC2015 On-line CO2 laser printer\"}]},{\"@type\":\"WebSite\",\"@id\":\"https:\/\/alfequipment.com\/#website\",\"url\":\"https:\/\/alfequipment.com\/\",\"name\":\"ALF PACK\",\"description\":\"\",\"publisher\":{\"@id\":\"https:\/\/alfequipment.com\/#organization\"},\"potentialAction\":[{\"@type\":\"SearchAction\",\"target\":{\"@type\":\"EntryPoint\",\"urlTemplate\":\"https:\/\/alfequipment.com\/?s={search_term_string}\"},\"query-input\":{\"@type\":\"PropertyValueSpecification\",\"valueRequired\":true,\"valueName\":\"search_term_string\"}}],\"inLanguage\":\"fr-FR\"},{\"@type\":\"Organization\",\"@id\":\"https:\/\/alfequipment.com\/#organization\",\"name\":\"ALF PACK\",\"url\":\"https:\/\/alfequipment.com\/\",\"logo\":{\"@type\":\"ImageObject\",\"inLanguage\":\"fr-FR\",\"@id\":\"https:\/\/alfequipment.com\/#\/schema\/logo\/image\/\",\"url\":\"https:\/\/alfequipment.com\/wp-content\/uploads\/2024\/11\/ALFlogo-2.webp\",\"contentUrl\":\"https:\/\/alfequipment.com\/wp-content\/uploads\/2024\/11\/ALFlogo-2.webp\",\"width\":758,\"height\":750,\"caption\":\"ALF PACK\"},\"image\":{\"@id\":\"https:\/\/alfequipment.com\/#\/schema\/logo\/image\/\"}}]}<\/script>\n<!-- \/ Yoast SEO Premium plugin. -->","yoast_head_json":{"title":"TW-HC2015 Imprimante laser CO2 en ligne - ALF PACK","robots":{"index":"index","follow":"follow","max-snippet":"max-snippet:-1","max-image-preview":"max-image-preview:large","max-video-preview":"max-video-preview:-1"},"canonical":"https:\/\/alfequipment.com\/fr\/product\/tw-hc2015-imprimante-laser-co2-en-ligne\/","og_locale":"fr_FR","og_type":"article","og_title":"TW-HC2015 On-line CO2 laser printer","og_description":"Co2 Laser Printer","og_url":"https:\/\/alfequipment.com\/fr\/product\/tw-hc2015-imprimante-laser-co2-en-ligne\/","og_site_name":"ALF PACK","article_modified_time":"2025-01-13T13:09:12+00:00","og_image":[{"width":800,"height":800,"url":"https:\/\/alfequipment.com\/wp-content\/uploads\/2025\/01\/TW-HC2015-On-line-CO2-laser-printer.jpg","type":"image\/webp"}],"twitter_card":"summary_large_image","schema":{"@context":"https:\/\/schema.org","@graph":[{"@type":"WebPage","@id":"https:\/\/alfequipment.com\/product\/tw-hc2015-on-line-co2-laser-printer\/","url":"https:\/\/alfequipment.com\/product\/tw-hc2015-on-line-co2-laser-printer\/","name":"TW-HC2015 Imprimante laser CO2 en ligne - ALF PACK","isPartOf":{"@id":"https:\/\/alfequipment.com\/#website"},"primaryImageOfPage":{"@id":"https:\/\/alfequipment.com\/product\/tw-hc2015-on-line-co2-laser-printer\/#primaryimage"},"image":{"@id":"https:\/\/alfequipment.com\/product\/tw-hc2015-on-line-co2-laser-printer\/#primaryimage"},"thumbnailUrl":"https:\/\/alfequipment.com\/wp-content\/uploads\/2025\/01\/TW-HC2015-On-line-CO2-laser-printer.jpg","datePublished":"2025-01-04T02:49:42+00:00","dateModified":"2025-01-13T13:09:12+00:00","breadcrumb":{"@id":"https:\/\/alfequipment.com\/product\/tw-hc2015-on-line-co2-laser-printer\/#breadcrumb"},"inLanguage":"fr-FR","potentialAction":[{"@type":"ReadAction","target":["https:\/\/alfequipment.com\/product\/tw-hc2015-on-line-co2-laser-printer\/"]}]},{"@type":"ImageObject","inLanguage":"fr-FR","@id":"https:\/\/alfequipment.com\/product\/tw-hc2015-on-line-co2-laser-printer\/#primaryimage","url":"https:\/\/alfequipment.com\/wp-content\/uploads\/2025\/01\/TW-HC2015-On-line-CO2-laser-printer.jpg","contentUrl":"https:\/\/alfequipment.com\/wp-content\/uploads\/2025\/01\/TW-HC2015-On-line-CO2-laser-printer.jpg","width":800,"height":800},{"@type":"BreadcrumbList","@id":"https:\/\/alfequipment.com\/product\/tw-hc2015-on-line-co2-laser-printer\/#breadcrumb","itemListElement":[{"@type":"ListItem","position":1,"name":"Home","item":"https:\/\/alfequipment.com\/"},{"@type":"ListItem","position":2,"name":"Shop","item":"https:\/\/alfequipment.com\/shop\/"},{"@type":"ListItem","position":3,"name":"TW-HC2015 On-line CO2 laser printer"}]},{"@type":"WebSite","@id":"https:\/\/alfequipment.com\/#website","url":"https:\/\/alfequipment.com\/","name":"PACK ALF","description":"","publisher":{"@id":"https:\/\/alfequipment.com\/#organization"},"potentialAction":[{"@type":"SearchAction","target":{"@type":"EntryPoint","urlTemplate":"https:\/\/alfequipment.com\/?s={search_term_string}"},"query-input":{"@type":"PropertyValueSpecification","valueRequired":true,"valueName":"search_term_string"}}],"inLanguage":"fr-FR"},{"@type":"Organization","@id":"https:\/\/alfequipment.com\/#organization","name":"PACK ALF","url":"https:\/\/alfequipment.com\/","logo":{"@type":"ImageObject","inLanguage":"fr-FR","@id":"https:\/\/alfequipment.com\/#\/schema\/logo\/image\/","url":"https:\/\/alfequipment.com\/wp-content\/uploads\/2024\/11\/ALFlogo-2.webp","contentUrl":"https:\/\/alfequipment.com\/wp-content\/uploads\/2024\/11\/ALFlogo-2.webp","width":758,"height":750,"caption":"ALF PACK"},"image":{"@id":"https:\/\/alfequipment.com\/#\/schema\/logo\/image\/"}}]}},"_links":{"self":[{"href":"https:\/\/alfequipment.com\/fr\/wp-json\/wp\/v2\/product\/2953","targetHints":{"allow":["GET"]}}],"collection":[{"href":"https:\/\/alfequipment.com\/fr\/wp-json\/wp\/v2\/product"}],"about":[{"href":"https:\/\/alfequipment.com\/fr\/wp-json\/wp\/v2\/types\/product"}],"replies":[{"embeddable":true,"href":"https:\/\/alfequipment.com\/fr\/wp-json\/wp\/v2\/comments?post=2953"}],"version-history":[{"count":0,"href":"https:\/\/alfequipment.com\/fr\/wp-json\/wp\/v2\/product\/2953\/revisions"}],"wp:featuredmedia":[{"embeddable":true,"href":"https:\/\/alfequipment.com\/fr\/wp-json\/wp\/v2\/media\/2740"}],"wp:attachment":[{"href":"https:\/\/alfequipment.com\/fr\/wp-json\/wp\/v2\/media?parent=2953"}],"wp:term":[{"taxonomy":"product_brand","embeddable":true,"href":"https:\/\/alfequipment.com\/fr\/wp-json\/wp\/v2\/product_brand?post=2953"},{"taxonomy":"product_cat","embeddable":true,"href":"https:\/\/alfequipment.com\/fr\/wp-json\/wp\/v2\/product_cat?post=2953"},{"taxonomy":"product_tag","embeddable":true,"href":"https:\/\/alfequipment.com\/fr\/wp-json\/wp\/v2\/product_tag?post=2953"}],"curies":[{"name":"wp","href":"https:\/\/api.w.org\/{rel}","templated":true}]}}