{"id":2955,"date":"2024-12-27T17:57:29","date_gmt":"2024-12-27T17:57:29","guid":{"rendered":"https:\/\/alfequipment.com\/product\/dzq600-2sb-double-chamber-vacuum-packaging-machine-with-gas-flushing-system\/"},"modified":"2025-12-21T12:12:43","modified_gmt":"2025-12-21T12:12:43","slug":"dzq600-2sb-machine-demballage-sous-vide-a-double-chambre-avec-systeme-de-rincage-au-gaz","status":"publish","type":"product","link":"https:\/\/alfequipment.com\/fr\/product\/dzq600-2sb-machine-demballage-sous-vide-a-double-chambre-avec-systeme-de-rincage-au-gaz\/","title":{"rendered":"DZQ600-2SB Machine d'emballage sous vide \u00e0 double chambre avec syst\u00e8me de rin\u00e7age au gaz"},"content":{"rendered":"<div id=\"detail_decorate_root\" data-magic-global=\"%7B%22bizId%22%3A17179933680%2C%22pageId%22%3A21105811223%2C%22siteId%22%3A5005331025%7D\">\n<div class=\"J_module\">\n<div id=\"ali-anchor-AliMagic-1xbnml\" class=\"magic-0\" data-section=\"AliMagic-1xbnml\" data-section-title=\"Product Description\">1) La machine d'emballage sous vide \u00e0 double chambre est caract\u00e9ris\u00e9e par le traitement automatique de la mise sous vide, du scellage, de l'impression et du refroidissement en une seule op\u00e9ration.<\/div>\n<\/div>\n<div class=\"J_module\">\n<div class=\"detail-decorate-json-renderer-container\">\n<div class=\"magic-1\">\n<div class=\"magic-4\">\n<div class=\"magic-5\">\n<div class=\"magic-6\">\n<p class=\"magic-7\">\n2. il dispose de deux chambres \u00e0 vide. L'op\u00e9rateur peut pr\u00e9parer les sacs pour le prochain emballage sous vide dans une autre chambre lorsqu'une chambre est en cours d'emballage.<\/p>\n<p>3. elle est donc plus efficace qu'une machine \u00e0 chambre unique.<\/p>\n<p>4. il est largement utilis\u00e9 dans l'emballage sous vide pour les industries alimentaires, pharmaceutiques, aquatiques, chimiques et \u00e9lectroniques.<\/p>\n<p>5. l'emballage sous vide permet d'\u00e9viter l'oxydation et la moisissure, ainsi que la corrosion et l'humidit\u00e9.<\/p>\n<p>6. il prolonge la dur\u00e9e de vie et la fra\u00eecheur des produits pendant une p\u00e9riode de stockage prolong\u00e9e.<\/p>\n<p>DZQ600-2SB :<br \/>\nremplit le sac d'un certain type de gaz, tel que l'azote, apr\u00e8s l'avoir mis sous vide. L'azote permet de prolonger la dur\u00e9e de fra\u00eecheur par rapport \u00e0 l'\u00e9tat sous vide.<\/p>\n<\/div>\n<\/div>\n<\/div>\n<\/div>\n<\/div>\n<\/div>\n<div class=\"J_module\">\n<div class=\"ife-detail-decorate-table\">\n<table class=\"all magic-8\">\n<tbody>\n<tr>\n<td colspan=\"1\" rowspan=\"1\">\n<div class=\"magic-9\">Mod\u00e8le<\/div>\n<\/td>\n<td colspan=\"1\" rowspan=\"1\">\n<div class=\"magic-10\">DZQ600-2SB<\/div>\n<\/td>\n<\/tr>\n<tr>\n<td colspan=\"1\" rowspan=\"1\">\n<div class=\"magic-9\">Source d'alimentation<\/div>\n<\/td>\n<td colspan=\"1\" rowspan=\"1\">\n<div class=\"magic-10\">220V\/50Hz<\/div>\n<\/td>\n<\/tr>\n<tr>\n<td colspan=\"1\" rowspan=\"1\">\n<div class=\"magic-9\">Puissance<\/div>\n<\/td>\n<td colspan=\"1\" rowspan=\"1\">\n<div class=\"magic-10\">3,1KW<\/div>\n<\/td>\n<\/tr>\n<tr>\n<td colspan=\"1\" rowspan=\"1\">\n<div class=\"magic-9\">Vitesse d'\u00e9tanch\u00e9it\u00e9<\/div>\n<\/td>\n<td colspan=\"1\" rowspan=\"1\">\n<div class=\"magic-10\">1-4 fois\/minutes<\/div>\n<\/td>\n<\/tr>\n<tr>\n<td colspan=\"1\" rowspan=\"1\">\n<div class=\"magic-9\">Taille de la salle de travail<\/div>\n<\/td>\n<td colspan=\"1\" rowspan=\"1\">\n<div class=\"magic-10\">L670\u00d7L540\u00d7H110mm<\/div>\n<\/td>\n<\/tr>\n<tr>\n<td colspan=\"1\" rowspan=\"1\">\n<div class=\"magic-9\">Longueur d'\u00e9tanch\u00e9it\u00e9<\/div>\n<\/td>\n<td colspan=\"1\" rowspan=\"1\">\n<div class=\"magic-10\">600*10mm<\/div>\n<\/td>\n<\/tr>\n<tr>\n<td colspan=\"1\" rowspan=\"1\">\n<div class=\"magic-9\">CODE SH<\/div>\n<\/td>\n<td colspan=\"1\" rowspan=\"1\">\n<div class=\"magic-10\">8422400090<\/div>\n<\/td>\n<\/tr>\n<tr>\n<td colspan=\"1\" rowspan=\"1\">\n<div class=\"magic-9\">Poids<\/div>\n<\/td>\n<td colspan=\"1\" rowspan=\"1\">\n<div class=\"magic-10\">320 kg<\/div>\n<\/td>\n<\/tr>\n<tr>\n<td colspan=\"1\" rowspan=\"1\">\n<div class=\"magic-9\">Taille ext\u00e9rieure<\/div>\n<\/td>\n<td colspan=\"1\" rowspan=\"1\">\n<div class=\"magic-10\">L1550\u00d7L850\u00d7H1020mm<\/div>\n<\/td>\n<\/tr>\n<\/tbody>\n<\/table>\n<\/div>\n<\/div>\n<div class=\"J_module\">\n<div class=\"icbu-pc-images magic-11\">\n<div>\n<div class=\"flex-layout-v\">\n<div class=\"flex-layout-h magic-11\">\n<div class=\"magic-12\"><img decoding=\"async\" class=\"aligncenter\" src=\"https:\/\/sc02.alicdn.com\/kf\/HTB1GHyoaPDuK1Rjy1zjq6zraFXaL\/64496\/HTB1GHyoaPDuK1Rjy1zjq6zraFXaL.jpg\" \/><\/div>\n<\/div>\n<\/div>\n<\/div>\n<\/div>\n<\/div>\n<div class=\"J_module\">\n<div class=\"icbu-pc-images magic-11\">\n<div>\n<div class=\"flex-layout-v\">\n<div class=\"flex-layout-h magic-11\">\n<div class=\"magic-14\"><img decoding=\"async\" class=\"aligncenter\" src=\"https:\/\/sc04.alicdn.com\/kf\/H5df77234d4c84b3caa2dad749c115c88S\/64496\/H5df77234d4c84b3caa2dad749c115c88S.jpg\" \/><\/div>\n<\/div>\n<\/div>\n<\/div>\n<\/div>\n<\/div>\n<div class=\"J_module\">\n<div class=\"icbu-pc-images magic-11\">\n<div>\n<div class=\"flex-layout-v\">\n<div class=\"flex-layout-h magic-11\">\n<div class=\"magic-14\"><img decoding=\"async\" class=\"aligncenter\" src=\"https:\/\/sc04.alicdn.com\/kf\/H5202383ecc2c4d0da00428af885c14cf1\/64496\/H5202383ecc2c4d0da00428af885c14cf1.jpg\" \/><\/div>\n<\/div>\n<\/div>\n<\/div>\n<\/div>\n<\/div>\n<\/div>","protected":false},"excerpt":{"rendered":"<ul>\n<li class=\"magic-9\">Power source: 220V\/50Hz<\/li>\n<li class=\"magic-9\">Power: 3.1KW<\/li>\n<li class=\"magic-9\">Sealing speed: 1-4 times\/mins<\/li>\n<li class=\"magic-9\">Work room size: L670\u00d7W540\u00d7H110mm<\/li>\n<li class=\"magic-9\">Sealing length: 600*10mm<\/li>\n<\/ul>","protected":false},"featured_media":2744,"comment_status":"closed","ping_status":"closed","template":"","meta":[],"product_brand":[],"product_cat":[100],"product_tag":[],"class_list":{"0":"post-2955","1":"product","2":"type-product","3":"status-publish","4":"has-post-thumbnail","6":"product_cat-vacuum-packing-machines","8":"first","9":"instock","10":"sale","11":"purchasable","12":"product-type-simple"},"yoast_head":"<!-- This site is optimized with the Yoast SEO Premium plugin v20.9 (Yoast SEO v26.5) - https:\/\/yoast.com\/wordpress\/plugins\/seo\/ -->\n<title>DZQ600-2SB Double chamber Vacuum Packaging Machine with gas flushing system - ALF PACK<\/title>\n<meta name=\"robots\" content=\"index, follow, max-snippet:-1, max-image-preview:large, max-video-preview:-1\" \/>\n<link rel=\"canonical\" href=\"https:\/\/alfequipment.com\/fr\/product\/dzq600-2sb-machine-demballage-sous-vide-a-double-chambre-avec-systeme-de-rincage-au-gaz\/\" \/>\n<meta property=\"og:locale\" content=\"fr_FR\" \/>\n<meta property=\"og:type\" content=\"article\" \/>\n<meta property=\"og:title\" content=\"DZQ600-2SB Double chamber Vacuum Packaging Machine with gas flushing system\" \/>\n<meta property=\"og:description\" content=\"Power source: 220V\/50Hz  Power: 3.1KW  Sealing speed: 1-4 times\/mins  Work room size: L670\u00d7W540\u00d7H110mm  Sealing length: 600*10mm\" \/>\n<meta property=\"og:url\" content=\"https:\/\/alfequipment.com\/fr\/product\/dzq600-2sb-machine-demballage-sous-vide-a-double-chambre-avec-systeme-de-rincage-au-gaz\/\" \/>\n<meta property=\"og:site_name\" content=\"ALF PACK\" \/>\n<meta property=\"article:modified_time\" content=\"2025-12-21T12:12:43+00:00\" \/>\n<meta property=\"og:image\" content=\"https:\/\/alfequipment.com\/wp-content\/uploads\/2025\/01\/DZQ600-2SB-Double-chamber-Vacuum-Packaging-Machine.jpg\" \/>\n\t<meta property=\"og:image:width\" content=\"800\" \/>\n\t<meta property=\"og:image:height\" content=\"800\" \/>\n\t<meta property=\"og:image:type\" content=\"image\/webp\" \/>\n<meta name=\"twitter:card\" content=\"summary_large_image\" \/>\n<meta name=\"twitter:label1\" content=\"Dur\u00e9e de lecture estim\u00e9e\" \/>\n\t<meta name=\"twitter:data1\" content=\"2 minutes\" \/>\n<script type=\"application\/ld+json\" class=\"yoast-schema-graph\">{\"@context\":\"https:\/\/schema.org\",\"@graph\":[{\"@type\":\"WebPage\",\"@id\":\"https:\/\/alfequipment.com\/product\/dzq600-2sb-double-chamber-vacuum-packaging-machine-with-gas-flushing-system\/\",\"url\":\"https:\/\/alfequipment.com\/product\/dzq600-2sb-double-chamber-vacuum-packaging-machine-with-gas-flushing-system\/\",\"name\":\"DZQ600-2SB Double chamber Vacuum Packaging Machine with gas flushing system - ALF PACK\",\"isPartOf\":{\"@id\":\"https:\/\/alfequipment.com\/#website\"},\"primaryImageOfPage\":{\"@id\":\"https:\/\/alfequipment.com\/product\/dzq600-2sb-double-chamber-vacuum-packaging-machine-with-gas-flushing-system\/#primaryimage\"},\"image\":{\"@id\":\"https:\/\/alfequipment.com\/product\/dzq600-2sb-double-chamber-vacuum-packaging-machine-with-gas-flushing-system\/#primaryimage\"},\"thumbnailUrl\":\"https:\/\/alfequipment.com\/wp-content\/uploads\/2025\/01\/DZQ600-2SB-Double-chamber-Vacuum-Packaging-Machine.jpg\",\"datePublished\":\"2024-12-27T17:57:29+00:00\",\"dateModified\":\"2025-12-21T12:12:43+00:00\",\"breadcrumb\":{\"@id\":\"https:\/\/alfequipment.com\/product\/dzq600-2sb-double-chamber-vacuum-packaging-machine-with-gas-flushing-system\/#breadcrumb\"},\"inLanguage\":\"fr-FR\",\"potentialAction\":[{\"@type\":\"ReadAction\",\"target\":[\"https:\/\/alfequipment.com\/product\/dzq600-2sb-double-chamber-vacuum-packaging-machine-with-gas-flushing-system\/\"]}]},{\"@type\":\"ImageObject\",\"inLanguage\":\"fr-FR\",\"@id\":\"https:\/\/alfequipment.com\/product\/dzq600-2sb-double-chamber-vacuum-packaging-machine-with-gas-flushing-system\/#primaryimage\",\"url\":\"https:\/\/alfequipment.com\/wp-content\/uploads\/2025\/01\/DZQ600-2SB-Double-chamber-Vacuum-Packaging-Machine.jpg\",\"contentUrl\":\"https:\/\/alfequipment.com\/wp-content\/uploads\/2025\/01\/DZQ600-2SB-Double-chamber-Vacuum-Packaging-Machine.jpg\",\"width\":800,\"height\":800},{\"@type\":\"BreadcrumbList\",\"@id\":\"https:\/\/alfequipment.com\/product\/dzq600-2sb-double-chamber-vacuum-packaging-machine-with-gas-flushing-system\/#breadcrumb\",\"itemListElement\":[{\"@type\":\"ListItem\",\"position\":1,\"name\":\"Home\",\"item\":\"https:\/\/alfequipment.com\/\"},{\"@type\":\"ListItem\",\"position\":2,\"name\":\"Shop\",\"item\":\"https:\/\/alfequipment.com\/shop\/\"},{\"@type\":\"ListItem\",\"position\":3,\"name\":\"DZQ600-2SB Double chamber Vacuum Packaging Machine with gas flushing system\"}]},{\"@type\":\"WebSite\",\"@id\":\"https:\/\/alfequipment.com\/#website\",\"url\":\"https:\/\/alfequipment.com\/\",\"name\":\"ALF PACK\",\"description\":\"\",\"publisher\":{\"@id\":\"https:\/\/alfequipment.com\/#organization\"},\"potentialAction\":[{\"@type\":\"SearchAction\",\"target\":{\"@type\":\"EntryPoint\",\"urlTemplate\":\"https:\/\/alfequipment.com\/?s={search_term_string}\"},\"query-input\":{\"@type\":\"PropertyValueSpecification\",\"valueRequired\":true,\"valueName\":\"search_term_string\"}}],\"inLanguage\":\"fr-FR\"},{\"@type\":\"Organization\",\"@id\":\"https:\/\/alfequipment.com\/#organization\",\"name\":\"ALF PACK\",\"url\":\"https:\/\/alfequipment.com\/\",\"logo\":{\"@type\":\"ImageObject\",\"inLanguage\":\"fr-FR\",\"@id\":\"https:\/\/alfequipment.com\/#\/schema\/logo\/image\/\",\"url\":\"https:\/\/alfequipment.com\/wp-content\/uploads\/2024\/11\/ALFlogo-2.webp\",\"contentUrl\":\"https:\/\/alfequipment.com\/wp-content\/uploads\/2024\/11\/ALFlogo-2.webp\",\"width\":758,\"height\":750,\"caption\":\"ALF PACK\"},\"image\":{\"@id\":\"https:\/\/alfequipment.com\/#\/schema\/logo\/image\/\"}}]}<\/script>\n<!-- \/ Yoast SEO Premium plugin. -->","yoast_head_json":{"title":"DZQ600-2SB Machine \u00e0 emballer sous vide \u00e0 double chambre avec syst\u00e8me de rin\u00e7age au gaz - ALF PACK","robots":{"index":"index","follow":"follow","max-snippet":"max-snippet:-1","max-image-preview":"max-image-preview:large","max-video-preview":"max-video-preview:-1"},"canonical":"https:\/\/alfequipment.com\/fr\/product\/dzq600-2sb-machine-demballage-sous-vide-a-double-chambre-avec-systeme-de-rincage-au-gaz\/","og_locale":"fr_FR","og_type":"article","og_title":"DZQ600-2SB Double chamber Vacuum Packaging Machine with gas flushing system","og_description":"Power source: 220V\/50Hz  Power: 3.1KW  Sealing speed: 1-4 times\/mins  Work room size: L670\u00d7W540\u00d7H110mm  Sealing length: 600*10mm","og_url":"https:\/\/alfequipment.com\/fr\/product\/dzq600-2sb-machine-demballage-sous-vide-a-double-chambre-avec-systeme-de-rincage-au-gaz\/","og_site_name":"ALF PACK","article_modified_time":"2025-12-21T12:12:43+00:00","og_image":[{"width":800,"height":800,"url":"https:\/\/alfequipment.com\/wp-content\/uploads\/2025\/01\/DZQ600-2SB-Double-chamber-Vacuum-Packaging-Machine.jpg","type":"image\/webp"}],"twitter_card":"summary_large_image","twitter_misc":{"Dur\u00e9e de lecture estim\u00e9e":"2 minutes"},"schema":{"@context":"https:\/\/schema.org","@graph":[{"@type":"WebPage","@id":"https:\/\/alfequipment.com\/product\/dzq600-2sb-double-chamber-vacuum-packaging-machine-with-gas-flushing-system\/","url":"https:\/\/alfequipment.com\/product\/dzq600-2sb-double-chamber-vacuum-packaging-machine-with-gas-flushing-system\/","name":"DZQ600-2SB Machine \u00e0 emballer sous vide \u00e0 double chambre avec syst\u00e8me de rin\u00e7age au gaz - ALF PACK","isPartOf":{"@id":"https:\/\/alfequipment.com\/#website"},"primaryImageOfPage":{"@id":"https:\/\/alfequipment.com\/product\/dzq600-2sb-double-chamber-vacuum-packaging-machine-with-gas-flushing-system\/#primaryimage"},"image":{"@id":"https:\/\/alfequipment.com\/product\/dzq600-2sb-double-chamber-vacuum-packaging-machine-with-gas-flushing-system\/#primaryimage"},"thumbnailUrl":"https:\/\/alfequipment.com\/wp-content\/uploads\/2025\/01\/DZQ600-2SB-Double-chamber-Vacuum-Packaging-Machine.jpg","datePublished":"2024-12-27T17:57:29+00:00","dateModified":"2025-12-21T12:12:43+00:00","breadcrumb":{"@id":"https:\/\/alfequipment.com\/product\/dzq600-2sb-double-chamber-vacuum-packaging-machine-with-gas-flushing-system\/#breadcrumb"},"inLanguage":"fr-FR","potentialAction":[{"@type":"ReadAction","target":["https:\/\/alfequipment.com\/product\/dzq600-2sb-double-chamber-vacuum-packaging-machine-with-gas-flushing-system\/"]}]},{"@type":"ImageObject","inLanguage":"fr-FR","@id":"https:\/\/alfequipment.com\/product\/dzq600-2sb-double-chamber-vacuum-packaging-machine-with-gas-flushing-system\/#primaryimage","url":"https:\/\/alfequipment.com\/wp-content\/uploads\/2025\/01\/DZQ600-2SB-Double-chamber-Vacuum-Packaging-Machine.jpg","contentUrl":"https:\/\/alfequipment.com\/wp-content\/uploads\/2025\/01\/DZQ600-2SB-Double-chamber-Vacuum-Packaging-Machine.jpg","width":800,"height":800},{"@type":"BreadcrumbList","@id":"https:\/\/alfequipment.com\/product\/dzq600-2sb-double-chamber-vacuum-packaging-machine-with-gas-flushing-system\/#breadcrumb","itemListElement":[{"@type":"ListItem","position":1,"name":"Home","item":"https:\/\/alfequipment.com\/"},{"@type":"ListItem","position":2,"name":"Shop","item":"https:\/\/alfequipment.com\/shop\/"},{"@type":"ListItem","position":3,"name":"DZQ600-2SB Double chamber Vacuum Packaging Machine with gas flushing system"}]},{"@type":"WebSite","@id":"https:\/\/alfequipment.com\/#website","url":"https:\/\/alfequipment.com\/","name":"PACK ALF","description":"","publisher":{"@id":"https:\/\/alfequipment.com\/#organization"},"potentialAction":[{"@type":"SearchAction","target":{"@type":"EntryPoint","urlTemplate":"https:\/\/alfequipment.com\/?s={search_term_string}"},"query-input":{"@type":"PropertyValueSpecification","valueRequired":true,"valueName":"search_term_string"}}],"inLanguage":"fr-FR"},{"@type":"Organization","@id":"https:\/\/alfequipment.com\/#organization","name":"PACK ALF","url":"https:\/\/alfequipment.com\/","logo":{"@type":"ImageObject","inLanguage":"fr-FR","@id":"https:\/\/alfequipment.com\/#\/schema\/logo\/image\/","url":"https:\/\/alfequipment.com\/wp-content\/uploads\/2024\/11\/ALFlogo-2.webp","contentUrl":"https:\/\/alfequipment.com\/wp-content\/uploads\/2024\/11\/ALFlogo-2.webp","width":758,"height":750,"caption":"ALF PACK"},"image":{"@id":"https:\/\/alfequipment.com\/#\/schema\/logo\/image\/"}}]}},"_links":{"self":[{"href":"https:\/\/alfequipment.com\/fr\/wp-json\/wp\/v2\/product\/2955","targetHints":{"allow":["GET"]}}],"collection":[{"href":"https:\/\/alfequipment.com\/fr\/wp-json\/wp\/v2\/product"}],"about":[{"href":"https:\/\/alfequipment.com\/fr\/wp-json\/wp\/v2\/types\/product"}],"replies":[{"embeddable":true,"href":"https:\/\/alfequipment.com\/fr\/wp-json\/wp\/v2\/comments?post=2955"}],"version-history":[{"count":0,"href":"https:\/\/alfequipment.com\/fr\/wp-json\/wp\/v2\/product\/2955\/revisions"}],"wp:featuredmedia":[{"embeddable":true,"href":"https:\/\/alfequipment.com\/fr\/wp-json\/wp\/v2\/media\/2744"}],"wp:attachment":[{"href":"https:\/\/alfequipment.com\/fr\/wp-json\/wp\/v2\/media?parent=2955"}],"wp:term":[{"taxonomy":"product_brand","embeddable":true,"href":"https:\/\/alfequipment.com\/fr\/wp-json\/wp\/v2\/product_brand?post=2955"},{"taxonomy":"product_cat","embeddable":true,"href":"https:\/\/alfequipment.com\/fr\/wp-json\/wp\/v2\/product_cat?post=2955"},{"taxonomy":"product_tag","embeddable":true,"href":"https:\/\/alfequipment.com\/fr\/wp-json\/wp\/v2\/product_tag?post=2955"}],"curies":[{"name":"wp","href":"https:\/\/api.w.org\/{rel}","templated":true}]}}