{"id":2957,"date":"2024-12-27T10:21:45","date_gmt":"2024-12-27T10:21:45","guid":{"rendered":"https:\/\/alfequipment.com\/product\/tp260-table-type-tray-sealing-machine-with-gas-filling\/"},"modified":"2025-01-13T13:09:16","modified_gmt":"2025-01-13T13:09:16","slug":"tp260-operculeuse-de-table-avec-remplissage-de-gaz","status":"publish","type":"product","link":"https:\/\/alfequipment.com\/fr\/product\/tp260-operculeuse-de-table-avec-remplissage-de-gaz\/","title":{"rendered":"TP260 Operculeuse de table avec remplissage de gaz"},"content":{"rendered":"<div data-magic-global=\"%7B%22bizId%22%3A17179933680%2C%22pageId%22%3A21103481973%2C%22siteId%22%3A5005331025%7D\" id=\"detail_decorate_root\">\n<div module-id=\"29982747582\" module-title=\"detailProductNavigation\" render=\"true\" class=\"J_module\">\n<div id=\"ali-anchor-AliMagic-c2f64g\" data-section=\"AliMagic-c2f64g\" data-section-title=\"Product Overview\" class=\"magic-0\">Le principe de base de cette operculeuse est d'utiliser un mat\u00e9riau \u00e0 haute barri\u00e8re (plateau en plastique et film de couverture) pour isoler les aliments de l'air ext\u00e9rieur, le plateau \u00e9tant rempli de gaz m\u00e9lang\u00e9s de sorte que les aliments emball\u00e9s conservent longtemps leur saveur et leur aspect d'origine, et emp\u00eachent dans toute la mesure du possible la prolif\u00e9ration de toutes sortes de bact\u00e9ries et de micro-organismes.<\/div>\n<\/div>\n<div module-id=\"29982747583\" module-title=\"detailTextWithTitle\" render=\"true\" class=\"J_module\">\n<div class=\"detail-decorate-json-renderer-container\">\n<div class=\"magic-1\">\n<div class=\"magic-4\">\n<div class=\"magic-5\">\n<div class=\"magic-6\">\n<div>\n        <\/p>\n<div>\n         <span><span><span>L'operculeuse peut \u00eatre utilis\u00e9e pour l'emballage de conservation de toutes sortes d'aliments frais ou cuits, de fruits, de boissons, etc. En fonction des propri\u00e9t\u00e9s des diff\u00e9rents aliments, les types et les rapports de m\u00e9lange des gaz de conservation requis par les diff\u00e9rents types d'aliments sont diff\u00e9rents. Par cons\u00e9quent, l'\u00e9quipement d'emballage doit pouvoir s'adapter \u00e0 l'ajustement des diff\u00e9rents gaz et des rapports de m\u00e9lange de gaz \u00e0 tout moment.<\/span><br \/><\/span><\/span>\n        <\/div>\n<\/p><\/div>\n<\/p><\/div>\n<\/p><\/div>\n<\/p><\/div>\n<\/p><\/div>\n<\/p><\/div>\n<\/p><\/div>\n<div module-id=\"30016487258\" module-title=\"detailSingleImage\" render=\"true\" class=\"J_module\">\n<div class=\"icbu-pc-images magic-7\">\n<div>\n<div class=\"flex-layout-v\">\n<div class=\"flex-layout-h magic-7\">\n<div class=\"magic-8\">\n       <img decoding=\"async\" src=\"https:\/\/sc04.alicdn.com\/kf\/Hbc46d9dd7e7d4c429d5913cf620976677\/64496\/Hbc46d9dd7e7d4c429d5913cf620976677.jpg\" class=\"aligncenter\">\n      <\/div>\n<\/p><\/div>\n<\/p><\/div>\n<\/p><\/div>\n<\/p><\/div>\n<\/p><\/div>\n<div module-id=\"30021567506\" module-title=\"detailTwoImages\" render=\"true\" class=\"J_module\">\n<div class=\"icbu-pc-images magic-7\">\n<div>\n<div class=\"flex-layout-v\">\n<div class=\"flex-layout-h magic-7\">\n<div class=\"magic-10\">\n       <img decoding=\"async\" src=\"https:\/\/sc04.alicdn.com\/kf\/H30cb9875e1da45649222ae7e16bc41f59\/64496\/H30cb9875e1da45649222ae7e16bc41f59.jpg\" class=\"aligncenter\">\n      <\/div>\n<div class=\"magic-12\">\n       <img decoding=\"async\" src=\"https:\/\/sc04.alicdn.com\/kf\/H7e36a3cc81f54669ba46e3eec87e44c9J\/64496\/H7e36a3cc81f54669ba46e3eec87e44c9J.jpg\" class=\"aligncenter\">\n      <\/div>\n<\/p><\/div>\n<\/p><\/div>\n<\/p><\/div>\n<\/p><\/div>\n<\/p><\/div>\n<\/div>","protected":false},"excerpt":{"rendered":"<p>Scelleuse de barquettes avec remplissage de gaz de type table<\/p>","protected":false},"featured_media":2748,"comment_status":"closed","ping_status":"open","template":"","meta":[],"product_brand":[],"product_cat":[97],"product_tag":[],"class_list":{"0":"post-2957","1":"product","2":"type-product","3":"status-publish","4":"has-post-thumbnail","6":"product_cat-sealing-machines","8":"first","9":"instock","10":"sale","11":"purchasable","12":"product-type-simple"},"yoast_head":"<!-- This site is optimized with the Yoast SEO Premium plugin v20.9 (Yoast SEO v26.5) - https:\/\/yoast.com\/wordpress\/plugins\/seo\/ -->\n<title>TP260 Table type tray sealing machine with gas filling - ALF PACK<\/title>\n<meta name=\"robots\" content=\"index, follow, max-snippet:-1, max-image-preview:large, max-video-preview:-1\" \/>\n<link rel=\"canonical\" href=\"https:\/\/alfequipment.com\/fr\/product\/tp260-operculeuse-de-table-avec-remplissage-de-gaz\/\" \/>\n<meta property=\"og:locale\" content=\"fr_FR\" \/>\n<meta property=\"og:type\" content=\"article\" \/>\n<meta property=\"og:title\" content=\"TP260 Table type tray sealing machine with gas filling\" \/>\n<meta property=\"og:description\" content=\"Table Type Tray Sealer With Gas Filling\" \/>\n<meta property=\"og:url\" content=\"https:\/\/alfequipment.com\/fr\/product\/tp260-operculeuse-de-table-avec-remplissage-de-gaz\/\" \/>\n<meta property=\"og:site_name\" content=\"ALF PACK\" \/>\n<meta property=\"article:modified_time\" content=\"2025-01-13T13:09:16+00:00\" \/>\n<meta property=\"og:image\" content=\"https:\/\/alfequipment.com\/wp-content\/uploads\/2025\/01\/TP260-Table-type-tray-sealing-machine-with.jpg\" \/>\n\t<meta property=\"og:image:width\" content=\"1000\" \/>\n\t<meta property=\"og:image:height\" content=\"1000\" \/>\n\t<meta property=\"og:image:type\" content=\"image\/webp\" \/>\n<meta name=\"twitter:card\" content=\"summary_large_image\" \/>\n<meta name=\"twitter:label1\" content=\"Dur\u00e9e de lecture estim\u00e9e\" \/>\n\t<meta name=\"twitter:data1\" content=\"1 minute\" \/>\n<script type=\"application\/ld+json\" class=\"yoast-schema-graph\">{\"@context\":\"https:\/\/schema.org\",\"@graph\":[{\"@type\":\"WebPage\",\"@id\":\"https:\/\/alfequipment.com\/product\/tp260-table-type-tray-sealing-machine-with-gas-filling\/\",\"url\":\"https:\/\/alfequipment.com\/product\/tp260-table-type-tray-sealing-machine-with-gas-filling\/\",\"name\":\"TP260 Table type tray sealing machine with gas filling - ALF PACK\",\"isPartOf\":{\"@id\":\"https:\/\/alfequipment.com\/#website\"},\"primaryImageOfPage\":{\"@id\":\"https:\/\/alfequipment.com\/product\/tp260-table-type-tray-sealing-machine-with-gas-filling\/#primaryimage\"},\"image\":{\"@id\":\"https:\/\/alfequipment.com\/product\/tp260-table-type-tray-sealing-machine-with-gas-filling\/#primaryimage\"},\"thumbnailUrl\":\"https:\/\/alfequipment.com\/wp-content\/uploads\/2025\/01\/TP260-Table-type-tray-sealing-machine-with.jpg\",\"datePublished\":\"2024-12-27T10:21:45+00:00\",\"dateModified\":\"2025-01-13T13:09:16+00:00\",\"breadcrumb\":{\"@id\":\"https:\/\/alfequipment.com\/product\/tp260-table-type-tray-sealing-machine-with-gas-filling\/#breadcrumb\"},\"inLanguage\":\"fr-FR\",\"potentialAction\":[{\"@type\":\"ReadAction\",\"target\":[\"https:\/\/alfequipment.com\/product\/tp260-table-type-tray-sealing-machine-with-gas-filling\/\"]}]},{\"@type\":\"ImageObject\",\"inLanguage\":\"fr-FR\",\"@id\":\"https:\/\/alfequipment.com\/product\/tp260-table-type-tray-sealing-machine-with-gas-filling\/#primaryimage\",\"url\":\"https:\/\/alfequipment.com\/wp-content\/uploads\/2025\/01\/TP260-Table-type-tray-sealing-machine-with.jpg\",\"contentUrl\":\"https:\/\/alfequipment.com\/wp-content\/uploads\/2025\/01\/TP260-Table-type-tray-sealing-machine-with.jpg\",\"width\":1000,\"height\":1000},{\"@type\":\"BreadcrumbList\",\"@id\":\"https:\/\/alfequipment.com\/product\/tp260-table-type-tray-sealing-machine-with-gas-filling\/#breadcrumb\",\"itemListElement\":[{\"@type\":\"ListItem\",\"position\":1,\"name\":\"Home\",\"item\":\"https:\/\/alfequipment.com\/\"},{\"@type\":\"ListItem\",\"position\":2,\"name\":\"Shop\",\"item\":\"https:\/\/alfequipment.com\/shop\/\"},{\"@type\":\"ListItem\",\"position\":3,\"name\":\"TP260 Table type tray sealing machine with gas filling\"}]},{\"@type\":\"WebSite\",\"@id\":\"https:\/\/alfequipment.com\/#website\",\"url\":\"https:\/\/alfequipment.com\/\",\"name\":\"ALF PACK\",\"description\":\"\",\"publisher\":{\"@id\":\"https:\/\/alfequipment.com\/#organization\"},\"potentialAction\":[{\"@type\":\"SearchAction\",\"target\":{\"@type\":\"EntryPoint\",\"urlTemplate\":\"https:\/\/alfequipment.com\/?s={search_term_string}\"},\"query-input\":{\"@type\":\"PropertyValueSpecification\",\"valueRequired\":true,\"valueName\":\"search_term_string\"}}],\"inLanguage\":\"fr-FR\"},{\"@type\":\"Organization\",\"@id\":\"https:\/\/alfequipment.com\/#organization\",\"name\":\"ALF PACK\",\"url\":\"https:\/\/alfequipment.com\/\",\"logo\":{\"@type\":\"ImageObject\",\"inLanguage\":\"fr-FR\",\"@id\":\"https:\/\/alfequipment.com\/#\/schema\/logo\/image\/\",\"url\":\"https:\/\/alfequipment.com\/wp-content\/uploads\/2024\/11\/ALFlogo-2.webp\",\"contentUrl\":\"https:\/\/alfequipment.com\/wp-content\/uploads\/2024\/11\/ALFlogo-2.webp\",\"width\":758,\"height\":750,\"caption\":\"ALF PACK\"},\"image\":{\"@id\":\"https:\/\/alfequipment.com\/#\/schema\/logo\/image\/\"}}]}<\/script>\n<!-- \/ Yoast SEO Premium plugin. -->","yoast_head_json":{"title":"TP260 Operculeuse de table avec remplissage de gaz - ALF PACK","robots":{"index":"index","follow":"follow","max-snippet":"max-snippet:-1","max-image-preview":"max-image-preview:large","max-video-preview":"max-video-preview:-1"},"canonical":"https:\/\/alfequipment.com\/fr\/product\/tp260-operculeuse-de-table-avec-remplissage-de-gaz\/","og_locale":"fr_FR","og_type":"article","og_title":"TP260 Table type tray sealing machine with gas filling","og_description":"Table Type Tray Sealer With Gas Filling","og_url":"https:\/\/alfequipment.com\/fr\/product\/tp260-operculeuse-de-table-avec-remplissage-de-gaz\/","og_site_name":"ALF PACK","article_modified_time":"2025-01-13T13:09:16+00:00","og_image":[{"width":1000,"height":1000,"url":"https:\/\/alfequipment.com\/wp-content\/uploads\/2025\/01\/TP260-Table-type-tray-sealing-machine-with.jpg","type":"image\/webp"}],"twitter_card":"summary_large_image","twitter_misc":{"Dur\u00e9e de lecture estim\u00e9e":"1 minute"},"schema":{"@context":"https:\/\/schema.org","@graph":[{"@type":"WebPage","@id":"https:\/\/alfequipment.com\/product\/tp260-table-type-tray-sealing-machine-with-gas-filling\/","url":"https:\/\/alfequipment.com\/product\/tp260-table-type-tray-sealing-machine-with-gas-filling\/","name":"TP260 Operculeuse de table avec remplissage de gaz - ALF PACK","isPartOf":{"@id":"https:\/\/alfequipment.com\/#website"},"primaryImageOfPage":{"@id":"https:\/\/alfequipment.com\/product\/tp260-table-type-tray-sealing-machine-with-gas-filling\/#primaryimage"},"image":{"@id":"https:\/\/alfequipment.com\/product\/tp260-table-type-tray-sealing-machine-with-gas-filling\/#primaryimage"},"thumbnailUrl":"https:\/\/alfequipment.com\/wp-content\/uploads\/2025\/01\/TP260-Table-type-tray-sealing-machine-with.jpg","datePublished":"2024-12-27T10:21:45+00:00","dateModified":"2025-01-13T13:09:16+00:00","breadcrumb":{"@id":"https:\/\/alfequipment.com\/product\/tp260-table-type-tray-sealing-machine-with-gas-filling\/#breadcrumb"},"inLanguage":"fr-FR","potentialAction":[{"@type":"ReadAction","target":["https:\/\/alfequipment.com\/product\/tp260-table-type-tray-sealing-machine-with-gas-filling\/"]}]},{"@type":"ImageObject","inLanguage":"fr-FR","@id":"https:\/\/alfequipment.com\/product\/tp260-table-type-tray-sealing-machine-with-gas-filling\/#primaryimage","url":"https:\/\/alfequipment.com\/wp-content\/uploads\/2025\/01\/TP260-Table-type-tray-sealing-machine-with.jpg","contentUrl":"https:\/\/alfequipment.com\/wp-content\/uploads\/2025\/01\/TP260-Table-type-tray-sealing-machine-with.jpg","width":1000,"height":1000},{"@type":"BreadcrumbList","@id":"https:\/\/alfequipment.com\/product\/tp260-table-type-tray-sealing-machine-with-gas-filling\/#breadcrumb","itemListElement":[{"@type":"ListItem","position":1,"name":"Home","item":"https:\/\/alfequipment.com\/"},{"@type":"ListItem","position":2,"name":"Shop","item":"https:\/\/alfequipment.com\/shop\/"},{"@type":"ListItem","position":3,"name":"TP260 Table type tray sealing machine with gas filling"}]},{"@type":"WebSite","@id":"https:\/\/alfequipment.com\/#website","url":"https:\/\/alfequipment.com\/","name":"PACK ALF","description":"","publisher":{"@id":"https:\/\/alfequipment.com\/#organization"},"potentialAction":[{"@type":"SearchAction","target":{"@type":"EntryPoint","urlTemplate":"https:\/\/alfequipment.com\/?s={search_term_string}"},"query-input":{"@type":"PropertyValueSpecification","valueRequired":true,"valueName":"search_term_string"}}],"inLanguage":"fr-FR"},{"@type":"Organization","@id":"https:\/\/alfequipment.com\/#organization","name":"PACK ALF","url":"https:\/\/alfequipment.com\/","logo":{"@type":"ImageObject","inLanguage":"fr-FR","@id":"https:\/\/alfequipment.com\/#\/schema\/logo\/image\/","url":"https:\/\/alfequipment.com\/wp-content\/uploads\/2024\/11\/ALFlogo-2.webp","contentUrl":"https:\/\/alfequipment.com\/wp-content\/uploads\/2024\/11\/ALFlogo-2.webp","width":758,"height":750,"caption":"ALF PACK"},"image":{"@id":"https:\/\/alfequipment.com\/#\/schema\/logo\/image\/"}}]}},"_links":{"self":[{"href":"https:\/\/alfequipment.com\/fr\/wp-json\/wp\/v2\/product\/2957","targetHints":{"allow":["GET"]}}],"collection":[{"href":"https:\/\/alfequipment.com\/fr\/wp-json\/wp\/v2\/product"}],"about":[{"href":"https:\/\/alfequipment.com\/fr\/wp-json\/wp\/v2\/types\/product"}],"replies":[{"embeddable":true,"href":"https:\/\/alfequipment.com\/fr\/wp-json\/wp\/v2\/comments?post=2957"}],"version-history":[{"count":0,"href":"https:\/\/alfequipment.com\/fr\/wp-json\/wp\/v2\/product\/2957\/revisions"}],"wp:featuredmedia":[{"embeddable":true,"href":"https:\/\/alfequipment.com\/fr\/wp-json\/wp\/v2\/media\/2748"}],"wp:attachment":[{"href":"https:\/\/alfequipment.com\/fr\/wp-json\/wp\/v2\/media?parent=2957"}],"wp:term":[{"taxonomy":"product_brand","embeddable":true,"href":"https:\/\/alfequipment.com\/fr\/wp-json\/wp\/v2\/product_brand?post=2957"},{"taxonomy":"product_cat","embeddable":true,"href":"https:\/\/alfequipment.com\/fr\/wp-json\/wp\/v2\/product_cat?post=2957"},{"taxonomy":"product_tag","embeddable":true,"href":"https:\/\/alfequipment.com\/fr\/wp-json\/wp\/v2\/product_tag?post=2957"}],"curies":[{"name":"wp","href":"https:\/\/api.w.org\/{rel}","templated":true}]}}