{"id":2958,"date":"2024-12-04T02:19:22","date_gmt":"2024-12-04T02:19:22","guid":{"rendered":"https:\/\/alfequipment.com\/product\/fwj-60a-automatic-plastic-tube-filling-and-sealing-packaging-machine-with-water-chiller\/"},"modified":"2025-01-13T13:09:17","modified_gmt":"2025-01-13T13:09:17","slug":"fwj-60a-machine-automatique-de-remplissage-et-de-scellement-de-tubes-en-plastique-avec-refroidisseur-deau","status":"publish","type":"product","link":"https:\/\/alfequipment.com\/fr\/product\/fwj-60a-machine-automatique-de-remplissage-et-de-scellement-de-tubes-en-plastique-avec-refroidisseur-deau\/","title":{"rendered":"FWJ-60A Machine automatique de remplissage et de scellage de tubes en plastique avec refroidisseur d'eau"},"content":{"rendered":"<div data-magic-global=\"%7B%22bizId%22%3A17179933680%2C%22pageId%22%3A21098883429%2C%22siteId%22%3A5005331025%7D\" id=\"detail_decorate_root\">\n<div module-id=\"29948766805\" module-title=\"detailProductNavigation\" render=\"true\" class=\"J_module\">\n<div id=\"ali-anchor-AliMagic-2uyyse\" data-section=\"AliMagic-2uyyse\" data-section-title=\"Product Overview\" class=\"magic-0\">Cette machine est un produit de haute technologie qui a \u00e9t\u00e9 d\u00e9velopp\u00e9 et con\u00e7u avec succ\u00e8s en adoptant des technologies avanc\u00e9es de l'\u00e9tranger et qui r\u00e9pond strictement aux exigences des BPF. Le contr\u00f4leur PLC et l'\u00e9cran tactile couleur sont appliqu\u00e9s et permettent un contr\u00f4le programmable de la machine. Elle peut remplir des pommades, des cr\u00e8mes g\u00e9lifi\u00e9es ou des mati\u00e8res visqueuses, plier la queue, embosser le num\u00e9ro de lot (y compris la date de fabrication) automatiquement. C'est l'\u00e9quipement id\u00e9al pour les tubes de plomb, les tubes ALU,<\/div>\n<\/div>\n<div module-id=\"29948766806\" module-title=\"detailTextWithTitle\" render=\"true\" class=\"J_module\">\n<div class=\"detail-decorate-json-renderer-container\">\n<div class=\"magic-1\">\n<div class=\"magic-4\">\n<div class=\"magic-5\">\n<div class=\"magic-6\"><span>Remplissage et scellage de tubes en plastique et de tubes lamin\u00e9s pour la cosm\u00e9tique, la pharmacie, les produits alimentaires et les obligations.<br \/> * Moteur, contr\u00f4l\u00e9 par un onduleur CA.<br \/> * Acier inoxydable 304 pour r\u00e9pondre aux normes GMP<br \/> * Syst\u00e8me automatis\u00e9 de chargement pneumatique des tubes<br \/> * Contr\u00f4leur PLC Siemens et \u00e9cran tactile couleur <br \/> * Syst\u00e8me automatique de marquage des yeux et capteur de comptage de tubes<br \/> * Contr\u00f4leurs de temp\u00e9rature et syst\u00e8mes de refroidissement num\u00e9riques et intelligents, adapt\u00e9s \u00e0 l'\u00e9tanch\u00e9it\u00e9 de divers tubes. <br \/> * Avec interrupteur de s\u00e9curit\u00e9, plus s\u00fbr.<\/p>\n<p>G\u00e9n\u00e9ralement le diam\u00e8tre du tube et le moule avec les dimensions :<br \/> 12. 16\u00ef\u00bc19\u00ef\u00bc 22\u00ef\u00bc 25\u00ef\u00bc 28 .30\u00ef\u00bc 35\u00ef\u00bc 40\u00ef\u00bc 45\u00ef\u00bc 50mm<\/span>\n      <\/div>\n<\/p><\/div>\n<\/p><\/div>\n<\/p><\/div>\n<\/p><\/div>\n<\/p><\/div>\n<div module-id=\"29909829208\" module-title=\"detailSingleImage\" render=\"true\" class=\"J_module\">\n<div class=\"icbu-pc-images magic-7\">\n<div>\n<div class=\"flex-layout-v\">\n<div class=\"flex-layout-h magic-7\">\n<div class=\"magic-8\">\n       <img decoding=\"async\" src=\"https:\/\/sc04.alicdn.com\/kf\/H87742d35427d42438b6c8b2e0dab18bc8\/64496\/H87742d35427d42438b6c8b2e0dab18bc8.png\" class=\"aligncenter\">\n      <\/div>\n<\/p><\/div>\n<\/p><\/div>\n<\/p><\/div>\n<\/p><\/div>\n<\/p><\/div>\n<div module-id=\"29909829209\" module-title=\"detailSingleImage\" render=\"true\" class=\"J_module\">\n<div class=\"icbu-pc-images magic-7\">\n<div>\n<div class=\"flex-layout-v\">\n<div class=\"flex-layout-h magic-7\">\n<div class=\"magic-10\">\n       <img decoding=\"async\" src=\"https:\/\/sc04.alicdn.com\/kf\/H91b6595a2ebe42c9917613256f722d6d4\/64496\/H91b6595a2ebe42c9917613256f722d6d4.png\" class=\"aligncenter\">\n      <\/div>\n<\/p><\/div>\n<\/p><\/div>\n<\/p><\/div>\n<\/p><\/div>\n<\/p><\/div>\n<div module-id=\"29909829210\" module-title=\"detailSingleImage\" render=\"true\" class=\"J_module\">\n<div class=\"icbu-pc-images magic-7\">\n<div>\n<div class=\"flex-layout-v\">\n<div class=\"flex-layout-h magic-7\">\n<div class=\"magic-12\">\n       <img decoding=\"async\" src=\"https:\/\/sc04.alicdn.com\/kf\/Haf2809bef4354d0885af8b04555b7778O\/64496\/Haf2809bef4354d0885af8b04555b7778O.png\" class=\"aligncenter\">\n      <\/div>\n<\/p><\/div>\n<\/p><\/div>\n<\/p><\/div>\n<\/p><\/div>\n<\/p><\/div>\n<\/div>","protected":false},"excerpt":{"rendered":"<p>Machine automatique de remplissage et de scellage de tubes en plastique<\/p>","protected":false},"featured_media":2750,"comment_status":"closed","ping_status":"open","template":"","meta":[],"product_brand":[],"product_cat":[102],"product_tag":[],"class_list":{"0":"post-2958","1":"product","2":"type-product","3":"status-publish","4":"has-post-thumbnail","6":"product_cat-packaging-machines","8":"first","9":"instock","10":"sale","11":"purchasable","12":"product-type-simple"},"yoast_head":"<!-- This site is optimized with the Yoast SEO Premium plugin v20.9 (Yoast SEO v26.5) - https:\/\/yoast.com\/wordpress\/plugins\/seo\/ -->\n<title>FWJ-60A Automatic plastic tube filling and sealing packaging machine with water chiller - ALF PACK<\/title>\n<meta name=\"robots\" content=\"index, follow, max-snippet:-1, max-image-preview:large, max-video-preview:-1\" \/>\n<link rel=\"canonical\" href=\"https:\/\/alfequipment.com\/fr\/product\/fwj-60a-machine-automatique-de-remplissage-et-de-scellement-de-tubes-en-plastique-avec-refroidisseur-deau\/\" \/>\n<meta property=\"og:locale\" content=\"fr_FR\" \/>\n<meta property=\"og:type\" content=\"article\" \/>\n<meta property=\"og:title\" content=\"FWJ-60A Automatic plastic tube filling and sealing packaging machine with water chiller\" \/>\n<meta property=\"og:description\" content=\"Automatic Plastic Tube Filling And Sealing Packaging Machine\" \/>\n<meta property=\"og:url\" content=\"https:\/\/alfequipment.com\/fr\/product\/fwj-60a-machine-automatique-de-remplissage-et-de-scellement-de-tubes-en-plastique-avec-refroidisseur-deau\/\" \/>\n<meta property=\"og:site_name\" content=\"ALF PACK\" \/>\n<meta property=\"article:modified_time\" content=\"2025-01-13T13:09:17+00:00\" \/>\n<meta property=\"og:image\" content=\"https:\/\/alfequipment.com\/wp-content\/uploads\/2025\/01\/FWJ-60A-Automatic-plastic-tube-filling-and.jpg\" \/>\n\t<meta property=\"og:image:width\" content=\"1000\" \/>\n\t<meta property=\"og:image:height\" content=\"1000\" \/>\n\t<meta property=\"og:image:type\" content=\"image\/webp\" \/>\n<meta name=\"twitter:card\" content=\"summary_large_image\" \/>\n<meta name=\"twitter:label1\" content=\"Dur\u00e9e de lecture estim\u00e9e\" \/>\n\t<meta name=\"twitter:data1\" content=\"1 minute\" \/>\n<script type=\"application\/ld+json\" class=\"yoast-schema-graph\">{\"@context\":\"https:\/\/schema.org\",\"@graph\":[{\"@type\":\"WebPage\",\"@id\":\"https:\/\/alfequipment.com\/product\/fwj-60a-automatic-plastic-tube-filling-and-sealing-packaging-machine-with-water-chiller\/\",\"url\":\"https:\/\/alfequipment.com\/product\/fwj-60a-automatic-plastic-tube-filling-and-sealing-packaging-machine-with-water-chiller\/\",\"name\":\"FWJ-60A Automatic plastic tube filling and sealing packaging machine with water chiller - ALF PACK\",\"isPartOf\":{\"@id\":\"https:\/\/alfequipment.com\/#website\"},\"primaryImageOfPage\":{\"@id\":\"https:\/\/alfequipment.com\/product\/fwj-60a-automatic-plastic-tube-filling-and-sealing-packaging-machine-with-water-chiller\/#primaryimage\"},\"image\":{\"@id\":\"https:\/\/alfequipment.com\/product\/fwj-60a-automatic-plastic-tube-filling-and-sealing-packaging-machine-with-water-chiller\/#primaryimage\"},\"thumbnailUrl\":\"https:\/\/alfequipment.com\/wp-content\/uploads\/2025\/01\/FWJ-60A-Automatic-plastic-tube-filling-and.jpg\",\"datePublished\":\"2024-12-04T02:19:22+00:00\",\"dateModified\":\"2025-01-13T13:09:17+00:00\",\"breadcrumb\":{\"@id\":\"https:\/\/alfequipment.com\/product\/fwj-60a-automatic-plastic-tube-filling-and-sealing-packaging-machine-with-water-chiller\/#breadcrumb\"},\"inLanguage\":\"fr-FR\",\"potentialAction\":[{\"@type\":\"ReadAction\",\"target\":[\"https:\/\/alfequipment.com\/product\/fwj-60a-automatic-plastic-tube-filling-and-sealing-packaging-machine-with-water-chiller\/\"]}]},{\"@type\":\"ImageObject\",\"inLanguage\":\"fr-FR\",\"@id\":\"https:\/\/alfequipment.com\/product\/fwj-60a-automatic-plastic-tube-filling-and-sealing-packaging-machine-with-water-chiller\/#primaryimage\",\"url\":\"https:\/\/alfequipment.com\/wp-content\/uploads\/2025\/01\/FWJ-60A-Automatic-plastic-tube-filling-and.jpg\",\"contentUrl\":\"https:\/\/alfequipment.com\/wp-content\/uploads\/2025\/01\/FWJ-60A-Automatic-plastic-tube-filling-and.jpg\",\"width\":1000,\"height\":1000},{\"@type\":\"BreadcrumbList\",\"@id\":\"https:\/\/alfequipment.com\/product\/fwj-60a-automatic-plastic-tube-filling-and-sealing-packaging-machine-with-water-chiller\/#breadcrumb\",\"itemListElement\":[{\"@type\":\"ListItem\",\"position\":1,\"name\":\"Home\",\"item\":\"https:\/\/alfequipment.com\/\"},{\"@type\":\"ListItem\",\"position\":2,\"name\":\"Shop\",\"item\":\"https:\/\/alfequipment.com\/shop\/\"},{\"@type\":\"ListItem\",\"position\":3,\"name\":\"FWJ-60A Automatic plastic tube filling and sealing packaging machine with water chiller\"}]},{\"@type\":\"WebSite\",\"@id\":\"https:\/\/alfequipment.com\/#website\",\"url\":\"https:\/\/alfequipment.com\/\",\"name\":\"ALF PACK\",\"description\":\"\",\"publisher\":{\"@id\":\"https:\/\/alfequipment.com\/#organization\"},\"potentialAction\":[{\"@type\":\"SearchAction\",\"target\":{\"@type\":\"EntryPoint\",\"urlTemplate\":\"https:\/\/alfequipment.com\/?s={search_term_string}\"},\"query-input\":{\"@type\":\"PropertyValueSpecification\",\"valueRequired\":true,\"valueName\":\"search_term_string\"}}],\"inLanguage\":\"fr-FR\"},{\"@type\":\"Organization\",\"@id\":\"https:\/\/alfequipment.com\/#organization\",\"name\":\"ALF PACK\",\"url\":\"https:\/\/alfequipment.com\/\",\"logo\":{\"@type\":\"ImageObject\",\"inLanguage\":\"fr-FR\",\"@id\":\"https:\/\/alfequipment.com\/#\/schema\/logo\/image\/\",\"url\":\"https:\/\/alfequipment.com\/wp-content\/uploads\/2024\/11\/ALFlogo-2.webp\",\"contentUrl\":\"https:\/\/alfequipment.com\/wp-content\/uploads\/2024\/11\/ALFlogo-2.webp\",\"width\":758,\"height\":750,\"caption\":\"ALF PACK\"},\"image\":{\"@id\":\"https:\/\/alfequipment.com\/#\/schema\/logo\/image\/\"}}]}<\/script>\n<!-- \/ Yoast SEO Premium plugin. -->","yoast_head_json":{"title":"FWJ-60A Machine automatique de remplissage et de scellage de tubes en plastique avec refroidisseur d'eau - ALF PACK","robots":{"index":"index","follow":"follow","max-snippet":"max-snippet:-1","max-image-preview":"max-image-preview:large","max-video-preview":"max-video-preview:-1"},"canonical":"https:\/\/alfequipment.com\/fr\/product\/fwj-60a-machine-automatique-de-remplissage-et-de-scellement-de-tubes-en-plastique-avec-refroidisseur-deau\/","og_locale":"fr_FR","og_type":"article","og_title":"FWJ-60A Automatic plastic tube filling and sealing packaging machine with water chiller","og_description":"Automatic Plastic Tube Filling And Sealing Packaging Machine","og_url":"https:\/\/alfequipment.com\/fr\/product\/fwj-60a-machine-automatique-de-remplissage-et-de-scellement-de-tubes-en-plastique-avec-refroidisseur-deau\/","og_site_name":"ALF PACK","article_modified_time":"2025-01-13T13:09:17+00:00","og_image":[{"width":1000,"height":1000,"url":"https:\/\/alfequipment.com\/wp-content\/uploads\/2025\/01\/FWJ-60A-Automatic-plastic-tube-filling-and.jpg","type":"image\/webp"}],"twitter_card":"summary_large_image","twitter_misc":{"Dur\u00e9e de lecture estim\u00e9e":"1 minute"},"schema":{"@context":"https:\/\/schema.org","@graph":[{"@type":"WebPage","@id":"https:\/\/alfequipment.com\/product\/fwj-60a-automatic-plastic-tube-filling-and-sealing-packaging-machine-with-water-chiller\/","url":"https:\/\/alfequipment.com\/product\/fwj-60a-automatic-plastic-tube-filling-and-sealing-packaging-machine-with-water-chiller\/","name":"FWJ-60A Machine automatique de remplissage et de scellage de tubes en plastique avec refroidisseur d'eau - ALF PACK","isPartOf":{"@id":"https:\/\/alfequipment.com\/#website"},"primaryImageOfPage":{"@id":"https:\/\/alfequipment.com\/product\/fwj-60a-automatic-plastic-tube-filling-and-sealing-packaging-machine-with-water-chiller\/#primaryimage"},"image":{"@id":"https:\/\/alfequipment.com\/product\/fwj-60a-automatic-plastic-tube-filling-and-sealing-packaging-machine-with-water-chiller\/#primaryimage"},"thumbnailUrl":"https:\/\/alfequipment.com\/wp-content\/uploads\/2025\/01\/FWJ-60A-Automatic-plastic-tube-filling-and.jpg","datePublished":"2024-12-04T02:19:22+00:00","dateModified":"2025-01-13T13:09:17+00:00","breadcrumb":{"@id":"https:\/\/alfequipment.com\/product\/fwj-60a-automatic-plastic-tube-filling-and-sealing-packaging-machine-with-water-chiller\/#breadcrumb"},"inLanguage":"fr-FR","potentialAction":[{"@type":"ReadAction","target":["https:\/\/alfequipment.com\/product\/fwj-60a-automatic-plastic-tube-filling-and-sealing-packaging-machine-with-water-chiller\/"]}]},{"@type":"ImageObject","inLanguage":"fr-FR","@id":"https:\/\/alfequipment.com\/product\/fwj-60a-automatic-plastic-tube-filling-and-sealing-packaging-machine-with-water-chiller\/#primaryimage","url":"https:\/\/alfequipment.com\/wp-content\/uploads\/2025\/01\/FWJ-60A-Automatic-plastic-tube-filling-and.jpg","contentUrl":"https:\/\/alfequipment.com\/wp-content\/uploads\/2025\/01\/FWJ-60A-Automatic-plastic-tube-filling-and.jpg","width":1000,"height":1000},{"@type":"BreadcrumbList","@id":"https:\/\/alfequipment.com\/product\/fwj-60a-automatic-plastic-tube-filling-and-sealing-packaging-machine-with-water-chiller\/#breadcrumb","itemListElement":[{"@type":"ListItem","position":1,"name":"Home","item":"https:\/\/alfequipment.com\/"},{"@type":"ListItem","position":2,"name":"Shop","item":"https:\/\/alfequipment.com\/shop\/"},{"@type":"ListItem","position":3,"name":"FWJ-60A Automatic plastic tube filling and sealing packaging machine with water chiller"}]},{"@type":"WebSite","@id":"https:\/\/alfequipment.com\/#website","url":"https:\/\/alfequipment.com\/","name":"PACK ALF","description":"","publisher":{"@id":"https:\/\/alfequipment.com\/#organization"},"potentialAction":[{"@type":"SearchAction","target":{"@type":"EntryPoint","urlTemplate":"https:\/\/alfequipment.com\/?s={search_term_string}"},"query-input":{"@type":"PropertyValueSpecification","valueRequired":true,"valueName":"search_term_string"}}],"inLanguage":"fr-FR"},{"@type":"Organization","@id":"https:\/\/alfequipment.com\/#organization","name":"PACK ALF","url":"https:\/\/alfequipment.com\/","logo":{"@type":"ImageObject","inLanguage":"fr-FR","@id":"https:\/\/alfequipment.com\/#\/schema\/logo\/image\/","url":"https:\/\/alfequipment.com\/wp-content\/uploads\/2024\/11\/ALFlogo-2.webp","contentUrl":"https:\/\/alfequipment.com\/wp-content\/uploads\/2024\/11\/ALFlogo-2.webp","width":758,"height":750,"caption":"ALF PACK"},"image":{"@id":"https:\/\/alfequipment.com\/#\/schema\/logo\/image\/"}}]}},"_links":{"self":[{"href":"https:\/\/alfequipment.com\/fr\/wp-json\/wp\/v2\/product\/2958","targetHints":{"allow":["GET"]}}],"collection":[{"href":"https:\/\/alfequipment.com\/fr\/wp-json\/wp\/v2\/product"}],"about":[{"href":"https:\/\/alfequipment.com\/fr\/wp-json\/wp\/v2\/types\/product"}],"replies":[{"embeddable":true,"href":"https:\/\/alfequipment.com\/fr\/wp-json\/wp\/v2\/comments?post=2958"}],"version-history":[{"count":0,"href":"https:\/\/alfequipment.com\/fr\/wp-json\/wp\/v2\/product\/2958\/revisions"}],"wp:featuredmedia":[{"embeddable":true,"href":"https:\/\/alfequipment.com\/fr\/wp-json\/wp\/v2\/media\/2750"}],"wp:attachment":[{"href":"https:\/\/alfequipment.com\/fr\/wp-json\/wp\/v2\/media?parent=2958"}],"wp:term":[{"taxonomy":"product_brand","embeddable":true,"href":"https:\/\/alfequipment.com\/fr\/wp-json\/wp\/v2\/product_brand?post=2958"},{"taxonomy":"product_cat","embeddable":true,"href":"https:\/\/alfequipment.com\/fr\/wp-json\/wp\/v2\/product_cat?post=2958"},{"taxonomy":"product_tag","embeddable":true,"href":"https:\/\/alfequipment.com\/fr\/wp-json\/wp\/v2\/product_tag?post=2958"}],"curies":[{"name":"wp","href":"https:\/\/api.w.org\/{rel}","templated":true}]}}