{"id":2962,"date":"2024-12-30T02:06:59","date_gmt":"2024-12-30T02:06:59","guid":{"rendered":"https:\/\/alfequipment.com\/product\/automatic-cross-carton-sealing-machine-dqfxc5045x-packaging-production-line\/"},"modified":"2025-10-04T11:43:08","modified_gmt":"2025-10-04T11:43:08","slug":"machine-automatique-a-sceller-les-cartons-croises-dqfxc5045x-ligne-de-production-demballages","status":"publish","type":"product","link":"https:\/\/alfequipment.com\/fr\/product\/machine-automatique-a-sceller-les-cartons-croises-dqfxc5045x-ligne-de-production-demballages\/","title":{"rendered":"Machine automatique \u00e0 sceller les cartons crois\u00e9s DQFXC5045X Ligne de production d'emballages"},"content":{"rendered":"<div id=\"detail_decorate_root\" data-magic-global=\"%7B%22bizId%22%3A17179933680%2C%22pageId%22%3A21098803691%2C%22siteId%22%3A5005331025%7D\">\n<div class=\"J_module\">\n<div id=\"ali-anchor-AliMagic-m45jvg\" class=\"magic-0\" data-section=\"AliMagic-m45jvg\" data-section-title=\"Product Description\">La nouvelle s\u00e9rie de machines \u00e0 sceller les cartons est principalement utilis\u00e9e pour sceller et emballer les cartons. Il s'agit d'une ligne de production d'emballage automatique. Ces scelleuses sont largement utilis\u00e9es dans les domaines de l'\u00e9lectrom\u00e9nager, du textile, des denr\u00e9es alimentaires, des marchandises g\u00e9n\u00e9rales, de la m\u00e9decine, de l'industrie chimique ainsi que dans de nombreux autres domaines.<\/div>\n<\/div>\n<div class=\"J_module\">\n<div class=\"detail-decorate-json-renderer-container\">\n<div class=\"magic-1\">\n<div class=\"magic-4\">\n<div class=\"magic-5\">\n<div class=\"magic-6\">\n<p>Cette ligne de production d'emballages est sp\u00e9cialement con\u00e7ue pour le commerce \u00e9lectronique. Elle utilise un ruban de scellage, facile \u00e0 utiliser et pratique. La largeur et la hauteur du scellage peuvent \u00eatre ajust\u00e9es en fonction de la taille du carton. Les soudures sup\u00e9rieures et inf\u00e9rieures peuvent \u00eatre r\u00e9alis\u00e9es en premier, et la position du coin peut \u00eatre automatiquement pouss\u00e9e, puis la soudure transversale peut \u00eatre r\u00e9alis\u00e9e.<\/p>\n<div>Finition rapide de l'\u00e9tanch\u00e9it\u00e9&amp; tr\u00e8s \u00e9conomique et facile \u00e0 ajuster<br \/>\nScellage haut et bas, convoyeur lat\u00e9ral.<br \/>\nAlimentation en douceur et scellement parfait (propre, ferme, sans d\u00e9chirure de la bo\u00eete)<\/div>\n<\/div>\n<\/div>\n<\/div>\n<\/div>\n<\/div>\n<\/div>\n<div class=\"J_module\">\n<div class=\"ife-detail-decorate-table\">\n<table class=\"has-title all magic-8\">\n<tbody>\n<tr>\n<td colspan=\"1\" rowspan=\"1\">\n<div class=\"magic-9\">Mod\u00e8le<\/div>\n<\/td>\n<td colspan=\"1\" rowspan=\"1\">\n<div class=\"magic-10\">DQFXC5045X<\/div>\n<\/td>\n<td colspan=\"1\" rowspan=\"1\">\n<div class=\"magic-11\">DTS620<\/div>\n<\/td>\n<td colspan=\"1\" rowspan=\"1\">\n<div class=\"magic-12\">DQFXC5045XBB<\/div>\n<\/td>\n<\/tr>\n<tr>\n<td colspan=\"1\" rowspan=\"1\">\n<div class=\"magic-9\">Sources d'\u00e9nergie<\/div>\n<\/td>\n<td colspan=\"1\" rowspan=\"1\">\n<div class=\"magic-10\">AC220V\/50Hz\/240W<\/div>\n<\/td>\n<td colspan=\"1\" rowspan=\"1\">\n<div class=\"magic-11\">AC220V\/50Hz\/200W<\/div>\n<\/td>\n<td colspan=\"1\" rowspan=\"1\">\n<div class=\"magic-12\">AC220V\/50Hz\/240W<\/div>\n<\/td>\n<\/tr>\n<tr>\n<td colspan=\"1\" rowspan=\"1\">\n<div class=\"magic-9\">Vitesse du convoyeur<\/div>\n<\/td>\n<td colspan=\"1\" rowspan=\"1\">\n<div class=\"magic-10\">18m\/min<\/div>\n<\/td>\n<td colspan=\"1\" rowspan=\"1\">\n<div class=\"magic-11\">18m\/min<\/div>\n<\/td>\n<td colspan=\"1\" rowspan=\"1\">\n<div class=\"magic-12\">18m\/min<\/div>\n<\/td>\n<\/tr>\n<tr>\n<td colspan=\"1\" rowspan=\"1\">\n<div class=\"magic-9\">Largeur du ruban adh\u00e9sif<\/div>\n<\/td>\n<td colspan=\"1\" rowspan=\"1\">\n<div class=\"magic-10\">36mm 45mm<\/div>\n<\/td>\n<td colspan=\"1\" rowspan=\"1\">\n<div class=\"magic-11\">\u00ef\u00bc<\/div>\n<\/td>\n<td colspan=\"1\" rowspan=\"1\">\n<div class=\"magic-12\">36mm 45mm<\/div>\n<\/td>\n<\/tr>\n<tr>\n<td colspan=\"1\" rowspan=\"1\">\n<div class=\"magic-9\">Bande adh\u00e9sive utilis\u00e9e<\/div>\n<\/td>\n<td colspan=\"1\" rowspan=\"1\">\n<div class=\"magic-10\">BOPP, ruban adh\u00e9sif sans eau, ruban adh\u00e9sif en PVC<\/div>\n<\/td>\n<td colspan=\"1\" rowspan=\"1\">\n<div class=\"magic-11\">\u00ef\u00bc<\/div>\n<\/td>\n<td colspan=\"1\" rowspan=\"1\">\n<div class=\"magic-12\">BOPP, ruban adh\u00e9sif sans eau, ruban adh\u00e9sif en PVC<\/div>\n<\/td>\n<\/tr>\n<tr>\n<td colspan=\"1\" rowspan=\"1\">\n<div class=\"magic-9\">Mode de transmission<\/div>\n<\/td>\n<td colspan=\"1\" rowspan=\"1\">\n<div class=\"magic-10\">Convoyeur lat\u00e9ral<\/div>\n<\/td>\n<td colspan=\"1\" rowspan=\"1\">\n<div class=\"magic-11\">Convoyeur \u00e0 rouleaux<\/div>\n<\/td>\n<td colspan=\"1\" rowspan=\"1\">\n<div class=\"magic-12\">Convoyeur lat\u00e9ral<\/div>\n<\/td>\n<\/tr>\n<tr>\n<td colspan=\"1\" rowspan=\"1\">\n<div class=\"magic-9\">Garniture d'\u00e9tanch\u00e9it\u00e9 maximale (L*L*H)<\/div>\n<\/td>\n<td colspan=\"1\" rowspan=\"1\">\n<div class=\"magic-10\">450\u00d7450\u00d7500mm<\/div>\n<\/td>\n<td colspan=\"1\" rowspan=\"1\">\n<div class=\"magic-11\">450\u00d7450\u00d7500mm<\/div>\n<\/td>\n<td colspan=\"1\" rowspan=\"1\">\n<div class=\"magic-12\">450\u00d7450\u00d7500mm<\/div>\n<\/td>\n<\/tr>\n<tr>\n<td colspan=\"1\" rowspan=\"1\">\n<div class=\"magic-9\">Emballage d'\u00e9tanch\u00e9it\u00e9 minimum (L*L*H)<\/div>\n<\/td>\n<td colspan=\"1\" rowspan=\"1\">\n<div class=\"magic-10\">130\u00d780\u00d790mm<\/div>\n<\/td>\n<td colspan=\"1\" rowspan=\"1\">\n<div class=\"magic-11\">130\u00d780\u00d790mm<\/div>\n<\/td>\n<td colspan=\"1\" rowspan=\"1\">\n<div class=\"magic-12\">130\u00d780\u00d790mm<\/div>\n<\/td>\n<\/tr>\n<\/tbody>\n<\/table>\n<\/div>\n<\/div>\n<div class=\"J_module\">\n<div class=\"icbu-pc-images magic-13\">\n<div>\n<div class=\"flex-layout-v\">\n<div class=\"flex-layout-h magic-13\">\n<div class=\"magic-14\"><img decoding=\"async\" class=\"aligncenter\" src=\"https:\/\/sc04.alicdn.com\/kf\/Hc2800c7e8b464a1fbbfac351a04b6ba24\/64496\/Hc2800c7e8b464a1fbbfac351a04b6ba24.jpg\" \/><\/div>\n<\/div>\n<\/div>\n<\/div>\n<\/div>\n<\/div>\n<div class=\"J_module\">\n<div class=\"icbu-pc-images magic-13\">\n<div>\n<div class=\"flex-layout-v\">\n<div class=\"flex-layout-h magic-13\">\n<div class=\"magic-16\"><img decoding=\"async\" class=\"aligncenter\" src=\"https:\/\/sc04.alicdn.com\/kf\/H147b87affbab4dc58298d2084569cb279\/64496\/H147b87affbab4dc58298d2084569cb279.jpg\" \/><\/div>\n<\/div>\n<\/div>\n<\/div>\n<\/div>\n<\/div>\n<div class=\"J_module\">\n<div class=\"icbu-pc-images magic-13\">\n<div>\n<div class=\"flex-layout-v\">\n<div class=\"flex-layout-h magic-13\">\n<div class=\"magic-18\"><img decoding=\"async\" class=\"aligncenter\" src=\"https:\/\/sc04.alicdn.com\/kf\/H452dde0d7b4c4e2da6755838d752c009w\/64496\/H452dde0d7b4c4e2da6755838d752c009w.jpg\" \/><\/div>\n<\/div>\n<\/div>\n<\/div>\n<\/div>\n<\/div>\n<div class=\"J_module\">\n<div class=\"icbu-pc-images magic-13\">\n<div>\n<div class=\"flex-layout-v\">\n<div class=\"flex-layout-h magic-13\">\n<div class=\"magic-20\"><img decoding=\"async\" class=\"aligncenter\" src=\"https:\/\/sc04.alicdn.com\/kf\/Hcdfa60a4427443fea75b77b0b3afa652X\/64496\/Hcdfa60a4427443fea75b77b0b3afa652X.jpg\" \/><\/div>\n<\/div>\n<\/div>\n<\/div>\n<\/div>\n<\/div>\n<div class=\"J_module\">\n<div class=\"icbu-pc-images magic-13\">\n<div>\n<div class=\"flex-layout-v\">\n<div class=\"flex-layout-h magic-13\">\n<div class=\"magic-22\"><img decoding=\"async\" class=\"aligncenter\" src=\"https:\/\/sc04.alicdn.com\/kf\/H1ec0ce27e89047c882785279c3f00623I\/64496\/H1ec0ce27e89047c882785279c3f00623I.png\" \/><\/div>\n<\/div>\n<\/div>\n<\/div>\n<\/div>\n<\/div>\n<\/div>","protected":false},"excerpt":{"rendered":"<p>Scelleuse automatique de cartons crois\u00e9s<\/p>","protected":false},"featured_media":2758,"comment_status":"closed","ping_status":"closed","template":"","meta":[],"product_brand":[],"product_cat":[116,97],"product_tag":[],"class_list":{"0":"post-2962","1":"product","2":"type-product","3":"status-publish","4":"has-post-thumbnail","6":"product_cat-carton-sealing-machine","7":"product_cat-sealing-machines","9":"first","10":"instock","11":"sale","12":"purchasable","13":"product-type-simple"},"yoast_head":"<!-- This site is optimized with the Yoast SEO Premium plugin v20.9 (Yoast SEO v26.5) - https:\/\/yoast.com\/wordpress\/plugins\/seo\/ -->\n<title>Automatic cross carton sealing machine DQFXC5045X Packaging production line - ALF PACK<\/title>\n<meta name=\"robots\" content=\"index, follow, max-snippet:-1, max-image-preview:large, max-video-preview:-1\" \/>\n<link rel=\"canonical\" href=\"https:\/\/alfequipment.com\/fr\/product\/machine-automatique-a-sceller-les-cartons-croises-dqfxc5045x-ligne-de-production-demballages\/\" \/>\n<meta property=\"og:locale\" content=\"fr_FR\" \/>\n<meta property=\"og:type\" content=\"article\" \/>\n<meta property=\"og:title\" content=\"Automatic cross carton sealing machine DQFXC5045X Packaging production line\" \/>\n<meta property=\"og:description\" content=\"Automatic Cross Carton Sealer\" \/>\n<meta property=\"og:url\" content=\"https:\/\/alfequipment.com\/fr\/product\/machine-automatique-a-sceller-les-cartons-croises-dqfxc5045x-ligne-de-production-demballages\/\" \/>\n<meta property=\"og:site_name\" content=\"ALF PACK\" \/>\n<meta property=\"article:modified_time\" content=\"2025-10-04T11:43:08+00:00\" \/>\n<meta property=\"og:image\" content=\"https:\/\/alfequipment.com\/wp-content\/uploads\/2025\/01\/Automatic-cross-carton-sealing-machine-DQFXC5045X-Packaging.jpg\" \/>\n\t<meta property=\"og:image:width\" content=\"1000\" \/>\n\t<meta property=\"og:image:height\" content=\"1000\" \/>\n\t<meta property=\"og:image:type\" content=\"image\/webp\" \/>\n<meta name=\"twitter:card\" content=\"summary_large_image\" \/>\n<meta name=\"twitter:label1\" content=\"Dur\u00e9e de lecture estim\u00e9e\" \/>\n\t<meta name=\"twitter:data1\" content=\"3 minutes\" \/>\n<script type=\"application\/ld+json\" class=\"yoast-schema-graph\">{\"@context\":\"https:\/\/schema.org\",\"@graph\":[{\"@type\":\"WebPage\",\"@id\":\"https:\/\/alfequipment.com\/product\/automatic-cross-carton-sealing-machine-dqfxc5045x-packaging-production-line\/\",\"url\":\"https:\/\/alfequipment.com\/product\/automatic-cross-carton-sealing-machine-dqfxc5045x-packaging-production-line\/\",\"name\":\"Automatic cross carton sealing machine DQFXC5045X Packaging production line - ALF PACK\",\"isPartOf\":{\"@id\":\"https:\/\/alfequipment.com\/#website\"},\"primaryImageOfPage\":{\"@id\":\"https:\/\/alfequipment.com\/product\/automatic-cross-carton-sealing-machine-dqfxc5045x-packaging-production-line\/#primaryimage\"},\"image\":{\"@id\":\"https:\/\/alfequipment.com\/product\/automatic-cross-carton-sealing-machine-dqfxc5045x-packaging-production-line\/#primaryimage\"},\"thumbnailUrl\":\"https:\/\/alfequipment.com\/wp-content\/uploads\/2025\/01\/Automatic-cross-carton-sealing-machine-DQFXC5045X-Packaging.jpg\",\"datePublished\":\"2024-12-30T02:06:59+00:00\",\"dateModified\":\"2025-10-04T11:43:08+00:00\",\"breadcrumb\":{\"@id\":\"https:\/\/alfequipment.com\/product\/automatic-cross-carton-sealing-machine-dqfxc5045x-packaging-production-line\/#breadcrumb\"},\"inLanguage\":\"fr-FR\",\"potentialAction\":[{\"@type\":\"ReadAction\",\"target\":[\"https:\/\/alfequipment.com\/product\/automatic-cross-carton-sealing-machine-dqfxc5045x-packaging-production-line\/\"]}]},{\"@type\":\"ImageObject\",\"inLanguage\":\"fr-FR\",\"@id\":\"https:\/\/alfequipment.com\/product\/automatic-cross-carton-sealing-machine-dqfxc5045x-packaging-production-line\/#primaryimage\",\"url\":\"https:\/\/alfequipment.com\/wp-content\/uploads\/2025\/01\/Automatic-cross-carton-sealing-machine-DQFXC5045X-Packaging.jpg\",\"contentUrl\":\"https:\/\/alfequipment.com\/wp-content\/uploads\/2025\/01\/Automatic-cross-carton-sealing-machine-DQFXC5045X-Packaging.jpg\",\"width\":1000,\"height\":1000},{\"@type\":\"BreadcrumbList\",\"@id\":\"https:\/\/alfequipment.com\/product\/automatic-cross-carton-sealing-machine-dqfxc5045x-packaging-production-line\/#breadcrumb\",\"itemListElement\":[{\"@type\":\"ListItem\",\"position\":1,\"name\":\"Home\",\"item\":\"https:\/\/alfequipment.com\/\"},{\"@type\":\"ListItem\",\"position\":2,\"name\":\"Shop\",\"item\":\"https:\/\/alfequipment.com\/shop\/\"},{\"@type\":\"ListItem\",\"position\":3,\"name\":\"Automatic cross carton sealing machine DQFXC5045X Packaging production line\"}]},{\"@type\":\"WebSite\",\"@id\":\"https:\/\/alfequipment.com\/#website\",\"url\":\"https:\/\/alfequipment.com\/\",\"name\":\"ALF PACK\",\"description\":\"\",\"publisher\":{\"@id\":\"https:\/\/alfequipment.com\/#organization\"},\"potentialAction\":[{\"@type\":\"SearchAction\",\"target\":{\"@type\":\"EntryPoint\",\"urlTemplate\":\"https:\/\/alfequipment.com\/?s={search_term_string}\"},\"query-input\":{\"@type\":\"PropertyValueSpecification\",\"valueRequired\":true,\"valueName\":\"search_term_string\"}}],\"inLanguage\":\"fr-FR\"},{\"@type\":\"Organization\",\"@id\":\"https:\/\/alfequipment.com\/#organization\",\"name\":\"ALF PACK\",\"url\":\"https:\/\/alfequipment.com\/\",\"logo\":{\"@type\":\"ImageObject\",\"inLanguage\":\"fr-FR\",\"@id\":\"https:\/\/alfequipment.com\/#\/schema\/logo\/image\/\",\"url\":\"https:\/\/alfequipment.com\/wp-content\/uploads\/2024\/11\/ALFlogo-2.webp\",\"contentUrl\":\"https:\/\/alfequipment.com\/wp-content\/uploads\/2024\/11\/ALFlogo-2.webp\",\"width\":758,\"height\":750,\"caption\":\"ALF PACK\"},\"image\":{\"@id\":\"https:\/\/alfequipment.com\/#\/schema\/logo\/image\/\"}}]}<\/script>\n<!-- \/ Yoast SEO Premium plugin. -->","yoast_head_json":{"title":"Scelleuse automatique de cartons crois\u00e9s DQFXC5045X Ligne de production d'emballages - ALF PACK","robots":{"index":"index","follow":"follow","max-snippet":"max-snippet:-1","max-image-preview":"max-image-preview:large","max-video-preview":"max-video-preview:-1"},"canonical":"https:\/\/alfequipment.com\/fr\/product\/machine-automatique-a-sceller-les-cartons-croises-dqfxc5045x-ligne-de-production-demballages\/","og_locale":"fr_FR","og_type":"article","og_title":"Automatic cross carton sealing machine DQFXC5045X Packaging production line","og_description":"Automatic Cross Carton Sealer","og_url":"https:\/\/alfequipment.com\/fr\/product\/machine-automatique-a-sceller-les-cartons-croises-dqfxc5045x-ligne-de-production-demballages\/","og_site_name":"ALF PACK","article_modified_time":"2025-10-04T11:43:08+00:00","og_image":[{"width":1000,"height":1000,"url":"https:\/\/alfequipment.com\/wp-content\/uploads\/2025\/01\/Automatic-cross-carton-sealing-machine-DQFXC5045X-Packaging.jpg","type":"image\/webp"}],"twitter_card":"summary_large_image","twitter_misc":{"Dur\u00e9e de lecture estim\u00e9e":"3 minutes"},"schema":{"@context":"https:\/\/schema.org","@graph":[{"@type":"WebPage","@id":"https:\/\/alfequipment.com\/product\/automatic-cross-carton-sealing-machine-dqfxc5045x-packaging-production-line\/","url":"https:\/\/alfequipment.com\/product\/automatic-cross-carton-sealing-machine-dqfxc5045x-packaging-production-line\/","name":"Scelleuse automatique de cartons crois\u00e9s DQFXC5045X Ligne de production d'emballages - ALF PACK","isPartOf":{"@id":"https:\/\/alfequipment.com\/#website"},"primaryImageOfPage":{"@id":"https:\/\/alfequipment.com\/product\/automatic-cross-carton-sealing-machine-dqfxc5045x-packaging-production-line\/#primaryimage"},"image":{"@id":"https:\/\/alfequipment.com\/product\/automatic-cross-carton-sealing-machine-dqfxc5045x-packaging-production-line\/#primaryimage"},"thumbnailUrl":"https:\/\/alfequipment.com\/wp-content\/uploads\/2025\/01\/Automatic-cross-carton-sealing-machine-DQFXC5045X-Packaging.jpg","datePublished":"2024-12-30T02:06:59+00:00","dateModified":"2025-10-04T11:43:08+00:00","breadcrumb":{"@id":"https:\/\/alfequipment.com\/product\/automatic-cross-carton-sealing-machine-dqfxc5045x-packaging-production-line\/#breadcrumb"},"inLanguage":"fr-FR","potentialAction":[{"@type":"ReadAction","target":["https:\/\/alfequipment.com\/product\/automatic-cross-carton-sealing-machine-dqfxc5045x-packaging-production-line\/"]}]},{"@type":"ImageObject","inLanguage":"fr-FR","@id":"https:\/\/alfequipment.com\/product\/automatic-cross-carton-sealing-machine-dqfxc5045x-packaging-production-line\/#primaryimage","url":"https:\/\/alfequipment.com\/wp-content\/uploads\/2025\/01\/Automatic-cross-carton-sealing-machine-DQFXC5045X-Packaging.jpg","contentUrl":"https:\/\/alfequipment.com\/wp-content\/uploads\/2025\/01\/Automatic-cross-carton-sealing-machine-DQFXC5045X-Packaging.jpg","width":1000,"height":1000},{"@type":"BreadcrumbList","@id":"https:\/\/alfequipment.com\/product\/automatic-cross-carton-sealing-machine-dqfxc5045x-packaging-production-line\/#breadcrumb","itemListElement":[{"@type":"ListItem","position":1,"name":"Home","item":"https:\/\/alfequipment.com\/"},{"@type":"ListItem","position":2,"name":"Shop","item":"https:\/\/alfequipment.com\/shop\/"},{"@type":"ListItem","position":3,"name":"Automatic cross carton sealing machine DQFXC5045X Packaging production line"}]},{"@type":"WebSite","@id":"https:\/\/alfequipment.com\/#website","url":"https:\/\/alfequipment.com\/","name":"PACK ALF","description":"","publisher":{"@id":"https:\/\/alfequipment.com\/#organization"},"potentialAction":[{"@type":"SearchAction","target":{"@type":"EntryPoint","urlTemplate":"https:\/\/alfequipment.com\/?s={search_term_string}"},"query-input":{"@type":"PropertyValueSpecification","valueRequired":true,"valueName":"search_term_string"}}],"inLanguage":"fr-FR"},{"@type":"Organization","@id":"https:\/\/alfequipment.com\/#organization","name":"PACK ALF","url":"https:\/\/alfequipment.com\/","logo":{"@type":"ImageObject","inLanguage":"fr-FR","@id":"https:\/\/alfequipment.com\/#\/schema\/logo\/image\/","url":"https:\/\/alfequipment.com\/wp-content\/uploads\/2024\/11\/ALFlogo-2.webp","contentUrl":"https:\/\/alfequipment.com\/wp-content\/uploads\/2024\/11\/ALFlogo-2.webp","width":758,"height":750,"caption":"ALF PACK"},"image":{"@id":"https:\/\/alfequipment.com\/#\/schema\/logo\/image\/"}}]}},"_links":{"self":[{"href":"https:\/\/alfequipment.com\/fr\/wp-json\/wp\/v2\/product\/2962","targetHints":{"allow":["GET"]}}],"collection":[{"href":"https:\/\/alfequipment.com\/fr\/wp-json\/wp\/v2\/product"}],"about":[{"href":"https:\/\/alfequipment.com\/fr\/wp-json\/wp\/v2\/types\/product"}],"replies":[{"embeddable":true,"href":"https:\/\/alfequipment.com\/fr\/wp-json\/wp\/v2\/comments?post=2962"}],"version-history":[{"count":1,"href":"https:\/\/alfequipment.com\/fr\/wp-json\/wp\/v2\/product\/2962\/revisions"}],"predecessor-version":[{"id":3960,"href":"https:\/\/alfequipment.com\/fr\/wp-json\/wp\/v2\/product\/2962\/revisions\/3960"}],"wp:featuredmedia":[{"embeddable":true,"href":"https:\/\/alfequipment.com\/fr\/wp-json\/wp\/v2\/media\/2758"}],"wp:attachment":[{"href":"https:\/\/alfequipment.com\/fr\/wp-json\/wp\/v2\/media?parent=2962"}],"wp:term":[{"taxonomy":"product_brand","embeddable":true,"href":"https:\/\/alfequipment.com\/fr\/wp-json\/wp\/v2\/product_brand?post=2962"},{"taxonomy":"product_cat","embeddable":true,"href":"https:\/\/alfequipment.com\/fr\/wp-json\/wp\/v2\/product_cat?post=2962"},{"taxonomy":"product_tag","embeddable":true,"href":"https:\/\/alfequipment.com\/fr\/wp-json\/wp\/v2\/product_tag?post=2962"}],"curies":[{"name":"wp","href":"https:\/\/api.w.org\/{rel}","templated":true}]}}