{"id":2964,"date":"2024-12-22T00:49:20","date_gmt":"2024-12-22T00:49:20","guid":{"rendered":"https:\/\/alfequipment.com\/product\/fxj5050az-automatic-fold-carton-sealer-folding-box-sealing-machine-and-dba200-automatic-strapping-machine\/"},"modified":"2025-01-13T14:43:03","modified_gmt":"2025-01-13T14:43:03","slug":"scelleuse-automatique-de-boites-pliantes-fxj5050az-et-cercleuse-automatique-dba200","status":"publish","type":"product","link":"https:\/\/alfequipment.com\/fr\/product\/scelleuse-automatique-de-boites-pliantes-fxj5050az-et-cercleuse-automatique-dba200\/","title":{"rendered":"FXJ5050AZ Scelleuse automatique de bo\u00eetes pliantes et DBA200 Cercleuse automatique"},"content":{"rendered":"<div data-magic-global=\"%7B%22bizId%22%3A17179933680%2C%22pageId%22%3A21099766985%2C%22siteId%22%3A5005331025%7D\" id=\"detail_decorate_root\">\n<div module-id=\"29842332956\" module-title=\"detailProductNavigation\" render=\"true\" class=\"J_module\">\n<div id=\"ali-anchor-AliMagic-vcfnc3\" data-section=\"AliMagic-vcfnc3\" data-section-title=\"Product Description\" class=\"magic-0\">1. la machine automatique \u00e0 sceller les cartons pli\u00e9s FXJ5050AZ et la machine automatique \u00e0 cercler DBA200 sont principalement utilis\u00e9es pour sceller et emballer les cartons, et peuvent \u00eatre utilis\u00e9es ind\u00e9pendamment ou en tant que partie n\u00e9cessaire d'une ligne de production.<\/div>\n<\/div>\n<div module-id=\"29842332957\" module-title=\"detailTextWithTitle\" render=\"true\" class=\"J_module\">\n<div class=\"detail-decorate-json-renderer-container\">\n<div class=\"magic-1\">\n<div class=\"magic-4\">\n<div class=\"magic-5\">\n<div class=\"magic-6\">\n<p class=\"magic-7\">2. la bande transporteuse est mont\u00e9e \u00e0 gauche et \u00e0 droite.<\/p>\n<p class=\"magic-7\"><\/p>\n<p class=\"magic-7\">3. le carton est transmis par les deux c\u00f4t\u00e9s des bandes transporteuses.<\/p>\n<p class=\"magic-7\">4. r\u00e9gler manuellement la hauteur et la largeur de scellage en fonction de la taille du carton, puis placer le carton sur la table de travail, et le carton sera transmis et scell\u00e9 avec du ruban adh\u00e9sif automatiquement en m\u00eame temps.<\/p>\n<p class=\"magic-7\"><\/p>\n<p class=\"magic-7\">5. le carton peut \u00eatre cercl\u00e9 par une bande de cerclage, ce qui rend le carton plus solide.<\/p>\n<p class=\"magic-7\"><\/p>\n<p class=\"magic-7\">6. la cercleuse peut \u00eatre command\u00e9e pour cercler une ou deux fois en actionnant le bouton sur le panneau.<\/p>\n<\/p><\/div>\n<\/p><\/div>\n<\/p><\/div>\n<\/p><\/div>\n<\/p><\/div>\n<\/p><\/div>\n<div module-id=\"29842332958\" module-title=\"detailTableHorizontal\" render=\"true\" class=\"J_module\">\n<div class=\"ife-detail-decorate-table\">\n<table class=\"has-title all magic-8\">\n<tbody>\n<tr>\n<td colspan=\"1\" rowspan=\"1\">\n<div class=\"magic-9\">\n        Mod\u00e8le\n       <\/div>\n<\/td>\n<td colspan=\"1\" rowspan=\"1\">\n<div class=\"magic-10\">\n        FXJ5050AZ\n       <\/div>\n<\/td>\n<td colspan=\"1\" rowspan=\"1\">\n<div class=\"magic-11\">\n        Mod\u00e8le\n       <\/div>\n<\/td>\n<td colspan=\"1\" rowspan=\"1\">\n<div class=\"magic-12\">\n        DBA200\n       <\/div>\n<\/td>\n<\/tr>\n<tr>\n<td colspan=\"1\" rowspan=\"1\">\n<div class=\"magic-9\">\n        Source d'alimentation\n       <\/div>\n<\/td>\n<td colspan=\"1\" rowspan=\"1\">\n<div class=\"magic-10\">\n        AC220V\/50HZ ; 110V,60HZ, 400W\n       <\/div>\n<\/td>\n<td colspan=\"1\" rowspan=\"1\">\n<div class=\"magic-11\">\n        Source d'alimentation\n       <\/div>\n<\/td>\n<td colspan=\"1\" rowspan=\"1\">\n<div class=\"magic-12\">\n        380V 50HZ, 850W\n       <\/div>\n<\/td>\n<\/tr>\n<tr>\n<td colspan=\"1\" rowspan=\"1\">\n<div class=\"magic-9\">\n        Capacit\u00e9 d'\u00e9tanch\u00e9it\u00e9\n       <\/div>\n<\/td>\n<td colspan=\"1\" rowspan=\"1\">\n<div class=\"magic-10\">\n        Environ 1000 caisses standard par heure\n       <\/div>\n<\/td>\n<td colspan=\"1\" rowspan=\"1\">\n<div class=\"magic-11\">\n        Taille maximale du cerclage&nbsp;\n       <\/div>\n<\/td>\n<td colspan=\"1\" rowspan=\"1\">\n<div class=\"magic-12\">\n        850*650mm (L*H)\n       <\/div>\n<\/td>\n<\/tr>\n<tr>\n<td colspan=\"1\" rowspan=\"1\">\n<div class=\"magic-9\">\n        Largeur du ruban adh\u00e9sif\n       <\/div>\n<\/td>\n<td colspan=\"1\" rowspan=\"1\">\n<div class=\"magic-10\">\n        48 mm, 60 mm\n       <\/div>\n<\/td>\n<td colspan=\"1\" rowspan=\"1\">\n<div class=\"magic-11\">\n        Taille minimale du cerclage&nbsp;\n       <\/div>\n<\/td>\n<td colspan=\"1\" rowspan=\"1\">\n<div class=\"magic-12\">\n        100*30mm (L*H)\n       <\/div>\n<\/td>\n<\/tr>\n<tr>\n<td colspan=\"1\" rowspan=\"1\">\n<div class=\"magic-9\">\n        Mode de transmission\n       <\/div>\n<\/td>\n<td colspan=\"1\" rowspan=\"1\">\n<div class=\"magic-10\">\n        Convoyeur lat\u00e9ral\n       <\/div>\n<\/td>\n<td colspan=\"1\" rowspan=\"1\">\n<div class=\"magic-11\">\n        Vitesse de cerclage\n       <\/div>\n<\/td>\n<td colspan=\"1\" rowspan=\"1\">\n<div class=\"magic-12\">\n        26pcs\/min\n       <\/div>\n<\/td>\n<\/tr>\n<tr>\n<td colspan=\"1\" rowspan=\"1\">\n<div class=\"magic-9\">\n        Taille maximale d'\u00e9tanch\u00e9it\u00e9&nbsp;\n       <\/div>\n<\/td>\n<td colspan=\"1\" rowspan=\"1\">\n<div class=\"magic-10\">\n        L600*L500*H500mm\n       <\/div>\n<\/td>\n<td colspan=\"1\" rowspan=\"1\">\n<div class=\"magic-11\">\n        Hauteur de la table de travail\n       <\/div>\n<\/td>\n<td colspan=\"1\" rowspan=\"1\">\n<div class=\"magic-12\">\n        820 mm\n       <\/div>\n<\/td>\n<\/tr>\n<tr>\n<td colspan=\"1\" rowspan=\"1\">\n<div class=\"magic-9\">\n        Taille minimale d'\u00e9tanch\u00e9it\u00e9\n       <\/div>\n<\/td>\n<td colspan=\"1\" rowspan=\"1\">\n<div class=\"magic-10\">\n        L180*L130*H130mm\n       <\/div>\n<\/td>\n<td colspan=\"1\" rowspan=\"1\">\n<div class=\"magic-11\">\n        Taille de la machine\n       <\/div>\n<\/td>\n<td colspan=\"1\" rowspan=\"1\">\n<div class=\"magic-12\">\n        600*1412*1540mm\n       <\/div>\n<\/td>\n<\/tr>\n<tr>\n<td colspan=\"1\" rowspan=\"1\">\n<div class=\"magic-9\">\n        Taille de la machine\n       <\/div>\n<\/td>\n<td colspan=\"1\" rowspan=\"1\">\n<div class=\"magic-10\">\n        1685*90*1400~1600mm\n       <\/div>\n<\/td>\n<td colspan=\"1\" rowspan=\"1\">\n<div class=\"magic-11\"><\/div>\n<\/td>\n<td colspan=\"1\" rowspan=\"1\">\n<div class=\"magic-12\"><\/div>\n<\/td>\n<\/tr>\n<\/tbody>\n<\/table><\/div>\n<\/p><\/div>\n<div module-id=\"29842332959\" module-title=\"detailSingleImage\" render=\"true\" class=\"J_module\">\n<div class=\"icbu-pc-images magic-13\">\n<div>\n<div class=\"flex-layout-v\">\n<div class=\"flex-layout-h magic-13\">\n<div class=\"magic-14\">\n       <img decoding=\"async\" src=\"https:\/\/sc04.alicdn.com\/kf\/Haa86ae2abb2949ecbee859da7244c636p\/64496\/Haa86ae2abb2949ecbee859da7244c636p.jpg\" class=\"aligncenter\">\n      <\/div>\n<\/p><\/div>\n<\/p><\/div>\n<\/p><\/div>\n<\/p><\/div>\n<\/p><\/div>\n<div module-id=\"29833428656\" module-title=\"detailSingleImage\" render=\"true\" class=\"J_module\">\n<div class=\"icbu-pc-images magic-13\">\n<div>\n<div class=\"flex-layout-v\">\n<div class=\"flex-layout-h magic-13\">\n<div class=\"magic-16\">\n       <img decoding=\"async\" src=\"https:\/\/sc04.alicdn.com\/kf\/H831169b4cd234484a5cd020b6a8e2677N\/64496\/H831169b4cd234484a5cd020b6a8e2677N.jpg\" class=\"aligncenter\">\n      <\/div>\n<\/p><\/div>\n<\/p><\/div>\n<\/p><\/div>\n<\/p><\/div>\n<\/p><\/div>\n<div module-id=\"29842332960\" module-title=\"detailVerticalImages\" render=\"true\" class=\"J_module\">\n<div class=\"icbu-pc-images magic-13\">\n<div>\n<div class=\"flex-layout-v\">\n<div class=\"magic-18\">\n      <img decoding=\"async\" src=\"https:\/\/sc04.alicdn.com\/kf\/He5088347897f461ba8f81f497c5915327\/64496\/He5088347897f461ba8f81f497c5915327.jpg\" class=\"aligncenter\">\n     <\/div>\n<div class=\"flex-layout-h magic-13\">\n<div class=\"magic-20\">\n       <img decoding=\"async\" src=\"https:\/\/sc04.alicdn.com\/kf\/H327a286f902d43cdb04c9afdcbd57751O\/64496\/H327a286f902d43cdb04c9afdcbd57751O.jpg\" class=\"aligncenter\">\n      <\/div>\n<div class=\"magic-22\">\n       <img decoding=\"async\" src=\"https:\/\/sc04.alicdn.com\/kf\/H756acf6f09664d4cb3c3fb0684897aa1l\/64496\/H756acf6f09664d4cb3c3fb0684897aa1l.jpg\" class=\"aligncenter\">\n      <\/div>\n<\/p><\/div>\n<\/p><\/div>\n<\/p><\/div>\n<\/p><\/div>\n<\/p><\/div>\n<div module-id=\"29842332961\" module-title=\"detailSingleImage\" render=\"true\" class=\"J_module\">\n<div class=\"icbu-pc-images magic-13\">\n<div>\n<div class=\"flex-layout-v\">\n<div class=\"flex-layout-h magic-13\">\n<div class=\"magic-23\">\n       <img decoding=\"async\" src=\"https:\/\/sc02.alicdn.com\/kf\/HTB1SIUbacrrK1RjSspaq6AREXXat\/64496\/HTB1SIUbacrrK1RjSspaq6AREXXat.jpg\" class=\"aligncenter\">\n      <\/div>\n<\/p><\/div>\n<\/p><\/div>\n<\/p><\/div>\n<\/p><\/div>\n<\/p><\/div>\n<div module-id=\"29842332962\" module-title=\"detailSingleImage\" render=\"true\" class=\"J_module\">\n<div class=\"icbu-pc-images magic-13\">\n<div>\n<div class=\"flex-layout-v\">\n<div class=\"flex-layout-h magic-13\">\n<div class=\"magic-25\">\n       <img decoding=\"async\" src=\"https:\/\/sc01.alicdn.com\/kf\/HTB1Hxr9acfrK1RkSmLyq6xGApXaC\/64496\/HTB1Hxr9acfrK1RkSmLyq6xGApXaC.jpg\" class=\"aligncenter\">\n      <\/div>\n<\/p><\/div>\n<\/p><\/div>\n<\/p><\/div>\n<\/p><\/div>\n<\/p><\/div>\n<\/div>","protected":false},"excerpt":{"rendered":"<p>Scelleuse automatique de cartons pli\u00e9s avec cerclage<\/p>","protected":false},"featured_media":2762,"comment_status":"closed","ping_status":"open","template":"","meta":[],"product_brand":[],"product_cat":[116,97],"product_tag":[],"class_list":{"0":"post-2964","1":"product","2":"type-product","3":"status-publish","4":"has-post-thumbnail","6":"product_cat-carton-sealing-machine","7":"product_cat-sealing-machines","9":"first","10":"instock","11":"sale","12":"purchasable","13":"product-type-simple"},"yoast_head":"<!-- This site is optimized with the Yoast SEO Premium plugin v20.9 (Yoast SEO v26.5) - https:\/\/yoast.com\/wordpress\/plugins\/seo\/ -->\n<title>FXJ5050AZ Automatic Fold Carton sealer folding box sealing machine and DBA200 Automatic strapping machine - ALF PACK<\/title>\n<meta name=\"robots\" content=\"index, follow, max-snippet:-1, max-image-preview:large, max-video-preview:-1\" \/>\n<link rel=\"canonical\" href=\"https:\/\/alfequipment.com\/fr\/product\/scelleuse-automatique-de-boites-pliantes-fxj5050az-et-cercleuse-automatique-dba200\/\" \/>\n<meta property=\"og:locale\" content=\"fr_FR\" \/>\n<meta property=\"og:type\" content=\"article\" \/>\n<meta property=\"og:title\" content=\"FXJ5050AZ Automatic Fold Carton sealer folding box sealing machine and DBA200 Automatic strapping machine\" \/>\n<meta property=\"og:description\" content=\"Automatic Fold Carton Sealer With Strapping Machine\" \/>\n<meta property=\"og:url\" content=\"https:\/\/alfequipment.com\/fr\/product\/scelleuse-automatique-de-boites-pliantes-fxj5050az-et-cercleuse-automatique-dba200\/\" \/>\n<meta property=\"og:site_name\" content=\"ALF PACK\" \/>\n<meta property=\"article:modified_time\" content=\"2025-01-13T14:43:03+00:00\" \/>\n<meta property=\"og:image\" content=\"https:\/\/alfequipment.com\/wp-content\/uploads\/2025\/01\/FXJ5050AZ-Automatic-Fold-Carton-sealer-folding-box.jpg\" \/>\n\t<meta property=\"og:image:width\" content=\"1014\" \/>\n\t<meta property=\"og:image:height\" content=\"1000\" \/>\n\t<meta property=\"og:image:type\" content=\"image\/webp\" \/>\n<meta name=\"twitter:card\" content=\"summary_large_image\" \/>\n<meta name=\"twitter:label1\" content=\"Dur\u00e9e de lecture estim\u00e9e\" \/>\n\t<meta name=\"twitter:data1\" content=\"1 minute\" \/>\n<script type=\"application\/ld+json\" class=\"yoast-schema-graph\">{\"@context\":\"https:\/\/schema.org\",\"@graph\":[{\"@type\":\"WebPage\",\"@id\":\"https:\/\/alfequipment.com\/product\/fxj5050az-automatic-fold-carton-sealer-folding-box-sealing-machine-and-dba200-automatic-strapping-machine\/\",\"url\":\"https:\/\/alfequipment.com\/product\/fxj5050az-automatic-fold-carton-sealer-folding-box-sealing-machine-and-dba200-automatic-strapping-machine\/\",\"name\":\"FXJ5050AZ Automatic Fold Carton sealer folding box sealing machine and DBA200 Automatic strapping machine - ALF PACK\",\"isPartOf\":{\"@id\":\"https:\/\/alfequipment.com\/#website\"},\"primaryImageOfPage\":{\"@id\":\"https:\/\/alfequipment.com\/product\/fxj5050az-automatic-fold-carton-sealer-folding-box-sealing-machine-and-dba200-automatic-strapping-machine\/#primaryimage\"},\"image\":{\"@id\":\"https:\/\/alfequipment.com\/product\/fxj5050az-automatic-fold-carton-sealer-folding-box-sealing-machine-and-dba200-automatic-strapping-machine\/#primaryimage\"},\"thumbnailUrl\":\"https:\/\/alfequipment.com\/wp-content\/uploads\/2025\/01\/FXJ5050AZ-Automatic-Fold-Carton-sealer-folding-box.jpg\",\"datePublished\":\"2024-12-22T00:49:20+00:00\",\"dateModified\":\"2025-01-13T14:43:03+00:00\",\"breadcrumb\":{\"@id\":\"https:\/\/alfequipment.com\/product\/fxj5050az-automatic-fold-carton-sealer-folding-box-sealing-machine-and-dba200-automatic-strapping-machine\/#breadcrumb\"},\"inLanguage\":\"fr-FR\",\"potentialAction\":[{\"@type\":\"ReadAction\",\"target\":[\"https:\/\/alfequipment.com\/product\/fxj5050az-automatic-fold-carton-sealer-folding-box-sealing-machine-and-dba200-automatic-strapping-machine\/\"]}]},{\"@type\":\"ImageObject\",\"inLanguage\":\"fr-FR\",\"@id\":\"https:\/\/alfequipment.com\/product\/fxj5050az-automatic-fold-carton-sealer-folding-box-sealing-machine-and-dba200-automatic-strapping-machine\/#primaryimage\",\"url\":\"https:\/\/alfequipment.com\/wp-content\/uploads\/2025\/01\/FXJ5050AZ-Automatic-Fold-Carton-sealer-folding-box.jpg\",\"contentUrl\":\"https:\/\/alfequipment.com\/wp-content\/uploads\/2025\/01\/FXJ5050AZ-Automatic-Fold-Carton-sealer-folding-box.jpg\",\"width\":1014,\"height\":1000},{\"@type\":\"BreadcrumbList\",\"@id\":\"https:\/\/alfequipment.com\/product\/fxj5050az-automatic-fold-carton-sealer-folding-box-sealing-machine-and-dba200-automatic-strapping-machine\/#breadcrumb\",\"itemListElement\":[{\"@type\":\"ListItem\",\"position\":1,\"name\":\"Home\",\"item\":\"https:\/\/alfequipment.com\/\"},{\"@type\":\"ListItem\",\"position\":2,\"name\":\"Shop\",\"item\":\"https:\/\/alfequipment.com\/shop\/\"},{\"@type\":\"ListItem\",\"position\":3,\"name\":\"FXJ5050AZ Automatic Fold Carton sealer folding box sealing machine and DBA200 Automatic strapping machine\"}]},{\"@type\":\"WebSite\",\"@id\":\"https:\/\/alfequipment.com\/#website\",\"url\":\"https:\/\/alfequipment.com\/\",\"name\":\"ALF PACK\",\"description\":\"\",\"publisher\":{\"@id\":\"https:\/\/alfequipment.com\/#organization\"},\"potentialAction\":[{\"@type\":\"SearchAction\",\"target\":{\"@type\":\"EntryPoint\",\"urlTemplate\":\"https:\/\/alfequipment.com\/?s={search_term_string}\"},\"query-input\":{\"@type\":\"PropertyValueSpecification\",\"valueRequired\":true,\"valueName\":\"search_term_string\"}}],\"inLanguage\":\"fr-FR\"},{\"@type\":\"Organization\",\"@id\":\"https:\/\/alfequipment.com\/#organization\",\"name\":\"ALF PACK\",\"url\":\"https:\/\/alfequipment.com\/\",\"logo\":{\"@type\":\"ImageObject\",\"inLanguage\":\"fr-FR\",\"@id\":\"https:\/\/alfequipment.com\/#\/schema\/logo\/image\/\",\"url\":\"https:\/\/alfequipment.com\/wp-content\/uploads\/2024\/11\/ALFlogo-2.webp\",\"contentUrl\":\"https:\/\/alfequipment.com\/wp-content\/uploads\/2024\/11\/ALFlogo-2.webp\",\"width\":758,\"height\":750,\"caption\":\"ALF PACK\"},\"image\":{\"@id\":\"https:\/\/alfequipment.com\/#\/schema\/logo\/image\/\"}}]}<\/script>\n<!-- \/ Yoast SEO Premium plugin. -->","yoast_head_json":{"title":"FXJ5050AZ Scelleuse automatique de bo\u00eetes pliantes et DBA200 Cercleuse automatique - ALF PACK","robots":{"index":"index","follow":"follow","max-snippet":"max-snippet:-1","max-image-preview":"max-image-preview:large","max-video-preview":"max-video-preview:-1"},"canonical":"https:\/\/alfequipment.com\/fr\/product\/scelleuse-automatique-de-boites-pliantes-fxj5050az-et-cercleuse-automatique-dba200\/","og_locale":"fr_FR","og_type":"article","og_title":"FXJ5050AZ Automatic Fold Carton sealer folding box sealing machine and DBA200 Automatic strapping machine","og_description":"Automatic Fold Carton Sealer With Strapping Machine","og_url":"https:\/\/alfequipment.com\/fr\/product\/scelleuse-automatique-de-boites-pliantes-fxj5050az-et-cercleuse-automatique-dba200\/","og_site_name":"ALF PACK","article_modified_time":"2025-01-13T14:43:03+00:00","og_image":[{"width":1014,"height":1000,"url":"https:\/\/alfequipment.com\/wp-content\/uploads\/2025\/01\/FXJ5050AZ-Automatic-Fold-Carton-sealer-folding-box.jpg","type":"image\/webp"}],"twitter_card":"summary_large_image","twitter_misc":{"Dur\u00e9e de lecture estim\u00e9e":"1 minute"},"schema":{"@context":"https:\/\/schema.org","@graph":[{"@type":"WebPage","@id":"https:\/\/alfequipment.com\/product\/fxj5050az-automatic-fold-carton-sealer-folding-box-sealing-machine-and-dba200-automatic-strapping-machine\/","url":"https:\/\/alfequipment.com\/product\/fxj5050az-automatic-fold-carton-sealer-folding-box-sealing-machine-and-dba200-automatic-strapping-machine\/","name":"FXJ5050AZ Scelleuse automatique de bo\u00eetes pliantes et DBA200 Cercleuse automatique - ALF PACK","isPartOf":{"@id":"https:\/\/alfequipment.com\/#website"},"primaryImageOfPage":{"@id":"https:\/\/alfequipment.com\/product\/fxj5050az-automatic-fold-carton-sealer-folding-box-sealing-machine-and-dba200-automatic-strapping-machine\/#primaryimage"},"image":{"@id":"https:\/\/alfequipment.com\/product\/fxj5050az-automatic-fold-carton-sealer-folding-box-sealing-machine-and-dba200-automatic-strapping-machine\/#primaryimage"},"thumbnailUrl":"https:\/\/alfequipment.com\/wp-content\/uploads\/2025\/01\/FXJ5050AZ-Automatic-Fold-Carton-sealer-folding-box.jpg","datePublished":"2024-12-22T00:49:20+00:00","dateModified":"2025-01-13T14:43:03+00:00","breadcrumb":{"@id":"https:\/\/alfequipment.com\/product\/fxj5050az-automatic-fold-carton-sealer-folding-box-sealing-machine-and-dba200-automatic-strapping-machine\/#breadcrumb"},"inLanguage":"fr-FR","potentialAction":[{"@type":"ReadAction","target":["https:\/\/alfequipment.com\/product\/fxj5050az-automatic-fold-carton-sealer-folding-box-sealing-machine-and-dba200-automatic-strapping-machine\/"]}]},{"@type":"ImageObject","inLanguage":"fr-FR","@id":"https:\/\/alfequipment.com\/product\/fxj5050az-automatic-fold-carton-sealer-folding-box-sealing-machine-and-dba200-automatic-strapping-machine\/#primaryimage","url":"https:\/\/alfequipment.com\/wp-content\/uploads\/2025\/01\/FXJ5050AZ-Automatic-Fold-Carton-sealer-folding-box.jpg","contentUrl":"https:\/\/alfequipment.com\/wp-content\/uploads\/2025\/01\/FXJ5050AZ-Automatic-Fold-Carton-sealer-folding-box.jpg","width":1014,"height":1000},{"@type":"BreadcrumbList","@id":"https:\/\/alfequipment.com\/product\/fxj5050az-automatic-fold-carton-sealer-folding-box-sealing-machine-and-dba200-automatic-strapping-machine\/#breadcrumb","itemListElement":[{"@type":"ListItem","position":1,"name":"Home","item":"https:\/\/alfequipment.com\/"},{"@type":"ListItem","position":2,"name":"Shop","item":"https:\/\/alfequipment.com\/shop\/"},{"@type":"ListItem","position":3,"name":"FXJ5050AZ Automatic Fold Carton sealer folding box sealing machine and DBA200 Automatic strapping machine"}]},{"@type":"WebSite","@id":"https:\/\/alfequipment.com\/#website","url":"https:\/\/alfequipment.com\/","name":"PACK ALF","description":"","publisher":{"@id":"https:\/\/alfequipment.com\/#organization"},"potentialAction":[{"@type":"SearchAction","target":{"@type":"EntryPoint","urlTemplate":"https:\/\/alfequipment.com\/?s={search_term_string}"},"query-input":{"@type":"PropertyValueSpecification","valueRequired":true,"valueName":"search_term_string"}}],"inLanguage":"fr-FR"},{"@type":"Organization","@id":"https:\/\/alfequipment.com\/#organization","name":"PACK ALF","url":"https:\/\/alfequipment.com\/","logo":{"@type":"ImageObject","inLanguage":"fr-FR","@id":"https:\/\/alfequipment.com\/#\/schema\/logo\/image\/","url":"https:\/\/alfequipment.com\/wp-content\/uploads\/2024\/11\/ALFlogo-2.webp","contentUrl":"https:\/\/alfequipment.com\/wp-content\/uploads\/2024\/11\/ALFlogo-2.webp","width":758,"height":750,"caption":"ALF PACK"},"image":{"@id":"https:\/\/alfequipment.com\/#\/schema\/logo\/image\/"}}]}},"_links":{"self":[{"href":"https:\/\/alfequipment.com\/fr\/wp-json\/wp\/v2\/product\/2964","targetHints":{"allow":["GET"]}}],"collection":[{"href":"https:\/\/alfequipment.com\/fr\/wp-json\/wp\/v2\/product"}],"about":[{"href":"https:\/\/alfequipment.com\/fr\/wp-json\/wp\/v2\/types\/product"}],"replies":[{"embeddable":true,"href":"https:\/\/alfequipment.com\/fr\/wp-json\/wp\/v2\/comments?post=2964"}],"version-history":[{"count":0,"href":"https:\/\/alfequipment.com\/fr\/wp-json\/wp\/v2\/product\/2964\/revisions"}],"wp:featuredmedia":[{"embeddable":true,"href":"https:\/\/alfequipment.com\/fr\/wp-json\/wp\/v2\/media\/2762"}],"wp:attachment":[{"href":"https:\/\/alfequipment.com\/fr\/wp-json\/wp\/v2\/media?parent=2964"}],"wp:term":[{"taxonomy":"product_brand","embeddable":true,"href":"https:\/\/alfequipment.com\/fr\/wp-json\/wp\/v2\/product_brand?post=2964"},{"taxonomy":"product_cat","embeddable":true,"href":"https:\/\/alfequipment.com\/fr\/wp-json\/wp\/v2\/product_cat?post=2964"},{"taxonomy":"product_tag","embeddable":true,"href":"https:\/\/alfequipment.com\/fr\/wp-json\/wp\/v2\/product_tag?post=2964"}],"curies":[{"name":"wp","href":"https:\/\/api.w.org\/{rel}","templated":true}]}}