{"id":2969,"date":"2024-12-22T13:09:45","date_gmt":"2024-12-22T13:09:45","guid":{"rendered":"https:\/\/alfequipment.com\/product\/hw-450-hand-wrapper-food-fruit-packaging-machine\/"},"modified":"2025-01-13T13:09:22","modified_gmt":"2025-01-13T13:09:22","slug":"hw-450-machine-demballage-manuel-de-fruits-alimentaires","status":"publish","type":"product","link":"https:\/\/alfequipment.com\/fr\/product\/hw-450-machine-demballage-manuel-de-fruits-alimentaires\/","title":{"rendered":"HW-450 Machine \u00e0 emballer les fruits \u00e0 la main"},"content":{"rendered":"<p><span style=\"font-family: Verdana, Arial, Helvetica, sans-serif;\">HW-450 Hand Wrapper,Caract\u00e9ristiques :  Les films sont utilis\u00e9s pour emballer les aliments, les fruits, etc. Cette machine est facile \u00e0 utiliser et tr\u00e8s efficace. Cette machine est facile \u00e0 utiliser et tr\u00e8s efficace. Elle permet de conserver la fra\u00eecheur des aliments et d'\u00e9viter l'\u00e9vaporation de l'eau. Elle pr\u00e9serve \u00e9galement les aliments des odeurs dans les entrep\u00f4ts frigorifiques. Elle permet de prolonger la p\u00e9riode de validit\u00e9 des stocks froids et d'am\u00e9liorer la qualit\u00e9 des produits stock\u00e9s.<\/span><\/p>\n<p>&nbsp;<\/p>\n<p><span style=\"font-size: 16px;\">Sp\u00e9cification :<\/span><\/p>\n<table class=\"aliDataTable\" style=\"font-style: normal; font-weight: normal; font-size: 14px; line-height: 21px; font-family: tahoma,arial,sans-serif; color: #404040;\" border=\"1\" cellspacing=\"0\" cellpadding=\"0\">\n<tbody>\n<tr align=\"left\">\n<td style=\"width: 104.4pt;\" valign=\"top\">\n<p><span style=\"font-size: 14px;\"><span style=\"line-height: normal;\">Mod\u00e8le<\/span><\/span><\/p>\n<\/td>\n<td style=\"width: 144pt;\" valign=\"top\">\n<p><span style=\"font-size: 14px;\">HW-450<\/span><\/p>\n<\/td>\n<\/tr>\n<tr align=\"left\">\n<td valign=\"top\">\n<p><span style=\"font-size: 14px;\"><span style=\"line-height: normal;\">Tension<\/span><\/span><\/p>\n<\/td>\n<td valign=\"top\">\n<p><span style=\"font-size: 14px;\">220V 55HZ<\/span><\/p>\n<\/td>\n<\/tr>\n<tr align=\"left\">\n<td valign=\"top\">\n<p><span style=\"font-style: normal; font-weight: normal; font-size: 14px; line-height: normal;\">Puissance<\/span><\/p>\n<\/td>\n<td valign=\"top\">\n<p><span style=\"font-size: 14px;\">270W<\/span><\/p>\n<\/td>\n<\/tr>\n<tr align=\"left\">\n<td valign=\"top\">\n<p><span style=\"font-size: 14px;\"><span style=\"line-height: normal;\">Largeur de scellement<\/span><\/span><\/p>\n<\/td>\n<td valign=\"top\">\n<p><span style=\"font-size: 14px;\">450mm<\/span><\/p>\n<\/td>\n<\/tr>\n<tr align=\"left\">\n<td valign=\"top\">\n<p><span style=\"font-size: 14px;\"><span style=\"line-height: normal;\">Temp<\/span><\/span><\/p>\n<\/td>\n<td valign=\"top\">\n<p><span style=\"font-size: 14px;\">50\u00b0C-140\u00b0C<\/span><\/p>\n<\/td>\n<\/tr>\n<tr align=\"left\">\n<td valign=\"top\">\n<p><span style=\"font-size: 14px;\"><span style=\"line-height: normal;\">Dimension<\/span><\/span><\/p>\n<\/td>\n<td valign=\"top\">\n<p><span style=\"font-style: normal; font-size: 14px; line-height: normal; font-family: verdana;\">540*680*200mm<\/span><\/p>\n<\/td>\n<\/tr>\n<\/tbody>\n<\/table>\n<p>&nbsp;<\/p>\n<p>&nbsp;<\/p>\n<p><img decoding=\"async\" src=\"https:\/\/sc01.alicdn.com\/kf\/H79bb6d05a7ab4bd9b1a0e37c887404ecC.jpg\" data-alt=\"HW-450 Hand Wrapper Food Fruit Packaging Machine\" data-width=\"195\" data-height=\"202\" style=\"width: 236px; height: 210px;\" ori-width=\"750\" ori-height=\"562\" class=\"aligncenter\"><\/p>\n<p>&nbsp;<\/p>\n<p><img decoding=\"async\" src=\"https:\/\/sc01.alicdn.com\/kf\/HTB1F9q9FVXXXXaGXFXXq6xXFXXXL\/64496\/HTB1F9q9FVXXXXaGXFXXq6xXFXXXL.jpg\" data-alt=\"HW-450 Hand Wrapper Food Fruit Packaging Machine\" style=\"width: 519px; height: 347px;\" ori-width=\"650\" ori-height=\"488\" class=\"aligncenter\"><\/p>\n<p><img decoding=\"async\" src=\"https:\/\/sc01.alicdn.com\/kf\/HTB1pRfaFVXXXXciXXXXq6xXFXXXg\/64496\/HTB1pRfaFVXXXXciXXXXq6xXFXXXg.jpg\" data-alt=\"HW-450 Hand Wrapper Food Fruit Packaging Machine\" style=\"width: 518px; height: 389px;\" ori-width=\"1000\" ori-height=\"750\" class=\"aligncenter\"><\/p>\n<p><img decoding=\"async\" src=\"https:\/\/sc01.alicdn.com\/kf\/HTB14k6cFVXXXXbbXXXXq6xXFXXXK\/64496\/HTB14k6cFVXXXXbbXXXXq6xXFXXXK.jpg\" data-alt=\"HW-450 Hand Wrapper Food Fruit Packaging Machine\" style=\"width: 331px; height: 248px;\" ori-width=\"1000\" ori-height=\"750\" class=\"aligncenter\"><img decoding=\"async\" src=\"https:\/\/sc01.alicdn.com\/kf\/HTB12xa5FVXXXXXjXVXXq6xXFXXX6\/64496\/HTB12xa5FVXXXXXjXVXXq6xXFXXX6.jpg\" data-alt=\"HW-450 Hand Wrapper Food Fruit Packaging Machine\" style=\"width: 328px; height: 248px;\" ori-width=\"1000\" ori-height=\"750\" class=\"aligncenter\"><\/p>\n<p>&nbsp;<\/p><\/p>","protected":false},"excerpt":{"rendered":"<p>Machine d'emballage \u00e0 main Hw-450<\/p>","protected":false},"featured_media":2772,"comment_status":"closed","ping_status":"open","template":"","meta":[],"product_brand":[],"product_cat":[97],"product_tag":[],"class_list":{"0":"post-2969","1":"product","2":"type-product","3":"status-publish","4":"has-post-thumbnail","6":"product_cat-sealing-machines","8":"first","9":"instock","10":"sale","11":"purchasable","12":"product-type-simple"},"yoast_head":"<!-- This site is optimized with the Yoast SEO Premium plugin v20.9 (Yoast SEO v26.5) - https:\/\/yoast.com\/wordpress\/plugins\/seo\/ -->\n<title>HW-450 Hand Wrapper Food Fruit Packaging Machine - ALF PACK<\/title>\n<meta name=\"robots\" content=\"index, follow, max-snippet:-1, max-image-preview:large, max-video-preview:-1\" \/>\n<link rel=\"canonical\" href=\"https:\/\/alfequipment.com\/fr\/product\/hw-450-machine-demballage-manuel-de-fruits-alimentaires\/\" \/>\n<meta property=\"og:locale\" content=\"fr_FR\" \/>\n<meta property=\"og:type\" content=\"article\" \/>\n<meta property=\"og:title\" content=\"HW-450 Hand Wrapper Food Fruit Packaging Machine\" \/>\n<meta property=\"og:description\" content=\"Hw-450 Hand Wrapper Packaging Machine\" \/>\n<meta property=\"og:url\" content=\"https:\/\/alfequipment.com\/fr\/product\/hw-450-machine-demballage-manuel-de-fruits-alimentaires\/\" \/>\n<meta property=\"og:site_name\" content=\"ALF PACK\" \/>\n<meta property=\"article:modified_time\" content=\"2025-01-13T13:09:22+00:00\" \/>\n<meta property=\"og:image\" content=\"https:\/\/alfequipment.com\/wp-content\/uploads\/2025\/01\/HW-450-Hand-Wrapper-Food-Fruit-Packaging.jpg\" \/>\n\t<meta property=\"og:image:width\" content=\"800\" \/>\n\t<meta property=\"og:image:height\" content=\"800\" \/>\n\t<meta property=\"og:image:type\" content=\"image\/webp\" \/>\n<meta name=\"twitter:card\" content=\"summary_large_image\" \/>\n<script type=\"application\/ld+json\" class=\"yoast-schema-graph\">{\"@context\":\"https:\/\/schema.org\",\"@graph\":[{\"@type\":\"WebPage\",\"@id\":\"https:\/\/alfequipment.com\/product\/hw-450-hand-wrapper-food-fruit-packaging-machine\/\",\"url\":\"https:\/\/alfequipment.com\/product\/hw-450-hand-wrapper-food-fruit-packaging-machine\/\",\"name\":\"HW-450 Hand Wrapper Food Fruit Packaging Machine - ALF PACK\",\"isPartOf\":{\"@id\":\"https:\/\/alfequipment.com\/#website\"},\"primaryImageOfPage\":{\"@id\":\"https:\/\/alfequipment.com\/product\/hw-450-hand-wrapper-food-fruit-packaging-machine\/#primaryimage\"},\"image\":{\"@id\":\"https:\/\/alfequipment.com\/product\/hw-450-hand-wrapper-food-fruit-packaging-machine\/#primaryimage\"},\"thumbnailUrl\":\"https:\/\/alfequipment.com\/wp-content\/uploads\/2025\/01\/HW-450-Hand-Wrapper-Food-Fruit-Packaging.jpg\",\"datePublished\":\"2024-12-22T13:09:45+00:00\",\"dateModified\":\"2025-01-13T13:09:22+00:00\",\"breadcrumb\":{\"@id\":\"https:\/\/alfequipment.com\/product\/hw-450-hand-wrapper-food-fruit-packaging-machine\/#breadcrumb\"},\"inLanguage\":\"fr-FR\",\"potentialAction\":[{\"@type\":\"ReadAction\",\"target\":[\"https:\/\/alfequipment.com\/product\/hw-450-hand-wrapper-food-fruit-packaging-machine\/\"]}]},{\"@type\":\"ImageObject\",\"inLanguage\":\"fr-FR\",\"@id\":\"https:\/\/alfequipment.com\/product\/hw-450-hand-wrapper-food-fruit-packaging-machine\/#primaryimage\",\"url\":\"https:\/\/alfequipment.com\/wp-content\/uploads\/2025\/01\/HW-450-Hand-Wrapper-Food-Fruit-Packaging.jpg\",\"contentUrl\":\"https:\/\/alfequipment.com\/wp-content\/uploads\/2025\/01\/HW-450-Hand-Wrapper-Food-Fruit-Packaging.jpg\",\"width\":800,\"height\":800},{\"@type\":\"BreadcrumbList\",\"@id\":\"https:\/\/alfequipment.com\/product\/hw-450-hand-wrapper-food-fruit-packaging-machine\/#breadcrumb\",\"itemListElement\":[{\"@type\":\"ListItem\",\"position\":1,\"name\":\"Home\",\"item\":\"https:\/\/alfequipment.com\/\"},{\"@type\":\"ListItem\",\"position\":2,\"name\":\"Shop\",\"item\":\"https:\/\/alfequipment.com\/shop\/\"},{\"@type\":\"ListItem\",\"position\":3,\"name\":\"HW-450 Hand Wrapper Food Fruit Packaging Machine\"}]},{\"@type\":\"WebSite\",\"@id\":\"https:\/\/alfequipment.com\/#website\",\"url\":\"https:\/\/alfequipment.com\/\",\"name\":\"ALF PACK\",\"description\":\"\",\"publisher\":{\"@id\":\"https:\/\/alfequipment.com\/#organization\"},\"potentialAction\":[{\"@type\":\"SearchAction\",\"target\":{\"@type\":\"EntryPoint\",\"urlTemplate\":\"https:\/\/alfequipment.com\/?s={search_term_string}\"},\"query-input\":{\"@type\":\"PropertyValueSpecification\",\"valueRequired\":true,\"valueName\":\"search_term_string\"}}],\"inLanguage\":\"fr-FR\"},{\"@type\":\"Organization\",\"@id\":\"https:\/\/alfequipment.com\/#organization\",\"name\":\"ALF PACK\",\"url\":\"https:\/\/alfequipment.com\/\",\"logo\":{\"@type\":\"ImageObject\",\"inLanguage\":\"fr-FR\",\"@id\":\"https:\/\/alfequipment.com\/#\/schema\/logo\/image\/\",\"url\":\"https:\/\/alfequipment.com\/wp-content\/uploads\/2024\/11\/ALFlogo-2.webp\",\"contentUrl\":\"https:\/\/alfequipment.com\/wp-content\/uploads\/2024\/11\/ALFlogo-2.webp\",\"width\":758,\"height\":750,\"caption\":\"ALF PACK\"},\"image\":{\"@id\":\"https:\/\/alfequipment.com\/#\/schema\/logo\/image\/\"}}]}<\/script>\n<!-- \/ Yoast SEO Premium plugin. -->","yoast_head_json":{"title":"HW-450 Machine \u00e0 emballer les fruits \u00e0 la main - ALF PACK","robots":{"index":"index","follow":"follow","max-snippet":"max-snippet:-1","max-image-preview":"max-image-preview:large","max-video-preview":"max-video-preview:-1"},"canonical":"https:\/\/alfequipment.com\/fr\/product\/hw-450-machine-demballage-manuel-de-fruits-alimentaires\/","og_locale":"fr_FR","og_type":"article","og_title":"HW-450 Hand Wrapper Food Fruit Packaging Machine","og_description":"Hw-450 Hand Wrapper Packaging Machine","og_url":"https:\/\/alfequipment.com\/fr\/product\/hw-450-machine-demballage-manuel-de-fruits-alimentaires\/","og_site_name":"ALF PACK","article_modified_time":"2025-01-13T13:09:22+00:00","og_image":[{"width":800,"height":800,"url":"https:\/\/alfequipment.com\/wp-content\/uploads\/2025\/01\/HW-450-Hand-Wrapper-Food-Fruit-Packaging.jpg","type":"image\/webp"}],"twitter_card":"summary_large_image","schema":{"@context":"https:\/\/schema.org","@graph":[{"@type":"WebPage","@id":"https:\/\/alfequipment.com\/product\/hw-450-hand-wrapper-food-fruit-packaging-machine\/","url":"https:\/\/alfequipment.com\/product\/hw-450-hand-wrapper-food-fruit-packaging-machine\/","name":"HW-450 Machine \u00e0 emballer les fruits \u00e0 la main - ALF PACK","isPartOf":{"@id":"https:\/\/alfequipment.com\/#website"},"primaryImageOfPage":{"@id":"https:\/\/alfequipment.com\/product\/hw-450-hand-wrapper-food-fruit-packaging-machine\/#primaryimage"},"image":{"@id":"https:\/\/alfequipment.com\/product\/hw-450-hand-wrapper-food-fruit-packaging-machine\/#primaryimage"},"thumbnailUrl":"https:\/\/alfequipment.com\/wp-content\/uploads\/2025\/01\/HW-450-Hand-Wrapper-Food-Fruit-Packaging.jpg","datePublished":"2024-12-22T13:09:45+00:00","dateModified":"2025-01-13T13:09:22+00:00","breadcrumb":{"@id":"https:\/\/alfequipment.com\/product\/hw-450-hand-wrapper-food-fruit-packaging-machine\/#breadcrumb"},"inLanguage":"fr-FR","potentialAction":[{"@type":"ReadAction","target":["https:\/\/alfequipment.com\/product\/hw-450-hand-wrapper-food-fruit-packaging-machine\/"]}]},{"@type":"ImageObject","inLanguage":"fr-FR","@id":"https:\/\/alfequipment.com\/product\/hw-450-hand-wrapper-food-fruit-packaging-machine\/#primaryimage","url":"https:\/\/alfequipment.com\/wp-content\/uploads\/2025\/01\/HW-450-Hand-Wrapper-Food-Fruit-Packaging.jpg","contentUrl":"https:\/\/alfequipment.com\/wp-content\/uploads\/2025\/01\/HW-450-Hand-Wrapper-Food-Fruit-Packaging.jpg","width":800,"height":800},{"@type":"BreadcrumbList","@id":"https:\/\/alfequipment.com\/product\/hw-450-hand-wrapper-food-fruit-packaging-machine\/#breadcrumb","itemListElement":[{"@type":"ListItem","position":1,"name":"Home","item":"https:\/\/alfequipment.com\/"},{"@type":"ListItem","position":2,"name":"Shop","item":"https:\/\/alfequipment.com\/shop\/"},{"@type":"ListItem","position":3,"name":"HW-450 Hand Wrapper Food Fruit Packaging Machine"}]},{"@type":"WebSite","@id":"https:\/\/alfequipment.com\/#website","url":"https:\/\/alfequipment.com\/","name":"PACK ALF","description":"","publisher":{"@id":"https:\/\/alfequipment.com\/#organization"},"potentialAction":[{"@type":"SearchAction","target":{"@type":"EntryPoint","urlTemplate":"https:\/\/alfequipment.com\/?s={search_term_string}"},"query-input":{"@type":"PropertyValueSpecification","valueRequired":true,"valueName":"search_term_string"}}],"inLanguage":"fr-FR"},{"@type":"Organization","@id":"https:\/\/alfequipment.com\/#organization","name":"PACK ALF","url":"https:\/\/alfequipment.com\/","logo":{"@type":"ImageObject","inLanguage":"fr-FR","@id":"https:\/\/alfequipment.com\/#\/schema\/logo\/image\/","url":"https:\/\/alfequipment.com\/wp-content\/uploads\/2024\/11\/ALFlogo-2.webp","contentUrl":"https:\/\/alfequipment.com\/wp-content\/uploads\/2024\/11\/ALFlogo-2.webp","width":758,"height":750,"caption":"ALF PACK"},"image":{"@id":"https:\/\/alfequipment.com\/#\/schema\/logo\/image\/"}}]}},"_links":{"self":[{"href":"https:\/\/alfequipment.com\/fr\/wp-json\/wp\/v2\/product\/2969","targetHints":{"allow":["GET"]}}],"collection":[{"href":"https:\/\/alfequipment.com\/fr\/wp-json\/wp\/v2\/product"}],"about":[{"href":"https:\/\/alfequipment.com\/fr\/wp-json\/wp\/v2\/types\/product"}],"replies":[{"embeddable":true,"href":"https:\/\/alfequipment.com\/fr\/wp-json\/wp\/v2\/comments?post=2969"}],"version-history":[{"count":0,"href":"https:\/\/alfequipment.com\/fr\/wp-json\/wp\/v2\/product\/2969\/revisions"}],"wp:featuredmedia":[{"embeddable":true,"href":"https:\/\/alfequipment.com\/fr\/wp-json\/wp\/v2\/media\/2772"}],"wp:attachment":[{"href":"https:\/\/alfequipment.com\/fr\/wp-json\/wp\/v2\/media?parent=2969"}],"wp:term":[{"taxonomy":"product_brand","embeddable":true,"href":"https:\/\/alfequipment.com\/fr\/wp-json\/wp\/v2\/product_brand?post=2969"},{"taxonomy":"product_cat","embeddable":true,"href":"https:\/\/alfequipment.com\/fr\/wp-json\/wp\/v2\/product_cat?post=2969"},{"taxonomy":"product_tag","embeddable":true,"href":"https:\/\/alfequipment.com\/fr\/wp-json\/wp\/v2\/product_tag?post=2969"}],"curies":[{"name":"wp","href":"https:\/\/api.w.org\/{rel}","templated":true}]}}