{"id":2970,"date":"2024-12-22T09:23:16","date_gmt":"2024-12-22T09:23:16","guid":{"rendered":"https:\/\/alfequipment.com\/product\/low-price-dql5545d-automatic-l-bar-sealer-l-type-sealing-packaging-machine-and-dsb4522-shrink-tunnel-packager\/"},"modified":"2025-01-14T02:50:30","modified_gmt":"2025-01-14T02:50:30","slug":"dql5545d-dql5545d-scelleuse-automatique-de-barres-en-l-scelleuse-de-type-l-et-dsb4522-tunnel-de-retraction","status":"publish","type":"product","link":"https:\/\/alfequipment.com\/fr\/product\/dql5545d-dql5545d-scelleuse-automatique-de-barres-en-l-scelleuse-de-type-l-et-dsb4522-tunnel-de-retraction\/","title":{"rendered":"Machine \u00e0 sceller en L automatique DQL5545D Machine \u00e0 sceller en L et DSB4522 Tunnel de r\u00e9traction"},"content":{"rendered":"<div data-magic-global=\"%7B%22bizId%22%3A17179933680%2C%22pageId%22%3A21090404657%2C%22siteId%22%3A5005331025%7D\" id=\"detail_decorate_root\">\n<div module-id=\"29610534350\" module-title=\"detailProductNavigation\" render=\"true\" class=\"J_module\">\n<div id=\"ali-anchor-AliMagic-1vlfs8\" data-section=\"AliMagic-1vlfs8\" data-section-title=\"Product Description\" class=\"magic-0\">Caract\u00e9ristiques de la soudeuse automatique en L DQL5545D :<\/div>\n<\/div>\n<div module-id=\"29610534351\" module-title=\"detailTextWithTitle\" render=\"true\" class=\"J_module\">\n<div class=\"detail-decorate-json-renderer-container\">\n<div class=\"magic-1\">\n<div class=\"magic-4\">\n<div class=\"magic-5\">\n<div class=\"magic-6\">\n<p class=\"magic-7\">1. Le couteau de scellage adopte un alliage de cuivre pulv\u00e9ris\u00e9 avec du T\u00e9flon, il ne colle pas au film, le scelle rapidement, sans fum\u00e9e, sans pollution. Les couteaux de scellage horizontaux et verticaux adoptent une connexion compl\u00e8te sans espace, le film ne se casse pas. Le cadre de scellage adopte un alliage d'acier de haute qualit\u00e9, la qualit\u00e9 de scellage est stable, le cadre est difficile \u00e0 endommager.<\/p>\n<p>2. La machine dispose d'un syst\u00e8me enti\u00e8rement automatique, elle est \u00e9quip\u00e9e de capteurs et peut fonctionner \u00e0 grande vitesse.<\/p>\n<p>3. Il est pratique de l'ajuster en fonction des diff\u00e9rentes tailles de produits, il suffit d'ajuster la roue de la poign\u00e9e pour l'atteindre, l'op\u00e9ration est facile.<\/p>\n<p>4. Il peut \u00eatre reli\u00e9 \u00e0 la production<\/p>\n<p>5. Il est dot\u00e9 d'une fonction de protection qui permet d'\u00e9viter une mauvaise fermeture du produit et d'assurer la s\u00e9curit\u00e9 de l'op\u00e9rateur.<\/p>\n<p>Caract\u00e9ristique du tunnel de r\u00e9traction DSB4522 :<\/p>\n<p>1. Il adopte un convoyeur \u00e0 rouleaux solides, les rouleaux \u00e9tant envelopp\u00e9s d'un tube de gel de silice \u00e0 haute temp\u00e9rature. Il peut supporter des produits lourds et difficiles \u00e0 abraser (vous pouvez choisir un convoyeur de type filet).<\/p>\n<p>2. Il adopte un moteur de ventilateur \u00e0 haute puissance pour garantir un vent suffisamment fort afin d'obtenir un effet d'emballage parfait.<\/p>\n<p class=\"magic-7\"><\/p>\n<p class=\"magic-7\">3. Il est dot\u00e9 d'une fen\u00eatre visuelle, ce qui est pratique pour l'observation.<\/p>\n<p>Application :<br \/>Cette machine est largement utilis\u00e9e dans l'emballage r\u00e9tractable des produits alimentaires, des boissons, de l'imprimerie, des produits pharmaceutiques, des sols, de la quincaillerie et d'autres industries. Elle convient aux mat\u00e9riaux d'emballage POF.<\/p>\n<\/p><\/div>\n<\/p><\/div>\n<\/p><\/div>\n<\/p><\/div>\n<\/p><\/div>\n<\/p><\/div>\n<div module-id=\"29610534352\" module-title=\"detailTableHorizontal\" render=\"true\" class=\"J_module\">\n<div class=\"ife-detail-decorate-table\">\n<table class=\"has-title all magic-8\">\n<tbody>\n<tr>\n<td colspan=\"1\" rowspan=\"1\">\n<div class=\"magic-9\">\n        Mod\u00e8le\n       <\/div>\n<\/td>\n<td colspan=\"1\" rowspan=\"1\">\n<div class=\"magic-10\">\n        DQL5545D\n       <\/div>\n<\/td>\n<td colspan=\"1\" rowspan=\"1\">\n<div class=\"magic-11\">\n        DSB4522\n       <\/div>\n<\/td>\n<\/tr>\n<tr>\n<td colspan=\"1\" rowspan=\"1\">\n<div class=\"magic-9\">\n        \u00c9nergie thermique horizontale\n       <\/div>\n<\/td>\n<td colspan=\"1\" rowspan=\"1\">\n<div class=\"magic-10\">\n        800W\n       <\/div>\n<\/td>\n<td colspan=\"1\" rowspan=\"1\">\n<div class=\"magic-11\">\n        9,2KW\n       <\/div>\n<\/td>\n<\/tr>\n<tr>\n<td colspan=\"1\" rowspan=\"1\">\n<div class=\"magic-9\">\n        \u00c9nergie thermique verticale\n       <\/div>\n<\/td>\n<td colspan=\"1\" rowspan=\"1\">\n<div class=\"magic-10\">\n        1000W\n       <\/div>\n<\/td>\n<td colspan=\"1\" rowspan=\"1\">\n<div class=\"magic-11\"><\/div>\n<\/td>\n<\/tr>\n<tr>\n<td colspan=\"1\" rowspan=\"1\">\n<div class=\"magic-9\">\n        Tension\n       <\/div>\n<\/td>\n<td colspan=\"1\" rowspan=\"1\">\n<div class=\"magic-10\">\n        220V 50\/60HZ\n       <\/div>\n<\/td>\n<td colspan=\"1\" rowspan=\"1\">\n<div class=\"magic-11\">\n        380V 50HZ\/60HZ\n       <\/div>\n<\/td>\n<\/tr>\n<tr>\n<td colspan=\"1\" rowspan=\"1\">\n<div class=\"magic-9\">\n        Dur\u00e9e d'\u00e9tanch\u00e9it\u00e9\n       <\/div>\n<\/td>\n<td colspan=\"1\" rowspan=\"1\">\n<div class=\"magic-10\">\n        0.2-1.0s\n       <\/div>\n<\/td>\n<td colspan=\"1\" rowspan=\"1\">\n<div class=\"magic-11\">\n        Vitesse : 0-12m\/min\n       <\/div>\n<\/td>\n<\/tr>\n<tr>\n<td colspan=\"1\" rowspan=\"1\">\n<div class=\"magic-9\">\n        \u00c9paisseur du film\n       <\/div>\n<\/td>\n<td colspan=\"1\" rowspan=\"1\">\n<div class=\"magic-10\">\n        0,012-0,06mm\n       <\/div>\n<\/td>\n<td colspan=\"1\" rowspan=\"1\">\n<div class=\"magic-11\"><\/div>\n<\/td>\n<\/tr>\n<tr>\n<td colspan=\"1\" rowspan=\"1\">\n<div class=\"magic-9\">\n        Compresseur de travail\n       <\/div>\n<\/td>\n<td colspan=\"1\" rowspan=\"1\">\n<div class=\"magic-10\">\n        5-6mpa\n       <\/div>\n<\/td>\n<td colspan=\"1\" rowspan=\"1\">\n<div class=\"magic-11\"><\/div>\n<\/td>\n<\/tr>\n<tr>\n<td colspan=\"1\" rowspan=\"1\">\n<div class=\"magic-9\">\n        Taille maximale de l'emballage\n       <\/div>\n<\/td>\n<td colspan=\"1\" rowspan=\"1\">\n<div class=\"magic-10\">\n        L+2H\u2264550mm;L+2H\u2264330mm;H \u2264140mm\n       <\/div>\n<\/td>\n<td colspan=\"1\" rowspan=\"1\">\n<div class=\"magic-11\"><\/div>\n<\/td>\n<\/tr>\n<tr>\n<td colspan=\"1\" rowspan=\"1\">\n<div class=\"magic-9\">\n        Taille maximale d'\u00e9tanch\u00e9it\u00e9\n       <\/div>\n<\/td>\n<td colspan=\"1\" rowspan=\"1\">\n<div class=\"magic-10\">\n        L550\u00d7L450\n       <\/div>\n<\/td>\n<td colspan=\"1\" rowspan=\"1\">\n<div class=\"magic-11\">\n        Poids de chargement : 10 kg\n       <\/div>\n<\/td>\n<\/tr>\n<tr>\n<td colspan=\"1\" rowspan=\"1\">\n<div class=\"magic-9\">\n        Capacit\u00e9\n       <\/div>\n<\/td>\n<td colspan=\"1\" rowspan=\"1\">\n<div class=\"magic-10\">\n        0-25 pcs\/min\n       <\/div>\n<\/td>\n<td colspan=\"1\" rowspan=\"1\">\n<div class=\"magic-11\">\n        0-10 m\/min\n       <\/div>\n<\/td>\n<\/tr>\n<tr>\n<td colspan=\"1\" rowspan=\"1\">\n<div class=\"magic-9\">\n        Temp\u00e9rature de scellement\n       <\/div>\n<\/td>\n<td colspan=\"1\" rowspan=\"1\">\n<div class=\"magic-10\">\n        180\u00e2-250\u00e2 en fonction de l'\u00e9paisseur du film et de la temp\u00e9rature ambiante\n       <\/div>\n<\/td>\n<td colspan=\"1\" rowspan=\"1\">\n<div class=\"magic-11\">\n        \/\n       <\/div>\n<\/td>\n<\/tr>\n<tr>\n<td colspan=\"1\" rowspan=\"1\">\n<div class=\"magic-9\">\n        Mat\u00e9riau d'emballage\n       <\/div>\n<\/td>\n<td colspan=\"1\" rowspan=\"1\">\n<div class=\"magic-10\">\n        PE POF PVC\n       <\/div>\n<\/td>\n<td colspan=\"1\" rowspan=\"1\">\n<div class=\"magic-11\">\n        \/\n       <\/div>\n<\/td>\n<\/tr>\n<tr>\n<td colspan=\"1\" rowspan=\"1\">\n<div class=\"magic-9\">\n        Poids de la machine (kg)\n       <\/div>\n<\/td>\n<td colspan=\"1\" rowspan=\"1\">\n<div class=\"magic-10\">\n        280\n       <\/div>\n<\/td>\n<td colspan=\"1\" rowspan=\"1\">\n<div class=\"magic-11\">\n         Taille du tunnel 1200*450*220\n       <\/div>\n<\/td>\n<\/tr>\n<tr>\n<td colspan=\"1\" rowspan=\"1\">\n<div class=\"magic-12\">\n        Taille de la machine (mm)\n       <\/div>\n<\/td>\n<td colspan=\"1\" rowspan=\"1\">\n<div class=\"magic-13\">\n        1680*840*1475\n       <\/div>\n<\/td>\n<td colspan=\"1\" rowspan=\"1\">\n<div class=\"magic-14\">\n        1621*714*1335\n       <\/div>\n<\/td>\n<\/tr>\n<\/tbody>\n<\/table><\/div>\n<\/p><\/div>\n<div module-id=\"29597904566\" module-title=\"detailSingleImage\" render=\"true\" class=\"J_module\">\n<div class=\"icbu-pc-images magic-15\">\n<div>\n<div class=\"flex-layout-v\">\n<div class=\"flex-layout-h magic-15\">\n<div class=\"magic-16\">\n       <img decoding=\"async\" src=\"https:\/\/sc04.alicdn.com\/kf\/Hfa60834db1c645b2b401ba926c9a0f542\/64496\/Hfa60834db1c645b2b401ba926c9a0f542.png\" class=\"aligncenter\">\n      <\/div>\n<\/p><\/div>\n<\/p><\/div>\n<\/p><\/div>\n<\/p><\/div>\n<\/p><\/div>\n<div module-id=\"29597904567\" module-title=\"detailSingleImage\" render=\"true\" class=\"J_module\">\n<div class=\"icbu-pc-images magic-15\">\n<div>\n<div class=\"flex-layout-v\">\n<div class=\"flex-layout-h magic-15\">\n<div class=\"magic-18\">\n       <img decoding=\"async\" src=\"https:\/\/sc04.alicdn.com\/kf\/Hb8580bd9c1c8482aa5cf8b97cbe98b9dZ\/64496\/Hb8580bd9c1c8482aa5cf8b97cbe98b9dZ.png\" class=\"aligncenter\">\n      <\/div>\n<\/p><\/div>\n<\/p><\/div>\n<\/p><\/div>\n<\/p><\/div>\n<\/p><\/div>\n<div module-id=\"29597904568\" module-title=\"detailTwoImages\" render=\"true\" class=\"J_module\">\n<div class=\"icbu-pc-images magic-15\">\n<div>\n<div class=\"flex-layout-v\">\n<div class=\"flex-layout-h magic-15\">\n<div class=\"magic-20\">\n       <img decoding=\"async\" src=\"https:\/\/sc04.alicdn.com\/kf\/Hd5251e5636c24c1bbab88a1aecdf986cv\/64496\/Hd5251e5636c24c1bbab88a1aecdf986cv.png\" class=\"aligncenter\">\n      <\/div>\n<div class=\"magic-22\">\n       <img decoding=\"async\" src=\"https:\/\/sc04.alicdn.com\/kf\/Hbf4800e3b04543b9b23a3932acc86edeL\/64496\/Hbf4800e3b04543b9b23a3932acc86edeL.png\" class=\"aligncenter\">\n      <\/div>\n<\/p><\/div>\n<\/p><\/div>\n<\/p><\/div>\n<\/p><\/div>\n<\/p><\/div>\n<div module-id=\"29597904569\" module-title=\"detailTwoImages\" render=\"true\" class=\"J_module\">\n<div class=\"icbu-pc-images magic-15\">\n<div>\n<div class=\"flex-layout-v\">\n<div class=\"flex-layout-h magic-15\">\n<div class=\"magic-24\">\n       <img decoding=\"async\" src=\"https:\/\/sc04.alicdn.com\/kf\/H469b74216f98490f98da706f8aaf4716c\/64496\/H469b74216f98490f98da706f8aaf4716c.png\" class=\"aligncenter\">\n      <\/div>\n<div class=\"magic-26\">\n       <img decoding=\"async\" src=\"https:\/\/sc04.alicdn.com\/kf\/Hfaa77b6744454ad3b3eaf898e8aa668dU\/64496\/Hfaa77b6744454ad3b3eaf898e8aa668dU.png\" class=\"aligncenter\">\n      <\/div>\n<\/p><\/div>\n<\/p><\/div>\n<\/p><\/div>\n<\/p><\/div>\n<\/p><\/div>\n<div module-id=\"29597904570\" module-title=\"detailTwoImages\" render=\"true\" class=\"J_module\">\n<div class=\"icbu-pc-images magic-15\">\n<div>\n<div class=\"flex-layout-v\">\n<div class=\"flex-layout-h magic-15\">\n<div class=\"magic-20\">\n       <img decoding=\"async\" src=\"https:\/\/sc04.alicdn.com\/kf\/H27cacde1da4c403b950850c97a6e7fd5V\/64496\/H27cacde1da4c403b950850c97a6e7fd5V.png\" class=\"aligncenter\">\n      <\/div>\n<div class=\"magic-22\">\n       <img decoding=\"async\" src=\"https:\/\/sc04.alicdn.com\/kf\/H0c0bfb8df418497888b980ba1d303fc6J\/64496\/H0c0bfb8df418497888b980ba1d303fc6J.jpg\" class=\"aligncenter\">\n      <\/div>\n<\/p><\/div>\n<\/p><\/div>\n<\/p><\/div>\n<\/p><\/div>\n<\/p><\/div>\n<\/div>","protected":false},"excerpt":{"rendered":"<p>Tunnel de r\u00e9traction et scelleuse en L automatique \u00e0 prix d'usine<\/p>","protected":false},"featured_media":2774,"comment_status":"closed","ping_status":"open","template":"","meta":[],"product_brand":[],"product_cat":[122,97],"product_tag":[],"class_list":{"0":"post-2970","1":"product","2":"type-product","3":"status-publish","4":"has-post-thumbnail","6":"product_cat-l-type-sealer","7":"product_cat-sealing-machines","9":"first","10":"instock","11":"sale","12":"purchasable","13":"product-type-simple"},"yoast_head":"<!-- This site is optimized with the Yoast SEO Premium plugin v20.9 (Yoast SEO v26.5) - https:\/\/yoast.com\/wordpress\/plugins\/seo\/ -->\n<title>Low price DQL5545D Automatic L-bar Sealer L type sealing packaging machine and DSB4522 Shrink Tunnel Packager - ALF PACK<\/title>\n<meta name=\"robots\" content=\"index, follow, max-snippet:-1, max-image-preview:large, max-video-preview:-1\" \/>\n<link rel=\"canonical\" href=\"https:\/\/alfequipment.com\/fr\/product\/dql5545d-dql5545d-scelleuse-automatique-de-barres-en-l-scelleuse-de-type-l-et-dsb4522-tunnel-de-retraction\/\" \/>\n<meta property=\"og:locale\" content=\"fr_FR\" \/>\n<meta property=\"og:type\" content=\"article\" \/>\n<meta property=\"og:title\" content=\"Low price DQL5545D Automatic L-bar Sealer L type sealing packaging machine and DSB4522 Shrink Tunnel Packager\" \/>\n<meta property=\"og:description\" content=\"Factory Price Automatic L Sealer And Shrink Tunnel\" \/>\n<meta property=\"og:url\" content=\"https:\/\/alfequipment.com\/fr\/product\/dql5545d-dql5545d-scelleuse-automatique-de-barres-en-l-scelleuse-de-type-l-et-dsb4522-tunnel-de-retraction\/\" \/>\n<meta property=\"og:site_name\" content=\"ALF PACK\" \/>\n<meta property=\"article:modified_time\" content=\"2025-01-14T02:50:30+00:00\" \/>\n<meta property=\"og:image\" content=\"https:\/\/alfequipment.com\/wp-content\/uploads\/2025\/01\/Low-price-DQL5545D-Automatic-L-bar-Sealer.png\" \/>\n\t<meta property=\"og:image:width\" content=\"2000\" \/>\n\t<meta property=\"og:image:height\" content=\"2000\" \/>\n\t<meta property=\"og:image:type\" content=\"image\/webp\" \/>\n<meta name=\"twitter:card\" content=\"summary_large_image\" \/>\n<meta name=\"twitter:label1\" content=\"Dur\u00e9e de lecture estim\u00e9e\" \/>\n\t<meta name=\"twitter:data1\" content=\"1 minute\" \/>\n<script type=\"application\/ld+json\" class=\"yoast-schema-graph\">{\"@context\":\"https:\/\/schema.org\",\"@graph\":[{\"@type\":\"WebPage\",\"@id\":\"https:\/\/alfequipment.com\/product\/low-price-dql5545d-automatic-l-bar-sealer-l-type-sealing-packaging-machine-and-dsb4522-shrink-tunnel-packager\/\",\"url\":\"https:\/\/alfequipment.com\/product\/low-price-dql5545d-automatic-l-bar-sealer-l-type-sealing-packaging-machine-and-dsb4522-shrink-tunnel-packager\/\",\"name\":\"Low price DQL5545D Automatic L-bar Sealer L type sealing packaging machine and DSB4522 Shrink Tunnel Packager - ALF PACK\",\"isPartOf\":{\"@id\":\"https:\/\/alfequipment.com\/#website\"},\"primaryImageOfPage\":{\"@id\":\"https:\/\/alfequipment.com\/product\/low-price-dql5545d-automatic-l-bar-sealer-l-type-sealing-packaging-machine-and-dsb4522-shrink-tunnel-packager\/#primaryimage\"},\"image\":{\"@id\":\"https:\/\/alfequipment.com\/product\/low-price-dql5545d-automatic-l-bar-sealer-l-type-sealing-packaging-machine-and-dsb4522-shrink-tunnel-packager\/#primaryimage\"},\"thumbnailUrl\":\"https:\/\/alfequipment.com\/wp-content\/uploads\/2025\/01\/Low-price-DQL5545D-Automatic-L-bar-Sealer.png\",\"datePublished\":\"2024-12-22T09:23:16+00:00\",\"dateModified\":\"2025-01-14T02:50:30+00:00\",\"breadcrumb\":{\"@id\":\"https:\/\/alfequipment.com\/product\/low-price-dql5545d-automatic-l-bar-sealer-l-type-sealing-packaging-machine-and-dsb4522-shrink-tunnel-packager\/#breadcrumb\"},\"inLanguage\":\"fr-FR\",\"potentialAction\":[{\"@type\":\"ReadAction\",\"target\":[\"https:\/\/alfequipment.com\/product\/low-price-dql5545d-automatic-l-bar-sealer-l-type-sealing-packaging-machine-and-dsb4522-shrink-tunnel-packager\/\"]}]},{\"@type\":\"ImageObject\",\"inLanguage\":\"fr-FR\",\"@id\":\"https:\/\/alfequipment.com\/product\/low-price-dql5545d-automatic-l-bar-sealer-l-type-sealing-packaging-machine-and-dsb4522-shrink-tunnel-packager\/#primaryimage\",\"url\":\"https:\/\/alfequipment.com\/wp-content\/uploads\/2025\/01\/Low-price-DQL5545D-Automatic-L-bar-Sealer.png\",\"contentUrl\":\"https:\/\/alfequipment.com\/wp-content\/uploads\/2025\/01\/Low-price-DQL5545D-Automatic-L-bar-Sealer.png\",\"width\":2000,\"height\":2000},{\"@type\":\"BreadcrumbList\",\"@id\":\"https:\/\/alfequipment.com\/product\/low-price-dql5545d-automatic-l-bar-sealer-l-type-sealing-packaging-machine-and-dsb4522-shrink-tunnel-packager\/#breadcrumb\",\"itemListElement\":[{\"@type\":\"ListItem\",\"position\":1,\"name\":\"Home\",\"item\":\"https:\/\/alfequipment.com\/\"},{\"@type\":\"ListItem\",\"position\":2,\"name\":\"Shop\",\"item\":\"https:\/\/alfequipment.com\/shop\/\"},{\"@type\":\"ListItem\",\"position\":3,\"name\":\"Low price DQL5545D Automatic L-bar Sealer L type sealing packaging machine and DSB4522 Shrink Tunnel Packager\"}]},{\"@type\":\"WebSite\",\"@id\":\"https:\/\/alfequipment.com\/#website\",\"url\":\"https:\/\/alfequipment.com\/\",\"name\":\"ALF PACK\",\"description\":\"\",\"publisher\":{\"@id\":\"https:\/\/alfequipment.com\/#organization\"},\"potentialAction\":[{\"@type\":\"SearchAction\",\"target\":{\"@type\":\"EntryPoint\",\"urlTemplate\":\"https:\/\/alfequipment.com\/?s={search_term_string}\"},\"query-input\":{\"@type\":\"PropertyValueSpecification\",\"valueRequired\":true,\"valueName\":\"search_term_string\"}}],\"inLanguage\":\"fr-FR\"},{\"@type\":\"Organization\",\"@id\":\"https:\/\/alfequipment.com\/#organization\",\"name\":\"ALF PACK\",\"url\":\"https:\/\/alfequipment.com\/\",\"logo\":{\"@type\":\"ImageObject\",\"inLanguage\":\"fr-FR\",\"@id\":\"https:\/\/alfequipment.com\/#\/schema\/logo\/image\/\",\"url\":\"https:\/\/alfequipment.com\/wp-content\/uploads\/2024\/11\/ALFlogo-2.webp\",\"contentUrl\":\"https:\/\/alfequipment.com\/wp-content\/uploads\/2024\/11\/ALFlogo-2.webp\",\"width\":758,\"height\":750,\"caption\":\"ALF PACK\"},\"image\":{\"@id\":\"https:\/\/alfequipment.com\/#\/schema\/logo\/image\/\"}}]}<\/script>\n<!-- \/ Yoast SEO Premium plugin. -->","yoast_head_json":{"title":"Machine \u00e0 sceller en L automatique DQL5545D Machine \u00e0 sceller en L et tunnel de r\u00e9traction DSB4522 - ALF PACK","robots":{"index":"index","follow":"follow","max-snippet":"max-snippet:-1","max-image-preview":"max-image-preview:large","max-video-preview":"max-video-preview:-1"},"canonical":"https:\/\/alfequipment.com\/fr\/product\/dql5545d-dql5545d-scelleuse-automatique-de-barres-en-l-scelleuse-de-type-l-et-dsb4522-tunnel-de-retraction\/","og_locale":"fr_FR","og_type":"article","og_title":"Low price DQL5545D Automatic L-bar Sealer L type sealing packaging machine and DSB4522 Shrink Tunnel Packager","og_description":"Factory Price Automatic L Sealer And Shrink Tunnel","og_url":"https:\/\/alfequipment.com\/fr\/product\/dql5545d-dql5545d-scelleuse-automatique-de-barres-en-l-scelleuse-de-type-l-et-dsb4522-tunnel-de-retraction\/","og_site_name":"ALF PACK","article_modified_time":"2025-01-14T02:50:30+00:00","og_image":[{"width":2000,"height":2000,"url":"https:\/\/alfequipment.com\/wp-content\/uploads\/2025\/01\/Low-price-DQL5545D-Automatic-L-bar-Sealer.png","type":"image\/webp"}],"twitter_card":"summary_large_image","twitter_misc":{"Dur\u00e9e de lecture estim\u00e9e":"1 minute"},"schema":{"@context":"https:\/\/schema.org","@graph":[{"@type":"WebPage","@id":"https:\/\/alfequipment.com\/product\/low-price-dql5545d-automatic-l-bar-sealer-l-type-sealing-packaging-machine-and-dsb4522-shrink-tunnel-packager\/","url":"https:\/\/alfequipment.com\/product\/low-price-dql5545d-automatic-l-bar-sealer-l-type-sealing-packaging-machine-and-dsb4522-shrink-tunnel-packager\/","name":"Machine \u00e0 sceller en L automatique DQL5545D Machine \u00e0 sceller en L et tunnel de r\u00e9traction DSB4522 - ALF PACK","isPartOf":{"@id":"https:\/\/alfequipment.com\/#website"},"primaryImageOfPage":{"@id":"https:\/\/alfequipment.com\/product\/low-price-dql5545d-automatic-l-bar-sealer-l-type-sealing-packaging-machine-and-dsb4522-shrink-tunnel-packager\/#primaryimage"},"image":{"@id":"https:\/\/alfequipment.com\/product\/low-price-dql5545d-automatic-l-bar-sealer-l-type-sealing-packaging-machine-and-dsb4522-shrink-tunnel-packager\/#primaryimage"},"thumbnailUrl":"https:\/\/alfequipment.com\/wp-content\/uploads\/2025\/01\/Low-price-DQL5545D-Automatic-L-bar-Sealer.png","datePublished":"2024-12-22T09:23:16+00:00","dateModified":"2025-01-14T02:50:30+00:00","breadcrumb":{"@id":"https:\/\/alfequipment.com\/product\/low-price-dql5545d-automatic-l-bar-sealer-l-type-sealing-packaging-machine-and-dsb4522-shrink-tunnel-packager\/#breadcrumb"},"inLanguage":"fr-FR","potentialAction":[{"@type":"ReadAction","target":["https:\/\/alfequipment.com\/product\/low-price-dql5545d-automatic-l-bar-sealer-l-type-sealing-packaging-machine-and-dsb4522-shrink-tunnel-packager\/"]}]},{"@type":"ImageObject","inLanguage":"fr-FR","@id":"https:\/\/alfequipment.com\/product\/low-price-dql5545d-automatic-l-bar-sealer-l-type-sealing-packaging-machine-and-dsb4522-shrink-tunnel-packager\/#primaryimage","url":"https:\/\/alfequipment.com\/wp-content\/uploads\/2025\/01\/Low-price-DQL5545D-Automatic-L-bar-Sealer.png","contentUrl":"https:\/\/alfequipment.com\/wp-content\/uploads\/2025\/01\/Low-price-DQL5545D-Automatic-L-bar-Sealer.png","width":2000,"height":2000},{"@type":"BreadcrumbList","@id":"https:\/\/alfequipment.com\/product\/low-price-dql5545d-automatic-l-bar-sealer-l-type-sealing-packaging-machine-and-dsb4522-shrink-tunnel-packager\/#breadcrumb","itemListElement":[{"@type":"ListItem","position":1,"name":"Home","item":"https:\/\/alfequipment.com\/"},{"@type":"ListItem","position":2,"name":"Shop","item":"https:\/\/alfequipment.com\/shop\/"},{"@type":"ListItem","position":3,"name":"Low price DQL5545D Automatic L-bar Sealer L type sealing packaging machine and DSB4522 Shrink Tunnel Packager"}]},{"@type":"WebSite","@id":"https:\/\/alfequipment.com\/#website","url":"https:\/\/alfequipment.com\/","name":"PACK ALF","description":"","publisher":{"@id":"https:\/\/alfequipment.com\/#organization"},"potentialAction":[{"@type":"SearchAction","target":{"@type":"EntryPoint","urlTemplate":"https:\/\/alfequipment.com\/?s={search_term_string}"},"query-input":{"@type":"PropertyValueSpecification","valueRequired":true,"valueName":"search_term_string"}}],"inLanguage":"fr-FR"},{"@type":"Organization","@id":"https:\/\/alfequipment.com\/#organization","name":"PACK ALF","url":"https:\/\/alfequipment.com\/","logo":{"@type":"ImageObject","inLanguage":"fr-FR","@id":"https:\/\/alfequipment.com\/#\/schema\/logo\/image\/","url":"https:\/\/alfequipment.com\/wp-content\/uploads\/2024\/11\/ALFlogo-2.webp","contentUrl":"https:\/\/alfequipment.com\/wp-content\/uploads\/2024\/11\/ALFlogo-2.webp","width":758,"height":750,"caption":"ALF PACK"},"image":{"@id":"https:\/\/alfequipment.com\/#\/schema\/logo\/image\/"}}]}},"_links":{"self":[{"href":"https:\/\/alfequipment.com\/fr\/wp-json\/wp\/v2\/product\/2970","targetHints":{"allow":["GET"]}}],"collection":[{"href":"https:\/\/alfequipment.com\/fr\/wp-json\/wp\/v2\/product"}],"about":[{"href":"https:\/\/alfequipment.com\/fr\/wp-json\/wp\/v2\/types\/product"}],"replies":[{"embeddable":true,"href":"https:\/\/alfequipment.com\/fr\/wp-json\/wp\/v2\/comments?post=2970"}],"version-history":[{"count":0,"href":"https:\/\/alfequipment.com\/fr\/wp-json\/wp\/v2\/product\/2970\/revisions"}],"wp:featuredmedia":[{"embeddable":true,"href":"https:\/\/alfequipment.com\/fr\/wp-json\/wp\/v2\/media\/2774"}],"wp:attachment":[{"href":"https:\/\/alfequipment.com\/fr\/wp-json\/wp\/v2\/media?parent=2970"}],"wp:term":[{"taxonomy":"product_brand","embeddable":true,"href":"https:\/\/alfequipment.com\/fr\/wp-json\/wp\/v2\/product_brand?post=2970"},{"taxonomy":"product_cat","embeddable":true,"href":"https:\/\/alfequipment.com\/fr\/wp-json\/wp\/v2\/product_cat?post=2970"},{"taxonomy":"product_tag","embeddable":true,"href":"https:\/\/alfequipment.com\/fr\/wp-json\/wp\/v2\/product_tag?post=2970"}],"curies":[{"name":"wp","href":"https:\/\/api.w.org\/{rel}","templated":true}]}}