{"id":2981,"date":"2024-12-06T22:29:04","date_gmt":"2024-12-06T22:29:04","guid":{"rendered":"https:\/\/alfequipment.com\/product\/pfs-450q-pneumatic-impulse-sealer-desktop-foot-pedal-bag-sealing-machine\/"},"modified":"2025-01-13T14:58:27","modified_gmt":"2025-01-13T14:58:27","slug":"pfs-450q-scelleuse-de-sacs-a-impulsion-pneumatique-de-bureau-a-pedale","status":"publish","type":"product","link":"https:\/\/alfequipment.com\/fr\/product\/pfs-450q-scelleuse-de-sacs-a-impulsion-pneumatique-de-bureau-a-pedale\/","title":{"rendered":"PFS-450Q Scelleuse de sacs \u00e0 impulsion pneumatique P\u00e9dale de bureau"},"content":{"rendered":"<div data-magic-global=\"%7B%22bizId%22%3A17179933680%2C%22pageId%22%3A21074135343%2C%22siteId%22%3A5005331025%7D\" id=\"detail_decorate_root\">\n<div module-id=\"29094472119\" module-title=\"detailProductNavigation\" render=\"true\" class=\"J_module\">\n<div id=\"ali-anchor-AliMagic-v4fi37\" data-section=\"AliMagic-v4fi37\" data-section-title=\"Product Overview\" class=\"magic-0\">La soudeuse pneumatique \u00e0 pied adopte la technologie d'impulsion \u00e9lectronique-pneumatique avec un transformateur de haute puissance pour r\u00e9duire le temps de soudure de 2-4S \u00e0 seulement 0,2S, ce qui repr\u00e9sente une performance de co\u00fbt pour l'op\u00e9ration de soudure. Facile \u00e0 utiliser pour le scellage de toutes les s\u00e9ries de films, avec une belle apparence et une longue dur\u00e9e d'utilisation.<\/div>\n<\/div>\n<div module-id=\"29123837686\" module-title=\"detailSingleImage\" render=\"true\" class=\"J_module\">\n<div class=\"icbu-pc-images magic-7\">\n<div>\n<div class=\"flex-layout-v\">\n<div class=\"flex-layout-h magic-7\">\n<div class=\"magic-8\">\n       <img decoding=\"async\" src=\"https:\/\/sc04.alicdn.com\/kf\/H2bff5d330c3e49f9b9c7a630cb6a27b7L\/64496\/H2bff5d330c3e49f9b9c7a630cb6a27b7L.png\" class=\"aligncenter\">\n      <\/div>\n<\/p><\/div>\n<\/p><\/div>\n<\/p><\/div>\n<\/p><\/div>\n<\/p><\/div>\n<div module-id=\"29128988907\" module-title=\"detailSingleImage\" render=\"true\" class=\"J_module\">\n<div class=\"icbu-pc-images magic-7\">\n<div>\n<div class=\"flex-layout-v\">\n<div class=\"flex-layout-h magic-7\">\n<div class=\"magic-10\">\n       <img decoding=\"async\" src=\"https:\/\/sc04.alicdn.com\/kf\/He0bebb465b64459f81cf9c667729b485N\/64496\/He0bebb465b64459f81cf9c667729b485N.png\" class=\"aligncenter\">\n      <\/div>\n<\/p><\/div>\n<\/p><\/div>\n<\/p><\/div>\n<\/p><\/div>\n<\/p><\/div>\n<\/div>","protected":false},"excerpt":{"rendered":"<p>Pfs-450q Scelleuse pneumatique \u00e0 impulsion<\/p>","protected":false},"featured_media":2796,"comment_status":"closed","ping_status":"open","template":"","meta":[],"product_brand":[],"product_cat":[118,97],"product_tag":[],"class_list":{"0":"post-2981","1":"product","2":"type-product","3":"status-publish","4":"has-post-thumbnail","6":"product_cat-hand-foot-sealing-machine","7":"product_cat-sealing-machines","9":"first","10":"instock","11":"sale","12":"purchasable","13":"product-type-simple"},"yoast_head":"<!-- This site is optimized with the Yoast SEO Premium plugin v20.9 (Yoast SEO v26.5) - https:\/\/yoast.com\/wordpress\/plugins\/seo\/ -->\n<title>PFS-450Q Pneumatic impulse sealer Desktop foot pedal bag sealing machine - ALF PACK<\/title>\n<meta name=\"robots\" content=\"index, follow, max-snippet:-1, max-image-preview:large, max-video-preview:-1\" \/>\n<link rel=\"canonical\" href=\"https:\/\/alfequipment.com\/fr\/product\/pfs-450q-scelleuse-de-sacs-a-impulsion-pneumatique-de-bureau-a-pedale\/\" \/>\n<meta property=\"og:locale\" content=\"fr_FR\" \/>\n<meta property=\"og:type\" content=\"article\" \/>\n<meta property=\"og:title\" content=\"PFS-450Q Pneumatic impulse sealer Desktop foot pedal bag sealing machine\" \/>\n<meta property=\"og:description\" content=\"Pfs-450q Pneumatic Impulse Sealer\" \/>\n<meta property=\"og:url\" content=\"https:\/\/alfequipment.com\/fr\/product\/pfs-450q-scelleuse-de-sacs-a-impulsion-pneumatique-de-bureau-a-pedale\/\" \/>\n<meta property=\"og:site_name\" content=\"ALF PACK\" \/>\n<meta property=\"article:modified_time\" content=\"2025-01-13T14:58:27+00:00\" \/>\n<meta property=\"og:image\" content=\"https:\/\/alfequipment.com\/wp-content\/uploads\/2025\/01\/PFS-450Q-Pneumatic-impulse-sealer-Desktop-foot.png\" \/>\n\t<meta property=\"og:image:width\" content=\"714\" \/>\n\t<meta property=\"og:image:height\" content=\"550\" \/>\n\t<meta property=\"og:image:type\" content=\"image\/webp\" \/>\n<meta name=\"twitter:card\" content=\"summary_large_image\" \/>\n<script type=\"application\/ld+json\" class=\"yoast-schema-graph\">{\"@context\":\"https:\/\/schema.org\",\"@graph\":[{\"@type\":\"WebPage\",\"@id\":\"https:\/\/alfequipment.com\/product\/pfs-450q-pneumatic-impulse-sealer-desktop-foot-pedal-bag-sealing-machine\/\",\"url\":\"https:\/\/alfequipment.com\/product\/pfs-450q-pneumatic-impulse-sealer-desktop-foot-pedal-bag-sealing-machine\/\",\"name\":\"PFS-450Q Pneumatic impulse sealer Desktop foot pedal bag sealing machine - ALF PACK\",\"isPartOf\":{\"@id\":\"https:\/\/alfequipment.com\/#website\"},\"primaryImageOfPage\":{\"@id\":\"https:\/\/alfequipment.com\/product\/pfs-450q-pneumatic-impulse-sealer-desktop-foot-pedal-bag-sealing-machine\/#primaryimage\"},\"image\":{\"@id\":\"https:\/\/alfequipment.com\/product\/pfs-450q-pneumatic-impulse-sealer-desktop-foot-pedal-bag-sealing-machine\/#primaryimage\"},\"thumbnailUrl\":\"https:\/\/alfequipment.com\/wp-content\/uploads\/2025\/01\/PFS-450Q-Pneumatic-impulse-sealer-Desktop-foot.png\",\"datePublished\":\"2024-12-06T22:29:04+00:00\",\"dateModified\":\"2025-01-13T14:58:27+00:00\",\"breadcrumb\":{\"@id\":\"https:\/\/alfequipment.com\/product\/pfs-450q-pneumatic-impulse-sealer-desktop-foot-pedal-bag-sealing-machine\/#breadcrumb\"},\"inLanguage\":\"fr-FR\",\"potentialAction\":[{\"@type\":\"ReadAction\",\"target\":[\"https:\/\/alfequipment.com\/product\/pfs-450q-pneumatic-impulse-sealer-desktop-foot-pedal-bag-sealing-machine\/\"]}]},{\"@type\":\"ImageObject\",\"inLanguage\":\"fr-FR\",\"@id\":\"https:\/\/alfequipment.com\/product\/pfs-450q-pneumatic-impulse-sealer-desktop-foot-pedal-bag-sealing-machine\/#primaryimage\",\"url\":\"https:\/\/alfequipment.com\/wp-content\/uploads\/2025\/01\/PFS-450Q-Pneumatic-impulse-sealer-Desktop-foot.png\",\"contentUrl\":\"https:\/\/alfequipment.com\/wp-content\/uploads\/2025\/01\/PFS-450Q-Pneumatic-impulse-sealer-Desktop-foot.png\",\"width\":714,\"height\":550},{\"@type\":\"BreadcrumbList\",\"@id\":\"https:\/\/alfequipment.com\/product\/pfs-450q-pneumatic-impulse-sealer-desktop-foot-pedal-bag-sealing-machine\/#breadcrumb\",\"itemListElement\":[{\"@type\":\"ListItem\",\"position\":1,\"name\":\"Home\",\"item\":\"https:\/\/alfequipment.com\/\"},{\"@type\":\"ListItem\",\"position\":2,\"name\":\"Shop\",\"item\":\"https:\/\/alfequipment.com\/shop\/\"},{\"@type\":\"ListItem\",\"position\":3,\"name\":\"PFS-450Q Pneumatic impulse sealer Desktop foot pedal bag sealing machine\"}]},{\"@type\":\"WebSite\",\"@id\":\"https:\/\/alfequipment.com\/#website\",\"url\":\"https:\/\/alfequipment.com\/\",\"name\":\"ALF PACK\",\"description\":\"\",\"publisher\":{\"@id\":\"https:\/\/alfequipment.com\/#organization\"},\"potentialAction\":[{\"@type\":\"SearchAction\",\"target\":{\"@type\":\"EntryPoint\",\"urlTemplate\":\"https:\/\/alfequipment.com\/?s={search_term_string}\"},\"query-input\":{\"@type\":\"PropertyValueSpecification\",\"valueRequired\":true,\"valueName\":\"search_term_string\"}}],\"inLanguage\":\"fr-FR\"},{\"@type\":\"Organization\",\"@id\":\"https:\/\/alfequipment.com\/#organization\",\"name\":\"ALF PACK\",\"url\":\"https:\/\/alfequipment.com\/\",\"logo\":{\"@type\":\"ImageObject\",\"inLanguage\":\"fr-FR\",\"@id\":\"https:\/\/alfequipment.com\/#\/schema\/logo\/image\/\",\"url\":\"https:\/\/alfequipment.com\/wp-content\/uploads\/2024\/11\/ALFlogo-2.webp\",\"contentUrl\":\"https:\/\/alfequipment.com\/wp-content\/uploads\/2024\/11\/ALFlogo-2.webp\",\"width\":758,\"height\":750,\"caption\":\"ALF PACK\"},\"image\":{\"@id\":\"https:\/\/alfequipment.com\/#\/schema\/logo\/image\/\"}}]}<\/script>\n<!-- \/ Yoast SEO Premium plugin. -->","yoast_head_json":{"title":"PFS-450Q Machine \u00e0 sceller les sacs \u00e0 impulsion pneumatique - ALF PACK","robots":{"index":"index","follow":"follow","max-snippet":"max-snippet:-1","max-image-preview":"max-image-preview:large","max-video-preview":"max-video-preview:-1"},"canonical":"https:\/\/alfequipment.com\/fr\/product\/pfs-450q-scelleuse-de-sacs-a-impulsion-pneumatique-de-bureau-a-pedale\/","og_locale":"fr_FR","og_type":"article","og_title":"PFS-450Q Pneumatic impulse sealer Desktop foot pedal bag sealing machine","og_description":"Pfs-450q Pneumatic Impulse Sealer","og_url":"https:\/\/alfequipment.com\/fr\/product\/pfs-450q-scelleuse-de-sacs-a-impulsion-pneumatique-de-bureau-a-pedale\/","og_site_name":"ALF PACK","article_modified_time":"2025-01-13T14:58:27+00:00","og_image":[{"width":714,"height":550,"url":"https:\/\/alfequipment.com\/wp-content\/uploads\/2025\/01\/PFS-450Q-Pneumatic-impulse-sealer-Desktop-foot.png","type":"image\/webp"}],"twitter_card":"summary_large_image","schema":{"@context":"https:\/\/schema.org","@graph":[{"@type":"WebPage","@id":"https:\/\/alfequipment.com\/product\/pfs-450q-pneumatic-impulse-sealer-desktop-foot-pedal-bag-sealing-machine\/","url":"https:\/\/alfequipment.com\/product\/pfs-450q-pneumatic-impulse-sealer-desktop-foot-pedal-bag-sealing-machine\/","name":"PFS-450Q Machine \u00e0 sceller les sacs \u00e0 impulsion pneumatique - ALF PACK","isPartOf":{"@id":"https:\/\/alfequipment.com\/#website"},"primaryImageOfPage":{"@id":"https:\/\/alfequipment.com\/product\/pfs-450q-pneumatic-impulse-sealer-desktop-foot-pedal-bag-sealing-machine\/#primaryimage"},"image":{"@id":"https:\/\/alfequipment.com\/product\/pfs-450q-pneumatic-impulse-sealer-desktop-foot-pedal-bag-sealing-machine\/#primaryimage"},"thumbnailUrl":"https:\/\/alfequipment.com\/wp-content\/uploads\/2025\/01\/PFS-450Q-Pneumatic-impulse-sealer-Desktop-foot.png","datePublished":"2024-12-06T22:29:04+00:00","dateModified":"2025-01-13T14:58:27+00:00","breadcrumb":{"@id":"https:\/\/alfequipment.com\/product\/pfs-450q-pneumatic-impulse-sealer-desktop-foot-pedal-bag-sealing-machine\/#breadcrumb"},"inLanguage":"fr-FR","potentialAction":[{"@type":"ReadAction","target":["https:\/\/alfequipment.com\/product\/pfs-450q-pneumatic-impulse-sealer-desktop-foot-pedal-bag-sealing-machine\/"]}]},{"@type":"ImageObject","inLanguage":"fr-FR","@id":"https:\/\/alfequipment.com\/product\/pfs-450q-pneumatic-impulse-sealer-desktop-foot-pedal-bag-sealing-machine\/#primaryimage","url":"https:\/\/alfequipment.com\/wp-content\/uploads\/2025\/01\/PFS-450Q-Pneumatic-impulse-sealer-Desktop-foot.png","contentUrl":"https:\/\/alfequipment.com\/wp-content\/uploads\/2025\/01\/PFS-450Q-Pneumatic-impulse-sealer-Desktop-foot.png","width":714,"height":550},{"@type":"BreadcrumbList","@id":"https:\/\/alfequipment.com\/product\/pfs-450q-pneumatic-impulse-sealer-desktop-foot-pedal-bag-sealing-machine\/#breadcrumb","itemListElement":[{"@type":"ListItem","position":1,"name":"Home","item":"https:\/\/alfequipment.com\/"},{"@type":"ListItem","position":2,"name":"Shop","item":"https:\/\/alfequipment.com\/shop\/"},{"@type":"ListItem","position":3,"name":"PFS-450Q Pneumatic impulse sealer Desktop foot pedal bag sealing machine"}]},{"@type":"WebSite","@id":"https:\/\/alfequipment.com\/#website","url":"https:\/\/alfequipment.com\/","name":"PACK ALF","description":"","publisher":{"@id":"https:\/\/alfequipment.com\/#organization"},"potentialAction":[{"@type":"SearchAction","target":{"@type":"EntryPoint","urlTemplate":"https:\/\/alfequipment.com\/?s={search_term_string}"},"query-input":{"@type":"PropertyValueSpecification","valueRequired":true,"valueName":"search_term_string"}}],"inLanguage":"fr-FR"},{"@type":"Organization","@id":"https:\/\/alfequipment.com\/#organization","name":"PACK ALF","url":"https:\/\/alfequipment.com\/","logo":{"@type":"ImageObject","inLanguage":"fr-FR","@id":"https:\/\/alfequipment.com\/#\/schema\/logo\/image\/","url":"https:\/\/alfequipment.com\/wp-content\/uploads\/2024\/11\/ALFlogo-2.webp","contentUrl":"https:\/\/alfequipment.com\/wp-content\/uploads\/2024\/11\/ALFlogo-2.webp","width":758,"height":750,"caption":"ALF PACK"},"image":{"@id":"https:\/\/alfequipment.com\/#\/schema\/logo\/image\/"}}]}},"_links":{"self":[{"href":"https:\/\/alfequipment.com\/fr\/wp-json\/wp\/v2\/product\/2981","targetHints":{"allow":["GET"]}}],"collection":[{"href":"https:\/\/alfequipment.com\/fr\/wp-json\/wp\/v2\/product"}],"about":[{"href":"https:\/\/alfequipment.com\/fr\/wp-json\/wp\/v2\/types\/product"}],"replies":[{"embeddable":true,"href":"https:\/\/alfequipment.com\/fr\/wp-json\/wp\/v2\/comments?post=2981"}],"version-history":[{"count":0,"href":"https:\/\/alfequipment.com\/fr\/wp-json\/wp\/v2\/product\/2981\/revisions"}],"wp:featuredmedia":[{"embeddable":true,"href":"https:\/\/alfequipment.com\/fr\/wp-json\/wp\/v2\/media\/2796"}],"wp:attachment":[{"href":"https:\/\/alfequipment.com\/fr\/wp-json\/wp\/v2\/media?parent=2981"}],"wp:term":[{"taxonomy":"product_brand","embeddable":true,"href":"https:\/\/alfequipment.com\/fr\/wp-json\/wp\/v2\/product_brand?post=2981"},{"taxonomy":"product_cat","embeddable":true,"href":"https:\/\/alfequipment.com\/fr\/wp-json\/wp\/v2\/product_cat?post=2981"},{"taxonomy":"product_tag","embeddable":true,"href":"https:\/\/alfequipment.com\/fr\/wp-json\/wp\/v2\/product_tag?post=2981"}],"curies":[{"name":"wp","href":"https:\/\/api.w.org\/{rel}","templated":true}]}}