{"id":2985,"date":"2024-12-08T08:54:03","date_gmt":"2024-12-08T08:54:03","guid":{"rendered":"https:\/\/alfequipment.com\/product\/dfqa450-l-bar-sealer-l-type-sealing-cutting-machine-and-dsa4525-heat-shrink-tunnel-packaging-machine-packager\/"},"modified":"2025-01-14T02:51:41","modified_gmt":"2025-01-14T02:51:41","slug":"dfqa450-l-bar-sealer-l-type-l-seal-cutting-machine-and-dsa4525-heat-shrink-tunnel-packaging-machine-packager","status":"publish","type":"product","link":"https:\/\/alfequipment.com\/fr\/product\/dfqa450-l-bar-sealer-l-type-l-seal-cutting-machine-and-dsa4525-heat-shrink-tunnel-packaging-machine-packager\/","title":{"rendered":"DFQA450 L-bar sealer L type sealing cutting machine and DSA4525 heat shrink tunnel packaging machine packager"},"content":{"rendered":"<div data-magic-global=\"%7B%22bizId%22%3A17179933680%2C%22pageId%22%3A21072923679%2C%22siteId%22%3A5005331025%7D\" id=\"detail_decorate_root\">\n<div module-id=\"29110449379\" module-title=\"detailProductNavigation\" render=\"true\" class=\"J_module\">\n<div id=\"ali-anchor-AliMagic-0lutbi\" data-section=\"AliMagic-0lutbi\" data-section-title=\"Product Description\" class=\"magic-0\">La soudeuse en L semi-automatique DFQA450 et le tunnel de r\u00e9traction DSA4525 conviennent \u00e0 l'emballage de bo\u00eetes, de jouets, de briques \u00e9lectroniques, etc. Les deux machines peuvent emballer les produits avec une couche de film plastique, ce qui rend l'emballage plus beau et plus ferme.<\/div>\n<\/div>\n<div module-id=\"29110449380\" module-title=\"detailTextWithTitle\" render=\"true\" class=\"J_module\">\n<div class=\"detail-decorate-json-renderer-container\">\n<div class=\"magic-1\">\n<div class=\"magic-4\">\n<div class=\"magic-5\">\n<div class=\"magic-6\">\n<p class=\"magic-7\">Caract\u00e9ristique : <br \/>1. La machine adopte un couteau de scellement chauffant et non collant, ce qui garantit le bon fonctionnement de la machine et l'absence de fum\u00e9e.<br \/>2. Le temps de transfert des produits dans le tunnel apr\u00e8s le scellage et la d\u00e9coupe est r\u00e9glable.<br \/>3. Travailler avec un tunnel de r\u00e9traction, haute efficacit\u00e9, plus pratique.<\/p>\n<\/p><\/div>\n<\/p><\/div>\n<\/p><\/div>\n<\/p><\/div>\n<\/p><\/div>\n<\/p><\/div>\n<div module-id=\"29110449381\" module-title=\"detailTableHorizontal\" render=\"true\" class=\"J_module\">\n<div class=\"ife-detail-decorate-table\">\n<table class=\"has-title all magic-8\">\n<tbody>\n<tr>\n<td colspan=\"1\" rowspan=\"1\">\n<div class=\"magic-9\">\n        Mod\u00e8le\n       <\/div>\n<\/td>\n<td colspan=\"1\" rowspan=\"1\">\n<div class=\"magic-10\">\n        DFQA450\n       <\/div>\n<\/td>\n<td colspan=\"1\" rowspan=\"1\">\n<div class=\"magic-11\">\n        Mod\u00e8le\n       <\/div>\n<\/td>\n<td colspan=\"1\" rowspan=\"1\">\n<div class=\"magic-12\">\n        DSA4525\n       <\/div>\n<\/td>\n<\/tr>\n<tr>\n<td colspan=\"1\" rowspan=\"1\">\n<div class=\"magic-9\">\n        Tension\n       <\/div>\n<\/td>\n<td colspan=\"1\" rowspan=\"1\">\n<div class=\"magic-10\">\n        AC220V 50-60HZ\n       <\/div>\n<\/td>\n<td colspan=\"1\" rowspan=\"1\">\n<div class=\"magic-11\">\n        Tension\n       <\/div>\n<\/td>\n<td colspan=\"1\" rowspan=\"1\">\n<div class=\"magic-12\">\n        220-240V\/50-60HZ\n       <\/div>\n<\/td>\n<\/tr>\n<tr>\n<td colspan=\"1\" rowspan=\"1\">\n<div class=\"magic-9\">\n        Puissance du chauffage\n       <\/div>\n<\/td>\n<td colspan=\"1\" rowspan=\"1\">\n<div class=\"magic-10\">\n        1KW&nbsp;\n       <\/div>\n<\/td>\n<td colspan=\"1\" rowspan=\"1\">\n<div class=\"magic-11\">\n        Puissance du chauffage\n       <\/div>\n<\/td>\n<td colspan=\"1\" rowspan=\"1\">\n<div class=\"magic-12\">\n        8,6 kW\n       <\/div>\n<\/td>\n<\/tr>\n<tr>\n<td colspan=\"1\" rowspan=\"1\">\n<div class=\"magic-9\">\n        Temps de coupe des scell\u00e9s\n       <\/div>\n<\/td>\n<td colspan=\"1\" rowspan=\"1\">\n<div class=\"magic-10\">\n        0-3s\n       <\/div>\n<\/td>\n<td colspan=\"1\" rowspan=\"1\">\n<div class=\"magic-11\">\n        Vitesse du convoyeur\n       <\/div>\n<\/td>\n<td colspan=\"1\" rowspan=\"1\">\n<div class=\"magic-12\">\n        0-10m\/min\n       <\/div>\n<\/td>\n<\/tr>\n<tr>\n<td colspan=\"1\" rowspan=\"1\">\n<div class=\"magic-9\">\n        Taille maximale d'\u00e9tanch\u00e9it\u00e9 (L*L)\n       <\/div>\n<\/td>\n<td colspan=\"1\" rowspan=\"1\">\n<div class=\"magic-10\">\n        L+H&lt;550mm, L+H&lt;450mm\n       <\/div>\n<\/td>\n<td colspan=\"1\" rowspan=\"1\">\n<div class=\"magic-11\">\n        Taille de la salle de travail (L*L*H)\n       <\/div>\n<\/td>\n<td colspan=\"1\" rowspan=\"1\">\n<div class=\"magic-12\">\n        1000*450*250mm\n       <\/div>\n<\/td>\n<\/tr>\n<tr>\n<td colspan=\"1\" rowspan=\"1\">\n<div class=\"magic-9\">\n        Chargement maximal du convoyeur\n       <\/div>\n<\/td>\n<td colspan=\"1\" rowspan=\"1\">\n<div class=\"magic-10\">\n        15 kg\n       <\/div>\n<\/td>\n<td colspan=\"1\" rowspan=\"1\">\n<div class=\"magic-11\">\n        Chargement maximal du convoyeur\n       <\/div>\n<\/td>\n<td colspan=\"1\" rowspan=\"1\">\n<div class=\"magic-12\">\n        5kg\n       <\/div>\n<\/td>\n<\/tr>\n<tr>\n<td colspan=\"1\" rowspan=\"1\">\n<div class=\"magic-9\">\n        Taille de la machine (L*L*H)\n       <\/div>\n<\/td>\n<td colspan=\"1\" rowspan=\"1\">\n<div class=\"magic-10\">\n        1720*740*1050mm\n       <\/div>\n<\/td>\n<td colspan=\"1\" rowspan=\"1\">\n<div class=\"magic-11\">\n        Taille de la machine\n       <\/div>\n<\/td>\n<td colspan=\"1\" rowspan=\"1\">\n<div class=\"magic-12\">\n        1260*670*1290mm\n       <\/div>\n<\/td>\n<\/tr>\n<tr>\n<td colspan=\"1\" rowspan=\"1\">\n<div class=\"magic-9\">\n        Poids de la machine\n       <\/div>\n<\/td>\n<td colspan=\"1\" rowspan=\"1\">\n<div class=\"magic-10\">\n        116 kg\n       <\/div>\n<\/td>\n<td colspan=\"1\" rowspan=\"1\">\n<div class=\"magic-11\">\n        Poids de la machine\n       <\/div>\n<\/td>\n<td colspan=\"1\" rowspan=\"1\">\n<div class=\"magic-12\">\n        115KG\n       <\/div>\n<\/td>\n<\/tr>\n<tr>\n<td colspan=\"1\" rowspan=\"1\">\n<div class=\"magic-9\">\n        Film de coupe\n       <\/div>\n<\/td>\n<td colspan=\"1\" rowspan=\"1\">\n<div class=\"magic-10\">\n        POF, PVC\n       <\/div>\n<\/td>\n<td colspan=\"1\" rowspan=\"1\">\n<div class=\"magic-11\">\n        Film r\u00e9tractable\n       <\/div>\n<\/td>\n<td colspan=\"1\" rowspan=\"1\">\n<div class=\"magic-12\">\n        POF, PVC\n       <\/div>\n<\/td>\n<\/tr>\n<tr>\n<td colspan=\"1\" rowspan=\"1\">\n<div class=\"magic-9\">\n        Taille de l'emballage\n       <\/div>\n<\/td>\n<td colspan=\"1\" rowspan=\"1\">\n<div class=\"magic-10\">\n        1500*850*910mm\n       <\/div>\n<\/td>\n<td colspan=\"1\" rowspan=\"1\">\n<div class=\"magic-11\">\n        Taille de l'emballage\n       <\/div>\n<\/td>\n<td colspan=\"1\" rowspan=\"1\">\n<div class=\"magic-12\">\n        1400*780*900mm\n       <\/div>\n<\/td>\n<\/tr>\n<\/tbody>\n<\/table><\/div>\n<\/p><\/div>\n<div module-id=\"29110449382\" module-title=\"detailSingleImage\" render=\"true\" class=\"J_module\">\n<div class=\"icbu-pc-images magic-13\">\n<div>\n<div class=\"flex-layout-v\">\n<div class=\"flex-layout-h magic-13\">\n<div class=\"magic-14\">\n       <img decoding=\"async\" src=\"https:\/\/sc04.alicdn.com\/kf\/H6e9d03906d43475db9b715913793a90bb\/64496\/H6e9d03906d43475db9b715913793a90bb.jpg\" class=\"aligncenter\">\n      <\/div>\n<\/p><\/div>\n<\/p><\/div>\n<\/p><\/div>\n<\/p><\/div>\n<\/p><\/div>\n<div module-id=\"29110449383\" module-title=\"detailVerticalImages\" render=\"true\" class=\"J_module\">\n<div class=\"icbu-pc-images magic-13\">\n<div>\n<div class=\"flex-layout-v\">\n<div class=\"magic-16\">\n      <img decoding=\"async\" src=\"https:\/\/sc01.alicdn.com\/kf\/HTB1W2FMazzuK1Rjy0Fpq6yEpFXao\/64496\/HTB1W2FMazzuK1Rjy0Fpq6yEpFXao.jpg\" class=\"aligncenter\">\n     <\/div>\n<div class=\"flex-layout-h magic-13\">\n<div class=\"magic-18\">\n       <img decoding=\"async\" src=\"https:\/\/sc01.alicdn.com\/kf\/HTB1aitPasfrK1RkSnb4q6xHRFXa8\/64496\/HTB1aitPasfrK1RkSnb4q6xHRFXa8.jpg\" class=\"aligncenter\">\n      <\/div>\n<div class=\"magic-20\">\n       <img decoding=\"async\" src=\"https:\/\/sc01.alicdn.com\/kf\/HTB1q3dRax2rK1RkSnhJq6ykdpXaM\/64496\/HTB1q3dRax2rK1RkSnhJq6ykdpXaM.jpg\" class=\"aligncenter\">\n      <\/div>\n<\/p><\/div>\n<\/p><\/div>\n<\/p><\/div>\n<\/p><\/div>\n<\/p><\/div>\n<div module-id=\"29110449384\" module-title=\"detailTextWithTitle\" render=\"true\" class=\"J_module\">\n<div class=\"detail-decorate-json-renderer-container\">\n<div class=\"magic-1\">\n<h3 class=\"magic-2\"><\/h3>\n<h3 class=\"magic-3\">Am\u00e9lioration<br \/><\/h3>\n<div class=\"magic-4\">\n<div class=\"magic-5\">\n<div class=\"magic-6\">\n<p class=\"magic-7\">1.\u00efPorte-film beaucoup plus solide avec poign\u00e9e, plus facile \u00e0 mettre en place et \u00e0 ajuster.<br \/>2.\u00ef Roue \u00e0 aiguilles am\u00e9lior\u00e9e, avec un nouveau design et une protection plus forte.<br \/>3.\u00ef Verrouillage du porte-film, fixe le porte-film dans une seule position. Interrupteur de haute qualit\u00e9, plus de s\u00e9curit\u00e9, plus de soin.<br \/>4.\u00ef Le support des \u00e9l\u00e9ments en c\u00e9ramique peut \u00eatre utilis\u00e9 pendant longtemps et est plus facile \u00e0 remplacer.<br \/>5.\u00efNouveau design de l'aimant \u00e9lectrique avec couvercle, plus grand, plus fort et plus beau.<br \/>6.\u00ef Am\u00e9lioration de la poign\u00e9e de levage du convoyeur, pour faciliter le r\u00e9glage de la hauteur du convoyeur.<br \/>7.\u00ef Am\u00e9lioration du \"ressort \u00e0 gaz\", pour garantir la stabilit\u00e9 de la machine et \u00e9viter qu'elle ne se brise.<br \/>8.\u00ef Panneau de contr\u00f4le plus simple, facile \u00e0 utiliser.<br \/>9.\u00ef A l'int\u00e9rieur de la bo\u00eete \u00e9lectrique, toutes les pi\u00e8ces ont l'air plus r\u00e9guli\u00e8res.<br \/>10.  Nouvelle housse pour le support, qui prot\u00e8ge bien le support et le rend plus stable.<\/p>\n<p class=\"magic-7\">11.  Conception intelligente du convoyeur, facilitant le remplacement de la bande transporteuse.<\/p>\n<\/p><\/div>\n<\/p><\/div>\n<\/p><\/div>\n<\/p><\/div>\n<\/p><\/div>\n<\/p><\/div>\n<\/div>","protected":false},"excerpt":{"rendered":"<p>Scelleuse en L semi-automatique<\/p>","protected":false},"featured_media":2804,"comment_status":"closed","ping_status":"open","template":"","meta":[],"product_brand":[],"product_cat":[122,97],"product_tag":[],"class_list":{"0":"post-2985","1":"product","2":"type-product","3":"status-publish","4":"has-post-thumbnail","6":"product_cat-l-type-sealer","7":"product_cat-sealing-machines","9":"first","10":"instock","11":"sale","12":"purchasable","13":"product-type-simple"},"yoast_head":"<!-- This site is optimized with the Yoast SEO Premium plugin v20.9 (Yoast SEO v26.5) - https:\/\/yoast.com\/wordpress\/plugins\/seo\/ -->\n<title>DFQA450 L-bar sealer L type sealing cutting machine and DSA4525 heat shrink tunnel packaging machine packager - ALF PACK<\/title>\n<meta name=\"robots\" content=\"index, follow, max-snippet:-1, max-image-preview:large, max-video-preview:-1\" \/>\n<link rel=\"canonical\" href=\"https:\/\/alfequipment.com\/fr\/product\/dfqa450-l-bar-sealer-l-type-l-seal-cutting-machine-and-dsa4525-heat-shrink-tunnel-packaging-machine-packager\/\" \/>\n<meta property=\"og:locale\" content=\"fr_FR\" \/>\n<meta property=\"og:type\" content=\"article\" \/>\n<meta property=\"og:title\" content=\"DFQA450 L-bar sealer L type sealing cutting machine and DSA4525 heat shrink tunnel packaging machine packager\" \/>\n<meta property=\"og:description\" content=\"Semi-automatic L-bar Sealer\" \/>\n<meta property=\"og:url\" content=\"https:\/\/alfequipment.com\/fr\/product\/dfqa450-l-bar-sealer-l-type-l-seal-cutting-machine-and-dsa4525-heat-shrink-tunnel-packaging-machine-packager\/\" \/>\n<meta property=\"og:site_name\" content=\"ALF PACK\" \/>\n<meta property=\"article:modified_time\" content=\"2025-01-14T02:51:41+00:00\" \/>\n<meta property=\"og:image\" content=\"https:\/\/alfequipment.com\/wp-content\/uploads\/2025\/01\/DFQA450-L-bar-sealer-L-type-sealing-1.jpg\" \/>\n\t<meta property=\"og:image:width\" content=\"1000\" \/>\n\t<meta property=\"og:image:height\" content=\"1000\" \/>\n\t<meta property=\"og:image:type\" content=\"image\/webp\" \/>\n<meta name=\"twitter:card\" content=\"summary_large_image\" \/>\n<meta name=\"twitter:label1\" content=\"Dur\u00e9e de lecture estim\u00e9e\" \/>\n\t<meta name=\"twitter:data1\" content=\"2 minutes\" \/>\n<script type=\"application\/ld+json\" class=\"yoast-schema-graph\">{\"@context\":\"https:\/\/schema.org\",\"@graph\":[{\"@type\":\"WebPage\",\"@id\":\"https:\/\/alfequipment.com\/product\/dfqa450-l-bar-sealer-l-type-sealing-cutting-machine-and-dsa4525-heat-shrink-tunnel-packaging-machine-packager\/\",\"url\":\"https:\/\/alfequipment.com\/product\/dfqa450-l-bar-sealer-l-type-sealing-cutting-machine-and-dsa4525-heat-shrink-tunnel-packaging-machine-packager\/\",\"name\":\"DFQA450 L-bar sealer L type sealing cutting machine and DSA4525 heat shrink tunnel packaging machine packager - ALF PACK\",\"isPartOf\":{\"@id\":\"https:\/\/alfequipment.com\/#website\"},\"primaryImageOfPage\":{\"@id\":\"https:\/\/alfequipment.com\/product\/dfqa450-l-bar-sealer-l-type-sealing-cutting-machine-and-dsa4525-heat-shrink-tunnel-packaging-machine-packager\/#primaryimage\"},\"image\":{\"@id\":\"https:\/\/alfequipment.com\/product\/dfqa450-l-bar-sealer-l-type-sealing-cutting-machine-and-dsa4525-heat-shrink-tunnel-packaging-machine-packager\/#primaryimage\"},\"thumbnailUrl\":\"https:\/\/alfequipment.com\/wp-content\/uploads\/2025\/01\/DFQA450-L-bar-sealer-L-type-sealing-1.jpg\",\"datePublished\":\"2024-12-08T08:54:03+00:00\",\"dateModified\":\"2025-01-14T02:51:41+00:00\",\"breadcrumb\":{\"@id\":\"https:\/\/alfequipment.com\/product\/dfqa450-l-bar-sealer-l-type-sealing-cutting-machine-and-dsa4525-heat-shrink-tunnel-packaging-machine-packager\/#breadcrumb\"},\"inLanguage\":\"fr-FR\",\"potentialAction\":[{\"@type\":\"ReadAction\",\"target\":[\"https:\/\/alfequipment.com\/product\/dfqa450-l-bar-sealer-l-type-sealing-cutting-machine-and-dsa4525-heat-shrink-tunnel-packaging-machine-packager\/\"]}]},{\"@type\":\"ImageObject\",\"inLanguage\":\"fr-FR\",\"@id\":\"https:\/\/alfequipment.com\/product\/dfqa450-l-bar-sealer-l-type-sealing-cutting-machine-and-dsa4525-heat-shrink-tunnel-packaging-machine-packager\/#primaryimage\",\"url\":\"https:\/\/alfequipment.com\/wp-content\/uploads\/2025\/01\/DFQA450-L-bar-sealer-L-type-sealing-1.jpg\",\"contentUrl\":\"https:\/\/alfequipment.com\/wp-content\/uploads\/2025\/01\/DFQA450-L-bar-sealer-L-type-sealing-1.jpg\",\"width\":1000,\"height\":1000},{\"@type\":\"BreadcrumbList\",\"@id\":\"https:\/\/alfequipment.com\/product\/dfqa450-l-bar-sealer-l-type-sealing-cutting-machine-and-dsa4525-heat-shrink-tunnel-packaging-machine-packager\/#breadcrumb\",\"itemListElement\":[{\"@type\":\"ListItem\",\"position\":1,\"name\":\"Home\",\"item\":\"https:\/\/alfequipment.com\/\"},{\"@type\":\"ListItem\",\"position\":2,\"name\":\"Shop\",\"item\":\"https:\/\/alfequipment.com\/shop\/\"},{\"@type\":\"ListItem\",\"position\":3,\"name\":\"DFQA450 L-bar sealer L type sealing cutting machine and DSA4525 heat shrink tunnel packaging machine packager\"}]},{\"@type\":\"WebSite\",\"@id\":\"https:\/\/alfequipment.com\/#website\",\"url\":\"https:\/\/alfequipment.com\/\",\"name\":\"ALF PACK\",\"description\":\"\",\"publisher\":{\"@id\":\"https:\/\/alfequipment.com\/#organization\"},\"potentialAction\":[{\"@type\":\"SearchAction\",\"target\":{\"@type\":\"EntryPoint\",\"urlTemplate\":\"https:\/\/alfequipment.com\/?s={search_term_string}\"},\"query-input\":{\"@type\":\"PropertyValueSpecification\",\"valueRequired\":true,\"valueName\":\"search_term_string\"}}],\"inLanguage\":\"fr-FR\"},{\"@type\":\"Organization\",\"@id\":\"https:\/\/alfequipment.com\/#organization\",\"name\":\"ALF PACK\",\"url\":\"https:\/\/alfequipment.com\/\",\"logo\":{\"@type\":\"ImageObject\",\"inLanguage\":\"fr-FR\",\"@id\":\"https:\/\/alfequipment.com\/#\/schema\/logo\/image\/\",\"url\":\"https:\/\/alfequipment.com\/wp-content\/uploads\/2024\/11\/ALFlogo-2.webp\",\"contentUrl\":\"https:\/\/alfequipment.com\/wp-content\/uploads\/2024\/11\/ALFlogo-2.webp\",\"width\":758,\"height\":750,\"caption\":\"ALF PACK\"},\"image\":{\"@id\":\"https:\/\/alfequipment.com\/#\/schema\/logo\/image\/\"}}]}<\/script>\n<!-- \/ Yoast SEO Premium plugin. -->","yoast_head_json":{"title":"DFQA450 L-bar sealer L type seal cutting machine and DSA4525 heat shrink tunnel packaging machine packager - ALF PACK","robots":{"index":"index","follow":"follow","max-snippet":"max-snippet:-1","max-image-preview":"max-image-preview:large","max-video-preview":"max-video-preview:-1"},"canonical":"https:\/\/alfequipment.com\/fr\/product\/dfqa450-l-bar-sealer-l-type-l-seal-cutting-machine-and-dsa4525-heat-shrink-tunnel-packaging-machine-packager\/","og_locale":"fr_FR","og_type":"article","og_title":"DFQA450 L-bar sealer L type sealing cutting machine and DSA4525 heat shrink tunnel packaging machine packager","og_description":"Semi-automatic L-bar Sealer","og_url":"https:\/\/alfequipment.com\/fr\/product\/dfqa450-l-bar-sealer-l-type-l-seal-cutting-machine-and-dsa4525-heat-shrink-tunnel-packaging-machine-packager\/","og_site_name":"ALF PACK","article_modified_time":"2025-01-14T02:51:41+00:00","og_image":[{"width":1000,"height":1000,"url":"https:\/\/alfequipment.com\/wp-content\/uploads\/2025\/01\/DFQA450-L-bar-sealer-L-type-sealing-1.jpg","type":"image\/webp"}],"twitter_card":"summary_large_image","twitter_misc":{"Dur\u00e9e de lecture estim\u00e9e":"2 minutes"},"schema":{"@context":"https:\/\/schema.org","@graph":[{"@type":"WebPage","@id":"https:\/\/alfequipment.com\/product\/dfqa450-l-bar-sealer-l-type-sealing-cutting-machine-and-dsa4525-heat-shrink-tunnel-packaging-machine-packager\/","url":"https:\/\/alfequipment.com\/product\/dfqa450-l-bar-sealer-l-type-sealing-cutting-machine-and-dsa4525-heat-shrink-tunnel-packaging-machine-packager\/","name":"DFQA450 L-bar sealer L type seal cutting machine and DSA4525 heat shrink tunnel packaging machine packager - ALF PACK","isPartOf":{"@id":"https:\/\/alfequipment.com\/#website"},"primaryImageOfPage":{"@id":"https:\/\/alfequipment.com\/product\/dfqa450-l-bar-sealer-l-type-sealing-cutting-machine-and-dsa4525-heat-shrink-tunnel-packaging-machine-packager\/#primaryimage"},"image":{"@id":"https:\/\/alfequipment.com\/product\/dfqa450-l-bar-sealer-l-type-sealing-cutting-machine-and-dsa4525-heat-shrink-tunnel-packaging-machine-packager\/#primaryimage"},"thumbnailUrl":"https:\/\/alfequipment.com\/wp-content\/uploads\/2025\/01\/DFQA450-L-bar-sealer-L-type-sealing-1.jpg","datePublished":"2024-12-08T08:54:03+00:00","dateModified":"2025-01-14T02:51:41+00:00","breadcrumb":{"@id":"https:\/\/alfequipment.com\/product\/dfqa450-l-bar-sealer-l-type-sealing-cutting-machine-and-dsa4525-heat-shrink-tunnel-packaging-machine-packager\/#breadcrumb"},"inLanguage":"fr-FR","potentialAction":[{"@type":"ReadAction","target":["https:\/\/alfequipment.com\/product\/dfqa450-l-bar-sealer-l-type-sealing-cutting-machine-and-dsa4525-heat-shrink-tunnel-packaging-machine-packager\/"]}]},{"@type":"ImageObject","inLanguage":"fr-FR","@id":"https:\/\/alfequipment.com\/product\/dfqa450-l-bar-sealer-l-type-sealing-cutting-machine-and-dsa4525-heat-shrink-tunnel-packaging-machine-packager\/#primaryimage","url":"https:\/\/alfequipment.com\/wp-content\/uploads\/2025\/01\/DFQA450-L-bar-sealer-L-type-sealing-1.jpg","contentUrl":"https:\/\/alfequipment.com\/wp-content\/uploads\/2025\/01\/DFQA450-L-bar-sealer-L-type-sealing-1.jpg","width":1000,"height":1000},{"@type":"BreadcrumbList","@id":"https:\/\/alfequipment.com\/product\/dfqa450-l-bar-sealer-l-type-sealing-cutting-machine-and-dsa4525-heat-shrink-tunnel-packaging-machine-packager\/#breadcrumb","itemListElement":[{"@type":"ListItem","position":1,"name":"Home","item":"https:\/\/alfequipment.com\/"},{"@type":"ListItem","position":2,"name":"Shop","item":"https:\/\/alfequipment.com\/shop\/"},{"@type":"ListItem","position":3,"name":"DFQA450 L-bar sealer L type sealing cutting machine and DSA4525 heat shrink tunnel packaging machine packager"}]},{"@type":"WebSite","@id":"https:\/\/alfequipment.com\/#website","url":"https:\/\/alfequipment.com\/","name":"PACK ALF","description":"","publisher":{"@id":"https:\/\/alfequipment.com\/#organization"},"potentialAction":[{"@type":"SearchAction","target":{"@type":"EntryPoint","urlTemplate":"https:\/\/alfequipment.com\/?s={search_term_string}"},"query-input":{"@type":"PropertyValueSpecification","valueRequired":true,"valueName":"search_term_string"}}],"inLanguage":"fr-FR"},{"@type":"Organization","@id":"https:\/\/alfequipment.com\/#organization","name":"PACK ALF","url":"https:\/\/alfequipment.com\/","logo":{"@type":"ImageObject","inLanguage":"fr-FR","@id":"https:\/\/alfequipment.com\/#\/schema\/logo\/image\/","url":"https:\/\/alfequipment.com\/wp-content\/uploads\/2024\/11\/ALFlogo-2.webp","contentUrl":"https:\/\/alfequipment.com\/wp-content\/uploads\/2024\/11\/ALFlogo-2.webp","width":758,"height":750,"caption":"ALF PACK"},"image":{"@id":"https:\/\/alfequipment.com\/#\/schema\/logo\/image\/"}}]}},"_links":{"self":[{"href":"https:\/\/alfequipment.com\/fr\/wp-json\/wp\/v2\/product\/2985","targetHints":{"allow":["GET"]}}],"collection":[{"href":"https:\/\/alfequipment.com\/fr\/wp-json\/wp\/v2\/product"}],"about":[{"href":"https:\/\/alfequipment.com\/fr\/wp-json\/wp\/v2\/types\/product"}],"replies":[{"embeddable":true,"href":"https:\/\/alfequipment.com\/fr\/wp-json\/wp\/v2\/comments?post=2985"}],"version-history":[{"count":0,"href":"https:\/\/alfequipment.com\/fr\/wp-json\/wp\/v2\/product\/2985\/revisions"}],"wp:featuredmedia":[{"embeddable":true,"href":"https:\/\/alfequipment.com\/fr\/wp-json\/wp\/v2\/media\/2804"}],"wp:attachment":[{"href":"https:\/\/alfequipment.com\/fr\/wp-json\/wp\/v2\/media?parent=2985"}],"wp:term":[{"taxonomy":"product_brand","embeddable":true,"href":"https:\/\/alfequipment.com\/fr\/wp-json\/wp\/v2\/product_brand?post=2985"},{"taxonomy":"product_cat","embeddable":true,"href":"https:\/\/alfequipment.com\/fr\/wp-json\/wp\/v2\/product_cat?post=2985"},{"taxonomy":"product_tag","embeddable":true,"href":"https:\/\/alfequipment.com\/fr\/wp-json\/wp\/v2\/product_tag?post=2985"}],"curies":[{"name":"wp","href":"https:\/\/api.w.org\/{rel}","templated":true}]}}