{"id":2986,"date":"2024-12-28T14:58:14","date_gmt":"2024-12-28T14:58:14","guid":{"rendered":"https:\/\/alfequipment.com\/product\/jms130-stainless-steel-split-body-colloid-grinder-and-industrial-colloidal-nut-almond-grinding-machine\/"},"modified":"2025-01-13T13:09:32","modified_gmt":"2025-01-13T13:09:32","slug":"broyeur-colloidal-en-acier-inoxydable-jms130-et-broyeur-colloidal-industriel-de-noix-et-damandes","status":"publish","type":"product","link":"https:\/\/alfequipment.com\/fr\/product\/broyeur-colloidal-en-acier-inoxydable-jms130-et-broyeur-colloidal-industriel-de-noix-et-damandes\/","title":{"rendered":"JMS130 broyeur collo\u00efdal en acier inoxydable \u00e0 corps divis\u00e9 et broyeur collo\u00efdal industriel de noix et d'amandes"},"content":{"rendered":"<p><span style=\"font-size: 12pt;\">Le principe de fonctionnement du broyeur collo\u00efdal est le suivant : Sous l'effet de la force centrifuge et de la vitesse relativement \u00e9lev\u00e9e de l'engrenage rotatif et de l'engrenage fixe, les mati\u00e8res liquides et semi-liquides sont efficacement \u00e9mulsionn\u00e9es, homog\u00e9n\u00e9is\u00e9es, dispers\u00e9es et m\u00e9lang\u00e9es pendant qu'elles sont coup\u00e9es, broy\u00e9es et choqu\u00e9es \u00e0 haute fr\u00e9quence.<\/span><\/p>\n<p>&nbsp;<\/p>\n<p><span style=\"font-size: 12pt;\">Ensuite, vous pouvez obtenir un mat\u00e9riau satisfait et trait\u00e9. Le broyeur collo\u00efdal est largement appliqu\u00e9 dans des produits de nombreux domaines, tels que l'industrie alimentaire, l'industrie m\u00e9dicale, l'industrie chimique et l'industrie chimique quotidienne, etc. Les produits comprennent le lait de soja, la confiture de fruits, le beurre de cacahu\u00e8te, le lait de ma\u00efs artificiel, la cr\u00e8me, le compos\u00e9 de parfumerie, le pigment, l'huile de graissage, le colorant, le pantalon, l'huile de poisson, le miel de pollen, le dentifrice et ainsi de suite.<\/span><\/p>\n<p>&nbsp;<\/p>\n<p><span style=\"font-size: 12pt;\">Lorsque vous traitez des mati\u00e8res \u00e0 haute consistance, telles que les arachides, le s\u00e9same, etc., vous devez fixer le b\u00e9lier d'entra\u00eenement de l'h\u00e9lice, produit par notre soci\u00e9t\u00e9, sur le c\u00f4t\u00e9 sup\u00e9rieur du rotor.<\/span><\/p>\n<p><span style=\"font-size: 12pt;\">&nbsp;<\/span><\/p>\n<p><strong><span style=\"font-size: 12pt;\">Sp\u00e9cification :<\/span><\/strong><\/p>\n<table class=\"aliDataTable\" border=\"0\" cellspacing=\"0\" cellpadding=\"0\">\n<tbody>\n<tr style=\"height: 15pt;\" align=\"center\">\n<td style=\"width: 117.75pt;\" align=\"left\">\n<p><span style=\"font-size: 12pt;\">Mod\u00e8le<\/span><\/p>\n<\/td>\n<td style=\"width: 95.5pt;\">\n<p><span style=\"font-size: 12pt;\">JMS-80<\/span><\/p>\n<\/td>\n<td style=\"width: 95.5pt;\">\n<p><span style=\"font-size: 12pt; color: #000000;\">JMS-120<\/span><\/p>\n<\/td>\n<td style=\"width: 101.5pt;\">\n<p><span style=\"font-size: 12pt; color: #ff0000;\">JMS-130<\/span><\/p>\n<\/td>\n<\/tr>\n<tr style=\"height: 15pt;\" align=\"left\">\n<td>\n<p><span style=\"font-size: 12pt;\">Tension <\/span><\/p>\n<\/td>\n<td style=\"width: 292.5pt;\" colspan=\"3\" align=\"center\">\n<p><span style=\"font-size: 12pt;\">3 phases 220\/380V 50-60HZ<\/span><\/p>\n<\/td>\n<\/tr>\n<tr style=\"height: 15pt;\" align=\"center\">\n<td align=\"left\">\n<p><span style=\"font-size: 12pt;\">Puissance<\/span><\/p>\n<\/td>\n<td>\n<p><span style=\"font-size: 12pt;\">4KW<\/span><\/p>\n<\/td>\n<td>\n<p><span style=\"font-size: 12pt;\">7.5KW<\/span><\/p>\n<\/td>\n<td>\n<p><span style=\"font-size: 12pt;\">11KW<\/span><\/p>\n<\/td>\n<\/tr>\n<tr style=\"height: 15pt;\" align=\"center\">\n<td align=\"left\">\n<p><span style=\"font-size: 12pt;\">Pr\u00e9cision des granul\u00e9s <\/span><\/p>\n<\/td>\n<td>\n<p><span style=\"font-size: 12pt;\">2-50\u03bcm<\/span><\/p>\n<\/td>\n<td>\n<p><span style=\"font-size: 12pt;\">2-50\u03bcm<\/span><\/p>\n<\/td>\n<td>\n<p><span style=\"font-size: 12pt;\">2-40\u03bcm<\/span><\/p>\n<\/td>\n<\/tr>\n<tr style=\"height: 15pt;\" align=\"center\">\n<td align=\"left\">\n<p><span style=\"font-size: 12pt;\">Sortie<\/span><\/p>\n<\/td>\n<td>\n<p><span style=\"font-size: 12pt;\">0,2-1,5T\/h<\/span><\/p>\n<\/td>\n<td>\n<p><span style=\"font-size: 12pt;\">0,5-2T\/h<\/span><\/p>\n<\/td>\n<td>\n<p><span style=\"font-size: 12pt;\">0,5-4T\/h<\/span><\/p>\n<\/td>\n<\/tr>\n<tr style=\"height: 15pt;\" align=\"center\">\n<td align=\"left\">\n<p><span style=\"font-size: 12pt;\">Poids<\/span><\/p>\n<\/td>\n<td>\n<p><span style=\"font-size: 12pt;\">150 kg<\/span><\/p>\n<\/td>\n<td>\n<p><span style=\"font-size: 12pt;\">220 kg<\/span><\/p>\n<\/td>\n<td>\n<p><span style=\"font-size: 12pt;\">305 kg<\/span><\/p>\n<\/td>\n<\/tr>\n<tr style=\"height: 15pt;\" align=\"center\">\n<td align=\"left\">\n<p><span style=\"font-size: 12pt;\">Taille de la machine<\/span><\/p>\n<\/td>\n<td>\n<p><span style=\"font-size: 12pt;\">650*350*860mm<\/span><\/p>\n<\/td>\n<td>\n<p><span style=\"font-size: 12pt;\">750*400*1000mm<\/span><\/p>\n<\/td>\n<td>\n<p><span style=\"font-size: 12pt;\">850*400*1110mm<\/span><\/p>\n<\/td>\n<\/tr>\n<\/tbody>\n<\/table>\n<p>&nbsp;<img decoding=\"async\" src=\"https:\/\/sc01.alicdn.com\/kf\/Hec0addf6d88d450988390684a3582e2eW\/64496\/Hec0addf6d88d450988390684a3582e2eW.jpg\" data-width=\"600\" data-height=\"600\" class=\"aligncenter\"><\/p>\n<p>&nbsp;<\/p><\/p>","protected":false},"excerpt":{"rendered":"<p>Jms-130 Hot Sale In European Stainless Steel Split-body Colloid Grinder (broyeur collo\u00efdal \u00e0 corps divis\u00e9 en acier inoxydable)<\/p>","protected":false},"featured_media":2806,"comment_status":"closed","ping_status":"open","template":"","meta":[],"product_brand":[],"product_cat":[109],"product_tag":[],"class_list":{"0":"post-2986","1":"product","2":"type-product","3":"status-publish","4":"has-post-thumbnail","6":"product_cat-nuts-processing-machines","8":"first","9":"instock","10":"sale","11":"purchasable","12":"product-type-simple"},"yoast_head":"<!-- This site is optimized with the Yoast SEO Premium plugin v20.9 (Yoast SEO v26.5) - https:\/\/yoast.com\/wordpress\/plugins\/seo\/ -->\n<title>JMS130 stainless steel split body colloid grinder and Industrial colloidal nut almond grinding machine - ALF PACK<\/title>\n<meta name=\"robots\" content=\"index, follow, max-snippet:-1, max-image-preview:large, max-video-preview:-1\" \/>\n<link rel=\"canonical\" href=\"https:\/\/alfequipment.com\/fr\/product\/broyeur-colloidal-en-acier-inoxydable-jms130-et-broyeur-colloidal-industriel-de-noix-et-damandes\/\" \/>\n<meta property=\"og:locale\" content=\"fr_FR\" \/>\n<meta property=\"og:type\" content=\"article\" \/>\n<meta property=\"og:title\" content=\"JMS130 stainless steel split body colloid grinder and Industrial colloidal nut almond grinding machine\" \/>\n<meta property=\"og:description\" content=\"Jms-130 Hot Sale In European Stainless Steel Split-body Colloid Grinder\" \/>\n<meta property=\"og:url\" content=\"https:\/\/alfequipment.com\/fr\/product\/broyeur-colloidal-en-acier-inoxydable-jms130-et-broyeur-colloidal-industriel-de-noix-et-damandes\/\" \/>\n<meta property=\"og:site_name\" content=\"ALF PACK\" \/>\n<meta property=\"article:modified_time\" content=\"2025-01-13T13:09:32+00:00\" \/>\n<meta property=\"og:image\" content=\"https:\/\/alfequipment.com\/wp-content\/uploads\/2025\/01\/JMS130-stainless-steel-split-body-colloid-grinder.jpg\" \/>\n\t<meta property=\"og:image:width\" content=\"800\" \/>\n\t<meta property=\"og:image:height\" content=\"800\" \/>\n\t<meta property=\"og:image:type\" content=\"image\/webp\" \/>\n<meta name=\"twitter:card\" content=\"summary_large_image\" \/>\n<meta name=\"twitter:label1\" content=\"Dur\u00e9e de lecture estim\u00e9e\" \/>\n\t<meta name=\"twitter:data1\" content=\"1 minute\" \/>\n<script type=\"application\/ld+json\" class=\"yoast-schema-graph\">{\"@context\":\"https:\/\/schema.org\",\"@graph\":[{\"@type\":\"WebPage\",\"@id\":\"https:\/\/alfequipment.com\/product\/jms130-stainless-steel-split-body-colloid-grinder-and-industrial-colloidal-nut-almond-grinding-machine\/\",\"url\":\"https:\/\/alfequipment.com\/product\/jms130-stainless-steel-split-body-colloid-grinder-and-industrial-colloidal-nut-almond-grinding-machine\/\",\"name\":\"JMS130 stainless steel split body colloid grinder and Industrial colloidal nut almond grinding machine - ALF PACK\",\"isPartOf\":{\"@id\":\"https:\/\/alfequipment.com\/#website\"},\"primaryImageOfPage\":{\"@id\":\"https:\/\/alfequipment.com\/product\/jms130-stainless-steel-split-body-colloid-grinder-and-industrial-colloidal-nut-almond-grinding-machine\/#primaryimage\"},\"image\":{\"@id\":\"https:\/\/alfequipment.com\/product\/jms130-stainless-steel-split-body-colloid-grinder-and-industrial-colloidal-nut-almond-grinding-machine\/#primaryimage\"},\"thumbnailUrl\":\"https:\/\/alfequipment.com\/wp-content\/uploads\/2025\/01\/JMS130-stainless-steel-split-body-colloid-grinder.jpg\",\"datePublished\":\"2024-12-28T14:58:14+00:00\",\"dateModified\":\"2025-01-13T13:09:32+00:00\",\"breadcrumb\":{\"@id\":\"https:\/\/alfequipment.com\/product\/jms130-stainless-steel-split-body-colloid-grinder-and-industrial-colloidal-nut-almond-grinding-machine\/#breadcrumb\"},\"inLanguage\":\"fr-FR\",\"potentialAction\":[{\"@type\":\"ReadAction\",\"target\":[\"https:\/\/alfequipment.com\/product\/jms130-stainless-steel-split-body-colloid-grinder-and-industrial-colloidal-nut-almond-grinding-machine\/\"]}]},{\"@type\":\"ImageObject\",\"inLanguage\":\"fr-FR\",\"@id\":\"https:\/\/alfequipment.com\/product\/jms130-stainless-steel-split-body-colloid-grinder-and-industrial-colloidal-nut-almond-grinding-machine\/#primaryimage\",\"url\":\"https:\/\/alfequipment.com\/wp-content\/uploads\/2025\/01\/JMS130-stainless-steel-split-body-colloid-grinder.jpg\",\"contentUrl\":\"https:\/\/alfequipment.com\/wp-content\/uploads\/2025\/01\/JMS130-stainless-steel-split-body-colloid-grinder.jpg\",\"width\":800,\"height\":800},{\"@type\":\"BreadcrumbList\",\"@id\":\"https:\/\/alfequipment.com\/product\/jms130-stainless-steel-split-body-colloid-grinder-and-industrial-colloidal-nut-almond-grinding-machine\/#breadcrumb\",\"itemListElement\":[{\"@type\":\"ListItem\",\"position\":1,\"name\":\"Home\",\"item\":\"https:\/\/alfequipment.com\/\"},{\"@type\":\"ListItem\",\"position\":2,\"name\":\"Shop\",\"item\":\"https:\/\/alfequipment.com\/shop\/\"},{\"@type\":\"ListItem\",\"position\":3,\"name\":\"JMS130 stainless steel split body colloid grinder and Industrial colloidal nut almond grinding machine\"}]},{\"@type\":\"WebSite\",\"@id\":\"https:\/\/alfequipment.com\/#website\",\"url\":\"https:\/\/alfequipment.com\/\",\"name\":\"ALF PACK\",\"description\":\"\",\"publisher\":{\"@id\":\"https:\/\/alfequipment.com\/#organization\"},\"potentialAction\":[{\"@type\":\"SearchAction\",\"target\":{\"@type\":\"EntryPoint\",\"urlTemplate\":\"https:\/\/alfequipment.com\/?s={search_term_string}\"},\"query-input\":{\"@type\":\"PropertyValueSpecification\",\"valueRequired\":true,\"valueName\":\"search_term_string\"}}],\"inLanguage\":\"fr-FR\"},{\"@type\":\"Organization\",\"@id\":\"https:\/\/alfequipment.com\/#organization\",\"name\":\"ALF PACK\",\"url\":\"https:\/\/alfequipment.com\/\",\"logo\":{\"@type\":\"ImageObject\",\"inLanguage\":\"fr-FR\",\"@id\":\"https:\/\/alfequipment.com\/#\/schema\/logo\/image\/\",\"url\":\"https:\/\/alfequipment.com\/wp-content\/uploads\/2024\/11\/ALFlogo-2.webp\",\"contentUrl\":\"https:\/\/alfequipment.com\/wp-content\/uploads\/2024\/11\/ALFlogo-2.webp\",\"width\":758,\"height\":750,\"caption\":\"ALF PACK\"},\"image\":{\"@id\":\"https:\/\/alfequipment.com\/#\/schema\/logo\/image\/\"}}]}<\/script>\n<!-- \/ Yoast SEO Premium plugin. -->","yoast_head_json":{"title":"JMS130 broyeur collo\u00efdal en acier inoxydable \u00e0 corps divis\u00e9 et broyeur collo\u00efdal industriel de noix et d'amandes - ALF PACK","robots":{"index":"index","follow":"follow","max-snippet":"max-snippet:-1","max-image-preview":"max-image-preview:large","max-video-preview":"max-video-preview:-1"},"canonical":"https:\/\/alfequipment.com\/fr\/product\/broyeur-colloidal-en-acier-inoxydable-jms130-et-broyeur-colloidal-industriel-de-noix-et-damandes\/","og_locale":"fr_FR","og_type":"article","og_title":"JMS130 stainless steel split body colloid grinder and Industrial colloidal nut almond grinding machine","og_description":"Jms-130 Hot Sale In European Stainless Steel Split-body Colloid Grinder","og_url":"https:\/\/alfequipment.com\/fr\/product\/broyeur-colloidal-en-acier-inoxydable-jms130-et-broyeur-colloidal-industriel-de-noix-et-damandes\/","og_site_name":"ALF PACK","article_modified_time":"2025-01-13T13:09:32+00:00","og_image":[{"width":800,"height":800,"url":"https:\/\/alfequipment.com\/wp-content\/uploads\/2025\/01\/JMS130-stainless-steel-split-body-colloid-grinder.jpg","type":"image\/webp"}],"twitter_card":"summary_large_image","twitter_misc":{"Dur\u00e9e de lecture estim\u00e9e":"1 minute"},"schema":{"@context":"https:\/\/schema.org","@graph":[{"@type":"WebPage","@id":"https:\/\/alfequipment.com\/product\/jms130-stainless-steel-split-body-colloid-grinder-and-industrial-colloidal-nut-almond-grinding-machine\/","url":"https:\/\/alfequipment.com\/product\/jms130-stainless-steel-split-body-colloid-grinder-and-industrial-colloidal-nut-almond-grinding-machine\/","name":"JMS130 broyeur collo\u00efdal en acier inoxydable \u00e0 corps divis\u00e9 et broyeur collo\u00efdal industriel de noix et d'amandes - ALF PACK","isPartOf":{"@id":"https:\/\/alfequipment.com\/#website"},"primaryImageOfPage":{"@id":"https:\/\/alfequipment.com\/product\/jms130-stainless-steel-split-body-colloid-grinder-and-industrial-colloidal-nut-almond-grinding-machine\/#primaryimage"},"image":{"@id":"https:\/\/alfequipment.com\/product\/jms130-stainless-steel-split-body-colloid-grinder-and-industrial-colloidal-nut-almond-grinding-machine\/#primaryimage"},"thumbnailUrl":"https:\/\/alfequipment.com\/wp-content\/uploads\/2025\/01\/JMS130-stainless-steel-split-body-colloid-grinder.jpg","datePublished":"2024-12-28T14:58:14+00:00","dateModified":"2025-01-13T13:09:32+00:00","breadcrumb":{"@id":"https:\/\/alfequipment.com\/product\/jms130-stainless-steel-split-body-colloid-grinder-and-industrial-colloidal-nut-almond-grinding-machine\/#breadcrumb"},"inLanguage":"fr-FR","potentialAction":[{"@type":"ReadAction","target":["https:\/\/alfequipment.com\/product\/jms130-stainless-steel-split-body-colloid-grinder-and-industrial-colloidal-nut-almond-grinding-machine\/"]}]},{"@type":"ImageObject","inLanguage":"fr-FR","@id":"https:\/\/alfequipment.com\/product\/jms130-stainless-steel-split-body-colloid-grinder-and-industrial-colloidal-nut-almond-grinding-machine\/#primaryimage","url":"https:\/\/alfequipment.com\/wp-content\/uploads\/2025\/01\/JMS130-stainless-steel-split-body-colloid-grinder.jpg","contentUrl":"https:\/\/alfequipment.com\/wp-content\/uploads\/2025\/01\/JMS130-stainless-steel-split-body-colloid-grinder.jpg","width":800,"height":800},{"@type":"BreadcrumbList","@id":"https:\/\/alfequipment.com\/product\/jms130-stainless-steel-split-body-colloid-grinder-and-industrial-colloidal-nut-almond-grinding-machine\/#breadcrumb","itemListElement":[{"@type":"ListItem","position":1,"name":"Home","item":"https:\/\/alfequipment.com\/"},{"@type":"ListItem","position":2,"name":"Shop","item":"https:\/\/alfequipment.com\/shop\/"},{"@type":"ListItem","position":3,"name":"JMS130 stainless steel split body colloid grinder and Industrial colloidal nut almond grinding machine"}]},{"@type":"WebSite","@id":"https:\/\/alfequipment.com\/#website","url":"https:\/\/alfequipment.com\/","name":"PACK ALF","description":"","publisher":{"@id":"https:\/\/alfequipment.com\/#organization"},"potentialAction":[{"@type":"SearchAction","target":{"@type":"EntryPoint","urlTemplate":"https:\/\/alfequipment.com\/?s={search_term_string}"},"query-input":{"@type":"PropertyValueSpecification","valueRequired":true,"valueName":"search_term_string"}}],"inLanguage":"fr-FR"},{"@type":"Organization","@id":"https:\/\/alfequipment.com\/#organization","name":"PACK ALF","url":"https:\/\/alfequipment.com\/","logo":{"@type":"ImageObject","inLanguage":"fr-FR","@id":"https:\/\/alfequipment.com\/#\/schema\/logo\/image\/","url":"https:\/\/alfequipment.com\/wp-content\/uploads\/2024\/11\/ALFlogo-2.webp","contentUrl":"https:\/\/alfequipment.com\/wp-content\/uploads\/2024\/11\/ALFlogo-2.webp","width":758,"height":750,"caption":"ALF PACK"},"image":{"@id":"https:\/\/alfequipment.com\/#\/schema\/logo\/image\/"}}]}},"_links":{"self":[{"href":"https:\/\/alfequipment.com\/fr\/wp-json\/wp\/v2\/product\/2986","targetHints":{"allow":["GET"]}}],"collection":[{"href":"https:\/\/alfequipment.com\/fr\/wp-json\/wp\/v2\/product"}],"about":[{"href":"https:\/\/alfequipment.com\/fr\/wp-json\/wp\/v2\/types\/product"}],"replies":[{"embeddable":true,"href":"https:\/\/alfequipment.com\/fr\/wp-json\/wp\/v2\/comments?post=2986"}],"version-history":[{"count":0,"href":"https:\/\/alfequipment.com\/fr\/wp-json\/wp\/v2\/product\/2986\/revisions"}],"wp:featuredmedia":[{"embeddable":true,"href":"https:\/\/alfequipment.com\/fr\/wp-json\/wp\/v2\/media\/2806"}],"wp:attachment":[{"href":"https:\/\/alfequipment.com\/fr\/wp-json\/wp\/v2\/media?parent=2986"}],"wp:term":[{"taxonomy":"product_brand","embeddable":true,"href":"https:\/\/alfequipment.com\/fr\/wp-json\/wp\/v2\/product_brand?post=2986"},{"taxonomy":"product_cat","embeddable":true,"href":"https:\/\/alfequipment.com\/fr\/wp-json\/wp\/v2\/product_cat?post=2986"},{"taxonomy":"product_tag","embeddable":true,"href":"https:\/\/alfequipment.com\/fr\/wp-json\/wp\/v2\/product_tag?post=2986"}],"curies":[{"name":"wp","href":"https:\/\/api.w.org\/{rel}","templated":true}]}}