{"id":2988,"date":"2024-12-03T17:50:01","date_gmt":"2024-12-03T17:50:01","guid":{"rendered":"https:\/\/alfequipment.com\/product\/jms50-split-body-colloid-grinder-and-industrial-colloidal-nut-almond-grinding-machine\/"},"modified":"2025-01-13T13:09:33","modified_gmt":"2025-01-13T13:09:33","slug":"broyeur-colloidal-a-corps-divise-jms50-et-broyeur-colloidal-industriel-de-noix-et-damandes","status":"publish","type":"product","link":"https:\/\/alfequipment.com\/fr\/product\/broyeur-colloidal-a-corps-divise-jms50-et-broyeur-colloidal-industriel-de-noix-et-damandes\/","title":{"rendered":"JMS50 Broyeur collo\u00efdal \u00e0 corps divis\u00e9 et broyeur collo\u00efdal industriel de noix et d'amandes"},"content":{"rendered":"<table class=\"aliDataTable\" border=\"0\" cellspacing=\"0\" cellpadding=\"0\" style=\"width: 484px;\">\n<tbody>\n<tr>\n<td>\n<p>Mod\u00e8le<\/p>\n<\/td>\n<td>\n<p><span style=\"color: #ff0000;\">JMS-50<\/span><\/p>\n<\/td>\n<td>\n<p>JMS-60<\/p>\n<\/td>\n<\/tr>\n<tr>\n<td>\n<p>Tension<\/p>\n<\/td>\n<td colspan=\"2\">\n<p style=\"text-align: center;\"><span style=\"color: #ff0000;\">3 phases 220\/380V 50-60HZ<\/span><\/p>\n<\/td>\n<\/tr>\n<tr>\n<td>\n<p>Puissance<\/p>\n<\/td>\n<td>\n<p><span style=\"color: #ff0000;\">0,75KW<\/span><\/p>\n<\/td>\n<td>\n<p>1,5KW<\/p>\n<\/td>\n<\/tr>\n<tr>\n<td>\n<p>Pr\u00e9cision des granul\u00e9s<\/p>\n<\/td>\n<td>\n<p><span style=\"color: #ff0000;\">2-50\u03bcm<\/span><\/p>\n<\/td>\n<td>\n<p>2-50\u03bcm<\/p>\n<\/td>\n<\/tr>\n<tr>\n<td>\n<p>Sortie<\/p>\n<\/td>\n<td>\n<p><span style=\"color: #ff0000;\">20-50KG\/H<\/span><\/p>\n<\/td>\n<td>\n<p>50-500KG\/H<\/p>\n<\/td>\n<\/tr>\n<tr>\n<td>\n<p>Poids<\/p>\n<\/td>\n<td>\n<p><span style=\"color: #ff0000;\">35 kg<\/span><\/p>\n<\/td>\n<td>\n<p>50 kg<\/p>\n<\/td>\n<\/tr>\n<tr>\n<td>\n<p>Taille de la machine<\/p>\n<\/td>\n<td>\n<p><span style=\"color: #ff0000;\">450*205*470mm<\/span><\/p>\n<\/td>\n<td>\n<p>650*255*510mm<\/p>\n<\/td>\n<\/tr>\n<\/tbody>\n<\/table>\n<p>&nbsp;<\/p>\n<p>&nbsp;<img decoding=\"async\" src=\"https:\/\/sc01.alicdn.com\/kf\/Hbd06b95c43194d1f8a1b6b0a84e238d5D\/64496\/Hbd06b95c43194d1f8a1b6b0a84e238d5D.jpg\" data-width=\"600\" data-height=\"600\" class=\"aligncenter\"><\/p>\n<div id=\"ali-anchor-AliPostDhMb-qxg71\" style=\"padding-top: 8px;\" data-section-title=\"Company Information\" data-section=\"AliPostDhMb-qxg71\">\n<div id=\"ali-title-AliPostDhMb-qxg71\" style=\"padding: 8px 0; border-bottom: 1px solid #ddd;\"><\/div>\n<\/div>","protected":false},"excerpt":{"rendered":"<p>Jms-50 Broyeur collo\u00efdal \u00e0 corps divis\u00e9 (utilisation facile)<\/p>","protected":false},"featured_media":2810,"comment_status":"closed","ping_status":"open","template":"","meta":[],"product_brand":[],"product_cat":[109],"product_tag":[],"class_list":{"0":"post-2988","1":"product","2":"type-product","3":"status-publish","4":"has-post-thumbnail","6":"product_cat-nuts-processing-machines","8":"first","9":"instock","10":"sale","11":"purchasable","12":"product-type-simple"},"yoast_head":"<!-- This site is optimized with the Yoast SEO Premium plugin v20.9 (Yoast SEO v26.5) - https:\/\/yoast.com\/wordpress\/plugins\/seo\/ -->\n<title>JMS50 Split body colloid grinder and Industrial colloidal nut almond grinding machine - ALF PACK<\/title>\n<meta name=\"robots\" content=\"index, follow, max-snippet:-1, max-image-preview:large, max-video-preview:-1\" \/>\n<link rel=\"canonical\" href=\"https:\/\/alfequipment.com\/fr\/product\/broyeur-colloidal-a-corps-divise-jms50-et-broyeur-colloidal-industriel-de-noix-et-damandes\/\" \/>\n<meta property=\"og:locale\" content=\"fr_FR\" \/>\n<meta property=\"og:type\" content=\"article\" \/>\n<meta property=\"og:title\" content=\"JMS50 Split body colloid grinder and Industrial colloidal nut almond grinding machine\" \/>\n<meta property=\"og:description\" content=\"Jms-50 Split-body Colloid Grinder (easy Operation)\" \/>\n<meta property=\"og:url\" content=\"https:\/\/alfequipment.com\/fr\/product\/broyeur-colloidal-a-corps-divise-jms50-et-broyeur-colloidal-industriel-de-noix-et-damandes\/\" \/>\n<meta property=\"og:site_name\" content=\"ALF PACK\" \/>\n<meta property=\"article:modified_time\" content=\"2025-01-13T13:09:33+00:00\" \/>\n<meta property=\"og:image\" content=\"https:\/\/alfequipment.com\/wp-content\/uploads\/2025\/01\/JMS50-Split-body-colloid-grinder-and-Industrial.jpg\" \/>\n\t<meta property=\"og:image:width\" content=\"800\" \/>\n\t<meta property=\"og:image:height\" content=\"800\" \/>\n\t<meta property=\"og:image:type\" content=\"image\/webp\" \/>\n<meta name=\"twitter:card\" content=\"summary_large_image\" \/>\n<script type=\"application\/ld+json\" class=\"yoast-schema-graph\">{\"@context\":\"https:\/\/schema.org\",\"@graph\":[{\"@type\":\"WebPage\",\"@id\":\"https:\/\/alfequipment.com\/product\/jms50-split-body-colloid-grinder-and-industrial-colloidal-nut-almond-grinding-machine\/\",\"url\":\"https:\/\/alfequipment.com\/product\/jms50-split-body-colloid-grinder-and-industrial-colloidal-nut-almond-grinding-machine\/\",\"name\":\"JMS50 Split body colloid grinder and Industrial colloidal nut almond grinding machine - ALF PACK\",\"isPartOf\":{\"@id\":\"https:\/\/alfequipment.com\/#website\"},\"primaryImageOfPage\":{\"@id\":\"https:\/\/alfequipment.com\/product\/jms50-split-body-colloid-grinder-and-industrial-colloidal-nut-almond-grinding-machine\/#primaryimage\"},\"image\":{\"@id\":\"https:\/\/alfequipment.com\/product\/jms50-split-body-colloid-grinder-and-industrial-colloidal-nut-almond-grinding-machine\/#primaryimage\"},\"thumbnailUrl\":\"https:\/\/alfequipment.com\/wp-content\/uploads\/2025\/01\/JMS50-Split-body-colloid-grinder-and-Industrial.jpg\",\"datePublished\":\"2024-12-03T17:50:01+00:00\",\"dateModified\":\"2025-01-13T13:09:33+00:00\",\"breadcrumb\":{\"@id\":\"https:\/\/alfequipment.com\/product\/jms50-split-body-colloid-grinder-and-industrial-colloidal-nut-almond-grinding-machine\/#breadcrumb\"},\"inLanguage\":\"fr-FR\",\"potentialAction\":[{\"@type\":\"ReadAction\",\"target\":[\"https:\/\/alfequipment.com\/product\/jms50-split-body-colloid-grinder-and-industrial-colloidal-nut-almond-grinding-machine\/\"]}]},{\"@type\":\"ImageObject\",\"inLanguage\":\"fr-FR\",\"@id\":\"https:\/\/alfequipment.com\/product\/jms50-split-body-colloid-grinder-and-industrial-colloidal-nut-almond-grinding-machine\/#primaryimage\",\"url\":\"https:\/\/alfequipment.com\/wp-content\/uploads\/2025\/01\/JMS50-Split-body-colloid-grinder-and-Industrial.jpg\",\"contentUrl\":\"https:\/\/alfequipment.com\/wp-content\/uploads\/2025\/01\/JMS50-Split-body-colloid-grinder-and-Industrial.jpg\",\"width\":800,\"height\":800},{\"@type\":\"BreadcrumbList\",\"@id\":\"https:\/\/alfequipment.com\/product\/jms50-split-body-colloid-grinder-and-industrial-colloidal-nut-almond-grinding-machine\/#breadcrumb\",\"itemListElement\":[{\"@type\":\"ListItem\",\"position\":1,\"name\":\"Home\",\"item\":\"https:\/\/alfequipment.com\/\"},{\"@type\":\"ListItem\",\"position\":2,\"name\":\"Shop\",\"item\":\"https:\/\/alfequipment.com\/shop\/\"},{\"@type\":\"ListItem\",\"position\":3,\"name\":\"JMS50 Split body colloid grinder and Industrial colloidal nut almond grinding machine\"}]},{\"@type\":\"WebSite\",\"@id\":\"https:\/\/alfequipment.com\/#website\",\"url\":\"https:\/\/alfequipment.com\/\",\"name\":\"ALF PACK\",\"description\":\"\",\"publisher\":{\"@id\":\"https:\/\/alfequipment.com\/#organization\"},\"potentialAction\":[{\"@type\":\"SearchAction\",\"target\":{\"@type\":\"EntryPoint\",\"urlTemplate\":\"https:\/\/alfequipment.com\/?s={search_term_string}\"},\"query-input\":{\"@type\":\"PropertyValueSpecification\",\"valueRequired\":true,\"valueName\":\"search_term_string\"}}],\"inLanguage\":\"fr-FR\"},{\"@type\":\"Organization\",\"@id\":\"https:\/\/alfequipment.com\/#organization\",\"name\":\"ALF PACK\",\"url\":\"https:\/\/alfequipment.com\/\",\"logo\":{\"@type\":\"ImageObject\",\"inLanguage\":\"fr-FR\",\"@id\":\"https:\/\/alfequipment.com\/#\/schema\/logo\/image\/\",\"url\":\"https:\/\/alfequipment.com\/wp-content\/uploads\/2024\/11\/ALFlogo-2.webp\",\"contentUrl\":\"https:\/\/alfequipment.com\/wp-content\/uploads\/2024\/11\/ALFlogo-2.webp\",\"width\":758,\"height\":750,\"caption\":\"ALF PACK\"},\"image\":{\"@id\":\"https:\/\/alfequipment.com\/#\/schema\/logo\/image\/\"}}]}<\/script>\n<!-- \/ Yoast SEO Premium plugin. -->","yoast_head_json":{"title":"JMS50 Broyeur collo\u00efdal \u00e0 corps divis\u00e9 et broyeur collo\u00efdal industriel de noix et d'amandes - ALF PACK","robots":{"index":"index","follow":"follow","max-snippet":"max-snippet:-1","max-image-preview":"max-image-preview:large","max-video-preview":"max-video-preview:-1"},"canonical":"https:\/\/alfequipment.com\/fr\/product\/broyeur-colloidal-a-corps-divise-jms50-et-broyeur-colloidal-industriel-de-noix-et-damandes\/","og_locale":"fr_FR","og_type":"article","og_title":"JMS50 Split body colloid grinder and Industrial colloidal nut almond grinding machine","og_description":"Jms-50 Split-body Colloid Grinder (easy Operation)","og_url":"https:\/\/alfequipment.com\/fr\/product\/broyeur-colloidal-a-corps-divise-jms50-et-broyeur-colloidal-industriel-de-noix-et-damandes\/","og_site_name":"ALF PACK","article_modified_time":"2025-01-13T13:09:33+00:00","og_image":[{"width":800,"height":800,"url":"https:\/\/alfequipment.com\/wp-content\/uploads\/2025\/01\/JMS50-Split-body-colloid-grinder-and-Industrial.jpg","type":"image\/webp"}],"twitter_card":"summary_large_image","schema":{"@context":"https:\/\/schema.org","@graph":[{"@type":"WebPage","@id":"https:\/\/alfequipment.com\/product\/jms50-split-body-colloid-grinder-and-industrial-colloidal-nut-almond-grinding-machine\/","url":"https:\/\/alfequipment.com\/product\/jms50-split-body-colloid-grinder-and-industrial-colloidal-nut-almond-grinding-machine\/","name":"JMS50 Broyeur collo\u00efdal \u00e0 corps divis\u00e9 et broyeur collo\u00efdal industriel de noix et d'amandes - ALF PACK","isPartOf":{"@id":"https:\/\/alfequipment.com\/#website"},"primaryImageOfPage":{"@id":"https:\/\/alfequipment.com\/product\/jms50-split-body-colloid-grinder-and-industrial-colloidal-nut-almond-grinding-machine\/#primaryimage"},"image":{"@id":"https:\/\/alfequipment.com\/product\/jms50-split-body-colloid-grinder-and-industrial-colloidal-nut-almond-grinding-machine\/#primaryimage"},"thumbnailUrl":"https:\/\/alfequipment.com\/wp-content\/uploads\/2025\/01\/JMS50-Split-body-colloid-grinder-and-Industrial.jpg","datePublished":"2024-12-03T17:50:01+00:00","dateModified":"2025-01-13T13:09:33+00:00","breadcrumb":{"@id":"https:\/\/alfequipment.com\/product\/jms50-split-body-colloid-grinder-and-industrial-colloidal-nut-almond-grinding-machine\/#breadcrumb"},"inLanguage":"fr-FR","potentialAction":[{"@type":"ReadAction","target":["https:\/\/alfequipment.com\/product\/jms50-split-body-colloid-grinder-and-industrial-colloidal-nut-almond-grinding-machine\/"]}]},{"@type":"ImageObject","inLanguage":"fr-FR","@id":"https:\/\/alfequipment.com\/product\/jms50-split-body-colloid-grinder-and-industrial-colloidal-nut-almond-grinding-machine\/#primaryimage","url":"https:\/\/alfequipment.com\/wp-content\/uploads\/2025\/01\/JMS50-Split-body-colloid-grinder-and-Industrial.jpg","contentUrl":"https:\/\/alfequipment.com\/wp-content\/uploads\/2025\/01\/JMS50-Split-body-colloid-grinder-and-Industrial.jpg","width":800,"height":800},{"@type":"BreadcrumbList","@id":"https:\/\/alfequipment.com\/product\/jms50-split-body-colloid-grinder-and-industrial-colloidal-nut-almond-grinding-machine\/#breadcrumb","itemListElement":[{"@type":"ListItem","position":1,"name":"Home","item":"https:\/\/alfequipment.com\/"},{"@type":"ListItem","position":2,"name":"Shop","item":"https:\/\/alfequipment.com\/shop\/"},{"@type":"ListItem","position":3,"name":"JMS50 Split body colloid grinder and Industrial colloidal nut almond grinding machine"}]},{"@type":"WebSite","@id":"https:\/\/alfequipment.com\/#website","url":"https:\/\/alfequipment.com\/","name":"PACK ALF","description":"","publisher":{"@id":"https:\/\/alfequipment.com\/#organization"},"potentialAction":[{"@type":"SearchAction","target":{"@type":"EntryPoint","urlTemplate":"https:\/\/alfequipment.com\/?s={search_term_string}"},"query-input":{"@type":"PropertyValueSpecification","valueRequired":true,"valueName":"search_term_string"}}],"inLanguage":"fr-FR"},{"@type":"Organization","@id":"https:\/\/alfequipment.com\/#organization","name":"PACK ALF","url":"https:\/\/alfequipment.com\/","logo":{"@type":"ImageObject","inLanguage":"fr-FR","@id":"https:\/\/alfequipment.com\/#\/schema\/logo\/image\/","url":"https:\/\/alfequipment.com\/wp-content\/uploads\/2024\/11\/ALFlogo-2.webp","contentUrl":"https:\/\/alfequipment.com\/wp-content\/uploads\/2024\/11\/ALFlogo-2.webp","width":758,"height":750,"caption":"ALF PACK"},"image":{"@id":"https:\/\/alfequipment.com\/#\/schema\/logo\/image\/"}}]}},"_links":{"self":[{"href":"https:\/\/alfequipment.com\/fr\/wp-json\/wp\/v2\/product\/2988","targetHints":{"allow":["GET"]}}],"collection":[{"href":"https:\/\/alfequipment.com\/fr\/wp-json\/wp\/v2\/product"}],"about":[{"href":"https:\/\/alfequipment.com\/fr\/wp-json\/wp\/v2\/types\/product"}],"replies":[{"embeddable":true,"href":"https:\/\/alfequipment.com\/fr\/wp-json\/wp\/v2\/comments?post=2988"}],"version-history":[{"count":0,"href":"https:\/\/alfequipment.com\/fr\/wp-json\/wp\/v2\/product\/2988\/revisions"}],"wp:featuredmedia":[{"embeddable":true,"href":"https:\/\/alfequipment.com\/fr\/wp-json\/wp\/v2\/media\/2810"}],"wp:attachment":[{"href":"https:\/\/alfequipment.com\/fr\/wp-json\/wp\/v2\/media?parent=2988"}],"wp:term":[{"taxonomy":"product_brand","embeddable":true,"href":"https:\/\/alfequipment.com\/fr\/wp-json\/wp\/v2\/product_brand?post=2988"},{"taxonomy":"product_cat","embeddable":true,"href":"https:\/\/alfequipment.com\/fr\/wp-json\/wp\/v2\/product_cat?post=2988"},{"taxonomy":"product_tag","embeddable":true,"href":"https:\/\/alfequipment.com\/fr\/wp-json\/wp\/v2\/product_tag?post=2988"}],"curies":[{"name":"wp","href":"https:\/\/api.w.org\/{rel}","templated":true}]}}