{"id":2991,"date":"2025-01-03T21:57:36","date_gmt":"2025-01-03T21:57:36","guid":{"rendered":"https:\/\/alfequipment.com\/product\/gc-bl-semi-automatic-pneumatic-liquid-filling-machine\/"},"modified":"2025-01-13T13:09:35","modified_gmt":"2025-01-13T13:09:35","slug":"machine-de-remplissage-pneumatique-semi-automatique-de-liquides-gc-bl","status":"publish","type":"product","link":"https:\/\/alfequipment.com\/fr\/product\/machine-de-remplissage-pneumatique-semi-automatique-de-liquides-gc-bl\/","title":{"rendered":"GC-BL Remplisseuse pneumatique semi-automatique pour liquides"},"content":{"rendered":"<p><span style=\"font-size: 12pt;\">Adopte des pi\u00e8ces pneumatiques de pointe de Taiwan AIRTAC. La simplicit\u00e9 d'utilisation est la principale caract\u00e9ristique de la machine. Le piston et la tr\u00e9mie du cylindre sont fabriqu\u00e9s en acier inoxydable 304 et en polyt\u00e9trafluorothyl\u00e8ne (PTEF). Il est conforme aux exigences GMP. La plage de remplissage et la vitesse sont r\u00e9glables. L'unit\u00e9 de remplissage est \u00e9tanche aux fuites et \u00e0 l'arrachage de la soie. La machine peut \u00eatre transform\u00e9e en unit\u00e9 de remplissage \u00e0 t\u00eates multiples, r\u00e9sistante \u00e0 l'\u00e9clatement et \u00e0 l'inondation selon les besoins des clients.<\/span><\/p>\n<p><span style=\"font-size: 12pt;\">&nbsp;<\/span><\/p>\n<p><strong><span style=\"font-size: 12pt;\">Sp\u00e9cification :<\/span><\/strong><\/p>\n<table class=\"aliDataTable\" border=\"0\" cellspacing=\"0\" cellpadding=\"0\">\n<tbody>\n<tr style=\"height: 14.25pt;\" align=\"center\">\n<td style=\"background-color: white; width: 144.75pt;\" valign=\"top\">\n<p><span style=\"font-size: 10pt;\">Mod\u00e8le<\/span><\/p>\n<\/td>\n<td style=\"background-color: white; width: 87.2pt;\" valign=\"top\">\n<p><span style=\"font-size: 10pt; color: #ff0000;\">GC-BL<\/span><\/p>\n<\/td>\n<td style=\"background-color: white; width: 128.8pt;\" valign=\"top\">\n<p><span style=\"font-size: 10pt;\">GC-BL\/2<\/span><\/p>\n<\/td>\n<\/tr>\n<tr style=\"height: 14.25pt;\" align=\"center\">\n<td style=\"background-color: white;\" valign=\"top\">\n<p><span style=\"font-size: 10pt;\">Type de remplissage<\/span><\/p>\n<\/td>\n<td style=\"background-color: white;\" valign=\"top\">\n<p><span style=\"font-size: 10pt; color: #ff0000;\">Une buse<\/span><\/p>\n<\/td>\n<td style=\"background-color: white;\" valign=\"top\">\n<p><span style=\"font-size: 10pt;\">Double buse<\/span><\/p>\n<\/td>\n<\/tr>\n<tr style=\"height: 21.15pt;\" align=\"center\">\n<td style=\"background-color: white;\" valign=\"top\">\n<p><span style=\"font-size: 10pt;\">Alimentation en air<\/span><\/p>\n<\/td>\n<td style=\"background-color: white;\" valign=\"top\">\n<p><span style=\"color: #ff0000;\"><span style=\"font-size: 10pt;\">0.2m<\/span><span style=\"font-size: 10pt;\">\u00b3<\/span><span style=\"font-size: 10pt;\">\/min<\/span><\/span><\/p>\n<\/td>\n<td style=\"background-color: white;\" valign=\"top\">\n<p><span style=\"font-size: 10pt;\">0.4 m<\/span><span style=\"font-size: 10pt;\">\u00b3<\/span><span style=\"font-size: 10pt;\">\/min<\/span><\/p>\n<\/td>\n<\/tr>\n<tr style=\"height: 12.55pt;\" align=\"center\">\n<td style=\"background-color: white;\" valign=\"top\">\n<p><span style=\"font-size: 10pt;\">Plage de remplissage<\/span><\/p>\n<\/td>\n<td style=\"background-color: white;\" valign=\"top\">\n<p><span style=\"font-size: 10pt; color: #ff0000;\">100-1000ml<\/span><\/p>\n<\/td>\n<td style=\"background-color: white;\" valign=\"top\">\n<p><span style=\"font-size: 10pt;\">100-1000ml<\/span><\/p>\n<\/td>\n<\/tr>\n<tr style=\"height: 12.55pt;\" align=\"center\">\n<td style=\"background-color: white;\" valign=\"top\">\n<p><span style=\"font-size: 10pt;\">l'efficacit\u00e9<\/span><\/p>\n<\/td>\n<td style=\"background-color: white;\" valign=\"top\">\n<p><span style=\"font-size: 10pt; color: #ff0000;\">800-2000b\/h<\/span><\/p>\n<\/td>\n<td style=\"background-color: white;\" valign=\"top\">\n<p><span style=\"font-size: 10pt;\">1500-3800b\/h<\/span><\/p>\n<\/td>\n<\/tr>\n<\/tbody>\n<\/table>\n<p>&nbsp;<\/p>\n<p>&nbsp;<\/p><\/p>","protected":false},"excerpt":{"rendered":"<p>Remplisseur de liquide semi-automatique Gc-bl<\/p>","protected":false},"featured_media":2816,"comment_status":"closed","ping_status":"open","template":"","meta":[],"product_brand":[],"product_cat":[101],"product_tag":[],"class_list":{"0":"post-2991","1":"product","2":"type-product","3":"status-publish","4":"has-post-thumbnail","6":"product_cat-filling-machines","8":"first","9":"instock","10":"sale","11":"purchasable","12":"product-type-simple"},"yoast_head":"<!-- This site is optimized with the Yoast SEO Premium plugin v20.9 (Yoast SEO v26.5) - https:\/\/yoast.com\/wordpress\/plugins\/seo\/ -->\n<title>GC-BL Semi-automatic pneumatic liquid filling machine - ALF PACK<\/title>\n<meta name=\"robots\" content=\"index, follow, max-snippet:-1, max-image-preview:large, max-video-preview:-1\" \/>\n<link rel=\"canonical\" href=\"https:\/\/alfequipment.com\/fr\/product\/machine-de-remplissage-pneumatique-semi-automatique-de-liquides-gc-bl\/\" \/>\n<meta property=\"og:locale\" content=\"fr_FR\" \/>\n<meta property=\"og:type\" content=\"article\" \/>\n<meta property=\"og:title\" content=\"GC-BL Semi-automatic pneumatic liquid filling machine\" \/>\n<meta property=\"og:description\" content=\"Gc-bl Semi-auto Liquid Filler\" \/>\n<meta property=\"og:url\" content=\"https:\/\/alfequipment.com\/fr\/product\/machine-de-remplissage-pneumatique-semi-automatique-de-liquides-gc-bl\/\" \/>\n<meta property=\"og:site_name\" content=\"ALF PACK\" \/>\n<meta property=\"article:modified_time\" content=\"2025-01-13T13:09:35+00:00\" \/>\n<meta property=\"og:image\" content=\"https:\/\/alfequipment.com\/wp-content\/uploads\/2025\/01\/GC-BL-Semi-automatic-pneumatic-liquid-filling.jpg\" \/>\n\t<meta property=\"og:image:width\" content=\"800\" \/>\n\t<meta property=\"og:image:height\" content=\"800\" \/>\n\t<meta property=\"og:image:type\" content=\"image\/webp\" \/>\n<meta name=\"twitter:card\" content=\"summary_large_image\" \/>\n<script type=\"application\/ld+json\" class=\"yoast-schema-graph\">{\"@context\":\"https:\/\/schema.org\",\"@graph\":[{\"@type\":\"WebPage\",\"@id\":\"https:\/\/alfequipment.com\/product\/gc-bl-semi-automatic-pneumatic-liquid-filling-machine\/\",\"url\":\"https:\/\/alfequipment.com\/product\/gc-bl-semi-automatic-pneumatic-liquid-filling-machine\/\",\"name\":\"GC-BL Semi-automatic pneumatic liquid filling machine - ALF PACK\",\"isPartOf\":{\"@id\":\"https:\/\/alfequipment.com\/#website\"},\"primaryImageOfPage\":{\"@id\":\"https:\/\/alfequipment.com\/product\/gc-bl-semi-automatic-pneumatic-liquid-filling-machine\/#primaryimage\"},\"image\":{\"@id\":\"https:\/\/alfequipment.com\/product\/gc-bl-semi-automatic-pneumatic-liquid-filling-machine\/#primaryimage\"},\"thumbnailUrl\":\"https:\/\/alfequipment.com\/wp-content\/uploads\/2025\/01\/GC-BL-Semi-automatic-pneumatic-liquid-filling.jpg\",\"datePublished\":\"2025-01-03T21:57:36+00:00\",\"dateModified\":\"2025-01-13T13:09:35+00:00\",\"breadcrumb\":{\"@id\":\"https:\/\/alfequipment.com\/product\/gc-bl-semi-automatic-pneumatic-liquid-filling-machine\/#breadcrumb\"},\"inLanguage\":\"fr-FR\",\"potentialAction\":[{\"@type\":\"ReadAction\",\"target\":[\"https:\/\/alfequipment.com\/product\/gc-bl-semi-automatic-pneumatic-liquid-filling-machine\/\"]}]},{\"@type\":\"ImageObject\",\"inLanguage\":\"fr-FR\",\"@id\":\"https:\/\/alfequipment.com\/product\/gc-bl-semi-automatic-pneumatic-liquid-filling-machine\/#primaryimage\",\"url\":\"https:\/\/alfequipment.com\/wp-content\/uploads\/2025\/01\/GC-BL-Semi-automatic-pneumatic-liquid-filling.jpg\",\"contentUrl\":\"https:\/\/alfequipment.com\/wp-content\/uploads\/2025\/01\/GC-BL-Semi-automatic-pneumatic-liquid-filling.jpg\",\"width\":800,\"height\":800},{\"@type\":\"BreadcrumbList\",\"@id\":\"https:\/\/alfequipment.com\/product\/gc-bl-semi-automatic-pneumatic-liquid-filling-machine\/#breadcrumb\",\"itemListElement\":[{\"@type\":\"ListItem\",\"position\":1,\"name\":\"Home\",\"item\":\"https:\/\/alfequipment.com\/\"},{\"@type\":\"ListItem\",\"position\":2,\"name\":\"Shop\",\"item\":\"https:\/\/alfequipment.com\/shop\/\"},{\"@type\":\"ListItem\",\"position\":3,\"name\":\"GC-BL Semi-automatic pneumatic liquid filling machine\"}]},{\"@type\":\"WebSite\",\"@id\":\"https:\/\/alfequipment.com\/#website\",\"url\":\"https:\/\/alfequipment.com\/\",\"name\":\"ALF PACK\",\"description\":\"\",\"publisher\":{\"@id\":\"https:\/\/alfequipment.com\/#organization\"},\"potentialAction\":[{\"@type\":\"SearchAction\",\"target\":{\"@type\":\"EntryPoint\",\"urlTemplate\":\"https:\/\/alfequipment.com\/?s={search_term_string}\"},\"query-input\":{\"@type\":\"PropertyValueSpecification\",\"valueRequired\":true,\"valueName\":\"search_term_string\"}}],\"inLanguage\":\"fr-FR\"},{\"@type\":\"Organization\",\"@id\":\"https:\/\/alfequipment.com\/#organization\",\"name\":\"ALF PACK\",\"url\":\"https:\/\/alfequipment.com\/\",\"logo\":{\"@type\":\"ImageObject\",\"inLanguage\":\"fr-FR\",\"@id\":\"https:\/\/alfequipment.com\/#\/schema\/logo\/image\/\",\"url\":\"https:\/\/alfequipment.com\/wp-content\/uploads\/2024\/11\/ALFlogo-2.webp\",\"contentUrl\":\"https:\/\/alfequipment.com\/wp-content\/uploads\/2024\/11\/ALFlogo-2.webp\",\"width\":758,\"height\":750,\"caption\":\"ALF PACK\"},\"image\":{\"@id\":\"https:\/\/alfequipment.com\/#\/schema\/logo\/image\/\"}}]}<\/script>\n<!-- \/ Yoast SEO Premium plugin. -->","yoast_head_json":{"title":"GC-BL Remplisseuse pneumatique semi-automatique pour liquides - ALF PACK","robots":{"index":"index","follow":"follow","max-snippet":"max-snippet:-1","max-image-preview":"max-image-preview:large","max-video-preview":"max-video-preview:-1"},"canonical":"https:\/\/alfequipment.com\/fr\/product\/machine-de-remplissage-pneumatique-semi-automatique-de-liquides-gc-bl\/","og_locale":"fr_FR","og_type":"article","og_title":"GC-BL Semi-automatic pneumatic liquid filling machine","og_description":"Gc-bl Semi-auto Liquid Filler","og_url":"https:\/\/alfequipment.com\/fr\/product\/machine-de-remplissage-pneumatique-semi-automatique-de-liquides-gc-bl\/","og_site_name":"ALF PACK","article_modified_time":"2025-01-13T13:09:35+00:00","og_image":[{"width":800,"height":800,"url":"https:\/\/alfequipment.com\/wp-content\/uploads\/2025\/01\/GC-BL-Semi-automatic-pneumatic-liquid-filling.jpg","type":"image\/webp"}],"twitter_card":"summary_large_image","schema":{"@context":"https:\/\/schema.org","@graph":[{"@type":"WebPage","@id":"https:\/\/alfequipment.com\/product\/gc-bl-semi-automatic-pneumatic-liquid-filling-machine\/","url":"https:\/\/alfequipment.com\/product\/gc-bl-semi-automatic-pneumatic-liquid-filling-machine\/","name":"GC-BL Remplisseuse pneumatique semi-automatique pour liquides - ALF PACK","isPartOf":{"@id":"https:\/\/alfequipment.com\/#website"},"primaryImageOfPage":{"@id":"https:\/\/alfequipment.com\/product\/gc-bl-semi-automatic-pneumatic-liquid-filling-machine\/#primaryimage"},"image":{"@id":"https:\/\/alfequipment.com\/product\/gc-bl-semi-automatic-pneumatic-liquid-filling-machine\/#primaryimage"},"thumbnailUrl":"https:\/\/alfequipment.com\/wp-content\/uploads\/2025\/01\/GC-BL-Semi-automatic-pneumatic-liquid-filling.jpg","datePublished":"2025-01-03T21:57:36+00:00","dateModified":"2025-01-13T13:09:35+00:00","breadcrumb":{"@id":"https:\/\/alfequipment.com\/product\/gc-bl-semi-automatic-pneumatic-liquid-filling-machine\/#breadcrumb"},"inLanguage":"fr-FR","potentialAction":[{"@type":"ReadAction","target":["https:\/\/alfequipment.com\/product\/gc-bl-semi-automatic-pneumatic-liquid-filling-machine\/"]}]},{"@type":"ImageObject","inLanguage":"fr-FR","@id":"https:\/\/alfequipment.com\/product\/gc-bl-semi-automatic-pneumatic-liquid-filling-machine\/#primaryimage","url":"https:\/\/alfequipment.com\/wp-content\/uploads\/2025\/01\/GC-BL-Semi-automatic-pneumatic-liquid-filling.jpg","contentUrl":"https:\/\/alfequipment.com\/wp-content\/uploads\/2025\/01\/GC-BL-Semi-automatic-pneumatic-liquid-filling.jpg","width":800,"height":800},{"@type":"BreadcrumbList","@id":"https:\/\/alfequipment.com\/product\/gc-bl-semi-automatic-pneumatic-liquid-filling-machine\/#breadcrumb","itemListElement":[{"@type":"ListItem","position":1,"name":"Home","item":"https:\/\/alfequipment.com\/"},{"@type":"ListItem","position":2,"name":"Shop","item":"https:\/\/alfequipment.com\/shop\/"},{"@type":"ListItem","position":3,"name":"GC-BL Semi-automatic pneumatic liquid filling machine"}]},{"@type":"WebSite","@id":"https:\/\/alfequipment.com\/#website","url":"https:\/\/alfequipment.com\/","name":"PACK ALF","description":"","publisher":{"@id":"https:\/\/alfequipment.com\/#organization"},"potentialAction":[{"@type":"SearchAction","target":{"@type":"EntryPoint","urlTemplate":"https:\/\/alfequipment.com\/?s={search_term_string}"},"query-input":{"@type":"PropertyValueSpecification","valueRequired":true,"valueName":"search_term_string"}}],"inLanguage":"fr-FR"},{"@type":"Organization","@id":"https:\/\/alfequipment.com\/#organization","name":"PACK ALF","url":"https:\/\/alfequipment.com\/","logo":{"@type":"ImageObject","inLanguage":"fr-FR","@id":"https:\/\/alfequipment.com\/#\/schema\/logo\/image\/","url":"https:\/\/alfequipment.com\/wp-content\/uploads\/2024\/11\/ALFlogo-2.webp","contentUrl":"https:\/\/alfequipment.com\/wp-content\/uploads\/2024\/11\/ALFlogo-2.webp","width":758,"height":750,"caption":"ALF PACK"},"image":{"@id":"https:\/\/alfequipment.com\/#\/schema\/logo\/image\/"}}]}},"_links":{"self":[{"href":"https:\/\/alfequipment.com\/fr\/wp-json\/wp\/v2\/product\/2991","targetHints":{"allow":["GET"]}}],"collection":[{"href":"https:\/\/alfequipment.com\/fr\/wp-json\/wp\/v2\/product"}],"about":[{"href":"https:\/\/alfequipment.com\/fr\/wp-json\/wp\/v2\/types\/product"}],"replies":[{"embeddable":true,"href":"https:\/\/alfequipment.com\/fr\/wp-json\/wp\/v2\/comments?post=2991"}],"version-history":[{"count":0,"href":"https:\/\/alfequipment.com\/fr\/wp-json\/wp\/v2\/product\/2991\/revisions"}],"wp:featuredmedia":[{"embeddable":true,"href":"https:\/\/alfequipment.com\/fr\/wp-json\/wp\/v2\/media\/2816"}],"wp:attachment":[{"href":"https:\/\/alfequipment.com\/fr\/wp-json\/wp\/v2\/media?parent=2991"}],"wp:term":[{"taxonomy":"product_brand","embeddable":true,"href":"https:\/\/alfequipment.com\/fr\/wp-json\/wp\/v2\/product_brand?post=2991"},{"taxonomy":"product_cat","embeddable":true,"href":"https:\/\/alfequipment.com\/fr\/wp-json\/wp\/v2\/product_cat?post=2991"},{"taxonomy":"product_tag","embeddable":true,"href":"https:\/\/alfequipment.com\/fr\/wp-json\/wp\/v2\/product_tag?post=2991"}],"curies":[{"name":"wp","href":"https:\/\/api.w.org\/{rel}","templated":true}]}}