{"id":2992,"date":"2024-12-14T22:42:20","date_gmt":"2024-12-14T22:42:20","guid":{"rendered":"https:\/\/alfequipment.com\/product\/gcg-bl-2-double-head-semi-automatic-pneumatic-paste-filling-machine-for-cream-ointment-paste-jam\/"},"modified":"2025-01-13T13:09:36","modified_gmt":"2025-01-13T13:09:36","slug":"gcg-bl-2-double-head-semi-automatic-pneumatic-paste-filling-machine-for-cream-ointment-paste-jam","status":"publish","type":"product","link":"https:\/\/alfequipment.com\/fr\/product\/gcg-bl-2-double-head-semi-automatic-pneumatic-paste-filling-machine-for-cream-ointment-paste-jam\/","title":{"rendered":"GCG-BL\/2 Remplisseuse pneumatique semi-automatique \u00e0 double t\u00eate pour cr\u00e8me, pommade, p\u00e2te, confiture"},"content":{"rendered":"<p><span style=\"font-size: 12pt;\">Adopte des pi\u00e8ces pneumatiques de pointe de Taiwan AIRTAC. La simplicit\u00e9 d'utilisation est la principale caract\u00e9ristique de la machine. Le piston et la tr\u00e9mie du cylindre sont fabriqu\u00e9s en acier inoxydable 304 et en polyt\u00e9trafluorothyl\u00e8ne (PTEF). Il est conforme aux exigences GMP. La plage de remplissage et la vitesse sont r\u00e9glables. L'unit\u00e9 de remplissage est \u00e9tanche aux fuites et \u00e0 l'arrachage de la soie. La machine peut \u00eatre transform\u00e9e en unit\u00e9 de remplissage \u00e0 t\u00eates multiples, r\u00e9sistante \u00e0 l'\u00e9clatement et \u00e0 l'inondation selon les besoins des clients.<\/span><\/p>\n<p>&nbsp;<\/p>\n<p><span style=\"font-size: 16px;\"><strong>Plage de remplissage : <span style=\"font-size: 14px;\">50-100ml, 100-250ml, 200-500ml, 100-1000ml, 200-2000ml, 500-3000ml, 1000-5000ml.<\/span><\/strong><\/span><\/p>\n<p>&nbsp;<\/p>\n<p><strong><span style=\"font-size: 12pt;\">Sp\u00e9cification :<\/span><\/strong><\/p>\n<p>&nbsp;<\/p>\n<table class=\"aliDataTable\" border=\"1\" cellspacing=\"0\" cellpadding=\"0\">\n<tbody>\n<tr align=\"center\">\n<td style=\"width: 203.4pt;\" valign=\"top\">\n<p>Mod\u00e8le<\/p>\n<\/td>\n<td style=\"width: 126pt;\" valign=\"top\">\n<p><span style=\"color: #000000;\">GCG-BL<\/span><\/p>\n<\/td>\n<td style=\"width: 117pt;\" valign=\"top\">\n<p><span style=\"color: #ff0000;\">GCG-BL\/2<\/span><\/p>\n<\/td>\n<\/tr>\n<tr align=\"center\">\n<td valign=\"top\">\n<p>Type de remplissage<\/p>\n<\/td>\n<td valign=\"top\">\n<p><span style=\"color: #000000;\">Une buse<\/span><\/p>\n<\/td>\n<td valign=\"top\">\n<p><span style=\"color: #ff0000;\">Double buse<\/span><\/p>\n<\/td>\n<\/tr>\n<tr align=\"center\">\n<td valign=\"top\">\n<p>Alimentation en air<\/p>\n<\/td>\n<td valign=\"top\">\n<p><span style=\"color: #000000;\">0,2 m\u00b3\/min<\/span><\/p>\n<\/td>\n<td valign=\"top\">\n<p><span style=\"color: #ff0000;\">0,4 m\u00b3\/min<\/span><\/p>\n<\/td>\n<\/tr>\n<tr align=\"center\">\n<td valign=\"top\">\n<p>Plage de remplissage<\/p>\n<\/td>\n<td valign=\"top\">\n<p><span style=\"color: #000000;\">100-1000ml<\/span><\/p>\n<\/td>\n<td valign=\"top\">\n<p><span style=\"color: #ff0000;\">100-1000ml<\/span><\/p>\n<\/td>\n<\/tr>\n<tr align=\"center\">\n<td valign=\"top\">\n<p>l'efficacit\u00e9<\/p>\n<\/td>\n<td valign=\"top\">\n<p><span style=\"color: #000000;\">800-2000B\/H<\/span><\/p>\n<\/td>\n<td valign=\"top\">\n<p><span style=\"color: #ff0000;\">1500-3800B\/H<\/span><\/p>\n<\/td>\n<\/tr>\n<\/tbody>\n<\/table>\n<p>&nbsp;<\/p>\n<p><\/p><\/p>","protected":false},"excerpt":{"rendered":"<p>Gcg-bl\/2 Machine de remplissage de p\u00e2te semi-automatique \u00e0 double t\u00eate pour cr\u00e8me, pommade, p\u00e2te et confiture<\/p>","protected":false},"featured_media":2818,"comment_status":"closed","ping_status":"open","template":"","meta":[],"product_brand":[],"product_cat":[101],"product_tag":[],"class_list":{"0":"post-2992","1":"product","2":"type-product","3":"status-publish","4":"has-post-thumbnail","6":"product_cat-filling-machines","8":"first","9":"instock","10":"sale","11":"purchasable","12":"product-type-simple"},"yoast_head":"<!-- This site is optimized with the Yoast SEO Premium plugin v20.9 (Yoast SEO v26.5) - https:\/\/yoast.com\/wordpress\/plugins\/seo\/ -->\n<title>GCG-BL\/2 Double head Semi-automatic pneumatic paste filling machine for cream, ointment, paste, jam - ALF PACK<\/title>\n<meta name=\"robots\" content=\"index, follow, max-snippet:-1, max-image-preview:large, max-video-preview:-1\" \/>\n<link rel=\"canonical\" href=\"https:\/\/alfequipment.com\/fr\/product\/gcg-bl-2-double-head-semi-automatic-pneumatic-paste-filling-machine-for-cream-ointment-paste-jam\/\" \/>\n<meta property=\"og:locale\" content=\"fr_FR\" \/>\n<meta property=\"og:type\" content=\"article\" \/>\n<meta property=\"og:title\" content=\"GCG-BL\/2 Double head Semi-automatic pneumatic paste filling machine for cream, ointment, paste, jam\" \/>\n<meta property=\"og:description\" content=\"Gcg-bl\/2 Double Head Semi-auto Paste Filling Machine For Cream Ointment Paste Jam\" \/>\n<meta property=\"og:url\" content=\"https:\/\/alfequipment.com\/fr\/product\/gcg-bl-2-double-head-semi-automatic-pneumatic-paste-filling-machine-for-cream-ointment-paste-jam\/\" \/>\n<meta property=\"og:site_name\" content=\"ALF PACK\" \/>\n<meta property=\"article:modified_time\" content=\"2025-01-13T13:09:36+00:00\" \/>\n<meta property=\"og:image\" content=\"https:\/\/alfequipment.com\/wp-content\/uploads\/2025\/01\/H64c5543fd64f4a829c42d95f4604ca681.jpg\" \/>\n\t<meta property=\"og:image:width\" content=\"800\" \/>\n\t<meta property=\"og:image:height\" content=\"800\" \/>\n\t<meta property=\"og:image:type\" content=\"image\/webp\" \/>\n<meta name=\"twitter:card\" content=\"summary_large_image\" \/>\n<meta name=\"twitter:label1\" content=\"Dur\u00e9e de lecture estim\u00e9e\" \/>\n\t<meta name=\"twitter:data1\" content=\"1 minute\" \/>\n<script type=\"application\/ld+json\" class=\"yoast-schema-graph\">{\"@context\":\"https:\/\/schema.org\",\"@graph\":[{\"@type\":\"WebPage\",\"@id\":\"https:\/\/alfequipment.com\/product\/gcg-bl-2-double-head-semi-automatic-pneumatic-paste-filling-machine-for-cream-ointment-paste-jam\/\",\"url\":\"https:\/\/alfequipment.com\/product\/gcg-bl-2-double-head-semi-automatic-pneumatic-paste-filling-machine-for-cream-ointment-paste-jam\/\",\"name\":\"GCG-BL\/2 Double head Semi-automatic pneumatic paste filling machine for cream, ointment, paste, jam - ALF PACK\",\"isPartOf\":{\"@id\":\"https:\/\/alfequipment.com\/#website\"},\"primaryImageOfPage\":{\"@id\":\"https:\/\/alfequipment.com\/product\/gcg-bl-2-double-head-semi-automatic-pneumatic-paste-filling-machine-for-cream-ointment-paste-jam\/#primaryimage\"},\"image\":{\"@id\":\"https:\/\/alfequipment.com\/product\/gcg-bl-2-double-head-semi-automatic-pneumatic-paste-filling-machine-for-cream-ointment-paste-jam\/#primaryimage\"},\"thumbnailUrl\":\"https:\/\/alfequipment.com\/wp-content\/uploads\/2025\/01\/H64c5543fd64f4a829c42d95f4604ca681.jpg\",\"datePublished\":\"2024-12-14T22:42:20+00:00\",\"dateModified\":\"2025-01-13T13:09:36+00:00\",\"breadcrumb\":{\"@id\":\"https:\/\/alfequipment.com\/product\/gcg-bl-2-double-head-semi-automatic-pneumatic-paste-filling-machine-for-cream-ointment-paste-jam\/#breadcrumb\"},\"inLanguage\":\"fr-FR\",\"potentialAction\":[{\"@type\":\"ReadAction\",\"target\":[\"https:\/\/alfequipment.com\/product\/gcg-bl-2-double-head-semi-automatic-pneumatic-paste-filling-machine-for-cream-ointment-paste-jam\/\"]}]},{\"@type\":\"ImageObject\",\"inLanguage\":\"fr-FR\",\"@id\":\"https:\/\/alfequipment.com\/product\/gcg-bl-2-double-head-semi-automatic-pneumatic-paste-filling-machine-for-cream-ointment-paste-jam\/#primaryimage\",\"url\":\"https:\/\/alfequipment.com\/wp-content\/uploads\/2025\/01\/H64c5543fd64f4a829c42d95f4604ca681.jpg\",\"contentUrl\":\"https:\/\/alfequipment.com\/wp-content\/uploads\/2025\/01\/H64c5543fd64f4a829c42d95f4604ca681.jpg\",\"width\":800,\"height\":800},{\"@type\":\"BreadcrumbList\",\"@id\":\"https:\/\/alfequipment.com\/product\/gcg-bl-2-double-head-semi-automatic-pneumatic-paste-filling-machine-for-cream-ointment-paste-jam\/#breadcrumb\",\"itemListElement\":[{\"@type\":\"ListItem\",\"position\":1,\"name\":\"Home\",\"item\":\"https:\/\/alfequipment.com\/\"},{\"@type\":\"ListItem\",\"position\":2,\"name\":\"Shop\",\"item\":\"https:\/\/alfequipment.com\/shop\/\"},{\"@type\":\"ListItem\",\"position\":3,\"name\":\"GCG-BL\/2 Double head Semi-automatic pneumatic paste filling machine for cream, ointment, paste, jam\"}]},{\"@type\":\"WebSite\",\"@id\":\"https:\/\/alfequipment.com\/#website\",\"url\":\"https:\/\/alfequipment.com\/\",\"name\":\"ALF PACK\",\"description\":\"\",\"publisher\":{\"@id\":\"https:\/\/alfequipment.com\/#organization\"},\"potentialAction\":[{\"@type\":\"SearchAction\",\"target\":{\"@type\":\"EntryPoint\",\"urlTemplate\":\"https:\/\/alfequipment.com\/?s={search_term_string}\"},\"query-input\":{\"@type\":\"PropertyValueSpecification\",\"valueRequired\":true,\"valueName\":\"search_term_string\"}}],\"inLanguage\":\"fr-FR\"},{\"@type\":\"Organization\",\"@id\":\"https:\/\/alfequipment.com\/#organization\",\"name\":\"ALF PACK\",\"url\":\"https:\/\/alfequipment.com\/\",\"logo\":{\"@type\":\"ImageObject\",\"inLanguage\":\"fr-FR\",\"@id\":\"https:\/\/alfequipment.com\/#\/schema\/logo\/image\/\",\"url\":\"https:\/\/alfequipment.com\/wp-content\/uploads\/2024\/11\/ALFlogo-2.webp\",\"contentUrl\":\"https:\/\/alfequipment.com\/wp-content\/uploads\/2024\/11\/ALFlogo-2.webp\",\"width\":758,\"height\":750,\"caption\":\"ALF PACK\"},\"image\":{\"@id\":\"https:\/\/alfequipment.com\/#\/schema\/logo\/image\/\"}}]}<\/script>\n<!-- \/ Yoast SEO Premium plugin. -->","yoast_head_json":{"title":"GCG-BL\/2 Remplisseuse pneumatique \u00e0 double t\u00eate pour cr\u00e8me, pommade, p\u00e2te, confiture - ALF PACK","robots":{"index":"index","follow":"follow","max-snippet":"max-snippet:-1","max-image-preview":"max-image-preview:large","max-video-preview":"max-video-preview:-1"},"canonical":"https:\/\/alfequipment.com\/fr\/product\/gcg-bl-2-double-head-semi-automatic-pneumatic-paste-filling-machine-for-cream-ointment-paste-jam\/","og_locale":"fr_FR","og_type":"article","og_title":"GCG-BL\/2 Double head Semi-automatic pneumatic paste filling machine for cream, ointment, paste, jam","og_description":"Gcg-bl\/2 Double Head Semi-auto Paste Filling Machine For Cream Ointment Paste Jam","og_url":"https:\/\/alfequipment.com\/fr\/product\/gcg-bl-2-double-head-semi-automatic-pneumatic-paste-filling-machine-for-cream-ointment-paste-jam\/","og_site_name":"ALF PACK","article_modified_time":"2025-01-13T13:09:36+00:00","og_image":[{"width":800,"height":800,"url":"https:\/\/alfequipment.com\/wp-content\/uploads\/2025\/01\/H64c5543fd64f4a829c42d95f4604ca681.jpg","type":"image\/webp"}],"twitter_card":"summary_large_image","twitter_misc":{"Dur\u00e9e de lecture estim\u00e9e":"1 minute"},"schema":{"@context":"https:\/\/schema.org","@graph":[{"@type":"WebPage","@id":"https:\/\/alfequipment.com\/product\/gcg-bl-2-double-head-semi-automatic-pneumatic-paste-filling-machine-for-cream-ointment-paste-jam\/","url":"https:\/\/alfequipment.com\/product\/gcg-bl-2-double-head-semi-automatic-pneumatic-paste-filling-machine-for-cream-ointment-paste-jam\/","name":"GCG-BL\/2 Remplisseuse pneumatique \u00e0 double t\u00eate pour cr\u00e8me, pommade, p\u00e2te, confiture - ALF PACK","isPartOf":{"@id":"https:\/\/alfequipment.com\/#website"},"primaryImageOfPage":{"@id":"https:\/\/alfequipment.com\/product\/gcg-bl-2-double-head-semi-automatic-pneumatic-paste-filling-machine-for-cream-ointment-paste-jam\/#primaryimage"},"image":{"@id":"https:\/\/alfequipment.com\/product\/gcg-bl-2-double-head-semi-automatic-pneumatic-paste-filling-machine-for-cream-ointment-paste-jam\/#primaryimage"},"thumbnailUrl":"https:\/\/alfequipment.com\/wp-content\/uploads\/2025\/01\/H64c5543fd64f4a829c42d95f4604ca681.jpg","datePublished":"2024-12-14T22:42:20+00:00","dateModified":"2025-01-13T13:09:36+00:00","breadcrumb":{"@id":"https:\/\/alfequipment.com\/product\/gcg-bl-2-double-head-semi-automatic-pneumatic-paste-filling-machine-for-cream-ointment-paste-jam\/#breadcrumb"},"inLanguage":"fr-FR","potentialAction":[{"@type":"ReadAction","target":["https:\/\/alfequipment.com\/product\/gcg-bl-2-double-head-semi-automatic-pneumatic-paste-filling-machine-for-cream-ointment-paste-jam\/"]}]},{"@type":"ImageObject","inLanguage":"fr-FR","@id":"https:\/\/alfequipment.com\/product\/gcg-bl-2-double-head-semi-automatic-pneumatic-paste-filling-machine-for-cream-ointment-paste-jam\/#primaryimage","url":"https:\/\/alfequipment.com\/wp-content\/uploads\/2025\/01\/H64c5543fd64f4a829c42d95f4604ca681.jpg","contentUrl":"https:\/\/alfequipment.com\/wp-content\/uploads\/2025\/01\/H64c5543fd64f4a829c42d95f4604ca681.jpg","width":800,"height":800},{"@type":"BreadcrumbList","@id":"https:\/\/alfequipment.com\/product\/gcg-bl-2-double-head-semi-automatic-pneumatic-paste-filling-machine-for-cream-ointment-paste-jam\/#breadcrumb","itemListElement":[{"@type":"ListItem","position":1,"name":"Home","item":"https:\/\/alfequipment.com\/"},{"@type":"ListItem","position":2,"name":"Shop","item":"https:\/\/alfequipment.com\/shop\/"},{"@type":"ListItem","position":3,"name":"GCG-BL\/2 Double head Semi-automatic pneumatic paste filling machine for cream, ointment, paste, jam"}]},{"@type":"WebSite","@id":"https:\/\/alfequipment.com\/#website","url":"https:\/\/alfequipment.com\/","name":"PACK ALF","description":"","publisher":{"@id":"https:\/\/alfequipment.com\/#organization"},"potentialAction":[{"@type":"SearchAction","target":{"@type":"EntryPoint","urlTemplate":"https:\/\/alfequipment.com\/?s={search_term_string}"},"query-input":{"@type":"PropertyValueSpecification","valueRequired":true,"valueName":"search_term_string"}}],"inLanguage":"fr-FR"},{"@type":"Organization","@id":"https:\/\/alfequipment.com\/#organization","name":"PACK ALF","url":"https:\/\/alfequipment.com\/","logo":{"@type":"ImageObject","inLanguage":"fr-FR","@id":"https:\/\/alfequipment.com\/#\/schema\/logo\/image\/","url":"https:\/\/alfequipment.com\/wp-content\/uploads\/2024\/11\/ALFlogo-2.webp","contentUrl":"https:\/\/alfequipment.com\/wp-content\/uploads\/2024\/11\/ALFlogo-2.webp","width":758,"height":750,"caption":"ALF PACK"},"image":{"@id":"https:\/\/alfequipment.com\/#\/schema\/logo\/image\/"}}]}},"_links":{"self":[{"href":"https:\/\/alfequipment.com\/fr\/wp-json\/wp\/v2\/product\/2992","targetHints":{"allow":["GET"]}}],"collection":[{"href":"https:\/\/alfequipment.com\/fr\/wp-json\/wp\/v2\/product"}],"about":[{"href":"https:\/\/alfequipment.com\/fr\/wp-json\/wp\/v2\/types\/product"}],"replies":[{"embeddable":true,"href":"https:\/\/alfequipment.com\/fr\/wp-json\/wp\/v2\/comments?post=2992"}],"version-history":[{"count":0,"href":"https:\/\/alfequipment.com\/fr\/wp-json\/wp\/v2\/product\/2992\/revisions"}],"wp:featuredmedia":[{"embeddable":true,"href":"https:\/\/alfequipment.com\/fr\/wp-json\/wp\/v2\/media\/2818"}],"wp:attachment":[{"href":"https:\/\/alfequipment.com\/fr\/wp-json\/wp\/v2\/media?parent=2992"}],"wp:term":[{"taxonomy":"product_brand","embeddable":true,"href":"https:\/\/alfequipment.com\/fr\/wp-json\/wp\/v2\/product_brand?post=2992"},{"taxonomy":"product_cat","embeddable":true,"href":"https:\/\/alfequipment.com\/fr\/wp-json\/wp\/v2\/product_cat?post=2992"},{"taxonomy":"product_tag","embeddable":true,"href":"https:\/\/alfequipment.com\/fr\/wp-json\/wp\/v2\/product_tag?post=2992"}],"curies":[{"name":"wp","href":"https:\/\/api.w.org\/{rel}","templated":true}]}}