{"id":3007,"date":"2024-12-07T00:17:28","date_gmt":"2024-12-07T00:17:28","guid":{"rendered":"https:\/\/alfequipment.com\/product\/hp-241ld-color-ribbon-code-printer-and-manual-date-printing-machine-for-plastic-bag-or-paper\/"},"modified":"2025-01-13T13:09:47","modified_gmt":"2025-01-13T13:09:47","slug":"hp-241ld-color-ribbon-code-printer-and-manual-date-printing-machine-for-plastic-bag-or-paper","status":"publish","type":"product","link":"https:\/\/alfequipment.com\/fr\/product\/hp-241ld-color-ribbon-code-printer-and-manual-date-printing-machine-for-plastic-bag-or-paper\/","title":{"rendered":"HP-241LD Imprimante de code \u00e0 ruban couleur et machine d'impression manuelle de la date pour les sacs en plastique ou en papier"},"content":{"rendered":"<div data-magic-global=\"%7B%22bizId%22%3A17179933680%2C%22pageId%22%3A5018803312%2C%22siteId%22%3A5005331025%7D\" id=\"detail_decorate_root\">\n<div module-id=\"5392897562\" module-title=\"detailProductNavigation\" render=\"true\" class=\"J_module\">\n<div id=\"ali-anchor-AliMagic-6kvsgl\" data-section=\"AliMagic-6kvsgl\" data-section-title=\"Product Description\" class=\"magic-0\"><b>Cette machine peut \u00eatre utilis\u00e9e pour imprimer des notes telles que la date de production sur les sacs en plastique et en papier dans les industries alimentaires et pharmaceutiques. Les mots imprim\u00e9s sont clairs et r\u00e9sistants \u00e0 l'usure.<\/b><\/div>\n<\/div>\n<div module-id=\"5392897563\" module-title=\"detailTextContent\" render=\"true\" class=\"J_module\">\n<div class=\"detail-decorate-json-renderer-container\">\n<div class=\"magic-1\">\n<div class=\"magic-2\">\n<div class=\"magic-3\">\n<div class=\"magic-4\">\n       \n      <\/div>\n<\/p><\/div>\n<\/p><\/div>\n<\/p><\/div>\n<\/p><\/div>\n<\/p><\/div>\n<div module-id=\"5392897564\" module-title=\"detailLeftImageRightTable\" render=\"true\" class=\"J_module\">\n<div class=\"detail-decorate-json-renderer-container\">\n<div class=\"magic-1\">\n<div class=\"magic-6\">\n<div class=\"magic-3\">\n<div class=\"magic-7\">\n       <img decoding=\"async\" src=\"https:\/\/sc04.alicdn.com\/kf\/Hb0e3441ecd074af59688c1542c2eab2cM\/64496\/Hb0e3441ecd074af59688c1542c2eab2cM.jpg\" class=\"aligncenter\">\n      <\/div>\n<\/p><\/div>\n<\/p><\/div>\n<div class=\"magic-9\">\n<div class=\"magic-3\">\n<div class=\"ife-detail-decorate-table\">\n<table class=\"has-title all magic-10\">\n<tbody>\n<tr>\n<td colspan=\"1\" rowspan=\"1\">\n<div class=\"magic-11\">\n            Mod\u00e8le\n           <\/div>\n<\/td>\n<td colspan=\"1\" rowspan=\"1\">\n<div class=\"magic-12\">\n            HP-241LD\n           <\/div>\n<\/td>\n<\/tr>\n<tr>\n<td colspan=\"1\" rowspan=\"1\">\n<div class=\"magic-11\">\n            Vitesse\n           <\/div>\n<\/td>\n<td colspan=\"1\" rowspan=\"1\">\n<div class=\"magic-12\">\n            280 fois\/H\n           <\/div>\n<\/td>\n<\/tr>\n<tr>\n<td colspan=\"1\" rowspan=\"1\">\n<div class=\"magic-11\">\n            Zone d'impression\n           <\/div>\n<\/td>\n<td colspan=\"1\" rowspan=\"1\">\n<div class=\"magic-12\">\n            4*35mm\/<\/p>\n<div>\n             8*35mm\/\n            <\/div>\n<div>\n             12*35mm\n            <\/div>\n<\/p><\/div>\n<\/td>\n<\/tr>\n<tr>\n<td colspan=\"1\" rowspan=\"1\">\n<div class=\"magic-11\">\n            Ruban d'impression thermique\n           <\/div>\n<\/td>\n<td colspan=\"1\" rowspan=\"1\">\n<div class=\"magic-12\">\n            La largeur maximale est de 35 mm, le diam\u00e8tre du noyau standard est de \u03c625,4 mm.\n           <\/div>\n<\/td>\n<\/tr>\n<tr>\n<td colspan=\"1\" rowspan=\"1\">\n<div class=\"magic-11\">\n            Puissance\n           <\/div>\n<\/td>\n<td colspan=\"1\" rowspan=\"1\">\n<div class=\"magic-12\">\n            220V50HZ, 220W\n           <\/div>\n<\/td>\n<\/tr>\n<tr>\n<td colspan=\"1\" rowspan=\"1\">\n<div class=\"magic-11\">\n            Dimensions\n           <\/div>\n<\/td>\n<td colspan=\"1\" rowspan=\"1\">\n<div class=\"magic-12\">\n            280*180*298-500mm\n           <\/div>\n<\/td>\n<\/tr>\n<\/tbody>\n<\/table><\/div>\n<\/p><\/div>\n<\/p><\/div>\n<\/p><\/div>\n<\/p><\/div>\n<\/p><\/div>\n<div module-id=\"5392897565\" module-title=\"detailManyImage\" render=\"true\" class=\"J_module\">\n<div class=\"icbu-pc-detailManyImage magic-13\">\n<div class=\"magic-14\">\n    <img decoding=\"async\" src=\"https:\/\/sc02.alicdn.com\/kf\/H4f68b8da1cec4c5a82c787ef726013e8f\/64496\/H4f68b8da1cec4c5a82c787ef726013e8f.jpg\" class=\"aligncenter\">\n   <\/div>\n<div class=\"magic-14\">\n    <img decoding=\"async\" src=\"https:\/\/sc01.alicdn.com\/kf\/H4adf5f6b2f084a58ba01207da35da771W\/64496\/H4adf5f6b2f084a58ba01207da35da771W.jpg\" class=\"aligncenter\">\n   <\/div>\n<div class=\"magic-14\">\n    <img decoding=\"async\" src=\"https:\/\/sc02.alicdn.com\/kf\/H3e64746fe81044f8bea5772c9094bf76T\/64496\/H3e64746fe81044f8bea5772c9094bf76T.jpg\" class=\"aligncenter\">\n   <\/div>\n<div class=\"magic-14\">\n    <img decoding=\"async\" src=\"https:\/\/sc01.alicdn.com\/kf\/Hb224e9a2b37b42eeb7f92c331e561eb6Z\/64496\/Hb224e9a2b37b42eeb7f92c331e561eb6Z.jpg\" class=\"aligncenter\">\n   <\/div>\n<\/p><\/div>\n<\/p><\/div>\n<\/div>","protected":false},"excerpt":{"rendered":"<p>Hp-241ld Imprimante \u00e0 code \u00e0 ruban couleur<\/p>","protected":false},"featured_media":2848,"comment_status":"closed","ping_status":"open","template":"","meta":[],"product_brand":[],"product_cat":[110],"product_tag":[],"class_list":{"0":"post-3007","1":"product","2":"type-product","3":"status-publish","4":"has-post-thumbnail","6":"product_cat-digital-printers","8":"first","9":"instock","10":"sale","11":"purchasable","12":"product-type-simple"},"yoast_head":"<!-- This site is optimized with the Yoast SEO Premium plugin v20.9 (Yoast SEO v26.5) - https:\/\/yoast.com\/wordpress\/plugins\/seo\/ -->\n<title>HP-241LD Color ribbon code printer and manual date printing machine for plastic bag or paper - ALF PACK<\/title>\n<meta name=\"robots\" content=\"index, follow, max-snippet:-1, max-image-preview:large, max-video-preview:-1\" \/>\n<link rel=\"canonical\" href=\"https:\/\/alfequipment.com\/fr\/product\/hp-241ld-color-ribbon-code-printer-and-manual-date-printing-machine-for-plastic-bag-or-paper\/\" \/>\n<meta property=\"og:locale\" content=\"fr_FR\" \/>\n<meta property=\"og:type\" content=\"article\" \/>\n<meta property=\"og:title\" content=\"HP-241LD Color ribbon code printer and manual date printing machine for plastic bag or paper\" \/>\n<meta property=\"og:description\" content=\"Hp-241ld Color Ribbon Code Printer\" \/>\n<meta property=\"og:url\" content=\"https:\/\/alfequipment.com\/fr\/product\/hp-241ld-color-ribbon-code-printer-and-manual-date-printing-machine-for-plastic-bag-or-paper\/\" \/>\n<meta property=\"og:site_name\" content=\"ALF PACK\" \/>\n<meta property=\"article:modified_time\" content=\"2025-01-13T13:09:47+00:00\" \/>\n<meta property=\"og:image\" content=\"https:\/\/alfequipment.com\/wp-content\/uploads\/2025\/01\/HP-241LD-Color-ribbon-code-printer-and.jpg\" \/>\n\t<meta property=\"og:image:width\" content=\"1000\" \/>\n\t<meta property=\"og:image:height\" content=\"1000\" \/>\n\t<meta property=\"og:image:type\" content=\"image\/webp\" \/>\n<meta name=\"twitter:card\" content=\"summary_large_image\" \/>\n<script type=\"application\/ld+json\" class=\"yoast-schema-graph\">{\"@context\":\"https:\/\/schema.org\",\"@graph\":[{\"@type\":\"WebPage\",\"@id\":\"https:\/\/alfequipment.com\/product\/hp-241ld-color-ribbon-code-printer-and-manual-date-printing-machine-for-plastic-bag-or-paper\/\",\"url\":\"https:\/\/alfequipment.com\/product\/hp-241ld-color-ribbon-code-printer-and-manual-date-printing-machine-for-plastic-bag-or-paper\/\",\"name\":\"HP-241LD Color ribbon code printer and manual date printing machine for plastic bag or paper - ALF PACK\",\"isPartOf\":{\"@id\":\"https:\/\/alfequipment.com\/#website\"},\"primaryImageOfPage\":{\"@id\":\"https:\/\/alfequipment.com\/product\/hp-241ld-color-ribbon-code-printer-and-manual-date-printing-machine-for-plastic-bag-or-paper\/#primaryimage\"},\"image\":{\"@id\":\"https:\/\/alfequipment.com\/product\/hp-241ld-color-ribbon-code-printer-and-manual-date-printing-machine-for-plastic-bag-or-paper\/#primaryimage\"},\"thumbnailUrl\":\"https:\/\/alfequipment.com\/wp-content\/uploads\/2025\/01\/HP-241LD-Color-ribbon-code-printer-and.jpg\",\"datePublished\":\"2024-12-07T00:17:28+00:00\",\"dateModified\":\"2025-01-13T13:09:47+00:00\",\"breadcrumb\":{\"@id\":\"https:\/\/alfequipment.com\/product\/hp-241ld-color-ribbon-code-printer-and-manual-date-printing-machine-for-plastic-bag-or-paper\/#breadcrumb\"},\"inLanguage\":\"fr-FR\",\"potentialAction\":[{\"@type\":\"ReadAction\",\"target\":[\"https:\/\/alfequipment.com\/product\/hp-241ld-color-ribbon-code-printer-and-manual-date-printing-machine-for-plastic-bag-or-paper\/\"]}]},{\"@type\":\"ImageObject\",\"inLanguage\":\"fr-FR\",\"@id\":\"https:\/\/alfequipment.com\/product\/hp-241ld-color-ribbon-code-printer-and-manual-date-printing-machine-for-plastic-bag-or-paper\/#primaryimage\",\"url\":\"https:\/\/alfequipment.com\/wp-content\/uploads\/2025\/01\/HP-241LD-Color-ribbon-code-printer-and.jpg\",\"contentUrl\":\"https:\/\/alfequipment.com\/wp-content\/uploads\/2025\/01\/HP-241LD-Color-ribbon-code-printer-and.jpg\",\"width\":1000,\"height\":1000},{\"@type\":\"BreadcrumbList\",\"@id\":\"https:\/\/alfequipment.com\/product\/hp-241ld-color-ribbon-code-printer-and-manual-date-printing-machine-for-plastic-bag-or-paper\/#breadcrumb\",\"itemListElement\":[{\"@type\":\"ListItem\",\"position\":1,\"name\":\"Home\",\"item\":\"https:\/\/alfequipment.com\/\"},{\"@type\":\"ListItem\",\"position\":2,\"name\":\"Shop\",\"item\":\"https:\/\/alfequipment.com\/shop\/\"},{\"@type\":\"ListItem\",\"position\":3,\"name\":\"HP-241LD Color ribbon code printer and manual date printing machine for plastic bag or paper\"}]},{\"@type\":\"WebSite\",\"@id\":\"https:\/\/alfequipment.com\/#website\",\"url\":\"https:\/\/alfequipment.com\/\",\"name\":\"ALF PACK\",\"description\":\"\",\"publisher\":{\"@id\":\"https:\/\/alfequipment.com\/#organization\"},\"potentialAction\":[{\"@type\":\"SearchAction\",\"target\":{\"@type\":\"EntryPoint\",\"urlTemplate\":\"https:\/\/alfequipment.com\/?s={search_term_string}\"},\"query-input\":{\"@type\":\"PropertyValueSpecification\",\"valueRequired\":true,\"valueName\":\"search_term_string\"}}],\"inLanguage\":\"fr-FR\"},{\"@type\":\"Organization\",\"@id\":\"https:\/\/alfequipment.com\/#organization\",\"name\":\"ALF PACK\",\"url\":\"https:\/\/alfequipment.com\/\",\"logo\":{\"@type\":\"ImageObject\",\"inLanguage\":\"fr-FR\",\"@id\":\"https:\/\/alfequipment.com\/#\/schema\/logo\/image\/\",\"url\":\"https:\/\/alfequipment.com\/wp-content\/uploads\/2024\/11\/ALFlogo-2.webp\",\"contentUrl\":\"https:\/\/alfequipment.com\/wp-content\/uploads\/2024\/11\/ALFlogo-2.webp\",\"width\":758,\"height\":750,\"caption\":\"ALF PACK\"},\"image\":{\"@id\":\"https:\/\/alfequipment.com\/#\/schema\/logo\/image\/\"}}]}<\/script>\n<!-- \/ Yoast SEO Premium plugin. -->","yoast_head_json":{"title":"HP-241LD Imprimante \u00e0 ruban couleur et machine d'impression manuelle de date pour sac plastique ou papier - ALF PACK","robots":{"index":"index","follow":"follow","max-snippet":"max-snippet:-1","max-image-preview":"max-image-preview:large","max-video-preview":"max-video-preview:-1"},"canonical":"https:\/\/alfequipment.com\/fr\/product\/hp-241ld-color-ribbon-code-printer-and-manual-date-printing-machine-for-plastic-bag-or-paper\/","og_locale":"fr_FR","og_type":"article","og_title":"HP-241LD Color ribbon code printer and manual date printing machine for plastic bag or paper","og_description":"Hp-241ld Color Ribbon Code Printer","og_url":"https:\/\/alfequipment.com\/fr\/product\/hp-241ld-color-ribbon-code-printer-and-manual-date-printing-machine-for-plastic-bag-or-paper\/","og_site_name":"ALF PACK","article_modified_time":"2025-01-13T13:09:47+00:00","og_image":[{"width":1000,"height":1000,"url":"https:\/\/alfequipment.com\/wp-content\/uploads\/2025\/01\/HP-241LD-Color-ribbon-code-printer-and.jpg","type":"image\/webp"}],"twitter_card":"summary_large_image","schema":{"@context":"https:\/\/schema.org","@graph":[{"@type":"WebPage","@id":"https:\/\/alfequipment.com\/product\/hp-241ld-color-ribbon-code-printer-and-manual-date-printing-machine-for-plastic-bag-or-paper\/","url":"https:\/\/alfequipment.com\/product\/hp-241ld-color-ribbon-code-printer-and-manual-date-printing-machine-for-plastic-bag-or-paper\/","name":"HP-241LD Imprimante \u00e0 ruban couleur et machine d'impression manuelle de date pour sac plastique ou papier - ALF PACK","isPartOf":{"@id":"https:\/\/alfequipment.com\/#website"},"primaryImageOfPage":{"@id":"https:\/\/alfequipment.com\/product\/hp-241ld-color-ribbon-code-printer-and-manual-date-printing-machine-for-plastic-bag-or-paper\/#primaryimage"},"image":{"@id":"https:\/\/alfequipment.com\/product\/hp-241ld-color-ribbon-code-printer-and-manual-date-printing-machine-for-plastic-bag-or-paper\/#primaryimage"},"thumbnailUrl":"https:\/\/alfequipment.com\/wp-content\/uploads\/2025\/01\/HP-241LD-Color-ribbon-code-printer-and.jpg","datePublished":"2024-12-07T00:17:28+00:00","dateModified":"2025-01-13T13:09:47+00:00","breadcrumb":{"@id":"https:\/\/alfequipment.com\/product\/hp-241ld-color-ribbon-code-printer-and-manual-date-printing-machine-for-plastic-bag-or-paper\/#breadcrumb"},"inLanguage":"fr-FR","potentialAction":[{"@type":"ReadAction","target":["https:\/\/alfequipment.com\/product\/hp-241ld-color-ribbon-code-printer-and-manual-date-printing-machine-for-plastic-bag-or-paper\/"]}]},{"@type":"ImageObject","inLanguage":"fr-FR","@id":"https:\/\/alfequipment.com\/product\/hp-241ld-color-ribbon-code-printer-and-manual-date-printing-machine-for-plastic-bag-or-paper\/#primaryimage","url":"https:\/\/alfequipment.com\/wp-content\/uploads\/2025\/01\/HP-241LD-Color-ribbon-code-printer-and.jpg","contentUrl":"https:\/\/alfequipment.com\/wp-content\/uploads\/2025\/01\/HP-241LD-Color-ribbon-code-printer-and.jpg","width":1000,"height":1000},{"@type":"BreadcrumbList","@id":"https:\/\/alfequipment.com\/product\/hp-241ld-color-ribbon-code-printer-and-manual-date-printing-machine-for-plastic-bag-or-paper\/#breadcrumb","itemListElement":[{"@type":"ListItem","position":1,"name":"Home","item":"https:\/\/alfequipment.com\/"},{"@type":"ListItem","position":2,"name":"Shop","item":"https:\/\/alfequipment.com\/shop\/"},{"@type":"ListItem","position":3,"name":"HP-241LD Color ribbon code printer and manual date printing machine for plastic bag or paper"}]},{"@type":"WebSite","@id":"https:\/\/alfequipment.com\/#website","url":"https:\/\/alfequipment.com\/","name":"PACK ALF","description":"","publisher":{"@id":"https:\/\/alfequipment.com\/#organization"},"potentialAction":[{"@type":"SearchAction","target":{"@type":"EntryPoint","urlTemplate":"https:\/\/alfequipment.com\/?s={search_term_string}"},"query-input":{"@type":"PropertyValueSpecification","valueRequired":true,"valueName":"search_term_string"}}],"inLanguage":"fr-FR"},{"@type":"Organization","@id":"https:\/\/alfequipment.com\/#organization","name":"PACK ALF","url":"https:\/\/alfequipment.com\/","logo":{"@type":"ImageObject","inLanguage":"fr-FR","@id":"https:\/\/alfequipment.com\/#\/schema\/logo\/image\/","url":"https:\/\/alfequipment.com\/wp-content\/uploads\/2024\/11\/ALFlogo-2.webp","contentUrl":"https:\/\/alfequipment.com\/wp-content\/uploads\/2024\/11\/ALFlogo-2.webp","width":758,"height":750,"caption":"ALF PACK"},"image":{"@id":"https:\/\/alfequipment.com\/#\/schema\/logo\/image\/"}}]}},"_links":{"self":[{"href":"https:\/\/alfequipment.com\/fr\/wp-json\/wp\/v2\/product\/3007","targetHints":{"allow":["GET"]}}],"collection":[{"href":"https:\/\/alfequipment.com\/fr\/wp-json\/wp\/v2\/product"}],"about":[{"href":"https:\/\/alfequipment.com\/fr\/wp-json\/wp\/v2\/types\/product"}],"replies":[{"embeddable":true,"href":"https:\/\/alfequipment.com\/fr\/wp-json\/wp\/v2\/comments?post=3007"}],"version-history":[{"count":0,"href":"https:\/\/alfequipment.com\/fr\/wp-json\/wp\/v2\/product\/3007\/revisions"}],"wp:featuredmedia":[{"embeddable":true,"href":"https:\/\/alfequipment.com\/fr\/wp-json\/wp\/v2\/media\/2848"}],"wp:attachment":[{"href":"https:\/\/alfequipment.com\/fr\/wp-json\/wp\/v2\/media?parent=3007"}],"wp:term":[{"taxonomy":"product_brand","embeddable":true,"href":"https:\/\/alfequipment.com\/fr\/wp-json\/wp\/v2\/product_brand?post=3007"},{"taxonomy":"product_cat","embeddable":true,"href":"https:\/\/alfequipment.com\/fr\/wp-json\/wp\/v2\/product_cat?post=3007"},{"taxonomy":"product_tag","embeddable":true,"href":"https:\/\/alfequipment.com\/fr\/wp-json\/wp\/v2\/product_tag?post=3007"}],"curies":[{"name":"wp","href":"https:\/\/api.w.org\/{rel}","templated":true}]}}