{"id":3009,"date":"2024-12-27T21:26:47","date_gmt":"2024-12-27T21:26:47","guid":{"rendered":"https:\/\/alfequipment.com\/product\/kis-900-rotary-type-small-cup-filling-and-sealing-machine\/"},"modified":"2025-01-13T13:09:48","modified_gmt":"2025-01-13T13:09:48","slug":"machine-de-remplissage-et-de-scellement-de-gobelets-de-type-rotatif-kis-900","status":"publish","type":"product","link":"https:\/\/alfequipment.com\/fr\/product\/machine-de-remplissage-et-de-scellement-de-gobelets-de-type-rotatif-kis-900\/","title":{"rendered":"KIS-900 Machine rotative de remplissage et de scellage de petits gobelets"},"content":{"rendered":"<div data-magic-global=\"%7B%22bizId%22%3A17179933680%2C%22pageId%22%3A21053043243%2C%22siteId%22%3A5005331025%7D\" id=\"detail_decorate_root\">\n<div module-id=\"28553400879\" module-title=\"detailProductNavigation\" render=\"true\" class=\"J_module\">\n<div id=\"ali-anchor-AliMagic-sy461g\" data-section=\"AliMagic-sy461g\" data-section-title=\"Product Overview\" class=\"magic-0\">La machine de remplissage et de scellage de la s\u00e9rie KIS-900 convient \u00e0 l'emballage de boissons et de produits p\u00e2teux de diff\u00e9rentes densit\u00e9s, comme la gel\u00e9e, le lait, la glace, le suif, la confiture, le jus, etc. Cette machine peut \u00eatre utilis\u00e9e pour l'emballage et le scellage avec divers films composites appropri\u00e9s. Cette machine est largement utilis\u00e9e pour les r\u00e9cipients de forme et de volume diff\u00e9rents (gobelets), et nous pouvons personnaliser la machine en fonction des demandes des clients.<\/div>\n<\/div>\n<\/div>","protected":false},"excerpt":{"rendered":"<p>Kis900 Machine \u00e0 remplir et \u00e0 sceller les petits gobelets avec deux gobelets, de type rotatif<\/p>","protected":false},"featured_media":2852,"comment_status":"closed","ping_status":"open","template":"","meta":[],"product_brand":[],"product_cat":[101],"product_tag":[],"class_list":{"0":"post-3009","1":"product","2":"type-product","3":"status-publish","4":"has-post-thumbnail","6":"product_cat-filling-machines","8":"first","9":"instock","10":"sale","11":"purchasable","12":"product-type-simple"},"yoast_head":"<!-- This site is optimized with the Yoast SEO Premium plugin v20.9 (Yoast SEO v26.5) - https:\/\/yoast.com\/wordpress\/plugins\/seo\/ -->\n<title>KIS-900 Rotary type small cup filling and sealing machine - ALF PACK<\/title>\n<meta name=\"robots\" content=\"index, follow, max-snippet:-1, max-image-preview:large, max-video-preview:-1\" \/>\n<link rel=\"canonical\" href=\"https:\/\/alfequipment.com\/fr\/product\/machine-de-remplissage-et-de-scellement-de-gobelets-de-type-rotatif-kis-900\/\" \/>\n<meta property=\"og:locale\" content=\"fr_FR\" \/>\n<meta property=\"og:type\" content=\"article\" \/>\n<meta property=\"og:title\" content=\"KIS-900 Rotary type small cup filling and sealing machine\" \/>\n<meta property=\"og:description\" content=\"Kis900 Rotary Type Small Cup Filling And Sealing Machine With Two Cups\" \/>\n<meta property=\"og:url\" content=\"https:\/\/alfequipment.com\/fr\/product\/machine-de-remplissage-et-de-scellement-de-gobelets-de-type-rotatif-kis-900\/\" \/>\n<meta property=\"og:site_name\" content=\"ALF PACK\" \/>\n<meta property=\"article:modified_time\" content=\"2025-01-13T13:09:48+00:00\" \/>\n<meta property=\"og:image\" content=\"https:\/\/alfequipment.com\/wp-content\/uploads\/2025\/01\/KIS-900-Rotary-type-small-cup-filling.jpg\" \/>\n\t<meta property=\"og:image:width\" content=\"1000\" \/>\n\t<meta property=\"og:image:height\" content=\"1000\" \/>\n\t<meta property=\"og:image:type\" content=\"image\/webp\" \/>\n<meta name=\"twitter:card\" content=\"summary_large_image\" \/>\n<script type=\"application\/ld+json\" class=\"yoast-schema-graph\">{\"@context\":\"https:\/\/schema.org\",\"@graph\":[{\"@type\":\"WebPage\",\"@id\":\"https:\/\/alfequipment.com\/product\/kis-900-rotary-type-small-cup-filling-and-sealing-machine\/\",\"url\":\"https:\/\/alfequipment.com\/product\/kis-900-rotary-type-small-cup-filling-and-sealing-machine\/\",\"name\":\"KIS-900 Rotary type small cup filling and sealing machine - ALF PACK\",\"isPartOf\":{\"@id\":\"https:\/\/alfequipment.com\/#website\"},\"primaryImageOfPage\":{\"@id\":\"https:\/\/alfequipment.com\/product\/kis-900-rotary-type-small-cup-filling-and-sealing-machine\/#primaryimage\"},\"image\":{\"@id\":\"https:\/\/alfequipment.com\/product\/kis-900-rotary-type-small-cup-filling-and-sealing-machine\/#primaryimage\"},\"thumbnailUrl\":\"https:\/\/alfequipment.com\/wp-content\/uploads\/2025\/01\/KIS-900-Rotary-type-small-cup-filling.jpg\",\"datePublished\":\"2024-12-27T21:26:47+00:00\",\"dateModified\":\"2025-01-13T13:09:48+00:00\",\"breadcrumb\":{\"@id\":\"https:\/\/alfequipment.com\/product\/kis-900-rotary-type-small-cup-filling-and-sealing-machine\/#breadcrumb\"},\"inLanguage\":\"fr-FR\",\"potentialAction\":[{\"@type\":\"ReadAction\",\"target\":[\"https:\/\/alfequipment.com\/product\/kis-900-rotary-type-small-cup-filling-and-sealing-machine\/\"]}]},{\"@type\":\"ImageObject\",\"inLanguage\":\"fr-FR\",\"@id\":\"https:\/\/alfequipment.com\/product\/kis-900-rotary-type-small-cup-filling-and-sealing-machine\/#primaryimage\",\"url\":\"https:\/\/alfequipment.com\/wp-content\/uploads\/2025\/01\/KIS-900-Rotary-type-small-cup-filling.jpg\",\"contentUrl\":\"https:\/\/alfequipment.com\/wp-content\/uploads\/2025\/01\/KIS-900-Rotary-type-small-cup-filling.jpg\",\"width\":1000,\"height\":1000},{\"@type\":\"BreadcrumbList\",\"@id\":\"https:\/\/alfequipment.com\/product\/kis-900-rotary-type-small-cup-filling-and-sealing-machine\/#breadcrumb\",\"itemListElement\":[{\"@type\":\"ListItem\",\"position\":1,\"name\":\"Home\",\"item\":\"https:\/\/alfequipment.com\/\"},{\"@type\":\"ListItem\",\"position\":2,\"name\":\"Shop\",\"item\":\"https:\/\/alfequipment.com\/shop\/\"},{\"@type\":\"ListItem\",\"position\":3,\"name\":\"KIS-900 Rotary type small cup filling and sealing machine\"}]},{\"@type\":\"WebSite\",\"@id\":\"https:\/\/alfequipment.com\/#website\",\"url\":\"https:\/\/alfequipment.com\/\",\"name\":\"ALF PACK\",\"description\":\"\",\"publisher\":{\"@id\":\"https:\/\/alfequipment.com\/#organization\"},\"potentialAction\":[{\"@type\":\"SearchAction\",\"target\":{\"@type\":\"EntryPoint\",\"urlTemplate\":\"https:\/\/alfequipment.com\/?s={search_term_string}\"},\"query-input\":{\"@type\":\"PropertyValueSpecification\",\"valueRequired\":true,\"valueName\":\"search_term_string\"}}],\"inLanguage\":\"fr-FR\"},{\"@type\":\"Organization\",\"@id\":\"https:\/\/alfequipment.com\/#organization\",\"name\":\"ALF PACK\",\"url\":\"https:\/\/alfequipment.com\/\",\"logo\":{\"@type\":\"ImageObject\",\"inLanguage\":\"fr-FR\",\"@id\":\"https:\/\/alfequipment.com\/#\/schema\/logo\/image\/\",\"url\":\"https:\/\/alfequipment.com\/wp-content\/uploads\/2024\/11\/ALFlogo-2.webp\",\"contentUrl\":\"https:\/\/alfequipment.com\/wp-content\/uploads\/2024\/11\/ALFlogo-2.webp\",\"width\":758,\"height\":750,\"caption\":\"ALF PACK\"},\"image\":{\"@id\":\"https:\/\/alfequipment.com\/#\/schema\/logo\/image\/\"}}]}<\/script>\n<!-- \/ Yoast SEO Premium plugin. -->","yoast_head_json":{"title":"KIS-900 Remplisseuse et scelleuse de gobelets de type rotatif - ALF PACK","robots":{"index":"index","follow":"follow","max-snippet":"max-snippet:-1","max-image-preview":"max-image-preview:large","max-video-preview":"max-video-preview:-1"},"canonical":"https:\/\/alfequipment.com\/fr\/product\/machine-de-remplissage-et-de-scellement-de-gobelets-de-type-rotatif-kis-900\/","og_locale":"fr_FR","og_type":"article","og_title":"KIS-900 Rotary type small cup filling and sealing machine","og_description":"Kis900 Rotary Type Small Cup Filling And Sealing Machine With Two Cups","og_url":"https:\/\/alfequipment.com\/fr\/product\/machine-de-remplissage-et-de-scellement-de-gobelets-de-type-rotatif-kis-900\/","og_site_name":"ALF PACK","article_modified_time":"2025-01-13T13:09:48+00:00","og_image":[{"width":1000,"height":1000,"url":"https:\/\/alfequipment.com\/wp-content\/uploads\/2025\/01\/KIS-900-Rotary-type-small-cup-filling.jpg","type":"image\/webp"}],"twitter_card":"summary_large_image","schema":{"@context":"https:\/\/schema.org","@graph":[{"@type":"WebPage","@id":"https:\/\/alfequipment.com\/product\/kis-900-rotary-type-small-cup-filling-and-sealing-machine\/","url":"https:\/\/alfequipment.com\/product\/kis-900-rotary-type-small-cup-filling-and-sealing-machine\/","name":"KIS-900 Remplisseuse et scelleuse de gobelets de type rotatif - ALF PACK","isPartOf":{"@id":"https:\/\/alfequipment.com\/#website"},"primaryImageOfPage":{"@id":"https:\/\/alfequipment.com\/product\/kis-900-rotary-type-small-cup-filling-and-sealing-machine\/#primaryimage"},"image":{"@id":"https:\/\/alfequipment.com\/product\/kis-900-rotary-type-small-cup-filling-and-sealing-machine\/#primaryimage"},"thumbnailUrl":"https:\/\/alfequipment.com\/wp-content\/uploads\/2025\/01\/KIS-900-Rotary-type-small-cup-filling.jpg","datePublished":"2024-12-27T21:26:47+00:00","dateModified":"2025-01-13T13:09:48+00:00","breadcrumb":{"@id":"https:\/\/alfequipment.com\/product\/kis-900-rotary-type-small-cup-filling-and-sealing-machine\/#breadcrumb"},"inLanguage":"fr-FR","potentialAction":[{"@type":"ReadAction","target":["https:\/\/alfequipment.com\/product\/kis-900-rotary-type-small-cup-filling-and-sealing-machine\/"]}]},{"@type":"ImageObject","inLanguage":"fr-FR","@id":"https:\/\/alfequipment.com\/product\/kis-900-rotary-type-small-cup-filling-and-sealing-machine\/#primaryimage","url":"https:\/\/alfequipment.com\/wp-content\/uploads\/2025\/01\/KIS-900-Rotary-type-small-cup-filling.jpg","contentUrl":"https:\/\/alfequipment.com\/wp-content\/uploads\/2025\/01\/KIS-900-Rotary-type-small-cup-filling.jpg","width":1000,"height":1000},{"@type":"BreadcrumbList","@id":"https:\/\/alfequipment.com\/product\/kis-900-rotary-type-small-cup-filling-and-sealing-machine\/#breadcrumb","itemListElement":[{"@type":"ListItem","position":1,"name":"Home","item":"https:\/\/alfequipment.com\/"},{"@type":"ListItem","position":2,"name":"Shop","item":"https:\/\/alfequipment.com\/shop\/"},{"@type":"ListItem","position":3,"name":"KIS-900 Rotary type small cup filling and sealing machine"}]},{"@type":"WebSite","@id":"https:\/\/alfequipment.com\/#website","url":"https:\/\/alfequipment.com\/","name":"PACK ALF","description":"","publisher":{"@id":"https:\/\/alfequipment.com\/#organization"},"potentialAction":[{"@type":"SearchAction","target":{"@type":"EntryPoint","urlTemplate":"https:\/\/alfequipment.com\/?s={search_term_string}"},"query-input":{"@type":"PropertyValueSpecification","valueRequired":true,"valueName":"search_term_string"}}],"inLanguage":"fr-FR"},{"@type":"Organization","@id":"https:\/\/alfequipment.com\/#organization","name":"PACK ALF","url":"https:\/\/alfequipment.com\/","logo":{"@type":"ImageObject","inLanguage":"fr-FR","@id":"https:\/\/alfequipment.com\/#\/schema\/logo\/image\/","url":"https:\/\/alfequipment.com\/wp-content\/uploads\/2024\/11\/ALFlogo-2.webp","contentUrl":"https:\/\/alfequipment.com\/wp-content\/uploads\/2024\/11\/ALFlogo-2.webp","width":758,"height":750,"caption":"ALF PACK"},"image":{"@id":"https:\/\/alfequipment.com\/#\/schema\/logo\/image\/"}}]}},"_links":{"self":[{"href":"https:\/\/alfequipment.com\/fr\/wp-json\/wp\/v2\/product\/3009","targetHints":{"allow":["GET"]}}],"collection":[{"href":"https:\/\/alfequipment.com\/fr\/wp-json\/wp\/v2\/product"}],"about":[{"href":"https:\/\/alfequipment.com\/fr\/wp-json\/wp\/v2\/types\/product"}],"replies":[{"embeddable":true,"href":"https:\/\/alfequipment.com\/fr\/wp-json\/wp\/v2\/comments?post=3009"}],"version-history":[{"count":0,"href":"https:\/\/alfequipment.com\/fr\/wp-json\/wp\/v2\/product\/3009\/revisions"}],"wp:featuredmedia":[{"embeddable":true,"href":"https:\/\/alfequipment.com\/fr\/wp-json\/wp\/v2\/media\/2852"}],"wp:attachment":[{"href":"https:\/\/alfequipment.com\/fr\/wp-json\/wp\/v2\/media?parent=3009"}],"wp:term":[{"taxonomy":"product_brand","embeddable":true,"href":"https:\/\/alfequipment.com\/fr\/wp-json\/wp\/v2\/product_brand?post=3009"},{"taxonomy":"product_cat","embeddable":true,"href":"https:\/\/alfequipment.com\/fr\/wp-json\/wp\/v2\/product_cat?post=3009"},{"taxonomy":"product_tag","embeddable":true,"href":"https:\/\/alfequipment.com\/fr\/wp-json\/wp\/v2\/product_tag?post=3009"}],"curies":[{"name":"wp","href":"https:\/\/api.w.org\/{rel}","templated":true}]}}