{"id":3010,"date":"2024-12-25T10:17:06","date_gmt":"2024-12-25T10:17:06","guid":{"rendered":"https:\/\/alfequipment.com\/product\/cfd-series-fully-automatic-cup-filling-and-sealing-machine-for-four-cups-pneumatic-type-for-big-capacity\/"},"modified":"2025-01-13T13:09:48","modified_gmt":"2025-01-13T13:09:48","slug":"machine-de-remplissage-et-de-scellement-de-gobelets-entierement-automatique-de-la-serie-cfd-pour-quatre-gobelets-type-pneumatique-pour-une-grande-capacite","status":"publish","type":"product","link":"https:\/\/alfequipment.com\/fr\/product\/machine-de-remplissage-et-de-scellement-de-gobelets-entierement-automatique-de-la-serie-cfd-pour-quatre-gobelets-type-pneumatique-pour-une-grande-capacite\/","title":{"rendered":"Remplisseuse et scelleuse de gobelets enti\u00e8rement automatique de la s\u00e9rie CFD (pour quatre gobelets) Type pneumatique pour une grande capacit\u00e9"},"content":{"rendered":"<p><span style=\"font-size: 12pt;\">La machine automatique de remplissage et de scellage de gobelets de la s\u00e9rie CFD est utilis\u00e9e pour remplir et sceller divers gobelets en plastique avec des produits liquides ou p\u00e2teux qui s'\u00e9coulent librement. Elle peut compl\u00e9ter automatiquement le processus de remplissage, de scellage, de d\u00e9coupe du film, d'impression du code, de st\u00e9rilisation aux rayons ultraviolets et de chute du gobelet en une seule op\u00e9ration. Elle dispose d'une fonction de r\u00e9gulation automatique de la position du film.<\/span><\/p>\n<p><span style=\"font-size: 12pt;\">&nbsp;<\/span><\/p>\n<p><span style=\"font-size: 12pt;\">La machine adopte le principe pneumatique et est utilis\u00e9e pour une grande productivit\u00e9. Les marques r\u00e9put\u00e9es \"OMRON\" et \"AirTAC\" sont utilis\u00e9es pour les composants \u00e9lectriques et les \u00e9l\u00e9ments pneumatiques.<\/span><\/p>\n<p><span style=\"font-size: 12pt;\">&nbsp;<\/span><\/p>\n<p><strong><span style=\"font-size: 12pt;\">Sp\u00e9cification :<\/span><\/strong><\/p>\n<table class=\"aliDataTable\" style=\"width: 897px; height: 296px;\" border=\"0\" cellspacing=\"0\" cellpadding=\"0\">\n<tbody>\n<tr style=\"height: 14.25pt;\" align=\"center\">\n<td style=\"width: 81.75pt;\" align=\"left\">\n<p><span style=\"font-size: 12pt;\">Mod\u00e8le<\/span><\/p>\n<\/td>\n<td style=\"width: 71.25pt;\">\n<p><span style=\"font-size: 12pt;\">CFD-2<\/span><\/p>\n<\/td>\n<td style=\"width: 72pt;\">\n<p><span style=\"font-size: 12pt;\">CFD-4<\/span><\/p>\n<\/td>\n<td style=\"width: 72pt;\">\n<p><span style=\"font-size: 12pt;\">CFD-6<\/span><\/p>\n<\/td>\n<td style=\"width: 68.6pt;\">\n<p><span style=\"font-size: 12pt;\">CFD-8<\/span><\/p>\n<\/td>\n<td style=\"width: 75.4pt;\">\n<p><span style=\"font-size: 12pt;\">CFD-16<\/span><\/p>\n<\/td>\n<\/tr>\n<tr style=\"height: 14.25pt;\" align=\"left\">\n<td>\n<p><span style=\"font-size: 12pt;\">Alimentation \u00e9lectrique<\/span><\/p>\n<\/td>\n<td style=\"width: 359.25pt;\" colspan=\"5\" align=\"center\">\n<p><span style=\"font-size: 12pt;\">380V\/50-60HZ<\/span><\/p>\n<\/td>\n<\/tr>\n<tr style=\"height: 14.25pt;\" align=\"center\">\n<td align=\"left\">\n<p><span style=\"font-size: 12pt;\">Puissance<\/span><\/p>\n<\/td>\n<td>\n<p><span style=\"font-size: 12pt;\">3,5 kW<\/span><\/p>\n<\/td>\n<td>\n<p><span style=\"font-size: 12pt;\">3,5 kW<\/span><\/p>\n<\/td>\n<td>\n<p><span style=\"font-size: 12pt;\">3,5 kW<\/span><\/p>\n<\/td>\n<td>\n<p><span style=\"font-size: 12pt;\">4,5 kW<\/span><\/p>\n<\/td>\n<td>\n<p><span style=\"font-size: 12pt;\">6,5 kW<\/span><\/p>\n<\/td>\n<\/tr>\n<tr style=\"height: 14.25pt;\" align=\"center\">\n<td align=\"left\">\n<p><span style=\"font-size: 12pt;\">Plage de remplissage<\/span><\/p>\n<\/td>\n<td>\n<p><span style=\"font-size: 12pt;\">100-500 ml<\/span><\/p>\n<\/td>\n<td style=\"width: 288pt;\" colspan=\"4\">\n<p><span style=\"font-size: 12pt;\">100-250 ml<\/span><\/p>\n<\/td>\n<\/tr>\n<tr style=\"height: 14.25pt;\" align=\"center\">\n<td align=\"left\">\n<p><span style=\"font-size: 12pt;\">Capacit\u00e9<\/span><\/p>\n<\/td>\n<td>\n<p><span style=\"font-size: 12pt;\">1800-2200 tasses\/hr<\/span><\/p>\n<\/td>\n<td>\n<p><span style=\"font-size: 12pt;\">3500-4500 gobelets\/heure<\/span><\/p>\n<\/td>\n<td>\n<p><span style=\"font-size: 12pt;\">5000-6500 tasses\/heure<\/span><\/p>\n<\/td>\n<td>\n<p><span style=\"font-size: 12pt;\">7000-9000 gobelets\/heure<\/span><\/p>\n<\/td>\n<td>\n<p><span style=\"font-size: 12pt;\">14000-16000 tasses\/hr<\/span><\/p>\n<\/td>\n<\/tr>\n<tr style=\"height: 14.25pt;\" align=\"center\">\n<td align=\"left\">\n<p><span style=\"font-size: 12pt;\">Alimentation en air<\/span><\/p>\n<\/td>\n<td>\n<p><span style=\"font-size: 12pt;\">0,4m3\/min<\/span><\/p>\n<\/td>\n<td>\n<p><span style=\"font-size: 12pt;\">0,4m3\/min<\/span><\/p>\n<\/td>\n<td>\n<p><span style=\"font-size: 12pt;\">0,5m3\/min<\/span><\/p>\n<\/td>\n<td>\n<p><span style=\"font-size: 12pt;\">0,6m3\/min<\/span><\/p>\n<\/td>\n<td>\n<p><span style=\"font-size: 12pt;\">0,8m3\/min<\/span><\/p>\n<\/td>\n<\/tr>\n<tr style=\"height: 14.25pt;\" align=\"center\">\n<td align=\"left\">\n<p><span style=\"font-size: 12pt;\">Dimension<\/span><\/p>\n<\/td>\n<td>\n<p><span style=\"font-size: 12pt;\">260*70*175cm<\/span><\/p>\n<\/td>\n<td>\n<p><span style=\"font-size: 12pt;\">315*90*175cm<\/span><\/p>\n<\/td>\n<td>\n<p><span style=\"font-size: 12pt;\">315*115*175cm<\/span><\/p>\n<\/td>\n<td>\n<p><span style=\"font-size: 12pt;\">395*130*175 cm<\/span><\/p>\n<\/td>\n<td>\n<p><span style=\"font-size: 12pt;\">520*130*175cm<\/span><\/p>\n<\/td>\n<\/tr>\n<tr style=\"height: 14.25pt;\" align=\"center\">\n<td align=\"left\">\n<p><span style=\"font-size: 12pt;\">Poids<\/span><\/p>\n<\/td>\n<td>\n<p><span style=\"font-size: 12pt;\">500 kg<\/span><\/p>\n<\/td>\n<td>\n<p><span style=\"font-size: 12pt;\">700 kg<\/span><\/p>\n<\/td>\n<td>\n<p><span style=\"font-size: 12pt;\">800 kg<\/span><\/p>\n<\/td>\n<td>\n<p><span style=\"font-size: 12pt;\">1000kgs<\/span><\/p>\n<\/td>\n<td>\n<p><span style=\"font-size: 12pt;\">1300 kg<\/span><\/p>\n<\/td>\n<\/tr>\n<\/tbody>\n<\/table>\n<p>&nbsp;<\/p>\n<p><img decoding=\"async\" src=\"https:\/\/sc02.alicdn.com\/kf\/HTB1qyqKFVXXXXbJXFXXq6xXFXXXY\/64496\/HTB1qyqKFVXXXXbJXFXXq6xXFXXXY.jpg\" data-alt=\"CFD Series Fully Automatic Cup Filling and Sealing Machine (For Four cups) Pneumatic type for big capacity\" style=\"width: 518px; height: 389px;\" ori-width=\"800\" ori-height=\"600\" class=\"aligncenter\"><img decoding=\"async\" src=\"https:\/\/sc02.alicdn.com\/kf\/HTB1.tuRFVXXXXbHXXXXq6xXFXXXF\/64496\/HTB1.tuRFVXXXXbHXXXXq6xXFXXXF.jpg\" data-alt=\"CFD Series Fully Automatic Cup Filling and Sealing Machine (For Four cups) Pneumatic type for big capacity\" style=\"width: 519px; height: 389px;\" ori-width=\"800\" ori-height=\"600\" class=\"aligncenter\"><img decoding=\"async\" src=\"https:\/\/sc02.alicdn.com\/kf\/HTB14VSKFVXXXXb_XFXXq6xXFXXXe\/64496\/HTB14VSKFVXXXXb_XFXXq6xXFXXXe.jpg\" data-alt=\"CFD Series Fully Automatic Cup Filling and Sealing Machine (For Four cups) Pneumatic type for big capacity\" style=\"width: 519px; height: 389px;\" ori-width=\"800\" ori-height=\"600\" class=\"aligncenter\"><img decoding=\"async\" src=\"https:\/\/sc02.alicdn.com\/kf\/HTB1YpOLFVXXXXccXpXXq6xXFXXX0\/64496\/HTB1YpOLFVXXXXccXpXXq6xXFXXX0.jpg\" data-alt=\"CFD Series Fully Automatic Cup Filling and Sealing Machine (For Four cups) Pneumatic type for big capacity\" style=\"width: 518px; height: 388px;\" ori-width=\"800\" ori-height=\"600\" class=\"aligncenter\"><img decoding=\"async\" src=\"https:\/\/sc01.alicdn.com\/kf\/HTB11ieSFVXXXXXcXXXXq6xXFXXXU\/64496\/HTB11ieSFVXXXXXcXXXXq6xXFXXXU.jpg\" data-alt=\"CFD Series Fully Automatic Cup Filling and Sealing Machine (For Four cups) Pneumatic type for big capacity\" style=\"width: 519px; height: 389px;\" ori-width=\"800\" ori-height=\"600\" class=\"aligncenter\"><\/p>\n<div id=\"ali-anchor-packaging\" style=\"margin-top: 15px; height: auto;\" data-section=\"packaging\">&nbsp; &nbsp;<\/div><\/p>","protected":false},"excerpt":{"rendered":"<p>S\u00e9rie Cfd Remplisseuse et scelleuse de gobelets enti\u00e8rement automatique (pour quatre gobelets) Type pneumatique pour grande capacit\u00e9<\/p>","protected":false},"featured_media":2854,"comment_status":"closed","ping_status":"open","template":"","meta":[],"product_brand":[],"product_cat":[101],"product_tag":[],"class_list":{"0":"post-3010","1":"product","2":"type-product","3":"status-publish","4":"has-post-thumbnail","6":"product_cat-filling-machines","8":"first","9":"instock","10":"sale","11":"purchasable","12":"product-type-simple"},"yoast_head":"<!-- This site is optimized with the Yoast SEO Premium plugin v20.9 (Yoast SEO v26.5) - https:\/\/yoast.com\/wordpress\/plugins\/seo\/ -->\n<title>CFD Series Fully Automatic Cup Filling and Sealing Machine (For Four cups) Pneumatic type for big capacity - ALF PACK<\/title>\n<meta name=\"robots\" content=\"index, follow, max-snippet:-1, max-image-preview:large, max-video-preview:-1\" \/>\n<link rel=\"canonical\" href=\"https:\/\/alfequipment.com\/fr\/product\/machine-de-remplissage-et-de-scellement-de-gobelets-entierement-automatique-de-la-serie-cfd-pour-quatre-gobelets-type-pneumatique-pour-une-grande-capacite\/\" \/>\n<meta property=\"og:locale\" content=\"fr_FR\" \/>\n<meta property=\"og:type\" content=\"article\" \/>\n<meta property=\"og:title\" content=\"CFD Series Fully Automatic Cup Filling and Sealing Machine (For Four cups) Pneumatic type for big capacity\" \/>\n<meta property=\"og:description\" content=\"Cfd Series Fully Automatic Cup Filling And Sealing Machine (for Four Cups) Pneumatic Type For Big Capacity\" \/>\n<meta property=\"og:url\" content=\"https:\/\/alfequipment.com\/fr\/product\/machine-de-remplissage-et-de-scellement-de-gobelets-entierement-automatique-de-la-serie-cfd-pour-quatre-gobelets-type-pneumatique-pour-une-grande-capacite\/\" \/>\n<meta property=\"og:site_name\" content=\"ALF PACK\" \/>\n<meta property=\"article:modified_time\" content=\"2025-01-13T13:09:48+00:00\" \/>\n<meta property=\"og:image\" content=\"https:\/\/alfequipment.com\/wp-content\/uploads\/2025\/01\/CFD-Series-Fully-Automatic-Cup-Filling-and.jpg\" \/>\n\t<meta property=\"og:image:width\" content=\"800\" \/>\n\t<meta property=\"og:image:height\" content=\"800\" \/>\n\t<meta property=\"og:image:type\" content=\"image\/webp\" \/>\n<meta name=\"twitter:card\" content=\"summary_large_image\" \/>\n<meta name=\"twitter:label1\" content=\"Dur\u00e9e de lecture estim\u00e9e\" \/>\n\t<meta name=\"twitter:data1\" content=\"1 minute\" \/>\n<script type=\"application\/ld+json\" class=\"yoast-schema-graph\">{\"@context\":\"https:\/\/schema.org\",\"@graph\":[{\"@type\":\"WebPage\",\"@id\":\"https:\/\/alfequipment.com\/product\/cfd-series-fully-automatic-cup-filling-and-sealing-machine-for-four-cups-pneumatic-type-for-big-capacity\/\",\"url\":\"https:\/\/alfequipment.com\/product\/cfd-series-fully-automatic-cup-filling-and-sealing-machine-for-four-cups-pneumatic-type-for-big-capacity\/\",\"name\":\"CFD Series Fully Automatic Cup Filling and Sealing Machine (For Four cups) Pneumatic type for big capacity - ALF PACK\",\"isPartOf\":{\"@id\":\"https:\/\/alfequipment.com\/#website\"},\"primaryImageOfPage\":{\"@id\":\"https:\/\/alfequipment.com\/product\/cfd-series-fully-automatic-cup-filling-and-sealing-machine-for-four-cups-pneumatic-type-for-big-capacity\/#primaryimage\"},\"image\":{\"@id\":\"https:\/\/alfequipment.com\/product\/cfd-series-fully-automatic-cup-filling-and-sealing-machine-for-four-cups-pneumatic-type-for-big-capacity\/#primaryimage\"},\"thumbnailUrl\":\"https:\/\/alfequipment.com\/wp-content\/uploads\/2025\/01\/CFD-Series-Fully-Automatic-Cup-Filling-and.jpg\",\"datePublished\":\"2024-12-25T10:17:06+00:00\",\"dateModified\":\"2025-01-13T13:09:48+00:00\",\"breadcrumb\":{\"@id\":\"https:\/\/alfequipment.com\/product\/cfd-series-fully-automatic-cup-filling-and-sealing-machine-for-four-cups-pneumatic-type-for-big-capacity\/#breadcrumb\"},\"inLanguage\":\"fr-FR\",\"potentialAction\":[{\"@type\":\"ReadAction\",\"target\":[\"https:\/\/alfequipment.com\/product\/cfd-series-fully-automatic-cup-filling-and-sealing-machine-for-four-cups-pneumatic-type-for-big-capacity\/\"]}]},{\"@type\":\"ImageObject\",\"inLanguage\":\"fr-FR\",\"@id\":\"https:\/\/alfequipment.com\/product\/cfd-series-fully-automatic-cup-filling-and-sealing-machine-for-four-cups-pneumatic-type-for-big-capacity\/#primaryimage\",\"url\":\"https:\/\/alfequipment.com\/wp-content\/uploads\/2025\/01\/CFD-Series-Fully-Automatic-Cup-Filling-and.jpg\",\"contentUrl\":\"https:\/\/alfequipment.com\/wp-content\/uploads\/2025\/01\/CFD-Series-Fully-Automatic-Cup-Filling-and.jpg\",\"width\":800,\"height\":800},{\"@type\":\"BreadcrumbList\",\"@id\":\"https:\/\/alfequipment.com\/product\/cfd-series-fully-automatic-cup-filling-and-sealing-machine-for-four-cups-pneumatic-type-for-big-capacity\/#breadcrumb\",\"itemListElement\":[{\"@type\":\"ListItem\",\"position\":1,\"name\":\"Home\",\"item\":\"https:\/\/alfequipment.com\/\"},{\"@type\":\"ListItem\",\"position\":2,\"name\":\"Shop\",\"item\":\"https:\/\/alfequipment.com\/shop\/\"},{\"@type\":\"ListItem\",\"position\":3,\"name\":\"CFD Series Fully Automatic Cup Filling and Sealing Machine (For Four cups) Pneumatic type for big capacity\"}]},{\"@type\":\"WebSite\",\"@id\":\"https:\/\/alfequipment.com\/#website\",\"url\":\"https:\/\/alfequipment.com\/\",\"name\":\"ALF PACK\",\"description\":\"\",\"publisher\":{\"@id\":\"https:\/\/alfequipment.com\/#organization\"},\"potentialAction\":[{\"@type\":\"SearchAction\",\"target\":{\"@type\":\"EntryPoint\",\"urlTemplate\":\"https:\/\/alfequipment.com\/?s={search_term_string}\"},\"query-input\":{\"@type\":\"PropertyValueSpecification\",\"valueRequired\":true,\"valueName\":\"search_term_string\"}}],\"inLanguage\":\"fr-FR\"},{\"@type\":\"Organization\",\"@id\":\"https:\/\/alfequipment.com\/#organization\",\"name\":\"ALF PACK\",\"url\":\"https:\/\/alfequipment.com\/\",\"logo\":{\"@type\":\"ImageObject\",\"inLanguage\":\"fr-FR\",\"@id\":\"https:\/\/alfequipment.com\/#\/schema\/logo\/image\/\",\"url\":\"https:\/\/alfequipment.com\/wp-content\/uploads\/2024\/11\/ALFlogo-2.webp\",\"contentUrl\":\"https:\/\/alfequipment.com\/wp-content\/uploads\/2024\/11\/ALFlogo-2.webp\",\"width\":758,\"height\":750,\"caption\":\"ALF PACK\"},\"image\":{\"@id\":\"https:\/\/alfequipment.com\/#\/schema\/logo\/image\/\"}}]}<\/script>\n<!-- \/ Yoast SEO Premium plugin. -->","yoast_head_json":{"title":"Remplisseuse et scelleuse de gobelets enti\u00e8rement automatique (pour quatre gobelets) de la s\u00e9rie CFD Type pneumatique pour grande capacit\u00e9 - ALF PACK","robots":{"index":"index","follow":"follow","max-snippet":"max-snippet:-1","max-image-preview":"max-image-preview:large","max-video-preview":"max-video-preview:-1"},"canonical":"https:\/\/alfequipment.com\/fr\/product\/machine-de-remplissage-et-de-scellement-de-gobelets-entierement-automatique-de-la-serie-cfd-pour-quatre-gobelets-type-pneumatique-pour-une-grande-capacite\/","og_locale":"fr_FR","og_type":"article","og_title":"CFD Series Fully Automatic Cup Filling and Sealing Machine (For Four cups) Pneumatic type for big capacity","og_description":"Cfd Series Fully Automatic Cup Filling And Sealing Machine (for Four Cups) Pneumatic Type For Big Capacity","og_url":"https:\/\/alfequipment.com\/fr\/product\/machine-de-remplissage-et-de-scellement-de-gobelets-entierement-automatique-de-la-serie-cfd-pour-quatre-gobelets-type-pneumatique-pour-une-grande-capacite\/","og_site_name":"ALF PACK","article_modified_time":"2025-01-13T13:09:48+00:00","og_image":[{"width":800,"height":800,"url":"https:\/\/alfequipment.com\/wp-content\/uploads\/2025\/01\/CFD-Series-Fully-Automatic-Cup-Filling-and.jpg","type":"image\/webp"}],"twitter_card":"summary_large_image","twitter_misc":{"Dur\u00e9e de lecture estim\u00e9e":"1 minute"},"schema":{"@context":"https:\/\/schema.org","@graph":[{"@type":"WebPage","@id":"https:\/\/alfequipment.com\/product\/cfd-series-fully-automatic-cup-filling-and-sealing-machine-for-four-cups-pneumatic-type-for-big-capacity\/","url":"https:\/\/alfequipment.com\/product\/cfd-series-fully-automatic-cup-filling-and-sealing-machine-for-four-cups-pneumatic-type-for-big-capacity\/","name":"Remplisseuse et scelleuse de gobelets enti\u00e8rement automatique (pour quatre gobelets) de la s\u00e9rie CFD Type pneumatique pour grande capacit\u00e9 - ALF PACK","isPartOf":{"@id":"https:\/\/alfequipment.com\/#website"},"primaryImageOfPage":{"@id":"https:\/\/alfequipment.com\/product\/cfd-series-fully-automatic-cup-filling-and-sealing-machine-for-four-cups-pneumatic-type-for-big-capacity\/#primaryimage"},"image":{"@id":"https:\/\/alfequipment.com\/product\/cfd-series-fully-automatic-cup-filling-and-sealing-machine-for-four-cups-pneumatic-type-for-big-capacity\/#primaryimage"},"thumbnailUrl":"https:\/\/alfequipment.com\/wp-content\/uploads\/2025\/01\/CFD-Series-Fully-Automatic-Cup-Filling-and.jpg","datePublished":"2024-12-25T10:17:06+00:00","dateModified":"2025-01-13T13:09:48+00:00","breadcrumb":{"@id":"https:\/\/alfequipment.com\/product\/cfd-series-fully-automatic-cup-filling-and-sealing-machine-for-four-cups-pneumatic-type-for-big-capacity\/#breadcrumb"},"inLanguage":"fr-FR","potentialAction":[{"@type":"ReadAction","target":["https:\/\/alfequipment.com\/product\/cfd-series-fully-automatic-cup-filling-and-sealing-machine-for-four-cups-pneumatic-type-for-big-capacity\/"]}]},{"@type":"ImageObject","inLanguage":"fr-FR","@id":"https:\/\/alfequipment.com\/product\/cfd-series-fully-automatic-cup-filling-and-sealing-machine-for-four-cups-pneumatic-type-for-big-capacity\/#primaryimage","url":"https:\/\/alfequipment.com\/wp-content\/uploads\/2025\/01\/CFD-Series-Fully-Automatic-Cup-Filling-and.jpg","contentUrl":"https:\/\/alfequipment.com\/wp-content\/uploads\/2025\/01\/CFD-Series-Fully-Automatic-Cup-Filling-and.jpg","width":800,"height":800},{"@type":"BreadcrumbList","@id":"https:\/\/alfequipment.com\/product\/cfd-series-fully-automatic-cup-filling-and-sealing-machine-for-four-cups-pneumatic-type-for-big-capacity\/#breadcrumb","itemListElement":[{"@type":"ListItem","position":1,"name":"Home","item":"https:\/\/alfequipment.com\/"},{"@type":"ListItem","position":2,"name":"Shop","item":"https:\/\/alfequipment.com\/shop\/"},{"@type":"ListItem","position":3,"name":"CFD Series Fully Automatic Cup Filling and Sealing Machine (For Four cups) Pneumatic type for big capacity"}]},{"@type":"WebSite","@id":"https:\/\/alfequipment.com\/#website","url":"https:\/\/alfequipment.com\/","name":"PACK ALF","description":"","publisher":{"@id":"https:\/\/alfequipment.com\/#organization"},"potentialAction":[{"@type":"SearchAction","target":{"@type":"EntryPoint","urlTemplate":"https:\/\/alfequipment.com\/?s={search_term_string}"},"query-input":{"@type":"PropertyValueSpecification","valueRequired":true,"valueName":"search_term_string"}}],"inLanguage":"fr-FR"},{"@type":"Organization","@id":"https:\/\/alfequipment.com\/#organization","name":"PACK ALF","url":"https:\/\/alfequipment.com\/","logo":{"@type":"ImageObject","inLanguage":"fr-FR","@id":"https:\/\/alfequipment.com\/#\/schema\/logo\/image\/","url":"https:\/\/alfequipment.com\/wp-content\/uploads\/2024\/11\/ALFlogo-2.webp","contentUrl":"https:\/\/alfequipment.com\/wp-content\/uploads\/2024\/11\/ALFlogo-2.webp","width":758,"height":750,"caption":"ALF PACK"},"image":{"@id":"https:\/\/alfequipment.com\/#\/schema\/logo\/image\/"}}]}},"_links":{"self":[{"href":"https:\/\/alfequipment.com\/fr\/wp-json\/wp\/v2\/product\/3010","targetHints":{"allow":["GET"]}}],"collection":[{"href":"https:\/\/alfequipment.com\/fr\/wp-json\/wp\/v2\/product"}],"about":[{"href":"https:\/\/alfequipment.com\/fr\/wp-json\/wp\/v2\/types\/product"}],"replies":[{"embeddable":true,"href":"https:\/\/alfequipment.com\/fr\/wp-json\/wp\/v2\/comments?post=3010"}],"version-history":[{"count":0,"href":"https:\/\/alfequipment.com\/fr\/wp-json\/wp\/v2\/product\/3010\/revisions"}],"wp:featuredmedia":[{"embeddable":true,"href":"https:\/\/alfequipment.com\/fr\/wp-json\/wp\/v2\/media\/2854"}],"wp:attachment":[{"href":"https:\/\/alfequipment.com\/fr\/wp-json\/wp\/v2\/media?parent=3010"}],"wp:term":[{"taxonomy":"product_brand","embeddable":true,"href":"https:\/\/alfequipment.com\/fr\/wp-json\/wp\/v2\/product_brand?post=3010"},{"taxonomy":"product_cat","embeddable":true,"href":"https:\/\/alfequipment.com\/fr\/wp-json\/wp\/v2\/product_cat?post=3010"},{"taxonomy":"product_tag","embeddable":true,"href":"https:\/\/alfequipment.com\/fr\/wp-json\/wp\/v2\/product_tag?post=3010"}],"curies":[{"name":"wp","href":"https:\/\/api.w.org\/{rel}","templated":true}]}}