{"id":3016,"date":"2024-12-17T20:55:59","date_gmt":"2024-12-17T20:55:59","guid":{"rendered":"https:\/\/alfequipment.com\/product\/lfs-600-new-product-hand-impulse-sealer\/"},"modified":"2025-01-13T14:56:27","modified_gmt":"2025-01-13T14:56:27","slug":"lfs-600-nouveau-produit-scelleuse-manuelle-a-impulsion","status":"publish","type":"product","link":"https:\/\/alfequipment.com\/fr\/product\/lfs-600-nouveau-produit-scelleuse-manuelle-a-impulsion\/","title":{"rendered":"LFS-600, nouveau produit, soudeuse manuelle \u00e0 impulsion"},"content":{"rendered":"<div id=\"ali-anchor-description\" data-section=\"description\">\n<p>Cette scelleuse de s\u00e9rie est facile \u00e0 utiliser, le temps de chauffe est r\u00e9glable et elle convient pour sceller divers films plastiques. Elle commence \u00e0 fonctionner simplement en allumant l'alimentation \u00e9lectrique.<\/p>\n<p>&nbsp;<\/p>\n<table class=\"aliDataTable\" style=\"width: 80%;\" border=\"1\">\n<tbody>\n<tr>\n<td>Mod\u00e8le<\/td>\n<td><span style=\"font-family: Verdana, Arial, Helvetica, sans-serif; line-height: normal; color: #ff0000;\">LFS-600<\/span><\/td>\n<td><span style=\"font-family: Verdana, Arial, Helvetica, sans-serif; line-height: normal;\">LFS-800<\/span><\/td>\n<\/tr>\n<tr>\n<td>Tension<\/td>\n<td colspan=\"2\">&nbsp; &nbsp; &nbsp; &nbsp; &nbsp; &nbsp; &nbsp; &nbsp; &nbsp; &nbsp; &nbsp; &nbsp; &nbsp; &nbsp; &nbsp; <span style=\"color: #ff0000;\">AC 220V\/50HZ 110V\/60HZ&nbsp;<\/span><\/td>\n<\/tr>\n<tr>\n<td>Puissance d'impulsion<\/td>\n<td><span style=\"color: #ff0000;\">780W<\/span><\/td>\n<td>&nbsp;1050W<\/td>\n<\/tr>\n<tr>\n<td>Longueur d'\u00e9tanch\u00e9it\u00e9<\/td>\n<td>\n<p><span style=\"color: #ff0000;\">600mm<\/span><\/p>\n<\/td>\n<td>&nbsp;800mm<\/td>\n<\/tr>\n<tr>\n<td><span style=\"font-family: Verdana, Arial, Helvetica, sans-serif; line-height: normal;\">Temps de chauffe<\/span><\/td>\n<td><span style=\"color: #ff0000;\">&nbsp;0,2-1,3 sec<\/span><\/td>\n<td>&nbsp;<span style=\"font-family: Verdana, Arial, Helvetica, sans-serif; line-height: normal;\">0,2-1,3 sec<\/span><\/td>\n<\/tr>\n<tr>\n<td><span style=\"font-family: Verdana, Arial, Helvetica, sans-serif; line-height: normal;\">Dimension<\/span><\/td>\n<td><span style=\"color: #ff0000;\">&nbsp;870x145x270mm<\/span><\/td>\n<td>&nbsp;1100x145x270mm<\/td>\n<\/tr>\n<tr>\n<td>Net&nbsp;<span style=\"font-family: Verdana, Arial, Helvetica, sans-serif; line-height: normal;\">Poids<\/span><\/td>\n<td><span style=\"color: #ff0000;\">&nbsp;6kg<\/span><\/td>\n<td>&nbsp;8kg<\/td>\n<\/tr>\n<tr>\n<td>Poids brut<\/td>\n<td><span style=\"color: #ff0000;\">&nbsp;7kg<\/span><\/td>\n<td>&nbsp;9kg<\/td>\n<\/tr>\n<\/tbody>\n<\/table>\n<p>&nbsp;&nbsp;<\/p>\n<\/div>","protected":false},"excerpt":{"rendered":"<p>Nouveau produit Scelleuse manuelle \u00e0 impulsion<\/p>","protected":false},"featured_media":2866,"comment_status":"closed","ping_status":"open","template":"","meta":[],"product_brand":[],"product_cat":[118,97],"product_tag":[],"class_list":{"0":"post-3016","1":"product","2":"type-product","3":"status-publish","4":"has-post-thumbnail","6":"product_cat-hand-foot-sealing-machine","7":"product_cat-sealing-machines","9":"first","10":"instock","11":"sale","12":"purchasable","13":"product-type-simple"},"yoast_head":"<!-- This site is optimized with the Yoast SEO Premium plugin v20.9 (Yoast SEO v26.5) - https:\/\/yoast.com\/wordpress\/plugins\/seo\/ -->\n<title>LFS-600 new product hand impulse sealer - ALF PACK<\/title>\n<meta name=\"robots\" content=\"index, follow, max-snippet:-1, max-image-preview:large, max-video-preview:-1\" \/>\n<link rel=\"canonical\" href=\"https:\/\/alfequipment.com\/fr\/product\/lfs-600-nouveau-produit-scelleuse-manuelle-a-impulsion\/\" \/>\n<meta property=\"og:locale\" content=\"fr_FR\" \/>\n<meta property=\"og:type\" content=\"article\" \/>\n<meta property=\"og:title\" content=\"LFS-600 new product hand impulse sealer\" \/>\n<meta property=\"og:description\" content=\"New Product Hand Impulse Sealer\" \/>\n<meta property=\"og:url\" content=\"https:\/\/alfequipment.com\/fr\/product\/lfs-600-nouveau-produit-scelleuse-manuelle-a-impulsion\/\" \/>\n<meta property=\"og:site_name\" content=\"ALF PACK\" \/>\n<meta property=\"article:modified_time\" content=\"2025-01-13T14:56:27+00:00\" \/>\n<meta property=\"og:image\" content=\"https:\/\/alfequipment.com\/wp-content\/uploads\/2025\/01\/LFS-600-new-product-hand-impulse-sealer.jpg\" \/>\n\t<meta property=\"og:image:width\" content=\"800\" \/>\n\t<meta property=\"og:image:height\" content=\"800\" \/>\n\t<meta property=\"og:image:type\" content=\"image\/webp\" \/>\n<meta name=\"twitter:card\" content=\"summary_large_image\" \/>\n<script type=\"application\/ld+json\" class=\"yoast-schema-graph\">{\"@context\":\"https:\/\/schema.org\",\"@graph\":[{\"@type\":\"WebPage\",\"@id\":\"https:\/\/alfequipment.com\/product\/lfs-600-new-product-hand-impulse-sealer\/\",\"url\":\"https:\/\/alfequipment.com\/product\/lfs-600-new-product-hand-impulse-sealer\/\",\"name\":\"LFS-600 new product hand impulse sealer - ALF PACK\",\"isPartOf\":{\"@id\":\"https:\/\/alfequipment.com\/#website\"},\"primaryImageOfPage\":{\"@id\":\"https:\/\/alfequipment.com\/product\/lfs-600-new-product-hand-impulse-sealer\/#primaryimage\"},\"image\":{\"@id\":\"https:\/\/alfequipment.com\/product\/lfs-600-new-product-hand-impulse-sealer\/#primaryimage\"},\"thumbnailUrl\":\"https:\/\/alfequipment.com\/wp-content\/uploads\/2025\/01\/LFS-600-new-product-hand-impulse-sealer.jpg\",\"datePublished\":\"2024-12-17T20:55:59+00:00\",\"dateModified\":\"2025-01-13T14:56:27+00:00\",\"breadcrumb\":{\"@id\":\"https:\/\/alfequipment.com\/product\/lfs-600-new-product-hand-impulse-sealer\/#breadcrumb\"},\"inLanguage\":\"fr-FR\",\"potentialAction\":[{\"@type\":\"ReadAction\",\"target\":[\"https:\/\/alfequipment.com\/product\/lfs-600-new-product-hand-impulse-sealer\/\"]}]},{\"@type\":\"ImageObject\",\"inLanguage\":\"fr-FR\",\"@id\":\"https:\/\/alfequipment.com\/product\/lfs-600-new-product-hand-impulse-sealer\/#primaryimage\",\"url\":\"https:\/\/alfequipment.com\/wp-content\/uploads\/2025\/01\/LFS-600-new-product-hand-impulse-sealer.jpg\",\"contentUrl\":\"https:\/\/alfequipment.com\/wp-content\/uploads\/2025\/01\/LFS-600-new-product-hand-impulse-sealer.jpg\",\"width\":800,\"height\":800},{\"@type\":\"BreadcrumbList\",\"@id\":\"https:\/\/alfequipment.com\/product\/lfs-600-new-product-hand-impulse-sealer\/#breadcrumb\",\"itemListElement\":[{\"@type\":\"ListItem\",\"position\":1,\"name\":\"Home\",\"item\":\"https:\/\/alfequipment.com\/\"},{\"@type\":\"ListItem\",\"position\":2,\"name\":\"Shop\",\"item\":\"https:\/\/alfequipment.com\/shop\/\"},{\"@type\":\"ListItem\",\"position\":3,\"name\":\"LFS-600 new product hand impulse sealer\"}]},{\"@type\":\"WebSite\",\"@id\":\"https:\/\/alfequipment.com\/#website\",\"url\":\"https:\/\/alfequipment.com\/\",\"name\":\"ALF PACK\",\"description\":\"\",\"publisher\":{\"@id\":\"https:\/\/alfequipment.com\/#organization\"},\"potentialAction\":[{\"@type\":\"SearchAction\",\"target\":{\"@type\":\"EntryPoint\",\"urlTemplate\":\"https:\/\/alfequipment.com\/?s={search_term_string}\"},\"query-input\":{\"@type\":\"PropertyValueSpecification\",\"valueRequired\":true,\"valueName\":\"search_term_string\"}}],\"inLanguage\":\"fr-FR\"},{\"@type\":\"Organization\",\"@id\":\"https:\/\/alfequipment.com\/#organization\",\"name\":\"ALF PACK\",\"url\":\"https:\/\/alfequipment.com\/\",\"logo\":{\"@type\":\"ImageObject\",\"inLanguage\":\"fr-FR\",\"@id\":\"https:\/\/alfequipment.com\/#\/schema\/logo\/image\/\",\"url\":\"https:\/\/alfequipment.com\/wp-content\/uploads\/2024\/11\/ALFlogo-2.webp\",\"contentUrl\":\"https:\/\/alfequipment.com\/wp-content\/uploads\/2024\/11\/ALFlogo-2.webp\",\"width\":758,\"height\":750,\"caption\":\"ALF PACK\"},\"image\":{\"@id\":\"https:\/\/alfequipment.com\/#\/schema\/logo\/image\/\"}}]}<\/script>\n<!-- \/ Yoast SEO Premium plugin. -->","yoast_head_json":{"title":"LFS-600 nouveau produit, soudeuse manuelle \u00e0 impulsion - ALF PACK","robots":{"index":"index","follow":"follow","max-snippet":"max-snippet:-1","max-image-preview":"max-image-preview:large","max-video-preview":"max-video-preview:-1"},"canonical":"https:\/\/alfequipment.com\/fr\/product\/lfs-600-nouveau-produit-scelleuse-manuelle-a-impulsion\/","og_locale":"fr_FR","og_type":"article","og_title":"LFS-600 new product hand impulse sealer","og_description":"New Product Hand Impulse Sealer","og_url":"https:\/\/alfequipment.com\/fr\/product\/lfs-600-nouveau-produit-scelleuse-manuelle-a-impulsion\/","og_site_name":"ALF PACK","article_modified_time":"2025-01-13T14:56:27+00:00","og_image":[{"width":800,"height":800,"url":"https:\/\/alfequipment.com\/wp-content\/uploads\/2025\/01\/LFS-600-new-product-hand-impulse-sealer.jpg","type":"image\/webp"}],"twitter_card":"summary_large_image","schema":{"@context":"https:\/\/schema.org","@graph":[{"@type":"WebPage","@id":"https:\/\/alfequipment.com\/product\/lfs-600-new-product-hand-impulse-sealer\/","url":"https:\/\/alfequipment.com\/product\/lfs-600-new-product-hand-impulse-sealer\/","name":"LFS-600 nouveau produit, soudeuse manuelle \u00e0 impulsion - ALF PACK","isPartOf":{"@id":"https:\/\/alfequipment.com\/#website"},"primaryImageOfPage":{"@id":"https:\/\/alfequipment.com\/product\/lfs-600-new-product-hand-impulse-sealer\/#primaryimage"},"image":{"@id":"https:\/\/alfequipment.com\/product\/lfs-600-new-product-hand-impulse-sealer\/#primaryimage"},"thumbnailUrl":"https:\/\/alfequipment.com\/wp-content\/uploads\/2025\/01\/LFS-600-new-product-hand-impulse-sealer.jpg","datePublished":"2024-12-17T20:55:59+00:00","dateModified":"2025-01-13T14:56:27+00:00","breadcrumb":{"@id":"https:\/\/alfequipment.com\/product\/lfs-600-new-product-hand-impulse-sealer\/#breadcrumb"},"inLanguage":"fr-FR","potentialAction":[{"@type":"ReadAction","target":["https:\/\/alfequipment.com\/product\/lfs-600-new-product-hand-impulse-sealer\/"]}]},{"@type":"ImageObject","inLanguage":"fr-FR","@id":"https:\/\/alfequipment.com\/product\/lfs-600-new-product-hand-impulse-sealer\/#primaryimage","url":"https:\/\/alfequipment.com\/wp-content\/uploads\/2025\/01\/LFS-600-new-product-hand-impulse-sealer.jpg","contentUrl":"https:\/\/alfequipment.com\/wp-content\/uploads\/2025\/01\/LFS-600-new-product-hand-impulse-sealer.jpg","width":800,"height":800},{"@type":"BreadcrumbList","@id":"https:\/\/alfequipment.com\/product\/lfs-600-new-product-hand-impulse-sealer\/#breadcrumb","itemListElement":[{"@type":"ListItem","position":1,"name":"Home","item":"https:\/\/alfequipment.com\/"},{"@type":"ListItem","position":2,"name":"Shop","item":"https:\/\/alfequipment.com\/shop\/"},{"@type":"ListItem","position":3,"name":"LFS-600 new product hand impulse sealer"}]},{"@type":"WebSite","@id":"https:\/\/alfequipment.com\/#website","url":"https:\/\/alfequipment.com\/","name":"PACK ALF","description":"","publisher":{"@id":"https:\/\/alfequipment.com\/#organization"},"potentialAction":[{"@type":"SearchAction","target":{"@type":"EntryPoint","urlTemplate":"https:\/\/alfequipment.com\/?s={search_term_string}"},"query-input":{"@type":"PropertyValueSpecification","valueRequired":true,"valueName":"search_term_string"}}],"inLanguage":"fr-FR"},{"@type":"Organization","@id":"https:\/\/alfequipment.com\/#organization","name":"PACK ALF","url":"https:\/\/alfequipment.com\/","logo":{"@type":"ImageObject","inLanguage":"fr-FR","@id":"https:\/\/alfequipment.com\/#\/schema\/logo\/image\/","url":"https:\/\/alfequipment.com\/wp-content\/uploads\/2024\/11\/ALFlogo-2.webp","contentUrl":"https:\/\/alfequipment.com\/wp-content\/uploads\/2024\/11\/ALFlogo-2.webp","width":758,"height":750,"caption":"ALF PACK"},"image":{"@id":"https:\/\/alfequipment.com\/#\/schema\/logo\/image\/"}}]}},"_links":{"self":[{"href":"https:\/\/alfequipment.com\/fr\/wp-json\/wp\/v2\/product\/3016","targetHints":{"allow":["GET"]}}],"collection":[{"href":"https:\/\/alfequipment.com\/fr\/wp-json\/wp\/v2\/product"}],"about":[{"href":"https:\/\/alfequipment.com\/fr\/wp-json\/wp\/v2\/types\/product"}],"replies":[{"embeddable":true,"href":"https:\/\/alfequipment.com\/fr\/wp-json\/wp\/v2\/comments?post=3016"}],"version-history":[{"count":0,"href":"https:\/\/alfequipment.com\/fr\/wp-json\/wp\/v2\/product\/3016\/revisions"}],"wp:featuredmedia":[{"embeddable":true,"href":"https:\/\/alfequipment.com\/fr\/wp-json\/wp\/v2\/media\/2866"}],"wp:attachment":[{"href":"https:\/\/alfequipment.com\/fr\/wp-json\/wp\/v2\/media?parent=3016"}],"wp:term":[{"taxonomy":"product_brand","embeddable":true,"href":"https:\/\/alfequipment.com\/fr\/wp-json\/wp\/v2\/product_brand?post=3016"},{"taxonomy":"product_cat","embeddable":true,"href":"https:\/\/alfequipment.com\/fr\/wp-json\/wp\/v2\/product_cat?post=3016"},{"taxonomy":"product_tag","embeddable":true,"href":"https:\/\/alfequipment.com\/fr\/wp-json\/wp\/v2\/product_tag?post=3016"}],"curies":[{"name":"wp","href":"https:\/\/api.w.org\/{rel}","templated":true}]}}