{"id":3018,"date":"2025-01-05T09:51:29","date_gmt":"2025-01-05T09:51:29","guid":{"rendered":"https:\/\/alfequipment.com\/product\/small-household-vacuum-packager-dz-300a-vacuum-packaging-machine-for-food\/"},"modified":"2025-01-13T13:09:55","modified_gmt":"2025-01-13T13:09:55","slug":"petite-machine-a-emballer-sous-vide-domestique-dz-300a-machine-a-emballer-sous-vide-pour-aliments","status":"publish","type":"product","link":"https:\/\/alfequipment.com\/fr\/product\/petite-machine-a-emballer-sous-vide-domestique-dz-300a-machine-a-emballer-sous-vide-pour-aliments\/","title":{"rendered":"Petite machine \u00e0 emballer sous vide domestique DZ-300A pour aliments"},"content":{"rendered":"<div id=\"ali-anchor-AliPostDhMb-k6zlm\" style=\"padding-top: 8px;\" data-section=\"AliPostDhMb-k6zlm\" data-section-title=\"Product Description\">\n<div style=\"padding: 10px;\">\n<p><span style=\"font-family: Verdana, Arial, Helvetica, sans-serif; line-height: normal;\">1) La machine \u00e0 sceller sous vide domestique DZ300 est une petite machine \u00e0 vide qui peut \u00eatre utilis\u00e9e pour la mise sous vide minimale d'aliments dans une famille ou un supermarch\u00e9 afin de prot\u00e9ger les aliments contre la moisissure.<\/span><\/p>\n<p><span style=\"font-family: Verdana, Arial, Helvetica, sans-serif; line-height: normal;\">2. fonction d'avancement de la fra\u00eecheur.<\/span><\/p>\n<\/p><\/div>\n<\/div>\n<p>&nbsp;<\/p>\n<p><span style=\"font-weight: bold; font-style: normal; font-size: 12pt; line-height: normal; font-family: 'Times New Roman';\">Sp\u00e9cifications<\/span><span style=\"font-weight: bold; font-style: normal; font-size: 12pt; line-height: normal;\">:<\/span><\/p>\n<table class=\"aliDataTable\" style=\"width: 560px; height: 181px;\">\n<tbody>\n<tr align=\"left\">\n<td style=\"width: 131.4pt;\" valign=\"top\">\n<p><span style=\"font-style: normal; font-weight: normal; font-size: 12pt; line-height: normal; font-family: 'Times New Roman';\">Mod\u00e8le<\/span><\/p>\n<\/td>\n<td style=\"width: 213.05pt;\" valign=\"top\">\n<p><span style=\"font-style: normal; font-weight: normal; font-size: 12pt; line-height: normal; font-family: 'Times New Roman';\">DZ-300A<\/span><\/p>\n<\/td>\n<\/tr>\n<tr align=\"left\">\n<td valign=\"top\">\n<p><span style=\"font-style: normal; font-weight: normal; font-size: 12pt; line-height: normal; font-family: 'Times New Roman';\">Capacit\u00e9 de vide<\/span><\/p>\n<\/td>\n<td valign=\"top\">\n<p><span style=\"font-style: normal; font-weight: normal; font-size: 12pt; line-height: normal; font-family: 'Times New Roman';\">0,035 Mpa<\/span><\/p>\n<\/td>\n<\/tr>\n<tr align=\"left\">\n<td valign=\"top\">\n<p style=\"text-align: left;\"><span style=\"font-style: normal; font-weight: normal; font-size: 12pt; line-height: normal; font-family: 'Times New Roman';\">Largeur du scellement<\/span><\/p>\n<\/td>\n<td valign=\"top\">\n<p><span style=\"font-style: normal; font-weight: normal; font-size: 12pt; line-height: normal; font-family: 'Times New Roman';\">40-300mm<\/span><\/p>\n<p><span style=\"font-style: normal; font-weight: normal; font-size: 12pt; line-height: normal; font-family: 'Times New Roman';\">(l'ouverture plus large peut \u00eatre scell\u00e9e s\u00e9par\u00e9ment en plusieurs fois)<\/span><\/p>\n<\/td>\n<\/tr>\n<tr align=\"left\">\n<td valign=\"top\">\n<p><span style=\"font-style: normal; font-weight: normal; font-size: 12pt; line-height: normal; font-family: 'Times New Roman';\">Source d'alimentation<\/span><\/p>\n<\/td>\n<td valign=\"top\">\n<p><span style=\"font-style: normal; font-weight: normal; font-size: 12pt; line-height: normal; font-family: 'Times New Roman';\">AC 220V\/50-60Hz<\/span><\/p>\n<\/td>\n<\/tr>\n<tr align=\"left\">\n<td valign=\"top\">\n<p><span style=\"font-style: normal; font-weight: normal; font-size: 12pt; line-height: normal; font-family: 'Times New Roman';\">Dur\u00e9e d'\u00e9tanch\u00e9it\u00e9<\/span><\/p>\n<\/td>\n<td valign=\"top\">\n<p><span style=\"font-style: normal; font-weight: normal; font-size: 12pt; line-height: normal; font-family: 'Times New Roman';\">Affichage des num\u00e9ros et contr\u00f4le automatique<\/span><\/p>\n<\/td>\n<\/tr>\n<tr align=\"left\">\n<td valign=\"top\">\n<p><span style=\"font-style: normal; font-weight: normal; font-size: 12pt; line-height: normal; font-family: 'Times New Roman';\">Taille de la machine<\/span><\/p>\n<\/td>\n<td valign=\"top\">\n<p><span style=\"font-style: normal; font-weight: normal; font-size: 12pt; line-height: normal; font-family: 'Times New Roman';\">370*140*73 mm<\/span><\/p>\n<\/td>\n<\/tr>\n<tr align=\"left\">\n<td valign=\"top\">\n<p><span style=\"font-style: normal; font-weight: normal; font-size: 12pt; line-height: normal; font-family: 'Times New Roman';\">Poids<\/span><\/p>\n<\/td>\n<td valign=\"top\">\n<p><span style=\"font-style: normal; font-weight: normal; font-size: 12pt; line-height: normal; font-family: 'Times New Roman';\">2,5 kg<\/span><\/p>\n<\/td>\n<\/tr>\n<\/tbody>\n<\/table>\n<p>&nbsp;<\/p>\n<p>&nbsp;<\/p>\n<p>&nbsp;<img decoding=\"async\" src=\"https:\/\/sc01.alicdn.com\/kf\/HTB1mHdgFVXXXXXDaXXXq6xXFXXXa\/64496\/HTB1mHdgFVXXXXXDaXXXq6xXFXXXa.jpg\" data-alt=\"Small Household vacuum packager DZ-300A vacuum packaging machine for food\" style=\"width: 548px; height: 235px;\" ori-width=\"387\" ori-height=\"166\" class=\"aligncenter\"><img decoding=\"async\" src=\"https:\/\/sc02.alicdn.com\/kf\/HTB1YrcTFFXXXXX.aVXXq6xXFXXXN\/64496\/HTB1YrcTFFXXXXX.aVXXq6xXFXXXN.jpg\" data-alt=\"Small Household vacuum packager DZ-300A vacuum packaging machine for food\" style=\"width: 507px; height: 375px;\" ori-width=\"800\" ori-height=\"606\" class=\"aligncenter\"><\/p>\n<p>&nbsp;<\/p>\n<div id=\"ali-anchor-AliPostDhMb-qct30\" style=\"padding-top: 8px;\" data-section=\"AliPostDhMb-qct30\" data-section-title=\"Company Information\">\n<div style=\"padding: 10px;\">\n <\/div>\n<\/div>\n<p>&nbsp;<\/p><\/p>","protected":false},"excerpt":{"rendered":"<p>Petite machine \u00e0 emballer sous vide \u00e0 usage domestique<\/p>","protected":false},"featured_media":2870,"comment_status":"closed","ping_status":"open","template":"","meta":[],"product_brand":[],"product_cat":[100],"product_tag":[],"class_list":{"0":"post-3018","1":"product","2":"type-product","3":"status-publish","4":"has-post-thumbnail","6":"product_cat-vacuum-packing-machines","8":"first","9":"instock","10":"sale","11":"purchasable","12":"product-type-simple"},"yoast_head":"<!-- This site is optimized with the Yoast SEO Premium plugin v20.9 (Yoast SEO v26.5) - https:\/\/yoast.com\/wordpress\/plugins\/seo\/ -->\n<title>Small Household vacuum packager DZ-300A vacuum packaging machine for food - ALF PACK<\/title>\n<meta name=\"robots\" content=\"index, follow, max-snippet:-1, max-image-preview:large, max-video-preview:-1\" \/>\n<link rel=\"canonical\" href=\"https:\/\/alfequipment.com\/fr\/product\/petite-machine-a-emballer-sous-vide-domestique-dz-300a-machine-a-emballer-sous-vide-pour-aliments\/\" \/>\n<meta property=\"og:locale\" content=\"fr_FR\" \/>\n<meta property=\"og:type\" content=\"article\" \/>\n<meta property=\"og:title\" content=\"Small Household vacuum packager DZ-300A vacuum packaging machine for food\" \/>\n<meta property=\"og:description\" content=\"Small Household Vacuum Packager\" \/>\n<meta property=\"og:url\" content=\"https:\/\/alfequipment.com\/fr\/product\/petite-machine-a-emballer-sous-vide-domestique-dz-300a-machine-a-emballer-sous-vide-pour-aliments\/\" \/>\n<meta property=\"og:site_name\" content=\"ALF PACK\" \/>\n<meta property=\"article:modified_time\" content=\"2025-01-13T13:09:55+00:00\" \/>\n<meta property=\"og:image\" content=\"https:\/\/alfequipment.com\/wp-content\/uploads\/2025\/01\/Small-Household-vacuum-packager-DZ-300A-vacuum.jpg\" \/>\n\t<meta property=\"og:image:width\" content=\"800\" \/>\n\t<meta property=\"og:image:height\" content=\"800\" \/>\n\t<meta property=\"og:image:type\" content=\"image\/webp\" \/>\n<meta name=\"twitter:card\" content=\"summary_large_image\" \/>\n<meta name=\"twitter:label1\" content=\"Dur\u00e9e de lecture estim\u00e9e\" \/>\n\t<meta name=\"twitter:data1\" content=\"1 minute\" \/>\n<script type=\"application\/ld+json\" class=\"yoast-schema-graph\">{\"@context\":\"https:\/\/schema.org\",\"@graph\":[{\"@type\":\"WebPage\",\"@id\":\"https:\/\/alfequipment.com\/product\/small-household-vacuum-packager-dz-300a-vacuum-packaging-machine-for-food\/\",\"url\":\"https:\/\/alfequipment.com\/product\/small-household-vacuum-packager-dz-300a-vacuum-packaging-machine-for-food\/\",\"name\":\"Small Household vacuum packager DZ-300A vacuum packaging machine for food - ALF PACK\",\"isPartOf\":{\"@id\":\"https:\/\/alfequipment.com\/#website\"},\"primaryImageOfPage\":{\"@id\":\"https:\/\/alfequipment.com\/product\/small-household-vacuum-packager-dz-300a-vacuum-packaging-machine-for-food\/#primaryimage\"},\"image\":{\"@id\":\"https:\/\/alfequipment.com\/product\/small-household-vacuum-packager-dz-300a-vacuum-packaging-machine-for-food\/#primaryimage\"},\"thumbnailUrl\":\"https:\/\/alfequipment.com\/wp-content\/uploads\/2025\/01\/Small-Household-vacuum-packager-DZ-300A-vacuum.jpg\",\"datePublished\":\"2025-01-05T09:51:29+00:00\",\"dateModified\":\"2025-01-13T13:09:55+00:00\",\"breadcrumb\":{\"@id\":\"https:\/\/alfequipment.com\/product\/small-household-vacuum-packager-dz-300a-vacuum-packaging-machine-for-food\/#breadcrumb\"},\"inLanguage\":\"fr-FR\",\"potentialAction\":[{\"@type\":\"ReadAction\",\"target\":[\"https:\/\/alfequipment.com\/product\/small-household-vacuum-packager-dz-300a-vacuum-packaging-machine-for-food\/\"]}]},{\"@type\":\"ImageObject\",\"inLanguage\":\"fr-FR\",\"@id\":\"https:\/\/alfequipment.com\/product\/small-household-vacuum-packager-dz-300a-vacuum-packaging-machine-for-food\/#primaryimage\",\"url\":\"https:\/\/alfequipment.com\/wp-content\/uploads\/2025\/01\/Small-Household-vacuum-packager-DZ-300A-vacuum.jpg\",\"contentUrl\":\"https:\/\/alfequipment.com\/wp-content\/uploads\/2025\/01\/Small-Household-vacuum-packager-DZ-300A-vacuum.jpg\",\"width\":800,\"height\":800},{\"@type\":\"BreadcrumbList\",\"@id\":\"https:\/\/alfequipment.com\/product\/small-household-vacuum-packager-dz-300a-vacuum-packaging-machine-for-food\/#breadcrumb\",\"itemListElement\":[{\"@type\":\"ListItem\",\"position\":1,\"name\":\"Home\",\"item\":\"https:\/\/alfequipment.com\/\"},{\"@type\":\"ListItem\",\"position\":2,\"name\":\"Shop\",\"item\":\"https:\/\/alfequipment.com\/shop\/\"},{\"@type\":\"ListItem\",\"position\":3,\"name\":\"Small Household vacuum packager DZ-300A vacuum packaging machine for food\"}]},{\"@type\":\"WebSite\",\"@id\":\"https:\/\/alfequipment.com\/#website\",\"url\":\"https:\/\/alfequipment.com\/\",\"name\":\"ALF PACK\",\"description\":\"\",\"publisher\":{\"@id\":\"https:\/\/alfequipment.com\/#organization\"},\"potentialAction\":[{\"@type\":\"SearchAction\",\"target\":{\"@type\":\"EntryPoint\",\"urlTemplate\":\"https:\/\/alfequipment.com\/?s={search_term_string}\"},\"query-input\":{\"@type\":\"PropertyValueSpecification\",\"valueRequired\":true,\"valueName\":\"search_term_string\"}}],\"inLanguage\":\"fr-FR\"},{\"@type\":\"Organization\",\"@id\":\"https:\/\/alfequipment.com\/#organization\",\"name\":\"ALF PACK\",\"url\":\"https:\/\/alfequipment.com\/\",\"logo\":{\"@type\":\"ImageObject\",\"inLanguage\":\"fr-FR\",\"@id\":\"https:\/\/alfequipment.com\/#\/schema\/logo\/image\/\",\"url\":\"https:\/\/alfequipment.com\/wp-content\/uploads\/2024\/11\/ALFlogo-2.webp\",\"contentUrl\":\"https:\/\/alfequipment.com\/wp-content\/uploads\/2024\/11\/ALFlogo-2.webp\",\"width\":758,\"height\":750,\"caption\":\"ALF PACK\"},\"image\":{\"@id\":\"https:\/\/alfequipment.com\/#\/schema\/logo\/image\/\"}}]}<\/script>\n<!-- \/ Yoast SEO Premium plugin. -->","yoast_head_json":{"title":"Petite machine \u00e0 emballer sous vide domestique DZ-300A - ALF PACK","robots":{"index":"index","follow":"follow","max-snippet":"max-snippet:-1","max-image-preview":"max-image-preview:large","max-video-preview":"max-video-preview:-1"},"canonical":"https:\/\/alfequipment.com\/fr\/product\/petite-machine-a-emballer-sous-vide-domestique-dz-300a-machine-a-emballer-sous-vide-pour-aliments\/","og_locale":"fr_FR","og_type":"article","og_title":"Small Household vacuum packager DZ-300A vacuum packaging machine for food","og_description":"Small Household Vacuum Packager","og_url":"https:\/\/alfequipment.com\/fr\/product\/petite-machine-a-emballer-sous-vide-domestique-dz-300a-machine-a-emballer-sous-vide-pour-aliments\/","og_site_name":"ALF PACK","article_modified_time":"2025-01-13T13:09:55+00:00","og_image":[{"width":800,"height":800,"url":"https:\/\/alfequipment.com\/wp-content\/uploads\/2025\/01\/Small-Household-vacuum-packager-DZ-300A-vacuum.jpg","type":"image\/webp"}],"twitter_card":"summary_large_image","twitter_misc":{"Dur\u00e9e de lecture estim\u00e9e":"1 minute"},"schema":{"@context":"https:\/\/schema.org","@graph":[{"@type":"WebPage","@id":"https:\/\/alfequipment.com\/product\/small-household-vacuum-packager-dz-300a-vacuum-packaging-machine-for-food\/","url":"https:\/\/alfequipment.com\/product\/small-household-vacuum-packager-dz-300a-vacuum-packaging-machine-for-food\/","name":"Petite machine \u00e0 emballer sous vide domestique DZ-300A - ALF PACK","isPartOf":{"@id":"https:\/\/alfequipment.com\/#website"},"primaryImageOfPage":{"@id":"https:\/\/alfequipment.com\/product\/small-household-vacuum-packager-dz-300a-vacuum-packaging-machine-for-food\/#primaryimage"},"image":{"@id":"https:\/\/alfequipment.com\/product\/small-household-vacuum-packager-dz-300a-vacuum-packaging-machine-for-food\/#primaryimage"},"thumbnailUrl":"https:\/\/alfequipment.com\/wp-content\/uploads\/2025\/01\/Small-Household-vacuum-packager-DZ-300A-vacuum.jpg","datePublished":"2025-01-05T09:51:29+00:00","dateModified":"2025-01-13T13:09:55+00:00","breadcrumb":{"@id":"https:\/\/alfequipment.com\/product\/small-household-vacuum-packager-dz-300a-vacuum-packaging-machine-for-food\/#breadcrumb"},"inLanguage":"fr-FR","potentialAction":[{"@type":"ReadAction","target":["https:\/\/alfequipment.com\/product\/small-household-vacuum-packager-dz-300a-vacuum-packaging-machine-for-food\/"]}]},{"@type":"ImageObject","inLanguage":"fr-FR","@id":"https:\/\/alfequipment.com\/product\/small-household-vacuum-packager-dz-300a-vacuum-packaging-machine-for-food\/#primaryimage","url":"https:\/\/alfequipment.com\/wp-content\/uploads\/2025\/01\/Small-Household-vacuum-packager-DZ-300A-vacuum.jpg","contentUrl":"https:\/\/alfequipment.com\/wp-content\/uploads\/2025\/01\/Small-Household-vacuum-packager-DZ-300A-vacuum.jpg","width":800,"height":800},{"@type":"BreadcrumbList","@id":"https:\/\/alfequipment.com\/product\/small-household-vacuum-packager-dz-300a-vacuum-packaging-machine-for-food\/#breadcrumb","itemListElement":[{"@type":"ListItem","position":1,"name":"Home","item":"https:\/\/alfequipment.com\/"},{"@type":"ListItem","position":2,"name":"Shop","item":"https:\/\/alfequipment.com\/shop\/"},{"@type":"ListItem","position":3,"name":"Small Household vacuum packager DZ-300A vacuum packaging machine for food"}]},{"@type":"WebSite","@id":"https:\/\/alfequipment.com\/#website","url":"https:\/\/alfequipment.com\/","name":"PACK ALF","description":"","publisher":{"@id":"https:\/\/alfequipment.com\/#organization"},"potentialAction":[{"@type":"SearchAction","target":{"@type":"EntryPoint","urlTemplate":"https:\/\/alfequipment.com\/?s={search_term_string}"},"query-input":{"@type":"PropertyValueSpecification","valueRequired":true,"valueName":"search_term_string"}}],"inLanguage":"fr-FR"},{"@type":"Organization","@id":"https:\/\/alfequipment.com\/#organization","name":"PACK ALF","url":"https:\/\/alfequipment.com\/","logo":{"@type":"ImageObject","inLanguage":"fr-FR","@id":"https:\/\/alfequipment.com\/#\/schema\/logo\/image\/","url":"https:\/\/alfequipment.com\/wp-content\/uploads\/2024\/11\/ALFlogo-2.webp","contentUrl":"https:\/\/alfequipment.com\/wp-content\/uploads\/2024\/11\/ALFlogo-2.webp","width":758,"height":750,"caption":"ALF PACK"},"image":{"@id":"https:\/\/alfequipment.com\/#\/schema\/logo\/image\/"}}]}},"_links":{"self":[{"href":"https:\/\/alfequipment.com\/fr\/wp-json\/wp\/v2\/product\/3018","targetHints":{"allow":["GET"]}}],"collection":[{"href":"https:\/\/alfequipment.com\/fr\/wp-json\/wp\/v2\/product"}],"about":[{"href":"https:\/\/alfequipment.com\/fr\/wp-json\/wp\/v2\/types\/product"}],"replies":[{"embeddable":true,"href":"https:\/\/alfequipment.com\/fr\/wp-json\/wp\/v2\/comments?post=3018"}],"version-history":[{"count":0,"href":"https:\/\/alfequipment.com\/fr\/wp-json\/wp\/v2\/product\/3018\/revisions"}],"wp:featuredmedia":[{"embeddable":true,"href":"https:\/\/alfequipment.com\/fr\/wp-json\/wp\/v2\/media\/2870"}],"wp:attachment":[{"href":"https:\/\/alfequipment.com\/fr\/wp-json\/wp\/v2\/media?parent=3018"}],"wp:term":[{"taxonomy":"product_brand","embeddable":true,"href":"https:\/\/alfequipment.com\/fr\/wp-json\/wp\/v2\/product_brand?post=3018"},{"taxonomy":"product_cat","embeddable":true,"href":"https:\/\/alfequipment.com\/fr\/wp-json\/wp\/v2\/product_cat?post=3018"},{"taxonomy":"product_tag","embeddable":true,"href":"https:\/\/alfequipment.com\/fr\/wp-json\/wp\/v2\/product_tag?post=3018"}],"curies":[{"name":"wp","href":"https:\/\/api.w.org\/{rel}","templated":true}]}}