{"id":3019,"date":"2024-12-12T16:32:12","date_gmt":"2024-12-12T16:32:12","guid":{"rendered":"https:\/\/alfequipment.com\/product\/mt60-semi-automatic-flat-label-machine-and-pneumatic-surface-labeling-machine-labeler\/"},"modified":"2025-01-13T13:09:56","modified_gmt":"2025-01-13T13:09:56","slug":"mt60-machine-semi-automatique-pour-etiquettes-plates-et-etiqueteuse-pneumatique-de-surface","status":"publish","type":"product","link":"https:\/\/alfequipment.com\/fr\/product\/mt60-machine-semi-automatique-pour-etiquettes-plates-et-etiqueteuse-pneumatique-de-surface\/","title":{"rendered":"MT60 \u00c9tiqueteuse semi-automatique pour \u00e9tiquettes plates et \u00e9tiqueteuse pneumatique de surface"},"content":{"rendered":"<div data-magic-global=\"%7B%22bizId%22%3A17179933680%2C%22pageId%22%3A5018490255%2C%22siteId%22%3A5005331025%7D\" id=\"detail_decorate_root\">\n<div module-id=\"5404635409\" module-title=\"detailProductNavigation\" render=\"true\" class=\"J_module\">\n<div id=\"ali-anchor-AliMagic-m7nbth\" data-section=\"AliMagic-m7nbth\" data-section-title=\"Product Description\" class=\"magic-0\"><strong><span class=\"magic-6\">Caract\u00e9ristiques et description<\/span><\/strong><strong><span class=\"magic-6\">i<\/span><\/strong><strong><span class=\"magic-6\">ption de la machine<\/span><\/strong><\/div>\n<\/div>\n<div module-id=\"5404635410\" module-title=\"detailTextContent\" render=\"true\" class=\"J_module\">\n<div class=\"detail-decorate-json-renderer-container\">\n<div class=\"magic-1\">\n<div class=\"magic-2\">\n<div class=\"magic-3\">\n<div class=\"magic-4\"><span><\/p>\n<p class=\"magic-7\"><span class=\"magic-8\">1. L'\u00e9tiqueteuse plate semi-automatique est utilis\u00e9e pour l'\u00e9tiquetage de produits de forme sp\u00e9ciale, et une vari\u00e9t\u00e9 de sp\u00e9cifications pour la bouteille et le couvercle, une large gamme.<\/span><span class=\"magic-9\"><br \/><\/span><span class=\"magic-8\">2. Contr\u00f4le dynamique synchrone de la tension d'alimentation de l'\u00e9tiquette, alimentation stable et rapide, et garantie de la pr\u00e9cision standard de la vitesse et de l'envoi de l'\u00e9tiquette.<\/span><span class=\"magic-9\"><br \/><\/span><span class=\"magic-8\">3. Syst\u00e8me de positionnement synchrone de l'\u00e9tiquette, garantissant une pr\u00e9cision de positionnement de l'\u00e9tiquette de 0,2 mm en positif et en n\u00e9gatif.<\/span><span class=\"magic-9\"><br \/><\/span><span class=\"magic-8\">4. Pour les moules sp\u00e9ciaux fabriqu\u00e9s sur mesure par les clients, l'utilisation est plus pratique.<\/span><span class=\"magic-9\"><br \/><\/span><span class=\"magic-8\">5. \u00c9tiquette par longueur de d\u00e9nudage, distance photo\u00e9lectrique avec calcul automatique par micro-ordinateur, pas besoin d'ajuster la position photo\u00e9lectrique, facile \u00e0 utiliser.<\/span><span class=\"magic-9\"><br \/><\/span><span class=\"magic-8\">6. L'interrupteur d'arr\u00eat d'urgence, actionn\u00e9 par une p\u00e9dale, assure la s\u00e9curit\u00e9 de la production et fonctionne en douceur.<\/span><span class=\"magic-9\"><br \/><\/span><span class=\"magic-8\">7. L'\u00e9tiqueteuse plate est simple d'utilisation, tout le monde peut l'utiliser rapidement.<\/span><\/p>\n<p><\/span>\n      <\/div>\n<\/p><\/div>\n<\/p><\/div>\n<\/p><\/div>\n<\/p><\/div>\n<\/p><\/div>\n<div module-id=\"5404635411\" module-title=\"detailLeftImageRightTable\" render=\"true\" class=\"J_module\">\n<div class=\"detail-decorate-json-renderer-container\">\n<div class=\"magic-1\">\n<div class=\"magic-10\">\n<div class=\"magic-3\">\n<div class=\"magic-11\">\n       <img decoding=\"async\" src=\"https:\/\/sc02.alicdn.com\/kf\/H71ed69493d9d4d23a0eafc0c74354f3bS\/64496\/H71ed69493d9d4d23a0eafc0c74354f3bS.jpg\" class=\"aligncenter\">\n      <\/div>\n<\/p><\/div>\n<\/p><\/div>\n<div class=\"magic-13\">\n<div class=\"magic-3\">\n<div class=\"ife-detail-decorate-table\">\n<table class=\"has-title all magic-14\">\n<tbody>\n<tr>\n<td colspan=\"1\" rowspan=\"1\">\n<div class=\"magic-15\">\n            Mod\u00e8le\n           <\/div>\n<\/td>\n<td colspan=\"1\" rowspan=\"1\">\n<div class=\"magic-16\">\n            MT-60\n           <\/div>\n<\/td>\n<\/tr>\n<tr>\n<td colspan=\"1\" rowspan=\"1\">\n<div class=\"magic-15\">\n            Tension\n           <\/div>\n<\/td>\n<td colspan=\"1\" rowspan=\"1\">\n<div class=\"magic-16\">\n            220V50HZ \/ 110V60HZ, 220W\n           <\/div>\n<\/td>\n<\/tr>\n<tr>\n<td colspan=\"1\" rowspan=\"1\">\n<div class=\"magic-15\">\n            Vitesse de l'\u00e9tiquette\n           <\/div>\n<\/td>\n<td colspan=\"1\" rowspan=\"1\">\n<div class=\"magic-16\">\n            10-40 pcs\/min\n           <\/div>\n<\/td>\n<\/tr>\n<tr>\n<td colspan=\"1\" rowspan=\"1\">\n<div class=\"magic-15\">\n            Pr\u00e9cision de l'\u00e9tiquette\n           <\/div>\n<\/td>\n<td colspan=\"1\" rowspan=\"1\">\n<div class=\"magic-16\">\n            \u00b10,5 mm\n           <\/div>\n<\/td>\n<\/tr>\n<tr>\n<td colspan=\"1\" rowspan=\"1\">\n<div class=\"magic-15\">\n            Diam\u00e8tre int\u00e9rieur du rouleau d'\u00e9tiquettes\n           <\/div>\n<\/td>\n<td colspan=\"1\" rowspan=\"1\">\n<div class=\"magic-16\">\n            \u226575mm\n           <\/div>\n<\/td>\n<\/tr>\n<tr>\n<td colspan=\"1\" rowspan=\"1\">\n<div class=\"magic-15\">\n            Diam\u00e8tre maximal du rouleau d'\u00e9tiquettes\n           <\/div>\n<\/td>\n<td colspan=\"1\" rowspan=\"1\">\n<div class=\"magic-16\">\n            \u2264\u03c6250mm\n           <\/div>\n<\/td>\n<\/tr>\n<tr>\n<td colspan=\"1\" rowspan=\"1\">\n<div class=\"magic-17\">\n            Taille des produits\n           <\/div>\n<\/td>\n<td colspan=\"1\" rowspan=\"1\">\n<div class=\"magic-18\">\n            \u03c620-120mm\n           <\/div>\n<\/td>\n<\/tr>\n<tr>\n<td colspan=\"1\" rowspan=\"1\">\n<div class=\"magic-17\">\n            Taille de l'\u00e9tiquette\n           <\/div>\n<\/td>\n<td colspan=\"1\" rowspan=\"1\">\n<div class=\"magic-18\">\n            \u2264W120*L80mm\n           <\/div>\n<\/td>\n<\/tr>\n<tr>\n<td colspan=\"1\" rowspan=\"1\">\n<div class=\"magic-17\">\n            Taille de la machine\n           <\/div>\n<\/td>\n<td colspan=\"1\" rowspan=\"1\">\n<div class=\"magic-18\">\n            650*450*650mm\n           <\/div>\n<\/td>\n<\/tr>\n<tr>\n<td colspan=\"1\" rowspan=\"1\">\n<div class=\"magic-17\">\n            Poids brut\n           <\/div>\n<\/td>\n<td colspan=\"1\" rowspan=\"1\">\n<div class=\"magic-18\">\n            35KG\n           <\/div>\n<\/td>\n<\/tr>\n<\/tbody>\n<\/table><\/div>\n<\/p><\/div>\n<\/p><\/div>\n<\/p><\/div>\n<\/p><\/div>\n<\/p><\/div>\n<div module-id=\"5404635412\" module-title=\"detailManyImage\" render=\"true\" class=\"J_module\">\n<div class=\"icbu-pc-detailManyImage magic-19\">\n<div class=\"magic-20\">\n    <img decoding=\"async\" src=\"https:\/\/sc01.alicdn.com\/kf\/H67c53c8a6e794efb9a12e16750d1b96eu\/64496\/H67c53c8a6e794efb9a12e16750d1b96eu.jpg\" class=\"aligncenter\">\n   <\/div>\n<div class=\"magic-20\">\n    <img decoding=\"async\" src=\"https:\/\/sc02.alicdn.com\/kf\/H512f4950988548adbb675feb9f6d0c666\/64496\/H512f4950988548adbb675feb9f6d0c666.jpg\" class=\"aligncenter\">\n   <\/div>\n<div class=\"magic-20\">\n    <img decoding=\"async\" src=\"https:\/\/sc01.alicdn.com\/kf\/He388c07453434afea6b915e5f00390720\/64496\/He388c07453434afea6b915e5f00390720.jpg\" class=\"aligncenter\">\n   <\/div>\n<div class=\"magic-22\">\n    <img decoding=\"async\" src=\"https:\/\/sc01.alicdn.com\/kf\/H0471f54329294f828ac417628f1c1179W\/64496\/H0471f54329294f828ac417628f1c1179W.jpg\" class=\"aligncenter\">\n   <\/div>\n<\/p><\/div>\n<\/p><\/div>\n<\/div>","protected":false},"excerpt":{"rendered":"<p>Mt-60 \u00c9tiqueteuse pneumatique \u00e0 plat Mt-60 \u00c9tiqueteuse de surface semi-automatique<\/p>","protected":false},"featured_media":2872,"comment_status":"closed","ping_status":"open","template":"","meta":[],"product_brand":[],"product_cat":[99],"product_tag":[],"class_list":{"0":"post-3019","1":"product","2":"type-product","3":"status-publish","4":"has-post-thumbnail","6":"product_cat-labeling-machines","8":"first","9":"instock","10":"sale","11":"purchasable","12":"product-type-simple"},"yoast_head":"<!-- This site is optimized with the Yoast SEO Premium plugin v20.9 (Yoast SEO v26.5) - https:\/\/yoast.com\/wordpress\/plugins\/seo\/ -->\n<title>MT60 Semi-automatic Flat Label machine and pneumatic surface labeling machine labeler - ALF PACK<\/title>\n<meta name=\"robots\" content=\"index, follow, max-snippet:-1, max-image-preview:large, max-video-preview:-1\" \/>\n<link rel=\"canonical\" href=\"https:\/\/alfequipment.com\/fr\/product\/mt60-machine-semi-automatique-pour-etiquettes-plates-et-etiqueteuse-pneumatique-de-surface\/\" \/>\n<meta property=\"og:locale\" content=\"fr_FR\" \/>\n<meta property=\"og:type\" content=\"article\" \/>\n<meta property=\"og:title\" content=\"MT60 Semi-automatic Flat Label machine and pneumatic surface labeling machine labeler\" \/>\n<meta property=\"og:description\" content=\"Mt-60 Pneumatic Flat Labeler Mt-60 Semi Automatic Surface Labelling Machine\" \/>\n<meta property=\"og:url\" content=\"https:\/\/alfequipment.com\/fr\/product\/mt60-machine-semi-automatique-pour-etiquettes-plates-et-etiqueteuse-pneumatique-de-surface\/\" \/>\n<meta property=\"og:site_name\" content=\"ALF PACK\" \/>\n<meta property=\"article:modified_time\" content=\"2025-01-13T13:09:56+00:00\" \/>\n<meta property=\"og:image\" content=\"https:\/\/alfequipment.com\/wp-content\/uploads\/2025\/01\/MT60-Semi-automatic-Flat-Label-machine-and.jpg\" \/>\n\t<meta property=\"og:image:width\" content=\"800\" \/>\n\t<meta property=\"og:image:height\" content=\"800\" \/>\n\t<meta property=\"og:image:type\" content=\"image\/webp\" \/>\n<meta name=\"twitter:card\" content=\"summary_large_image\" \/>\n<meta name=\"twitter:label1\" content=\"Dur\u00e9e de lecture estim\u00e9e\" \/>\n\t<meta name=\"twitter:data1\" content=\"1 minute\" \/>\n<script type=\"application\/ld+json\" class=\"yoast-schema-graph\">{\"@context\":\"https:\/\/schema.org\",\"@graph\":[{\"@type\":\"WebPage\",\"@id\":\"https:\/\/alfequipment.com\/product\/mt60-semi-automatic-flat-label-machine-and-pneumatic-surface-labeling-machine-labeler\/\",\"url\":\"https:\/\/alfequipment.com\/product\/mt60-semi-automatic-flat-label-machine-and-pneumatic-surface-labeling-machine-labeler\/\",\"name\":\"MT60 Semi-automatic Flat Label machine and pneumatic surface labeling machine labeler - ALF PACK\",\"isPartOf\":{\"@id\":\"https:\/\/alfequipment.com\/#website\"},\"primaryImageOfPage\":{\"@id\":\"https:\/\/alfequipment.com\/product\/mt60-semi-automatic-flat-label-machine-and-pneumatic-surface-labeling-machine-labeler\/#primaryimage\"},\"image\":{\"@id\":\"https:\/\/alfequipment.com\/product\/mt60-semi-automatic-flat-label-machine-and-pneumatic-surface-labeling-machine-labeler\/#primaryimage\"},\"thumbnailUrl\":\"https:\/\/alfequipment.com\/wp-content\/uploads\/2025\/01\/MT60-Semi-automatic-Flat-Label-machine-and.jpg\",\"datePublished\":\"2024-12-12T16:32:12+00:00\",\"dateModified\":\"2025-01-13T13:09:56+00:00\",\"breadcrumb\":{\"@id\":\"https:\/\/alfequipment.com\/product\/mt60-semi-automatic-flat-label-machine-and-pneumatic-surface-labeling-machine-labeler\/#breadcrumb\"},\"inLanguage\":\"fr-FR\",\"potentialAction\":[{\"@type\":\"ReadAction\",\"target\":[\"https:\/\/alfequipment.com\/product\/mt60-semi-automatic-flat-label-machine-and-pneumatic-surface-labeling-machine-labeler\/\"]}]},{\"@type\":\"ImageObject\",\"inLanguage\":\"fr-FR\",\"@id\":\"https:\/\/alfequipment.com\/product\/mt60-semi-automatic-flat-label-machine-and-pneumatic-surface-labeling-machine-labeler\/#primaryimage\",\"url\":\"https:\/\/alfequipment.com\/wp-content\/uploads\/2025\/01\/MT60-Semi-automatic-Flat-Label-machine-and.jpg\",\"contentUrl\":\"https:\/\/alfequipment.com\/wp-content\/uploads\/2025\/01\/MT60-Semi-automatic-Flat-Label-machine-and.jpg\",\"width\":800,\"height\":800},{\"@type\":\"BreadcrumbList\",\"@id\":\"https:\/\/alfequipment.com\/product\/mt60-semi-automatic-flat-label-machine-and-pneumatic-surface-labeling-machine-labeler\/#breadcrumb\",\"itemListElement\":[{\"@type\":\"ListItem\",\"position\":1,\"name\":\"Home\",\"item\":\"https:\/\/alfequipment.com\/\"},{\"@type\":\"ListItem\",\"position\":2,\"name\":\"Shop\",\"item\":\"https:\/\/alfequipment.com\/shop\/\"},{\"@type\":\"ListItem\",\"position\":3,\"name\":\"MT60 Semi-automatic Flat Label machine and pneumatic surface labeling machine labeler\"}]},{\"@type\":\"WebSite\",\"@id\":\"https:\/\/alfequipment.com\/#website\",\"url\":\"https:\/\/alfequipment.com\/\",\"name\":\"ALF PACK\",\"description\":\"\",\"publisher\":{\"@id\":\"https:\/\/alfequipment.com\/#organization\"},\"potentialAction\":[{\"@type\":\"SearchAction\",\"target\":{\"@type\":\"EntryPoint\",\"urlTemplate\":\"https:\/\/alfequipment.com\/?s={search_term_string}\"},\"query-input\":{\"@type\":\"PropertyValueSpecification\",\"valueRequired\":true,\"valueName\":\"search_term_string\"}}],\"inLanguage\":\"fr-FR\"},{\"@type\":\"Organization\",\"@id\":\"https:\/\/alfequipment.com\/#organization\",\"name\":\"ALF PACK\",\"url\":\"https:\/\/alfequipment.com\/\",\"logo\":{\"@type\":\"ImageObject\",\"inLanguage\":\"fr-FR\",\"@id\":\"https:\/\/alfequipment.com\/#\/schema\/logo\/image\/\",\"url\":\"https:\/\/alfequipment.com\/wp-content\/uploads\/2024\/11\/ALFlogo-2.webp\",\"contentUrl\":\"https:\/\/alfequipment.com\/wp-content\/uploads\/2024\/11\/ALFlogo-2.webp\",\"width\":758,\"height\":750,\"caption\":\"ALF PACK\"},\"image\":{\"@id\":\"https:\/\/alfequipment.com\/#\/schema\/logo\/image\/\"}}]}<\/script>\n<!-- \/ Yoast SEO Premium plugin. -->","yoast_head_json":{"title":"MT60 Etiqueteuse semi-automatique \u00e0 plat et \u00e9tiqueteuse pneumatique de surface - ALF PACK","robots":{"index":"index","follow":"follow","max-snippet":"max-snippet:-1","max-image-preview":"max-image-preview:large","max-video-preview":"max-video-preview:-1"},"canonical":"https:\/\/alfequipment.com\/fr\/product\/mt60-machine-semi-automatique-pour-etiquettes-plates-et-etiqueteuse-pneumatique-de-surface\/","og_locale":"fr_FR","og_type":"article","og_title":"MT60 Semi-automatic Flat Label machine and pneumatic surface labeling machine labeler","og_description":"Mt-60 Pneumatic Flat Labeler Mt-60 Semi Automatic Surface Labelling Machine","og_url":"https:\/\/alfequipment.com\/fr\/product\/mt60-machine-semi-automatique-pour-etiquettes-plates-et-etiqueteuse-pneumatique-de-surface\/","og_site_name":"ALF PACK","article_modified_time":"2025-01-13T13:09:56+00:00","og_image":[{"width":800,"height":800,"url":"https:\/\/alfequipment.com\/wp-content\/uploads\/2025\/01\/MT60-Semi-automatic-Flat-Label-machine-and.jpg","type":"image\/webp"}],"twitter_card":"summary_large_image","twitter_misc":{"Dur\u00e9e de lecture estim\u00e9e":"1 minute"},"schema":{"@context":"https:\/\/schema.org","@graph":[{"@type":"WebPage","@id":"https:\/\/alfequipment.com\/product\/mt60-semi-automatic-flat-label-machine-and-pneumatic-surface-labeling-machine-labeler\/","url":"https:\/\/alfequipment.com\/product\/mt60-semi-automatic-flat-label-machine-and-pneumatic-surface-labeling-machine-labeler\/","name":"MT60 Etiqueteuse semi-automatique \u00e0 plat et \u00e9tiqueteuse pneumatique de surface - ALF PACK","isPartOf":{"@id":"https:\/\/alfequipment.com\/#website"},"primaryImageOfPage":{"@id":"https:\/\/alfequipment.com\/product\/mt60-semi-automatic-flat-label-machine-and-pneumatic-surface-labeling-machine-labeler\/#primaryimage"},"image":{"@id":"https:\/\/alfequipment.com\/product\/mt60-semi-automatic-flat-label-machine-and-pneumatic-surface-labeling-machine-labeler\/#primaryimage"},"thumbnailUrl":"https:\/\/alfequipment.com\/wp-content\/uploads\/2025\/01\/MT60-Semi-automatic-Flat-Label-machine-and.jpg","datePublished":"2024-12-12T16:32:12+00:00","dateModified":"2025-01-13T13:09:56+00:00","breadcrumb":{"@id":"https:\/\/alfequipment.com\/product\/mt60-semi-automatic-flat-label-machine-and-pneumatic-surface-labeling-machine-labeler\/#breadcrumb"},"inLanguage":"fr-FR","potentialAction":[{"@type":"ReadAction","target":["https:\/\/alfequipment.com\/product\/mt60-semi-automatic-flat-label-machine-and-pneumatic-surface-labeling-machine-labeler\/"]}]},{"@type":"ImageObject","inLanguage":"fr-FR","@id":"https:\/\/alfequipment.com\/product\/mt60-semi-automatic-flat-label-machine-and-pneumatic-surface-labeling-machine-labeler\/#primaryimage","url":"https:\/\/alfequipment.com\/wp-content\/uploads\/2025\/01\/MT60-Semi-automatic-Flat-Label-machine-and.jpg","contentUrl":"https:\/\/alfequipment.com\/wp-content\/uploads\/2025\/01\/MT60-Semi-automatic-Flat-Label-machine-and.jpg","width":800,"height":800},{"@type":"BreadcrumbList","@id":"https:\/\/alfequipment.com\/product\/mt60-semi-automatic-flat-label-machine-and-pneumatic-surface-labeling-machine-labeler\/#breadcrumb","itemListElement":[{"@type":"ListItem","position":1,"name":"Home","item":"https:\/\/alfequipment.com\/"},{"@type":"ListItem","position":2,"name":"Shop","item":"https:\/\/alfequipment.com\/shop\/"},{"@type":"ListItem","position":3,"name":"MT60 Semi-automatic Flat Label machine and pneumatic surface labeling machine labeler"}]},{"@type":"WebSite","@id":"https:\/\/alfequipment.com\/#website","url":"https:\/\/alfequipment.com\/","name":"PACK ALF","description":"","publisher":{"@id":"https:\/\/alfequipment.com\/#organization"},"potentialAction":[{"@type":"SearchAction","target":{"@type":"EntryPoint","urlTemplate":"https:\/\/alfequipment.com\/?s={search_term_string}"},"query-input":{"@type":"PropertyValueSpecification","valueRequired":true,"valueName":"search_term_string"}}],"inLanguage":"fr-FR"},{"@type":"Organization","@id":"https:\/\/alfequipment.com\/#organization","name":"PACK ALF","url":"https:\/\/alfequipment.com\/","logo":{"@type":"ImageObject","inLanguage":"fr-FR","@id":"https:\/\/alfequipment.com\/#\/schema\/logo\/image\/","url":"https:\/\/alfequipment.com\/wp-content\/uploads\/2024\/11\/ALFlogo-2.webp","contentUrl":"https:\/\/alfequipment.com\/wp-content\/uploads\/2024\/11\/ALFlogo-2.webp","width":758,"height":750,"caption":"ALF PACK"},"image":{"@id":"https:\/\/alfequipment.com\/#\/schema\/logo\/image\/"}}]}},"_links":{"self":[{"href":"https:\/\/alfequipment.com\/fr\/wp-json\/wp\/v2\/product\/3019","targetHints":{"allow":["GET"]}}],"collection":[{"href":"https:\/\/alfequipment.com\/fr\/wp-json\/wp\/v2\/product"}],"about":[{"href":"https:\/\/alfequipment.com\/fr\/wp-json\/wp\/v2\/types\/product"}],"replies":[{"embeddable":true,"href":"https:\/\/alfequipment.com\/fr\/wp-json\/wp\/v2\/comments?post=3019"}],"version-history":[{"count":0,"href":"https:\/\/alfequipment.com\/fr\/wp-json\/wp\/v2\/product\/3019\/revisions"}],"wp:featuredmedia":[{"embeddable":true,"href":"https:\/\/alfequipment.com\/fr\/wp-json\/wp\/v2\/media\/2872"}],"wp:attachment":[{"href":"https:\/\/alfequipment.com\/fr\/wp-json\/wp\/v2\/media?parent=3019"}],"wp:term":[{"taxonomy":"product_brand","embeddable":true,"href":"https:\/\/alfequipment.com\/fr\/wp-json\/wp\/v2\/product_brand?post=3019"},{"taxonomy":"product_cat","embeddable":true,"href":"https:\/\/alfequipment.com\/fr\/wp-json\/wp\/v2\/product_cat?post=3019"},{"taxonomy":"product_tag","embeddable":true,"href":"https:\/\/alfequipment.com\/fr\/wp-json\/wp\/v2\/product_tag?post=3019"}],"curies":[{"name":"wp","href":"https:\/\/api.w.org\/{rel}","templated":true}]}}