{"id":3020,"date":"2024-12-20T04:34:19","date_gmt":"2024-12-20T04:34:19","guid":{"rendered":"https:\/\/alfequipment.com\/product\/dy-8-hot-sale-manual-operation-hot-code-printer\/"},"modified":"2025-01-13T13:09:57","modified_gmt":"2025-01-13T13:09:57","slug":"dy-8-hot-sale-manual-operation-hot-code-printer","status":"publish","type":"product","link":"https:\/\/alfequipment.com\/fr\/product\/dy-8-hot-sale-manual-operation-hot-code-printer\/","title":{"rendered":"DY-8 Vente \u00e0 chaud Fonctionnement manuel Imprimante Hot Code"},"content":{"rendered":"<p><span style=\"font-family: arial;\">L'imprimante de codes \u00e0 chaud adopte un ruban d'impression thermique pour \u00e9viter la contamination par l'huile, ce qui permet de garder l'environnement propre.Elle peut \u00eatre utilis\u00e9e pour imprimer des notes telles que la date de production sur les sacs en plastique et en papier dans les industries alimentaires et pharmaceutiques.Les mots imprim\u00e9s sont clairs et r\u00e9sistants \u00e0 l'usure.<\/span><\/p>\n<p style=\"word-wrap: break-word; border: 0px; font-family: arial; line-height: 15px; vertical-align: baseline;\">&nbsp;<\/p>\n<p style=\"word-wrap: break-word; border: 0px; font-family: arial; line-height: 15px; vertical-align: baseline;\"><span style=\"margin: 0px; padding: 0px; border: 0px; font-size: 16px; font-style: inherit; font-weight: inherit; line-height: 24px; vertical-align: baseline;\">Sp\u00e9cification :<\/span><\/p>\n<table class=\"aliDataTable\" style=\"word-wrap: break-word; margin: 0px; padding: 0px; font-family: arial; font-size: 12px; line-height: 15px; color: #000000; width: 615px;\" border=\"1\">\n<tbody>\n<tr style=\"margin: 0px; padding: 0px; font-size: inherit; font-style: inherit; font-weight: inherit; line-height: inherit;\">\n<td style=\"word-wrap: break-word; overflow: hidden; margin: 0px; font-size: inherit; font-style: inherit; line-height: inherit; float: none !important;\">Mod\u00e8le<\/td>\n<td style=\"word-wrap: break-word; overflow: hidden; margin: 0px; font-size: inherit; font-style: inherit; line-height: inherit; float: none !important;\">HP-241-I<\/td>\n<td style=\"word-wrap: break-word; overflow: hidden; margin: 0px; font-size: inherit; font-style: inherit; line-height: inherit; float: none !important;\"><span style=\"margin: 0px; padding: 0px; border: 0px; font-size: inherit; font-style: inherit; font-weight: inherit; line-height: 18px; vertical-align: baseline; color: #000000;\">HP-241B<\/span><\/td>\n<td style=\"word-wrap: break-word; overflow: hidden; margin: 0px; font-size: inherit; font-style: inherit; line-height: inherit; float: none !important;\"><span style=\"color: #ff0000;\">DY-8<\/span><\/td>\n<\/tr>\n<tr style=\"margin: 0px; padding: 0px; font-size: inherit; font-style: inherit; font-weight: inherit; line-height: inherit;\">\n<td style=\"word-wrap: break-word; overflow: hidden; margin: 0px; font-size: inherit; font-style: inherit; line-height: inherit; float: none !important;\">Tension<\/td>\n<td style=\"word-wrap: break-word; overflow: hidden; margin: 0px; font-size: inherit; font-style: inherit; line-height: inherit; text-align: center; float: none !important;\" colspan=\"3\"><span style=\"margin: 0px; padding: 0px; border: 0px; font-size: inherit; font-style: inherit; font-weight: inherit; line-height: 18px; vertical-align: baseline; color: #ff0000;\">220-240V 50-60HZ<\/span><\/td>\n<\/tr>\n<tr style=\"margin: 0px; padding: 0px; font-size: inherit; font-style: inherit; font-weight: inherit; line-height: inherit;\">\n<td style=\"word-wrap: break-word; overflow: hidden; margin: 0px; font-size: inherit; font-style: inherit; line-height: inherit; float: none !important;\">Puissance<\/td>\n<td style=\"word-wrap: break-word; overflow: hidden; margin: 0px; font-size: inherit; font-style: inherit; line-height: inherit; text-align: center; float: none !important;\" colspan=\"2\"><span style=\"margin: 0px; padding: 0px; border: 0px; font-size: inherit; font-style: inherit; font-weight: inherit; line-height: 18px; vertical-align: baseline; color: #000000;\">120W&nbsp;&nbsp;<\/span><\/td>\n<td style=\"word-wrap: break-word; overflow: hidden; margin: 0px; font-size: inherit; font-style: inherit; line-height: inherit; float: none !important;\"><span style=\"color: #ff0000;\">&nbsp;40W<\/span><\/td>\n<\/tr>\n<tr style=\"margin: 0px; padding: 0px; font-size: inherit; font-style: inherit; font-weight: inherit; line-height: inherit;\">\n<td style=\"word-wrap: break-word; overflow: hidden; margin: 0px; font-size: inherit; font-style: inherit; line-height: inherit; float: none !important;\">Vitesse d'impression<\/td>\n<td style=\"word-wrap: break-word; overflow: hidden; margin: 0px; font-size: inherit; font-style: inherit; line-height: inherit; text-align: center; float: none !important;\" colspan=\"2\"><span style=\"margin: 0px; padding: 0px; border: 0px; font-size: inherit; font-style: inherit; font-weight: inherit; line-height: 18px; vertical-align: baseline; color: #000000;\">20-70 fois\/min&nbsp;&nbsp;<\/span><\/td>\n<td style=\"word-wrap: break-word; overflow: hidden; margin: 0px; font-size: inherit; font-style: inherit; line-height: inherit; float: none !important;\"><span style=\"color: #ff0000;\">&nbsp;10-30 fois\/min<\/span><\/td>\n<\/tr>\n<tr style=\"margin: 0px; padding: 0px; font-size: inherit; font-style: inherit; font-weight: inherit; line-height: inherit;\">\n<td style=\"word-wrap: break-word; overflow: hidden; margin: 0px; font-size: inherit; font-style: inherit; line-height: inherit; float: none !important;\">Temp\u00e9rature<\/td>\n<td style=\"word-wrap: break-word; overflow: hidden; margin: 0px; font-size: inherit; font-style: inherit; line-height: inherit; text-align: center; float: none !important;\" colspan=\"2\"><span style=\"margin: 0px; padding: 0px; border: 0px; font-size: inherit; font-style: inherit; font-weight: inherit; line-height: 18px; vertical-align: baseline; color: #000000;\">0-200&nbsp;<span style=\"margin: 0px; padding: 0px; border: 0px; font-family: Helvetica, Arial, sans-serif; font-size: 14px; font-style: inherit; font-weight: inherit; line-height: 25px; vertical-align: baseline; background-color: #f2f1fa;\">\u00b0C<\/span>&nbsp;&nbsp;&nbsp;<\/span><\/td>\n<td style=\"word-wrap: break-word; overflow: hidden; margin: 0px; font-size: inherit; font-style: inherit; line-height: inherit; float: none !important;\"><span style=\"color: #ff0000;\">&nbsp;0-200&nbsp;<span style=\"margin: 0px; padding: 0px; border: 0px; font-family: Helvetica, Arial, sans-serif; font-size: 14px; font-style: inherit; font-weight: inherit; line-height: 25px; vertical-align: baseline; text-align: center; background-color: #f2f1fa;\">\u00b0C<\/span><\/span><\/td>\n<\/tr>\n<tr style=\"margin: 0px; padding: 0px; font-size: inherit; font-style: inherit; font-weight: inherit; line-height: inherit;\">\n<td style=\"word-wrap: break-word; overflow: hidden; margin: 0px; font-size: inherit; font-style: inherit; line-height: inherit; float: none !important;\">Impression Format lettre<\/td>\n<td style=\"word-wrap: break-word; overflow: hidden; margin: 0px; font-size: inherit; font-style: inherit; line-height: inherit; float: none !important;\">&nbsp;Cinq lignes maximum 12\u00d75 mots<\/td>\n<td style=\"word-wrap: break-word; overflow: hidden; margin: 0px; font-size: inherit; font-style: inherit; line-height: inherit; float: none !important;\"><span style=\"margin: 0px; padding: 0px; border: 0px; font-size: inherit; font-style: inherit; font-weight: inherit; line-height: 18px; vertical-align: baseline; color: #000000;\">&nbsp;3 lignes 2*4*15mm<\/span><\/td>\n<td style=\"word-wrap: break-word; overflow: hidden; margin: 0px; font-size: inherit; font-style: inherit; line-height: inherit; float: none !important;\"><span style=\"color: #ff0000;\">&nbsp;&nbsp;<span style=\"margin: 0px; padding: 0px; border: 0px; font-family: Verdana, Arial, Helvetica, sans-serif; font-size: inherit; font-style: inherit; font-weight: inherit; line-height: normal; vertical-align: baseline;\">3 lignes 2*3*15mm<\/span><\/span><\/td>\n<\/tr>\n<tr style=\"margin: 0px; padding: 0px; font-size: inherit; font-style: inherit; font-weight: inherit; line-height: inherit;\">\n<td style=\"word-wrap: break-word; overflow: hidden; margin: 0px; font-size: inherit; font-style: inherit; line-height: inherit; float: none !important;\">Poids<\/td>\n<td style=\"word-wrap: break-word; overflow: hidden; margin: 0px; font-size: inherit; font-style: inherit; line-height: inherit; float: none !important;\">&nbsp;9,5 kg<\/td>\n<td style=\"word-wrap: break-word; overflow: hidden; margin: 0px; font-size: inherit; font-style: inherit; line-height: inherit; float: none !important;\"><span style=\"margin: 0px; padding: 0px; border: 0px; font-size: inherit; font-style: inherit; font-weight: inherit; line-height: 18px; vertical-align: baseline; color: #000000;\">&nbsp;9,5 kg<\/span><\/td>\n<td style=\"word-wrap: break-word; overflow: hidden; margin: 0px; font-size: inherit; font-style: inherit; line-height: inherit; float: none !important;\"><span style=\"color: #ff0000;\">&nbsp;3,8 kg<\/span><\/td>\n<\/tr>\n<tr style=\"margin: 0px; padding: 0px; font-size: inherit; font-style: inherit; font-weight: inherit; line-height: inherit;\">\n<td style=\"word-wrap: break-word; overflow: hidden; margin: 0px; font-size: inherit; font-style: inherit; line-height: inherit; float: none !important;\">Taille (LxLxH)<\/td>\n<td style=\"word-wrap: break-word; overflow: hidden; margin: 0px; font-size: inherit; font-style: inherit; line-height: inherit; float: none !important;\">&nbsp;270*260*360mm<\/td>\n<td style=\"word-wrap: break-word; overflow: hidden; margin: 0px; font-size: inherit; font-style: inherit; line-height: inherit; float: none !important;\"><span style=\"margin: 0px; padding: 0px; border: 0px; font-size: inherit; font-style: inherit; font-weight: inherit; line-height: 18px; vertical-align: baseline; color: #000000;\">&nbsp;270*260*360mm<\/span><\/td>\n<td style=\"word-wrap: break-word; overflow: hidden; margin: 0px; font-size: inherit; font-style: inherit; line-height: inherit; float: none !important;\"><span style=\"color: #ff0000;\">&nbsp;330*260*210mm<\/span><\/td>\n<\/tr>\n<\/tbody>\n<\/table>\n<p style=\"word-wrap: break-word; border: 0px; font-family: arial; line-height: 15px; vertical-align: baseline;\">&nbsp;<\/p>\n<p>&nbsp;<img decoding=\"async\" src=\"https:\/\/sc01.alicdn.com\/kf\/HTB1dhuQFVXXXXb5XXXXq6xXFXXXx\/64496\/HTB1dhuQFVXXXXb5XXXXq6xXFXXXx.jpg\" data-alt=\"DY-8 Hot sale Manual operation Hot Code Printer\" style=\"width: 343px; height: 432px;\" ori-width=\"600\" ori-height=\"800\" class=\"aligncenter\"><img decoding=\"async\" src=\"https:\/\/sc02.alicdn.com\/kf\/HTB1p8OEFVXXXXcqXFXXq6xXFXXXM\/64496\/HTB1p8OEFVXXXXcqXFXXq6xXFXXXM.jpg\" data-alt=\"DY-8 Hot sale Manual operation Hot Code Printer\" style=\"width: 349px; height: 466px;\" ori-width=\"600\" ori-height=\"800\" class=\"aligncenter\"><img decoding=\"async\" src=\"https:\/\/sc01.alicdn.com\/kf\/HTB1byGQFVXXXXc3XXXXq6xXFXXXQ\/64496\/HTB1byGQFVXXXXc3XXXXq6xXFXXXQ.jpg\" data-alt=\"DY-8 Hot sale Manual operation Hot Code Printer\" style=\"width: 345px; height: 463px;\" ori-width=\"600\" ori-height=\"800\" class=\"aligncenter\"><img decoding=\"async\" src=\"https:\/\/sc01.alicdn.com\/kf\/HTB18lSOFVXXXXamXpXXq6xXFXXXA\/64496\/HTB18lSOFVXXXXamXpXXq6xXFXXXA.jpg\" data-alt=\"DY-8 Hot sale Manual operation Hot Code Printer\" style=\"width: 347px; height: 463px;\" ori-width=\"600\" ori-height=\"800\" class=\"aligncenter\"><\/p>\n<p>&nbsp;<\/p>\n<div id=\"ali-anchor-AliPostDhMb-w38mk\" style=\"padding-top: 8px;\" data-section=\"AliPostDhMb-w38mk\" data-section-title=\"Packaging &amp; Shipping\">\n<div id=\"ali-title-AliPostDhMb-w38mk\" style=\"padding: 8px 0; border-bottom: 1px solid #ddd;\"><\/div>\n<\/div>","protected":false},"excerpt":{"rendered":"<p>Dy-8b Hot Sale Manual Operation Hot Code Printer<\/p>","protected":false},"featured_media":2874,"comment_status":"closed","ping_status":"open","template":"","meta":[],"product_brand":[],"product_cat":[104],"product_tag":[],"class_list":{"0":"post-3020","1":"product","2":"type-product","3":"status-publish","4":"has-post-thumbnail","6":"product_cat-inkjet-printers","8":"first","9":"instock","10":"sale","11":"purchasable","12":"product-type-simple"},"yoast_head":"<!-- This site is optimized with the Yoast SEO Premium plugin v20.9 (Yoast SEO v26.5) - https:\/\/yoast.com\/wordpress\/plugins\/seo\/ -->\n<title>DY-8 Hot sale Manual operation Hot Code Printer - ALF PACK<\/title>\n<meta name=\"robots\" content=\"index, follow, max-snippet:-1, max-image-preview:large, max-video-preview:-1\" \/>\n<link rel=\"canonical\" href=\"https:\/\/alfequipment.com\/fr\/product\/dy-8-hot-sale-manual-operation-hot-code-printer\/\" \/>\n<meta property=\"og:locale\" content=\"fr_FR\" \/>\n<meta property=\"og:type\" content=\"article\" \/>\n<meta property=\"og:title\" content=\"DY-8 Hot sale Manual operation Hot Code Printer\" \/>\n<meta property=\"og:description\" content=\"Dy-8b Hot Sale Manual Operation Hot Code Printer\" \/>\n<meta property=\"og:url\" content=\"https:\/\/alfequipment.com\/fr\/product\/dy-8-hot-sale-manual-operation-hot-code-printer\/\" \/>\n<meta property=\"og:site_name\" content=\"ALF PACK\" \/>\n<meta property=\"article:modified_time\" content=\"2025-01-13T13:09:57+00:00\" \/>\n<meta property=\"og:image\" content=\"https:\/\/alfequipment.com\/wp-content\/uploads\/2025\/01\/DY-8-Hot-sale-Manual-operation-Hot.jpg\" \/>\n\t<meta property=\"og:image:width\" content=\"800\" \/>\n\t<meta property=\"og:image:height\" content=\"800\" \/>\n\t<meta property=\"og:image:type\" content=\"image\/webp\" \/>\n<meta name=\"twitter:card\" content=\"summary_large_image\" \/>\n<meta name=\"twitter:label1\" content=\"Dur\u00e9e de lecture estim\u00e9e\" \/>\n\t<meta name=\"twitter:data1\" content=\"1 minute\" \/>\n<script type=\"application\/ld+json\" class=\"yoast-schema-graph\">{\"@context\":\"https:\/\/schema.org\",\"@graph\":[{\"@type\":\"WebPage\",\"@id\":\"https:\/\/alfequipment.com\/product\/dy-8-hot-sale-manual-operation-hot-code-printer\/\",\"url\":\"https:\/\/alfequipment.com\/product\/dy-8-hot-sale-manual-operation-hot-code-printer\/\",\"name\":\"DY-8 Hot sale Manual operation Hot Code Printer - ALF PACK\",\"isPartOf\":{\"@id\":\"https:\/\/alfequipment.com\/#website\"},\"primaryImageOfPage\":{\"@id\":\"https:\/\/alfequipment.com\/product\/dy-8-hot-sale-manual-operation-hot-code-printer\/#primaryimage\"},\"image\":{\"@id\":\"https:\/\/alfequipment.com\/product\/dy-8-hot-sale-manual-operation-hot-code-printer\/#primaryimage\"},\"thumbnailUrl\":\"https:\/\/alfequipment.com\/wp-content\/uploads\/2025\/01\/DY-8-Hot-sale-Manual-operation-Hot.jpg\",\"datePublished\":\"2024-12-20T04:34:19+00:00\",\"dateModified\":\"2025-01-13T13:09:57+00:00\",\"breadcrumb\":{\"@id\":\"https:\/\/alfequipment.com\/product\/dy-8-hot-sale-manual-operation-hot-code-printer\/#breadcrumb\"},\"inLanguage\":\"fr-FR\",\"potentialAction\":[{\"@type\":\"ReadAction\",\"target\":[\"https:\/\/alfequipment.com\/product\/dy-8-hot-sale-manual-operation-hot-code-printer\/\"]}]},{\"@type\":\"ImageObject\",\"inLanguage\":\"fr-FR\",\"@id\":\"https:\/\/alfequipment.com\/product\/dy-8-hot-sale-manual-operation-hot-code-printer\/#primaryimage\",\"url\":\"https:\/\/alfequipment.com\/wp-content\/uploads\/2025\/01\/DY-8-Hot-sale-Manual-operation-Hot.jpg\",\"contentUrl\":\"https:\/\/alfequipment.com\/wp-content\/uploads\/2025\/01\/DY-8-Hot-sale-Manual-operation-Hot.jpg\",\"width\":800,\"height\":800},{\"@type\":\"BreadcrumbList\",\"@id\":\"https:\/\/alfequipment.com\/product\/dy-8-hot-sale-manual-operation-hot-code-printer\/#breadcrumb\",\"itemListElement\":[{\"@type\":\"ListItem\",\"position\":1,\"name\":\"Home\",\"item\":\"https:\/\/alfequipment.com\/\"},{\"@type\":\"ListItem\",\"position\":2,\"name\":\"Shop\",\"item\":\"https:\/\/alfequipment.com\/shop\/\"},{\"@type\":\"ListItem\",\"position\":3,\"name\":\"DY-8 Hot sale Manual operation Hot Code Printer\"}]},{\"@type\":\"WebSite\",\"@id\":\"https:\/\/alfequipment.com\/#website\",\"url\":\"https:\/\/alfequipment.com\/\",\"name\":\"ALF PACK\",\"description\":\"\",\"publisher\":{\"@id\":\"https:\/\/alfequipment.com\/#organization\"},\"potentialAction\":[{\"@type\":\"SearchAction\",\"target\":{\"@type\":\"EntryPoint\",\"urlTemplate\":\"https:\/\/alfequipment.com\/?s={search_term_string}\"},\"query-input\":{\"@type\":\"PropertyValueSpecification\",\"valueRequired\":true,\"valueName\":\"search_term_string\"}}],\"inLanguage\":\"fr-FR\"},{\"@type\":\"Organization\",\"@id\":\"https:\/\/alfequipment.com\/#organization\",\"name\":\"ALF PACK\",\"url\":\"https:\/\/alfequipment.com\/\",\"logo\":{\"@type\":\"ImageObject\",\"inLanguage\":\"fr-FR\",\"@id\":\"https:\/\/alfequipment.com\/#\/schema\/logo\/image\/\",\"url\":\"https:\/\/alfequipment.com\/wp-content\/uploads\/2024\/11\/ALFlogo-2.webp\",\"contentUrl\":\"https:\/\/alfequipment.com\/wp-content\/uploads\/2024\/11\/ALFlogo-2.webp\",\"width\":758,\"height\":750,\"caption\":\"ALF PACK\"},\"image\":{\"@id\":\"https:\/\/alfequipment.com\/#\/schema\/logo\/image\/\"}}]}<\/script>\n<!-- \/ Yoast SEO Premium plugin. -->","yoast_head_json":{"title":"DY-8 Hot sale Manual operation Hot Code Printer - ALF PACK","robots":{"index":"index","follow":"follow","max-snippet":"max-snippet:-1","max-image-preview":"max-image-preview:large","max-video-preview":"max-video-preview:-1"},"canonical":"https:\/\/alfequipment.com\/fr\/product\/dy-8-hot-sale-manual-operation-hot-code-printer\/","og_locale":"fr_FR","og_type":"article","og_title":"DY-8 Hot sale Manual operation Hot Code Printer","og_description":"Dy-8b Hot Sale Manual Operation Hot Code Printer","og_url":"https:\/\/alfequipment.com\/fr\/product\/dy-8-hot-sale-manual-operation-hot-code-printer\/","og_site_name":"ALF PACK","article_modified_time":"2025-01-13T13:09:57+00:00","og_image":[{"width":800,"height":800,"url":"https:\/\/alfequipment.com\/wp-content\/uploads\/2025\/01\/DY-8-Hot-sale-Manual-operation-Hot.jpg","type":"image\/webp"}],"twitter_card":"summary_large_image","twitter_misc":{"Dur\u00e9e de lecture estim\u00e9e":"1 minute"},"schema":{"@context":"https:\/\/schema.org","@graph":[{"@type":"WebPage","@id":"https:\/\/alfequipment.com\/product\/dy-8-hot-sale-manual-operation-hot-code-printer\/","url":"https:\/\/alfequipment.com\/product\/dy-8-hot-sale-manual-operation-hot-code-printer\/","name":"DY-8 Hot sale Manual operation Hot Code Printer - ALF PACK","isPartOf":{"@id":"https:\/\/alfequipment.com\/#website"},"primaryImageOfPage":{"@id":"https:\/\/alfequipment.com\/product\/dy-8-hot-sale-manual-operation-hot-code-printer\/#primaryimage"},"image":{"@id":"https:\/\/alfequipment.com\/product\/dy-8-hot-sale-manual-operation-hot-code-printer\/#primaryimage"},"thumbnailUrl":"https:\/\/alfequipment.com\/wp-content\/uploads\/2025\/01\/DY-8-Hot-sale-Manual-operation-Hot.jpg","datePublished":"2024-12-20T04:34:19+00:00","dateModified":"2025-01-13T13:09:57+00:00","breadcrumb":{"@id":"https:\/\/alfequipment.com\/product\/dy-8-hot-sale-manual-operation-hot-code-printer\/#breadcrumb"},"inLanguage":"fr-FR","potentialAction":[{"@type":"ReadAction","target":["https:\/\/alfequipment.com\/product\/dy-8-hot-sale-manual-operation-hot-code-printer\/"]}]},{"@type":"ImageObject","inLanguage":"fr-FR","@id":"https:\/\/alfequipment.com\/product\/dy-8-hot-sale-manual-operation-hot-code-printer\/#primaryimage","url":"https:\/\/alfequipment.com\/wp-content\/uploads\/2025\/01\/DY-8-Hot-sale-Manual-operation-Hot.jpg","contentUrl":"https:\/\/alfequipment.com\/wp-content\/uploads\/2025\/01\/DY-8-Hot-sale-Manual-operation-Hot.jpg","width":800,"height":800},{"@type":"BreadcrumbList","@id":"https:\/\/alfequipment.com\/product\/dy-8-hot-sale-manual-operation-hot-code-printer\/#breadcrumb","itemListElement":[{"@type":"ListItem","position":1,"name":"Home","item":"https:\/\/alfequipment.com\/"},{"@type":"ListItem","position":2,"name":"Shop","item":"https:\/\/alfequipment.com\/shop\/"},{"@type":"ListItem","position":3,"name":"DY-8 Hot sale Manual operation Hot Code Printer"}]},{"@type":"WebSite","@id":"https:\/\/alfequipment.com\/#website","url":"https:\/\/alfequipment.com\/","name":"PACK ALF","description":"","publisher":{"@id":"https:\/\/alfequipment.com\/#organization"},"potentialAction":[{"@type":"SearchAction","target":{"@type":"EntryPoint","urlTemplate":"https:\/\/alfequipment.com\/?s={search_term_string}"},"query-input":{"@type":"PropertyValueSpecification","valueRequired":true,"valueName":"search_term_string"}}],"inLanguage":"fr-FR"},{"@type":"Organization","@id":"https:\/\/alfequipment.com\/#organization","name":"PACK ALF","url":"https:\/\/alfequipment.com\/","logo":{"@type":"ImageObject","inLanguage":"fr-FR","@id":"https:\/\/alfequipment.com\/#\/schema\/logo\/image\/","url":"https:\/\/alfequipment.com\/wp-content\/uploads\/2024\/11\/ALFlogo-2.webp","contentUrl":"https:\/\/alfequipment.com\/wp-content\/uploads\/2024\/11\/ALFlogo-2.webp","width":758,"height":750,"caption":"ALF PACK"},"image":{"@id":"https:\/\/alfequipment.com\/#\/schema\/logo\/image\/"}}]}},"_links":{"self":[{"href":"https:\/\/alfequipment.com\/fr\/wp-json\/wp\/v2\/product\/3020","targetHints":{"allow":["GET"]}}],"collection":[{"href":"https:\/\/alfequipment.com\/fr\/wp-json\/wp\/v2\/product"}],"about":[{"href":"https:\/\/alfequipment.com\/fr\/wp-json\/wp\/v2\/types\/product"}],"replies":[{"embeddable":true,"href":"https:\/\/alfequipment.com\/fr\/wp-json\/wp\/v2\/comments?post=3020"}],"version-history":[{"count":0,"href":"https:\/\/alfequipment.com\/fr\/wp-json\/wp\/v2\/product\/3020\/revisions"}],"wp:featuredmedia":[{"embeddable":true,"href":"https:\/\/alfequipment.com\/fr\/wp-json\/wp\/v2\/media\/2874"}],"wp:attachment":[{"href":"https:\/\/alfequipment.com\/fr\/wp-json\/wp\/v2\/media?parent=3020"}],"wp:term":[{"taxonomy":"product_brand","embeddable":true,"href":"https:\/\/alfequipment.com\/fr\/wp-json\/wp\/v2\/product_brand?post=3020"},{"taxonomy":"product_cat","embeddable":true,"href":"https:\/\/alfequipment.com\/fr\/wp-json\/wp\/v2\/product_cat?post=3020"},{"taxonomy":"product_tag","embeddable":true,"href":"https:\/\/alfequipment.com\/fr\/wp-json\/wp\/v2\/product_tag?post=3020"}],"curies":[{"name":"wp","href":"https:\/\/api.w.org\/{rel}","templated":true}]}}