{"id":3022,"date":"2024-12-12T07:25:35","date_gmt":"2024-12-12T07:25:35","guid":{"rendered":"https:\/\/alfequipment.com\/product\/tdy-300c-desktop-electric-pad-printer-coding-machine\/"},"modified":"2025-01-13T13:09:58","modified_gmt":"2025-01-13T13:09:58","slug":"machine-a-coder-a-tampon-electrique-de-bureau-tdy-300c","status":"publish","type":"product","link":"https:\/\/alfequipment.com\/fr\/product\/machine-a-coder-a-tampon-electrique-de-bureau-tdy-300c\/","title":{"rendered":"TDY-300C Machine de codage par tampographie \u00e9lectrique de bureau"},"content":{"rendered":"<p><span style=\"font-size: 12pt;\">Les imprimantes de la s\u00e9rie TDY sont utilis\u00e9es pour imprimer la date de fabrication\/d'expiration, le num\u00e9ro de lot ou le logo sur des bouteilles, des papiers, des gobelets ou des bo\u00eetes sur tout type de mat\u00e9riau, tel que le plastique ou le m\u00e9tal, avec une vitesse d'impression rapide, une forme de lettre \u00e9l\u00e9gante et claire. La vitesse d'impression est r\u00e9glable. La date ou le signe est grav\u00e9 par r\u00e9action chimique sur une plaque d'impression en acier.<\/span><\/p>\n<p><strong><span style=\"font-size: 12pt;\">TDY-380A <\/span><\/strong><span style=\"font-size: 12pt;\">L'imprimante \u00e0 tampon est un mod\u00e8le de gratte-couteau.<\/span><\/p>\n<p><strong><span style=\"font-size: 12pt;\">TDY-380B<\/span><\/strong><span style=\"font-size: 12pt;\"> L'encre est conserv\u00e9e dans un encrier, ce qui permet de garder l'encre propre, de l'\u00e9conomiser et d'\u00e9viter qu'elle ne s\u00e8che par rapport au mod\u00e8le \u00e0 grattoir. En outre, la plaque d'impression ronde est dot\u00e9e d'un cercle int\u00e9rieur rotatif qui permet d'agrandir les mots \u00e0 imprimer.<\/span><\/p>\n<p><strong><span style=\"font-size: 12pt;\">TDY-300C<\/span><\/strong><span style=\"font-size: 12pt;\"> L'encre est conserv\u00e9e dans un encrier, ce qui permet de garder l'encre propre, de l'\u00e9conomiser et d'\u00e9viter qu'elle ne s\u00e8che par rapport au mod\u00e8le \u00e0 grattoir. En outre, le cercle de raclage en acier r\u00e9siste tr\u00e8s longtemps. L'absorption magn\u00e9tique entre l'encrier et la plaque d'impression en acier permet de sceller parfaitement l'encre dans l'encrier.<\/span><\/p>\n<p>&nbsp;<\/p>\n<p><span style=\"font-size: 16px;\"><strong>Sp\u00e9cification :<\/strong><\/span><\/p>\n<table class=\"aliDataTable\" style=\"word-wrap: break-word; margin: 0px; padding: 0px; font-family: arial; font-size: 12px; line-height: 15px; color: #000000;\" border=\"1\" cellspacing=\"0\" cellpadding=\"0\">\n<tbody>\n<tr style=\"margin: 0px; padding: 0px; font-size: inherit; font-style: inherit; font-weight: inherit; line-height: inherit; height: 14.25pt;\" align=\"middle\">\n<td style=\"word-wrap: break-word; overflow: hidden; margin: 0px; font-size: inherit; font-style: inherit; line-height: inherit; text-align: left; width: 117.75pt; float: none !important;\" align=\"left\">\n<p style=\"word-wrap: break-word; border: 0px; font-size: inherit; font-style: inherit; font-weight: inherit; line-height: inherit; vertical-align: baseline;\"><span style=\"margin: 0px; padding: 0px; border: 0px; font-family: Arial; font-size: inherit; font-style: inherit; font-weight: inherit; line-height: 18px; vertical-align: baseline;\">Mod\u00e8le<\/span><\/p>\n<\/td>\n<td style=\"word-wrap: break-word; overflow: hidden; margin: 0px; font-size: inherit; font-style: inherit; line-height: inherit; text-align: left; width: 108pt; float: none !important;\">\n<p style=\"word-wrap: break-word; border: 0px; font-size: inherit; font-style: inherit; font-weight: inherit; line-height: inherit; vertical-align: baseline;\"><span style=\"margin: 0px; padding: 0px; border: 0px; font-family: Arial; font-size: inherit; font-style: inherit; font-weight: inherit; line-height: 18px; vertical-align: baseline;\">TDY-380A<\/span><\/p>\n<\/td>\n<td style=\"word-wrap: break-word; overflow: hidden; margin: 0px; font-size: inherit; font-style: inherit; line-height: inherit; text-align: left; width: 108pt; float: none !important;\">\n<p style=\"word-wrap: break-word; border: 0px; font-size: inherit; font-style: inherit; font-weight: inherit; line-height: inherit; vertical-align: baseline;\"><span style=\"margin: 0px; padding: 0px; border: 0px; font-family: Arial; font-size: inherit; font-style: inherit; font-weight: inherit; line-height: 18px; vertical-align: baseline; color: #000000;\">TDY-380B<\/span><\/p>\n<\/td>\n<td style=\"word-wrap: break-word; overflow: hidden; margin: 0px; font-size: inherit; font-style: inherit; line-height: inherit; text-align: left; width: 108pt; float: none !important;\">\n<p style=\"word-wrap: break-word; border: 0px; font-size: inherit; font-style: inherit; font-weight: inherit; line-height: inherit; vertical-align: baseline;\"><span style=\"margin: 0px; padding: 0px; border: 0px; font-family: Arial; font-size: inherit; font-style: inherit; font-weight: inherit; line-height: 18px; vertical-align: baseline; color: #ff0000;\">TDY-300C<\/span><\/p>\n<\/td>\n<\/tr>\n<tr style=\"margin: 0px; padding: 0px; font-size: inherit; font-style: inherit; font-weight: inherit; line-height: inherit; height: 14.25pt;\" align=\"middle\">\n<td style=\"word-wrap: break-word; overflow: hidden; margin: 0px; font-size: inherit; font-style: inherit; line-height: inherit; text-align: left; float: none !important;\" align=\"left\">\n<p style=\"word-wrap: break-word; border: 0px; font-size: inherit; font-style: inherit; font-weight: inherit; line-height: inherit; vertical-align: baseline;\"><span style=\"margin: 0px; padding: 0px; border: 0px; font-family: Arial; font-size: inherit; font-style: inherit; font-weight: inherit; line-height: 18px; vertical-align: baseline;\">Mode de fonctionnement<\/span><\/p>\n<\/td>\n<td style=\"word-wrap: break-word; overflow: hidden; margin: 0px; font-size: inherit; font-style: inherit; line-height: inherit; text-align: left; float: none !important;\" colspan=\"3\">\n<p style=\"word-wrap: break-word; border: 0px; font-size: inherit; font-style: inherit; font-weight: inherit; line-height: inherit; vertical-align: baseline; text-align: center;\"><span style=\"margin: 0px; padding: 0px; border: 0px; font-family: Arial; font-size: inherit; font-style: inherit; font-weight: inherit; line-height: 18px; vertical-align: baseline; color: #ff0000;\">\u00e9lectromoteur<\/span><\/p>\n<\/td>\n<\/tr>\n<tr style=\"margin: 0px; padding: 0px; font-size: inherit; font-style: inherit; font-weight: inherit; line-height: inherit; height: 14.25pt;\" align=\"middle\">\n<td style=\"word-wrap: break-word; overflow: hidden; margin: 0px; font-size: inherit; font-style: inherit; line-height: inherit; text-align: left; float: none !important;\" align=\"left\">\n<p style=\"word-wrap: break-word; border: 0px; font-size: inherit; font-style: inherit; font-weight: inherit; line-height: inherit; vertical-align: baseline;\"><span style=\"margin: 0px; padding: 0px; border: 0px; font-family: Arial; font-size: inherit; font-style: inherit; font-weight: inherit; line-height: 18px; vertical-align: baseline;\">Vitesse de travail<\/span><\/p>\n<\/td>\n<td style=\"word-wrap: break-word; overflow: hidden; margin: 0px; font-size: inherit; font-style: inherit; line-height: inherit; text-align: left; float: none !important;\" colspan=\"3\">\n<p style=\"word-wrap: break-word; border: 0px; font-size: inherit; font-style: inherit; font-weight: inherit; line-height: inherit; vertical-align: baseline; text-align: center;\"><span style=\"margin: 0px; padding: 0px; border: 0px; font-size: inherit; font-style: inherit; font-weight: inherit; line-height: 18px; vertical-align: baseline; color: #ff0000;\">\u2264<span style=\"margin: 0px; padding: 0px; border: 0px; font-family: Arial; font-size: inherit; font-style: inherit; font-weight: inherit; line-height: 18px; vertical-align: baseline;\">3600 fois\/heure<\/span><\/span><\/p>\n<\/td>\n<\/tr>\n<tr style=\"margin: 0px; padding: 0px; font-size: inherit; font-style: inherit; font-weight: inherit; line-height: inherit; height: 14.25pt;\" align=\"middle\">\n<td style=\"word-wrap: break-word; overflow: hidden; margin: 0px; font-size: inherit; font-style: inherit; line-height: inherit; text-align: left; float: none !important;\" align=\"left\">\n<p style=\"word-wrap: break-word; border: 0px; font-size: inherit; font-style: inherit; font-weight: inherit; line-height: inherit; vertical-align: baseline;\"><span style=\"margin: 0px; padding: 0px; border: 0px; font-family: Arial; font-size: inherit; font-style: inherit; font-weight: inherit; line-height: 18px; vertical-align: baseline;\">Zone d'impression<\/span><\/p>\n<\/td>\n<td style=\"word-wrap: break-word; overflow: hidden; margin: 0px; font-size: inherit; font-style: inherit; line-height: inherit; text-align: left; float: none !important;\" colspan=\"3\">\n<p style=\"word-wrap: break-word; border: 0px; font-size: inherit; font-style: inherit; font-weight: inherit; line-height: inherit; vertical-align: baseline; text-align: center;\"><span style=\"margin: 0px; padding: 0px; border: 0px; font-family: Arial; font-size: inherit; font-style: inherit; font-weight: inherit; line-height: 18px; vertical-align: baseline; color: #ff0000;\">\u226415 x 50mm<span style=\"line-height: 0; vertical-align: baseline;\">2<\/span><\/span><\/p>\n<\/td>\n<\/tr>\n<tr style=\"margin: 0px; padding: 0px; font-size: inherit; font-style: inherit; font-weight: inherit; line-height: inherit; height: 14.25pt;\" align=\"middle\">\n<td style=\"word-wrap: break-word; overflow: hidden; margin: 0px; font-size: inherit; font-style: inherit; line-height: inherit; text-align: left; float: none !important;\" align=\"left\">\n<p style=\"word-wrap: break-word; border: 0px; font-size: inherit; font-style: inherit; font-weight: inherit; line-height: inherit; vertical-align: baseline;\"><span style=\"margin: 0px; padding: 0px; border: 0px; font-family: Arial; font-size: inherit; font-style: inherit; font-weight: inherit; line-height: 18px; vertical-align: baseline;\">Hauteur d'impression<\/span><\/p>\n<\/td>\n<td style=\"word-wrap: break-word; overflow: hidden; margin: 0px; font-size: inherit; font-style: inherit; line-height: inherit; text-align: left; float: none !important;\" colspan=\"3\">\n<p style=\"word-wrap: break-word; border: 0px; font-size: inherit; font-style: inherit; font-weight: inherit; line-height: inherit; vertical-align: baseline; text-align: center;\"><span style=\"margin: 0px; padding: 0px; border: 0px; font-family: Arial; font-size: inherit; font-style: inherit; font-weight: inherit; line-height: 18px; vertical-align: baseline; color: #ff0000;\">\u2264380mm<\/span><\/p>\n<\/td>\n<\/tr>\n<tr style=\"margin: 0px; padding: 0px; font-size: inherit; font-style: inherit; font-weight: inherit; line-height: inherit; height: 14.25pt;\" align=\"middle\">\n<td style=\"word-wrap: break-word; overflow: hidden; margin: 0px; font-size: inherit; font-style: inherit; line-height: inherit; text-align: left; float: none !important;\" align=\"left\">\n<p style=\"word-wrap: break-word; border: 0px; font-size: inherit; font-style: inherit; font-weight: inherit; line-height: inherit; vertical-align: baseline;\"><span style=\"margin: 0px; padding: 0px; border: 0px; font-family: Verdana; font-size: inherit; font-style: inherit; font-weight: inherit; line-height: 18px; vertical-align: baseline;\">poids<\/span><\/p>\n<\/td>\n<td style=\"word-wrap: break-word; overflow: hidden; margin: 0px; font-size: inherit; font-style: inherit; line-height: inherit; text-align: left; float: none !important;\" colspan=\"3\">\n<p style=\"word-wrap: break-word; border: 0px; font-size: inherit; font-style: inherit; font-weight: inherit; line-height: inherit; vertical-align: baseline; text-align: center;\"><span style=\"margin: 0px; padding: 0px; border: 0px; font-family: Arial; font-size: inherit; font-style: inherit; font-weight: inherit; line-height: 18px; vertical-align: baseline; color: #ff0000;\">21 kg<\/span><\/p>\n<\/td>\n<\/tr>\n<tr style=\"margin: 0px; padding: 0px; font-size: inherit; font-style: inherit; font-weight: inherit; line-height: inherit; height: 14.25pt;\" align=\"middle\">\n<td style=\"word-wrap: break-word; overflow: hidden; margin: 0px; font-size: inherit; font-style: inherit; line-height: inherit; text-align: left; float: none !important;\" align=\"left\">\n<p style=\"word-wrap: break-word; border: 0px; font-size: inherit; font-style: inherit; font-weight: inherit; line-height: inherit; vertical-align: baseline;\"><span style=\"margin: 0px; padding: 0px; border: 0px; font-family: Arial; font-size: inherit; font-style: inherit; font-weight: inherit; line-height: 18px; vertical-align: baseline;\">Dimensions (L x L x H)<\/span><\/p>\n<\/td>\n<td style=\"word-wrap: break-word; overflow: hidden; margin: 0px; font-size: inherit; font-style: inherit; line-height: inherit; text-align: left; float: none !important;\" colspan=\"3\">\n<p style=\"word-wrap: break-word; border: 0px; font-size: inherit; font-style: inherit; font-weight: inherit; line-height: inherit; vertical-align: baseline; text-align: center;\"><span style=\"margin: 0px; padding: 0px; border: 0px; font-family: Arial; font-size: inherit; font-style: inherit; font-weight: inherit; line-height: 18px; vertical-align: baseline; color: #ff0000;\">435 x 405 x 560mm<\/span><\/p>\n<\/td>\n<\/tr>\n<\/tbody>\n<\/table>\n<p>&nbsp;<\/p>\n<p><span style=\"line-height: 27px; font-family: Arial; font-size: 18px;\">Nous pouvons personnaliser les machines non standard en fonction des exigences des clients.<\/span><span style=\"font-family: Verdana, Arial, Helvetica, sans-serif;\">&nbsp;<\/span><\/p>\n<p>&nbsp;<\/p>\n<p><span style=\"font-family: Verdana, Arial, Helvetica, sans-serif;\"><img decoding=\"async\" src=\"https:\/\/sc02.alicdn.com\/kf\/HTB1UQWVFVXXXXcxXXXXq6xXFXXXm\/64496\/HTB1UQWVFVXXXXcxXXXXq6xXFXXXm.jpg\" data-alt=\"TDY-300C Desktop Electric Pad Printer coding machine\" style=\"width: 485px; height: 647px;\" ori-width=\"600\" ori-height=\"800\" class=\"aligncenter\"><img decoding=\"async\" src=\"https:\/\/sc01.alicdn.com\/kf\/HTB1KgpPFVXXXXb8aXXXq6xXFXXXe\/64496\/HTB1KgpPFVXXXXb8aXXXq6xXFXXXe.jpg\" data-alt=\"TDY-300C Desktop Electric Pad Printer coding machine\" style=\"width: 484px; height: 364px;\" ori-width=\"670\" ori-height=\"503\" class=\"aligncenter\"><img decoding=\"async\" src=\"https:\/\/sc01.alicdn.com\/kf\/HTB1NGuYFVXXXXb4XXXXq6xXFXXXV\/64496\/HTB1NGuYFVXXXXb4XXXXq6xXFXXXV.jpg\" data-alt=\"TDY-300C Desktop Electric Pad Printer coding machine\" style=\"width: 485px; height: 364px;\" ori-width=\"650\" ori-height=\"488\" class=\"aligncenter\"><\/span><\/p>\n<p>&nbsp;<\/p>\n<p>&nbsp;<\/p>\n<p><\/p>\n<p>&nbsp;<\/p><\/p>","protected":false},"excerpt":{"rendered":"<p>Tdy-300c Machine \u00e0 coder \u00e0 tampon \u00e9lectrique de bureau<\/p>","protected":false},"featured_media":2878,"comment_status":"closed","ping_status":"open","template":"","meta":[],"product_brand":[],"product_cat":[111],"product_tag":[],"class_list":{"0":"post-3022","1":"product","2":"type-product","3":"status-publish","4":"has-post-thumbnail","6":"product_cat-pad-printers","8":"first","9":"instock","10":"sale","11":"purchasable","12":"product-type-simple"},"yoast_head":"<!-- This site is optimized with the Yoast SEO Premium plugin v20.9 (Yoast SEO v26.5) - https:\/\/yoast.com\/wordpress\/plugins\/seo\/ -->\n<title>TDY-300C Desktop Electric Pad Printer coding machine - ALF PACK<\/title>\n<meta name=\"robots\" content=\"index, follow, max-snippet:-1, max-image-preview:large, max-video-preview:-1\" \/>\n<link rel=\"canonical\" href=\"https:\/\/alfequipment.com\/fr\/product\/machine-a-coder-a-tampon-electrique-de-bureau-tdy-300c\/\" \/>\n<meta property=\"og:locale\" content=\"fr_FR\" \/>\n<meta property=\"og:type\" content=\"article\" \/>\n<meta property=\"og:title\" content=\"TDY-300C Desktop Electric Pad Printer coding machine\" \/>\n<meta property=\"og:description\" content=\"Tdy-300c Desktop Electric Pad Printer Coding Machine\" \/>\n<meta property=\"og:url\" content=\"https:\/\/alfequipment.com\/fr\/product\/machine-a-coder-a-tampon-electrique-de-bureau-tdy-300c\/\" \/>\n<meta property=\"og:site_name\" content=\"ALF PACK\" \/>\n<meta property=\"article:modified_time\" content=\"2025-01-13T13:09:58+00:00\" \/>\n<meta property=\"og:image\" content=\"https:\/\/alfequipment.com\/wp-content\/uploads\/2025\/01\/TDY-300C-Desktop-Electric-Pad-Printer-coding.jpg\" \/>\n\t<meta property=\"og:image:width\" content=\"800\" \/>\n\t<meta property=\"og:image:height\" content=\"800\" \/>\n\t<meta property=\"og:image:type\" content=\"image\/webp\" \/>\n<meta name=\"twitter:card\" content=\"summary_large_image\" \/>\n<meta name=\"twitter:label1\" content=\"Dur\u00e9e de lecture estim\u00e9e\" \/>\n\t<meta name=\"twitter:data1\" content=\"1 minute\" \/>\n<script type=\"application\/ld+json\" class=\"yoast-schema-graph\">{\"@context\":\"https:\/\/schema.org\",\"@graph\":[{\"@type\":\"WebPage\",\"@id\":\"https:\/\/alfequipment.com\/product\/tdy-300c-desktop-electric-pad-printer-coding-machine\/\",\"url\":\"https:\/\/alfequipment.com\/product\/tdy-300c-desktop-electric-pad-printer-coding-machine\/\",\"name\":\"TDY-300C Desktop Electric Pad Printer coding machine - ALF PACK\",\"isPartOf\":{\"@id\":\"https:\/\/alfequipment.com\/#website\"},\"primaryImageOfPage\":{\"@id\":\"https:\/\/alfequipment.com\/product\/tdy-300c-desktop-electric-pad-printer-coding-machine\/#primaryimage\"},\"image\":{\"@id\":\"https:\/\/alfequipment.com\/product\/tdy-300c-desktop-electric-pad-printer-coding-machine\/#primaryimage\"},\"thumbnailUrl\":\"https:\/\/alfequipment.com\/wp-content\/uploads\/2025\/01\/TDY-300C-Desktop-Electric-Pad-Printer-coding.jpg\",\"datePublished\":\"2024-12-12T07:25:35+00:00\",\"dateModified\":\"2025-01-13T13:09:58+00:00\",\"breadcrumb\":{\"@id\":\"https:\/\/alfequipment.com\/product\/tdy-300c-desktop-electric-pad-printer-coding-machine\/#breadcrumb\"},\"inLanguage\":\"fr-FR\",\"potentialAction\":[{\"@type\":\"ReadAction\",\"target\":[\"https:\/\/alfequipment.com\/product\/tdy-300c-desktop-electric-pad-printer-coding-machine\/\"]}]},{\"@type\":\"ImageObject\",\"inLanguage\":\"fr-FR\",\"@id\":\"https:\/\/alfequipment.com\/product\/tdy-300c-desktop-electric-pad-printer-coding-machine\/#primaryimage\",\"url\":\"https:\/\/alfequipment.com\/wp-content\/uploads\/2025\/01\/TDY-300C-Desktop-Electric-Pad-Printer-coding.jpg\",\"contentUrl\":\"https:\/\/alfequipment.com\/wp-content\/uploads\/2025\/01\/TDY-300C-Desktop-Electric-Pad-Printer-coding.jpg\",\"width\":800,\"height\":800},{\"@type\":\"BreadcrumbList\",\"@id\":\"https:\/\/alfequipment.com\/product\/tdy-300c-desktop-electric-pad-printer-coding-machine\/#breadcrumb\",\"itemListElement\":[{\"@type\":\"ListItem\",\"position\":1,\"name\":\"Home\",\"item\":\"https:\/\/alfequipment.com\/\"},{\"@type\":\"ListItem\",\"position\":2,\"name\":\"Shop\",\"item\":\"https:\/\/alfequipment.com\/shop\/\"},{\"@type\":\"ListItem\",\"position\":3,\"name\":\"TDY-300C Desktop Electric Pad Printer coding machine\"}]},{\"@type\":\"WebSite\",\"@id\":\"https:\/\/alfequipment.com\/#website\",\"url\":\"https:\/\/alfequipment.com\/\",\"name\":\"ALF PACK\",\"description\":\"\",\"publisher\":{\"@id\":\"https:\/\/alfequipment.com\/#organization\"},\"potentialAction\":[{\"@type\":\"SearchAction\",\"target\":{\"@type\":\"EntryPoint\",\"urlTemplate\":\"https:\/\/alfequipment.com\/?s={search_term_string}\"},\"query-input\":{\"@type\":\"PropertyValueSpecification\",\"valueRequired\":true,\"valueName\":\"search_term_string\"}}],\"inLanguage\":\"fr-FR\"},{\"@type\":\"Organization\",\"@id\":\"https:\/\/alfequipment.com\/#organization\",\"name\":\"ALF PACK\",\"url\":\"https:\/\/alfequipment.com\/\",\"logo\":{\"@type\":\"ImageObject\",\"inLanguage\":\"fr-FR\",\"@id\":\"https:\/\/alfequipment.com\/#\/schema\/logo\/image\/\",\"url\":\"https:\/\/alfequipment.com\/wp-content\/uploads\/2024\/11\/ALFlogo-2.webp\",\"contentUrl\":\"https:\/\/alfequipment.com\/wp-content\/uploads\/2024\/11\/ALFlogo-2.webp\",\"width\":758,\"height\":750,\"caption\":\"ALF PACK\"},\"image\":{\"@id\":\"https:\/\/alfequipment.com\/#\/schema\/logo\/image\/\"}}]}<\/script>\n<!-- \/ Yoast SEO Premium plugin. -->","yoast_head_json":{"title":"TDY-300C Machine \u00e0 coder \u00e0 tampon \u00e9lectrique de bureau - ALF PACK","robots":{"index":"index","follow":"follow","max-snippet":"max-snippet:-1","max-image-preview":"max-image-preview:large","max-video-preview":"max-video-preview:-1"},"canonical":"https:\/\/alfequipment.com\/fr\/product\/machine-a-coder-a-tampon-electrique-de-bureau-tdy-300c\/","og_locale":"fr_FR","og_type":"article","og_title":"TDY-300C Desktop Electric Pad Printer coding machine","og_description":"Tdy-300c Desktop Electric Pad Printer Coding Machine","og_url":"https:\/\/alfequipment.com\/fr\/product\/machine-a-coder-a-tampon-electrique-de-bureau-tdy-300c\/","og_site_name":"ALF PACK","article_modified_time":"2025-01-13T13:09:58+00:00","og_image":[{"width":800,"height":800,"url":"https:\/\/alfequipment.com\/wp-content\/uploads\/2025\/01\/TDY-300C-Desktop-Electric-Pad-Printer-coding.jpg","type":"image\/webp"}],"twitter_card":"summary_large_image","twitter_misc":{"Dur\u00e9e de lecture estim\u00e9e":"1 minute"},"schema":{"@context":"https:\/\/schema.org","@graph":[{"@type":"WebPage","@id":"https:\/\/alfequipment.com\/product\/tdy-300c-desktop-electric-pad-printer-coding-machine\/","url":"https:\/\/alfequipment.com\/product\/tdy-300c-desktop-electric-pad-printer-coding-machine\/","name":"TDY-300C Machine \u00e0 coder \u00e0 tampon \u00e9lectrique de bureau - ALF PACK","isPartOf":{"@id":"https:\/\/alfequipment.com\/#website"},"primaryImageOfPage":{"@id":"https:\/\/alfequipment.com\/product\/tdy-300c-desktop-electric-pad-printer-coding-machine\/#primaryimage"},"image":{"@id":"https:\/\/alfequipment.com\/product\/tdy-300c-desktop-electric-pad-printer-coding-machine\/#primaryimage"},"thumbnailUrl":"https:\/\/alfequipment.com\/wp-content\/uploads\/2025\/01\/TDY-300C-Desktop-Electric-Pad-Printer-coding.jpg","datePublished":"2024-12-12T07:25:35+00:00","dateModified":"2025-01-13T13:09:58+00:00","breadcrumb":{"@id":"https:\/\/alfequipment.com\/product\/tdy-300c-desktop-electric-pad-printer-coding-machine\/#breadcrumb"},"inLanguage":"fr-FR","potentialAction":[{"@type":"ReadAction","target":["https:\/\/alfequipment.com\/product\/tdy-300c-desktop-electric-pad-printer-coding-machine\/"]}]},{"@type":"ImageObject","inLanguage":"fr-FR","@id":"https:\/\/alfequipment.com\/product\/tdy-300c-desktop-electric-pad-printer-coding-machine\/#primaryimage","url":"https:\/\/alfequipment.com\/wp-content\/uploads\/2025\/01\/TDY-300C-Desktop-Electric-Pad-Printer-coding.jpg","contentUrl":"https:\/\/alfequipment.com\/wp-content\/uploads\/2025\/01\/TDY-300C-Desktop-Electric-Pad-Printer-coding.jpg","width":800,"height":800},{"@type":"BreadcrumbList","@id":"https:\/\/alfequipment.com\/product\/tdy-300c-desktop-electric-pad-printer-coding-machine\/#breadcrumb","itemListElement":[{"@type":"ListItem","position":1,"name":"Home","item":"https:\/\/alfequipment.com\/"},{"@type":"ListItem","position":2,"name":"Shop","item":"https:\/\/alfequipment.com\/shop\/"},{"@type":"ListItem","position":3,"name":"TDY-300C Desktop Electric Pad Printer coding machine"}]},{"@type":"WebSite","@id":"https:\/\/alfequipment.com\/#website","url":"https:\/\/alfequipment.com\/","name":"PACK ALF","description":"","publisher":{"@id":"https:\/\/alfequipment.com\/#organization"},"potentialAction":[{"@type":"SearchAction","target":{"@type":"EntryPoint","urlTemplate":"https:\/\/alfequipment.com\/?s={search_term_string}"},"query-input":{"@type":"PropertyValueSpecification","valueRequired":true,"valueName":"search_term_string"}}],"inLanguage":"fr-FR"},{"@type":"Organization","@id":"https:\/\/alfequipment.com\/#organization","name":"PACK ALF","url":"https:\/\/alfequipment.com\/","logo":{"@type":"ImageObject","inLanguage":"fr-FR","@id":"https:\/\/alfequipment.com\/#\/schema\/logo\/image\/","url":"https:\/\/alfequipment.com\/wp-content\/uploads\/2024\/11\/ALFlogo-2.webp","contentUrl":"https:\/\/alfequipment.com\/wp-content\/uploads\/2024\/11\/ALFlogo-2.webp","width":758,"height":750,"caption":"ALF PACK"},"image":{"@id":"https:\/\/alfequipment.com\/#\/schema\/logo\/image\/"}}]}},"_links":{"self":[{"href":"https:\/\/alfequipment.com\/fr\/wp-json\/wp\/v2\/product\/3022","targetHints":{"allow":["GET"]}}],"collection":[{"href":"https:\/\/alfequipment.com\/fr\/wp-json\/wp\/v2\/product"}],"about":[{"href":"https:\/\/alfequipment.com\/fr\/wp-json\/wp\/v2\/types\/product"}],"replies":[{"embeddable":true,"href":"https:\/\/alfequipment.com\/fr\/wp-json\/wp\/v2\/comments?post=3022"}],"version-history":[{"count":0,"href":"https:\/\/alfequipment.com\/fr\/wp-json\/wp\/v2\/product\/3022\/revisions"}],"wp:featuredmedia":[{"embeddable":true,"href":"https:\/\/alfequipment.com\/fr\/wp-json\/wp\/v2\/media\/2878"}],"wp:attachment":[{"href":"https:\/\/alfequipment.com\/fr\/wp-json\/wp\/v2\/media?parent=3022"}],"wp:term":[{"taxonomy":"product_brand","embeddable":true,"href":"https:\/\/alfequipment.com\/fr\/wp-json\/wp\/v2\/product_brand?post=3022"},{"taxonomy":"product_cat","embeddable":true,"href":"https:\/\/alfequipment.com\/fr\/wp-json\/wp\/v2\/product_cat?post=3022"},{"taxonomy":"product_tag","embeddable":true,"href":"https:\/\/alfequipment.com\/fr\/wp-json\/wp\/v2\/product_tag?post=3022"}],"curies":[{"name":"wp","href":"https:\/\/api.w.org\/{rel}","templated":true}]}}